{"id":409,"date":"2025-07-15T12:40:11","date_gmt":"2025-07-15T12:40:11","guid":{"rendered":"https:\/\/pgvape.com\/?post_type=product&#038;p=409"},"modified":"2026-02-02T08:42:55","modified_gmt":"2026-02-02T08:42:55","slug":"bang-30000-pro-30k-puffar-dubbla-smaker-engangs-vape-lcd-display-fabriksgrossist","status":"publish","type":"product","link":"https:\/\/pgvape.com\/sv\/produkt\/bang-30000-pro-30k-puffar-dubbla-smaker-engangs-vape-lcd-display-fabriksgrossist\/","title":{"rendered":"Bang 30000 PRO | 30K Puffs Dual Flavor Disponibel Vape | LCD-sk\u00e4rm | Fabriksgrossist"},"content":{"rendered":"<div style=\"width: 1020px;\" class=\"wp-video\"><video class=\"wp-video-shortcode\" id=\"video-409-1\" width=\"1020\" height=\"574\" preload=\"auto\" controls=\"controls\"><source type=\"video\/mp4\" src=\"https:\/\/pgvape.com\/wp-content\/uploads\/2025\/07\/Bang-30000-PRO-30K-Puffs-Dual-Flavor-Disposable-Vape-LCD-Display-Factory-Wholesale.mp4?_=1\" \/><a href=\"https:\/\/pgvape.com\/wp-content\/uploads\/2025\/07\/Bang-30000-PRO-30K-Puffs-Dual-Flavor-Disposable-Vape-LCD-Display-Factory-Wholesale.mp4\">https:\/\/pgvape.com\/wp-content\/uploads\/2025\/07\/Bang-30000-PRO-30K-Puffs-Dual-Flavor-Disposable-Vape-LCD-Display-Factory-Wholesale.mp4<\/a><\/video><\/div>\n<p><strong><br \/>\nBang 30k Puffs PRO Dual Flavor Disponibel Vape<\/strong> Pennan \u00e4r designad f\u00f6r vapers som s\u00f6ker exceptionell prestanda och smakvariation. <strong>30 000 bloss<\/strong> och en stor <strong>36ml e-v\u00e4tska<\/strong> kapacitet, det s\u00e4kerst\u00e4ller l\u00e5ngvarig tillfredsst\u00e4llelse.<strong>0%, 2%, 3%, 5%<\/strong>) f\u00f6r att passa dina \u00f6nskem\u00e5l.<\/p>\n<p>&nbsp;<\/p>\n<h2><span style=\"font-size: 90%;\">Bang 30000 PRO | 30K Puffs Dual Flavor Disponibel Vape-produktspecifikationer:<br \/>\n<\/span><\/h2>\n<p><strong>L\u00e5ngvarig prestanda:<\/strong>\u00a0Njut av upp till 30 000 bloss, vilket minskar behovet av frekventa byten.<\/p>\n<p><strong>Stor E-v\u00e4tskekapacitet:<\/strong>\u00a0Med en 36 ml tank f\u00f6r oavbruten vaping njutning.<\/p>\n<p><strong>Nikotinalternativ:<\/strong>\u00a0V\u00e4lj mellan olika styrkor (0%, 2%, 3%, 5%) f\u00f6r att matcha din \u00f6nskade upplevelse.<\/p>\n<p><strong>550mAh batteri:<\/strong>\u00a0Driv din enhet under hela dagen f\u00f6r oavbruten anv\u00e4ndning.<\/p>\n<p><strong>Dubbla smaksystem:<\/strong>\u00a0V\u00e4xla s\u00f6ml\u00f6st mellan tv\u00e5 smaker f\u00f6r en dynamisk och personlig vapingresa.<\/p>\n<p>&nbsp;<\/p>\n<h3><span style=\"font-size: 90%;\">Bang 30000 PRO | 30K Puffs Dual Flavor Disponibel Vape-flavor Lista:<\/span><\/h3>\n<p><span style=\"font-size: 90%;\">1.Vattenmelon&amp;Bl\u00e5b\u00e4rsmynta<\/span><\/p>\n<p><span style=\"font-size: 90%;\">2.Sur \u00c4ppel&amp;Bl\u00e5b\u00e4r Hallon<\/span><\/p>\n<p><span style=\"font-size: 90%;\">3.Red Bull&amp;Strawberry Mango<\/span><\/p>\n<p><span style=\"font-size: 90%;\">4. Grape Ice &amp; Cheery Cola<\/span><\/p>\n<p><span style=\"font-size: 90%;\">5.Peach Ice&amp;Strawberry Watermelon<\/span><\/p>\n<p><span style=\"font-size: 90%;\">6.Love 66&amp;Strawberry Kiwi<\/span><\/p>\n<p><span style=\"font-size: 90%;\">7. Sakura Grape&amp;Strawberry Lychee<\/span><\/p>\n<p><span style=\"font-size: 90%;\">8. Blandad frukt&amp;bl\u00e5b\u00e4ris<\/span><\/p>\n<p><span style=\"font-size: 90%;\">9.Black Dragon&amp;Strawberry Banana<\/span><\/p>\n<p><span style=\"font-size: 90%;\">10.Mango Peach&amp;Banana Ice<\/span><\/p>\n<p><span style=\"font-size: 90%;\">11. Dubbel \u00c4ppel &amp; Kiwi Passionsfrukt Granat\u00e4pple<\/span><\/p>\n<p><span style=\"font-size: 90%;\">12. Peppar Mint Ice&amp;Trible Berry<\/span><\/p>\n<p><span style=\"font-size: 90%;\">13.Bl\u00e5b\u00e4rsk\u00f6rsb\u00e4r Tranb\u00e4r&amp;Vattenmelonb\u00e4rbom<\/span><\/p>\n<p><span style=\"font-size: 90%;\">14.Ananas Ice&amp;Blue Fusion<\/span><\/p>\n<p><span style=\"font-size: 90%;\">15.Purple Rain&amp;Strawberry Raspberry Cherry Ice<\/span><\/p>\n<p><span style=\"font-size: 90%;\">16.Black Dargon Ice&amp;Mango Pineapple Peach<\/span><\/p>\n<p>&nbsp;<\/p>\n<h2><span style=\"font-size: 90%;\">Vanliga fr\u00e5gor om Bang 30000 PRO | 30K Puffs Dual Flavor Disposable Vape<\/span><\/h2>\n<p dir=\"auto\"><strong>F1: Hur m\u00e5nga bloss erbjuder Bang 30k PRO?<\/strong><br \/>\nS1: Den erbjuder upp till 30 000 bloss per enhet.<\/p>\n<p dir=\"auto\"><strong>F2: Vilka smaker kan jag v\u00e4lja mellan?<\/strong><br \/>\nS2: Bang 30k PRO har 16 dubbla smakkombinationer, vilket ger en m\u00e4ngd olika smaker att utforska.<\/p>\n<p dir=\"auto\"><strong>F3: Kan jag v\u00e4xla mellan tv\u00e5 smaker p\u00e5 samma enhet?<\/strong><br \/>\nS3: Ja, enheten har ett dubbelt smaksystem som g\u00f6r att du enkelt kan v\u00e4xla mellan tv\u00e5 inbyggda smaker.<\/p>\n<p dir=\"auto\"><strong>F4: Vilka nikotinstyrkor finns tillg\u00e4ngliga?<\/strong><br \/>\nS4: Enheten finns i nikotinalternativen 0%, 2%, 3% och 5%.<\/p>\n<p dir=\"auto\"><strong>F5: Hur l\u00e4nge h\u00e5ller batteriet?<\/strong><br \/>\nA5: Enheten har ett 550mAh batteri, vilket s\u00e4kerst\u00e4ller l\u00e5ngvarig prestanda under hela dagen.<\/p>\n<p dir=\"auto\"><strong>F6: Hur stor \u00e4r kapaciteten f\u00f6r e-v\u00e4tska?<\/strong><br \/>\nS6: Bang 30k PRO har en stor 36 ml e-v\u00e4tsketank f\u00f6r l\u00e4ngre vapingsessioner.<\/p>\n<p dir=\"auto\"><strong>F7: \u00c4r vapingupplevelsen anpassningsbar?<\/strong><br \/>\nS7: Ja, enheten erbjuder anpassningsbara nikotinniv\u00e5er och en dubbel smakfunktion f\u00f6r en personlig vapingupplevelse.<\/p>\n<p>&nbsp;<\/p>\n<h3 id=\"brxe-najhln\" class=\"brxe-heading\">Vanliga fr\u00e5gor (FAQ)<\/h3>\n<div id=\"brxe-rajiac\" class=\"brxe-text\">\n<p><strong>F: Vilka betalningsmetoder accepterar du?<\/strong><br \/>\nS: Vi accepterar PayPal, Stripe, bank\u00f6verf\u00f6ringar (st\u00f6ds med SEPA), vanliga kreditkort (Visa, MasterCard, American Express) och betalningar i kryptovaluta.<\/p>\n<p><strong>F: Hur l\u00e5ng tid tar best\u00e4llningsberedningen?<\/strong><br \/>\nS: Best\u00e4llningsf\u00f6rberedelse tar 1-3 arbetsdagar.<\/p>\n<p><strong>F: Vad \u00e4r leveranstiden?<\/strong><br \/>\nS: Leveranstiden \u00e4r 7-14 arbetsdagar, beroende p\u00e5 var du befinner dig.<\/p>\n<p><strong>F: Hur kan jag sp\u00e5ra min best\u00e4llning?<\/strong><br \/>\nS: Efter leverans kommer du att f\u00e5 ett bekr\u00e4ftelsemail med ett sp\u00e5rningsnummer f\u00f6r sp\u00e5rning i realtid.<\/p>\n<p><strong>F: Vilken \u00e4r din returpolicy?<\/strong><br \/>\nS: Vi erbjuder en 30-dagars returpolicy f\u00f6r \u00e5terbetalningar eller byten. .<\/p>\n<p><strong>F: Kommer det att finnas n\u00e5gra tullproblem?<br \/>\n<\/strong>Vi hanterar alla tullf\u00f6rfaranden f\u00f6r att s\u00e4kerst\u00e4lla en problemfri upplevelse f\u00f6r dig. .<\/p>\n<p><strong>F: Vilka frakts\u00e4tt anv\u00e4nds?<\/strong><br \/>\nVi samarbetar med UPS\/DHL\/FEDEX\/DPD, etc. Vi kommer att v\u00e4lja l\u00e4mpligt fraktalternativ beroende p\u00e5 leveransland f\u00f6r att s\u00e4kerst\u00e4lla att du f\u00e5r dina produkter s\u00e5 snabbt som m\u00f6jligt.<\/p>\n<p><a href=\"https:\/\/pgvape.com\/sv\/vanliga-fragor\/\"><span style=\"font-size: 100%;\">Klicka h\u00e4r f\u00f6r mer FAQ<\/span><\/a><\/p>\n<p>K\u00e4ra kunder, Om du har n\u00e5gra fr\u00e5gor om din best\u00e4llning eller ankomsten av varor, v\u00e4nligen kontakta v\u00e5r kundtj\u00e4nst. Tack!<\/p>\n<h3 data-sourcepos=\"73:1-73:21\"><span style=\"font-size: 90%;\"><strong data-sourcepos=\"73:7-73:21\">Kontakta oss<\/strong><\/span><\/h3>\n<div id=\"text-2419739398\" class=\"text\">\n<p><strong data-sourcepos=\"75:3-75:12\">E-post<\/strong>:\u00a0<a href=\"mailto:support@pgvape.com\"><strong>support@pgvape.com<\/strong><\/a><\/p>\n<p><strong data-sourcepos=\"76:3-76:15\">WhatsApp<\/strong>: <a href=\"https:\/\/wa.me\/+8618128481258\"><strong>+86 18128481258<\/strong><\/a><br \/>\n<strong>(Svara inom 24 timmar p\u00e5 arbetsdagar)<\/strong><\/p>\n<\/div>\n<h3><strong><span style=\"font-size: 80%;\">Tack f\u00f6r att du valde pgvape.com! .<\/span><\/strong><\/h3>\n<\/div>","protected":false},"excerpt":{"rendered":"<p><strong>Bang 30k PRO Dual Flavor Disponibel Vape<\/strong> Pen levererar upp till <strong>30 000 bloss<\/strong> med en <strong>36ml e-v\u00e4tska<\/strong> kapacitet. <strong>dubbel smak<\/strong> alternativ och justerbara nikotinstyrkor, det \u00e4r det ultimata valet f\u00f6r en anpassningsbar och l\u00e5ngvarig vapingupplevelse.<\/p>","protected":false},"featured_media":430,"comment_status":"open","ping_status":"closed","template":"","meta":{"_seopress_robots_primary_cat":"none","_seopress_titles_title":"","_seopress_titles_desc":"","_seopress_robots_index":""},"product_brand":[36,516],"product_cat":[35,25,515],"product_tag":[38,37,39],"class_list":{"0":"post-409","1":"product","2":"type-product","3":"status-publish","4":"has-post-thumbnail","6":"product_brand-bang-vape","7":"product_brand-disposable-vape","8":"product_cat-30k-puffs-vape","9":"product_cat-bang-vape","10":"product_cat-disposable-vape","11":"product_tag-30k-puffs","12":"product_tag-bang-30000-pro","13":"product_tag-dual-flavor","15":"first","16":"instock","17":"sale","18":"shipping-taxable","19":"purchasable","20":"product-type-variable"},"_links":{"self":[{"href":"https:\/\/pgvape.com\/sv\/wp-json\/wp\/v2\/product\/409","targetHints":{"allow":["GET"]}}],"collection":[{"href":"https:\/\/pgvape.com\/sv\/wp-json\/wp\/v2\/product"}],"about":[{"href":"https:\/\/pgvape.com\/sv\/wp-json\/wp\/v2\/types\/product"}],"replies":[{"embeddable":true,"href":"https:\/\/pgvape.com\/sv\/wp-json\/wp\/v2\/comments?post=409"}],"wp:featuredmedia":[{"embeddable":true,"href":"https:\/\/pgvape.com\/sv\/wp-json\/wp\/v2\/media\/430"}],"wp:attachment":[{"href":"https:\/\/pgvape.com\/sv\/wp-json\/wp\/v2\/media?parent=409"}],"wp:term":[{"taxonomy":"product_brand","embeddable":true,"href":"https:\/\/pgvape.com\/sv\/wp-json\/wp\/v2\/product_brand?post=409"},{"taxonomy":"product_cat","embeddable":true,"href":"https:\/\/pgvape.com\/sv\/wp-json\/wp\/v2\/product_cat?post=409"},{"taxonomy":"product_tag","embeddable":true,"href":"https:\/\/pgvape.com\/sv\/wp-json\/wp\/v2\/product_tag?post=409"}],"curies":[{"name":"wp","href":"https:\/\/api.w.org\/{rel}","templated":true}]}}