{"id":3889,"date":"2025-10-21T07:44:06","date_gmt":"2025-10-21T07:44:06","guid":{"rendered":"https:\/\/pgvape.com\/?post_type=product&#038;p=3889"},"modified":"2026-01-27T11:54:38","modified_gmt":"2026-01-27T11:54:38","slug":"bang-king-twins-50000-50k-puffar-dubbla-smaker-disponibel-vape-2-3-5-nikotin-12-smaker-med-dubbelnat-vape-factory-direct","status":"publish","type":"product","link":"https:\/\/pgvape.com\/sv\/produkt\/bang-king-twins-50000-50k-puffar-dubbla-smaker-disponibel-vape-2-3-5-nikotin-12-smaker-med-dubbelnat-vape-factory-direct\/","title":{"rendered":"Bang King Twins 50000 | 50K Puffs Dual Flavors Disponibel Vape | 2% 3% 5% Nikotin | 12Smaker | Med Dual Mesh12__ Vape Factory"},"content":{"rendered":"<p><strong data-sourcepos=\"4:5-4:34\">Bang King Twins 50K puffar<\/strong> \u00e4r en premium <strong data-sourcepos=\"4:48-4:86\">Vape-enhet med dubbla smaker<\/strong> Designad f\u00f6r l\u00e5ngvarig anv\u00e4ndning. <strong data-sourcepos=\"4:138-4:164\">Skjutbrytarmekanism<\/strong>, Det till\u00e5ter omedelbar v\u00e4xling mellan tv\u00e5 distinkta smaker. <strong data-sourcepos=\"4:242-4:258\">50 000 puffar<\/strong> Kapacitet och <strong data-sourcepos=\"4:272-4:297\">56 ml E-v\u00e4tskef\u00f6rvaring<\/strong>, Drivs av <strong data-sourcepos=\"4:310-4:334\">Dubbla 1,0\u03a9 Mesh Coils<\/strong>, Den levererar konsekvent, smakrik \u00e5ngproduktion. <strong data-sourcepos=\"4:392-4:423\">650mAh uppladdningsbart batteri<\/strong> Med <strong data-sourcepos=\"4:429-4:453\">Typ-C snabbladdning<\/strong> Och <strong data-sourcepos=\"4:458-4:483\">Smart digital display<\/strong> S\u00e4kerst\u00e4ller bekv\u00e4m, l\u00e5ngvarig prestanda<\/p>\n<p>&nbsp;<\/p>\n<h2><span style=\"font-size: 90%;\">Bang King Twins 50000 | 50K Puffs Dual Flavors Disponibel Vape <strong data-sourcepos=\"6:5-6:31\">Produktspecifikationer<\/strong><\/span><\/h2>\n<p><strong data-sourcepos=\"7:3-7:18\">Enhetstyp<\/strong>:\u00a0<strong data-sourcepos=\"7:20-7:51\">Eng\u00e5ngsvape med dubbla smaker<\/strong><\/p>\n<p><strong data-sourcepos=\"8:3-8:17\">Puff Count<\/strong>:\u00a0<strong data-sourcepos=\"8:19-8:36\">\u224850 000 puffar<\/strong><\/p>\n<p><strong data-sourcepos=\"9:3-9:24\">E-v\u00e4tskekapacitet<\/strong>:\u00a0<strong data-sourcepos=\"9:26-9:49\">2\u00d728mL (56mL totalt)<\/strong><\/p>\n<p><strong data-sourcepos=\"10:3-10:23\">Nikotinalternativ<\/strong>:\u00a0<strong data-sourcepos=\"10:25-10:51\">2%\/3%\/5% Nikotinsalt<\/strong><\/p>\n<p><strong data-sourcepos=\"11:3-11:18\">Spolesystem<\/strong>:\u00a0<strong data-sourcepos=\"11:20-11:44\">Dubbla 1,0\u03a9 Mesh Coils<\/strong><\/p>\n<p><strong data-sourcepos=\"12:3-12:14\">Batteri<\/strong>:\u00a0<strong data-sourcepos=\"12:16-12:39\">650mAh uppladdningsbar<\/strong><\/p>\n<p><strong data-sourcepos=\"13:3-13:15\">Laddar<\/strong>:\u00a0<strong data-sourcepos=\"13:17-13:45\">USB Type-C snabbladdning<\/strong><\/p>\n<p><strong data-sourcepos=\"14:3-14:14\">Visa<\/strong>:\u00a0<strong data-sourcepos=\"14:16-14:40\">Smart digital sk\u00e4rm<\/strong><\/p>\n<p><strong data-sourcepos=\"15:3-15:14\">Paket<\/strong>:\u00a0<strong data-sourcepos=\"15:16-15:34\">10 enheter\/l\u00e5da<\/strong><\/p>\n<p>&nbsp;<\/p>\n<h3><span style=\"font-size: 90%;\">Bang King Twins 50000 | 50K Puffs Dual Flavors Disponibel Vape <strong data-sourcepos=\"17:5-17:20\">Smaklista<\/strong><\/span><\/h3>\n<p><strong data-sourcepos=\"18:4-18:37\">1.Love 66 &amp; Lemon Passion Fruit<\/strong><\/p>\n<p><strong data-sourcepos=\"19:4-19:45\">2.Peach Guava Strawberry &amp; Sakura Grape<\/strong><\/p>\n<p><strong data-sourcepos=\"20:4-20:38\">3.Jordgubbsbanan &amp; Heisenberg<\/strong><\/p>\n<p><strong data-sourcepos=\"21:4-21:40\">4.Blue Razz Ice &amp; Blue Razz Cherry<\/strong><\/p>\n<p><strong data-sourcepos=\"22:4-22:52\">5. Jordgubbsvattenmelon &amp; jordgubbsglass<\/strong><\/p>\n<p><strong data-sourcepos=\"23:4-23:47\">6. Watermelon Ice &amp; Watermelon Hubba Bubba<\/strong><\/p>\n<p><strong data-sourcepos=\"24:4-24:35\">7.Double Lime &amp; Ice Aloe Vera<\/strong><\/p>\n<p><strong data-sourcepos=\"25:4-25:35\">8.Blanda Berry &amp; Strawberry Kiwi<\/strong><\/p>\n<p><strong data-sourcepos=\"26:4-26:36\">9. Super Cool Lychee &amp; Pink Man<\/strong><\/p>\n<p><strong data-sourcepos=\"27:5-27:43\">10. Juice Peach Ice &amp; Strawberry Mango<\/strong><\/p>\n<p><strong data-sourcepos=\"28:5-28:41\">11. Cola Lemon &amp; Strawberry Skittles<\/strong><\/p>\n<p><strong data-sourcepos=\"29:5-29:50\">12.Peach Mango Watermelon &amp; Blue Razz<img loading=\"lazy\" decoding=\"async\" class=\"alignnone wp-image-3893 size-full\" src=\"https:\/\/pgvape.com\/wp-content\/uploads\/2025\/10\/Bang-King-Twins-50000-Puffs-Flavors_\u526f\u672c.png\" alt=\"Tolv svarta vapeapparater f\u00f6r eng\u00e5ngsbruk arrangerade i tv\u00e5 rader mot en bl\u00e5 gradientbakgrund, var och en med en f\u00e4rgglad skalleillustration, &#039;BANGKING TWINS&#039;-m\u00e4rke, en framtr\u00e4dande &#039;5000&#039; puffetikett och sm\u00e5 smaknamn tryckta under.\" width=\"1920\" height=\"1201\" srcset=\"https:\/\/pgvape.com\/wp-content\/uploads\/2025\/10\/Bang-King-Twins-50000-Puffs-Flavors_\u526f\u672c.png 1920w, https:\/\/pgvape.com\/wp-content\/uploads\/2025\/10\/Bang-King-Twins-50000-Puffs-Flavors_\u526f\u672c-555x347.png 555w, https:\/\/pgvape.com\/wp-content\/uploads\/2025\/10\/Bang-King-Twins-50000-Puffs-Flavors_\u526f\u672c-595x372.png 595w, https:\/\/pgvape.com\/wp-content\/uploads\/2025\/10\/Bang-King-Twins-50000-Puffs-Flavors_\u526f\u672c-400x250.png 400w, https:\/\/pgvape.com\/wp-content\/uploads\/2025\/10\/Bang-King-Twins-50000-Puffs-Flavors_\u526f\u672c-768x480.png 768w, https:\/\/pgvape.com\/wp-content\/uploads\/2025\/10\/Bang-King-Twins-50000-Puffs-Flavors_\u526f\u672c-1536x961.png 1536w, https:\/\/pgvape.com\/wp-content\/uploads\/2025\/10\/Bang-King-Twins-50000-Puffs-Flavors_\u526f\u672c-18x12.png 18w, https:\/\/pgvape.com\/wp-content\/uploads\/2025\/10\/Bang-King-Twins-50000-Puffs-Flavors_\u526f\u672c-600x375.png 600w, https:\/\/pgvape.com\/wp-content\/uploads\/2025\/10\/Bang-King-Twins-50000-Puffs-Flavors_\u526f\u672c-60x38.png 60w\" sizes=\"auto, (max-width: 1920px) 100vw, 1920px\" \/><br \/>\n<\/strong><\/p>\n<p>&nbsp;<\/p>\n<h2>Vanliga fr\u00e5gor om Bang King Twins 50000 | 50K Puffs Dual Flavors Disponibel Vape<\/h2>\n<p data-sourcepos=\"32:1-33:96\">\u2753 <strong data-sourcepos=\"32:3-32:44\">\u201cHur fungerar smakbytet?\u201d<\/strong><br \/>\n\u2705 <strong data-sourcepos=\"33:3-33:96\">\u201cDen patenterade skjutreglaget till\u00e5ter omedelbar v\u00e4xling mellan tv\u00e5 separata smakkammare.\u201d<\/strong><\/p>\n<p data-sourcepos=\"35:1-36:108\">\u2753 <strong data-sourcepos=\"35:3-35:44\">\u201cVad f\u00e5r den h\u00e4r enheten att h\u00e5lla l\u00e4ngre?\u201d<\/strong><br \/>\n\u2705 <strong data-sourcepos=\"36:3-36:108\">\u201cDen massiva 56 ml e-v\u00e4tskekapaciteten i kombination med effektiva dubbla mesh-spolar ger ut\u00f6kad anv\u00e4ndning.\u201d<\/strong><\/p>\n<p data-sourcepos=\"38:1-39:85\">\u2753 <strong data-sourcepos=\"38:3-38:41\">\u201cG\u00e5r batteriet utbytbart av anv\u00e4ndaren?\u201d<\/strong><br \/>\n\u2705 <strong data-sourcepos=\"39:3-39:85\">\u201cNej, det inbyggda 650mAh-batteriet \u00e4r uppladdningsbart via den medf\u00f6ljande Type-C-kabeln.\u201d<\/strong><\/p>\n<p data-sourcepos=\"41:1-42:97\">\u2753 <strong data-sourcepos=\"41:3-41:42\">\u201cHur exakt \u00e4r puffr\u00e4knaren?\u201d<br \/>\n<\/strong> \u2705 <strong data-sourcepos=\"42:3-42:97\">\u201cDet smarta chippet ger realtids\u00f6vervakning av \u00e5terst\u00e5ende puffar baserat p\u00e5 anv\u00e4ndningsm\u00f6nster.\u201d<\/strong><\/p>\n<p>&nbsp;<\/p>\n<h3 id=\"brxe-najhln\" class=\"brxe-heading\">Vanliga fr\u00e5gor (FAQ)<\/h3>\n<div id=\"brxe-rajiac\" class=\"brxe-text\">\n<p><strong>F: Vilka betalningsmetoder accepterar du?<\/strong><br \/>\nS: Vi accepterar PayPal, Stripe, bank\u00f6verf\u00f6ringar (st\u00f6ds med SEPA), vanliga kreditkort (Visa, MasterCard, American Express) och betalningar i kryptovaluta.<\/p>\n<p><strong>F: Hur l\u00e5ng tid tar best\u00e4llningsberedningen?<\/strong><br \/>\nS: Best\u00e4llningsf\u00f6rberedelse tar 1-3 arbetsdagar.<\/p>\n<p><strong>F: Vad \u00e4r leveranstiden?<\/strong><br \/>\nS: Leveranstiden \u00e4r 7-14 arbetsdagar, beroende p\u00e5 var du befinner dig.<\/p>\n<p><strong>F: Hur kan jag sp\u00e5ra min best\u00e4llning?<\/strong><br \/>\nS: Efter leverans kommer du att f\u00e5 ett bekr\u00e4ftelsemail med ett sp\u00e5rningsnummer f\u00f6r sp\u00e5rning i realtid.<\/p>\n<p><strong>F: Vilken \u00e4r din returpolicy?<\/strong><br \/>\nS: Vi erbjuder en 30-dagars returpolicy f\u00f6r \u00e5terbetalningar eller byten. .<\/p>\n<p><strong>F: Kommer det att finnas n\u00e5gra tullproblem?<br \/>\n<\/strong>Vi hanterar alla tullf\u00f6rfaranden f\u00f6r att s\u00e4kerst\u00e4lla en problemfri upplevelse f\u00f6r dig. .<\/p>\n<p><strong>F: Vilka frakts\u00e4tt anv\u00e4nds?<\/strong><br \/>\nVi samarbetar med UPS\/DHL\/FEDEX\/DPD, etc. Vi kommer att v\u00e4lja l\u00e4mpligt fraktalternativ beroende p\u00e5 leveransland f\u00f6r att s\u00e4kerst\u00e4lla att du f\u00e5r dina produkter s\u00e5 snabbt som m\u00f6jligt.<\/p>\n<p><a href=\"https:\/\/pgvape.com\/sv\/vanliga-fragor\/\">Klicka h\u00e4r f\u00f6r mer FAQ<\/a><\/p>\n<p>K\u00e4ra kunder, Om du har n\u00e5gra fr\u00e5gor om din best\u00e4llning eller ankomsten av varor, v\u00e4nligen kontakta v\u00e5r kundtj\u00e4nst. Tack!<\/p>\n<h3 data-sourcepos=\"73:1-73:21\"><strong data-sourcepos=\"73:7-73:21\">Kontakta oss<\/strong><\/h3>\n<div id=\"text-2419739398\" class=\"text\">\n<p><strong data-sourcepos=\"75:3-75:12\">E-post<\/strong>:\u00a0<a href=\"mailto:support@pgvape.com\"><strong>support@pgvape.com<\/strong><\/a><\/p>\n<p><strong data-sourcepos=\"76:3-76:15\">WhatsApp<\/strong>: <a href=\"https:\/\/wa.me\/+8618128481258\"><strong>+86 18128481258<\/strong><\/a><br \/>\n<strong>(Svara inom 24 timmar p\u00e5 arbetsdagar)<\/strong><\/p>\n<\/div>\n<h3><strong>Tack f\u00f6r att du valde pgvape.com! .<br \/>\n<\/strong><\/h3>\n<\/div>","protected":false},"excerpt":{"rendered":"<p><strong data-sourcepos=\"45:1-45:194\">\u201cBang King Twins 50K \u2013 Den ultimata eng\u00e5ngsvapen med dubbla smaker med 50 000 puffar, 56 ml kapacitet, smart display och f\u00f6rstklassig Mesh Coil-teknik f\u00f6r o\u00f6vertr\u00e4ffad smak och prestanda.\u201d<\/strong><\/p>","protected":false},"featured_media":3910,"comment_status":"open","ping_status":"closed","template":"","meta":{"_seopress_robots_primary_cat":"none","_seopress_titles_title":"%%post_title%% %%sep%% %%sitetitle%%","_seopress_titles_desc":"","_seopress_robots_index":""},"product_brand":[19,516],"product_cat":[61,18,515],"product_tag":[64,65,332,90,66,204,333],"class_list":{"0":"post-3889","1":"product","2":"type-product","3":"status-publish","4":"has-post-thumbnail","6":"product_brand-bang-king-vape","7":"product_brand-disposable-vape","8":"product_cat-50k-puffs-vape","9":"product_cat-bang-king-vape","10":"product_cat-disposable-vape","11":"product_tag-50k-puffs","12":"product_tag-50k-vape","13":"product_tag-bang-king-twins-50000","14":"product_tag-disposable-vape","15":"product_tag-dual-flavors","16":"product_tag-vape-factory-direct","17":"product_tag-with-dual-mesh","19":"first","20":"instock","21":"sale","22":"shipping-taxable","23":"purchasable","24":"product-type-variable"},"_links":{"self":[{"href":"https:\/\/pgvape.com\/sv\/wp-json\/wp\/v2\/product\/3889","targetHints":{"allow":["GET"]}}],"collection":[{"href":"https:\/\/pgvape.com\/sv\/wp-json\/wp\/v2\/product"}],"about":[{"href":"https:\/\/pgvape.com\/sv\/wp-json\/wp\/v2\/types\/product"}],"replies":[{"embeddable":true,"href":"https:\/\/pgvape.com\/sv\/wp-json\/wp\/v2\/comments?post=3889"}],"wp:featuredmedia":[{"embeddable":true,"href":"https:\/\/pgvape.com\/sv\/wp-json\/wp\/v2\/media\/3910"}],"wp:attachment":[{"href":"https:\/\/pgvape.com\/sv\/wp-json\/wp\/v2\/media?parent=3889"}],"wp:term":[{"taxonomy":"product_brand","embeddable":true,"href":"https:\/\/pgvape.com\/sv\/wp-json\/wp\/v2\/product_brand?post=3889"},{"taxonomy":"product_cat","embeddable":true,"href":"https:\/\/pgvape.com\/sv\/wp-json\/wp\/v2\/product_cat?post=3889"},{"taxonomy":"product_tag","embeddable":true,"href":"https:\/\/pgvape.com\/sv\/wp-json\/wp\/v2\/product_tag?post=3889"}],"curies":[{"name":"wp","href":"https:\/\/api.w.org\/{rel}","templated":true}]}}