{"id":3834,"date":"2025-10-21T06:12:55","date_gmt":"2025-10-21T06:12:55","guid":{"rendered":"https:\/\/pgvape.com\/?post_type=product&#038;p=3834"},"modified":"2026-01-27T11:56:04","modified_gmt":"2026-01-27T11:56:04","slug":"bang-king-crystal-30000-30k-puffar-engangs-vape-clean-premium-och-snygg-vape-factory-direct","status":"publish","type":"product","link":"https:\/\/pgvape.com\/sv\/produkt\/bang-king-crystal-30000-30k-puffar-engangs-vape-clean-premium-och-snygg-vape-factory-direct\/","title":{"rendered":"Bang King Crystal 30000 30k Puffs Disponibel Vape Clean Premium och snygg Vape Factory Direct"},"content":{"rendered":"<div class=\"auto-hide-last-sibling-br paragraph-JOTKXA paragraph-element br-paragraph-space\"><strong data-sourcepos=\"4:5-4:54\">Bang King Crystal 30000 Puffs eng\u00e5ngsvape<\/strong> Kombinerar h\u00f6g prestanda med l\u00e5ngvarig njutning. <strong data-sourcepos=\"4:122-4:143\">Premium Mesh Coil<\/strong> F\u00f6r en j\u00e4mn, smakrik \u00e5nga erbjuder denna enhet <strong data-sourcepos=\"4:192-4:214\">Upp till 30 000 bloss<\/strong> Fr\u00e5n dess gener\u00f6sa <strong data-sourcepos=\"4:233-4:254\">E-v\u00e4tskekapacitet<\/strong>. <strong data-sourcepos=\"4:261-4:299\">2%\/3%\/5% Nikotinstyrkealternativ<\/strong> Och A <strong data-sourcepos=\"4:306-4:337\">650mAh uppladdningsbart batteri<\/strong> St\u00f6djande <strong data-sourcepos=\"4:349-4:373\">Typ-C snabbladdning<\/strong>, Den \u00e4r designad f\u00f6r hela dagen <strong data-sourcepos=\"4:401-4:424\">Vaping tillfredsst\u00e4llelse<\/strong>. <strong data-sourcepos=\"4:439-4:461\">12 premiumsmaker<\/strong>, F\u00f6rpackad <strong data-sourcepos=\"4:472-4:486\">10 st\/kartong<\/strong> F\u00f6r detalj- eller grossistbehov.<img loading=\"lazy\" decoding=\"async\" class=\"alignnone wp-image-3859 size-full\" style=\"color: #555555; font-size: 14.4px;\" src=\"https:\/\/pgvape.com\/wp-content\/uploads\/2025\/10\/pgvape-Bang-King-Crystal-30000-30k-Puffs-Disposable-Vape-3.png\" alt=\"Tre Bang King Totem Beast eng\u00e5ngsvape-enheter med f\u00e4rgglada djurillustrationer (uggla, varg, drake) som visas mot en svart-och-guld bakgrund med stor &#039;300 PUFFS&#039;-text och ikoner som indikerar mesh-spole, Type-C-laddning och 650 mAh-kapacitet.\" width=\"1500\" height=\"786\" srcset=\"https:\/\/pgvape.com\/wp-content\/uploads\/2025\/10\/pgvape-Bang-King-Crystal-30000-30k-Puffs-Disposable-Vape-3.png 1500w, https:\/\/pgvape.com\/wp-content\/uploads\/2025\/10\/pgvape-Bang-King-Crystal-30000-30k-Puffs-Disposable-Vape-3-555x291.png 555w, https:\/\/pgvape.com\/wp-content\/uploads\/2025\/10\/pgvape-Bang-King-Crystal-30000-30k-Puffs-Disposable-Vape-3-595x312.png 595w, https:\/\/pgvape.com\/wp-content\/uploads\/2025\/10\/pgvape-Bang-King-Crystal-30000-30k-Puffs-Disposable-Vape-3-400x210.png 400w, https:\/\/pgvape.com\/wp-content\/uploads\/2025\/10\/pgvape-Bang-King-Crystal-30000-30k-Puffs-Disposable-Vape-3-768x402.png 768w, https:\/\/pgvape.com\/wp-content\/uploads\/2025\/10\/pgvape-Bang-King-Crystal-30000-30k-Puffs-Disposable-Vape-3-18x9.png 18w, https:\/\/pgvape.com\/wp-content\/uploads\/2025\/10\/pgvape-Bang-King-Crystal-30000-30k-Puffs-Disposable-Vape-3-600x314.png 600w, https:\/\/pgvape.com\/wp-content\/uploads\/2025\/10\/pgvape-Bang-King-Crystal-30000-30k-Puffs-Disposable-Vape-3-60x31.png 60w\" sizes=\"auto, (max-width: 1500px) 100vw, 1500px\" \/><\/div>\n<div class=\"auto-hide-last-sibling-br paragraph-JOTKXA paragraph-element br-paragraph-space\"><\/div>\n<h2><span style=\"font-size: 90%;\">\u00a0<\/span><\/h2>\n<h3><span style=\"font-size: 90%;\">\u00a0Specifikationer f\u00f6r Bang King Crystal 30000 | 30k Puffs eng\u00e5ngsvape<\/span><\/h3>\n<p><strong>Produktnamn<\/strong>: Bang King Crystal 30000 Puffs Disponibel\u00a0<strong>VAPE<\/strong><\/p>\n<p><strong>PUFF Count<\/strong>: Upp till 30 000\u00a0<strong>PUFFAR<\/strong><\/p>\n<p><strong>Typ av spole<\/strong>:\u00a0<strong>Mesh COIL<\/strong>\u00a0(j\u00e4mn uppv\u00e4rmning, j\u00e4mn \u00e5nga)<\/p>\n<p><strong>BATTERI Kapacitet<\/strong>: 650mAh uppladdningsbar\u00a0<strong>BATTERI<\/strong><\/p>\n<p><strong>Laddningsport<\/strong>:\u00a0<strong>Typ-C snabbladdning<\/strong>\u00a0(universell kompatibilitet)<\/p>\n<p><strong>NIKOTIN Styrkor<\/strong>: 2% \/ 3% \/ 5%<\/p>\n<p><strong>SMAKSalternativ<\/strong>: 12 premie\u00a0<strong>SMAKER<\/strong><\/p>\n<p><strong>F\u00f6rpackning<\/strong>: 10 st \/ kartong<\/p>\n<p><strong>M\u00e5lanv\u00e4ndare<\/strong>: Casual\u00a0<strong>VAPER<\/strong>, erfaren\u00a0<strong>VAPER<\/strong>, \u00e5terf\u00f6rs\u00e4ljare, grossistk\u00f6pare<\/p>\n<h2><span style=\"font-size: 90%;\">\u00a0<\/span><\/h2>\n<h3><span style=\"font-size: 90%;\">Bang King Crystal 30000 | 30k puffar disponibel vape smaklista<\/span><\/h3>\n<p>1. Jordgubbsvattenmelon<\/p>\n<p>2.Blue Razz Ice<\/p>\n<p>3.Triple Berry Ice<\/p>\n<p>4.Peach Ice<\/p>\n<p>5.Peach Mango<\/p>\n<p>6. Dubbel Apple<\/p>\n<p>7. Jordgubbskiwi<\/p>\n<p>8.Aloe druva<\/p>\n<p>9.Tropisk frukt<\/p>\n<p>10. Jordgubbsbanan<\/p>\n<p>11. Kiwi Passionsfrukt Guava<\/p>\n<p>12.Black Dragon Ice<img loading=\"lazy\" decoding=\"async\" class=\"alignnone wp-image-3863 size-full\" src=\"https:\/\/pgvape.com\/wp-content\/uploads\/2025\/10\/pgvape-Bang-King-Crystal-30000-30k-Puffs-Disposable-Vape-7.png\" alt=\"\" width=\"1800\" height=\"1210\" srcset=\"https:\/\/pgvape.com\/wp-content\/uploads\/2025\/10\/pgvape-Bang-King-Crystal-30000-30k-Puffs-Disposable-Vape-7.png 1800w, https:\/\/pgvape.com\/wp-content\/uploads\/2025\/10\/pgvape-Bang-King-Crystal-30000-30k-Puffs-Disposable-Vape-7-536x360.png 536w, https:\/\/pgvape.com\/wp-content\/uploads\/2025\/10\/pgvape-Bang-King-Crystal-30000-30k-Puffs-Disposable-Vape-7-595x400.png 595w, https:\/\/pgvape.com\/wp-content\/uploads\/2025\/10\/pgvape-Bang-King-Crystal-30000-30k-Puffs-Disposable-Vape-7-400x269.png 400w, https:\/\/pgvape.com\/wp-content\/uploads\/2025\/10\/pgvape-Bang-King-Crystal-30000-30k-Puffs-Disposable-Vape-7-768x516.png 768w, https:\/\/pgvape.com\/wp-content\/uploads\/2025\/10\/pgvape-Bang-King-Crystal-30000-30k-Puffs-Disposable-Vape-7-1536x1033.png 1536w, https:\/\/pgvape.com\/wp-content\/uploads\/2025\/10\/pgvape-Bang-King-Crystal-30000-30k-Puffs-Disposable-Vape-7-18x12.png 18w, https:\/\/pgvape.com\/wp-content\/uploads\/2025\/10\/pgvape-Bang-King-Crystal-30000-30k-Puffs-Disposable-Vape-7-600x403.png 600w, https:\/\/pgvape.com\/wp-content\/uploads\/2025\/10\/pgvape-Bang-King-Crystal-30000-30k-Puffs-Disposable-Vape-7-60x40.png 60w\" sizes=\"auto, (max-width: 1800px) 100vw, 1800px\" \/><\/p>\n<h2><span style=\"font-size: 90%;\">\u00a0<\/span><\/h2>\n<h3><span style=\"font-size: 90%;\">Bang King Crystal 30000 | 30k Puffs Disposable Vape Video:<br \/>\n<iframe loading=\"lazy\" title=\"Bang King Crystal 30000 | 30k Puffs Disposable Vape | Vape Factory Direct pgvape\" width=\"1020\" height=\"574\" src=\"https:\/\/www.youtube.com\/embed\/vJrJNuhD_kE?feature=oembed\" frameborder=\"0\" allow=\"accelerometer; autoplay; clipboard-write; encrypted-media; gyroscope; picture-in-picture; web-share\" referrerpolicy=\"strict-origin-when-cross-origin\" allowfullscreen><\/iframe><br \/>\n<\/span><\/h3>\n<p>&nbsp;<\/p>\n<h2 class=\"header-vfC6AV auto-hide-last-sibling-br\">Vanliga fr\u00e5gor om Bang King Crystal 30000 | 30k Puffs Disposable Vape<\/h2>\n<p data-sourcepos=\"30:1-31:99\">\u2753 <strong data-sourcepos=\"30:3-30:42\">\u201cVad g\u00f6r Mesh Coil speciell?<br \/>\n\u201c<\/strong>\u2705 <strong data-sourcepos=\"31:3-31:97\">\u201cDen avancerade mesh-spolen s\u00e4kerst\u00e4ller j\u00e4mn uppv\u00e4rmning, j\u00e4mnare \u00e5nga och rikare smakleverans.\u201d<\/strong><\/p>\n<p data-sourcepos=\"33:1-34:92\">\u2753 <strong data-sourcepos=\"33:3-33:40\">\u201cHur l\u00e4nge r\u00e4cker batteriet?<br \/>\n\u201c<\/strong>\u2705 <strong data-sourcepos=\"34:3-34:90\">\u201c650mAh-batteriet ger kraft hela dagen, uppladdningsbart via snabb typ-C-laddning.\u201d<\/strong><\/p>\n<p data-sourcepos=\"36:1-37:90\">\u2753 <strong data-sourcepos=\"36:3-36:49\">\u201c\u00c4r det h\u00e4r l\u00e4mpligt f\u00f6r grossistk\u00f6p?<br \/>\n\u201c<\/strong> \u2705 <strong data-sourcepos=\"37:3-37:88\">\u201cJa, den praktiska 10-packsl\u00e5dan \u00e4r idealisk f\u00f6r b\u00e5de detaljhandel och bulkdistribution.\u201d<\/strong><\/p>\n<p data-sourcepos=\"39:1-40:88\">\u2753 <strong data-sourcepos=\"39:3-39:44\">\u201cVilka nikotinniv\u00e5er \u00e4r tillg\u00e4ngliga?<br \/>\n\u201c<\/strong> \u2705 <strong data-sourcepos=\"40:3-40:86\">\u201cV\u00e4lj mellan 2% (L\u00e4tt), 3% (Medium), eller 5% (Stark) f\u00f6r att matcha dina \u00f6nskem\u00e5l.\u201d<\/strong><\/p>\n<h2><span style=\"font-size: 90%;\">\u00a0<\/span><\/h2>\n<h3 id=\"brxe-najhln\" class=\"brxe-heading\">Vanliga fr\u00e5gor (FAQ)<\/h3>\n<div id=\"brxe-rajiac\" class=\"brxe-text\">\n<p><strong>F: Vilka betalningsmetoder accepterar du?<\/strong><br \/>\nS: Vi accepterar PayPal, Stripe, bank\u00f6verf\u00f6ringar (st\u00f6ds med SEPA), vanliga kreditkort (Visa, MasterCard, American Express) och betalningar i kryptovaluta.<\/p>\n<p><strong>F: Hur l\u00e5ng tid tar best\u00e4llningsberedningen?<\/strong><br \/>\nS: Best\u00e4llningsf\u00f6rberedelse tar 1-3 arbetsdagar.<\/p>\n<p><strong>F: Vad \u00e4r leveranstiden?<\/strong><br \/>\nS: Leveranstiden \u00e4r 7-14 arbetsdagar, beroende p\u00e5 var du befinner dig.<\/p>\n<p><strong>F: Hur kan jag sp\u00e5ra min best\u00e4llning?<\/strong><br \/>\nS: Efter leverans kommer du att f\u00e5 ett bekr\u00e4ftelsemail med ett sp\u00e5rningsnummer f\u00f6r sp\u00e5rning i realtid.<\/p>\n<p><strong>F: Vilken \u00e4r din returpolicy?<\/strong><br \/>\nS: Vi erbjuder en 30-dagars returpolicy f\u00f6r \u00e5terbetalningar eller byten. .<\/p>\n<p><strong>F: Kommer det att finnas n\u00e5gra tullproblem?<br \/>\n<\/strong>Vi hanterar alla tullf\u00f6rfaranden f\u00f6r att s\u00e4kerst\u00e4lla en problemfri upplevelse f\u00f6r dig. .<\/p>\n<p><strong>F: Vilka frakts\u00e4tt anv\u00e4nds?<\/strong><br \/>\nVi samarbetar med UPS\/DHL\/FEDEX\/DPD, etc. Vi kommer att v\u00e4lja l\u00e4mpligt fraktalternativ beroende p\u00e5 leveransland f\u00f6r att s\u00e4kerst\u00e4lla att du f\u00e5r dina produkter s\u00e5 snabbt som m\u00f6jligt.<\/p>\n<p><a href=\"https:\/\/pgvape.com\/sv\/vanliga-fragor\/\"><span style=\"font-size: 100%;\">Klicka h\u00e4r f\u00f6r mer FAQ<\/span><\/a><\/p>\n<p>K\u00e4ra kunder, Om du har n\u00e5gra fr\u00e5gor om din best\u00e4llning eller ankomsten av varor, v\u00e4nligen kontakta v\u00e5r kundtj\u00e4nst. Tack!<\/p>\n<h3 data-sourcepos=\"73:1-73:21\"><span style=\"font-size: 90%;\"><strong data-sourcepos=\"73:7-73:21\">Kontakta oss<\/strong><\/span><\/h3>\n<div id=\"text-2419739398\" class=\"text\">\n<p><strong data-sourcepos=\"75:3-75:12\">E-post<\/strong>:\u00a0<a href=\"mailto:support@pgvape.com\"><strong>support@pgvape.com<\/strong><\/a><\/p>\n<p><strong data-sourcepos=\"76:3-76:15\">WhatsApp<\/strong>: <a href=\"https:\/\/wa.me\/+8618128481258\"><strong>+86 18128481258<\/strong><\/a><br \/>\n<strong>(Svara inom 24 timmar p\u00e5 arbetsdagar)<\/strong><\/p>\n<\/div>\n<h3><strong><span style=\"font-size: 80%;\">Tack f\u00f6r att du valde pgvape.com! .<\/span><\/strong><\/h3>\n<\/div>\n<div class=\"auto-hide-last-sibling-br paragraph-JOTKXA paragraph-element br-paragraph-space\"><\/div>","protected":false},"excerpt":{"rendered":"<p><strong data-sourcepos=\"43:1-43:200\">\u201cBang King Crystal 30K \u2013 En eng\u00e5ngsvape med h\u00f6g kapacitet med 30 000 puffar, Mesh Coil-teknologi och 12 premiumsmaker, som drivs av ett 650mAh uppladdningsbart batteri med Type-C snabbladdning.\u201d<\/strong><\/p>","protected":false},"featured_media":3874,"comment_status":"open","ping_status":"closed","template":"","meta":{"_seopress_robots_primary_cat":"none","_seopress_titles_title":"%%post_title%% %%sep%% %%sitetitle%%","_seopress_titles_desc":"","_seopress_robots_index":""},"product_brand":[19,516],"product_cat":[35,18,515],"product_tag":[38,134,330,331,90,204],"class_list":{"0":"post-3834","1":"product","2":"type-product","3":"status-publish","4":"has-post-thumbnail","6":"product_brand-bang-king-vape","7":"product_brand-disposable-vape","8":"product_cat-30k-puffs-vape","9":"product_cat-bang-king-vape","10":"product_cat-disposable-vape","11":"product_tag-30k-puffs","12":"product_tag-30k-vape","13":"product_tag-bang-king-crystal","14":"product_tag-clean-premium-and-stylish","15":"product_tag-disposable-vape","16":"product_tag-vape-factory-direct","18":"first","19":"instock","20":"sale","21":"shipping-taxable","22":"purchasable","23":"product-type-variable"},"_links":{"self":[{"href":"https:\/\/pgvape.com\/sv\/wp-json\/wp\/v2\/product\/3834","targetHints":{"allow":["GET"]}}],"collection":[{"href":"https:\/\/pgvape.com\/sv\/wp-json\/wp\/v2\/product"}],"about":[{"href":"https:\/\/pgvape.com\/sv\/wp-json\/wp\/v2\/types\/product"}],"replies":[{"embeddable":true,"href":"https:\/\/pgvape.com\/sv\/wp-json\/wp\/v2\/comments?post=3834"}],"wp:featuredmedia":[{"embeddable":true,"href":"https:\/\/pgvape.com\/sv\/wp-json\/wp\/v2\/media\/3874"}],"wp:attachment":[{"href":"https:\/\/pgvape.com\/sv\/wp-json\/wp\/v2\/media?parent=3834"}],"wp:term":[{"taxonomy":"product_brand","embeddable":true,"href":"https:\/\/pgvape.com\/sv\/wp-json\/wp\/v2\/product_brand?post=3834"},{"taxonomy":"product_cat","embeddable":true,"href":"https:\/\/pgvape.com\/sv\/wp-json\/wp\/v2\/product_cat?post=3834"},{"taxonomy":"product_tag","embeddable":true,"href":"https:\/\/pgvape.com\/sv\/wp-json\/wp\/v2\/product_tag?post=3834"}],"curies":[{"name":"wp","href":"https:\/\/api.w.org\/{rel}","templated":true}]}}