{"id":3793,"date":"2025-10-19T11:10:45","date_gmt":"2025-10-19T11:10:45","guid":{"rendered":"https:\/\/pgvape.com\/?post_type=product&#038;p=3793"},"modified":"2026-01-24T07:40:10","modified_gmt":"2026-01-24T07:40:10","slug":"bang-king-triple-75000-75k-puffar-3-i-1-smaker-disponibel-vape-0-2-3-5-nikotin-16-smakar-smart-led-display-vape-factory-direct","status":"publish","type":"product","link":"https:\/\/pgvape.com\/sv\/produkt\/bang-king-triple-75000-75k-puffar-3-i-1-smaker-disponibel-vape-0-2-3-5-nikotin-16-smakar-smart-led-display-vape-factory-direct\/","title":{"rendered":"Bang King Triple 75000 | 75K Puffar 3 i 1 Smaker Disponibel Vape | 0% 2% 3% 5% Nikotin | 16Smaker | Smart LED Display | Va"},"content":{"rendered":"<div class=\"auto-hide-last-sibling-br paragraph-JOTKXA paragraph-element br-paragraph-space\">\n<p><strong data-sourcepos=\"6:5-6:53\">Bang King Triple 75000 Puffs disponibel vape<\/strong> revolutionerar vaping med sin <strong data-sourcepos=\"6:85-6:109\">3-i-1 smaksystem<\/strong>, levererar <strong data-sourcepos=\"6:122-6:138\">75 000 bloss<\/strong> fr\u00e5n en imponerande <strong data-sourcepos=\"6:158-6:184\">45 ml e-v\u00e4tska kapacitet<\/strong>. <strong data-sourcepos=\"6:199-6:230\">650mAh uppladdningsbart batteri<\/strong> och <strong data-sourcepos=\"6:235-6:261\">trippel 1,0\u03a9 mesh spolar<\/strong>, producerar den <strong data-sourcepos=\"6:275-6:297\">rik, sl\u00e4t \u00e5nga<\/strong> med <strong data-sourcepos=\"6:303-6:335\">0%\/2%\/3%\/5% nikotinalternativ<\/strong>. <strong data-sourcepos=\"6:341-6:356\">LED display<\/strong> ger \u00f6vervakning i realtid, medan <strong data-sourcepos=\"6:394-6:418\">Typ-C snabbladdning<\/strong> s\u00e4kerst\u00e4ller bekv\u00e4mlighet. <strong data-sourcepos=\"6:449-6:469\">10 enheter per l\u00e5da<\/strong>, den finns i <strong data-sourcepos=\"6:489-6:516\">16 premium smaktrior<\/strong> f\u00f6r att tillfredsst\u00e4lla varje smak.<\/p>\n<p><span style=\"font-size: 90%;\">\u00a0<\/span><\/p>\n<\/div>\n<h3><span style=\"font-size: 90%;\">Bang King Triple 75000 75K puffar 3 i 1 smaker Disponibel Vape Specifikationer<\/span><\/h3>\n<p><strong data-sourcepos=\"11:3-11:18\">Antal bloss:<\/strong>\u00a0<strong data-sourcepos=\"11:19-11:35\">75 000 puffar<\/strong><span class=\"CustomP_animated_char__m3r9w\">\u00a0<\/span><span class=\"CustomP_animated_char__m3r9w\">(<\/span><span class=\"CustomP_animated_char__m3r9w\">F\u00f6rl\u00e4ngd<\/span><span class=\"CustomP_animated_char__m3r9w\">\u00a0<\/span><span class=\"CustomP_animated_char__m3r9w\">prestanda<\/span><span class=\"CustomP_animated_char__m3r9w\">)<\/span><\/p>\n<p><strong data-sourcepos=\"12:3-12:16\">Nikotin:<\/strong>\u00a0<strong data-sourcepos=\"12:17-12:38\">0% \/ 2% \/ 3% \/ 5%<\/strong><span class=\"CustomP_animated_char__m3r9w\">\u00a0<\/span><span class=\"CustomP_animated_char__m3r9w\">(<\/span><span class=\"CustomP_animated_char__m3r9w\">Personlig<\/span><span class=\"CustomP_animated_char__m3r9w\">\u00a0<\/span><span class=\"CustomP_animated_char__m3r9w\">styrka<\/span><span class=\"CustomP_animated_char__m3r9w\">)<\/span><\/p>\n<p><strong data-sourcepos=\"13:3-13:21\">Smaksystem:<\/strong><\/p>\n<p><strong data-sourcepos=\"14:5-14:29\">3 justerbara smaker<\/strong><span class=\"CustomP_animated_char__m3r9w\">\u00a0<\/span><span class=\"CustomP_animated_char__m3r9w\">(<\/span><span class=\"CustomP_animated_char__m3r9w\">Omedelbar<\/span><span class=\"CustomP_animated_char__m3r9w\">\u00a0<\/span><span class=\"CustomP_animated_char__m3r9w\">v\u00e4xlande<\/span><span class=\"CustomP_animated_char__m3r9w\">)<\/span><\/p>\n<p><strong data-sourcepos=\"15:5-15:28\">45 ml total kapacitet<\/strong><span class=\"CustomP_animated_char__m3r9w\">\u00a0<\/span><span class=\"CustomP_animated_char__m3r9w\">(<\/span><span class=\"CustomP_animated_char__m3r9w\">15 ml<\/span><span class=\"CustomP_animated_char__m3r9w\">\u00d7<\/span><span class=\"CustomP_animated_char__m3r9w\">3<\/span><span class=\"CustomP_animated_char__m3r9w\">\u00a0<\/span><span class=\"CustomP_animated_char__m3r9w\">tankar<\/span><span class=\"CustomP_animated_char__m3r9w\">)<\/span><\/p>\n<p><strong data-sourcepos=\"16:3-16:12\">Spole:<\/strong>\u00a0<strong data-sourcepos=\"16:13-16:33\">Trippel 1,0\u03a9 Mesh<\/strong><span class=\"CustomP_animated_char__m3r9w\">\u00a0<\/span><span class=\"CustomP_animated_char__m3r9w\">(<\/span><span class=\"CustomP_animated_char__m3r9w\">35<\/span><span class=\"CustomP_animated_char__m3r9w\">%<\/span><span class=\"CustomP_animated_char__m3r9w\">\u00a0<\/span><span class=\"CustomP_animated_char__m3r9w\">mer<\/span><span class=\"CustomP_animated_char__m3r9w\">\u00a0<\/span><span class=\"CustomP_animated_char__m3r9w\">smak<\/span><span class=\"CustomP_animated_char__m3r9w\">\u00a0<\/span><span class=\"CustomP_animated_char__m3r9w\">mot<\/span><span class=\"CustomP_animated_char__m3r9w\">.<\/span><span class=\"CustomP_animated_char__m3r9w\">\u00a0<\/span><span class=\"CustomP_animated_char__m3r9w\">enda<\/span><span class=\"CustomP_animated_char__m3r9w\">\u00a0<\/span><span class=\"CustomP_animated_char__m3r9w\">spolar<\/span><span class=\"CustomP_animated_char__m3r9w\">)<\/span><\/p>\n<p><strong data-sourcepos=\"17:3-17:15\">Batteri:<\/strong><span class=\"CustomP_animated_char__m3r9w\">\u00a0<\/span><span class=\"CustomP_animated_char__m3r9w\">spolar<\/span><span class=\"CustomP_animated_char__m3r9w\">)<\/span><\/p>\n<p><strong data-sourcepos=\"18:3-18:15\">Batteri:<\/strong>\u00a0<strong data-sourcepos=\"18:16-18:39\">650mAh uppladdningsbar<\/strong><span class=\"CustomP_animated_char__m3r9w\">\u00a0<\/span><span class=\"CustomP_animated_char__m3r9w\">+<\/span><span class=\"CustomP_animated_char__m3r9w\">\u00a0<\/span><strong data-sourcepos=\"18:42-18:61\">Laddning av typ C<\/strong><\/p>\n<p><strong data-sourcepos=\"19:3-19:15\">Visa:<\/strong>\u00a0<strong data-sourcepos=\"19:16-19:30\">LED-sk\u00e4rm<\/strong><span class=\"CustomP_animated_char__m3r9w\">\u00a0<\/span><span class=\"CustomP_animated_char__m3r9w\">(<\/span><span class=\"CustomP_animated_char__m3r9w\">Batteri<\/span><span class=\"CustomP_animated_char__m3r9w\">\u00a0<\/span><span class=\"CustomP_animated_char__m3r9w\">&amp;<\/span><span class=\"CustomP_animated_char__m3r9w\">\u00a0<\/span><span class=\"CustomP_animated_char__m3r9w\">e<\/span><span class=\"CustomP_animated_char__m3r9w\">\u2013<\/span><span class=\"CustomP_animated_char__m3r9w\">flytande<\/span><span class=\"CustomP_animated_char__m3r9w\">\u00a0<\/span><span class=\"CustomP_animated_char__m3r9w\">\u00f6vervakning<\/span><span class=\"CustomP_animated_char__m3r9w\">)<\/span><\/p>\n<p><strong data-sourcepos=\"20:3-20:17\">F\u00f6rpackning:<\/strong>\u00a0<strong data-sourcepos=\"20:18-20:32\">10 st\/kartong<\/strong><span class=\"CustomP_animated_char__m3r9w\">\u00a0<\/span><span class=\"CustomP_animated_char__m3r9w\">(<\/span><span class=\"CustomP_animated_char__m3r9w\">Detaljhandel<\/span><span class=\"CustomP_animated_char__m3r9w\">\u2013<\/span><span class=\"CustomP_animated_char__m3r9w\">redo<\/span><span class=\"CustomP_animated_char__m3r9w\">)<\/span><\/p>\n<h2><span style=\"font-size: 90%;\">\u00a0<\/span><\/h2>\n<h3><span style=\"font-size: 90%;\">Bang King Triple 75000 75K puffar 3 i 1 smaker disponibel vape smaklista<\/span><\/h3>\n<p>1.Vattenmelon \/ Red Bull \/ Strawberry Kiwi<\/p>\n<p>2.Citron Lime \/ Strawberry Watermelon \/ Blueberry Ice<\/p>\n<p>3.Jordgubbsbanan \/ hallonvattenmelon \/ rosa lemonad<\/p>\n<p>4.Blue Razz Cherry \/ Cool Mint \/ Peach Mango<\/p>\n<p>5. Tropisk frukt \/ jordgubbsvattenmelon \/ citronpersika<\/p>\n<p>6.Ananas Kokos \/ Jordgubbsbanan \/ Blue Razz<\/p>\n<p>7.Strawberry Watermelon \/ Triple Melon \/ Strawberry Ice<\/p>\n<p>8. Blandade frukter \/ Mango Persika \/ Grape Ice<\/p>\n<p>9. Jordgubbsvaniljcola \/ persikais \/ svart drakglass<\/p>\n<p>10.Lush Ice \/ Kiwi Passionsfrukt Guava \/ Halm Mango<\/p>\n<p>11.Strawberry Watermelon \/ Watermelon \/ Blue Razz Ice<\/p>\n<p>12.Berry Lemonade \/ Strawberry Red Bull \/ Strawberry Pomp<\/p>\n<p>13. Dubbel \u00e4pple \/ Fruktig Fusion \/ Ananas Ice<\/p>\n<p>14.Cola Ice \/ Mr Blue \/ Cherry Cola<\/p>\n<p>15.Strawberry Donut \/ Banana Ice \/ Love66<\/p>\n<p>16.Is Tea Citron Ice \/ Mango On Ice \/ Litchi Ice<img loading=\"lazy\" decoding=\"async\" class=\"alignnone wp-image-3800 size-full\" src=\"https:\/\/pgvape.com\/wp-content\/uploads\/2025\/10\/Bang-King-75000-Puffs-Flavors.png\" alt=\"Annons som visar 16 f\u00e4rgglada eng\u00e5ngsvapeapparater arrangerade i tv\u00e5 rader, var och en med en unik tecknad apaillustration och smaketikett mot en ljus gradientbakgrund med produktikoner och en stor rubrik &quot;16 smaker&quot;.\" width=\"1500\" height=\"1500\" srcset=\"https:\/\/pgvape.com\/wp-content\/uploads\/2025\/10\/Bang-King-75000-Puffs-Flavors.png 1500w, https:\/\/pgvape.com\/wp-content\/uploads\/2025\/10\/Bang-King-75000-Puffs-Flavors-360x360.png 360w, https:\/\/pgvape.com\/wp-content\/uploads\/2025\/10\/Bang-King-75000-Puffs-Flavors-595x595.png 595w, https:\/\/pgvape.com\/wp-content\/uploads\/2025\/10\/Bang-King-75000-Puffs-Flavors-400x400.png 400w, https:\/\/pgvape.com\/wp-content\/uploads\/2025\/10\/Bang-King-75000-Puffs-Flavors-768x768.png 768w, https:\/\/pgvape.com\/wp-content\/uploads\/2025\/10\/Bang-King-75000-Puffs-Flavors-12x12.png 12w, https:\/\/pgvape.com\/wp-content\/uploads\/2025\/10\/Bang-King-75000-Puffs-Flavors-300x300.png 300w, https:\/\/pgvape.com\/wp-content\/uploads\/2025\/10\/Bang-King-75000-Puffs-Flavors-600x600.png 600w, https:\/\/pgvape.com\/wp-content\/uploads\/2025\/10\/Bang-King-75000-Puffs-Flavors-100x100.png 100w, https:\/\/pgvape.com\/wp-content\/uploads\/2025\/10\/Bang-King-75000-Puffs-Flavors-40x40.png 40w\" sizes=\"auto, (max-width: 1500px) 100vw, 1500px\" \/><\/p>\n<p>&nbsp;<\/p>\n<p>&nbsp;<\/p>\n<h2 class=\"header-vfC6AV auto-hide-last-sibling-br\">Vanliga fr\u00e5gor om Bang King Triple 75000 75K Puffs 3 in 1 Flavors Disposable Vape<\/h2>\n<p data-sourcepos=\"37:1-38:111\">\u2753 <strong data-sourcepos=\"37:3-37:41\">Hur fungerar 3-smaksystemet?<\/strong><br \/>\n\u2705 V\u00e4xla mellan <strong data-sourcepos=\"38:18-38:34\">Smak A\/B\/C<\/strong> eller blanda dem (t.ex., <em data-sourcepos=\"38:54-38:82\">Red Bull + Strawberry Kiwi<\/em>) med en enkel justering.<\/p>\n<p data-sourcepos=\"40:1-41:91\">\u2753 <strong data-sourcepos=\"40:3-40:48\">Vad g\u00f6r \u00e5ngkvaliteten exceptionell?<br \/>\n<\/strong> \u2705 <strong data-sourcepos=\"41:3-41:24\">Trippelmaskiga spolar<\/strong> f\u00f6rse <strong data-sourcepos=\"41:33-41:51\">tjockare moln<\/strong> och <strong data-sourcepos=\"41:56-41:73\">djupare smak<\/strong> med varje bloss.<\/p>\n<p data-sourcepos=\"43:1-44:69\">\u2753 <strong data-sourcepos=\"43:3-43:41\">Finns nikotinfri vaping tillg\u00e4nglig?<\/strong><br \/>\n\u2705 Ja! <strong data-sourcepos=\"44:12-44:34\">0% nikotinalternativ<\/strong> ger rena, smakrika moln.<\/p>\n<p data-sourcepos=\"46:1-47:79\">\u2753 <strong data-sourcepos=\"46:3-46:34\">Hur bekv\u00e4m \u00e4r laddning?<\/strong><br \/>\n\u2705 <strong data-sourcepos=\"47:3-47:18\">Typ-C-port<\/strong> laddar upp helt <strong data-sourcepos=\"47:39-47:57\">650mAh batteri<\/strong> i <strong data-sourcepos=\"47:61-47:76\">~45 minuter<\/strong>.<\/p>\n<p data-sourcepos=\"49:1-50:105\">\u2753 <strong data-sourcepos=\"49:3-49:29\">Vem \u00e4r det perfekt f\u00f6r?<br \/>\n<\/strong> \u2705 <strong data-sourcepos=\"50:3-50:25\">Smakentusiaster<\/strong> och <strong data-sourcepos=\"50:30-50:43\">\u00e5terf\u00f6rs\u00e4ljare<\/strong> s\u00f6ker h\u00f6gpresterande eng\u00e5ngsartiklar med vinstpotential.<\/p>\n<p><span style=\"font-size: 90%;\">\u00a0<\/span><\/p>\n<h3 id=\"brxe-najhln\" class=\"brxe-heading\">Vanliga fr\u00e5gor (FAQ)<\/h3>\n<div id=\"brxe-rajiac\" class=\"brxe-text\">\n<p><strong>F: Vilka betalningsmetoder accepterar du?<\/strong><br \/>\nS: Vi accepterar PayPal, Stripe, bank\u00f6verf\u00f6ringar (st\u00f6ds med SEPA), vanliga kreditkort (Visa, MasterCard, American Express) och betalningar i kryptovaluta.<\/p>\n<p><strong>F: Hur l\u00e5ng tid tar best\u00e4llningsberedningen?<\/strong><br \/>\nS: Best\u00e4llningsf\u00f6rberedelse tar 1-3 arbetsdagar.<\/p>\n<p><strong>F: Vad \u00e4r leveranstiden?<\/strong><br \/>\nS: Leveranstiden \u00e4r 7-14 arbetsdagar, beroende p\u00e5 var du befinner dig.<\/p>\n<p><strong>F: Hur kan jag sp\u00e5ra min best\u00e4llning?<\/strong><br \/>\nS: Efter leverans kommer du att f\u00e5 ett bekr\u00e4ftelsemail med ett sp\u00e5rningsnummer f\u00f6r sp\u00e5rning i realtid.<\/p>\n<p><strong>F: Vilken \u00e4r din returpolicy?<\/strong><br \/>\nS: Vi erbjuder en 30-dagars returpolicy f\u00f6r \u00e5terbetalningar eller byten. .<\/p>\n<p><strong>F: Kommer det att finnas n\u00e5gra tullproblem?<br \/>\n<\/strong>Vi hanterar alla tullf\u00f6rfaranden f\u00f6r att s\u00e4kerst\u00e4lla en problemfri upplevelse f\u00f6r dig. .<\/p>\n<p><strong>F: Vilka frakts\u00e4tt anv\u00e4nds?<\/strong><br \/>\nVi samarbetar med UPS\/DHL\/FEDEX\/DPD, etc. Vi kommer att v\u00e4lja l\u00e4mpligt fraktalternativ beroende p\u00e5 leveransland f\u00f6r att s\u00e4kerst\u00e4lla att du f\u00e5r dina produkter s\u00e5 snabbt som m\u00f6jligt.<\/p>\n<p><a href=\"https:\/\/pgvape.com\/sv\/vanliga-fragor\/\"><span style=\"font-size: 100%;\">Klicka h\u00e4r f\u00f6r mer FAQ<\/span><\/a><\/p>\n<p>K\u00e4ra kunder, Om du har n\u00e5gra fr\u00e5gor om din best\u00e4llning eller ankomsten av varor, v\u00e4nligen kontakta v\u00e5r kundtj\u00e4nst. Tack!<\/p>\n<h3 data-sourcepos=\"73:1-73:21\"><span style=\"font-size: 90%;\"><strong data-sourcepos=\"73:7-73:21\">Kontakta oss<\/strong><\/span><\/h3>\n<div id=\"text-2419739398\" class=\"text\">\n<p><strong data-sourcepos=\"75:3-75:12\">E-post<\/strong>:\u00a0<a href=\"mailto:support@pgvape.com\"><strong>support@pgvape.com<\/strong><\/a><\/p>\n<p><strong data-sourcepos=\"76:3-76:15\">WhatsApp<\/strong>: <a href=\"https:\/\/wa.me\/+8618128481258\"><strong>+86 18128481258<\/strong><\/a><br \/>\n<strong>(Svara inom 24 timmar p\u00e5 arbetsdagar)<\/strong><\/p>\n<\/div>\n<h3><strong><span style=\"font-size: 80%;\">Tack f\u00f6r att du valde pgvape.com! .<\/span><\/strong><\/h3>\n<\/div>","protected":false},"excerpt":{"rendered":"<p>Med <strong data-sourcepos=\"55:6-55:19\">75K puffar<\/strong>, <strong data-sourcepos=\"55:21-55:45\">M\u00e5ngsidighet med 3 smaker<\/strong>, och <strong data-sourcepos=\"55:51-55:68\">Kapacitet 45 ml<\/strong>, den <strong data-sourcepos=\"55:74-55:98\">Bang King Triple 75K<\/strong> s\u00e4tter standarden f\u00f6r premium eng\u00e5ngsartiklar. <strong data-sourcepos=\"55:142-55:161\">16 smaktrior<\/strong> och <strong data-sourcepos=\"55:166-55:184\">smart sp\u00e5rning<\/strong> erbjuda o\u00e4ndlig variation.<\/p>","protected":false},"featured_media":3813,"comment_status":"open","ping_status":"closed","template":"","meta":{"_seopress_robots_primary_cat":"none","_seopress_titles_title":"%%post_title%% %%sep%% %%sitetitle%%","_seopress_titles_desc":"","_seopress_robots_index":""},"product_brand":[19,516],"product_cat":[326,18,515],"product_tag":[24,328,329,327,90,143],"class_list":{"0":"post-3793","1":"product","2":"type-product","3":"status-publish","4":"has-post-thumbnail","6":"product_brand-bang-king-vape","7":"product_brand-disposable-vape","8":"product_cat-75k-puffs-vape","9":"product_cat-bang-king-vape","10":"product_cat-disposable-vape","11":"product_tag-3-in-1-flavors","12":"product_tag-75k-puffs","13":"product_tag-75k-vape","14":"product_tag-bang-king-triple","15":"product_tag-disposable-vape","16":"product_tag-smart-led-display","18":"first","19":"outofstock","20":"sale","21":"shipping-taxable","22":"purchasable","23":"product-type-variable"},"_links":{"self":[{"href":"https:\/\/pgvape.com\/sv\/wp-json\/wp\/v2\/product\/3793","targetHints":{"allow":["GET"]}}],"collection":[{"href":"https:\/\/pgvape.com\/sv\/wp-json\/wp\/v2\/product"}],"about":[{"href":"https:\/\/pgvape.com\/sv\/wp-json\/wp\/v2\/types\/product"}],"replies":[{"embeddable":true,"href":"https:\/\/pgvape.com\/sv\/wp-json\/wp\/v2\/comments?post=3793"}],"wp:featuredmedia":[{"embeddable":true,"href":"https:\/\/pgvape.com\/sv\/wp-json\/wp\/v2\/media\/3813"}],"wp:attachment":[{"href":"https:\/\/pgvape.com\/sv\/wp-json\/wp\/v2\/media?parent=3793"}],"wp:term":[{"taxonomy":"product_brand","embeddable":true,"href":"https:\/\/pgvape.com\/sv\/wp-json\/wp\/v2\/product_brand?post=3793"},{"taxonomy":"product_cat","embeddable":true,"href":"https:\/\/pgvape.com\/sv\/wp-json\/wp\/v2\/product_cat?post=3793"},{"taxonomy":"product_tag","embeddable":true,"href":"https:\/\/pgvape.com\/sv\/wp-json\/wp\/v2\/product_tag?post=3793"}],"curies":[{"name":"wp","href":"https:\/\/api.w.org\/{rel}","templated":true}]}}