{"id":3706,"date":"2025-10-19T07:07:42","date_gmt":"2025-10-19T07:07:42","guid":{"rendered":"https:\/\/pgvape.com\/?post_type=product&#038;p=3706"},"modified":"2026-03-05T14:33:37","modified_gmt":"2026-03-05T14:33:37","slug":"mr-goodie-uwake-30000-30k-puffs-nasal-mun-engangs-vape-vape-factory-direct","status":"publish","type":"product","link":"https:\/\/pgvape.com\/sv\/produkt\/mr-goodie-uwake-30000-30k-puffs-nasal-mun-engangs-vape-vape-factory-direct\/","title":{"rendered":"Mr.Goodie UWAKE 30000 30k Puffs Nasal &amp; Mun Disponibel Vape-Vape Factory Direct"},"content":{"rendered":"<div class=\"auto-hide-last-sibling-br paragraph-JOTKXA paragraph-element br-paragraph-space\">\n<p><strong data-sourcepos=\"6:1-6:27\">Mr. Goodie UWAKE 30000<\/strong> Revolutionerar <strong data-sourcepos=\"6:43-6:53\">Vaping<\/strong> Med The <strong data-sourcepos=\"6:63-6:99\">V\u00e4rldens f\u00f6rsta dubbelinhaleringssystem<\/strong> (<strong data-sourcepos=\"6:101-6:118\">Nasal &amp; Mun<\/strong>). <strong data-sourcepos=\"6:132-6:148\">30 000 puffar<\/strong>, <strong data-sourcepos=\"6:150-6:174\">Dubbla 1,1\u03a9 Mesh Coils<\/strong>, Och <strong data-sourcepos=\"6:180-6:206\">23 ml E-v\u00e4tskekapacitet<\/strong> F\u00f6r intensiv smak och f\u00f6rl\u00e4ngda sessioner. <strong data-sourcepos=\"6:256-6:282\">2% Eller 5% Nikotinsalt<\/strong>, med st\u00f6d av A <strong data-sourcepos=\"6:296-6:327\">550mAh uppladdningsbart batteri<\/strong>, <strong data-sourcepos=\"6:329-6:353\">Typ-C snabbladdning<\/strong>, Och <strong data-sourcepos=\"6:359-6:386\">Smart sk\u00e4rm\u00f6vervakning<\/strong>. .<\/p>\n<p>&nbsp;<\/p>\n<\/div>\n<h2><span style=\"font-size: 90%;\">Mr.Goodie UWAKE 30000 | 30k Puffs Nasal &amp; Mouth Disponibel Vape Specifikationer<\/span><\/h2>\n<p><strong data-sourcepos=\"11:3-11:17\">Inandning<\/strong>:\u00a0<strong data-sourcepos=\"11:19-11:34\">Dubbelt system<\/strong>\u00a0(<strong data-sourcepos=\"11:36-11:53\">Nasal &amp; Mun<\/strong>)<\/p>\n<p><strong data-sourcepos=\"12:3-12:17\">Puff Count<\/strong>:\u00a0<strong data-sourcepos=\"12:19-12:35\">30 000 puffar<\/strong><\/p>\n<p><strong data-sourcepos=\"13:3-13:15\">Nikotin<\/strong>:\u00a0<strong data-sourcepos=\"13:17-13:42\">2% \/ 5% Nikotinsalt<\/strong><\/p>\n<p><strong data-sourcepos=\"14:3-14:11\">Spole<\/strong>:\u00a0<strong data-sourcepos=\"14:13-14:37\">Dubbla 1,1\u03a9 Mesh Coils<\/strong><\/p>\n<p><strong data-sourcepos=\"15:3-15:15\">E-v\u00e4tska<\/strong>:\u00a0<strong data-sourcepos=\"15:17-15:44\">23 ml f\u00f6rfylld kapacitet<\/strong><\/p>\n<p><strong data-sourcepos=\"16:3-16:14\">Batteri<\/strong>:\u00a0<strong data-sourcepos=\"16:16-16:39\">550mAh uppladdningsbar<\/strong><\/p>\n<p><strong data-sourcepos=\"17:3-17:15\">Laddar<\/strong>:\u00a0<strong data-sourcepos=\"17:17-17:37\">Typ-C snabbport<\/strong><\/p>\n<p><strong data-sourcepos=\"18:3-18:14\">Visa<\/strong>:\u00a0<strong data-sourcepos=\"18:16-18:32\">Smart sk\u00e4rm<\/strong>\u00a0(Batteri\/E-v\u00e4tskeniv\u00e5er)<\/p>\n<p><strong data-sourcepos=\"19:3-19:14\">Paket<\/strong>:\u00a0<strong data-sourcepos=\"19:16-19:33\">5 enheter\/box<\/strong><\/p>\n<h3 id=\"brxe-najhln\" class=\"brxe-heading\"><img loading=\"lazy\" decoding=\"async\" class=\"alignnone wp-image-3725 size-full\" style=\"color: #555555; font-size: 14.4px;\" src=\"https:\/\/pgvape.com\/wp-content\/uploads\/2025\/10\/pgvape-Mr.Goodie-UWAKE-30000-30k-Puffs-Nasal-Mouth-Disposable-Vape-17.png\" alt=\"\" width=\"1920\" height=\"1080\" srcset=\"https:\/\/pgvape.com\/wp-content\/uploads\/2025\/10\/pgvape-Mr.Goodie-UWAKE-30000-30k-Puffs-Nasal-Mouth-Disposable-Vape-17.png 1920w, https:\/\/pgvape.com\/wp-content\/uploads\/2025\/10\/pgvape-Mr.Goodie-UWAKE-30000-30k-Puffs-Nasal-Mouth-Disposable-Vape-17-555x312.png 555w, https:\/\/pgvape.com\/wp-content\/uploads\/2025\/10\/pgvape-Mr.Goodie-UWAKE-30000-30k-Puffs-Nasal-Mouth-Disposable-Vape-17-595x335.png 595w, https:\/\/pgvape.com\/wp-content\/uploads\/2025\/10\/pgvape-Mr.Goodie-UWAKE-30000-30k-Puffs-Nasal-Mouth-Disposable-Vape-17-400x225.png 400w, https:\/\/pgvape.com\/wp-content\/uploads\/2025\/10\/pgvape-Mr.Goodie-UWAKE-30000-30k-Puffs-Nasal-Mouth-Disposable-Vape-17-768x432.png 768w, https:\/\/pgvape.com\/wp-content\/uploads\/2025\/10\/pgvape-Mr.Goodie-UWAKE-30000-30k-Puffs-Nasal-Mouth-Disposable-Vape-17-1536x864.png 1536w, https:\/\/pgvape.com\/wp-content\/uploads\/2025\/10\/pgvape-Mr.Goodie-UWAKE-30000-30k-Puffs-Nasal-Mouth-Disposable-Vape-17-18x10.png 18w, https:\/\/pgvape.com\/wp-content\/uploads\/2025\/10\/pgvape-Mr.Goodie-UWAKE-30000-30k-Puffs-Nasal-Mouth-Disposable-Vape-17-600x338.png 600w, https:\/\/pgvape.com\/wp-content\/uploads\/2025\/10\/pgvape-Mr.Goodie-UWAKE-30000-30k-Puffs-Nasal-Mouth-Disposable-Vape-17-60x34.png 60w\" sizes=\"auto, (max-width: 1920px) 100vw, 1920px\" \/><\/h3>\n<h3><span style=\"font-size: 90%;\">Mr.Goodie UWAKE 30000 | 30k Puffs Nasal &amp; Mouth Disponibel Vape Flavor List<\/span><\/h3>\n<p>1.Coconut Ice<\/p>\n<p>2.Vaniljkr\u00e4m<\/p>\n<p>3. Dubbel Apple<\/p>\n<p>4.Avocado Osmanthus<\/p>\n<p>5. Latte<\/p>\n<p>6.Jasmine Rose<\/p>\n<p>7. Rose Lychee<\/p>\n<p>8.Melonis<\/p>\n<p>9. Jordgubbsis<\/p>\n<p>10. Myntblad<\/p>\n<p>11. White Peach Sakura Ice<\/p>\n<p>12. Bananis<img loading=\"lazy\" decoding=\"async\" class=\"alignnone wp-image-3726 size-full\" src=\"https:\/\/pgvape.com\/wp-content\/uploads\/2025\/10\/pgvape-Mr.Goodie-UWAKE-30000-30k-Puffs-Nasal-Mouth-Disposable-Vape-18.png\" alt=\"\" width=\"1920\" height=\"1267\" srcset=\"https:\/\/pgvape.com\/wp-content\/uploads\/2025\/10\/pgvape-Mr.Goodie-UWAKE-30000-30k-Puffs-Nasal-Mouth-Disposable-Vape-18.png 1920w, https:\/\/pgvape.com\/wp-content\/uploads\/2025\/10\/pgvape-Mr.Goodie-UWAKE-30000-30k-Puffs-Nasal-Mouth-Disposable-Vape-18-546x360.png 546w, https:\/\/pgvape.com\/wp-content\/uploads\/2025\/10\/pgvape-Mr.Goodie-UWAKE-30000-30k-Puffs-Nasal-Mouth-Disposable-Vape-18-595x393.png 595w, https:\/\/pgvape.com\/wp-content\/uploads\/2025\/10\/pgvape-Mr.Goodie-UWAKE-30000-30k-Puffs-Nasal-Mouth-Disposable-Vape-18-400x264.png 400w, https:\/\/pgvape.com\/wp-content\/uploads\/2025\/10\/pgvape-Mr.Goodie-UWAKE-30000-30k-Puffs-Nasal-Mouth-Disposable-Vape-18-768x507.png 768w, https:\/\/pgvape.com\/wp-content\/uploads\/2025\/10\/pgvape-Mr.Goodie-UWAKE-30000-30k-Puffs-Nasal-Mouth-Disposable-Vape-18-1536x1014.png 1536w, https:\/\/pgvape.com\/wp-content\/uploads\/2025\/10\/pgvape-Mr.Goodie-UWAKE-30000-30k-Puffs-Nasal-Mouth-Disposable-Vape-18-18x12.png 18w, https:\/\/pgvape.com\/wp-content\/uploads\/2025\/10\/pgvape-Mr.Goodie-UWAKE-30000-30k-Puffs-Nasal-Mouth-Disposable-Vape-18-600x396.png 600w, https:\/\/pgvape.com\/wp-content\/uploads\/2025\/10\/pgvape-Mr.Goodie-UWAKE-30000-30k-Puffs-Nasal-Mouth-Disposable-Vape-18-60x40.png 60w\" sizes=\"auto, (max-width: 1920px) 100vw, 1920px\" \/><\/p>\n<h2 class=\"header-vfC6AV auto-hide-last-sibling-br\"><\/h2>\n<h3><span style=\"font-size: 90%;\">Mr.Goodie UWAKE 30000 | 30k Puffs Nasal &amp; Mouth Disposable Vape Video:<\/span><\/h3>\n<h3 id=\"brxe-najhln\" class=\"brxe-heading\"><\/h3>\n<h2 class=\"header-vfC6AV auto-hide-last-sibling-br\">Vanliga fr\u00e5gor om Mr.Goodie UWAKE 30000 | 30k Puffs Nasal &amp; Mouth Disposable Vape<\/h2>\n<p data-sourcepos=\"40:1-41:128\">\u2753 <strong data-sourcepos=\"40:3-40:50\">\u201cHur fungerar dubbelinhaleringssystemet?<br \/>\n\u201c<\/strong> \u2705 <strong data-sourcepos=\"41:3-41:126\">\u201cVape traditionellt via munnen eller anv\u00e4nd n\u00e4sinandning f\u00f6r snabbare nikotinabsorption och unik k\u00e4nsla.\u201d<\/strong><\/p>\n<p data-sourcepos=\"43:1-44:101\">\u2753 <strong data-sourcepos=\"43:3-43:47\">\u201cVad g\u00f6r Dual Coils speciella?<br \/>\n\u201c<\/strong> \u2705 <strong data-sourcepos=\"44:3-44:99\">\u201cTwin 1.1\u03a9 Mesh Coils ger rikare smak och mjukare \u00e5nga fr\u00e5n b\u00e5da tankarna.\u201d<\/strong><\/p>\n<p data-sourcepos=\"46:1-47:98\">\u2753 <strong data-sourcepos=\"46:3-46:44\">\u201cHur l\u00e4nge r\u00e4cker batteriet?<br \/>\n\u201c<\/strong> \u2705 <strong data-sourcepos=\"47:3-47:96\">\u201c550mAh-batteriet st\u00f6der anv\u00e4ndning hela dagen; Type-C-laddning fyller br\u00e4nsle p\u00e5 30 minuter.\u201d<\/strong><\/p>\n<p data-sourcepos=\"49:1-50:89\">\u2753 <strong data-sourcepos=\"49:3-49:41\">\u201cKan jag sp\u00e5ra niv\u00e5er av e-v\u00e4tska?<br \/>\n\u201c<\/strong> \u2705 <strong data-sourcepos=\"50:3-50:87\">\u201cJa, den smarta sk\u00e4rmen visar e-v\u00e4tska och batteristatus i realtid.\u201d<\/strong><\/p>\n<p data-sourcepos=\"52:1-53:94\">\u2753 <strong data-sourcepos=\"52:3-52:49\">\u201cFinns h\u00f6gnikotinalternativ tillg\u00e4ngliga?<br \/>\n\u201c<\/strong> \u2705 <strong data-sourcepos=\"53:3-53:92\">\u201cV\u00e4lj 2% (m\u00e5ttlig) eller 5% (starkt) nikotinsalt f\u00f6r anpassad intensitet.\u201d<\/strong><\/p>\n<p>&nbsp;<\/p>\n<h3 id=\"brxe-najhln\" class=\"brxe-heading\">Vanliga fr\u00e5gor (FAQ)<\/h3>\n<div id=\"brxe-rajiac\" class=\"brxe-text\">\n<p><strong>F: Vilka betalningsmetoder accepterar du?<\/strong><br \/>\nS: Vi accepterar PayPal, Stripe, bank\u00f6verf\u00f6ringar (st\u00f6ds med SEPA), vanliga kreditkort (Visa, MasterCard, American Express) och betalningar i kryptovaluta.<\/p>\n<p><strong>F: Hur l\u00e5ng tid tar best\u00e4llningsberedningen?<\/strong><br \/>\nS: Best\u00e4llningsf\u00f6rberedelse tar 1-3 arbetsdagar.<\/p>\n<p><strong>F: Vad \u00e4r leveranstiden?<\/strong><br \/>\nS: Leveranstiden \u00e4r 7-14 arbetsdagar, beroende p\u00e5 var du befinner dig.<\/p>\n<p><strong>F: Hur kan jag sp\u00e5ra min best\u00e4llning?<\/strong><br \/>\nS: Efter leverans kommer du att f\u00e5 ett bekr\u00e4ftelsemail med ett sp\u00e5rningsnummer f\u00f6r sp\u00e5rning i realtid.<\/p>\n<p><strong>F: Vilken \u00e4r din returpolicy?<\/strong><br \/>\nS: Vi erbjuder en 30-dagars returpolicy f\u00f6r \u00e5terbetalningar eller byten. .<\/p>\n<p><strong>F: Kommer det att finnas n\u00e5gra tullproblem?<br \/>\n<\/strong>Vi hanterar alla tullf\u00f6rfaranden f\u00f6r att s\u00e4kerst\u00e4lla en problemfri upplevelse f\u00f6r dig. .<\/p>\n<p><strong>F: Vilka frakts\u00e4tt anv\u00e4nds?<\/strong><br \/>\nVi samarbetar med UPS\/DHL\/FEDEX\/DPD, etc. Vi kommer att v\u00e4lja l\u00e4mpligt fraktalternativ beroende p\u00e5 leveransland f\u00f6r att s\u00e4kerst\u00e4lla att du f\u00e5r dina produkter s\u00e5 snabbt som m\u00f6jligt.<\/p>\n<p><a href=\"https:\/\/pgvape.com\/sv\/vanliga-fragor\/\">Klicka h\u00e4r f\u00f6r mer FAQ<\/a><\/p>\n<p>K\u00e4ra kunder, Om du har n\u00e5gra fr\u00e5gor om din best\u00e4llning eller ankomsten av varor, v\u00e4nligen kontakta v\u00e5r kundtj\u00e4nst. Tack!<\/p>\n<h3 data-sourcepos=\"73:1-73:21\"><strong data-sourcepos=\"73:7-73:21\">Kontakta oss<\/strong><\/h3>\n<div id=\"text-2419739398\" class=\"text\">\n<p><strong data-sourcepos=\"75:3-75:12\">E-post<\/strong>:\u00a0<a href=\"mailto:support@pgvape.com\"><strong>support@pgvape.com<\/strong><\/a><\/p>\n<p><strong data-sourcepos=\"76:3-76:15\">WhatsApp<\/strong>: <a href=\"https:\/\/wa.me\/+8618128481258\"><strong>+86 18128481258<\/strong><\/a><br \/>\n<strong>(Svara inom 24 timmar p\u00e5 arbetsdagar)<\/strong><\/p>\n<\/div>\n<h3><strong>Tack f\u00f6r att du valde pgvape.com! .<\/strong><\/h3>\n<\/div>","protected":false},"excerpt":{"rendered":"<p><strong data-sourcepos=\"58:1-58:191\">\u201cMr. Goodie UWAKE 30000: V\u00e4rldens f\u00f6rsta eng\u00e5ngsvape med dubbla inhaleringar med 30 000 puffar, dubbla mesh-spolar, smart display och 12 smaker \u2013 som drivs av ett 550 mAh batteri.\u201d<\/strong><\/p>","protected":false},"featured_media":3709,"comment_status":"open","ping_status":"closed","template":"","meta":{"_seopress_robots_primary_cat":"none","_seopress_titles_title":"%%post_title%% %%sep%% %%sitetitle%%","_seopress_titles_desc":"","_seopress_robots_index":""},"product_brand":[516,311],"product_cat":[35,515,312],"product_tag":[38,134,90,323,324,136,204],"class_list":{"0":"post-3706","1":"product","2":"type-product","3":"status-publish","4":"has-post-thumbnail","6":"product_brand-disposable-vape","7":"product_brand-mr-goodie-vape","8":"product_cat-30k-puffs-vape","9":"product_cat-disposable-vape","10":"product_cat-mr-goodie-vape","11":"product_tag-30k-puffs","12":"product_tag-30k-vape","13":"product_tag-disposable-vape","14":"product_tag-mr-goodie-uwake","15":"product_tag-nasal-mouth","16":"product_tag-smart-screen","17":"product_tag-vape-factory-direct","19":"first","20":"outofstock","21":"sale","22":"shipping-taxable","23":"purchasable","24":"product-type-variable"},"_links":{"self":[{"href":"https:\/\/pgvape.com\/sv\/wp-json\/wp\/v2\/product\/3706","targetHints":{"allow":["GET"]}}],"collection":[{"href":"https:\/\/pgvape.com\/sv\/wp-json\/wp\/v2\/product"}],"about":[{"href":"https:\/\/pgvape.com\/sv\/wp-json\/wp\/v2\/types\/product"}],"replies":[{"embeddable":true,"href":"https:\/\/pgvape.com\/sv\/wp-json\/wp\/v2\/comments?post=3706"}],"wp:featuredmedia":[{"embeddable":true,"href":"https:\/\/pgvape.com\/sv\/wp-json\/wp\/v2\/media\/3709"}],"wp:attachment":[{"href":"https:\/\/pgvape.com\/sv\/wp-json\/wp\/v2\/media?parent=3706"}],"wp:term":[{"taxonomy":"product_brand","embeddable":true,"href":"https:\/\/pgvape.com\/sv\/wp-json\/wp\/v2\/product_brand?post=3706"},{"taxonomy":"product_cat","embeddable":true,"href":"https:\/\/pgvape.com\/sv\/wp-json\/wp\/v2\/product_cat?post=3706"},{"taxonomy":"product_tag","embeddable":true,"href":"https:\/\/pgvape.com\/sv\/wp-json\/wp\/v2\/product_tag?post=3706"}],"curies":[{"name":"wp","href":"https:\/\/api.w.org\/{rel}","templated":true}]}}