{"id":3657,"date":"2025-10-18T12:41:58","date_gmt":"2025-10-18T12:41:58","guid":{"rendered":"https:\/\/pgvape.com\/?post_type=product&#038;p=3657"},"modified":"2026-03-24T03:16:17","modified_gmt":"2026-03-24T03:16:17","slug":"mr-goodie-20000-20k-puffs-dubbellager-engangs-vape-uppladdningsbar-vape-fabrik-direkt","status":"publish","type":"product","link":"https:\/\/pgvape.com\/sv\/produkt\/mr-goodie-20000-20k-puffs-dubbellager-engangs-vape-uppladdningsbar-vape-fabrik-direkt\/","title":{"rendered":"Mr.Goodie 20000 20K Puffs Double Warehouse Disponibel Vape Uppladdningsbar Vape Factory Direct"},"content":{"rendered":"<div class=\"auto-hide-last-sibling-br paragraph-JOTKXA paragraph-element br-paragraph-space\">\n<p><strong data-sourcepos=\"4:5-4:67\">Mr.Goodie 20000 Puffs Double Warehouse Vape Pod f\u00f6r eng\u00e5ngsbruk<\/strong> Levererar <strong data-sourcepos=\"4:77-4:99\">O\u00f6vertr\u00e4ffad kapacitet<\/strong> Med <strong data-sourcepos=\"4:105-4:133\">40mL f\u00f6rfylld E-v\u00e4tska<\/strong> (20ml\u00d72) Och <strong data-sourcepos=\"4:147-4:174\">20 000 ultral\u00e5nga puffar<\/strong>. <strong data-sourcepos=\"4:188-4:206\">1,0\u03a9 Mesh Coil<\/strong> F\u00f6r rik smak och <strong data-sourcepos=\"4:227-4:258\">650mAh uppladdningsbart batteri<\/strong> Med <strong data-sourcepos=\"4:264-4:283\">Laddning av typ C<\/strong>, Den \u00e4r konstruerad f\u00f6r ut\u00f6kad prestanda. <strong data-sourcepos=\"4:334-4:360\">2% Eller 5% Nikotinsalt<\/strong> \u00d6ver <strong data-sourcepos=\"4:368-4:390\">12 premiumsmaker<\/strong> F\u00f6r anpassad tillfredsst\u00e4llelse.<\/p>\n<p>&nbsp;<\/p>\n<h2><span style=\"font-size: 90%; color: #333333;\">Specifikationer f\u00f6r Mr.Goodie 20000 20K Puffs Double Warehouse Disponibel Vape<\/span><\/h2>\n<\/div>\n<p><strong data-sourcepos=\"9:3-9:17\">Puff Count<\/strong>:\u00a0<strong data-sourcepos=\"9:19-9:35\">20 000 puffar<\/strong><\/p>\n<p><strong data-sourcepos=\"10:3-10:15\">E-v\u00e4tska<\/strong>:\u00a0<strong data-sourcepos=\"10:17-10:42\">40 ml (dubbla 20 ml kapslar)<\/strong><\/p>\n<p><strong data-sourcepos=\"11:3-11:15\">Nikotin<\/strong>:\u00a0<strong data-sourcepos=\"11:17-11:42\">2% \/ 5% Nikotinsalt<\/strong><\/p>\n<p><strong data-sourcepos=\"12:3-12:11\">Spole<\/strong>:\u00a0<strong data-sourcepos=\"12:13-12:31\">1,0\u03a9 Mesh Coil<\/strong><\/p>\n<p><strong data-sourcepos=\"13:3-13:14\">Batteri<\/strong>:\u00a0<strong data-sourcepos=\"13:16-13:39\">650mAh uppladdningsbar<\/strong><\/p>\n<p><strong data-sourcepos=\"14:3-14:15\">Laddar<\/strong>:\u00a0<strong data-sourcepos=\"14:17-14:37\">Typ-C snabbport<\/strong><\/p>\n<p><strong data-sourcepos=\"15:3-15:14\">Paket<\/strong>:\u00a0<strong data-sourcepos=\"15:16-15:59\">1 Pod + 2 TPU-beh\u00e5llare + Type-C-kabel<\/strong><\/p>\n<p>&nbsp;<\/p>\n<h3><span style=\"font-size: 90%;\">Mr.Goodie 20000 20K Puffs Double Warehouse Disponibel Vape Flavor List<\/span><\/h3>\n<p>1.Spjut mynta<\/p>\n<p>2.Citronregnb\u00e5ge<\/p>\n<p>3.Bear Candy<\/p>\n<p>4.Fryst vattenmelon<\/p>\n<p>5. Juicy Peach<\/p>\n<p>6. Lila druva<\/p>\n<p>7. Minthonungsdagg<\/p>\n<p>8. Jordgubbskiwi<\/p>\n<p>9. Fuji Apple<\/p>\n<p>10. Jordgubbsbanan<\/p>\n<p>11.Blue Razz<\/p>\n<p>12. Jordgubbsglass<img loading=\"lazy\" decoding=\"async\" class=\"alignnone wp-image-3689 size-full\" src=\"https:\/\/pgvape.com\/wp-content\/uploads\/2025\/10\/Mr.Goodie-20000-20K-Puffs-Double-Warehouse-Disposable-VapeMr.Goodie-20000-20K-Puffs-Double-Warehouse-Disposable-Vape-3_\u526f\u672c.png\" alt=\"\u00c5tta f\u00e4rgglada vapekapslar f\u00f6r eng\u00e5ngsbruk arrangerade i tv\u00e5 rader om fyra, var och en med en rundad vit topp, en leende hundlogotyp och etiketten &quot;mr.goodie 20 000 1 extra pod&quot;; .\" width=\"1500\" height=\"1500\" srcset=\"https:\/\/pgvape.com\/wp-content\/uploads\/2025\/10\/Mr.Goodie-20000-20K-Puffs-Double-Warehouse-Disposable-VapeMr.Goodie-20000-20K-Puffs-Double-Warehouse-Disposable-Vape-3_\u526f\u672c.png 1500w, https:\/\/pgvape.com\/wp-content\/uploads\/2025\/10\/Mr.Goodie-20000-20K-Puffs-Double-Warehouse-Disposable-VapeMr.Goodie-20000-20K-Puffs-Double-Warehouse-Disposable-Vape-3_\u526f\u672c-360x360.png 360w, https:\/\/pgvape.com\/wp-content\/uploads\/2025\/10\/Mr.Goodie-20000-20K-Puffs-Double-Warehouse-Disposable-VapeMr.Goodie-20000-20K-Puffs-Double-Warehouse-Disposable-Vape-3_\u526f\u672c-595x595.png 595w, https:\/\/pgvape.com\/wp-content\/uploads\/2025\/10\/Mr.Goodie-20000-20K-Puffs-Double-Warehouse-Disposable-VapeMr.Goodie-20000-20K-Puffs-Double-Warehouse-Disposable-Vape-3_\u526f\u672c-400x400.png 400w, https:\/\/pgvape.com\/wp-content\/uploads\/2025\/10\/Mr.Goodie-20000-20K-Puffs-Double-Warehouse-Disposable-VapeMr.Goodie-20000-20K-Puffs-Double-Warehouse-Disposable-Vape-3_\u526f\u672c-768x768.png 768w, https:\/\/pgvape.com\/wp-content\/uploads\/2025\/10\/Mr.Goodie-20000-20K-Puffs-Double-Warehouse-Disposable-VapeMr.Goodie-20000-20K-Puffs-Double-Warehouse-Disposable-Vape-3_\u526f\u672c-12x12.png 12w, https:\/\/pgvape.com\/wp-content\/uploads\/2025\/10\/Mr.Goodie-20000-20K-Puffs-Double-Warehouse-Disposable-VapeMr.Goodie-20000-20K-Puffs-Double-Warehouse-Disposable-Vape-3_\u526f\u672c-300x300.png 300w, https:\/\/pgvape.com\/wp-content\/uploads\/2025\/10\/Mr.Goodie-20000-20K-Puffs-Double-Warehouse-Disposable-VapeMr.Goodie-20000-20K-Puffs-Double-Warehouse-Disposable-Vape-3_\u526f\u672c-600x600.png 600w, https:\/\/pgvape.com\/wp-content\/uploads\/2025\/10\/Mr.Goodie-20000-20K-Puffs-Double-Warehouse-Disposable-VapeMr.Goodie-20000-20K-Puffs-Double-Warehouse-Disposable-Vape-3_\u526f\u672c-100x100.png 100w, https:\/\/pgvape.com\/wp-content\/uploads\/2025\/10\/Mr.Goodie-20000-20K-Puffs-Double-Warehouse-Disposable-VapeMr.Goodie-20000-20K-Puffs-Double-Warehouse-Disposable-Vape-3_\u526f\u672c-40x40.png 40w\" sizes=\"auto, (max-width: 1500px) 100vw, 1500px\" \/><\/p>\n<p>&nbsp;<\/p>\n<h3 class=\"brxe-heading\"><span style=\"font-size: 90%;\">Mr.Goodie 20000 20K Puffs Double Warehouse Disposable Vape Video:<\/span><\/h3>\n<h2 class=\"auto-hide-last-sibling-br paragraph-JOTKXA paragraph-element br-paragraph-space\"><span style=\"font-size: 90%;\"><span style=\"color: #333333;\">Vanliga fr\u00e5gor om <\/span>Mr.Goodie 20000 20K Puffs Double Warehouse Disponibel Vape<\/span><\/h2>\n<p data-sourcepos=\"36:1-37:108\">\u2753 <strong data-sourcepos=\"36:3-36:55\">\u201cHur fungerar dubbellagerdesignen?<br \/>\n\u201c<\/strong> \u2705 <strong data-sourcepos=\"37:3-37:106\">\u201cTv\u00e5 20 ml kapslar ger 40 ml totalt e-v\u00e4tska, vilket eliminerar frekventa p\u00e5fyllningar f\u00f6r l\u00e5ngvarig anv\u00e4ndning.\u201d<\/strong><\/p>\n<p data-sourcepos=\"39:1-40:110\">\u2753 <strong data-sourcepos=\"39:3-39:47\">\u201cVad g\u00f6r Mesh Coil \u00f6verl\u00e4gsen?<br \/>\n\u201c<\/strong> \u2705 <strong data-sourcepos=\"40:3-40:108\">\u201c1.0\u03a9 Mesh-spolen s\u00e4kerst\u00e4ller j\u00e4mn uppv\u00e4rmning, t\u00e4tare \u00e5nga och f\u00f6rb\u00e4ttrad smakklarhet.\u201d<\/strong><\/p>\n<p data-sourcepos=\"42:1-43:112\">\u2753 <strong data-sourcepos=\"42:3-42:37\">\u201c\u00c4r batteriet l\u00e5ngvarig?<br \/>\n\u201c<\/strong> \u2705 <strong data-sourcepos=\"43:3-43:110\">\u201c650mAh-batteriet st\u00f6der vaping hela dagen; laddning av typ C \u00e5terst\u00e4ller str\u00f6mmen p\u00e5 30 minuter.\u201d<\/strong><\/p>\n<p data-sourcepos=\"45:1-46:101\">\u2753 <strong data-sourcepos=\"45:3-45:44\">\u201cFinns det l\u00e5ga nikotinalternativ?<br \/>\n\u201c<\/strong> \u2705 <strong data-sourcepos=\"46:3-46:99\">\u201cJa! V\u00e4lj 2% (mild) eller 5% (starkt) nikotinsalt f\u00f6r personlig intensitet.\u201d<\/strong><\/p>\n<p data-sourcepos=\"48:1-49:87\">\u2753 <strong data-sourcepos=\"48:3-48:40\">\u201cVad ing\u00e5r i paketet?<br \/>\n\u201c<\/strong> \u2705 <strong data-sourcepos=\"49:3-49:85\">\u201c1 f\u00f6rfylld pod, 2 TPU-beh\u00e5llare och en typ-C-kabel f\u00f6r omedelbar anv\u00e4ndning.\u201d<\/strong><\/p>\n<p>&nbsp;<\/p>\n<h3 id=\"brxe-najhln\" class=\"brxe-heading\">Vanliga fr\u00e5gor (FAQ)<\/h3>\n<div id=\"brxe-rajiac\" class=\"brxe-text\">\n<p><strong>F: Vilka betalningsmetoder accepterar du?<\/strong><br \/>\nS: Vi accepterar PayPal, Stripe, bank\u00f6verf\u00f6ringar (st\u00f6ds med SEPA), vanliga kreditkort (Visa, MasterCard, American Express) och betalningar i kryptovaluta.<\/p>\n<p><strong>F: Hur l\u00e5ng tid tar best\u00e4llningsberedningen?<\/strong><br \/>\nS: Best\u00e4llningsf\u00f6rberedelse tar 1-3 arbetsdagar.<\/p>\n<p><strong>F: Vad \u00e4r leveranstiden?<\/strong><br \/>\nS: Leveranstiden \u00e4r 7-14 arbetsdagar, beroende p\u00e5 var du befinner dig.<\/p>\n<p><strong>F: Hur kan jag sp\u00e5ra min best\u00e4llning?<\/strong><br \/>\nS: Efter leverans kommer du att f\u00e5 ett bekr\u00e4ftelsemail med ett sp\u00e5rningsnummer f\u00f6r sp\u00e5rning i realtid.<\/p>\n<p><strong>F: Vilken \u00e4r din returpolicy?<\/strong><br \/>\nS: Vi erbjuder en 30-dagars returpolicy f\u00f6r \u00e5terbetalningar eller byten. .<\/p>\n<p><strong>F: Kommer det att finnas n\u00e5gra tullproblem?<br \/>\n<\/strong>Vi hanterar alla tullf\u00f6rfaranden f\u00f6r att s\u00e4kerst\u00e4lla en problemfri upplevelse f\u00f6r dig. .<\/p>\n<p><strong>F: Vilka frakts\u00e4tt anv\u00e4nds?<\/strong><br \/>\nVi samarbetar med UPS\/DHL\/FEDEX\/DPD, etc. Vi kommer att v\u00e4lja l\u00e4mpligt fraktalternativ beroende p\u00e5 leveransland f\u00f6r att s\u00e4kerst\u00e4lla att du f\u00e5r dina produkter s\u00e5 snabbt som m\u00f6jligt.<\/p>\n<p><a href=\"https:\/\/pgvape.com\/sv\/vanliga-fragor\/\">Klicka h\u00e4r f\u00f6r mer FAQ<\/a><\/p>\n<p>K\u00e4ra kunder, Om du har n\u00e5gra fr\u00e5gor om din best\u00e4llning eller ankomsten av varor, v\u00e4nligen kontakta v\u00e5r kundtj\u00e4nst. Tack!<\/p>\n<h3 data-sourcepos=\"73:1-73:21\"><strong data-sourcepos=\"73:7-73:21\">Kontakta oss<\/strong><\/h3>\n<div id=\"text-2419739398\" class=\"text\">\n<p><strong data-sourcepos=\"75:3-75:12\">E-post<\/strong>:\u00a0<a href=\"mailto:support@pgvape.com\"><strong>support@pgvape.com<\/strong><\/a><\/p>\n<p><strong data-sourcepos=\"76:3-76:15\">WhatsApp<\/strong>: <a href=\"https:\/\/wa.me\/+8618128481258\"><strong>+86 18128481258<\/strong><\/a><br \/>\n<strong>(Svara inom 24 timmar p\u00e5 arbetsdagar)<\/strong><\/p>\n<\/div>\n<h3><strong>Tack f\u00f6r att du valde pgvape.com! .<\/strong><\/h3>\n<\/div>","protected":false},"excerpt":{"rendered":"<p><strong data-sourcepos=\"54:1-54:186\">\u201cMr.Goodie 20000: Double Warehouse Disposable Pod med 40mL E-Liquid, 20 000 puffar, 1,0\u03a9 Mesh Coil och 12 smaker \u2013 som drivs av ett 650mAh uppladdningsbart batteri.\u201d<\/strong><\/p>","protected":false},"featured_media":3683,"comment_status":"open","ping_status":"closed","template":"","meta":{"_seopress_robots_primary_cat":"none","_seopress_titles_title":"%%post_title%% %%sep%% %%sitetitle%%","_seopress_titles_desc":"","_seopress_robots_index":""},"product_brand":[516,311],"product_cat":[84,515,312],"product_tag":[88,89,90,322,321,259],"class_list":{"0":"post-3657","1":"product","2":"type-product","3":"status-publish","4":"has-post-thumbnail","6":"product_brand-disposable-vape","7":"product_brand-mr-goodie-vape","8":"product_cat-20k-puffs-vape","9":"product_cat-disposable-vape","10":"product_cat-mr-goodie-vape","11":"product_tag-20k-puffs","12":"product_tag-20k-vape","13":"product_tag-disposable-vape","14":"product_tag-double-warehouse","15":"product_tag-mr-goodie-20000","16":"product_tag-rechargeable","18":"first","19":"instock","20":"sale","21":"shipping-taxable","22":"purchasable","23":"product-type-variable"},"_links":{"self":[{"href":"https:\/\/pgvape.com\/sv\/wp-json\/wp\/v2\/product\/3657","targetHints":{"allow":["GET"]}}],"collection":[{"href":"https:\/\/pgvape.com\/sv\/wp-json\/wp\/v2\/product"}],"about":[{"href":"https:\/\/pgvape.com\/sv\/wp-json\/wp\/v2\/types\/product"}],"replies":[{"embeddable":true,"href":"https:\/\/pgvape.com\/sv\/wp-json\/wp\/v2\/comments?post=3657"}],"wp:featuredmedia":[{"embeddable":true,"href":"https:\/\/pgvape.com\/sv\/wp-json\/wp\/v2\/media\/3683"}],"wp:attachment":[{"href":"https:\/\/pgvape.com\/sv\/wp-json\/wp\/v2\/media?parent=3657"}],"wp:term":[{"taxonomy":"product_brand","embeddable":true,"href":"https:\/\/pgvape.com\/sv\/wp-json\/wp\/v2\/product_brand?post=3657"},{"taxonomy":"product_cat","embeddable":true,"href":"https:\/\/pgvape.com\/sv\/wp-json\/wp\/v2\/product_cat?post=3657"},{"taxonomy":"product_tag","embeddable":true,"href":"https:\/\/pgvape.com\/sv\/wp-json\/wp\/v2\/product_tag?post=3657"}],"curies":[{"name":"wp","href":"https:\/\/api.w.org\/{rel}","templated":true}]}}