{"id":3416,"date":"2025-10-14T02:39:58","date_gmt":"2025-10-14T02:39:58","guid":{"rendered":"https:\/\/pgvape.com\/?post_type=product&#038;p=3416"},"modified":"2025-12-15T12:48:27","modified_gmt":"2025-12-15T12:48:27","slug":"zooy-zero-45000-45k-puffs-disponibel-vape-fin-kontroll-justerbart-luftflode-dubbel-mesh-coil-vape-fabrik-direkt","status":"publish","type":"product","link":"https:\/\/pgvape.com\/sv\/produkt\/zooy-zero-45000-45k-puffs-disponibel-vape-fin-kontroll-justerbart-luftflode-dubbel-mesh-coil-vape-fabrik-direkt\/","title":{"rendered":"ZOOY ZERO 45000 45K Puffs Disposable Vape Nic&amp;Ice Control Justerbart luftfl\u00f6de Dual Mesh Coil Vape Factory Direct"},"content":{"rendered":"<div class=\"auto-hide-last-sibling-br paragraph-JOTKXA paragraph-element br-paragraph-space\"><strong data-sourcepos=\"4:5-4:46\">ZOOY ZERO 45000 Puffs Disposable Vape<\/strong> Omdefinierar anpassning med <strong data-sourcepos=\"4:76-4:106\">Justerbar NIC&amp;ICE-kontroll<\/strong>, <strong data-sourcepos=\"4:108-4:127\">Dubbla Mesh Coils<\/strong>, Och <strong data-sourcepos=\"4:133-4:150\">Smart Display<\/strong>. <strong data-sourcepos=\"4:164-4:196\">1000mAh uppladdningsbart batteri<\/strong> Och <strong data-sourcepos=\"4:201-4:225\">Typ-C snabbladdning<\/strong>, det levererar <strong data-sourcepos=\"4:239-4:266\">45 000 ultral\u00e5nga puffar<\/strong>. <strong data-sourcepos=\"4:301-4:323\">Justerbart luftfl\u00f6de<\/strong> Och V\u00e4lj Fr\u00e5n <strong data-sourcepos=\"4:340-4:362\">10 premiumsmaker<\/strong> F\u00f6r skr\u00e4ddarsydd tillfredsst\u00e4llelse.<img loading=\"lazy\" decoding=\"async\" class=\"alignnone wp-image-3432 size-full\" style=\"font-size: 14.4px;\" src=\"https:\/\/pgvape.com\/wp-content\/uploads\/2025\/10\/pgvape-ZOOY-ZERO-45000-45k-puffs-NicIce-Control-Disposable-Vape-Factory-Direct-12.png\" alt=\"Reklambanner som visar Zooy Zero 45000 eng\u00e5ngsvape-enheter och f\u00f6rpackningar \u2013 tre f\u00e4rgglada pod-liknande enheter (bl\u00e5, r\u00f6d, gul) med cirkul\u00e4ra regnb\u00e5gssk\u00e4rmar och l\u00e5dor m\u00e4rkta Watermelon Ice, inst\u00e4llda mot en rosa-till-bl\u00e5 gradient med det stora produktnamnet ZOOY ZERO 45000 och ikoner f\u00f6r dual mesh och coil, och ikoner f\u00f6r dual mesh och coil. .\" width=\"1500\" height=\"312\" srcset=\"https:\/\/pgvape.com\/wp-content\/uploads\/2025\/10\/pgvape-ZOOY-ZERO-45000-45k-puffs-NicIce-Control-Disposable-Vape-Factory-Direct-12.png 1500w, https:\/\/pgvape.com\/wp-content\/uploads\/2025\/10\/pgvape-ZOOY-ZERO-45000-45k-puffs-NicIce-Control-Disposable-Vape-Factory-Direct-12-555x115.png 555w, https:\/\/pgvape.com\/wp-content\/uploads\/2025\/10\/pgvape-ZOOY-ZERO-45000-45k-puffs-NicIce-Control-Disposable-Vape-Factory-Direct-12-595x124.png 595w, https:\/\/pgvape.com\/wp-content\/uploads\/2025\/10\/pgvape-ZOOY-ZERO-45000-45k-puffs-NicIce-Control-Disposable-Vape-Factory-Direct-12-400x83.png 400w, https:\/\/pgvape.com\/wp-content\/uploads\/2025\/10\/pgvape-ZOOY-ZERO-45000-45k-puffs-NicIce-Control-Disposable-Vape-Factory-Direct-12-768x160.png 768w, https:\/\/pgvape.com\/wp-content\/uploads\/2025\/10\/pgvape-ZOOY-ZERO-45000-45k-puffs-NicIce-Control-Disposable-Vape-Factory-Direct-12-18x4.png 18w, https:\/\/pgvape.com\/wp-content\/uploads\/2025\/10\/pgvape-ZOOY-ZERO-45000-45k-puffs-NicIce-Control-Disposable-Vape-Factory-Direct-12-600x125.png 600w, https:\/\/pgvape.com\/wp-content\/uploads\/2025\/10\/pgvape-ZOOY-ZERO-45000-45k-puffs-NicIce-Control-Disposable-Vape-Factory-Direct-12-60x12.png 60w\" sizes=\"auto, (max-width: 1500px) 100vw, 1500px\" \/><\/div>\n<p>&nbsp;<\/p>\n<h3><span style=\"font-size: 90%;\">ZOOY ZERO 45000 | 45K Puffs Control Disposable Vape Specifikationer<\/span><\/h3>\n<p><strong data-sourcepos=\"9:3-9:17\">Puff Count<\/strong>:\u00a0<strong data-sourcepos=\"9:19-9:35\">45 000 puffar<\/strong><\/p>\n<p><strong data-sourcepos=\"10:3-10:15\">Nikotin<\/strong>:\u00a0<strong data-sourcepos=\"10:17-10:43\">Justerbar NIC-kontroll<\/strong><\/p>\n<p><strong data-sourcepos=\"11:3-11:14\">Kyl<\/strong>:\u00a0<strong data-sourcepos=\"11:16-11:42\">Justerbar ICE-kontroll<\/strong><\/p>\n<p><strong data-sourcepos=\"12:3-12:11\">Spole<\/strong>:\u00a0<strong data-sourcepos=\"12:13-12:44\">0,6\u03a9 + 1,5\u03a9 Dual Mesh Coils<\/strong><\/p>\n<p><strong data-sourcepos=\"13:3-13:14\">Batteri<\/strong>:\u00a0<strong data-sourcepos=\"13:16-13:40\">1000mAh uppladdningsbar<\/strong><\/p>\n<p><strong data-sourcepos=\"14:3-14:15\">Laddar<\/strong>:\u00a0<strong data-sourcepos=\"14:17-14:41\">Typ-C snabbladdning<\/strong><\/p>\n<p><strong data-sourcepos=\"15:3-15:14\">Visa<\/strong>:\u00a0<strong data-sourcepos=\"15:16-15:62\">Smart sk\u00e4rm (Puff Count\/Batteri\/E-Liquid)<\/strong><\/p>\n<p><strong data-sourcepos=\"16:3-16:14\">Luftfl\u00f6de<\/strong>:\u00a0<strong data-sourcepos=\"16:16-16:40\">Justerbar (MTL\/DTL)<\/strong><\/p>\n<p>&nbsp;<\/p>\n<h3><span style=\"font-size: 90%;\">ZOOY ZERO 45000 | 45K Puffs Control Disponibel Vape Flavor List<\/span><\/h3>\n<p>1. Vattenmelon Is<\/p>\n<p>2.Bl\u00e5b\u00e4ris<\/p>\n<p>3. Jordgubbsvattenmelon<\/p>\n<p>4.Citron Cola<\/p>\n<p>5. Jordgubbskiwi<\/p>\n<p>6. Druv\u00e4pple<\/p>\n<p>7. Strawberry Orange Pop<\/p>\n<p>8.Blue Razz Ice<\/p>\n<p>9.Bl\u00e5b\u00e4rsvattenmelon<\/p>\n<p>10.Mango Passion Guava<br \/>\n<img loading=\"lazy\" decoding=\"async\" class=\"alignnone wp-image-3430 size-full\" src=\"https:\/\/pgvape.com\/wp-content\/uploads\/2025\/10\/pgvape-ZOOY-ZERO-45000-45k-puffs-NicIce-Control-Disposable-Vape-Factory-Direct-10.png\" alt=\"Tio f\u00e4rgglada rektangul\u00e4ra vapeapparater f\u00f6r eng\u00e5ngsbruk ordnade i tv\u00e5 rader, var och en med ett svart munstycke, stor ZERO 45000-logotyp och sm\u00e5 smakkonstverk och etiketter inklusive Strawberry Watermelon, Strawberry Orange Pop, Mango Passion Guava, Blue Razz Ice, Blueberry Watermelon, Blueberry Ice, Lemon Cola, Kiwi, Strawberry, Strawberry Strawberry, Grawberry.\" width=\"1000\" height=\"1000\" srcset=\"https:\/\/pgvape.com\/wp-content\/uploads\/2025\/10\/pgvape-ZOOY-ZERO-45000-45k-puffs-NicIce-Control-Disposable-Vape-Factory-Direct-10.png 1000w, https:\/\/pgvape.com\/wp-content\/uploads\/2025\/10\/pgvape-ZOOY-ZERO-45000-45k-puffs-NicIce-Control-Disposable-Vape-Factory-Direct-10-360x360.png 360w, https:\/\/pgvape.com\/wp-content\/uploads\/2025\/10\/pgvape-ZOOY-ZERO-45000-45k-puffs-NicIce-Control-Disposable-Vape-Factory-Direct-10-595x595.png 595w, https:\/\/pgvape.com\/wp-content\/uploads\/2025\/10\/pgvape-ZOOY-ZERO-45000-45k-puffs-NicIce-Control-Disposable-Vape-Factory-Direct-10-400x400.png 400w, https:\/\/pgvape.com\/wp-content\/uploads\/2025\/10\/pgvape-ZOOY-ZERO-45000-45k-puffs-NicIce-Control-Disposable-Vape-Factory-Direct-10-768x768.png 768w, https:\/\/pgvape.com\/wp-content\/uploads\/2025\/10\/pgvape-ZOOY-ZERO-45000-45k-puffs-NicIce-Control-Disposable-Vape-Factory-Direct-10-12x12.png 12w, https:\/\/pgvape.com\/wp-content\/uploads\/2025\/10\/pgvape-ZOOY-ZERO-45000-45k-puffs-NicIce-Control-Disposable-Vape-Factory-Direct-10-300x300.png 300w, https:\/\/pgvape.com\/wp-content\/uploads\/2025\/10\/pgvape-ZOOY-ZERO-45000-45k-puffs-NicIce-Control-Disposable-Vape-Factory-Direct-10-600x600.png 600w, https:\/\/pgvape.com\/wp-content\/uploads\/2025\/10\/pgvape-ZOOY-ZERO-45000-45k-puffs-NicIce-Control-Disposable-Vape-Factory-Direct-10-100x100.png 100w, https:\/\/pgvape.com\/wp-content\/uploads\/2025\/10\/pgvape-ZOOY-ZERO-45000-45k-puffs-NicIce-Control-Disposable-Vape-Factory-Direct-10-40x40.png 40w\" sizes=\"auto, (max-width: 1000px) 100vw, 1000px\" \/><\/p>\n<h3><span style=\"font-size: 90%;\">ZOOY ZERO 45000 45K Puffs Nic&amp;Ice Control Disponibel Vape Video<strong>:<\/strong><\/span><\/h3>\n<p>&nbsp;<\/p>\n<h2 class=\"header-vfC6AV auto-hide-last-sibling-br\">Vanliga fr\u00e5gor om ZOOY ZERO 45000 | 45K Puffs Control Disposable Vape<\/h2>\n<p data-sourcepos=\"35:1-36:129\">\u2753 <strong data-sourcepos=\"35:3-35:47\">\u201cHur fungerar NIC&amp;ICE-kontrollen?<br \/>\n\u201c<\/strong> \u2705 <strong data-sourcepos=\"36:3-36:127\">\u201cJustera sj\u00e4lvst\u00e4ndigt nikotinstyrka och mentolkylning via intuitiva kontroller f\u00f6r personlig halstr\u00e4ff.\u201d<\/strong><\/p>\n<p data-sourcepos=\"38:1-39:115\">\u2753 <strong data-sourcepos=\"38:3-38:54\">\u201cVad \u00e4r speciellt med Dual Mesh Coils?<br \/>\n\u201c<\/strong> \u2705 <strong data-sourcepos=\"39:3-39:113\">\u201c0,6\u03a9 + 1,5\u03a9 Spolar optimerar smak\/\u00e5nga f\u00f6r b\u00e5de MTL (Tighter Draw) och DTL (Cloud Chasing).\u201d<\/strong><\/p>\n<p data-sourcepos=\"41:1-42:106\">\u2753 <strong data-sourcepos=\"41:3-41:47\">\u201cHur exakt \u00e4r den smarta sk\u00e4rmen?<br \/>\n\u201c<\/strong> \u2705 <strong data-sourcepos=\"42:3-42:104\">\u201cSp\u00e5rar puffr\u00e4kning i realtid, batteri % och e-v\u00e4tskeniv\u00e5er f\u00f6r exakt \u00f6vervakning.\u201d<\/strong><\/p>\n<p data-sourcepos=\"44:1-45:101\">\u2753 <strong data-sourcepos=\"44:3-44:41\">\u201c\u00c4r batteriet l\u00e5ngvarig?<br \/>\n\u201c<\/strong> \u2705 <strong data-sourcepos=\"45:3-45:99\">\u201c1000mAh-batteriet st\u00f6der 48+ timmar; Type-C-laddning tankar p\u00e5 45 minuter.\u201d<\/strong><\/p>\n<p data-sourcepos=\"47:1-48:104\">\u2753 <strong data-sourcepos=\"47:3-47:43\">\u201cKan jag anpassa \u00e5ngdensiteten?<br \/>\n\u201c<\/strong> \u2705 <strong data-sourcepos=\"48:3-48:102\">\u201cJa! Justerbart luftfl\u00f6de l\u00e5ter dig v\u00e4lja mellan begr\u00e4nsade MTL- eller luftiga DTL-dragningar.\u201d<\/strong><\/p>\n<p>&nbsp;<\/p>\n<h3 id=\"brxe-najhln\" class=\"brxe-heading\">Vanliga fr\u00e5gor (FAQ)<\/h3>\n<div id=\"brxe-rajiac\" class=\"brxe-text\">\n<p><strong>F: Vilka betalningsmetoder accepterar du?<\/strong><br \/>\nS: Vi accepterar PayPal, Stripe, bank\u00f6verf\u00f6ringar (st\u00f6ds med SEPA), vanliga kreditkort (Visa, MasterCard, American Express) och betalningar i kryptovaluta.<\/p>\n<p><strong>F: Hur l\u00e5ng tid tar best\u00e4llningsberedningen?<\/strong><br \/>\nS: Best\u00e4llningsf\u00f6rberedelse tar 1-3 arbetsdagar.<\/p>\n<p><strong>F: Vad \u00e4r leveranstiden?<\/strong><br \/>\nS: Leveranstiden \u00e4r 7-14 arbetsdagar, beroende p\u00e5 var du befinner dig.<\/p>\n<p><strong>F: Hur kan jag sp\u00e5ra min best\u00e4llning?<\/strong><br \/>\nS: Efter leverans kommer du att f\u00e5 ett bekr\u00e4ftelsemail med ett sp\u00e5rningsnummer f\u00f6r sp\u00e5rning i realtid.<\/p>\n<p><strong>F: Vilken \u00e4r din returpolicy?<\/strong><br \/>\nS: Vi erbjuder en 30-dagars returpolicy f\u00f6r \u00e5terbetalningar eller byten. .<\/p>\n<p><strong>F: Kommer det att finnas n\u00e5gra tullproblem?<br \/>\n<\/strong>Vi hanterar alla tullf\u00f6rfaranden f\u00f6r att s\u00e4kerst\u00e4lla en problemfri upplevelse f\u00f6r dig. .<\/p>\n<p><strong>F: Vilka frakts\u00e4tt anv\u00e4nds?<\/strong><br \/>\nVi samarbetar med UPS\/DHL\/FEDEX\/DPD, etc. Vi kommer att v\u00e4lja l\u00e4mpligt fraktalternativ beroende p\u00e5 leveransland f\u00f6r att s\u00e4kerst\u00e4lla att du f\u00e5r dina produkter s\u00e5 snabbt som m\u00f6jligt.<\/p>\n<p><a href=\"https:\/\/pgvape.com\/sv\/vanliga-fragor\/\">Klicka h\u00e4r f\u00f6r mer FAQ<\/a><\/p>\n<p>K\u00e4ra kunder, Om du har n\u00e5gra fr\u00e5gor om din best\u00e4llning eller ankomsten av varor, v\u00e4nligen kontakta v\u00e5r kundtj\u00e4nst. Tack!<\/p>\n<h3 data-sourcepos=\"73:1-73:21\"><strong data-sourcepos=\"73:7-73:21\">Kontakta oss<\/strong><\/h3>\n<div id=\"text-2419739398\" class=\"text\">\n<p><strong data-sourcepos=\"75:3-75:12\">E-post<\/strong>:\u00a0<a href=\"mailto:support@pgvape.com\"><strong>support@pgvape.com<\/strong><\/a><\/p>\n<p><strong data-sourcepos=\"76:3-76:15\">WhatsApp<\/strong>: <a href=\"https:\/\/wa.me\/+8618128481258\"><strong>+86 18128481258<\/strong><\/a><br \/>\n<strong>(Svara inom 24 timmar p\u00e5 arbetsdagar)<\/strong><\/p>\n<\/div>\n<h3><strong>Tack f\u00f6r att du valde pgvape.com! .<\/strong><\/h3>\n<\/div>","protected":false},"excerpt":{"rendered":"<p><strong data-sourcepos=\"53:1-53:209\">\u201cZOOY ZERO 45000: Den ultimata anpassningsbara eng\u00e5ngsvapen med NIC&amp;ICE-kontroll, dubbla mesh-spolar, smart display och 10 smaker \u2013 som drivs av ett 1000 mAh batteri f\u00f6r 45 000 puffar.\u201d<\/strong><\/p>","protected":false},"featured_media":3420,"comment_status":"open","ping_status":"closed","template":"","meta":{"_seopress_robots_primary_cat":"none","_seopress_titles_title":"%%post_title%% %%sep%% %%sitetitle%%","_seopress_titles_desc":"","_seopress_robots_index":""},"product_brand":[516,291],"product_cat":[308,515,290],"product_tag":[310,135,90,257,297,136,309],"class_list":{"0":"post-3416","1":"product","2":"type-product","3":"status-publish","4":"has-post-thumbnail","6":"product_brand-disposable-vape","7":"product_brand-zooy-vape","8":"product_cat-45k-puffs-vape","9":"product_cat-disposable-vape","10":"product_cat-zooy-vape","11":"product_tag-45k-puffs-vape","12":"product_tag-adjustable-airflow","13":"product_tag-disposable-vape","14":"product_tag-dual-mesh-coil","15":"product_tag-nicice-control","16":"product_tag-smart-screen","17":"product_tag-zooy-zero-45000","19":"first","20":"instock","21":"sale","22":"shipping-taxable","23":"purchasable","24":"product-type-variable"},"_links":{"self":[{"href":"https:\/\/pgvape.com\/sv\/wp-json\/wp\/v2\/product\/3416","targetHints":{"allow":["GET"]}}],"collection":[{"href":"https:\/\/pgvape.com\/sv\/wp-json\/wp\/v2\/product"}],"about":[{"href":"https:\/\/pgvape.com\/sv\/wp-json\/wp\/v2\/types\/product"}],"replies":[{"embeddable":true,"href":"https:\/\/pgvape.com\/sv\/wp-json\/wp\/v2\/comments?post=3416"}],"wp:featuredmedia":[{"embeddable":true,"href":"https:\/\/pgvape.com\/sv\/wp-json\/wp\/v2\/media\/3420"}],"wp:attachment":[{"href":"https:\/\/pgvape.com\/sv\/wp-json\/wp\/v2\/media?parent=3416"}],"wp:term":[{"taxonomy":"product_brand","embeddable":true,"href":"https:\/\/pgvape.com\/sv\/wp-json\/wp\/v2\/product_brand?post=3416"},{"taxonomy":"product_cat","embeddable":true,"href":"https:\/\/pgvape.com\/sv\/wp-json\/wp\/v2\/product_cat?post=3416"},{"taxonomy":"product_tag","embeddable":true,"href":"https:\/\/pgvape.com\/sv\/wp-json\/wp\/v2\/product_tag?post=3416"}],"curies":[{"name":"wp","href":"https:\/\/api.w.org\/{rel}","templated":true}]}}