{"id":3328,"date":"2025-10-13T11:16:01","date_gmt":"2025-10-13T11:16:01","guid":{"rendered":"https:\/\/pgvape.com\/?post_type=product&#038;p=3328"},"modified":"2025-12-15T12:49:35","modified_gmt":"2025-12-15T12:49:35","slug":"zooy-shisha-25000-25k-puffar-engangs-vape-luftflode-justerbar-animerad-skarm-vape-factory-direct","status":"publish","type":"product","link":"https:\/\/pgvape.com\/sv\/produkt\/zooy-shisha-25000-25k-puffar-engangs-vape-luftflode-justerbar-animerad-skarm-vape-factory-direct\/","title":{"rendered":"ZOOY SHISHA 25000 25K Puffs Disponibel Vape Luftfl\u00f6de Justerbar Animerad Sk\u00e4rm Vape Factory Direct"},"content":{"rendered":"<div class=\"auto-hide-last-sibling-br paragraph-JOTKXA paragraph-element br-paragraph-space\"><strong data-sourcepos=\"4:5-4:46\">ZOOY SHISHA 25K Puffs Disposable Vape<\/strong><span class=\"CustomP_animated_char__m3r9w\">\u00a0<\/span><span class=\"CustomP_animated_char__m3r9w\">Kombinerar<\/span><span class=\"CustomP_animated_char__m3r9w\">\u00a0<\/span><strong data-sourcepos=\"4:56-4:80\">Ut\u00f6kad prestanda<\/strong><span class=\"CustomP_animated_char__m3r9w\">\u00a0<\/span><span class=\"CustomP_animated_char__m3r9w\">Med<\/span><span class=\"CustomP_animated_char__m3r9w\">\u00a0<\/span><strong data-sourcepos=\"4:86-4:111\">Premium anpassning<\/strong><span class=\"CustomP_animated_char__m3r9w\">.<\/span><span class=\"CustomP_animated_char__m3r9w\">\u00a0<\/span><span class=\"CustomP_animated_char__m3r9w\">Med<\/span><span class=\"CustomP_animated_char__m3r9w\">\u00a0<\/span><strong data-sourcepos=\"4:123-4:139\">25 000 puffar<\/strong>, <strong data-sourcepos=\"4:141-4:167\">28 ml E-v\u00e4tskekapacitet<\/strong>, Och <strong data-sourcepos=\"4:173-4:191\">0,5\u03a9 Mesh Coil<\/strong>, det levererar <strong data-sourcepos=\"4:205-4:220\">Rik smak<\/strong> Och <strong data-sourcepos=\"4:225-4:241\">Smidig \u00e5nga<\/strong>. <strong data-sourcepos=\"4:255-4:279\">0%\/2%\/3%\/5% Nikotin<\/strong> Alternativ med <strong data-sourcepos=\"4:293-4:315\">Justerbart luftfl\u00f6de<\/strong> F\u00f6r <strong data-sourcepos=\"4:320-4:331\">MTL\/DTL<\/strong> Flexibilitet. <strong data-sourcepos=\"4:349-4:368\">Animerad sk\u00e4rm<\/strong>, <strong data-sourcepos=\"4:370-4:401\">650mAh uppladdningsbart batteri<\/strong>, Och <strong data-sourcepos=\"4:407-4:426\">Laddning av typ C<\/strong> S\u00e4kerst\u00e4ll bekv\u00e4m, l\u00e5ngvarig anv\u00e4ndning. <strong data-sourcepos=\"4:473-4:490\">Anti-dammlock<\/strong> Och <strong data-sourcepos=\"4:495-4:517\">10 premiumsmaker<\/strong><span class=\"CustomP_animated_char__m3r9w\">\u00a0<\/span><span class=\"CustomP_animated_char__m3r9w\">F\u00f6r<\/span><span class=\"CustomP_animated_char__m3r9w\">\u00a0<\/span><span class=\"CustomP_animated_char__m3r9w\">A<\/span><span class=\"CustomP_animated_char__m3r9w\">\u00a0<\/span><span class=\"CustomP_animated_char__m3r9w\">\u00d6verl\u00e4gsen<\/span><span class=\"CustomP_animated_char__m3r9w\">\u00a0<\/span><span class=\"CustomP_animated_char__m3r9w\">Vaping<\/span><span class=\"CustomP_animated_char__m3r9w\">\u00a0<\/span><span class=\"CustomP_animated_char__m3r9w\">Uppleva<\/span><span class=\"CustomP_animated_char__m3r9w\">.<\/span><span style=\"color: #555555; font-size: 14.4px;\">\u00a0<\/span><\/div>\n<p>&nbsp;<\/p>\n<h3><span style=\"font-size: 90%;\">ZOOY SHISHA 25000 | 25K Puffs Disposable Vape Specifikationer<\/span><\/h3>\n<p><strong data-sourcepos=\"9:3-9:17\">Puff Count<\/strong>:\u00a0<strong data-sourcepos=\"9:19-9:35\">25 000 puffar<\/strong><\/p>\n<p><strong data-sourcepos=\"10:3-10:15\">Nikotin<\/strong>:\u00a0<strong data-sourcepos=\"10:17-10:46\">0% \/ 2% \/ 3% \/ 5% Alternativ<\/strong><\/p>\n<p><strong data-sourcepos=\"11:3-11:15\">E-v\u00e4tska<\/strong>:\u00a0<strong data-sourcepos=\"11:17-11:44\">28 ml f\u00f6rfylld kapacitet<\/strong><\/p>\n<p><strong data-sourcepos=\"12:3-12:11\">Spole<\/strong>:\u00a0<strong data-sourcepos=\"12:13-12:31\">0,5\u03a9 Mesh Coil<\/strong><\/p>\n<p><strong data-sourcepos=\"13:3-13:14\">Batteri<\/strong>:\u00a0<strong data-sourcepos=\"13:16-13:39\">650mAh uppladdningsbar<\/strong><\/p>\n<p><strong data-sourcepos=\"14:3-14:15\">Laddar<\/strong>:\u00a0<strong data-sourcepos=\"14:17-14:41\">Typ-C snabbladdning<\/strong><\/p>\n<p><strong data-sourcepos=\"15:3-15:14\">Visa<\/strong>:\u00a0<strong data-sourcepos=\"15:16-15:41\">Animerad smart sk\u00e4rm<\/strong><\/p>\n<p><strong data-sourcepos=\"16:3-16:14\">Luftfl\u00f6de<\/strong>:\u00a0<strong data-sourcepos=\"16:16-16:40\">Justerbar (MTL\/DTL)<\/strong><\/p>\n<p><strong data-sourcepos=\"17:3-17:14\">Paket<\/strong>:\u00a0<strong data-sourcepos=\"17:16-17:42\">Inkluderar antidammskydd<\/strong><\/p>\n<p>&nbsp;<\/p>\n<h3><span style=\"font-size: 90%;\">ZOOY SHISHA 25000 | 25K puffar disponibel vape smaklista<\/span><\/h3>\n<p>1.Strawberry Ice<\/p>\n<p>2. Bananis<\/p>\n<p>3. K\u00e4rlek 777<\/p>\n<p>4.Mango Ice<\/p>\n<p>5. Rosa Lemonad<\/p>\n<p>6. Jordgubbsvattenmelon<\/p>\n<p>7. Jordgubbshallonis<\/p>\n<p>8.Bl\u00e5b\u00e4ris<\/p>\n<p>9. Vattenmelon Is<\/p>\n<p>10.Blandade b\u00e4r<img loading=\"lazy\" decoding=\"async\" class=\"alignnone wp-image-3346 size-full\" src=\"https:\/\/pgvape.com\/wp-content\/uploads\/2025\/10\/pgvape-ZOOY-SHISHA-25000-25K-Puffs-Disposable-Vape-Airflow-Ajustable-with-Animated-Screen-Vape-Factory-Direct-16.png\" alt=\"En rad svarta cylindriska vapeapparater f\u00f6r eng\u00e5ngsbruk med genomskinlig botten, sm\u00e5 digitala sk\u00e4rmar, f\u00e4rgglada p\u00e5skruvade dammskydd och matchande b\u00e4r\u00f6glor som visas i flera f\u00e4rgvarianter p\u00e5 cirkul\u00e4ra podier, med en ZOOY-logotyp, funktionsikoner och stor text &quot;2500 puffar&quot; i bakgrunden.\" width=\"1500\" height=\"1478\" srcset=\"https:\/\/pgvape.com\/wp-content\/uploads\/2025\/10\/pgvape-ZOOY-SHISHA-25000-25K-Puffs-Disposable-Vape-Airflow-Ajustable-with-Animated-Screen-Vape-Factory-Direct-16.png 1500w, https:\/\/pgvape.com\/wp-content\/uploads\/2025\/10\/pgvape-ZOOY-SHISHA-25000-25K-Puffs-Disposable-Vape-Airflow-Ajustable-with-Animated-Screen-Vape-Factory-Direct-16-365x360.png 365w, https:\/\/pgvape.com\/wp-content\/uploads\/2025\/10\/pgvape-ZOOY-SHISHA-25000-25K-Puffs-Disposable-Vape-Airflow-Ajustable-with-Animated-Screen-Vape-Factory-Direct-16-595x586.png 595w, https:\/\/pgvape.com\/wp-content\/uploads\/2025\/10\/pgvape-ZOOY-SHISHA-25000-25K-Puffs-Disposable-Vape-Airflow-Ajustable-with-Animated-Screen-Vape-Factory-Direct-16-400x394.png 400w, https:\/\/pgvape.com\/wp-content\/uploads\/2025\/10\/pgvape-ZOOY-SHISHA-25000-25K-Puffs-Disposable-Vape-Airflow-Ajustable-with-Animated-Screen-Vape-Factory-Direct-16-768x757.png 768w, https:\/\/pgvape.com\/wp-content\/uploads\/2025\/10\/pgvape-ZOOY-SHISHA-25000-25K-Puffs-Disposable-Vape-Airflow-Ajustable-with-Animated-Screen-Vape-Factory-Direct-16-12x12.png 12w, https:\/\/pgvape.com\/wp-content\/uploads\/2025\/10\/pgvape-ZOOY-SHISHA-25000-25K-Puffs-Disposable-Vape-Airflow-Ajustable-with-Animated-Screen-Vape-Factory-Direct-16-600x591.png 600w, https:\/\/pgvape.com\/wp-content\/uploads\/2025\/10\/pgvape-ZOOY-SHISHA-25000-25K-Puffs-Disposable-Vape-Airflow-Ajustable-with-Animated-Screen-Vape-Factory-Direct-16-100x100.png 100w, https:\/\/pgvape.com\/wp-content\/uploads\/2025\/10\/pgvape-ZOOY-SHISHA-25000-25K-Puffs-Disposable-Vape-Airflow-Ajustable-with-Animated-Screen-Vape-Factory-Direct-16-41x40.png 41w\" sizes=\"auto, (max-width: 1500px) 100vw, 1500px\" \/><\/p>\n<h3><span style=\"font-size: 90%;\">ZOOY SHISHA 25000 25K Puffs Disposable Vape Video<strong>:<\/strong><\/span><\/h3>\n<p>&nbsp;<\/p>\n<h2 class=\"header-vfC6AV auto-hide-last-sibling-br\">Vanliga fr\u00e5gor om ZOOY SHISHA 25000 | 25K Puffs Disposable Vape<\/h2>\n<p data-sourcepos=\"36:1-37:117\">\u2753 <strong data-sourcepos=\"36:3-36:56\">\u201cHur f\u00f6rb\u00e4ttrar 0,5\u03a9 Mesh Coil smaken?<br \/>\n\u201c<\/strong> \u2705 <strong data-sourcepos=\"37:3-37:115\">\u201cPrecisionsn\u00e4tspolen ger 30% mer yta f\u00f6r rikare smak och t\u00e4tare moln.\u201d<\/strong><\/p>\n<p data-sourcepos=\"39:1-40:116\">\u2753 <strong data-sourcepos=\"39:3-39:54\">\u201cVad \u00e4r speciellt med den animerade sk\u00e4rmen?<br \/>\n\u201c<\/strong> \u2705 <strong data-sourcepos=\"40:3-40:114\">\u201cVisar puffr\u00e4kning i realtid, batteritid och livfull grafik f\u00f6r en engagerande upplevelse.\u201d<\/strong><\/p>\n<p data-sourcepos=\"42:1-43:116\">\u2753 <strong data-sourcepos=\"42:3-42:49\">\u201cKan jag anv\u00e4nda detta f\u00f6r b\u00e5de MTL och DTL?<br \/>\n\u201c<\/strong> \u2705 <strong data-sourcepos=\"43:3-43:114\">\u201cJa! Justerbart luftfl\u00f6de l\u00e5ter dig v\u00e4xla mellan t\u00e4ta MTL-dragningar eller luftiga DTL-moln direkt.\u201d<\/strong><\/p>\n<p data-sourcepos=\"45:1-46:108\">\u2753 <strong data-sourcepos=\"45:3-45:58\">\u201c\u00c4r kapaciteten p\u00e5 28 ml tillr\u00e4ckligt f\u00f6r tunga vapers?<br \/>\n\u201c<\/strong> \u2705 <strong data-sourcepos=\"46:3-46:106\">\u201cKombinerat med 25 000 puffar \u00e4r den designad f\u00f6r l\u00e5ngvarig anv\u00e4ndning utan frekventa utbyten.\u201d<\/strong><\/p>\n<p data-sourcepos=\"48:1-49:97\">\u2753 <strong data-sourcepos=\"48:3-48:43\">\u201cVarf\u00f6r v\u00e4lja 0% Nikotinalternativ?<br \/>\n\u201c<\/strong> \u2705 <strong data-sourcepos=\"49:3-49:95\">\u201cPerfekt f\u00f6r smakfokuserad vaping eller de som gradvis minskar nikotinintaget.\u201d<\/strong><\/p>\n<p>&nbsp;<\/p>\n<h3 id=\"brxe-najhln\" class=\"brxe-heading\">Vanliga fr\u00e5gor (FAQ)<\/h3>\n<div id=\"brxe-rajiac\" class=\"brxe-text\">\n<p><strong>F: Vilka betalningsmetoder accepterar du?<\/strong><br \/>\nS: Vi accepterar PayPal, Stripe, bank\u00f6verf\u00f6ringar (st\u00f6ds med SEPA), vanliga kreditkort (Visa, MasterCard, American Express) och betalningar i kryptovaluta.<\/p>\n<p><strong>F: Hur l\u00e5ng tid tar best\u00e4llningsberedningen?<\/strong><br \/>\nS: Best\u00e4llningsf\u00f6rberedelse tar 1-3 arbetsdagar.<\/p>\n<p><strong>F: Vad \u00e4r leveranstiden?<\/strong><br \/>\nS: Leveranstiden \u00e4r 7-14 arbetsdagar, beroende p\u00e5 var du befinner dig.<\/p>\n<p><strong>F: Hur kan jag sp\u00e5ra min best\u00e4llning?<\/strong><br \/>\nS: Efter leverans kommer du att f\u00e5 ett bekr\u00e4ftelsemail med ett sp\u00e5rningsnummer f\u00f6r sp\u00e5rning i realtid.<\/p>\n<p><strong>F: Vilken \u00e4r din returpolicy?<\/strong><br \/>\nS: Vi erbjuder en 30-dagars returpolicy f\u00f6r \u00e5terbetalningar eller byten. .<\/p>\n<p><strong>F: Kommer det att finnas n\u00e5gra tullproblem?<br \/>\n<\/strong>Vi hanterar alla tullf\u00f6rfaranden f\u00f6r att s\u00e4kerst\u00e4lla en problemfri upplevelse f\u00f6r dig. .<\/p>\n<p><strong>F: Vilka frakts\u00e4tt anv\u00e4nds?<\/strong><br \/>\nVi samarbetar med UPS\/DHL\/FEDEX\/DPD, etc. Vi kommer att v\u00e4lja l\u00e4mpligt fraktalternativ beroende p\u00e5 leveransland f\u00f6r att s\u00e4kerst\u00e4lla att du f\u00e5r dina produkter s\u00e5 snabbt som m\u00f6jligt.<\/p>\n<p><a href=\"https:\/\/pgvape.com\/sv\/vanliga-fragor\/\">Klicka h\u00e4r f\u00f6r mer FAQ<\/a><\/p>\n<p>K\u00e4ra kunder, Om du har n\u00e5gra fr\u00e5gor om din best\u00e4llning eller ankomsten av varor, v\u00e4nligen kontakta v\u00e5r kundtj\u00e4nst. Tack!<\/p>\n<h3 data-sourcepos=\"73:1-73:21\"><strong data-sourcepos=\"73:7-73:21\">Kontakta oss<\/strong><\/h3>\n<div id=\"text-2419739398\" class=\"text\">\n<p><strong data-sourcepos=\"75:3-75:12\">E-post<\/strong>:\u00a0<a href=\"mailto:support@pgvape.com\"><strong>support@pgvape.com<\/strong><\/a><\/p>\n<p><strong data-sourcepos=\"76:3-76:15\">WhatsApp<\/strong>: <a href=\"https:\/\/wa.me\/+8618128481258\"><strong>+86 18128481258<\/strong><\/a><br \/>\n<strong>(Svara inom 24 timmar p\u00e5 arbetsdagar)<\/strong><\/p>\n<\/div>\n<h3><strong>Tack f\u00f6r att du valde pgvape.com! .<\/strong><\/h3>\n<\/div>","protected":false},"excerpt":{"rendered":"<p><strong data-sourcepos=\"54:1-54:213\">\u201cZOOY SHISHA 25K: Den ultimata anpassningsbara eng\u00e5ngsvapen med 25 000 puffar, 0,5 \u03a9 Mesh Coil, justerbart luftfl\u00f6de och 10 smaker - drivs av ett 650 mAh batteri med typ-C-laddning.\u201d<\/strong><\/p>","protected":false},"featured_media":3332,"comment_status":"open","ping_status":"closed","template":"","meta":{"_seopress_robots_primary_cat":"none","_seopress_titles_title":"%%post_title%% %%sep%% %%sitetitle%%","_seopress_titles_desc":"","_seopress_robots_index":""},"product_brand":[516,291],"product_cat":[94,515,290],"product_tag":[96,101,300,301,90,299],"class_list":{"0":"post-3328","1":"product","2":"type-product","3":"status-publish","4":"has-post-thumbnail","6":"product_brand-disposable-vape","7":"product_brand-zooy-vape","8":"product_cat-25k-puffs-vape","9":"product_cat-disposable-vape","10":"product_cat-zooy-vape","11":"product_tag-25k-puffs","12":"product_tag-25k-vape","13":"product_tag-airflow-ajustable","14":"product_tag-animated-screen","15":"product_tag-disposable-vape","16":"product_tag-zooy-shisha-25000","18":"first","19":"instock","20":"sale","21":"shipping-taxable","22":"purchasable","23":"product-type-variable"},"_links":{"self":[{"href":"https:\/\/pgvape.com\/sv\/wp-json\/wp\/v2\/product\/3328","targetHints":{"allow":["GET"]}}],"collection":[{"href":"https:\/\/pgvape.com\/sv\/wp-json\/wp\/v2\/product"}],"about":[{"href":"https:\/\/pgvape.com\/sv\/wp-json\/wp\/v2\/types\/product"}],"replies":[{"embeddable":true,"href":"https:\/\/pgvape.com\/sv\/wp-json\/wp\/v2\/comments?post=3328"}],"wp:featuredmedia":[{"embeddable":true,"href":"https:\/\/pgvape.com\/sv\/wp-json\/wp\/v2\/media\/3332"}],"wp:attachment":[{"href":"https:\/\/pgvape.com\/sv\/wp-json\/wp\/v2\/media?parent=3328"}],"wp:term":[{"taxonomy":"product_brand","embeddable":true,"href":"https:\/\/pgvape.com\/sv\/wp-json\/wp\/v2\/product_brand?post=3328"},{"taxonomy":"product_cat","embeddable":true,"href":"https:\/\/pgvape.com\/sv\/wp-json\/wp\/v2\/product_cat?post=3328"},{"taxonomy":"product_tag","embeddable":true,"href":"https:\/\/pgvape.com\/sv\/wp-json\/wp\/v2\/product_tag?post=3328"}],"curies":[{"name":"wp","href":"https:\/\/api.w.org\/{rel}","templated":true}]}}