{"id":3263,"date":"2025-10-13T09:18:02","date_gmt":"2025-10-13T09:18:02","guid":{"rendered":"https:\/\/pgvape.com\/?post_type=product&#038;p=3263"},"modified":"2025-12-15T12:50:22","modified_gmt":"2025-12-15T12:50:22","slug":"zooy-blaze-25000-25k-puffar-engangs-vape-luftflode-justerbar-helskarmsskarm-vape-fabrik-direkt","status":"publish","type":"product","link":"https:\/\/pgvape.com\/sv\/produkt\/zooy-blaze-25000-25k-puffar-engangs-vape-luftflode-justerbar-helskarmsskarm-vape-fabrik-direkt\/","title":{"rendered":"ZOOY Blaze 25000 25K Puffs Disponibel Vape Luftfl\u00f6de &amp; Kraft Justerbar Helsk\u00e4rm Vape Factory Direct"},"content":{"rendered":"<div class=\"auto-hide-last-sibling-br paragraph-JOTKXA paragraph-element br-paragraph-space\"><strong data-sourcepos=\"4:5-4:47\">ZOOY BLAZE 25000 Puffs Disposable Vape<\/strong> Erbjudanden <strong data-sourcepos=\"4:55-4:81\">Ultimat anpassning<\/strong> Med <strong data-sourcepos=\"4:87-4:109\">Justerbart luftfl\u00f6de<\/strong>, <strong data-sourcepos=\"4:111-4:136\">Variabel uteffekt<\/strong>, Och <strong data-sourcepos=\"4:142-4:161\">Dubbla Mesh Coils<\/strong>. <strong data-sourcepos=\"4:175-4:206\">650mAh uppladdningsbart batteri<\/strong>, <strong data-sourcepos=\"4:208-4:232\">Typ-C snabbladdning<\/strong>, Och <strong data-sourcepos=\"4:238-4:261\">Helsk\u00e4rmssk\u00e4rm<\/strong>, det levererar <strong data-sourcepos=\"4:275-4:302\">25 000 ultral\u00e5nga puffar<\/strong>. <strong data-sourcepos=\"4:316-4:338\">10 premiumsmaker<\/strong> I <strong data-sourcepos=\"4:342-4:363\">2%\/3%\/5% Nikotin<\/strong> F\u00f6r en skr\u00e4ddarsydd vapingupplevelse.<\/div>\n<p>&nbsp;<\/p>\n<h3><span style=\"font-size: 90%;\">ZOOY Blaze 25000 | 25K Puffs Disposable Vape Specifikationer<\/span><\/h3>\n<p><strong data-sourcepos=\"9:3-9:17\">Puff Count<\/strong>:\u00a0<strong data-sourcepos=\"9:19-9:35\">25 000 puffar<\/strong><\/p>\n<p><strong data-sourcepos=\"10:3-10:15\">Nikotin<\/strong>:\u00a0<strong data-sourcepos=\"10:17-10:41\">2% \/ 3% \/ 5% Alternativ<\/strong><\/p>\n<p><strong data-sourcepos=\"11:3-11:11\">Spole<\/strong>:\u00a0<strong data-sourcepos=\"11:13-11:46\">Dubbla mesh-spolar (1,0\u03a9 + 1,2\u03a9)<\/strong><\/p>\n<p><strong data-sourcepos=\"12:3-12:14\">Batteri<\/strong>:\u00a0<strong data-sourcepos=\"12:16-12:39\">650mAh uppladdningsbar<\/strong><\/p>\n<p><strong data-sourcepos=\"13:3-13:15\">Laddar<\/strong>:\u00a0<strong data-sourcepos=\"13:17-13:41\">Typ-C snabbladdning<\/strong><\/p>\n<p><strong data-sourcepos=\"14:3-14:14\">Visa<\/strong>:\u00a0<strong data-sourcepos=\"14:16-14:35\">Helsk\u00e4rms LED<\/strong><\/p>\n<p><strong data-sourcepos=\"15:3-15:18\">Justeringar<\/strong>:\u00a0<strong data-sourcepos=\"15:20-15:47\">Luftfl\u00f6de &amp; Power Control<\/strong><\/p>\n<p>&nbsp;<\/p>\n<h3><span style=\"font-size: 90%;\">ZOOY Blaze 25000 | 25K puffar disponibel vape smaklista<\/span><\/h3>\n<p><strong>1. Vattenmelon Is<\/strong><\/p>\n<p><strong>2.Bl\u00e5b\u00e4ris<\/strong><\/p>\n<p><strong>3.Jordgubbskiwi<\/strong><\/p>\n<p><strong>4.Druva citron<\/strong><\/p>\n<p><strong>5.Apple Peach<\/strong><\/p>\n<p><strong>6.Blue Razz Lemonade<\/strong><\/p>\n<p><strong>7. Jordgubbsvattenmelon<\/strong><\/p>\n<p><strong>8.Blackberry Cherry Citron<\/strong><\/p>\n<p><strong>9.Blandade b\u00e4r<\/strong><\/p>\n<p><strong>10.Bl\u00e5 mynta<\/strong>\u00a0(Bl\u00e5b\u00e4rsmynta)<br \/>\n<img loading=\"lazy\" decoding=\"async\" class=\"alignnone wp-image-3284 size-full\" src=\"https:\/\/pgvape.com\/wp-content\/uploads\/2025\/10\/pgvape-ZOOY-BlAZE-25000-25K-Puffs-Disposable-Vape-Adjustable-Airflow-Adjustable-Power-Full-Screen-Display-Vape-Factory-Direct-18.png\" alt=\"Elva f\u00e4rgglada vape-enheter i pod-stil arrangerade i tv\u00e5 rader p\u00e5 en vit bakgrund, var och en med en svart oval digital display som visar m\u00e5ngf\u00e4rgade indikatorringar och sm\u00e5 ikoner, m\u00e4rkta undertill med smaknamn p\u00e5 engelska och kinesiska som Watermelon Ice, Blueberry Ice, Strawberry Kiwi, Grape Juice, Apple Peach, Cool Mint, Blackberry Blue Razz, Blackberry Blue Razz, Strawberry Blue. .\" width=\"1000\" height=\"1000\" srcset=\"https:\/\/pgvape.com\/wp-content\/uploads\/2025\/10\/pgvape-ZOOY-BlAZE-25000-25K-Puffs-Disposable-Vape-Adjustable-Airflow-Adjustable-Power-Full-Screen-Display-Vape-Factory-Direct-18.png 1000w, https:\/\/pgvape.com\/wp-content\/uploads\/2025\/10\/pgvape-ZOOY-BlAZE-25000-25K-Puffs-Disposable-Vape-Adjustable-Airflow-Adjustable-Power-Full-Screen-Display-Vape-Factory-Direct-18-360x360.png 360w, https:\/\/pgvape.com\/wp-content\/uploads\/2025\/10\/pgvape-ZOOY-BlAZE-25000-25K-Puffs-Disposable-Vape-Adjustable-Airflow-Adjustable-Power-Full-Screen-Display-Vape-Factory-Direct-18-595x595.png 595w, https:\/\/pgvape.com\/wp-content\/uploads\/2025\/10\/pgvape-ZOOY-BlAZE-25000-25K-Puffs-Disposable-Vape-Adjustable-Airflow-Adjustable-Power-Full-Screen-Display-Vape-Factory-Direct-18-400x400.png 400w, https:\/\/pgvape.com\/wp-content\/uploads\/2025\/10\/pgvape-ZOOY-BlAZE-25000-25K-Puffs-Disposable-Vape-Adjustable-Airflow-Adjustable-Power-Full-Screen-Display-Vape-Factory-Direct-18-768x768.png 768w, https:\/\/pgvape.com\/wp-content\/uploads\/2025\/10\/pgvape-ZOOY-BlAZE-25000-25K-Puffs-Disposable-Vape-Adjustable-Airflow-Adjustable-Power-Full-Screen-Display-Vape-Factory-Direct-18-12x12.png 12w, https:\/\/pgvape.com\/wp-content\/uploads\/2025\/10\/pgvape-ZOOY-BlAZE-25000-25K-Puffs-Disposable-Vape-Adjustable-Airflow-Adjustable-Power-Full-Screen-Display-Vape-Factory-Direct-18-300x300.png 300w, https:\/\/pgvape.com\/wp-content\/uploads\/2025\/10\/pgvape-ZOOY-BlAZE-25000-25K-Puffs-Disposable-Vape-Adjustable-Airflow-Adjustable-Power-Full-Screen-Display-Vape-Factory-Direct-18-600x600.png 600w, https:\/\/pgvape.com\/wp-content\/uploads\/2025\/10\/pgvape-ZOOY-BlAZE-25000-25K-Puffs-Disposable-Vape-Adjustable-Airflow-Adjustable-Power-Full-Screen-Display-Vape-Factory-Direct-18-100x100.png 100w, https:\/\/pgvape.com\/wp-content\/uploads\/2025\/10\/pgvape-ZOOY-BlAZE-25000-25K-Puffs-Disposable-Vape-Adjustable-Airflow-Adjustable-Power-Full-Screen-Display-Vape-Factory-Direct-18-40x40.png 40w\" sizes=\"auto, (max-width: 1000px) 100vw, 1000px\" \/><\/p>\n<h3><span style=\"font-size: 90%;\">ZOOY Blaze 25000 25K Puffs Disposable Vape Video<strong>:<\/strong><\/span><\/h3>\n<p>&nbsp;<\/p>\n<h2 class=\"header-vfC6AV auto-hide-last-sibling-br\">Vanliga fr\u00e5gor om ZOOY Blaze 25000 | 25K Puffs Disposable Vape<\/h2>\n<p data-sourcepos=\"34:1-35:94\">\u2753 <strong data-sourcepos=\"34:3-34:50\">Vad g\u00f6r ZOOY BLAZE 25000 unik?<br \/>\n<\/strong> \u2705 <strong data-sourcepos=\"35:3-35:25\">Justerbart luftfl\u00f6de<\/strong>, <strong data-sourcepos=\"35:27-35:44\">Power Control<\/strong>, Och <strong data-sourcepos=\"35:50-35:69\">Dubbla Mesh Coils<\/strong> F\u00f6r skr\u00e4ddarsydd vaping.<\/p>\n<p data-sourcepos=\"37:1-38:45\">\u2753 <strong data-sourcepos=\"37:3-37:38\">Hur m\u00e5nga bloss ger den?<br \/>\n<\/strong> \u2705 <strong data-sourcepos=\"38:3-38:25\">Upp till 25 000 bloss<\/strong> F\u00f6r l\u00e5ngvarig anv\u00e4ndning.<\/p>\n<p data-sourcepos=\"40:1-41:58\">\u2753 <strong data-sourcepos=\"40:3-40:35\">\u00c4r batteriet uppladdningsbart?<\/strong><br \/>\n\u2705 <strong data-sourcepos=\"41:3-41:10\">Ja<\/strong>, <strong data-sourcepos=\"41:12-41:30\">650mAh batteri<\/strong> Med <strong data-sourcepos=\"41:36-41:55\">Laddning av typ C<\/strong>.<\/p>\n<p data-sourcepos=\"43:1-44:54\">\u2753 <strong data-sourcepos=\"43:3-43:43\">Vilka nikotinalternativ finns tillg\u00e4ngliga?<br \/>\n<\/strong> \u2705 <strong data-sourcepos=\"44:3-44:9\">2%<\/strong>, <strong data-sourcepos=\"44:11-44:17\">3%<\/strong>, Och <strong data-sourcepos=\"44:23-44:43\">5% Nikotinsalt<\/strong> Alternativ.<\/p>\n<p data-sourcepos=\"46:1-47:75\">\u2753 <strong data-sourcepos=\"46:3-46:37\">Har den en sk\u00e4rm?<br \/>\n<\/strong> \u2705 <strong data-sourcepos=\"47:3-47:22\">Helsk\u00e4rms LED<\/strong> Shower <strong data-sourcepos=\"47:29-47:40\">Batteri<\/strong>, <strong data-sourcepos=\"47:42-47:54\">E-v\u00e4tska<\/strong>, Och <strong data-sourcepos=\"47:60-47:72\">Inst\u00e4llningar<\/strong>.<\/p>\n<p>&nbsp;<\/p>\n<h3 id=\"brxe-najhln\" class=\"brxe-heading\">Vanliga fr\u00e5gor (FAQ)<\/h3>\n<div id=\"brxe-rajiac\" class=\"brxe-text\">\n<p><strong>F: Vilka betalningsmetoder accepterar du?<\/strong><br \/>\nS: Vi accepterar PayPal, Stripe, bank\u00f6verf\u00f6ringar (st\u00f6ds med SEPA), vanliga kreditkort (Visa, MasterCard, American Express) och betalningar i kryptovaluta.<\/p>\n<p><strong>F: Hur l\u00e5ng tid tar best\u00e4llningsberedningen?<\/strong><br \/>\nS: Best\u00e4llningsf\u00f6rberedelse tar 1-3 arbetsdagar.<\/p>\n<p><strong>F: Vad \u00e4r leveranstiden?<\/strong><br \/>\nS: Leveranstiden \u00e4r 7-14 arbetsdagar, beroende p\u00e5 var du befinner dig.<\/p>\n<p><strong>F: Hur kan jag sp\u00e5ra min best\u00e4llning?<\/strong><br \/>\nS: Efter leverans kommer du att f\u00e5 ett bekr\u00e4ftelsemail med ett sp\u00e5rningsnummer f\u00f6r sp\u00e5rning i realtid.<\/p>\n<p><strong>F: Vilken \u00e4r din returpolicy?<\/strong><br \/>\nS: Vi erbjuder en 30-dagars returpolicy f\u00f6r \u00e5terbetalningar eller byten. .<\/p>\n<p><strong>F: Kommer det att finnas n\u00e5gra tullproblem?<br \/>\n<\/strong>Vi hanterar alla tullf\u00f6rfaranden f\u00f6r att s\u00e4kerst\u00e4lla en problemfri upplevelse f\u00f6r dig. .<\/p>\n<p><strong>F: Vilka frakts\u00e4tt anv\u00e4nds?<\/strong><br \/>\nVi samarbetar med UPS\/DHL\/FEDEX\/DPD, etc. Vi kommer att v\u00e4lja l\u00e4mpligt fraktalternativ beroende p\u00e5 leveransland f\u00f6r att s\u00e4kerst\u00e4lla att du f\u00e5r dina produkter s\u00e5 snabbt som m\u00f6jligt.<\/p>\n<p><a href=\"https:\/\/pgvape.com\/sv\/vanliga-fragor\/\">Klicka h\u00e4r f\u00f6r mer FAQ<\/a><\/p>\n<p>K\u00e4ra kunder, Om du har n\u00e5gra fr\u00e5gor om din best\u00e4llning eller ankomsten av varor, v\u00e4nligen kontakta v\u00e5r kundtj\u00e4nst. Tack!<\/p>\n<h3 data-sourcepos=\"73:1-73:21\"><strong data-sourcepos=\"73:7-73:21\">Kontakta oss<\/strong><\/h3>\n<div id=\"text-2419739398\" class=\"text\">\n<p><strong data-sourcepos=\"75:3-75:12\">E-post<\/strong>:\u00a0<a href=\"mailto:support@pgvape.com\"><strong>support@pgvape.com<\/strong><\/a><\/p>\n<p><strong data-sourcepos=\"76:3-76:15\">WhatsApp<\/strong>: <a href=\"https:\/\/wa.me\/+8618128481258\"><strong>+86 18128481258<\/strong><\/a><br \/>\n<strong>(Svara inom 24 timmar p\u00e5 arbetsdagar)<\/strong><\/p>\n<\/div>\n<h3><strong>Tack f\u00f6r att du valde pgvape.com! .<\/strong><\/h3>\n<\/div>","protected":false},"excerpt":{"rendered":"<p><strong data-sourcepos=\"52:1-52:216\">\u201cZOOY BLAZE 25000: Den ultimata anpassningsbara eng\u00e5ngsvapen med 25K puffar, dubbla mesh-spolar, justerbart luftfl\u00f6de\/kraft och 10 smaker - drivs av 650 mAh batteri med typ-C-laddning.\u201d<\/strong><\/p>","protected":false},"featured_media":3267,"comment_status":"open","ping_status":"closed","template":"","meta":{"_seopress_robots_primary_cat":"none","_seopress_titles_title":"%%post_title%% %%sep%% %%sitetitle%%","_seopress_titles_desc":"","_seopress_robots_index":""},"product_brand":[516,291],"product_cat":[94,515,290],"product_tag":[96,101,293,90,294,292],"class_list":{"0":"post-3263","1":"product","2":"type-product","3":"status-publish","4":"has-post-thumbnail","6":"product_brand-disposable-vape","7":"product_brand-zooy-vape","8":"product_cat-25k-puffs-vape","9":"product_cat-disposable-vape","10":"product_cat-zooy-vape","11":"product_tag-25k-puffs","12":"product_tag-25k-vape","13":"product_tag-airflowpower-ajustable","14":"product_tag-disposable-vape","15":"product_tag-full-screen-display","16":"product_tag-zooy-blaze-25000","18":"first","19":"instock","20":"sale","21":"shipping-taxable","22":"purchasable","23":"product-type-variable"},"_links":{"self":[{"href":"https:\/\/pgvape.com\/sv\/wp-json\/wp\/v2\/product\/3263","targetHints":{"allow":["GET"]}}],"collection":[{"href":"https:\/\/pgvape.com\/sv\/wp-json\/wp\/v2\/product"}],"about":[{"href":"https:\/\/pgvape.com\/sv\/wp-json\/wp\/v2\/types\/product"}],"replies":[{"embeddable":true,"href":"https:\/\/pgvape.com\/sv\/wp-json\/wp\/v2\/comments?post=3263"}],"wp:featuredmedia":[{"embeddable":true,"href":"https:\/\/pgvape.com\/sv\/wp-json\/wp\/v2\/media\/3267"}],"wp:attachment":[{"href":"https:\/\/pgvape.com\/sv\/wp-json\/wp\/v2\/media?parent=3263"}],"wp:term":[{"taxonomy":"product_brand","embeddable":true,"href":"https:\/\/pgvape.com\/sv\/wp-json\/wp\/v2\/product_brand?post=3263"},{"taxonomy":"product_cat","embeddable":true,"href":"https:\/\/pgvape.com\/sv\/wp-json\/wp\/v2\/product_cat?post=3263"},{"taxonomy":"product_tag","embeddable":true,"href":"https:\/\/pgvape.com\/sv\/wp-json\/wp\/v2\/product_tag?post=3263"}],"curies":[{"name":"wp","href":"https:\/\/api.w.org\/{rel}","templated":true}]}}