{"id":3230,"date":"2025-10-12T14:16:18","date_gmt":"2025-10-12T14:16:18","guid":{"rendered":"https:\/\/pgvape.com\/?post_type=product&#038;p=3230"},"modified":"2026-01-27T10:32:50","modified_gmt":"2026-01-27T10:32:50","slug":"okso-shisha-max-40000-40k-puffar-disponibel-vape-0-2-3-5-nikotin-10-smaker-med-led-display-vape-factory-direct","status":"publish","type":"product","link":"https:\/\/pgvape.com\/sv\/produkt\/okso-shisha-max-40000-40k-puffar-disponibel-vape-0-2-3-5-nikotin-10-smaker-med-led-display-vape-factory-direct\/","title":{"rendered":"OKSO Shisha Max 40000 | 40K Puffs Disponibel Vape | 0% 2% 3% 5% Nikotin | 10Smaker | Med LED-display | Vape Factory"},"content":{"rendered":"<p><strong data-sourcepos=\"4:5-4:50\">OKSO Shisha Max 40K Puffs Disposable Vape<\/strong> Levererar <strong data-sourcepos=\"4:60-4:84\">Ut\u00f6kad prestanda<\/strong> Med <strong data-sourcepos=\"4:90-4:117\">40 000 ultral\u00e5nga puffar<\/strong> Och <strong data-sourcepos=\"4:122-4:148\">36mL E-v\u00e4tskekapacitet<\/strong>. <strong data-sourcepos=\"4:164-4:195\">800mAh uppladdningsbart batteri<\/strong> Och <strong data-sourcepos=\"4:200-4:218\">0,6\u03a9 Mesh Coil<\/strong>, Det s\u00e4kerst\u00e4ller <strong data-sourcepos=\"4:231-4:247\">Smidig \u00e5nga<\/strong> Och <strong data-sourcepos=\"4:252-4:267\">Rik smak<\/strong>. <strong data-sourcepos=\"4:286-4:308\">Justerbart luftfl\u00f6de<\/strong>, <strong data-sourcepos=\"4:310-4:327\">Power Control<\/strong>, <strong data-sourcepos=\"4:329-4:344\">LED-display<\/strong>, Och <strong data-sourcepos=\"4:350-4:371\">S\u00e4kerhet f\u00f6r barnl\u00e5s<\/strong>. <strong data-sourcepos=\"4:386-4:408\">10 premiumsmaker<\/strong> Och <strong data-sourcepos=\"4:413-4:434\">2%\/3%\/5% Nikotin<\/strong> Tillval, f\u00f6rpackade <strong data-sourcepos=\"4:453-4:466\">10 st\/kartong<\/strong> F\u00f6r detaljhandel\/grossist<\/p>\n<p>&nbsp;<\/p>\n<h2><span style=\"font-size: 90%;\">OKSO Shisha Max 40000 | 40K Puffs Disposable Vape Specifikationer<\/span><\/h2>\n<p><strong data-sourcepos=\"9:3-9:17\">Puff Count<\/strong>:\u00a0<strong data-sourcepos=\"9:19-9:35\">40 000 puffar<\/strong><\/p>\n<p><strong data-sourcepos=\"10:3-10:15\">Nikotin<\/strong>:\u00a0<strong data-sourcepos=\"10:17-10:41\">2% \/ 3% \/ 5% Alternativ<\/strong><\/p>\n<p><strong data-sourcepos=\"11:3-11:15\">E-v\u00e4tska<\/strong>:\u00a0<strong data-sourcepos=\"11:17-11:34\">36 ml kapacitet<\/strong><\/p>\n<p><strong data-sourcepos=\"12:3-12:11\">Spole<\/strong>:\u00a0<strong data-sourcepos=\"12:13-12:31\">0,6\u03a9 Mesh Coil<\/strong><\/p>\n<p><strong data-sourcepos=\"13:3-13:14\">Batteri<\/strong>:\u00a0<strong data-sourcepos=\"13:16-13:39\">800mAh uppladdningsbar<\/strong><\/p>\n<p><strong data-sourcepos=\"14:3-14:15\">Laddar<\/strong>:\u00a0<strong data-sourcepos=\"14:17-14:41\">Typ-C snabbladdning<\/strong><\/p>\n<p><strong data-sourcepos=\"15:3-15:14\">Visa<\/strong>:\u00a0<strong data-sourcepos=\"15:16-15:49\">LED-sk\u00e4rm (Batteri\/E-Liquid)<\/strong><\/p>\n<p><strong data-sourcepos=\"16:3-16:13\">S\u00e4kerhet<\/strong>:\u00a0<strong data-sourcepos=\"16:15-16:37\">Barnl\u00e5sfunktion<\/strong><\/p>\n<p><strong data-sourcepos=\"17:3-17:14\">Paket<\/strong>:\u00a0<strong data-sourcepos=\"17:16-17:34\">10 enheter\/l\u00e5da<br \/>\n<\/strong><\/p>\n<p>&nbsp;<\/p>\n<h3><span style=\"font-size: 90%;\">OKSO Shisha Max 40000 | 40K puffar disponibel vape smaklista<\/span><\/h3>\n<p>1.Tv\u00e5 Apple<\/p>\n<p>2. Druvmynta<\/p>\n<p>3.Cherry Fiesta<\/p>\n<p>4.Peach Ice<\/p>\n<p>5.Magisk k\u00e4rlek<\/p>\n<p>6. Strawberry Punch<\/p>\n<p>7.Blue Razz Ice<\/p>\n<p>8. Lush Ice<\/p>\n<p>9. Jordgubbsvattenmelon<\/p>\n<p>10.B\u00e4rmynta<img loading=\"lazy\" decoding=\"async\" class=\"alignnone wp-image-3243 size-full\" src=\"https:\/\/pgvape.com\/wp-content\/uploads\/2025\/10\/pgvape-OKSO-Shisha-Max-40000-40K-Puffs-Disposable-Vape-With-LED-Display-Airflow-Adjustable-Vape-Factory-Direct-10.png\" alt=\"Kampanjbanner f\u00f6r OKSO Shisha eng\u00e5ngsvape som visar stor \u201c40000 PUFFS\u201d-text, f\u00e4rgglada cylindriska enheter med LED-display i tv\u00e5 rader med smaknamn, produktboxar och nyckelspecifikationer listade (36 ml e-v\u00e4tska, 800 mAh batteri, 0,6\u03a9 mesh-batteriladdningsbar, typ).\" width=\"2000\" height=\"1000\" srcset=\"https:\/\/pgvape.com\/wp-content\/uploads\/2025\/10\/pgvape-OKSO-Shisha-Max-40000-40K-Puffs-Disposable-Vape-With-LED-Display-Airflow-Adjustable-Vape-Factory-Direct-10.png 2000w, https:\/\/pgvape.com\/wp-content\/uploads\/2025\/10\/pgvape-OKSO-Shisha-Max-40000-40K-Puffs-Disposable-Vape-With-LED-Display-Airflow-Adjustable-Vape-Factory-Direct-10-555x278.png 555w, https:\/\/pgvape.com\/wp-content\/uploads\/2025\/10\/pgvape-OKSO-Shisha-Max-40000-40K-Puffs-Disposable-Vape-With-LED-Display-Airflow-Adjustable-Vape-Factory-Direct-10-595x298.png 595w, https:\/\/pgvape.com\/wp-content\/uploads\/2025\/10\/pgvape-OKSO-Shisha-Max-40000-40K-Puffs-Disposable-Vape-With-LED-Display-Airflow-Adjustable-Vape-Factory-Direct-10-400x200.png 400w, https:\/\/pgvape.com\/wp-content\/uploads\/2025\/10\/pgvape-OKSO-Shisha-Max-40000-40K-Puffs-Disposable-Vape-With-LED-Display-Airflow-Adjustable-Vape-Factory-Direct-10-768x384.png 768w, https:\/\/pgvape.com\/wp-content\/uploads\/2025\/10\/pgvape-OKSO-Shisha-Max-40000-40K-Puffs-Disposable-Vape-With-LED-Display-Airflow-Adjustable-Vape-Factory-Direct-10-1536x768.png 1536w, https:\/\/pgvape.com\/wp-content\/uploads\/2025\/10\/pgvape-OKSO-Shisha-Max-40000-40K-Puffs-Disposable-Vape-With-LED-Display-Airflow-Adjustable-Vape-Factory-Direct-10-18x9.png 18w, https:\/\/pgvape.com\/wp-content\/uploads\/2025\/10\/pgvape-OKSO-Shisha-Max-40000-40K-Puffs-Disposable-Vape-With-LED-Display-Airflow-Adjustable-Vape-Factory-Direct-10-600x300.png 600w, https:\/\/pgvape.com\/wp-content\/uploads\/2025\/10\/pgvape-OKSO-Shisha-Max-40000-40K-Puffs-Disposable-Vape-With-LED-Display-Airflow-Adjustable-Vape-Factory-Direct-10-60x30.png 60w\" sizes=\"auto, (max-width: 2000px) 100vw, 2000px\" \/><\/p>\n<h3><\/h3>\n<h3><span style=\"font-size: 90%;\">OKSO Shisha Max 40000 40K Puffs Disposable Vape\u00a0<strong>Video:<\/strong><\/span><\/h3>\n<p>&nbsp;<\/p>\n<h2 class=\"header-vfC6AV auto-hide-last-sibling-br\">Vanliga fr\u00e5gor om OKSO Shisha Max 40000 | 40K Puffs Disposable Vape<\/h2>\n<p data-sourcepos=\"36:1-37:88\">\u2753 <strong data-sourcepos=\"36:3-36:56\">Vad f\u00e5r OKSO Shisha Max 40K att sticka ut?<br \/>\n<\/strong> \u2705 <strong data-sourcepos=\"37:3-37:86\">Branschledande 40 000 puffar med 36 ml kapacitet f\u00f6r maximal livsl\u00e4ngd.<\/strong><\/p>\n<p data-sourcepos=\"39:1-40:100\">\u2753 <strong data-sourcepos=\"39:3-39:54\">Hur f\u00f6rb\u00e4ttrar Mesh Coil prestanda?<br \/>\n<\/strong> \u2705 <strong data-sourcepos=\"40:3-40:21\">0,6\u03a9 Mesh Coil<\/strong> Ger <strong data-sourcepos=\"40:31-40:53\">20% Snabbare uppv\u00e4rmning<\/strong> Och <strong data-sourcepos=\"40:58-40:75\">T\u00e4tare smak<\/strong> \u00c4n standardspolar.**<\/p>\n<p data-sourcepos=\"42:1-43:97\">\u2753 <strong data-sourcepos=\"42:3-42:35\">\u00c4r enheten anv\u00e4ndarv\u00e4nlig?<\/strong><br \/>\n\u2705 <strong data-sourcepos=\"43:3-43:95\">Ja! .<\/strong><\/p>\n<p data-sourcepos=\"45:1-46:87\">\u2753 <strong data-sourcepos=\"45:3-45:37\">Kan jag justera \u00e5ngproduktionen?<\/strong><br \/>\n\u2705 <strong data-sourcepos=\"46:3-46:85\">Fullt anpassningsbar med justerbart luftfl\u00f6de och str\u00f6mkontrollinst\u00e4llningar.<\/strong><\/p>\n<p data-sourcepos=\"48:1-49:103\">\u2753 <strong data-sourcepos=\"48:3-48:37\">Varf\u00f6r v\u00e4lja 10 st f\u00f6rpackningar?<br \/>\n<\/strong> \u2705 <strong data-sourcepos=\"49:3-49:101\">Idealisk f\u00f6r \u00e5terf\u00f6rs\u00e4ljare och frekventa vapers \u2013 s\u00e4kerst\u00e4ller lagertillg\u00e4nglighet och b\u00e4ttre v\u00e4rde.<\/strong><\/p>\n<p>&nbsp;<\/p>\n<h3 id=\"brxe-najhln\" class=\"brxe-heading\">Vanliga fr\u00e5gor (FAQ)<\/h3>\n<div id=\"brxe-rajiac\" class=\"brxe-text\">\n<p><strong>F: Vilka betalningsmetoder accepterar du?<\/strong><br \/>\nS: Vi accepterar PayPal, Stripe, bank\u00f6verf\u00f6ringar (st\u00f6ds med SEPA), vanliga kreditkort (Visa, MasterCard, American Express) och betalningar i kryptovaluta.<\/p>\n<p><strong>F: Hur l\u00e5ng tid tar best\u00e4llningsberedningen?<\/strong><br \/>\nS: Best\u00e4llningsf\u00f6rberedelse tar 1-3 arbetsdagar.<\/p>\n<p><strong>F: Vad \u00e4r leveranstiden?<\/strong><br \/>\nS: Leveranstiden \u00e4r 7-14 arbetsdagar, beroende p\u00e5 var du befinner dig.<\/p>\n<p><strong>F: Hur kan jag sp\u00e5ra min best\u00e4llning?<\/strong><br \/>\nS: Efter leverans kommer du att f\u00e5 ett bekr\u00e4ftelsemail med ett sp\u00e5rningsnummer f\u00f6r sp\u00e5rning i realtid.<\/p>\n<p><strong>F: Vilken \u00e4r din returpolicy?<\/strong><br \/>\nS: Vi erbjuder en 30-dagars returpolicy f\u00f6r \u00e5terbetalningar eller byten. .<\/p>\n<p><strong>F: Kommer det att finnas n\u00e5gra tullproblem?<br \/>\n<\/strong>Vi hanterar alla tullf\u00f6rfaranden f\u00f6r att s\u00e4kerst\u00e4lla en problemfri upplevelse f\u00f6r dig. .<\/p>\n<p><strong>F: Vilka frakts\u00e4tt anv\u00e4nds?<\/strong><br \/>\nVi samarbetar med UPS\/DHL\/FEDEX\/DPD, etc. Vi kommer att v\u00e4lja l\u00e4mpligt fraktalternativ beroende p\u00e5 leveransland f\u00f6r att s\u00e4kerst\u00e4lla att du f\u00e5r dina produkter s\u00e5 snabbt som m\u00f6jligt.<\/p>\n<p><a href=\"https:\/\/pgvape.com\/sv\/vanliga-fragor\/\">Klicka h\u00e4r f\u00f6r mer FAQ<\/a><\/p>\n<p>K\u00e4ra kunder, Om du har n\u00e5gra fr\u00e5gor om din best\u00e4llning eller ankomsten av varor, v\u00e4nligen kontakta v\u00e5r kundtj\u00e4nst. Tack!<\/p>\n<h3 data-sourcepos=\"73:1-73:21\"><strong data-sourcepos=\"73:7-73:21\">Kontakta oss<\/strong><\/h3>\n<div id=\"text-2419739398\" class=\"text\">\n<p><strong data-sourcepos=\"75:3-75:12\">E-post<\/strong>:\u00a0<a href=\"mailto:support@pgvape.com\"><strong>support@pgvape.com<\/strong><\/a><\/p>\n<p><strong data-sourcepos=\"76:3-76:15\">WhatsApp<\/strong>: <a href=\"https:\/\/wa.me\/+8618128481258\"><strong>+86 18128481258<\/strong><\/a><br \/>\n<strong>(Svara inom 24 timmar p\u00e5 arbetsdagar)<\/strong><\/p>\n<\/div>\n<h3><strong>Tack f\u00f6r att du valde pgvape.com! .<\/strong><\/h3>\n<\/div>","protected":false},"excerpt":{"rendered":"<p><strong>OKSO Shisha Max 40K Puffs Disposable VAPE omdefinierar personlig vattenpipa-stil VAPING<\/strong>\u00a0med upp till 40 000\u00a0<strong>PUFFAR<\/strong>, 36 ml\u00a0<strong>E-LIQUID<\/strong>\u00a0kapacitet och en uppladdningsbar 800mAh\u00a0<strong>BATTERI<\/strong>.\u00a0<strong>mesh COIL<\/strong>\u00a0(levererar smidigt\u00a0<strong>\u00c5NGA<\/strong>\u00a0och dj\u00e4rv\u00a0<strong>SMAK<\/strong>), dubbla justeringsreglage (luftfl\u00f6de + effekt), en tydlig\u00a0<strong>LED display<\/strong>\u00a0(realtid\u00a0<strong>BATTERI<\/strong>\/<strong>E-LIQUID<\/strong>\u00a0sp\u00e5rning), Type-C snabbladdning, barnl\u00e5ss\u00e4kerhet, 2%\/3%\/5%\u00a0<strong>NIKOTIN<\/strong>\u00a0styrkor och 10 kurerade\u00a0<strong>SMAKER<\/strong>\u2014 som kombinerar l\u00e5ngvarig prestanda, anpassningsbar upplevelse och s\u00e4kerhet f\u00f6r b\u00e5de tillf\u00e4lliga anv\u00e4ndare och f\u00f6retagsk\u00f6pare.<\/p>","protected":false},"featured_media":3234,"comment_status":"open","ping_status":"closed","template":"","meta":{"_seopress_robots_primary_cat":"none","_seopress_titles_title":"%%post_title%% %%sep%% %%sitetitle%%","_seopress_titles_desc":"","_seopress_robots_index":""},"product_brand":[516,282],"product_cat":[103,515,281],"product_tag":[106,107,90,289,220],"class_list":{"0":"post-3230","1":"product","2":"type-product","3":"status-publish","4":"has-post-thumbnail","6":"product_brand-disposable-vape","7":"product_brand-okso-vape","8":"product_cat-40k-puffs-vape","9":"product_cat-disposable-vape","10":"product_cat-okso-vape","11":"product_tag-40k-puffs","12":"product_tag-40k-vape","13":"product_tag-disposable-vape","14":"product_tag-okso-shisha-max-40000","15":"product_tag-with-led-display","17":"first","18":"instock","19":"sale","20":"shipping-taxable","21":"purchasable","22":"product-type-variable"},"_links":{"self":[{"href":"https:\/\/pgvape.com\/sv\/wp-json\/wp\/v2\/product\/3230","targetHints":{"allow":["GET"]}}],"collection":[{"href":"https:\/\/pgvape.com\/sv\/wp-json\/wp\/v2\/product"}],"about":[{"href":"https:\/\/pgvape.com\/sv\/wp-json\/wp\/v2\/types\/product"}],"replies":[{"embeddable":true,"href":"https:\/\/pgvape.com\/sv\/wp-json\/wp\/v2\/comments?post=3230"}],"wp:featuredmedia":[{"embeddable":true,"href":"https:\/\/pgvape.com\/sv\/wp-json\/wp\/v2\/media\/3234"}],"wp:attachment":[{"href":"https:\/\/pgvape.com\/sv\/wp-json\/wp\/v2\/media?parent=3230"}],"wp:term":[{"taxonomy":"product_brand","embeddable":true,"href":"https:\/\/pgvape.com\/sv\/wp-json\/wp\/v2\/product_brand?post=3230"},{"taxonomy":"product_cat","embeddable":true,"href":"https:\/\/pgvape.com\/sv\/wp-json\/wp\/v2\/product_cat?post=3230"},{"taxonomy":"product_tag","embeddable":true,"href":"https:\/\/pgvape.com\/sv\/wp-json\/wp\/v2\/product_tag?post=3230"}],"curies":[{"name":"wp","href":"https:\/\/api.w.org\/{rel}","templated":true}]}}