{"id":3166,"date":"2025-10-12T11:05:13","date_gmt":"2025-10-12T11:05:13","guid":{"rendered":"https:\/\/pgvape.com\/?post_type=product&#038;p=3166"},"modified":"2026-01-27T10:35:51","modified_gmt":"2026-01-27T10:35:51","slug":"okso-magisk-spegel-50000-50k-puffar-disponibel-vape-0-2-3-5-nikotin-10tastes-led-display-spegel-design-vape-factory-direct","status":"publish","type":"product","link":"https:\/\/pgvape.com\/sv\/produkt\/okso-magisk-spegel-50000-50k-puffar-disponibel-vape-0-2-3-5-nikotin-10tastes-led-display-spegel-design-vape-factory-direct\/","title":{"rendered":"OKSO Magic Mirror 50000 | 50K Puffs Disponibel Vape | 0% 2% 3% 5% Nikotin | 10Smaker | LED Display Spegel Design | Vape Factory Direct"},"content":{"rendered":"<p><strong data-sourcepos=\"4:5-4:54\">OKSO Magic Mirror 50000 Puffs Disposable Vape<\/strong> Levererar <strong data-sourcepos=\"4:64-4:91\">Exceptionell prestanda<\/strong> Med <strong data-sourcepos=\"4:97-4:124\">50 000 ultral\u00e5nga puffar<\/strong> Och <strong data-sourcepos=\"4:129-4:155\">40 ml E-v\u00e4tskekapacitet<\/strong>. <strong data-sourcepos=\"4:171-4:202\">850mAh uppladdningsbart batteri<\/strong> Och <strong data-sourcepos=\"4:207-4:236\">Dual Mesh Coil Technology<\/strong><span class=\"CustomP_animated_char__m3r9w\">,<\/span><span class=\"CustomP_animated_char__m3r9w\">\u00a0<\/span><span class=\"CustomP_animated_char__m3r9w\">Det<\/span><span class=\"CustomP_animated_char__m3r9w\">\u00a0<\/span><span class=\"CustomP_animated_char__m3r9w\">Erbjudanden<\/span><span class=\"CustomP_animated_char__m3r9w\">\u00a0<\/span><strong data-sourcepos=\"4:248-4:266\">Intensiv smak<\/strong> Och <strong data-sourcepos=\"4:271-4:297\">T\u00e4t \u00e5ngproduktion<\/strong><span class=\"CustomP_animated_char__m3r9w\">.<\/span><span class=\"CustomP_animated_char__m3r9w\">\u00a0<\/span><span class=\"CustomP_animated_char__m3r9w\">Drag<\/span><span class=\"CustomP_animated_char__m3r9w\">\u00a0<\/span><span class=\"CustomP_animated_char__m3r9w\">Omfatta<\/span><span class=\"CustomP_animated_char__m3r9w\">\u00a0<\/span><strong data-sourcepos=\"4:316-4:333\">Spegeldesign<\/strong>, <strong data-sourcepos=\"4:335-4:355\">RGB LED-belysning<\/strong><span class=\"CustomP_animated_char__m3r9w\">,<\/span><span class=\"CustomP_animated_char__m3r9w\">\u00a0<\/span><strong data-sourcepos=\"4:357-4:374\">Smart Display<\/strong>, Och <strong data-sourcepos=\"4:380-4:401\">S\u00e4kerhet f\u00f6r barnl\u00e5s<\/strong>. <strong data-sourcepos=\"4:416-4:438\">10 premiumsmaker<\/strong> Och <strong data-sourcepos=\"4:443-4:475\">0%\/2%\/3%\/5% Nikotinalternativ<\/strong>, F\u00f6rpackad <strong data-sourcepos=\"4:486-4:499\">10 st\/kartong<\/strong><span class=\"CustomP_animated_char__m3r9w\">\u00a0<\/span><span class=\"CustomP_animated_char__m3r9w\">F\u00f6r<\/span><span class=\"CustomP_animated_char__m3r9w\">\u00a0<\/span><span class=\"CustomP_animated_char__m3r9w\">Detaljhandel<\/span><span class=\"CustomP_animated_char__m3r9w\">\/<\/span><span class=\"CustomP_animated_char__m3r9w\">Wh<\/span><span class=\"CustomP_animated_char__m3r9w\">olesale<\/span><span class=\"CustomP_animated_char__m3r9w\">.<\/span><\/p>\n<h2><span style=\"font-size: 90%;\"><br \/>\nOKSO Magic Mirror 50000 | 50K Puffs Disposable Vape Specifikationer<\/span><\/h2>\n<p><strong data-sourcepos=\"9:3-9:17\">Puff Count<\/strong>:\u00a0<strong data-sourcepos=\"9:19-9:35\">50 000 puffar<\/strong><\/p>\n<p><strong data-sourcepos=\"10:3-10:15\">Nikotin<\/strong>:\u00a0<strong data-sourcepos=\"10:17-10:46\">0% \/ 2% \/ 3% \/ 5% Alternativ<\/strong><\/p>\n<p><strong data-sourcepos=\"11:3-11:15\">E-v\u00e4tska<\/strong>:\u00a0<strong data-sourcepos=\"11:17-11:34\">40 ml kapacitet<\/strong><\/p>\n<p><strong data-sourcepos=\"12:3-12:11\">Spole<\/strong>:\u00a0<strong data-sourcepos=\"12:13-12:31\">Dual Mesh Coil<\/strong><\/p>\n<p><strong data-sourcepos=\"13:3-13:14\">Batteri<\/strong>:\u00a0<strong data-sourcepos=\"13:16-13:39\">850mAh uppladdningsbar<\/strong><\/p>\n<p><strong data-sourcepos=\"14:3-14:15\">Laddar<\/strong>:\u00a0<strong data-sourcepos=\"14:17-14:41\">Typ-C snabbladdning<\/strong><\/p>\n<p><strong data-sourcepos=\"15:3-15:23\">-C Snabbladdning<\/strong><\/p>\n<p><strong data-sourcepos=\"16:3-16:14\">Visa<\/strong>:\u00a0<strong data-sourcepos=\"16:16-16:49\">LED-sk\u00e4rm (Batteri\/E-Liquid)<\/strong><\/p>\n<p><strong data-sourcepos=\"17:3-17:15\">Belysning<\/strong>:\u00a0<strong data-sourcepos=\"17:17-17:35\">RGB LED-system<\/strong><\/p>\n<p><strong data-sourcepos=\"18:3-18:13\">S\u00e4kerhet<\/strong>:\u00a0<strong data-sourcepos=\"18:15-18:37\">Barnl\u00e5sfunktion<\/strong><\/p>\n<p><strong data-sourcepos=\"19:3-19:14\">Paket<\/strong>:\u00a0<strong data-sourcepos=\"19:16-19:34\">10 enheter\/l\u00e5da<\/strong><\/p>\n<h3><span style=\"font-size: 90%;\"><br \/>\nOKSO Magic Mirror 50000 | 50K puffar disponibel vape smaklista<\/span><\/h3>\n<p>1.Blue Razz Ice<\/p>\n<p>2. Lush Ice<\/p>\n<p>3.Strawberry Ice<\/p>\n<p>4. Grape Ice<\/p>\n<p>5. K\u00e4rlek 66<\/p>\n<p>6. Lady Killa<\/p>\n<p>7. Mint Is<\/p>\n<p>8. Jordgubbsvattenmelon<\/p>\n<p>9. Kiwi Passionsfrukt<\/p>\n<p>10.Blandade b\u00e4r<img loading=\"lazy\" decoding=\"async\" class=\"alignnone wp-image-3183 size-full\" src=\"https:\/\/pgvape.com\/wp-content\/uploads\/2025\/10\/pgvape-OKSO-Magic-Mirror-50000-50K-Puffs-Disposable-Vape-Vape-Factory-Direct-14.png\" alt=\"F\u00e4rgglad OKSO \u201cMagic Mirror\u201d vape-reklam som visar rader av neonkantade rektangul\u00e4ra enheter med karakt\u00e4rskonst och smaknamn, tv\u00e5 f\u00f6rstorade enheter och en gr\u00f6n enhet till h\u00f6ger, en 500 PUFFS-bricka och ikoner f\u00f6r dubbel mesh-spole, Type-C-uppladdning, 850 mAh-batterier och fullt utrymme p\u00e5 400 ml. .\" width=\"2000\" height=\"1000\" srcset=\"https:\/\/pgvape.com\/wp-content\/uploads\/2025\/10\/pgvape-OKSO-Magic-Mirror-50000-50K-Puffs-Disposable-Vape-Vape-Factory-Direct-14.png 2000w, https:\/\/pgvape.com\/wp-content\/uploads\/2025\/10\/pgvape-OKSO-Magic-Mirror-50000-50K-Puffs-Disposable-Vape-Vape-Factory-Direct-14-555x278.png 555w, https:\/\/pgvape.com\/wp-content\/uploads\/2025\/10\/pgvape-OKSO-Magic-Mirror-50000-50K-Puffs-Disposable-Vape-Vape-Factory-Direct-14-595x298.png 595w, https:\/\/pgvape.com\/wp-content\/uploads\/2025\/10\/pgvape-OKSO-Magic-Mirror-50000-50K-Puffs-Disposable-Vape-Vape-Factory-Direct-14-400x200.png 400w, https:\/\/pgvape.com\/wp-content\/uploads\/2025\/10\/pgvape-OKSO-Magic-Mirror-50000-50K-Puffs-Disposable-Vape-Vape-Factory-Direct-14-768x384.png 768w, https:\/\/pgvape.com\/wp-content\/uploads\/2025\/10\/pgvape-OKSO-Magic-Mirror-50000-50K-Puffs-Disposable-Vape-Vape-Factory-Direct-14-1536x768.png 1536w, https:\/\/pgvape.com\/wp-content\/uploads\/2025\/10\/pgvape-OKSO-Magic-Mirror-50000-50K-Puffs-Disposable-Vape-Vape-Factory-Direct-14-18x9.png 18w, https:\/\/pgvape.com\/wp-content\/uploads\/2025\/10\/pgvape-OKSO-Magic-Mirror-50000-50K-Puffs-Disposable-Vape-Vape-Factory-Direct-14-600x300.png 600w, https:\/\/pgvape.com\/wp-content\/uploads\/2025\/10\/pgvape-OKSO-Magic-Mirror-50000-50K-Puffs-Disposable-Vape-Vape-Factory-Direct-14-60x30.png 60w\" sizes=\"auto, (max-width: 2000px) 100vw, 2000px\" \/><\/p>\n<h3><span style=\"font-size: 90%;\"><br \/>\nOKSO Magic Mirror 50000 50K Puffs Disposable Vape\u00a0<strong>Video:<\/strong><\/span><\/h3>\n<p><iframe loading=\"lazy\" title=\"OKSO Magic Mirror 50K Puffs Disponibel Vape LED Display Spegel Design | Vape Factory Direct pgvape\" width=\"563\" height=\"1000\" src=\"https:\/\/www.youtube.com\/embed\/orYkYUE5zmo?feature=oembed\" frameborder=\"0\" allow=\"accelerometer; autoplay; clipboard-write; encrypted-media; gyroscope; picture-in-picture; web-share\" referrerpolicy=\"strict-origin-when-cross-origin\" allowfullscreen><\/iframe><\/p>\n<p>&nbsp;<\/p>\n<h2 class=\"header-vfC6AV auto-hide-last-sibling-br\">Vanliga fr\u00e5gor om OKSO Magic Mirror 50000 | 50K Puffs Disposable Vape<\/h2>\n<p data-sourcepos=\"39:1-40:88\">\u2753 <strong data-sourcepos=\"39:3-39:57\">Vad g\u00f6r OKSO Magic Mirror 50000 unik?<\/strong><br \/>\n\u2705 <strong data-sourcepos=\"40:3-40:86\">Branschledande 50 000 puffar med 40 ml kapacitet f\u00f6r maximal livsl\u00e4ngd.<\/strong><\/p>\n<p data-sourcepos=\"42:1-43:100\">\u2753 <strong data-sourcepos=\"42:3-42:59\">Hur f\u00f6rb\u00e4ttrar Dual Mesh Coil prestanda?<\/strong><br \/>\n\u2705 <strong data-sourcepos=\"43:3-43:22\">Dubbla 0,8\u03a9 spolar<\/strong> F\u00f6rse <strong data-sourcepos=\"43:31-43:53\">30% Snabbare uppv\u00e4rmning<\/strong> Och <strong data-sourcepos=\"43:58-43:75\">Rikare smak<\/strong> \u00c4n standardspolar.**<\/p>\n<p data-sourcepos=\"45:1-46:108\">\u2753 <strong data-sourcepos=\"45:3-45:35\">\u00c4r enheten anv\u00e4ndarv\u00e4nlig?<\/strong><br \/>\n\u2705 <strong data-sourcepos=\"46:3-46:106\">Ja! .<\/strong><\/p>\n<p data-sourcepos=\"48:1-49:105\">\u2753 <strong data-sourcepos=\"48:3-48:40\">Kan batteriet h\u00e5lla hela dagen?<\/strong><br \/>\n\u2705 <strong data-sourcepos=\"49:3-49:22\">Kapacitet 850mAh<\/strong> Ger <strong data-sourcepos=\"49:32-49:44\">2-3 dagar<\/strong> Till anv\u00e4ndning; <strong data-sourcepos=\"49:53-49:72\">Laddning av typ C<\/strong> \u00c5terst\u00e4ller full kraft snabbt.**<\/p>\n<p data-sourcepos=\"51:1-52:91\">\u2753 <strong data-sourcepos=\"51:3-51:37\">Varf\u00f6r v\u00e4lja 10 st f\u00f6rpackningar?<\/strong><br \/>\n\u2705 <strong data-sourcepos=\"52:3-52:89\">Idealisk f\u00f6r \u00e5terf\u00f6rs\u00e4ljare \u2013 Produkt med h\u00f6g efterfr\u00e5gan med utm\u00e4rkt vinstpotential.<\/strong><\/p>\n<p>&nbsp;<\/p>\n<h3 id=\"brxe-najhln\" class=\"brxe-heading\">Vanliga fr\u00e5gor (FAQ)<\/h3>\n<div id=\"brxe-rajiac\" class=\"brxe-text\">\n<p><strong>F: Vilka betalningsmetoder accepterar du?<\/strong><br \/>\nS: Vi accepterar PayPal, Stripe, bank\u00f6verf\u00f6ringar (st\u00f6ds med SEPA), vanliga kreditkort (Visa, MasterCard, American Express) och betalningar i kryptovaluta.<\/p>\n<p><strong>F: Hur l\u00e5ng tid tar best\u00e4llningsberedningen?<\/strong><br \/>\nS: Best\u00e4llningsf\u00f6rberedelse tar 1-3 arbetsdagar.<\/p>\n<p><strong>F: Vad \u00e4r leveranstiden?<\/strong><br \/>\nS: Leveranstiden \u00e4r 7-14 arbetsdagar, beroende p\u00e5 var du befinner dig.<\/p>\n<p><strong>F: Hur kan jag sp\u00e5ra min best\u00e4llning?<\/strong><br \/>\nS: Efter leverans kommer du att f\u00e5 ett bekr\u00e4ftelsemail med ett sp\u00e5rningsnummer f\u00f6r sp\u00e5rning i realtid.<\/p>\n<p><strong>F: Vilken \u00e4r din returpolicy?<\/strong><br \/>\nS: Vi erbjuder en 30-dagars returpolicy f\u00f6r \u00e5terbetalningar eller byten. .<\/p>\n<p><strong>F: Kommer det att finnas n\u00e5gra tullproblem?<br \/>\n<\/strong>Vi hanterar alla tullf\u00f6rfaranden f\u00f6r att s\u00e4kerst\u00e4lla en problemfri upplevelse f\u00f6r dig. .<\/p>\n<p><strong>F: Vilka frakts\u00e4tt anv\u00e4nds?<\/strong><br \/>\nVi samarbetar med UPS\/DHL\/FEDEX\/DPD, etc. Vi kommer att v\u00e4lja l\u00e4mpligt fraktalternativ beroende p\u00e5 leveransland f\u00f6r att s\u00e4kerst\u00e4lla att du f\u00e5r dina produkter s\u00e5 snabbt som m\u00f6jligt.<\/p>\n<p><a href=\"https:\/\/pgvape.com\/sv\/vanliga-fragor\/\">Klicka h\u00e4r f\u00f6r mer FAQ<\/a><\/p>\n<p>K\u00e4ra kunder, Om du har n\u00e5gra fr\u00e5gor om din best\u00e4llning eller ankomsten av varor, v\u00e4nligen kontakta v\u00e5r kundtj\u00e4nst. Tack!<\/p>\n<h3 data-sourcepos=\"73:1-73:21\"><strong data-sourcepos=\"73:7-73:21\">Kontakta oss<\/strong><\/h3>\n<div id=\"text-2419739398\" class=\"text\">\n<p><strong data-sourcepos=\"75:3-75:12\">E-post<\/strong>:\u00a0<a href=\"mailto:support@pgvape.com\"><strong>support@pgvape.com<\/strong><\/a><\/p>\n<p><strong data-sourcepos=\"76:3-76:15\">WhatsApp<\/strong>: <a href=\"https:\/\/wa.me\/+8618128481258\"><strong>+86 18128481258<\/strong><\/a><br \/>\n<strong>(Svara inom 24 timmar p\u00e5 arbetsdagar)<\/strong><\/p>\n<\/div>\n<h3><strong>Tack f\u00f6r att du valde pgvape.com! .<\/strong><\/h3>\n<\/div>","protected":false},"excerpt":{"rendered":"<p><strong data-sourcepos=\"57:1-57:218\">\u201cOKSO Magic Mirror 50000: Den ultimata premium eng\u00e5ngsvapen med 50K puffar, dubbla n\u00e4tspolar, 40 ml kapacitet och 10 smaker - med spegeldesign, RGB-belysning och barnl\u00e5s.\u201d<\/strong><\/p>","protected":false},"featured_media":3182,"comment_status":"open","ping_status":"closed","template":"","meta":{"_seopress_robots_primary_cat":"none","_seopress_titles_title":"%%post_title%% %%sep%% %%sitetitle%%","_seopress_titles_desc":"","_seopress_robots_index":""},"product_brand":[516,282],"product_cat":[61,515,281],"product_tag":[64,65,90,79,287,285,286],"class_list":{"0":"post-3166","1":"product","2":"type-product","3":"status-publish","4":"has-post-thumbnail","6":"product_brand-disposable-vape","7":"product_brand-okso-vape","8":"product_cat-50k-puffs-vape","9":"product_cat-disposable-vape","10":"product_cat-okso-vape","11":"product_tag-50k-puffs","12":"product_tag-50k-vape","13":"product_tag-disposable-vape","14":"product_tag-led-display","15":"product_tag-mirror-design","16":"product_tag-okso-magic-mirror-50000","17":"product_tag-okso-magic-mirror-vape","19":"first","20":"instock","21":"sale","22":"shipping-taxable","23":"purchasable","24":"product-type-variable"},"_links":{"self":[{"href":"https:\/\/pgvape.com\/sv\/wp-json\/wp\/v2\/product\/3166","targetHints":{"allow":["GET"]}}],"collection":[{"href":"https:\/\/pgvape.com\/sv\/wp-json\/wp\/v2\/product"}],"about":[{"href":"https:\/\/pgvape.com\/sv\/wp-json\/wp\/v2\/types\/product"}],"replies":[{"embeddable":true,"href":"https:\/\/pgvape.com\/sv\/wp-json\/wp\/v2\/comments?post=3166"}],"wp:featuredmedia":[{"embeddable":true,"href":"https:\/\/pgvape.com\/sv\/wp-json\/wp\/v2\/media\/3182"}],"wp:attachment":[{"href":"https:\/\/pgvape.com\/sv\/wp-json\/wp\/v2\/media?parent=3166"}],"wp:term":[{"taxonomy":"product_brand","embeddable":true,"href":"https:\/\/pgvape.com\/sv\/wp-json\/wp\/v2\/product_brand?post=3166"},{"taxonomy":"product_cat","embeddable":true,"href":"https:\/\/pgvape.com\/sv\/wp-json\/wp\/v2\/product_cat?post=3166"},{"taxonomy":"product_tag","embeddable":true,"href":"https:\/\/pgvape.com\/sv\/wp-json\/wp\/v2\/product_tag?post=3166"}],"curies":[{"name":"wp","href":"https:\/\/api.w.org\/{rel}","templated":true}]}}