{"id":3133,"date":"2025-10-12T10:10:50","date_gmt":"2025-10-12T10:10:50","guid":{"rendered":"https:\/\/pgvape.com\/?post_type=product&#038;p=3133"},"modified":"2026-01-27T10:37:02","modified_gmt":"2026-01-27T10:37:02","slug":"okso-dubbelsmak-60000-60k-puffar-engangs-vape-vape-factory-direct","status":"publish","type":"product","link":"https:\/\/pgvape.com\/sv\/produkt\/okso-dubbelsmak-60000-60k-puffar-engangs-vape-vape-factory-direct\/","title":{"rendered":"OKSO Double Flavour 60000 60K Puffs Disponibel Vape-Vape Factory Direct"},"content":{"rendered":"<div class=\"auto-hide-last-sibling-br paragraph-JOTKXA paragraph-element br-paragraph-space\"><\/div>\n<p><strong data-sourcepos=\"4:5-4:55\">OKSO Double Flavour 60000 Puffs Disposable Vape<\/strong> Omdefinierar livsl\u00e4ngd med <strong data-sourcepos=\"4:81-4:108\">60 000 ultral\u00e5nga puffar<\/strong> Och <strong data-sourcepos=\"4:113-4:152\">50mL Dubbelkammar E-v\u00e4tskekapacitet<\/strong> (25 ml + 25 ml). <strong data-sourcepos=\"4:177-4:201\">Dubbla 0,8\u03a9 Mesh Coils<\/strong> Och A <strong data-sourcepos=\"4:208-4:239\">650mAh uppladdningsbart batteri<\/strong>, det levererar <strong data-sourcepos=\"4:253-4:283\">Rich Dual-Flavor Switching<\/strong> Med <strong data-sourcepos=\"4:289-4:315\">T\u00e4t \u00e5ngproduktion<\/strong>. <strong data-sourcepos=\"4:334-4:358\">Typ-C snabbladdning<\/strong>, <strong data-sourcepos=\"4:360-4:375\">LED-display<\/strong>, Och <strong data-sourcepos=\"4:381-4:410\">2%\/3%\/5% Nikotinalternativ<\/strong>. <strong data-sourcepos=\"4:421-4:434\">10 st\/kartong<\/strong> Med <strong data-sourcepos=\"4:440-4:466\">20 smakkombinationer<\/strong> F\u00f6r Ultimate Variety.<\/p>\n<p>&nbsp;<\/p>\n<h2><span style=\"font-size: 90%;\">OKSO Double Flavor 60000 | 60K Puffs Disposable Vape Specifikationer<\/span><\/h2>\n<p><strong data-sourcepos=\"9:3-9:17\">Puff Count<\/strong>:\u00a0<strong data-sourcepos=\"9:19-9:35\">60 000 puffar<\/strong><\/p>\n<p><strong data-sourcepos=\"10:3-10:15\">Nikotin<\/strong>:\u00a0<strong data-sourcepos=\"10:17-10:41\">2% \/ 3% \/ 5% Alternativ<\/strong><\/p>\n<p><strong data-sourcepos=\"11:3-11:15\">E-v\u00e4tska<\/strong>:\u00a0<strong data-sourcepos=\"11:17-11:51\">50 ml (25 ml + 25 ml dubbla kamrar)<\/strong><\/p>\n<p><strong data-sourcepos=\"12:3-12:11\">Spole<\/strong>:\u00a0<strong data-sourcepos=\"12:13-12:37\">Dubbla 0,8\u03a9 Mesh Coils<\/strong><\/p>\n<p><strong data-sourcepos=\"13:3-13:14\">Batteri<\/strong>:\u00a0<strong data-sourcepos=\"13:16-13:39\">650mAh uppladdningsbar<\/strong><\/p>\n<p><strong data-sourcepos=\"14:3-14:15\">Laddar<\/strong>:\u00a0<strong data-sourcepos=\"14:17-14:41\">Typ-C snabbladdning<\/strong><\/p>\n<p><strong data-sourcepos=\"15:3-15:14\">Visa<\/strong>:\u00a0<strong data-sourcepos=\"15:16-15:52\">LED-sk\u00e4rm (batteri\/smakl\u00e4ge)<\/strong><\/p>\n<p><strong data-sourcepos=\"16:3-16:20\">Smaksystem<\/strong>:\u00a0<strong data-sourcepos=\"16:22-16:47\">Dual-Flavor Switching<\/strong><\/p>\n<p><strong data-sourcepos=\"17:3-17:14\">Paket<\/strong>:\u00a0<strong data-sourcepos=\"17:16-17:34\">10 enheter\/l\u00e5da<\/strong><\/p>\n<p>&nbsp;<\/p>\n<h3><span style=\"font-size: 90%;\">OKSO Double Flavor 60000 | 60K Puffs Disposable Vape Flavor List<\/span><\/h3>\n<p>1.Blue Razz &amp; Love 66<\/p>\n<p>2. Jordgubbsk\u00f6rsb\u00e4r &amp; Kiwi Passionsfrukt Guava<\/p>\n<p>3. Vattenmelon Bubble Gum &amp; blandad frukt<\/p>\n<p>4.Strawberry Banana &amp; Cherry Piesta<\/p>\n<p>5. Watermelon Ice &amp; Peach Mango<\/p>\n<p>6.Blue Razz Lemonade &amp; Apple Peach<\/p>\n<p>7.Red Energy Ice &amp; Grape Ice<\/p>\n<p>8. Jordgubbsvattenmelon &amp; tv\u00e5 \u00e4pplen<\/p>\n<p>9.Blue Razz Cherry Cranberry &amp; Mint<\/p>\n<p>10.Bl\u00e5b\u00e4ris &amp; Svarta vinb\u00e4r<\/p>\n<p><img loading=\"lazy\" decoding=\"async\" class=\"alignnone wp-image-3151 size-full\" src=\"https:\/\/pgvape.com\/wp-content\/uploads\/2025\/10\/pgvape-OKSO-Double-Flavor-60K-Puffs-Disposable-Vape-Vape-Factory-Direct-15.png\" alt=\"F\u00e4rgglad visning av Okso Double Flavour eng\u00e5ngsvape-enheter med tecknade apkonstverk och smaketiketter, markerade produktspecifikationer (60 000 puffar, LED-sk\u00e4rm, 2\u00d725 ml oljetank, 650mAh batteri, 50ml e-v\u00e4tska) mot en stiliserad utrymmes- och planetbakgrund.\" width=\"2000\" height=\"1000\" srcset=\"https:\/\/pgvape.com\/wp-content\/uploads\/2025\/10\/pgvape-OKSO-Double-Flavor-60K-Puffs-Disposable-Vape-Vape-Factory-Direct-15.png 2000w, https:\/\/pgvape.com\/wp-content\/uploads\/2025\/10\/pgvape-OKSO-Double-Flavor-60K-Puffs-Disposable-Vape-Vape-Factory-Direct-15-555x278.png 555w, https:\/\/pgvape.com\/wp-content\/uploads\/2025\/10\/pgvape-OKSO-Double-Flavor-60K-Puffs-Disposable-Vape-Vape-Factory-Direct-15-595x298.png 595w, https:\/\/pgvape.com\/wp-content\/uploads\/2025\/10\/pgvape-OKSO-Double-Flavor-60K-Puffs-Disposable-Vape-Vape-Factory-Direct-15-400x200.png 400w, https:\/\/pgvape.com\/wp-content\/uploads\/2025\/10\/pgvape-OKSO-Double-Flavor-60K-Puffs-Disposable-Vape-Vape-Factory-Direct-15-768x384.png 768w, https:\/\/pgvape.com\/wp-content\/uploads\/2025\/10\/pgvape-OKSO-Double-Flavor-60K-Puffs-Disposable-Vape-Vape-Factory-Direct-15-1536x768.png 1536w, https:\/\/pgvape.com\/wp-content\/uploads\/2025\/10\/pgvape-OKSO-Double-Flavor-60K-Puffs-Disposable-Vape-Vape-Factory-Direct-15-18x9.png 18w, https:\/\/pgvape.com\/wp-content\/uploads\/2025\/10\/pgvape-OKSO-Double-Flavor-60K-Puffs-Disposable-Vape-Vape-Factory-Direct-15-600x300.png 600w, https:\/\/pgvape.com\/wp-content\/uploads\/2025\/10\/pgvape-OKSO-Double-Flavor-60K-Puffs-Disposable-Vape-Vape-Factory-Direct-15-60x30.png 60w\" sizes=\"auto, (max-width: 2000px) 100vw, 2000px\" \/><\/p>\n<p>&nbsp;<\/p>\n<h2 class=\"header-vfC6AV auto-hide-last-sibling-br\">Vanliga fr\u00e5gor om OKSO Double Flavor 60000 | 60K Puffs Disposable Vape<\/h2>\n<p data-sourcepos=\"38:1-39:85\">\u2753 <strong data-sourcepos=\"38:3-38:55\">Vad g\u00f6r 60 000 puffar anm\u00e4rkningsv\u00e4rt?<br \/>\n<\/strong>\u2705 <strong data-sourcepos=\"39:3-39:32\">Branschledande kapacitet<\/strong> \u2013 H\u00e5ller <strong data-sourcepos=\"39:41-39:56\">4-5x l\u00e4ngre<\/strong> \u00c4n standard eng\u00e5ngsartiklar.<\/p>\n<p data-sourcepos=\"41:1-42:85\">\u2753 <strong data-sourcepos=\"41:3-41:48\">Hur fungerar systemet med dubbla smaker?<\/strong><br \/>\n\u2705 <strong data-sourcepos=\"42:3-42:83\">V\u00e4xla direkt mellan tv\u00e5 premiumsmaker med en enkel knapptryckning.<\/strong><\/p>\n<p data-sourcepos=\"44:1-45:101\">\u2753 <strong data-sourcepos=\"44:3-44:45\">\u00c4r Dual Mesh Coils effektiva?<br \/>\n<\/strong> \u2705 <strong data-sourcepos=\"45:3-45:99\">Ja! .<\/strong><\/p>\n<p data-sourcepos=\"47:1-48:99\">\u2753 <strong data-sourcepos=\"47:3-47:44\">\u00c4r 650mAh-batteriet tillr\u00e4ckligt?<\/strong><br \/>\n\u2705 <strong data-sourcepos=\"48:3-48:31\">Optimerad f\u00f6r effektivitet<\/strong> \u2013 H\u00e5ller <strong data-sourcepos=\"48:40-48:51\">2+ dagar<\/strong> Per Laddning Med <strong data-sourcepos=\"48:68-48:94\">Typ-C snabbladdning<\/strong>.**<\/p>\n<p data-sourcepos=\"50:1-51:82\">\u2753 <strong data-sourcepos=\"50:3-50:42\">Varf\u00f6r v\u00e4lja tv\u00e5kammardesign?<br \/>\n<\/strong> \u2705 <strong data-sourcepos=\"51:3-51:29\">F\u00f6rhindrar smakblandning<\/strong> N\u00e4r du erbjuder <strong data-sourcepos=\"51:45-51:77\">Ut\u00f6kad total kapacitet p\u00e5 50 ml<\/strong>.**<\/p>\n<p>&nbsp;<\/p>\n<h3 id=\"brxe-najhln\" class=\"brxe-heading\">Vanliga fr\u00e5gor (FAQ)<\/h3>\n<div id=\"brxe-rajiac\" class=\"brxe-text\">\n<p><strong>F: Vilka betalningsmetoder accepterar du?<\/strong><br \/>\nS: Vi accepterar PayPal, Stripe, bank\u00f6verf\u00f6ringar (st\u00f6ds med SEPA), vanliga kreditkort (Visa, MasterCard, American Express) och betalningar i kryptovaluta.<\/p>\n<p><strong>F: Hur l\u00e5ng tid tar best\u00e4llningsberedningen?<\/strong><br \/>\nS: Best\u00e4llningsf\u00f6rberedelse tar 1-3 arbetsdagar.<\/p>\n<p><strong>F: Vad \u00e4r leveranstiden?<\/strong><br \/>\nS: Leveranstiden \u00e4r 7-14 arbetsdagar, beroende p\u00e5 var du befinner dig.<\/p>\n<p><strong>F: Hur kan jag sp\u00e5ra min best\u00e4llning?<\/strong><br \/>\nS: Efter leverans kommer du att f\u00e5 ett bekr\u00e4ftelsemail med ett sp\u00e5rningsnummer f\u00f6r sp\u00e5rning i realtid.<\/p>\n<p><strong>F: Vilken \u00e4r din returpolicy?<\/strong><br \/>\nS: Vi erbjuder en 30-dagars returpolicy f\u00f6r \u00e5terbetalningar eller byten. .<\/p>\n<p><strong>F: Kommer det att finnas n\u00e5gra tullproblem?<br \/>\n<\/strong>Vi hanterar alla tullf\u00f6rfaranden f\u00f6r att s\u00e4kerst\u00e4lla en problemfri upplevelse f\u00f6r dig. .<\/p>\n<p><strong>F: Vilka frakts\u00e4tt anv\u00e4nds?<\/strong><br \/>\nVi samarbetar med UPS\/DHL\/FEDEX\/DPD, etc. Vi kommer att v\u00e4lja l\u00e4mpligt fraktalternativ beroende p\u00e5 leveransland f\u00f6r att s\u00e4kerst\u00e4lla att du f\u00e5r dina produkter s\u00e5 snabbt som m\u00f6jligt.<\/p>\n<p><a href=\"https:\/\/pgvape.com\/sv\/vanliga-fragor\/\">Klicka h\u00e4r f\u00f6r mer FAQ<\/a><\/p>\n<p>K\u00e4ra kunder, Om du har n\u00e5gra fr\u00e5gor om din best\u00e4llning eller ankomsten av varor, v\u00e4nligen kontakta v\u00e5r kundtj\u00e4nst. Tack!<\/p>\n<h3 data-sourcepos=\"73:1-73:21\"><strong data-sourcepos=\"73:7-73:21\">Kontakta oss<\/strong><\/h3>\n<div id=\"text-2419739398\" class=\"text\">\n<p><strong data-sourcepos=\"75:3-75:12\">E-post<\/strong>:\u00a0<a href=\"mailto:support@pgvape.com\"><strong>support@pgvape.com<\/strong><\/a><\/p>\n<p><strong data-sourcepos=\"76:3-76:15\">WhatsApp<\/strong>: <a href=\"https:\/\/wa.me\/+8618128481258\"><strong>+86 18128481258<\/strong><\/a><br \/>\n<strong>(Svara inom 24 timmar p\u00e5 arbetsdagar)<\/strong><\/p>\n<\/div>\n<h3><strong>Tack f\u00f6r att du valde pgvape.com! .<\/strong><\/h3>\n<\/div>","protected":false},"excerpt":{"rendered":"<p><strong data-sourcepos=\"56:1-56:217\">\u201cOKSO Double Flavor 60000: Den ultimata eng\u00e5ngsvapen med dubbla smaker med 60K puffar, 50 ml kapacitet, dubbla mesh-spolar och 20 smakkombinationer - drivs av 650 mAh batteri med typ C-laddning.\u201d<\/strong><\/p>","protected":false},"featured_media":3152,"comment_status":"open","ping_status":"closed","template":"","meta":{"_seopress_robots_primary_cat":"none","_seopress_titles_title":"%%post_title%% %%sep%% %%sitetitle%%","_seopress_titles_desc":"","_seopress_robots_index":""},"product_brand":[516,282],"product_cat":[48,515,281],"product_tag":[51,52,90,284,283],"class_list":{"0":"post-3133","1":"product","2":"type-product","3":"status-publish","4":"has-post-thumbnail","6":"product_brand-disposable-vape","7":"product_brand-okso-vape","8":"product_cat-60k-puffs-vape","9":"product_cat-disposable-vape","10":"product_cat-okso-vape","11":"product_tag-60k-puffs","12":"product_tag-60k-vape","13":"product_tag-disposable-vape","14":"product_tag-led-screen","15":"product_tag-okso-double-flavor","17":"first","18":"instock","19":"sale","20":"shipping-taxable","21":"purchasable","22":"product-type-variable"},"_links":{"self":[{"href":"https:\/\/pgvape.com\/sv\/wp-json\/wp\/v2\/product\/3133","targetHints":{"allow":["GET"]}}],"collection":[{"href":"https:\/\/pgvape.com\/sv\/wp-json\/wp\/v2\/product"}],"about":[{"href":"https:\/\/pgvape.com\/sv\/wp-json\/wp\/v2\/types\/product"}],"replies":[{"embeddable":true,"href":"https:\/\/pgvape.com\/sv\/wp-json\/wp\/v2\/comments?post=3133"}],"wp:featuredmedia":[{"embeddable":true,"href":"https:\/\/pgvape.com\/sv\/wp-json\/wp\/v2\/media\/3152"}],"wp:attachment":[{"href":"https:\/\/pgvape.com\/sv\/wp-json\/wp\/v2\/media?parent=3133"}],"wp:term":[{"taxonomy":"product_brand","embeddable":true,"href":"https:\/\/pgvape.com\/sv\/wp-json\/wp\/v2\/product_brand?post=3133"},{"taxonomy":"product_cat","embeddable":true,"href":"https:\/\/pgvape.com\/sv\/wp-json\/wp\/v2\/product_cat?post=3133"},{"taxonomy":"product_tag","embeddable":true,"href":"https:\/\/pgvape.com\/sv\/wp-json\/wp\/v2\/product_tag?post=3133"}],"curies":[{"name":"wp","href":"https:\/\/api.w.org\/{rel}","templated":true}]}}