{"id":3102,"date":"2025-10-12T08:48:34","date_gmt":"2025-10-12T08:48:34","guid":{"rendered":"https:\/\/pgvape.com\/?post_type=product&#038;p=3102"},"modified":"2026-01-27T10:38:05","modified_gmt":"2026-01-27T10:38:05","slug":"fihp-60000-60k-puffar-3-i-1-smaker-disponibel-vape-trippel-smaker-smart-led-display-vape-factory-direct","status":"publish","type":"product","link":"https:\/\/pgvape.com\/sv\/produkt\/fihp-60000-60k-puffar-3-i-1-smaker-disponibel-vape-trippel-smaker-smart-led-display-vape-factory-direct\/","title":{"rendered":"FIHP 60000 60K puffar 3 i 1 smaker Disponibel Vape Triple Flavours Smart LED Display-Vape Factory Direct"},"content":{"rendered":"<div class=\"auto-hide-last-sibling-br paragraph-JOTKXA paragraph-element br-paragraph-space\">\n<p><strong data-sourcepos=\"2:5-2:42\">FIHP 60000 3-IN-1 eng\u00e5ngsvape<\/strong> Revolutionerar Vaping With <strong data-sourcepos=\"2:70-2:108\">Trippel smakv\u00e4xlingsteknik<\/strong>, Levererar <strong data-sourcepos=\"2:121-2:148\">60 000 ultral\u00e5nga puffar<\/strong> Och <strong data-sourcepos=\"2:153-2:179\">54 ml E-v\u00e4tskekapacitet<\/strong>. <strong data-sourcepos=\"2:194-2:225\">650mAh uppladdningsbart batteri<\/strong> Och <strong data-sourcepos=\"2:230-2:255\">Dual Mesh Coil System<\/strong>, Det s\u00e4kerst\u00e4ller <strong data-sourcepos=\"2:268-2:283\">Rik smak<\/strong> Och <strong data-sourcepos=\"2:288-2:315\">J\u00e4mn \u00e5ngproduktion<\/strong>. <strong data-sourcepos=\"2:334-2:358\">Typ-C snabbladdning<\/strong>, <strong data-sourcepos=\"2:360-2:381\">Smart LED-sk\u00e4rm<\/strong>, Och <strong data-sourcepos=\"2:387-2:413\">2%\/5% Nikotinalternativ<\/strong><\/p>\n<\/div>\n<p>&nbsp;<\/p>\n<h2><span style=\"font-size: 90%;\">FIHP 60000 | 60K puffar 3 i 1 smaker Specifikationer f\u00f6r disponibel vape<\/span><\/h2>\n<p><strong data-sourcepos=\"7:3-7:17\">Puff Count<\/strong>:\u00a0<strong data-sourcepos=\"7:19-7:35\">60 000 puffar<\/strong><\/p>\n<p><strong data-sourcepos=\"8:3-8:15\">Nikotin<\/strong>:\u00a0<strong data-sourcepos=\"8:17-8:36\">2% \/ 5%-alternativ<\/strong><\/p>\n<p><strong data-sourcepos=\"9:3-9:15\">E-v\u00e4tska<\/strong>:\u00a0<strong data-sourcepos=\"9:17-9:34\">54 ml kapacitet<\/strong><\/p>\n<p><strong data-sourcepos=\"10:3-10:11\">Spole<\/strong>:\u00a0<strong data-sourcepos=\"10:13-10:31\">Dual Mesh Coil<\/strong><\/p>\n<p><strong data-sourcepos=\"11:3-11:14\">Batteri<\/strong>:\u00a0<strong data-sourcepos=\"11:16-11:39\">650mAh uppladdningsbar<\/strong><\/p>\n<p><strong data-sourcepos=\"12:3-12:15\">Laddar<\/strong>:\u00a0<strong data-sourcepos=\"12:17-12:41\">Typ-C snabbladdning<\/strong><\/p>\n<p><strong data-sourcepos=\"13:3-13:14\">Visa<\/strong>:\u00a0<strong data-sourcepos=\"13:16-13:49\">LED-sk\u00e4rm (Batteri\/E-Liquid)<\/strong><\/p>\n<p><strong data-sourcepos=\"14:3-14:20\">Smaksystem<\/strong>:\u00a0<strong data-sourcepos=\"14:22-14:49\">Trippel Smakv\u00e4xling<\/strong><\/p>\n<p>&nbsp;<\/p>\n<h3><span style=\"font-size: 90%;\">FIHP 60000 | 60K puffar 3 i 1 smaker Disponibel Vape smaklista<\/span><\/h3>\n<p>1.Watermelon Ice &amp; Red Bull &amp; Strawberry Kiwi<\/p>\n<p>2.Citron Lime &amp; Strawberry Watermelon &amp; Blueberry Ice<\/p>\n<p>3. Jordgubbsbanan &amp; dubbel\u00e4pple &amp; hallonvattenmelon<\/p>\n<p>4.Strawberry Kiwi &amp; Sour Mango Pineapple &amp; Red Bull<\/p>\n<p>5. Tropisk frukt &amp; jordgubbsvattenmelon &amp; citronpersika<\/p>\n<p>6.Ananas Kokos &amp; Blue Razz &amp; Jordgubbsbanan<\/p>\n<p>7. Jordgubbshallon &amp; trippelmelon &amp; sur mangoananas<\/p>\n<p>8.Blandade b\u00e4r &amp; hallon vattenmelon &amp; mango persika<\/p>\n<p>9.Bl\u00e5b\u00e4r Hallon &amp; Jordgubb Vanilj Coke &amp; Citron Lime<\/p>\n<p>10. Watermelon Ice &amp; Peach Berry &amp; Triple Melon<\/p>\n<p>&nbsp;<\/p>\n<h3><span style=\"font-size: 90%;\">FIHP 60000 | 60K puffar 3 i 1 smaker Disponibel Vape Video:<\/span><\/h3>\n<p><iframe loading=\"lazy\" title=\"FIHP 60K Puffs 3 in 1 Flavors Disponibel Vape Triple Flavours Smart LED Display Factory Direct pgvape\" width=\"1020\" height=\"574\" src=\"https:\/\/www.youtube.com\/embed\/SpQXk8e9uk0?feature=oembed\" frameborder=\"0\" allow=\"accelerometer; autoplay; clipboard-write; encrypted-media; gyroscope; picture-in-picture; web-share\" referrerpolicy=\"strict-origin-when-cross-origin\" allowfullscreen><\/iframe><\/p>\n<p>&nbsp;<\/p>\n<h2 class=\"header-vfC6AV auto-hide-last-sibling-br\">Vanliga fr\u00e5gor om FIHP 60000 | 60K puffar 3 i 1 smaker disponibel vape<\/h2>\n<p data-sourcepos=\"33:1-34:78\">\u2753 <strong data-sourcepos=\"33:3-33:44\">Vad g\u00f6r FIHP 60000 unik?<\/strong><br \/>\n\u2705 <strong data-sourcepos=\"34:3-34:27\">Trippelt smaksystem<\/strong> Till\u00e5ter <strong data-sourcepos=\"34:35-34:61\">Tre distinkta smaker<\/strong> I en enhet.<\/p>\n<p data-sourcepos=\"36:1-37:83\">\u2753 <strong data-sourcepos=\"36:3-36:42\">Hur l\u00e4nge r\u00e4cker batteriet?<\/strong><br \/>\n\u2705 <strong data-sourcepos=\"37:3-37:21\">650mAh batteri<\/strong> Ger <strong data-sourcepos=\"37:31-37:43\">2-3 dagar<\/strong> Anv\u00e4ndbar med <strong data-sourcepos=\"37:56-37:80\">Typ-C snabbladdning<\/strong>.<\/p>\n<p data-sourcepos=\"39:1-40:74\">\u2753 <strong data-sourcepos=\"39:3-39:45\">Har den realtids\u00f6vervakning?<\/strong><br \/>\n\u2705 <strong data-sourcepos=\"40:3-40:23\">Ja!<\/strong> Shower <strong data-sourcepos=\"40:30-40:47\">Batteriniv\u00e5<\/strong> Och <strong data-sourcepos=\"40:52-40:71\">E-Liquid Status<\/strong>.<\/p>\n<p data-sourcepos=\"42:1-43:75\">\u2753 <strong data-sourcepos=\"42:3-42:41\">\u00c4r \u00e5ngkvaliteten f\u00f6rb\u00e4ttrad?<br \/>\n<\/strong>\u2705 <strong data-sourcepos=\"43:3-43:22\">Dubbla Mesh Coils<\/strong> Leverera <strong data-sourcepos=\"43:31-43:48\">Smidigare tr\u00e4ffar<\/strong> Och <strong data-sourcepos=\"43:53-43:72\">40% Mer smak<\/strong>.<\/p>\n<p data-sourcepos=\"45:1-46:78\">\u2753 <strong data-sourcepos=\"45:3-45:36\">Varf\u00f6r v\u00e4lja 54 ml kapacitet?<\/strong><br \/>\n\u2705 <strong data-sourcepos=\"46:3-46:34\">F\u00f6rl\u00e4ngd E-Liquid Reservoir<\/strong> S\u00e4kerst\u00e4ller <strong data-sourcepos=\"46:43-46:59\">Veckor av anv\u00e4ndning<\/strong> Utan p\u00e5fyllning.<\/p>\n<p>&nbsp;<\/p>\n<h3 id=\"brxe-najhln\" class=\"brxe-heading\">Vanliga fr\u00e5gor (FAQ)<\/h3>\n<div id=\"brxe-rajiac\" class=\"brxe-text\">\n<p><strong>F: Vilka betalningsmetoder accepterar du?<\/strong><br \/>\nS: Vi accepterar PayPal, Stripe, bank\u00f6verf\u00f6ringar (st\u00f6ds med SEPA), vanliga kreditkort (Visa, MasterCard, American Express) och betalningar i kryptovaluta.<\/p>\n<p><strong>F: Hur l\u00e5ng tid tar best\u00e4llningsberedningen?<\/strong><br \/>\nS: Best\u00e4llningsf\u00f6rberedelse tar 1-3 arbetsdagar.<\/p>\n<p><strong>F: Vad \u00e4r leveranstiden?<\/strong><br \/>\nS: Leveranstiden \u00e4r 7-14 arbetsdagar, beroende p\u00e5 var du befinner dig.<\/p>\n<p><strong>F: Hur kan jag sp\u00e5ra min best\u00e4llning?<\/strong><br \/>\nS: Efter leverans kommer du att f\u00e5 ett bekr\u00e4ftelsemail med ett sp\u00e5rningsnummer f\u00f6r sp\u00e5rning i realtid.<\/p>\n<p><strong>F: Vilken \u00e4r din returpolicy?<\/strong><br \/>\nS: Vi erbjuder en 30-dagars returpolicy f\u00f6r \u00e5terbetalningar eller byten. .<\/p>\n<p><strong>F: Kommer det att finnas n\u00e5gra tullproblem?<br \/>\n<\/strong>Vi hanterar alla tullf\u00f6rfaranden f\u00f6r att s\u00e4kerst\u00e4lla en problemfri upplevelse f\u00f6r dig. .<\/p>\n<p><strong>F: Vilka frakts\u00e4tt anv\u00e4nds?<\/strong><br \/>\nVi samarbetar med UPS\/DHL\/FEDEX\/DPD, etc. Vi kommer att v\u00e4lja l\u00e4mpligt fraktalternativ beroende p\u00e5 leveransland f\u00f6r att s\u00e4kerst\u00e4lla att du f\u00e5r dina produkter s\u00e5 snabbt som m\u00f6jligt.<\/p>\n<p><a href=\"https:\/\/pgvape.com\/sv\/vanliga-fragor\/\">Klicka h\u00e4r f\u00f6r mer FAQ<\/a><\/p>\n<p>K\u00e4ra kunder, Om du har n\u00e5gra fr\u00e5gor om din best\u00e4llning eller ankomsten av varor, v\u00e4nligen kontakta v\u00e5r kundtj\u00e4nst. Tack!<\/p>\n<h3 data-sourcepos=\"73:1-73:21\"><strong data-sourcepos=\"73:7-73:21\">Kontakta oss<\/strong><\/h3>\n<div id=\"text-2419739398\" class=\"text\">\n<p><strong data-sourcepos=\"75:3-75:12\">E-post<\/strong>:\u00a0<a href=\"mailto:support@pgvape.com\"><strong>support@pgvape.com<\/strong><\/a><\/p>\n<p><strong data-sourcepos=\"76:3-76:15\">WhatsApp<\/strong>: <a href=\"https:\/\/wa.me\/+8618128481258\"><strong>+86 18128481258<\/strong><\/a><br \/>\n<strong>(Svara inom 24 timmar p\u00e5 arbetsdagar)<\/strong><\/p>\n<\/div>\n<h3><strong>Tack f\u00f6r att du valde pgvape.com! .<\/strong><\/h3>\n<\/div>","protected":false},"excerpt":{"rendered":"<p><strong data-sourcepos=\"51:1-51:220\">\u201cFIHP 60000 3-IN-1: Den ultimata eng\u00e5ngsvapen med flera smaker med 60K puffar, Triple Taste System och 54 ml kapacitet - Drivs av 650mAh batteri och dubbla mesh-spolar f\u00f6r rik, j\u00e4mn \u00e5nga.\u201d<\/strong><\/p>","protected":false},"featured_media":3107,"comment_status":"open","ping_status":"closed","template":"","meta":{"_seopress_robots_primary_cat":"none","_seopress_titles_title":"%%post_title%% %%sep%% %%sitetitle%%","_seopress_titles_desc":"","_seopress_robots_index":""},"product_brand":[516,275],"product_cat":[48,515,274],"product_tag":[24,51,52,90,279,277,143,280],"class_list":{"0":"post-3102","1":"product","2":"type-product","3":"status-publish","4":"has-post-thumbnail","6":"product_brand-disposable-vape","7":"product_brand-fihp-vape","8":"product_cat-60k-puffs-vape","9":"product_cat-disposable-vape","10":"product_cat-fihp-vape","11":"product_tag-3-in-1-flavors","12":"product_tag-60k-puffs","13":"product_tag-60k-vape","14":"product_tag-disposable-vape","15":"product_tag-fihp-60000","16":"product_tag-fihp-vape","17":"product_tag-smart-led-display","18":"product_tag-triple-flavors","20":"first","21":"instock","22":"sale","23":"shipping-taxable","24":"purchasable","25":"product-type-variable"},"_links":{"self":[{"href":"https:\/\/pgvape.com\/sv\/wp-json\/wp\/v2\/product\/3102","targetHints":{"allow":["GET"]}}],"collection":[{"href":"https:\/\/pgvape.com\/sv\/wp-json\/wp\/v2\/product"}],"about":[{"href":"https:\/\/pgvape.com\/sv\/wp-json\/wp\/v2\/types\/product"}],"replies":[{"embeddable":true,"href":"https:\/\/pgvape.com\/sv\/wp-json\/wp\/v2\/comments?post=3102"}],"wp:featuredmedia":[{"embeddable":true,"href":"https:\/\/pgvape.com\/sv\/wp-json\/wp\/v2\/media\/3107"}],"wp:attachment":[{"href":"https:\/\/pgvape.com\/sv\/wp-json\/wp\/v2\/media?parent=3102"}],"wp:term":[{"taxonomy":"product_brand","embeddable":true,"href":"https:\/\/pgvape.com\/sv\/wp-json\/wp\/v2\/product_brand?post=3102"},{"taxonomy":"product_cat","embeddable":true,"href":"https:\/\/pgvape.com\/sv\/wp-json\/wp\/v2\/product_cat?post=3102"},{"taxonomy":"product_tag","embeddable":true,"href":"https:\/\/pgvape.com\/sv\/wp-json\/wp\/v2\/product_tag?post=3102"}],"curies":[{"name":"wp","href":"https:\/\/api.w.org\/{rel}","templated":true}]}}