{"id":3041,"date":"2025-10-11T14:14:39","date_gmt":"2025-10-11T14:14:39","guid":{"rendered":"https:\/\/pgvape.com\/?post_type=product&#038;p=3041"},"modified":"2026-01-27T10:40:13","modified_gmt":"2026-01-27T10:40:13","slug":"atvs-krigsskepp-60000-60k-puffar-4-i-1-smaker-disponibel-vape-4-justerbara-smaker-5-nikotin-6-smaker-med-skarm-display-vape-factory-direct","status":"publish","type":"product","link":"https:\/\/pgvape.com\/sv\/produkt\/atvs-krigsskepp-60000-60k-puffar-4-i-1-smaker-disponibel-vape-4-justerbara-smaker-5-nikotin-6-smaker-med-skarm-display-vape-factory-direct\/","title":{"rendered":"ATVS Warship 60000 | 60k Puffar 4 i 1 Smaker Disponibel Vape | 4 Justerbara Smaker | 5% Nikotin | 6Tastes| Med Sk\u00e4rm Display Vape |"},"content":{"rendered":"<div class=\"auto-hide-last-sibling-br paragraph-JOTKXA paragraph-element br-paragraph-space\"><strong data-sourcepos=\"2:5-2:49\">ATVS WARSHIP 60000 Puffs Disposable Vape<\/strong> Levererar <strong data-sourcepos=\"2:59-2:83\">Ultimat m\u00e5ngsidighet<\/strong> Med <strong data-sourcepos=\"2:89-2:116\">4 smaker i en enhet<\/strong> Och <strong data-sourcepos=\"2:121-2:148\">60 000 ultral\u00e5nga puffar<\/strong>. <strong data-sourcepos=\"2:161-2:185\">Quad 1.0\u03a9 Mesh Coils<\/strong> Och <strong data-sourcepos=\"2:190-2:214\">5% Nikotinstyrka<\/strong>, den producerar <strong data-sourcepos=\"2:228-2:243\">T\u00e4t \u00e5nga<\/strong> Och <strong data-sourcepos=\"2:248-2:266\">Intensiv smak<\/strong>. <strong data-sourcepos=\"2:285-2:309\">Smart Screen Display<\/strong>, <strong data-sourcepos=\"2:311-2:335\">Typ-C snabbladdning<\/strong>, Och <strong data-sourcepos=\"2:341-2:367\">36mL E-v\u00e4tskekapacitet<\/strong>. <strong data-sourcepos=\"2:378-2:390\">6 st\/kartong<\/strong> Med <strong data-sourcepos=\"2:396-2:429\">6 premium smakkombinationer<\/strong><span class=\"CustomP_animated_char__m3r9w\">\u00a0<\/span><span class=\"CustomP_animated_char__m3r9w\">F\u00f6r<\/span><span class=\"CustomP_animated_char__m3r9w\">\u00a0<\/span><span class=\"CustomP_animated_char__m3r9w\">Detaljhandel<\/span><span class=\"CustomP_animated_char__m3r9w\">\/<\/span><span class=\"CustomP_animated_char__m3r9w\">Wh<\/span><span class=\"CustomP_animated_char__m3r9w\">olesale<\/span><span class=\"CustomP_animated_char__m3r9w\">.<\/span><\/div>\n<p>&nbsp;<\/p>\n<h2><span style=\"font-size: 90%;\">ATVS Warship 60000 | 60k Puffs 4 in 1 Flavors Disponibel Vape Specifikationer<\/span><\/h2>\n<p><strong data-sourcepos=\"7:3-7:17\">Puff Count<\/strong>:\u00a0<strong data-sourcepos=\"7:19-7:35\">60 000 puffar<\/strong><\/p>\n<p><strong data-sourcepos=\"8:3-8:15\">Nikotin<\/strong>:\u00a0<strong data-sourcepos=\"8:17-8:32\">5% Styrka<\/strong><\/p>\n<p><strong data-sourcepos=\"9:3-9:15\">E-v\u00e4tska<\/strong>:\u00a0<strong data-sourcepos=\"9:17-9:34\">36 ml kapacitet<\/strong><\/p>\n<p><strong data-sourcepos=\"10:3-10:11\">Spole<\/strong>:\u00a0<strong data-sourcepos=\"10:13-10:34\">1,0\u03a9\u00d74 Mesh Coils<\/strong><\/p>\n<p><strong data-sourcepos=\"11:3-11:14\">Batteri<\/strong>:\u00a0<strong data-sourcepos=\"11:16-11:39\">650mAh uppladdningsbar<\/strong><\/p>\n<p><strong data-sourcepos=\"12:3-12:15\">Laddar<\/strong>:\u00a0<strong data-sourcepos=\"12:17-12:41\">Typ-C snabbladdning<\/strong><\/p>\n<p><strong data-sourcepos=\"13:3-13:14\">Visa<\/strong>:\u00a0<strong data-sourcepos=\"13:16-13:51\">Smart sk\u00e4rm (batteri\/e-v\u00e4tska)<\/strong><\/p>\n<p><strong data-sourcepos=\"14:3-14:20\">Smaksystem<\/strong>:\u00a0<strong data-sourcepos=\"14:22-14:51\">4-i-1 justerbara smaker<\/strong><\/p>\n<p><strong data-sourcepos=\"15:3-15:14\">Paket<\/strong>:\u00a0<strong data-sourcepos=\"15:16-15:33\">6 enheter\/box<\/strong><\/p>\n<p>&nbsp;<\/p>\n<h3><span style=\"font-size: 90%;\">ATVS Warship 60000 | 60k Puffs 4 in 1 Flavors Disponibel Vape Flavor List<\/span><\/h3>\n<p>1.Citron Mint &amp; Strawberry Ice &amp; Blueberry Ice &amp; Strawberry Watermelon<\/p>\n<p>2.Cola Ice &amp; Grape Ice &amp; Peach Ice &amp; Watermelon Ice<\/p>\n<p>3.Blue Razz Ice &amp; Rainbow Sugar &amp; Ananas Mango &amp; Blueberry Hallon Cherry<\/p>\n<p>4. Fizzy Cherry Cola &amp; Mixed Berry &amp; Strawberry Kiwi &amp; Watermelon Bubble Gum<\/p>\n<p>5. \u00c4ppelis &amp; Guava Ice &amp; Mango Ice &amp; Cantaloupe Ice<\/p>\n<p>6. Banan Ice &amp; Red Bull &amp; Mixed Fruit &amp; Citron Lime<br \/>\n<img loading=\"lazy\" decoding=\"async\" class=\"alignnone wp-image-3054 size-full\" src=\"https:\/\/pgvape.com\/wp-content\/uploads\/2025\/10\/pgvape-ATVS-WARSHIP-60000-60k-Puffs-4-in-1-Flavors-Disposable-Vape-With-Screen-Display-Vape-Factory-Direct-11.png\" alt=\"Reklamgrafik med titeln &quot;ONE DEVICE FOUR FLAVOURS&quot; som visar sex f\u00e4rgglada cylindriska vape-enheter arrangerade i ett 3x2 rutn\u00e4t, var och en parad med sm\u00e5 frukt- och dryckillustrationer och listor \u00f6ver smaknamn som citronmynta, jordgubbsglass, bl\u00e5b\u00e4r, \u00e4ppelglass, mango, cola, blandad mango, persika, vattenb\u00e4r, banan och melon.\" width=\"1000\" height=\"677\" srcset=\"https:\/\/pgvape.com\/wp-content\/uploads\/2025\/10\/pgvape-ATVS-WARSHIP-60000-60k-Puffs-4-in-1-Flavors-Disposable-Vape-With-Screen-Display-Vape-Factory-Direct-11.png 1000w, https:\/\/pgvape.com\/wp-content\/uploads\/2025\/10\/pgvape-ATVS-WARSHIP-60000-60k-Puffs-4-in-1-Flavors-Disposable-Vape-With-Screen-Display-Vape-Factory-Direct-11-532x360.png 532w, https:\/\/pgvape.com\/wp-content\/uploads\/2025\/10\/pgvape-ATVS-WARSHIP-60000-60k-Puffs-4-in-1-Flavors-Disposable-Vape-With-Screen-Display-Vape-Factory-Direct-11-595x403.png 595w, https:\/\/pgvape.com\/wp-content\/uploads\/2025\/10\/pgvape-ATVS-WARSHIP-60000-60k-Puffs-4-in-1-Flavors-Disposable-Vape-With-Screen-Display-Vape-Factory-Direct-11-400x271.png 400w, https:\/\/pgvape.com\/wp-content\/uploads\/2025\/10\/pgvape-ATVS-WARSHIP-60000-60k-Puffs-4-in-1-Flavors-Disposable-Vape-With-Screen-Display-Vape-Factory-Direct-11-768x520.png 768w, https:\/\/pgvape.com\/wp-content\/uploads\/2025\/10\/pgvape-ATVS-WARSHIP-60000-60k-Puffs-4-in-1-Flavors-Disposable-Vape-With-Screen-Display-Vape-Factory-Direct-11-18x12.png 18w, https:\/\/pgvape.com\/wp-content\/uploads\/2025\/10\/pgvape-ATVS-WARSHIP-60000-60k-Puffs-4-in-1-Flavors-Disposable-Vape-With-Screen-Display-Vape-Factory-Direct-11-600x406.png 600w, https:\/\/pgvape.com\/wp-content\/uploads\/2025\/10\/pgvape-ATVS-WARSHIP-60000-60k-Puffs-4-in-1-Flavors-Disposable-Vape-With-Screen-Display-Vape-Factory-Direct-11-60x40.png 60w\" sizes=\"auto, (max-width: 1000px) 100vw, 1000px\" \/><\/p>\n<p>&nbsp;<\/p>\n<h3><span style=\"font-size: 90%;\">ATVS Warship 60000 | 60k Puffs 4 in 1 Flavors Disposable Vape Video:<\/span><\/h3>\n<p><iframe loading=\"lazy\" title=\"ATVS Warship 60k Puffar 4 i 1 smaker Disponibel Vape | 4 justerbara smaker | Sk\u00e4rmvisning pgvape\" width=\"563\" height=\"1000\" src=\"https:\/\/www.youtube.com\/embed\/_5U7mH9pKws?feature=oembed\" frameborder=\"0\" allow=\"accelerometer; autoplay; clipboard-write; encrypted-media; gyroscope; picture-in-picture; web-share\" referrerpolicy=\"strict-origin-when-cross-origin\" allowfullscreen><\/iframe><\/p>\n<p>&nbsp;<\/p>\n<h2 class=\"header-vfC6AV auto-hide-last-sibling-br\">Vanliga fr\u00e5gor om ATVS Warship 60000 | 60k Puffs 4 in 1 Flavors Disposable Vape<\/h2>\n<p data-sourcepos=\"30:1-31:85\">\u2753 <strong data-sourcepos=\"30:3-30:52\">Vad g\u00f6r 60 000 puff Count speciellt?<\/strong><br \/>\n\u2705 <strong data-sourcepos=\"31:3-31:32\">Branschledande kapacitet<\/strong> \u2013 H\u00e5ller <strong data-sourcepos=\"31:41-31:56\">4-5x l\u00e4ngre<\/strong> \u00c4n standard eng\u00e5ngsartiklar.<\/p>\n<p data-sourcepos=\"33:1-34:87\">\u2753 <strong data-sourcepos=\"33:3-33:50\">Hur fungerar 4-i-1 smaksystemet?<br \/>\n<\/strong> \u2705 <strong data-sourcepos=\"34:3-34:85\">V\u00e4xla direkt mellan fyra premiumsmaker med enkla knappkontroller.<\/strong><\/p>\n<p data-sourcepos=\"36:1-37:77\">\u2753 <strong data-sourcepos=\"36:3-36:41\">\u00c4r 5% Nikotin f\u00f6r starkt?<\/strong><br \/>\n\u2705 <strong data-sourcepos=\"37:3-37:75\">Perfekt f\u00f6r erfarna vapers som s\u00f6ker kraftfulla halstr\u00e4ffar.<\/strong><\/p>\n<p data-sourcepos=\"39:1-40:83\">\u2753 <strong data-sourcepos=\"39:3-39:42\">Kan jag \u00f6vervaka anv\u00e4ndningsstatistik?<\/strong><br \/>\n\u2705 <strong data-sourcepos=\"40:3-40:19\">Smart sk\u00e4rm<\/strong> Shower <strong data-sourcepos=\"40:26-40:55\">E-v\u00e4tskeniv\u00e5er i realtid<\/strong> Och <strong data-sourcepos=\"40:60-40:78\">Batteristatus<\/strong>.**<\/p>\n<p data-sourcepos=\"42:1-43:84\">\u2753 <strong data-sourcepos=\"42:3-42:38\">Varf\u00f6r v\u00e4lja Quad Mesh Coils?<\/strong><br \/>\n\u2705 <strong data-sourcepos=\"43:3-43:22\">Fyra 1,0\u03a9 spolar<\/strong> S\u00e4kerst\u00e4lla <strong data-sourcepos=\"43:30-43:46\">\u00c4ven uppv\u00e4rmning<\/strong> Och <strong data-sourcepos=\"43:51-43:79\">F\u00f6rb\u00e4ttrad smakleverans<\/strong>.**<\/p>\n<p>&nbsp;<\/p>\n<h3 id=\"brxe-najhln\" class=\"brxe-heading\">Vanliga fr\u00e5gor (FAQ)<\/h3>\n<div id=\"brxe-rajiac\" class=\"brxe-text\">\n<p><strong>F: Vilka betalningsmetoder accepterar du?<\/strong><br \/>\nS: Vi accepterar PayPal, Stripe, bank\u00f6verf\u00f6ringar (st\u00f6ds med SEPA), vanliga kreditkort (Visa, MasterCard, American Express) och betalningar i kryptovaluta.<\/p>\n<p><strong>F: Hur l\u00e5ng tid tar best\u00e4llningsberedningen?<\/strong><br \/>\nS: Best\u00e4llningsf\u00f6rberedelse tar 1-3 arbetsdagar.<\/p>\n<p><strong>F: Vad \u00e4r leveranstiden?<\/strong><br \/>\nS: Leveranstiden \u00e4r 7-14 arbetsdagar, beroende p\u00e5 var du befinner dig.<\/p>\n<p><strong>F: Hur kan jag sp\u00e5ra min best\u00e4llning?<\/strong><br \/>\nS: Efter leverans kommer du att f\u00e5 ett bekr\u00e4ftelsemail med ett sp\u00e5rningsnummer f\u00f6r sp\u00e5rning i realtid.<\/p>\n<p><strong>F: Vilken \u00e4r din returpolicy?<\/strong><br \/>\nS: Vi erbjuder en 30-dagars returpolicy f\u00f6r \u00e5terbetalningar eller byten. .<\/p>\n<p><strong>F: Kommer det att finnas n\u00e5gra tullproblem?<br \/>\n<\/strong>Vi hanterar alla tullf\u00f6rfaranden f\u00f6r att s\u00e4kerst\u00e4lla en problemfri upplevelse f\u00f6r dig. .<\/p>\n<p><strong>F: Vilka frakts\u00e4tt anv\u00e4nds?<\/strong><br \/>\nVi samarbetar med UPS\/DHL\/FEDEX\/DPD, etc. Vi kommer att v\u00e4lja l\u00e4mpligt fraktalternativ beroende p\u00e5 leveransland f\u00f6r att s\u00e4kerst\u00e4lla att du f\u00e5r dina produkter s\u00e5 snabbt som m\u00f6jligt.<\/p>\n<p><a href=\"https:\/\/pgvape.com\/sv\/vanliga-fragor\/\">Klicka h\u00e4r f\u00f6r mer FAQ<\/a><\/p>\n<p>K\u00e4ra kunder, Om du har n\u00e5gra fr\u00e5gor om din best\u00e4llning eller ankomsten av varor, v\u00e4nligen kontakta v\u00e5r kundtj\u00e4nst. Tack!<\/p>\n<h3 data-sourcepos=\"73:1-73:21\"><strong data-sourcepos=\"73:7-73:21\">Kontakta oss<\/strong><\/h3>\n<div id=\"text-2419739398\" class=\"text\">\n<p><strong data-sourcepos=\"75:3-75:12\">E-post<\/strong>:\u00a0<a href=\"mailto:support@pgvape.com\"><strong>support@pgvape.com<\/strong><\/a><\/p>\n<p><strong data-sourcepos=\"76:3-76:15\">WhatsApp<\/strong>: <a href=\"https:\/\/wa.me\/+8618128481258\"><strong>+86 18128481258<\/strong><\/a><br \/>\n<strong>(Svara inom 24 timmar p\u00e5 arbetsdagar)<\/strong><\/p>\n<\/div>\n<h3><strong>Tack f\u00f6r att du valde pgvape.com! .<\/strong><\/h3>\n<\/div>","protected":false},"excerpt":{"rendered":"<p><strong data-sourcepos=\"48:1-48:235\">\u201cATVS WARSHIP 60000: Den ultimata 4-i-1-flavor eng\u00e5ngsvapen med 60K puffar, 36 ml kapacitet och 6 smakkombinationer - med smart sk\u00e4rm, Type-C-laddning och 5% Nikotin f\u00f6r intensiv tillfredsst\u00e4llelse.\u201d<\/strong><\/p>","protected":false},"featured_media":3056,"comment_status":"open","ping_status":"closed","template":"","meta":{"_seopress_robots_primary_cat":"none","_seopress_titles_title":"%%post_title%% %%sep%% %%sitetitle%%","_seopress_titles_desc":"","_seopress_robots_index":""},"product_brand":[261,516],"product_cat":[48,260,515],"product_tag":[158,53,51,52,272,269,90,273],"class_list":{"0":"post-3041","1":"product","2":"type-product","3":"status-publish","4":"has-post-thumbnail","6":"product_brand-atvs-vape","7":"product_brand-disposable-vape","8":"product_cat-60k-puffs-vape","9":"product_cat-atvs-vape","10":"product_cat-disposable-vape","11":"product_tag-4-adjustable-flavors","12":"product_tag-4-in-1-flavors","13":"product_tag-60k-puffs","14":"product_tag-60k-vape","15":"product_tag-atvs-warship-60000","16":"product_tag-atvs-warship-vape","17":"product_tag-disposable-vape","18":"product_tag-with-screen-display","20":"first","21":"instock","22":"sale","23":"shipping-taxable","24":"purchasable","25":"product-type-variable"},"_links":{"self":[{"href":"https:\/\/pgvape.com\/sv\/wp-json\/wp\/v2\/product\/3041","targetHints":{"allow":["GET"]}}],"collection":[{"href":"https:\/\/pgvape.com\/sv\/wp-json\/wp\/v2\/product"}],"about":[{"href":"https:\/\/pgvape.com\/sv\/wp-json\/wp\/v2\/types\/product"}],"replies":[{"embeddable":true,"href":"https:\/\/pgvape.com\/sv\/wp-json\/wp\/v2\/comments?post=3041"}],"wp:featuredmedia":[{"embeddable":true,"href":"https:\/\/pgvape.com\/sv\/wp-json\/wp\/v2\/media\/3056"}],"wp:attachment":[{"href":"https:\/\/pgvape.com\/sv\/wp-json\/wp\/v2\/media?parent=3041"}],"wp:term":[{"taxonomy":"product_brand","embeddable":true,"href":"https:\/\/pgvape.com\/sv\/wp-json\/wp\/v2\/product_brand?post=3041"},{"taxonomy":"product_cat","embeddable":true,"href":"https:\/\/pgvape.com\/sv\/wp-json\/wp\/v2\/product_cat?post=3041"},{"taxonomy":"product_tag","embeddable":true,"href":"https:\/\/pgvape.com\/sv\/wp-json\/wp\/v2\/product_tag?post=3041"}],"curies":[{"name":"wp","href":"https:\/\/api.w.org\/{rel}","templated":true}]}}