{"id":2963,"date":"2025-10-11T11:48:34","date_gmt":"2025-10-11T11:48:34","guid":{"rendered":"https:\/\/pgvape.com\/?post_type=product&#038;p=2963"},"modified":"2026-01-27T10:41:38","modified_gmt":"2026-01-27T10:41:38","slug":"atvs-30000-30k-puffar-engangs-vape-dtl-mtl-med-justerbart-luftflode-vape-factory-direct","status":"publish","type":"product","link":"https:\/\/pgvape.com\/sv\/produkt\/atvs-30000-30k-puffar-engangs-vape-dtl-mtl-med-justerbart-luftflode-vape-factory-direct\/","title":{"rendered":"ATVS 30000 30K Puffs Disponibel Vape DTL\/MTL med justerbart luftfl\u00f6de Vape Factory Direct"},"content":{"rendered":"<div class=\"auto-hide-last-sibling-br paragraph-JOTKXA paragraph-element br-paragraph-space\"><strong data-sourcepos=\"2:5-2:49\">ATVS 30000 Puffar DTL\/MTL Disponibel Vape<\/strong> Levererar <strong data-sourcepos=\"2:59-2:84\">O\u00f6vertr\u00e4ffad m\u00e5ngsidighet<\/strong> Med <strong data-sourcepos=\"2:90-2:117\">30 000 ultral\u00e5nga puffar<\/strong> Och <strong data-sourcepos=\"2:122-2:141\">40W h\u00f6g effekt<\/strong>. <strong data-sourcepos=\"2:153-2:175\">Justerbart luftfl\u00f6de<\/strong> F\u00f6r <strong data-sourcepos=\"2:180-2:198\">DTL\/MTL-stilar<\/strong>, <strong data-sourcepos=\"2:200-2:218\">Dual Mesh Coil<\/strong>, Och <strong data-sourcepos=\"2:224-2:256\">1000mAh uppladdningsbart batteri<\/strong>, den producerar <strong data-sourcepos=\"2:270-2:286\">Smidig \u00e5nga<\/strong> Och <strong data-sourcepos=\"2:291-2:306\">Rik smak<\/strong>. <strong data-sourcepos=\"2:312-2:332\">Smart LCD-sk\u00e4rm<\/strong> Sp\u00e5r <strong data-sourcepos=\"2:340-2:351\">Batteri<\/strong>, <strong data-sourcepos=\"2:353-2:364\">Wattal<\/strong>, Och <strong data-sourcepos=\"2:370-2:389\">E-v\u00e4tskeniv\u00e5er<\/strong>, Medan <strong data-sourcepos=\"2:397-2:421\">Typ-C snabbladdning<\/strong> S\u00e4kerst\u00e4ller snabba power-ups. <strong data-sourcepos=\"2:460-2:482\">14 premiumsmaker<\/strong> Med <strong data-sourcepos=\"2:488-2:514\">2%\/5% Nikotinalternativ<\/strong>.<\/div>\n<p>&nbsp;<\/p>\n<h2><span style=\"font-size: 90%;\">Specifikationer f\u00f6r ATVS 30000 | 30K Puffs Disposable Vape<\/span><\/h2>\n<p><strong data-sourcepos=\"7:3-7:17\">Puff Count<\/strong>:\u00a0<strong data-sourcepos=\"7:19-7:35\">30 000 puffar<\/strong><\/p>\n<p><strong data-sourcepos=\"8:3-8:15\">Nikotin<\/strong>:\u00a0<strong data-sourcepos=\"8:17-8:36\">2% \/ 5%-alternativ<\/strong><\/p>\n<p><strong data-sourcepos=\"9:3-9:15\">E-v\u00e4tska<\/strong>:\u00a0<strong data-sourcepos=\"9:17-9:34\">30 ml kapacitet<\/strong><\/p>\n<p><strong data-sourcepos=\"10:3-10:14\">Batteri<\/strong>:\u00a0<strong data-sourcepos=\"10:16-10:40\">1000mAh uppladdningsbar<\/strong><\/p>\n<p><strong data-sourcepos=\"11:3-11:13\">Produktion<\/strong>:\u00a0<strong data-sourcepos=\"11:15-11:33\">40W h\u00f6g effekt<\/strong><\/p>\n<p><strong data-sourcepos=\"12:3-12:17\">Motst\u00e5nd<\/strong>:\u00a0<strong data-sourcepos=\"12:19-12:55\">0,4\u03a9 \/ 0,8\u03a9 (DTL\/MTL justerbar)<\/strong><\/p>\n<p><strong data-sourcepos=\"13:3-13:11\">Spole<\/strong>:\u00a0<strong data-sourcepos=\"13:13-13:31\">Dual Mesh Coil<\/strong><\/p>\n<p><strong data-sourcepos=\"14:3-14:15\">Laddar<\/strong>:\u00a0<strong data-sourcepos=\"14:17-14:41\">Typ-C snabbladdning<\/strong><\/p>\n<p><strong data-sourcepos=\"15:3-15:14\">Visa<\/strong>:\u00a0<strong data-sourcepos=\"15:16-15:57\">LCD-sk\u00e4rm (Batteri\/Watt\/E-Liquid)<\/strong><\/p>\n<p><strong data-sourcepos=\"16:3-16:14\">Luftfl\u00f6de<\/strong>:\u00a0<strong data-sourcepos=\"16:16-16:46\">Justerbar (DTL\/MTL-l\u00e4gen)<\/strong><\/p>\n<p><strong data-sourcepos=\"17:3-17:14\">Paket<\/strong>:\u00a0<strong data-sourcepos=\"17:16-17:35\">Individuell enhet<\/strong><\/p>\n<h3><span style=\"font-size: 90%;\"><br \/>\nATVS 30000 | 30K puffar disponibel vape smaklista<\/span><\/h3>\n<p>1.Ananasis<\/p>\n<p>2.Mango Ice<\/p>\n<p>3. Bananis<\/p>\n<p>4. Blandad frukt<\/p>\n<p>5.Bl\u00e5b\u00e4ris<\/p>\n<p>6.Guava Ice<\/p>\n<p>7. Yakult<\/p>\n<p>8. Vattenmelon Is<\/p>\n<p>9. Litchiis<\/p>\n<p>10. Mint Is<\/p>\n<p>11. Cola Ice<\/p>\n<p>12. Grape Ice<\/p>\n<p>13.Strawberry Ice<\/p>\n<p>14. Jordgubbsvattenmelon<img loading=\"lazy\" decoding=\"async\" class=\"alignnone wp-image-2985 size-full\" src=\"https:\/\/pgvape.com\/wp-content\/uploads\/2025\/10\/pgvape-ATVS-30000-30K-Puffs-DTLMTL-Disposable-Vape-Adjustable-Airflow-Vape-Factory-Direct-19.png\" alt=\"Rutn\u00e4t med f\u00e4rgglada produktkort under rubriken Various Flavors To Choose, som visar tv\u00e5 rader med m\u00e4rkta smakl\u00e5dor\u2014Ananasis, Mango Is, Banan Ice, Mixed Frukt, Blueberry Ice, Guava Ice, Yakult, Watermelon Ice, Lychee Ice, Mint Ice, Cola Ice, Grape Ice, Strawberry Ice and Strawberry Card, Strawberry Ice and Strawberry image .\" width=\"2000\" height=\"885\" srcset=\"https:\/\/pgvape.com\/wp-content\/uploads\/2025\/10\/pgvape-ATVS-30000-30K-Puffs-DTLMTL-Disposable-Vape-Adjustable-Airflow-Vape-Factory-Direct-19.png 2000w, https:\/\/pgvape.com\/wp-content\/uploads\/2025\/10\/pgvape-ATVS-30000-30K-Puffs-DTLMTL-Disposable-Vape-Adjustable-Airflow-Vape-Factory-Direct-19-555x246.png 555w, https:\/\/pgvape.com\/wp-content\/uploads\/2025\/10\/pgvape-ATVS-30000-30K-Puffs-DTLMTL-Disposable-Vape-Adjustable-Airflow-Vape-Factory-Direct-19-595x263.png 595w, https:\/\/pgvape.com\/wp-content\/uploads\/2025\/10\/pgvape-ATVS-30000-30K-Puffs-DTLMTL-Disposable-Vape-Adjustable-Airflow-Vape-Factory-Direct-19-400x177.png 400w, https:\/\/pgvape.com\/wp-content\/uploads\/2025\/10\/pgvape-ATVS-30000-30K-Puffs-DTLMTL-Disposable-Vape-Adjustable-Airflow-Vape-Factory-Direct-19-768x340.png 768w, https:\/\/pgvape.com\/wp-content\/uploads\/2025\/10\/pgvape-ATVS-30000-30K-Puffs-DTLMTL-Disposable-Vape-Adjustable-Airflow-Vape-Factory-Direct-19-1536x680.png 1536w, https:\/\/pgvape.com\/wp-content\/uploads\/2025\/10\/pgvape-ATVS-30000-30K-Puffs-DTLMTL-Disposable-Vape-Adjustable-Airflow-Vape-Factory-Direct-19-18x8.png 18w, https:\/\/pgvape.com\/wp-content\/uploads\/2025\/10\/pgvape-ATVS-30000-30K-Puffs-DTLMTL-Disposable-Vape-Adjustable-Airflow-Vape-Factory-Direct-19-600x266.png 600w, https:\/\/pgvape.com\/wp-content\/uploads\/2025\/10\/pgvape-ATVS-30000-30K-Puffs-DTLMTL-Disposable-Vape-Adjustable-Airflow-Vape-Factory-Direct-19-60x27.png 60w\" sizes=\"auto, (max-width: 2000px) 100vw, 2000px\" \/><\/p>\n<h3><span style=\"font-size: 20.16px;\">ATVS 30000 30K Puffar DTL\/MTL Disposable Vape Video<\/span><strong style=\"font-size: 20.16px;\">:<\/strong><\/h3>\n<p><iframe loading=\"lazy\" title=\"ATVS 30K Puffs Disposable Vape DTL\/MTL Justerbart luftfl\u00f6de Smart Screen Vape Factory Direct pgvape\" width=\"1020\" height=\"574\" src=\"https:\/\/www.youtube.com\/embed\/y_aTjoXEX3E?feature=oembed\" frameborder=\"0\" allow=\"accelerometer; autoplay; clipboard-write; encrypted-media; gyroscope; picture-in-picture; web-share\" referrerpolicy=\"strict-origin-when-cross-origin\" allowfullscreen><\/iframe><\/p>\n<p>&nbsp;<\/p>\n<h2 class=\"header-vfC6AV auto-hide-last-sibling-br\">Vanliga fr\u00e5gor om ATVS 30000 | 30K Puffs Disposable Vape<\/h2>\n<p data-sourcepos=\"40:1-41:116\">\u2753 <strong data-sourcepos=\"40:3-40:48\">Vad g\u00f6r DTL\/MTL-designen unik?<\/strong><br \/>\n\u2705 <strong data-sourcepos=\"41:3-41:25\">Justerbart luftfl\u00f6de<\/strong> Och <strong data-sourcepos=\"41:30-41:61\">Dubbelt motst\u00e5nd (0,4\u03a9\/0,8\u03a9)<\/strong> St\u00f6d <strong data-sourcepos=\"41:70-41:106\">B\u00e5de direkt-lunga och mun-till-lunga<\/strong> Stilar.<\/p>\n<p data-sourcepos=\"43:1-44:107\">\u2753 <strong data-sourcepos=\"43:3-43:50\">Hur f\u00f6rb\u00e4ttrar 40W-effekten vaping?<\/strong><br \/>\n\u2705 <strong data-sourcepos=\"44:3-44:19\">H\u00f6gre makt<\/strong> Levererar <strong data-sourcepos=\"44:29-44:46\">T\u00e4tare moln<\/strong> Och <strong data-sourcepos=\"44:51-44:75\">Starkare halstr\u00e4ffar<\/strong> F\u00f6r <strong data-sourcepos=\"44:80-44:104\">Intensiv tillfredsst\u00e4llelse<\/strong>.<\/p>\n<p data-sourcepos=\"46:1-47:97\">\u2753 <strong data-sourcepos=\"46:3-46:47\">H\u00e5ller 1000mAh-batteriet l\u00e4nge?<\/strong><br \/>\n\u2705 <strong data-sourcepos=\"47:3-47:11\">Ja!<\/strong> Ger <strong data-sourcepos=\"47:21-47:33\">2-3 dagar<\/strong> Anv\u00e4ndbar med <strong data-sourcepos=\"47:46-47:70\">Typ-C snabbladdning<\/strong> F\u00f6r snabb p\u00e5fyllning.<\/p>\n<p data-sourcepos=\"49:1-50:73\">\u2753 <strong data-sourcepos=\"49:3-49:50\">Kan jag \u00f6vervaka watt och e-v\u00e4tska?<\/strong><br \/>\n\u2705 <strong data-sourcepos=\"50:3-50:17\">LCD-sk\u00e4rm<\/strong> Displayer <strong data-sourcepos=\"50:27-50:46\">Realtidsstatistik<\/strong> F\u00f6r <strong data-sourcepos=\"50:51-50:70\">Exakt kontroll<\/strong>.<\/p>\n<p data-sourcepos=\"52:1-53:81\">\u2753 <strong data-sourcepos=\"52:3-52:38\">Varf\u00f6r v\u00e4lja Dual Mesh Coils?<\/strong><br \/>\n\u2705 <strong data-sourcepos=\"53:3-53:30\">F\u00f6rb\u00e4ttrad smakklarhet<\/strong> Och <strong data-sourcepos=\"53:35-53:53\">J\u00e4mnare \u00e5nga<\/strong> J\u00e4mf\u00f6rt med Single Coils.<\/p>\n<p data-sourcepos=\"55:1-56:85\">\u2753 <strong data-sourcepos=\"55:3-55:43\">\u00c4r de 14 smakerna isiga eller s\u00f6ta?<\/strong><br \/>\n\u2705 <strong data-sourcepos=\"56:3-56:12\">B\u00e5de!<\/strong> Inkluderar <strong data-sourcepos=\"56:22-56:32\">Fruktig<\/strong>, <strong data-sourcepos=\"56:34-56:45\">Mentol<\/strong>, Och <strong data-sourcepos=\"56:51-56:82\">Unika blandningar (som Yakult)<\/strong>.<\/p>\n<p>&nbsp;<\/p>\n<h3 id=\"brxe-najhln\" class=\"brxe-heading\">Vanliga fr\u00e5gor (FAQ)<\/h3>\n<div id=\"brxe-rajiac\" class=\"brxe-text\">\n<p><strong>F: Vilka betalningsmetoder accepterar du?<\/strong><br \/>\nS: Vi accepterar PayPal, Stripe, bank\u00f6verf\u00f6ringar (st\u00f6ds med SEPA), vanliga kreditkort (Visa, MasterCard, American Express) och betalningar i kryptovaluta.<\/p>\n<p><strong>F: Hur l\u00e5ng tid tar best\u00e4llningsberedningen?<\/strong><br \/>\nS: Best\u00e4llningsf\u00f6rberedelse tar 1-3 arbetsdagar.<\/p>\n<p><strong>F: Vad \u00e4r leveranstiden?<\/strong><br \/>\nS: Leveranstiden \u00e4r 7-14 arbetsdagar, beroende p\u00e5 var du befinner dig.<\/p>\n<p><strong>F: Hur kan jag sp\u00e5ra min best\u00e4llning?<\/strong><br \/>\nS: Efter leverans kommer du att f\u00e5 ett bekr\u00e4ftelsemail med ett sp\u00e5rningsnummer f\u00f6r sp\u00e5rning i realtid.<\/p>\n<p><strong>F: Vilken \u00e4r din returpolicy?<\/strong><br \/>\nS: Vi erbjuder en 30-dagars returpolicy f\u00f6r \u00e5terbetalningar eller byten. .<\/p>\n<p><strong>F: Kommer det att finnas n\u00e5gra tullproblem?<br \/>\n<\/strong>Vi hanterar alla tullf\u00f6rfaranden f\u00f6r att s\u00e4kerst\u00e4lla en problemfri upplevelse f\u00f6r dig. .<\/p>\n<p><strong>F: Vilka frakts\u00e4tt anv\u00e4nds?<\/strong><br \/>\nVi samarbetar med UPS\/DHL\/FEDEX\/DPD, etc. Vi kommer att v\u00e4lja l\u00e4mpligt fraktalternativ beroende p\u00e5 leveransland f\u00f6r att s\u00e4kerst\u00e4lla att du f\u00e5r dina produkter s\u00e5 snabbt som m\u00f6jligt.<\/p>\n<p><a href=\"https:\/\/pgvape.com\/sv\/vanliga-fragor\/\">Klicka h\u00e4r f\u00f6r mer FAQ<\/a><\/p>\n<p>K\u00e4ra kunder, Om du har n\u00e5gra fr\u00e5gor om din best\u00e4llning eller ankomsten av varor, v\u00e4nligen kontakta v\u00e5r kundtj\u00e4nst. Tack!<\/p>\n<h3 data-sourcepos=\"73:1-73:21\"><strong data-sourcepos=\"73:7-73:21\">Kontakta oss<\/strong><\/h3>\n<div id=\"text-2419739398\" class=\"text\">\n<p><strong data-sourcepos=\"75:3-75:12\">E-post<\/strong>:\u00a0<a href=\"mailto:support@pgvape.com\"><strong>support@pgvape.com<\/strong><\/a><\/p>\n<p><strong data-sourcepos=\"76:3-76:15\">WhatsApp<\/strong>: <a href=\"https:\/\/wa.me\/+8618128481258\"><strong>+86 18128481258<\/strong><\/a><br \/>\n<strong>(Svara inom 24 timmar p\u00e5 arbetsdagar)<\/strong><\/p>\n<\/div>\n<h3><strong>Tack f\u00f6r att du valde pgvape.com! .<\/strong><\/h3>\n<\/div>","protected":false},"excerpt":{"rendered":"<p><strong data-sourcepos=\"61:1-61:221\">\u201cATVS 30000: Den ultimata DTL\/MTL disponibla vapen med 30K puffar, 40W uteffekt och 14 smaker - med justerbart luftfl\u00f6de, smart LCD och 1000mAh batteri f\u00f6r anpassad molnjakt.\u201d<\/strong><\/p>","protected":false},"featured_media":2967,"comment_status":"open","ping_status":"closed","template":"","meta":{"_seopress_robots_primary_cat":"none","_seopress_titles_title":"%%post_title%% %%sep%% %%sitetitle%%","_seopress_titles_desc":"","_seopress_robots_index":""},"product_brand":[261,516],"product_cat":[35,260,515],"product_tag":[38,134,268,265,90,263,267,266],"class_list":{"0":"post-2963","1":"product","2":"type-product","3":"status-publish","4":"has-post-thumbnail","6":"product_brand-atvs-vape","7":"product_brand-disposable-vape","8":"product_cat-30k-puffs-vape","9":"product_cat-atvs-vape","10":"product_cat-disposable-vape","11":"product_tag-30k-puffs","12":"product_tag-30k-vape","13":"product_tag-atvs-30000","14":"product_tag-atvs-vape","15":"product_tag-disposable-vape","16":"product_tag-dtl-mtl","17":"product_tag-smart-lcd-screen","18":"product_tag-with-adjustable-airflow","20":"first","21":"instock","22":"sale","23":"shipping-taxable","24":"purchasable","25":"product-type-variable"},"_links":{"self":[{"href":"https:\/\/pgvape.com\/sv\/wp-json\/wp\/v2\/product\/2963","targetHints":{"allow":["GET"]}}],"collection":[{"href":"https:\/\/pgvape.com\/sv\/wp-json\/wp\/v2\/product"}],"about":[{"href":"https:\/\/pgvape.com\/sv\/wp-json\/wp\/v2\/types\/product"}],"replies":[{"embeddable":true,"href":"https:\/\/pgvape.com\/sv\/wp-json\/wp\/v2\/comments?post=2963"}],"wp:featuredmedia":[{"embeddable":true,"href":"https:\/\/pgvape.com\/sv\/wp-json\/wp\/v2\/media\/2967"}],"wp:attachment":[{"href":"https:\/\/pgvape.com\/sv\/wp-json\/wp\/v2\/media?parent=2963"}],"wp:term":[{"taxonomy":"product_brand","embeddable":true,"href":"https:\/\/pgvape.com\/sv\/wp-json\/wp\/v2\/product_brand?post=2963"},{"taxonomy":"product_cat","embeddable":true,"href":"https:\/\/pgvape.com\/sv\/wp-json\/wp\/v2\/product_cat?post=2963"},{"taxonomy":"product_tag","embeddable":true,"href":"https:\/\/pgvape.com\/sv\/wp-json\/wp\/v2\/product_tag?post=2963"}],"curies":[{"name":"wp","href":"https:\/\/api.w.org\/{rel}","templated":true}]}}