{"id":2806,"date":"2025-10-10T13:42:18","date_gmt":"2025-10-10T13:42:18","guid":{"rendered":"https:\/\/pgvape.com\/?post_type=product&#038;p=2806"},"modified":"2026-03-30T05:27:18","modified_gmt":"2026-03-30T05:27:18","slug":"fizzy-twins-50000-50k-puffar-dubbla-smaker-disponibel-vape-2-5-nikotin-12-smaker-smart-led-display-vape-factory-direct","status":"publish","type":"product","link":"https:\/\/pgvape.com\/sv\/produkt\/fizzy-twins-50000-50k-puffar-dubbla-smaker-disponibel-vape-2-5-nikotin-12-smaker-smart-led-display-vape-factory-direct\/","title":{"rendered":"Fizzy Twins 50000 | 50k Puffs Dual Flavors Disponibel Vape | 2% 5% Nikotin | 12Smaker | Smart LED-sk\u00e4rm | Vape Factory Direct"},"content":{"rendered":"<p><strong data-sourcepos=\"2:5-2:54\">Twins 50000 Puffs Dual Flavor Disposable Vape<\/strong> omdefinierar vaping med <strong data-sourcepos=\"2:77-2:104\">50 000 ultral\u00e5nga puffar<\/strong> och a <strong data-sourcepos=\"2:111-2:136\">50mL dubbeltanksystem<\/strong>. <strong data-sourcepos=\"2:148-2:167\">dubbla mesh-spolar<\/strong> f\u00f6r <strong data-sourcepos=\"2:172-2:190\">j\u00e4mnare \u00e5nga<\/strong> och <strong data-sourcepos=\"2:195-2:212\">rikare smak<\/strong>, det l\u00e5ter dig <strong data-sourcepos=\"2:226-2:256\">v\u00e4xla mellan tv\u00e5 smaker<\/strong> utan anstr\u00e4ngning. <strong data-sourcepos=\"2:286-2:301\">Normall\u00e4ge<\/strong> f\u00f6r j\u00e4mna drag eller <strong data-sourcepos=\"2:322-2:336\">Boost-l\u00e4ge<\/strong> f\u00f6r intensiva moln. <strong data-sourcepos=\"2:361-2:378\">smart display<\/strong> sp\u00e5r <strong data-sourcepos=\"2:386-2:405\">dubbla oljeniv\u00e5er<\/strong>, medan <strong data-sourcepos=\"2:417-2:448\">850mAh uppladdningsbart batteri<\/strong> med <strong data-sourcepos=\"2:454-2:473\">Typ-C laddning<\/strong> s\u00e4kerst\u00e4ller <strong data-sourcepos=\"2:482-2:499\">kraft hela dagen<\/strong>. <strong data-sourcepos=\"2:514-2:540\">12 smakkombinationer<\/strong> med <strong data-sourcepos=\"2:546-2:567\">2% eller 5% nikotin<\/strong>, den \u00e4r perfekt f\u00f6r vapers som \u00e4r sugna p\u00e5 <strong data-sourcepos=\"2:603-2:614\">m\u00e4ngd<\/strong> och <strong data-sourcepos=\"2:619-2:634\">prestanda<\/strong>.<\/p>\n<p>&nbsp;<\/p>\n<h2><span style=\"font-size: 90%;\">Specifikationer f\u00f6r Fizzy Twins 50000 50k Puffs Dual Flavors Disponibel Vape<\/span><\/h2>\n<p><strong data-sourcepos=\"7:3-7:17\">Puff Count<\/strong>:\u00a0<strong data-sourcepos=\"7:19-7:35\">50 000 bloss<\/strong><\/p>\n<p><strong data-sourcepos=\"8:3-8:15\">Nikotin<\/strong>:\u00a0<strong data-sourcepos=\"8:17-8:38\">2% eller 5% styrka<\/strong><\/p>\n<p><strong data-sourcepos=\"9:3-9:15\">E-v\u00e4tska<\/strong>:\u00a0<strong data-sourcepos=\"9:17-9:44\">50mL (dubbeltanksystem)<\/strong><\/p>\n<p><strong data-sourcepos=\"10:3-10:11\">Spole<\/strong>:\u00a0<strong data-sourcepos=\"10:13-10:32\">Dubbla mesh-spolar<\/strong><\/p>\n<p><strong data-sourcepos=\"11:3-11:14\">Batteri<\/strong>:\u00a0<strong data-sourcepos=\"11:16-11:39\">850mAh uppladdningsbar<\/strong><\/p>\n<p><strong data-sourcepos=\"12:3-12:15\">Laddar<\/strong>:\u00a0<strong data-sourcepos=\"12:17-12:41\">Typ-C snabbladdning<\/strong><\/p>\n<p><strong data-sourcepos=\"13:3-13:14\">Visa<\/strong>:\u00a0<strong data-sourcepos=\"13:16-13:42\">Dubbel oljeniv\u00e5vakt<\/strong><\/p>\n<p><strong data-sourcepos=\"14:3-14:12\">L\u00e4gen<\/strong>:\u00a0<strong data-sourcepos=\"14:14-14:37\">Normal \/ Boost-l\u00e4ge<\/strong><\/p>\n<p><strong data-sourcepos=\"15:3-15:14\">Smaker<\/strong>:\u00a0<strong data-sourcepos=\"15:16-15:35\">12 dynamiska duos<\/strong><\/p>\n<p><strong data-sourcepos=\"16:3-16:14\">Paket<\/strong>:\u00a0<strong data-sourcepos=\"16:16-16:34\">10 enheter\/l\u00e5da<\/strong><\/p>\n<p>&nbsp;<\/p>\n<h3><span style=\"font-size: 90%;\">Fizzy Twins 50000 50k Puffs Dual Flavors Disponibel Vape Flavor List<\/span><\/h3>\n<p>1. Vattenmelon Ice &amp; Strawberry Kiwi<\/p>\n<p>2.Strawberry Kiwi Granat\u00e4pple &amp; Red Bull<\/p>\n<p>3. Bl\u00e5b\u00e4r Coconut &amp; Grape Ice<\/p>\n<p>4.Blue Razz Lemonade &amp; Triple Melon<\/p>\n<p>5. Jordgubbsvattenmelon &amp; bl\u00e5b\u00e4ris<\/p>\n<p>6.Peach Mango Vattenmelon &amp; Jordgubbsbanan<\/p>\n<p>7. Hallon Vattenmelon &amp; Kiwi Passionsfrukt Guava<\/p>\n<p>8.Ananas Persika Passionsfrukt &amp; Bl\u00e5b\u00e4r Hallon<\/p>\n<p>9. Vattenmelon Ice &amp; Citron Lime<\/p>\n<p>10.Blandad Berry &amp; Peach Ice<\/p>\n<p>11. Strawberry Ice &amp; Fizzy Cherry<\/p>\n<p>12. Hallonlemonad &amp; jordgubbsis<br \/>\n<img loading=\"lazy\" decoding=\"async\" class=\"alignnone wp-image-2824 size-full\" src=\"https:\/\/pgvape.com\/wp-content\/uploads\/2025\/10\/pgvape-Fizzy-Twins-50000-50k-Puffs-Dual-Flavors-Disposable-Vape-2-5-Nicotine-12Tastes-Smart-LED-Display-Vape-Factory-Direct-16.png\" alt=\"Affisch som visar tolv numrerade Fizzy Twins 5000-puff dual-tank vape-enheter i ljusa f\u00e4rger, var och en m\u00e4rkt med olika smakkombinationer och sm\u00e5 frukt- och isikoner, med en banderoll som fr\u00e4mjar X2 dubbeltank och smakf\u00f6r\u00e4ndringar och justerbara luftfl\u00f6desfunktioner.\" width=\"1015\" height=\"1920\" srcset=\"https:\/\/pgvape.com\/wp-content\/uploads\/2025\/10\/pgvape-Fizzy-Twins-50000-50k-Puffs-Dual-Flavors-Disposable-Vape-2-5-Nicotine-12Tastes-Smart-LED-Display-Vape-Factory-Direct-16.png 1015w, https:\/\/pgvape.com\/wp-content\/uploads\/2025\/10\/pgvape-Fizzy-Twins-50000-50k-Puffs-Dual-Flavors-Disposable-Vape-2-5-Nicotine-12Tastes-Smart-LED-Display-Vape-Factory-Direct-16-190x360.png 190w, https:\/\/pgvape.com\/wp-content\/uploads\/2025\/10\/pgvape-Fizzy-Twins-50000-50k-Puffs-Dual-Flavors-Disposable-Vape-2-5-Nicotine-12Tastes-Smart-LED-Display-Vape-Factory-Direct-16-541x1024.png 541w, https:\/\/pgvape.com\/wp-content\/uploads\/2025\/10\/pgvape-Fizzy-Twins-50000-50k-Puffs-Dual-Flavors-Disposable-Vape-2-5-Nicotine-12Tastes-Smart-LED-Display-Vape-Factory-Direct-16-211x400.png 211w, https:\/\/pgvape.com\/wp-content\/uploads\/2025\/10\/pgvape-Fizzy-Twins-50000-50k-Puffs-Dual-Flavors-Disposable-Vape-2-5-Nicotine-12Tastes-Smart-LED-Display-Vape-Factory-Direct-16-768x1453.png 768w, https:\/\/pgvape.com\/wp-content\/uploads\/2025\/10\/pgvape-Fizzy-Twins-50000-50k-Puffs-Dual-Flavors-Disposable-Vape-2-5-Nicotine-12Tastes-Smart-LED-Display-Vape-Factory-Direct-16-812x1536.png 812w, https:\/\/pgvape.com\/wp-content\/uploads\/2025\/10\/pgvape-Fizzy-Twins-50000-50k-Puffs-Dual-Flavors-Disposable-Vape-2-5-Nicotine-12Tastes-Smart-LED-Display-Vape-Factory-Direct-16-6x12.png 6w, https:\/\/pgvape.com\/wp-content\/uploads\/2025\/10\/pgvape-Fizzy-Twins-50000-50k-Puffs-Dual-Flavors-Disposable-Vape-2-5-Nicotine-12Tastes-Smart-LED-Display-Vape-Factory-Direct-16-600x1135.png 600w, https:\/\/pgvape.com\/wp-content\/uploads\/2025\/10\/pgvape-Fizzy-Twins-50000-50k-Puffs-Dual-Flavors-Disposable-Vape-2-5-Nicotine-12Tastes-Smart-LED-Display-Vape-Factory-Direct-16-21x40.png 21w\" sizes=\"auto, (max-width: 1015px) 100vw, 1015px\" \/><\/p>\n<p>&nbsp;<\/p>\n<h3><span style=\"font-size: 90%;\">Fizzy Twins 50000 | 50k Puffs Dual Flavors Disposable Vape Video:<br \/>\n<\/span><\/h3>\n<p><iframe loading=\"lazy\" title=\"Fizzy Twins 50k Puffs Dual Flavors Disposable Vape Smart LED Display | Vape Factory Direct phvape\" width=\"1020\" height=\"574\" src=\"https:\/\/www.youtube.com\/embed\/EE-R8Kz-I1Y?feature=oembed\" frameborder=\"0\" allow=\"accelerometer; autoplay; clipboard-write; encrypted-media; gyroscope; picture-in-picture; web-share\" referrerpolicy=\"strict-origin-when-cross-origin\" allowfullscreen><\/iframe><\/p>\n<p>&nbsp;<\/p>\n<h3 class=\"auto-hide-last-sibling-br paragraph-pP9ZLC paragraph-element br-paragraph-space\">Varf\u00f6r v\u00e4lja PGVape European Warehouse?<\/h3>\n<p>Snabb leverans: Leverans till de flesta EU-l\u00e4nder inom 3-7 arbetsdagar.<\/p>\n<p>Tullfri leverans: Lokalt EU-lager s\u00e4kerst\u00e4ller smidig och tullfri frakt.<\/p>\n<p>100% Autentisk garanti: \u00c4kta <b>Kolsyrat<\/b>\u00a0e-cigaretter fr\u00e5n certifierade leverant\u00f6rer.<\/p>\n<p>F\u00e4rskt lager: F\u00f6rvaras under kontrollerade f\u00f6rh\u00e5llanden f\u00f6r att s\u00e4kerst\u00e4lla optimal kvalitet.<\/p>\n<p>P\u00e5litlig av europ\u00e9er: Tusentals kunder \u00e5tnjuter snabba och s\u00e4kra e-cigaretttj\u00e4nster fr\u00e5n PGVape.<\/p>\n<p>&nbsp;<\/p>\n<h2 class=\"header-vfC6AV auto-hide-last-sibling-br\">Vanliga fr\u00e5gor om Fizzy Twins 50000 50k Puffs Dual Flavors Disposable Vape<\/h2>\n<p data-sourcepos=\"37:1-38:106\">\u2753 <strong data-sourcepos=\"37:3-37:54\">Vad f\u00e5r 50 000 bloss att sticka ut?<\/strong><br \/>\n\u2705 <strong data-sourcepos=\"38:3-38:23\">Dubbeltank design<\/strong> s\u00e4kerst\u00e4ller <strong data-sourcepos=\"38:32-38:48\">ut\u00f6kad anv\u00e4ndning<\/strong> utan frekventa byten \u2013 perfekt f\u00f6r tunga vapers.<\/p>\n<p data-sourcepos=\"40:1-41:91\">\u2753 <strong data-sourcepos=\"40:3-40:48\">Hur fungerar systemet med dubbla smaker?<\/strong><br \/>\n\u2705 <strong data-sourcepos=\"41:3-41:24\">V\u00e4xla s\u00f6ml\u00f6st<\/strong> mellan tv\u00e5 smaker eller blanda dem f\u00f6r en <strong data-sourcepos=\"41:63-41:88\">skr\u00e4ddarsydd upplevelse<\/strong>.<\/p>\n<p data-sourcepos=\"43:1-44:88\">\u2753 <strong data-sourcepos=\"43:3-43:43\">Varf\u00f6r v\u00e4lja Normal eller Boost Mode?<\/strong><br \/>\n\u2705 <strong data-sourcepos=\"44:3-44:22\">Skr\u00e4ddarsy din tr\u00e4ff<\/strong>-len och mild (<strong data-sourcepos=\"44:40-44:50\">Normal<\/strong>) eller t\u00e4t och kraftfull (<strong data-sourcepos=\"44:75-44:84\">Lyft<\/strong>).<\/p>\n<p data-sourcepos=\"46:1-47:90\">\u2753 <strong data-sourcepos=\"46:3-46:46\">H\u00e5ller batteriet p\u00e5 850mAh?<\/strong><br \/>\n\u2705 <strong data-sourcepos=\"47:3-47:11\">Ja!<\/strong> St\u00f6der <strong data-sourcepos=\"47:21-47:39\">vaping hela dagen<\/strong> med <strong data-sourcepos=\"47:45-47:69\">Typ-C snabbladdning<\/strong> f\u00f6r snabba p\u00e5fyllningar.<\/p>\n<p data-sourcepos=\"49:1-50:103\">\u2753 <strong data-sourcepos=\"49:3-49:51\">Passar smakkombinationerna v\u00e4l ihop?<br \/>\n<\/strong> \u2705 <strong data-sourcepos=\"50:3-50:28\">Expertkurerade duos<\/strong> balans <strong data-sourcepos=\"50:37-50:47\">fruktig<\/strong>, <strong data-sourcepos=\"50:49-50:56\">isig<\/strong>, och <strong data-sourcepos=\"50:62-50:78\">dj\u00e4rva smaker<\/strong> f\u00f6r maximal njutning.<\/p>\n<p>&nbsp;<\/p>\n<h3 id=\"brxe-najhln\" class=\"brxe-heading\">Vanliga fr\u00e5gor (FAQ)<\/h3>\n<div id=\"brxe-rajiac\" class=\"brxe-text\">\n<p><strong>F: Vilka betalningsmetoder accepterar du?<\/strong><br \/>\nS: Vi accepterar PayPal, Stripe, bank\u00f6verf\u00f6ringar (st\u00f6ds med SEPA), vanliga kreditkort (Visa, MasterCard, American Express) och betalningar i kryptovaluta.<\/p>\n<p><strong>F: Hur l\u00e5ng tid tar best\u00e4llningsberedningen?<\/strong><br \/>\nS: Best\u00e4llningsf\u00f6rberedelse tar 1-3 arbetsdagar.<\/p>\n<p><strong>F: Vad \u00e4r leveranstiden?<\/strong><br \/>\nS: Leveranstiden \u00e4r 7-14 arbetsdagar, beroende p\u00e5 var du befinner dig.<\/p>\n<p><strong>F: Hur kan jag sp\u00e5ra min best\u00e4llning?<\/strong><br \/>\nS: Efter leverans kommer du att f\u00e5 ett bekr\u00e4ftelsemail med ett sp\u00e5rningsnummer f\u00f6r sp\u00e5rning i realtid.<\/p>\n<p><strong>F: Vilken \u00e4r din returpolicy?<\/strong><br \/>\nS: Vi erbjuder en 30-dagars returpolicy f\u00f6r \u00e5terbetalningar eller byten. .<\/p>\n<p><strong>F: Kommer det att finnas n\u00e5gra tullproblem?<br \/>\n<\/strong>Vi hanterar alla tullf\u00f6rfaranden f\u00f6r att s\u00e4kerst\u00e4lla en problemfri upplevelse f\u00f6r dig. .<\/p>\n<p><strong>F: Vilka frakts\u00e4tt anv\u00e4nds?<\/strong><br \/>\nVi samarbetar med UPS\/DHL\/FEDEX\/DPD, etc. Vi kommer att v\u00e4lja l\u00e4mpligt fraktalternativ beroende p\u00e5 leveransland f\u00f6r att s\u00e4kerst\u00e4lla att du f\u00e5r dina produkter s\u00e5 snabbt som m\u00f6jligt.<\/p>\n<p><a href=\"https:\/\/pgvape.com\/sv\/vanliga-fragor\/\">Klicka h\u00e4r f\u00f6r mer FAQ<\/a><\/p>\n<p>K\u00e4ra kunder, Om du har n\u00e5gra fr\u00e5gor om din best\u00e4llning eller ankomsten av varor, v\u00e4nligen kontakta v\u00e5r kundtj\u00e4nst. Tack!<\/p>\n<h3 data-sourcepos=\"73:1-73:21\"><strong data-sourcepos=\"73:7-73:21\">Kontakta oss<\/strong><\/h3>\n<div id=\"text-2419739398\" class=\"text\">\n<p><strong data-sourcepos=\"75:3-75:12\">E-post<\/strong>:\u00a0<a href=\"mailto:support@pgvape.com\"><strong>support@pgvape.com<\/strong><\/a><\/p>\n<p><strong data-sourcepos=\"76:3-76:15\">WhatsApp<\/strong>: <a href=\"https:\/\/wa.me\/+8618128481258\"><strong>+86 18128481258<\/strong><\/a><br \/>\n<strong>(Svara inom 24 timmar p\u00e5 arbetsdagar)<\/strong><\/p>\n<\/div>\n<h3><strong>Tack f\u00f6r att du valde pgvape.com! .<\/strong><\/h3>\n<\/div>","protected":false},"excerpt":{"rendered":"<p><strong data-sourcepos=\"55:1-55:232\">\u201cTwins 50000 Puffs: Den ultimata eng\u00e5ngsprodukten med dubbla smaker med 50K puffar, 50 ml kapacitet och 12 smakpar. Har dubbla mesh-spolar, smart display och Normal\/Boost-l\u00e4gen f\u00f6r anpassad vaping.\u201d<\/strong><\/p>","protected":false},"featured_media":2809,"comment_status":"open","ping_status":"closed","template":"","meta":{"_seopress_robots_primary_cat":"none","_seopress_titles_title":"%%post_title%% %%sep%% %%sitetitle%%","_seopress_titles_desc":"","_seopress_robots_index":""},"product_brand":[516,251],"product_cat":[61,515,28],"product_tag":[78,64,65,90,66,254,203,143],"class_list":{"0":"post-2806","1":"product","2":"type-product","3":"status-publish","4":"has-post-thumbnail","6":"product_brand-disposable-vape","7":"product_brand-fizzy-vape","8":"product_cat-50k-puffs-vape","9":"product_cat-disposable-vape","10":"product_cat-fizzy-vape","11":"product_tag-12tastes","12":"product_tag-50k-puffs","13":"product_tag-50k-vape","14":"product_tag-disposable-vape","15":"product_tag-dual-flavors","16":"product_tag-fizzy-twins-50000","17":"product_tag-shipment-from-eu","18":"product_tag-smart-led-display","19":"product_shipping_class-overseas-warehouse","21":"first","22":"outofstock","23":"sale","24":"shipping-taxable","25":"purchasable","26":"product-type-variable"},"_links":{"self":[{"href":"https:\/\/pgvape.com\/sv\/wp-json\/wp\/v2\/product\/2806","targetHints":{"allow":["GET"]}}],"collection":[{"href":"https:\/\/pgvape.com\/sv\/wp-json\/wp\/v2\/product"}],"about":[{"href":"https:\/\/pgvape.com\/sv\/wp-json\/wp\/v2\/types\/product"}],"replies":[{"embeddable":true,"href":"https:\/\/pgvape.com\/sv\/wp-json\/wp\/v2\/comments?post=2806"}],"wp:featuredmedia":[{"embeddable":true,"href":"https:\/\/pgvape.com\/sv\/wp-json\/wp\/v2\/media\/2809"}],"wp:attachment":[{"href":"https:\/\/pgvape.com\/sv\/wp-json\/wp\/v2\/media?parent=2806"}],"wp:term":[{"taxonomy":"product_brand","embeddable":true,"href":"https:\/\/pgvape.com\/sv\/wp-json\/wp\/v2\/product_brand?post=2806"},{"taxonomy":"product_cat","embeddable":true,"href":"https:\/\/pgvape.com\/sv\/wp-json\/wp\/v2\/product_cat?post=2806"},{"taxonomy":"product_tag","embeddable":true,"href":"https:\/\/pgvape.com\/sv\/wp-json\/wp\/v2\/product_tag?post=2806"}],"curies":[{"name":"wp","href":"https:\/\/api.w.org\/{rel}","templated":true}]}}