{"id":2766,"date":"2025-10-10T12:06:26","date_gmt":"2025-10-10T12:06:26","guid":{"rendered":"https:\/\/pgvape.com\/?post_type=product&#038;p=2766"},"modified":"2026-01-27T11:18:48","modified_gmt":"2026-01-27T11:18:48","slug":"fizzy-max-iii-60000-60k-puffar-6-i-1-smaker-engangs-vape-vape-factory-direct","status":"publish","type":"product","link":"https:\/\/pgvape.com\/sv\/produkt\/fizzy-max-iii-60000-60k-puffar-6-i-1-smaker-engangs-vape-vape-factory-direct\/","title":{"rendered":"Fizzy Max III 60000 60k puffar 6 i 1 smaker Disponibel Vape-Vape Factory Direct"},"content":{"rendered":"<div class=\"auto-hide-last-sibling-br paragraph-JOTKXA paragraph-element br-paragraph-space\">\n<p><strong data-sourcepos=\"4:5-4:50\">Fizzy Max III 60000 Puffs Disposable Vape<\/strong> revolutionerar vaping med <strong data-sourcepos=\"4:78-4:100\">o\u00f6vertr\u00e4ffad kapacitet<\/strong> \u2013 levererar <strong data-sourcepos=\"4:114-4:130\">60 000 bloss<\/strong> fr\u00e5n dess <strong data-sourcepos=\"4:140-4:169\">tre separata 20 ml tankar<\/strong> (totalt 60 ml). <strong data-sourcepos=\"4:194-4:223\">6 justerbara smakl\u00e4gen<\/strong> (A\/B\/C-kombinationer), den drivs av en <strong data-sourcepos=\"4:265-4:296\">850mAh uppladdningsbart batteri<\/strong> med <strong data-sourcepos=\"4:302-4:326\">Typ-C snabbladdning<\/strong> och <strong data-sourcepos=\"4:331-4:346\">LED display<\/strong><span class=\"CustomP_animated_char__m3r9w\">\u00a0<\/span><span class=\"CustomP_animated_char__m3r9w\">f\u00f6r<\/span><span class=\"CustomP_animated_char__m3r9w\">\u00a0<\/span><span class=\"CustomP_animated_char__m3r9w\">verklig<\/span><span class=\"CustomP_animated_char__m3r9w\">\u2013<\/span><span class=\"CustomP_animated_char__m3r9w\">tid<\/span><span class=\"CustomP_animated_char__m3r9w\">\u00a0<\/span><span class=\"CustomP_animated_char__m3r9w\">\u00f6vervakning<\/span><span class=\"CustomP_animated_char__m3r9w\">.<\/span><span class=\"CustomP_animated_char__m3r9w\">\u00a0<\/span><span class=\"CustomP_animated_char__m3r9w\">De<\/span><span class=\"CustomP_animated_char__m3r9w\">\u00a0<\/span><strong data-sourcepos=\"4:377-4:401\">mesh coil-teknik<\/strong><span class=\"CustomP_animated_char__m3r9w\">\u00a0<\/span><span class=\"CustomP_animated_char__m3r9w\">s\u00e4kerst\u00e4ller<\/span><span class=\"CustomP_animated_char__m3r9w\">\u00a0<\/span><strong data-sourcepos=\"4:410-4:426\">smidiga dragningar<\/strong> och <strong data-sourcepos=\"4:431-4:446\">rik smak<\/strong>, tillg\u00e4nglig i <strong data-sourcepos=\"4:461-4:492\">2% eller 5% nikotinstyrkor<\/strong>. <strong data-sourcepos=\"4:499-4:526\">10 premium smaktrior<\/strong><span class=\"CustomP_animated_char__m3r9w\">,<\/span><span class=\"CustomP_animated_char__m3r9w\">\u00a0<\/span><span class=\"CustomP_animated_char__m3r9w\">detta<\/span><span class=\"CustomP_animated_char__m3r9w\">\u00a0<\/span><span class=\"CustomP_animated_char__m3r9w\">anordning<\/span><span class=\"CustomP_animated_char__m3r9w\">\u00a0<\/span><span class=\"CustomP_animated_char__m3r9w\">erbjudanden<\/span><span class=\"CustomP_animated_char__m3r9w\">\u00a0<\/span><strong data-sourcepos=\"4:547-4:573\">ultimat anpassning<\/strong><span class=\"CustomP_animated_char__m3r9w\">\u00a0<\/span><span class=\"CustomP_animated_char__m3r9w\">f\u00f6r<\/span><span class=\"CustomP_animated_char__m3r9w\">\u00a0<\/span><span class=\"CustomP_animated_char__m3r9w\">kr\u00e4sna<\/span><span class=\"CustomP_animated_char__m3r9w\">\u00a0<\/span><span class=\"CustomP_animated_char__m3r9w\">vapers<\/span><span class=\"CustomP_animated_char__m3r9w\">.<\/span><\/p>\n<\/div>\n<p>&nbsp;<\/p>\n<h2><span style=\"font-size: 90%;\">Fizzy Max III 60000 | 60k puffar 6 i 1 smaker disponibel vape <strong>Specifikationer<\/strong><\/span><\/h2>\n<p><strong data-sourcepos=\"9:3-9:17\">Puff Count<\/strong>:\u00a0<strong data-sourcepos=\"9:19-9:35\">60 000 bloss<\/strong><\/p>\n<p><strong data-sourcepos=\"10:3-10:15\">Nikotin<\/strong>:\u00a0<strong data-sourcepos=\"10:17-10:38\">2% eller 5% styrka<\/strong><\/p>\n<p><strong data-sourcepos=\"11:3-11:15\">E-v\u00e4tska<\/strong>:\u00a0<strong data-sourcepos=\"11:17-11:46\">3\u00d720mL tankar (60mL totalt)<\/strong><\/p>\n<p><strong data-sourcepos=\"12:3-12:19\">Smakl\u00e4gen<\/strong>:\u00a0<strong data-sourcepos=\"12:21-12:55\">6 kombinationer (A\/B\/C mixbar)<\/strong><\/p>\n<p><strong data-sourcepos=\"13:3-13:11\">Spole<\/strong>:\u00a0<strong data-sourcepos=\"13:13-13:37\">Mesh coil-teknik<\/strong><\/p>\n<p><strong data-sourcepos=\"14:3-14:14\">Batteri<\/strong>:\u00a0<strong data-sourcepos=\"14:16-14:39\">850mAh uppladdningsbar<\/strong><\/p>\n<p><strong data-sourcepos=\"15:3-15:15\">Laddar<\/strong>:\u00a0<strong data-sourcepos=\"15:17-15:41\">Typ-C snabbladdning<\/strong><\/p>\n<p><strong data-sourcepos=\"16:3-16:14\">Visa<\/strong>:\u00a0<strong data-sourcepos=\"16:16-16:53\">LED (batteri-\/smakl\u00e4gesmonitor)<\/strong><\/p>\n<p><strong data-sourcepos=\"17:3-17:14\">Paket<\/strong>:\u00a0<strong data-sourcepos=\"17:16-17:34\">10 enheter\/l\u00e5da<\/strong><\/p>\n<p>&nbsp;<\/p>\n<h3><span style=\"font-size: 90%;\">Fizzy Max III 60000 | 60k puffar 6 i 1 smaker disponibel vape <strong>Smakupps\u00e4ttningar<\/strong><\/span><\/h3>\n<p><strong>1. Jordgubbsvattenmelon &amp; citron Lime &amp; bl\u00e5b\u00e4rskokos<\/strong><\/p>\n<p><strong>2.Bl\u00e5b\u00e4ris &amp; kolsyrad k\u00f6rsb\u00e4r &amp; halloncitron<\/strong><\/p>\n<p><strong>3. Vattenmelon Ice &amp; Strawberry Vanilj Coke &amp; Mixed Berry<\/strong><\/p>\n<p><strong>4. Strawberry Dragon Fruit &amp; Red Bull &amp; Raspberry Watermelon<\/strong><\/p>\n<p><strong>5. Jordgubbshallon &amp; mangopersika &amp; bl\u00e5b\u00e4rsvattenmelon<\/strong><\/p>\n<p><strong>6. Strawberry Grape &amp; Blueberry Coconut &amp; Peach Citron<\/strong><\/p>\n<p><strong>7.Bl\u00e5b\u00e4rshallon &amp; trippelmelon &amp; jordgubbsis<\/strong><\/p>\n<p><strong>8. Blandad b\u00e4r &amp; kiwi passionsfrukt Guava &amp; jordgubbsvattenmelon<\/strong><\/p>\n<p><strong>9.Strawberry Kiwi &amp; Blueberry Ice &amp; Watermelon Ice<\/strong><\/p>\n<p><strong>10.Blue Razz Ice &amp; Strawberry Kiwi &amp; Sour Pineapple Orange<br \/>\n<img loading=\"lazy\" decoding=\"async\" class=\"alignnone wp-image-2772 size-full\" src=\"https:\/\/pgvape.com\/wp-content\/uploads\/2025\/10\/pgvape-Fizzy-Max-III-60000-60k-Puffs-6-In-1-Flavors-Disposable-Vape-2-5-Nicotine-10Tastes-LED-Display-Vape-Factory-Direct-3.png\" alt=\"F\u00e4rgglad reklamaffisch f\u00f6r FIZZY Max III eng\u00e5ngsvapor med en framtr\u00e4dande &#039;60K PUFFS&#039; och &#039;6in1&#039;-etikett, en displayl\u00e5da och flera f\u00e4rgglada cylindriska enheter arrangerade i rader med numrerade smakvarianter och en detaljerad smakkarta som visar sex utbytbara smakkombinationer, plus sm\u00e5 ikoner f\u00f6r olja, 60 ml-C och 60 ml olja. .\" width=\"912\" height=\"2000\" srcset=\"https:\/\/pgvape.com\/wp-content\/uploads\/2025\/10\/pgvape-Fizzy-Max-III-60000-60k-Puffs-6-In-1-Flavors-Disposable-Vape-2-5-Nicotine-10Tastes-LED-Display-Vape-Factory-Direct-3.png 912w, https:\/\/pgvape.com\/wp-content\/uploads\/2025\/10\/pgvape-Fizzy-Max-III-60000-60k-Puffs-6-In-1-Flavors-Disposable-Vape-2-5-Nicotine-10Tastes-LED-Display-Vape-Factory-Direct-3-164x360.png 164w, https:\/\/pgvape.com\/wp-content\/uploads\/2025\/10\/pgvape-Fizzy-Max-III-60000-60k-Puffs-6-In-1-Flavors-Disposable-Vape-2-5-Nicotine-10Tastes-LED-Display-Vape-Factory-Direct-3-467x1024.png 467w, https:\/\/pgvape.com\/wp-content\/uploads\/2025\/10\/pgvape-Fizzy-Max-III-60000-60k-Puffs-6-In-1-Flavors-Disposable-Vape-2-5-Nicotine-10Tastes-LED-Display-Vape-Factory-Direct-3-182x400.png 182w, https:\/\/pgvape.com\/wp-content\/uploads\/2025\/10\/pgvape-Fizzy-Max-III-60000-60k-Puffs-6-In-1-Flavors-Disposable-Vape-2-5-Nicotine-10Tastes-LED-Display-Vape-Factory-Direct-3-768x1684.png 768w, https:\/\/pgvape.com\/wp-content\/uploads\/2025\/10\/pgvape-Fizzy-Max-III-60000-60k-Puffs-6-In-1-Flavors-Disposable-Vape-2-5-Nicotine-10Tastes-LED-Display-Vape-Factory-Direct-3-700x1536.png 700w, https:\/\/pgvape.com\/wp-content\/uploads\/2025\/10\/pgvape-Fizzy-Max-III-60000-60k-Puffs-6-In-1-Flavors-Disposable-Vape-2-5-Nicotine-10Tastes-LED-Display-Vape-Factory-Direct-3-5x12.png 5w, https:\/\/pgvape.com\/wp-content\/uploads\/2025\/10\/pgvape-Fizzy-Max-III-60000-60k-Puffs-6-In-1-Flavors-Disposable-Vape-2-5-Nicotine-10Tastes-LED-Display-Vape-Factory-Direct-3-600x1316.png 600w, https:\/\/pgvape.com\/wp-content\/uploads\/2025\/10\/pgvape-Fizzy-Max-III-60000-60k-Puffs-6-In-1-Flavors-Disposable-Vape-2-5-Nicotine-10Tastes-LED-Display-Vape-Factory-Direct-3-18x40.png 18w\" sizes=\"auto, (max-width: 912px) 100vw, 912px\" \/><\/strong><\/p>\n<p>&nbsp;<\/p>\n<h3 class=\"auto-hide-last-sibling-br paragraph-pP9ZLC paragraph-element br-paragraph-space\">Varf\u00f6r v\u00e4lja PGVape European Warehouse?<\/h3>\n<p>Snabb leverans: Leverans till de flesta EU-l\u00e4nder inom 3-7 arbetsdagar.<\/p>\n<p>Tullfri leverans: Lokalt EU-lager s\u00e4kerst\u00e4ller smidig och tullfri frakt.<\/p>\n<p>100% Autentisk garanti: \u00c4kta <strong>Kolsyrat<\/strong> e-cigaretter fr\u00e5n certifierade leverant\u00f6rer.<\/p>\n<p>F\u00e4rskt lager: F\u00f6rvaras under kontrollerade f\u00f6rh\u00e5llanden f\u00f6r att s\u00e4kerst\u00e4lla optimal kvalitet.<\/p>\n<p>P\u00e5litlig av europ\u00e9er: Tusentals kunder \u00e5tnjuter snabba och s\u00e4kra e-cigaretttj\u00e4nster fr\u00e5n PGVape.<\/p>\n<p>&nbsp;<\/p>\n<h2 class=\"header-vfC6AV auto-hide-last-sibling-br\">Vanliga fr\u00e5gor om Fizzy Max III 60000 | 60k Puffs 6 In 1 Flavors Disponibel Vape<\/h2>\n<p data-sourcepos=\"36:1-37:80\">\u2753 <strong data-sourcepos=\"36:3-36:56\">Vad g\u00f6r 60 000 blossen exceptionell?<\/strong><br \/>\n\u2705 <strong data-sourcepos=\"37:3-37:24\">Tre-tank system<\/strong> tillhandah\u00e5ller <strong data-sourcepos=\"37:34-37:54\">m\u00e5nader av vaping<\/strong> med <strong data-sourcepos=\"37:60-37:80\">noll underh\u00e5ll<\/strong><\/p>\n<p data-sourcepos=\"39:1-40:85\">\u2753 <strong data-sourcepos=\"39:3-39:43\">Hur fungerar smakblandningen?<\/strong><br \/>\n\u2705 <strong data-sourcepos=\"40:3-40:28\">Sex kombinationsl\u00e4gen<\/strong> l\u00e5t dig <strong data-sourcepos=\"40:37-40:54\">blanda smaker<\/strong> eller njuta av dem <strong data-sourcepos=\"40:69-40:85\">individuellt<\/strong><\/p>\n<p data-sourcepos=\"42:1-43:77\">\u2753 <strong data-sourcepos=\"42:3-42:44\">R\u00e4cker batteriet p\u00e5 850mAh?<br \/>\n<\/strong>\u2705 <strong data-sourcepos=\"43:3-43:28\">Optimerad prestanda<\/strong> varar <strong data-sourcepos=\"43:35-43:47\">2-3 dagar<\/strong> med <strong data-sourcepos=\"43:53-43:77\">Typ-C snabbladdning<\/strong><\/p>\n<p data-sourcepos=\"45:1-46:70\">\u2753 <strong data-sourcepos=\"45:3-45:49\">Varf\u00f6r v\u00e4lja mellan 2% och 5% nikotin?<\/strong><br \/>\n\u2705 <strong data-sourcepos=\"46:3-46:26\">Anpassad tillfredsst\u00e4llelse<\/strong> f\u00f6r <strong data-sourcepos=\"46:31-46:41\">tillf\u00e4llig<\/strong> och <strong data-sourcepos=\"46:46-46:64\">tungt nikotin<\/strong> anv\u00e4ndare<\/p>\n<p data-sourcepos=\"48:1-49:67\">\u2753 <strong data-sourcepos=\"48:3-48:46\">\u00c4r smaktriorna v\u00e4lbalanserade?<\/strong><br \/>\n\u2705 <strong data-sourcepos=\"49:3-49:36\">Expertutvalda kombinationer<\/strong> f\u00f6r <strong data-sourcepos=\"49:41-49:67\">perfekt smakharmoni<\/strong><\/p>\n<p>&nbsp;<\/p>\n<h3 id=\"brxe-najhln\" class=\"brxe-heading\">Vanliga fr\u00e5gor (FAQ)<\/h3>\n<div id=\"brxe-rajiac\" class=\"brxe-text\">\n<p><strong>F: Vilka betalningsmetoder accepterar du?<\/strong><br \/>\nS: Vi accepterar PayPal, Stripe, bank\u00f6verf\u00f6ringar (st\u00f6ds med SEPA), vanliga kreditkort (Visa, MasterCard, American Express) och betalningar i kryptovaluta.<\/p>\n<p><strong>F: Hur l\u00e5ng tid tar best\u00e4llningsberedningen?<\/strong><br \/>\nS: Best\u00e4llningsf\u00f6rberedelse tar 1-3 arbetsdagar.<\/p>\n<p><strong>F: Vad \u00e4r leveranstiden?<\/strong><br \/>\nS: Leveranstiden \u00e4r 7-14 arbetsdagar, beroende p\u00e5 var du befinner dig.<\/p>\n<p><strong>F: Hur kan jag sp\u00e5ra min best\u00e4llning?<\/strong><br \/>\nS: Efter leverans kommer du att f\u00e5 ett bekr\u00e4ftelsemail med ett sp\u00e5rningsnummer f\u00f6r sp\u00e5rning i realtid.<\/p>\n<p><strong>F: Vilken \u00e4r din returpolicy?<\/strong><br \/>\nS: Vi erbjuder en 30-dagars returpolicy f\u00f6r \u00e5terbetalningar eller byten. .<\/p>\n<p><strong>F: Kommer det att finnas n\u00e5gra tullproblem?<br \/>\n<\/strong>Vi hanterar alla tullf\u00f6rfaranden f\u00f6r att s\u00e4kerst\u00e4lla en problemfri upplevelse f\u00f6r dig. .<\/p>\n<p><strong>F: Vilka frakts\u00e4tt anv\u00e4nds?<\/strong><br \/>\nVi samarbetar med UPS\/DHL\/FEDEX\/DPD, etc. Vi kommer att v\u00e4lja l\u00e4mpligt fraktalternativ beroende p\u00e5 leveransland f\u00f6r att s\u00e4kerst\u00e4lla att du f\u00e5r dina produkter s\u00e5 snabbt som m\u00f6jligt.<\/p>\n<p><a href=\"https:\/\/pgvape.com\/sv\/vanliga-fragor\/\">Klicka h\u00e4r f\u00f6r mer FAQ<\/a><\/p>\n<p>K\u00e4ra kunder, Om du har n\u00e5gra fr\u00e5gor om din best\u00e4llning eller ankomsten av varor, v\u00e4nligen kontakta v\u00e5r kundtj\u00e4nst. Tack!<\/p>\n<h3 data-sourcepos=\"73:1-73:21\"><strong data-sourcepos=\"73:7-73:21\">Kontakta oss<\/strong><\/h3>\n<div id=\"text-2419739398\" class=\"text\">\n<p><strong data-sourcepos=\"75:3-75:12\">E-post<\/strong>:\u00a0<a href=\"mailto:support@pgvape.com\"><strong>support@pgvape.com<\/strong><\/a><\/p>\n<p><strong data-sourcepos=\"76:3-76:15\">WhatsApp<\/strong>: <a href=\"https:\/\/wa.me\/+8618128481258\"><strong>+86 18128481258<\/strong><\/a><br \/>\n<strong>(Svara inom 24 timmar p\u00e5 arbetsdagar)<\/strong><\/p>\n<\/div>\n<h3><strong>Tack f\u00f6r att du valde pgvape.com! .<\/strong><\/h3>\n<\/div>","protected":false},"excerpt":{"rendered":"<p>\u201c<strong data-sourcepos=\"54:2-54:23\">Fizzy Max III 60K<\/strong>: Den <strong data-sourcepos=\"54:29-54:66\">ultimat smakblandning f\u00f6r eng\u00e5ngsbruk<\/strong> med <strong data-sourcepos=\"54:72-54:88\">60 000 bloss<\/strong>, <strong data-sourcepos=\"54:90-54:110\">tre 20 ml tankar<\/strong>, och <strong data-sourcepos=\"54:116-54:135\">10 smaktrior<\/strong>. . <strong data-sourcepos=\"54:146-54:164\">850mAh batteri<\/strong>, <strong data-sourcepos=\"54:166-54:179\">mesh spole<\/strong>, och <strong data-sourcepos=\"54:185-54:205\">sex blandningsl\u00e4gen<\/strong> f\u00f6r <strong data-sourcepos=\"54:210-54:242\">o\u00e4ndliga vaping-m\u00f6jligheter<\/strong>.\u201d<\/p>","protected":false},"featured_media":2770,"comment_status":"open","ping_status":"closed","template":"","meta":{"_seopress_robots_primary_cat":"none","_seopress_titles_title":"%%post_title%% %%sep%% %%sitetitle%%","_seopress_titles_desc":"","_seopress_robots_index":""},"product_brand":[516,251],"product_cat":[48,515,28],"product_tag":[169,253,51,52,90,252,79,203],"class_list":{"0":"post-2766","1":"product","2":"type-product","3":"status-publish","4":"has-post-thumbnail","6":"product_brand-disposable-vape","7":"product_brand-fizzy-vape","8":"product_cat-60k-puffs-vape","9":"product_cat-disposable-vape","10":"product_cat-fizzy-vape","11":"product_tag-10tastes","12":"product_tag-6-in-1-flavors","13":"product_tag-60k-puffs","14":"product_tag-60k-vape","15":"product_tag-disposable-vape","16":"product_tag-fizzy-max-iii-60000","17":"product_tag-led-display","18":"product_tag-shipment-from-eu","20":"first","21":"instock","22":"sale","23":"shipping-taxable","24":"purchasable","25":"product-type-variable"},"_links":{"self":[{"href":"https:\/\/pgvape.com\/sv\/wp-json\/wp\/v2\/product\/2766","targetHints":{"allow":["GET"]}}],"collection":[{"href":"https:\/\/pgvape.com\/sv\/wp-json\/wp\/v2\/product"}],"about":[{"href":"https:\/\/pgvape.com\/sv\/wp-json\/wp\/v2\/types\/product"}],"replies":[{"embeddable":true,"href":"https:\/\/pgvape.com\/sv\/wp-json\/wp\/v2\/comments?post=2766"}],"wp:featuredmedia":[{"embeddable":true,"href":"https:\/\/pgvape.com\/sv\/wp-json\/wp\/v2\/media\/2770"}],"wp:attachment":[{"href":"https:\/\/pgvape.com\/sv\/wp-json\/wp\/v2\/media?parent=2766"}],"wp:term":[{"taxonomy":"product_brand","embeddable":true,"href":"https:\/\/pgvape.com\/sv\/wp-json\/wp\/v2\/product_brand?post=2766"},{"taxonomy":"product_cat","embeddable":true,"href":"https:\/\/pgvape.com\/sv\/wp-json\/wp\/v2\/product_cat?post=2766"},{"taxonomy":"product_tag","embeddable":true,"href":"https:\/\/pgvape.com\/sv\/wp-json\/wp\/v2\/product_tag?post=2766"}],"curies":[{"name":"wp","href":"https:\/\/api.w.org\/{rel}","templated":true}]}}