{"id":2727,"date":"2025-10-10T08:48:31","date_gmt":"2025-10-10T08:48:31","guid":{"rendered":"https:\/\/pgvape.com\/?post_type=product&#038;p=2727"},"modified":"2025-12-15T12:56:20","modified_gmt":"2025-12-15T12:56:20","slug":"jnr-tank-pro-33000-33k-puffs-disponibel-vape-vape-factory-direct","status":"publish","type":"product","link":"https:\/\/pgvape.com\/sv\/produkt\/jnr-tank-pro-33000-33k-puffs-disponibel-vape-vape-factory-direct\/","title":{"rendered":"JNR Tank Pro 33000 33K Puffs Disponibel Vape-Vape Factory Direct"},"content":{"rendered":"<p dir=\"auto\"><strong data-sourcepos=\"8:5-8:27\">JNR Tank Pro 33000<\/strong> omdefinierar l\u00e5ngvarig vaping med <strong data-sourcepos=\"8:63-8:92\">33 000 ultrasl\u00e4ta puffar<\/strong> fr\u00e5n dess <strong data-sourcepos=\"8:102-8:136\">massiv 28 ml e-v\u00e4tskekapacitet<\/strong>. <strong data-sourcepos=\"8:154-8:183\">dual mesh spoleteknologi<\/strong>, den levererar <strong data-sourcepos=\"8:197-8:218\">30% rikare smak<\/strong> och <strong data-sourcepos=\"8:223-8:242\">noll br\u00e4nda tr\u00e4ffar<\/strong>, medan <strong data-sourcepos=\"8:254-8:285\">850mAh uppladdningsbart batteri<\/strong> s\u00e4kerst\u00e4ller <strong data-sourcepos=\"8:294-8:311\">kraft hela dagen<\/strong>. <strong data-sourcepos=\"8:317-8:342\">smart digital display<\/strong> sp\u00e5rar anv\u00e4ndning och <strong data-sourcepos=\"8:361-8:397\">justerbara boostl\u00e4gen (15W\/20W)<\/strong> l\u00e5ter dig anpassa \u00e5ngintensiteten. <strong data-sourcepos=\"8:438-8:453\">2% nikotin<\/strong> och <strong data-sourcepos=\"8:458-8:480\">15 premium smaker<\/strong>, den \u00e4r byggd f\u00f6r vapers som v\u00e4grar att kompromissa.<\/p>\n<p>&nbsp;<\/p>\n<h2><span style=\"font-size: 90%;\">JNR Tank Pro 33000 33K Puffs Disposable Vape Specifikationer:<\/span><\/h2>\n<p><strong>Puffkapacitet<\/strong>: Ca.\u00a0<strong>33 000 bloss<\/strong><\/p>\n<p><strong>Nikotinstyrka<\/strong>:\u00a0<strong>2%<\/strong><\/p>\n<p><strong>E-v\u00e4tska Kapacitet<\/strong>:\u00a0<strong>28 ml<\/strong><\/p>\n<p><strong>Typ av spole<\/strong>:\u00a0<strong>Dubbla mesh spole<\/strong><\/p>\n<p><strong>Batterikapacitet<\/strong>:\u00a0<strong>850mAh uppladdningsbar<\/strong><\/p>\n<p><strong>Visa<\/strong>:\u00a0<strong>Digital sk\u00e4rm<\/strong>\u00a0f\u00f6r batteri- och anv\u00e4ndningsinformation<\/p>\n<p><strong>Laddningsport<\/strong>:\u00a0<strong>Typ-C snabbladdning<\/strong><\/p>\n<p><strong>Str\u00f6ml\u00e4gen<\/strong>:\u00a0<strong>Boost-l\u00e4gen p\u00e5 15W och 20W<\/strong><\/p>\n<p><strong>F\u00f6rpackning<\/strong>: Vanligtvis redo f\u00f6r grossist\/detaljhandel (f\u00f6rpackningsdetaljer p\u00e5 beg\u00e4ran)<\/p>\n<p><strong>Smakr\u00e4kning<\/strong>: 15 smaker tillg\u00e4ngliga<\/p>\n<p>&nbsp;<\/p>\n<h3><span style=\"font-size: 90%;\">JNR Tank Pro 33000 33K Puffs Disponibel Vape Flavor List:<\/span><\/h3>\n<p><strong>1. Jordgubbsvattenmelon<\/strong><\/p>\n<p><strong>2. Vattenmelon Is<\/strong><\/p>\n<p><strong>3. Jordgubbsbanan<\/strong><\/p>\n<p><strong>4. Jordgubbsglass<\/strong><\/p>\n<p><strong>5. Mint Is<\/strong><\/p>\n<p><strong>6. Blandade b\u00e4r<\/strong><\/p>\n<p><strong>7.Surt \u00e4pple<\/strong><\/p>\n<p><strong>8.Mango Peach<\/strong><\/p>\n<p><strong>9. Sakura Grape Ice<\/strong><\/p>\n<p><strong>10.Bl\u00e5b\u00e4ris<\/strong><\/p>\n<p><strong>11. Cola Ice<\/strong><\/p>\n<p><strong>12. Jordgubbskiwi<img loading=\"lazy\" decoding=\"async\" class=\"alignnone wp-image-2732 size-full\" src=\"https:\/\/pgvape.com\/wp-content\/uploads\/2025\/10\/pgvape-JNR-Tank-Pro-33000-33K-Puffs-Disposable-Vape-2-Nicotine-12Tastes-LED-Digital-Display-Vape-Factory-Direct-3.png\" alt=\"Rutn\u00e4t med flera TANK pro 33000 eng\u00e5ngsvape-enheter och deras f\u00e4rgglada l\u00e5dor arrangerade i rader p\u00e5 bl\u00e5 banderoller, med JNR &quot;Just No Reason&quot;-logotypen i det nedre h\u00f6gra h\u00f6rnet.\" width=\"1800\" height=\"1800\" srcset=\"https:\/\/pgvape.com\/wp-content\/uploads\/2025\/10\/pgvape-JNR-Tank-Pro-33000-33K-Puffs-Disposable-Vape-2-Nicotine-12Tastes-LED-Digital-Display-Vape-Factory-Direct-3.png 1800w, https:\/\/pgvape.com\/wp-content\/uploads\/2025\/10\/pgvape-JNR-Tank-Pro-33000-33K-Puffs-Disposable-Vape-2-Nicotine-12Tastes-LED-Digital-Display-Vape-Factory-Direct-3-360x360.png 360w, https:\/\/pgvape.com\/wp-content\/uploads\/2025\/10\/pgvape-JNR-Tank-Pro-33000-33K-Puffs-Disposable-Vape-2-Nicotine-12Tastes-LED-Digital-Display-Vape-Factory-Direct-3-595x595.png 595w, https:\/\/pgvape.com\/wp-content\/uploads\/2025\/10\/pgvape-JNR-Tank-Pro-33000-33K-Puffs-Disposable-Vape-2-Nicotine-12Tastes-LED-Digital-Display-Vape-Factory-Direct-3-400x400.png 400w, https:\/\/pgvape.com\/wp-content\/uploads\/2025\/10\/pgvape-JNR-Tank-Pro-33000-33K-Puffs-Disposable-Vape-2-Nicotine-12Tastes-LED-Digital-Display-Vape-Factory-Direct-3-768x768.png 768w, https:\/\/pgvape.com\/wp-content\/uploads\/2025\/10\/pgvape-JNR-Tank-Pro-33000-33K-Puffs-Disposable-Vape-2-Nicotine-12Tastes-LED-Digital-Display-Vape-Factory-Direct-3-1536x1536.png 1536w, https:\/\/pgvape.com\/wp-content\/uploads\/2025\/10\/pgvape-JNR-Tank-Pro-33000-33K-Puffs-Disposable-Vape-2-Nicotine-12Tastes-LED-Digital-Display-Vape-Factory-Direct-3-12x12.png 12w, https:\/\/pgvape.com\/wp-content\/uploads\/2025\/10\/pgvape-JNR-Tank-Pro-33000-33K-Puffs-Disposable-Vape-2-Nicotine-12Tastes-LED-Digital-Display-Vape-Factory-Direct-3-300x300.png 300w, https:\/\/pgvape.com\/wp-content\/uploads\/2025\/10\/pgvape-JNR-Tank-Pro-33000-33K-Puffs-Disposable-Vape-2-Nicotine-12Tastes-LED-Digital-Display-Vape-Factory-Direct-3-600x600.png 600w, https:\/\/pgvape.com\/wp-content\/uploads\/2025\/10\/pgvape-JNR-Tank-Pro-33000-33K-Puffs-Disposable-Vape-2-Nicotine-12Tastes-LED-Digital-Display-Vape-Factory-Direct-3-100x100.png 100w, https:\/\/pgvape.com\/wp-content\/uploads\/2025\/10\/pgvape-JNR-Tank-Pro-33000-33K-Puffs-Disposable-Vape-2-Nicotine-12Tastes-LED-Digital-Display-Vape-Factory-Direct-3-40x40.png 40w\" sizes=\"auto, (max-width: 1800px) 100vw, 1800px\" \/><\/strong><\/p>\n<p>&nbsp;<\/p>\n<h3><span style=\"font-size: 90%;\">JNR Tank Pro 33000 33K Puffs Disposable Vape Video<strong>:<\/strong><\/span><\/h3>\n<p>&nbsp;<\/p>\n<h2 class=\"header-vfC6AV auto-hide-last-sibling-br\">Vanliga fr\u00e5gor om JNR Mega Box 25K Puffs Disposable Vape<\/h2>\n<p data-sourcepos=\"47:1-48:88\">\u2753 <strong data-sourcepos=\"47:3-47:59\">Hur f\u00f6rhindrar dubbeln\u00e4tspolen br\u00e4nd smak?<\/strong><br \/>\n\u2705 <strong data-sourcepos=\"48:3-48:30\">J\u00e4mn v\u00e4rmeteknik<\/strong> eliminerar torra slag \u2013 smaken f\u00f6rblir ren till sista blossen.<\/p>\n<p data-sourcepos=\"50:1-50:43\">\u2753 <strong data-sourcepos=\"50:3-50:41\">N\u00e4r ska jag anv\u00e4nda boost-l\u00e4gen?<\/strong><\/p>\n<p><strong data-sourcepos=\"51:3-51:10\">\u270515W<\/strong>: Balanserad smak\/\u00e5nga (anv\u00e4ndning hela dagen)<\/p>\n<p><strong data-sourcepos=\"52:3-52:10\">\u270520W<\/strong>: Intensiva moln (n\u00e4r du vill ha st\u00f6rre tr\u00e4ffar)<\/p>\n<p data-sourcepos=\"54:1-55:82\">\u2753 <strong data-sourcepos=\"54:3-54:46\">\u00c4r 33 000 bloss realistiskt?<\/strong><br \/>\n\u2705 <strong data-sourcepos=\"55:3-55:17\">Labbtestad<\/strong> med <strong data-sourcepos=\"55:23-55:40\">28 ml e-v\u00e4tska<\/strong>-varar <strong data-sourcepos=\"55:47-55:60\">3-4 veckor<\/strong> f\u00f6r genomsnittliga vapers.<\/p>\n<p data-sourcepos=\"57:1-58:77\">\u2753 <strong data-sourcepos=\"57:3-57:40\">Hur \u00e4r batteritiden?<\/strong><br \/>\n\u2705 <strong data-sourcepos=\"58:3-58:13\">850 mAh<\/strong> + <strong data-sourcepos=\"58:16-58:35\">Typ-C laddning<\/strong> = <strong data-sourcepos=\"58:38-58:50\">Hel dag<\/strong> av stor anv\u00e4ndning per laddning.<\/p>\n<p data-sourcepos=\"60:1-62:50\">\u2753 <strong data-sourcepos=\"60:3-60:38\">B\u00e4sta smaken f\u00f6r dessert\u00e4lskare?<\/strong><br \/>\n\u2714 <strong data-sourcepos=\"61:3-61:28\">Jordgubbsostkaka<\/strong> (kundfavorit) \u2714 <strong data-sourcepos=\"62:3-62:26\">Mintchokladchips<\/strong> (unikt uppfriskande)<\/p>\n<p>&nbsp;<\/p>\n<h3 id=\"brxe-najhln\" class=\"brxe-heading\">Vanliga fr\u00e5gor (FAQ)<\/h3>\n<div id=\"brxe-rajiac\" class=\"brxe-text\">\n<p><strong>F: Vilka betalningsmetoder accepterar du?<\/strong><br \/>\nS: Vi accepterar PayPal, Stripe, bank\u00f6verf\u00f6ringar (st\u00f6ds med SEPA), vanliga kreditkort (Visa, MasterCard, American Express) och betalningar i kryptovaluta.<\/p>\n<p><strong>F: Hur l\u00e5ng tid tar best\u00e4llningsberedningen?<\/strong><br \/>\nS: Best\u00e4llningsf\u00f6rberedelse tar 1-3 arbetsdagar.<\/p>\n<p><strong>F: Vad \u00e4r leveranstiden?<\/strong><br \/>\nS: Leveranstiden \u00e4r 7-14 arbetsdagar, beroende p\u00e5 var du befinner dig.<\/p>\n<p><strong>F: Hur kan jag sp\u00e5ra min best\u00e4llning?<\/strong><br \/>\nS: Efter leverans kommer du att f\u00e5 ett bekr\u00e4ftelsemail med ett sp\u00e5rningsnummer f\u00f6r sp\u00e5rning i realtid.<\/p>\n<p><strong>F: Vilken \u00e4r din returpolicy?<\/strong><br \/>\nS: Vi erbjuder en 30-dagars returpolicy f\u00f6r \u00e5terbetalningar eller byten. .<\/p>\n<p><strong>F: Kommer det att finnas n\u00e5gra tullproblem?<br \/>\n<\/strong>Vi hanterar alla tullf\u00f6rfaranden f\u00f6r att s\u00e4kerst\u00e4lla en problemfri upplevelse f\u00f6r dig. .<\/p>\n<p><strong>F: Vilka frakts\u00e4tt anv\u00e4nds?<\/strong><br \/>\nVi samarbetar med UPS\/DHL\/FEDEX\/DPD, etc. Vi kommer att v\u00e4lja l\u00e4mpligt fraktalternativ beroende p\u00e5 leveransland f\u00f6r att s\u00e4kerst\u00e4lla att du f\u00e5r dina produkter s\u00e5 snabbt som m\u00f6jligt.<\/p>\n<p><a href=\"https:\/\/pgvape.com\/sv\/vanliga-fragor\/\">Klicka h\u00e4r f\u00f6r mer FAQ<\/a><\/p>\n<p>K\u00e4ra kunder, Om du har n\u00e5gra fr\u00e5gor om din best\u00e4llning eller ankomsten av varor, v\u00e4nligen kontakta v\u00e5r kundtj\u00e4nst. Tack!<\/p>\n<h3 data-sourcepos=\"73:1-73:21\"><strong data-sourcepos=\"73:7-73:21\">Kontakta oss<\/strong><\/h3>\n<div id=\"text-2419739398\" class=\"text\">\n<p><strong data-sourcepos=\"75:3-75:12\">E-post<\/strong>:\u00a0<a href=\"mailto:support@pgvape.com\"><strong>support@pgvape.com<\/strong><\/a><\/p>\n<p><strong data-sourcepos=\"76:3-76:15\">WhatsApp<\/strong>: <a href=\"https:\/\/wa.me\/+8618128481258\"><strong>+86 18128481258<\/strong><\/a><br \/>\n<strong>(Svara inom 24 timmar p\u00e5 arbetsdagar)<\/strong><\/p>\n<\/div>\n<h3><strong>Tack f\u00f6r att du valde pgvape.com! .<\/strong><\/h3>\n<\/div>","protected":false},"excerpt":{"rendered":"<p><strong data-sourcepos=\"67:1-67:221\">\u201cJNR Tank Pro 33000: Eng\u00e5ngsprodukten med h\u00f6g kapacitet med 33K puffar, 28 ml juice och dubbla mesh-spolar. Har justerbara boostl\u00e4gen, digital display och 15 smaker f\u00f6r nonstop vaping.\u201d<\/strong><\/p>","protected":false},"featured_media":2730,"comment_status":"open","ping_status":"closed","template":"","meta":{"_seopress_robots_primary_cat":"none","_seopress_titles_title":"%%post_title%% %%sep%% %%sitetitle%%","_seopress_titles_desc":"","_seopress_robots_index":""},"product_brand":[516,228],"product_cat":[246,515,29],"product_tag":[78,248,249,90,247,250],"class_list":{"0":"post-2727","1":"product","2":"type-product","3":"status-publish","4":"has-post-thumbnail","6":"product_brand-disposable-vape","7":"product_brand-jnr-vape","8":"product_cat-33k-puffs-vape","9":"product_cat-disposable-vape","10":"product_cat-jnr-vape","11":"product_tag-12tastes","12":"product_tag-33k-puffs","13":"product_tag-33k-vape","14":"product_tag-disposable-vape","15":"product_tag-jnr-tank-pro-33000","16":"product_tag-led-digital-display","18":"first","19":"instock","20":"sale","21":"shipping-taxable","22":"purchasable","23":"product-type-variable"},"_links":{"self":[{"href":"https:\/\/pgvape.com\/sv\/wp-json\/wp\/v2\/product\/2727","targetHints":{"allow":["GET"]}}],"collection":[{"href":"https:\/\/pgvape.com\/sv\/wp-json\/wp\/v2\/product"}],"about":[{"href":"https:\/\/pgvape.com\/sv\/wp-json\/wp\/v2\/types\/product"}],"replies":[{"embeddable":true,"href":"https:\/\/pgvape.com\/sv\/wp-json\/wp\/v2\/comments?post=2727"}],"wp:featuredmedia":[{"embeddable":true,"href":"https:\/\/pgvape.com\/sv\/wp-json\/wp\/v2\/media\/2730"}],"wp:attachment":[{"href":"https:\/\/pgvape.com\/sv\/wp-json\/wp\/v2\/media?parent=2727"}],"wp:term":[{"taxonomy":"product_brand","embeddable":true,"href":"https:\/\/pgvape.com\/sv\/wp-json\/wp\/v2\/product_brand?post=2727"},{"taxonomy":"product_cat","embeddable":true,"href":"https:\/\/pgvape.com\/sv\/wp-json\/wp\/v2\/product_cat?post=2727"},{"taxonomy":"product_tag","embeddable":true,"href":"https:\/\/pgvape.com\/sv\/wp-json\/wp\/v2\/product_tag?post=2727"}],"curies":[{"name":"wp","href":"https:\/\/api.w.org\/{rel}","templated":true}]}}