{"id":2641,"date":"2025-10-09T12:44:23","date_gmt":"2025-10-09T12:44:23","guid":{"rendered":"https:\/\/pgvape.com\/?post_type=product&#038;p=2641"},"modified":"2025-12-15T12:57:13","modified_gmt":"2025-12-15T12:57:13","slug":"jnr-mega-box-25000-25k-puffar-engangs-vape-snabbladdning-vape-fabrik-direkt","status":"publish","type":"product","link":"https:\/\/pgvape.com\/sv\/produkt\/jnr-mega-box-25000-25k-puffar-engangs-vape-snabbladdning-vape-fabrik-direkt\/","title":{"rendered":"JNR Mega Box 25000 25K Puffs Disposable Vape Snabbladdning Vape Factory Direct"},"content":{"rendered":"<p id=\"brxe-najhln\" class=\"brxe-heading\"><strong data-sourcepos=\"4:5-4:33\">JNR Mega Box 25000 Puffar<\/strong> levererar <strong data-sourcepos=\"4:43-4:72\">l\u00e5ngvarig tillfredsst\u00e4llelse<\/strong> med <strong data-sourcepos=\"4:78-4:101\">25 000 sl\u00e4ta puffar<\/strong> fr\u00e5n dess <strong data-sourcepos=\"4:111-4:137\">30 ml e-v\u00e4tska kapacitet<\/strong>. <strong data-sourcepos=\"4:153-4:184\">850mAh uppladdningsbart batteri<\/strong> och <strong data-sourcepos=\"4:189-4:218\">dual mesh spoleteknologi<\/strong>, s\u00e4kerst\u00e4ller det <strong data-sourcepos=\"4:231-4:246\">rik smak<\/strong> och <strong data-sourcepos=\"4:251-4:277\">t\u00e4t \u00e5ngproduktion<\/strong>. <strong data-sourcepos=\"4:284-4:308\">2% nikotinstyrka<\/strong> och <strong data-sourcepos=\"4:313-4:337\">Typ-C snabbladdning<\/strong>, denna eng\u00e5ngsvapen \u00e4r perfekt f\u00f6r vapers som vill <strong data-sourcepos=\"4:391-4:415\">ut\u00f6kad prestanda<\/strong> utan kompromisser.<\/p>\n<p>&nbsp;<\/p>\n<h2><span style=\"font-size: 90%;\">JNR Mega Box 25K Puffs Disposable Vape <strong>Specifikation<\/strong><\/span><\/h2>\n<p><strong data-sourcepos=\"9:3-9:17\">Puff Count<\/strong>:\u00a0<strong data-sourcepos=\"9:19-9:35\">25 000 puffar<\/strong><\/p>\n<p><strong data-sourcepos=\"10:3-10:24\">E-v\u00e4tskekapacitet<\/strong>:\u00a0<strong data-sourcepos=\"10:26-10:34\">30 ml<\/strong><\/p>\n<p><strong data-sourcepos=\"11:3-11:11\">Spole<\/strong>:\u00a0<strong data-sourcepos=\"11:13-11:31\">Dual Mesh Coil<\/strong><\/p>\n<p><strong data-sourcepos=\"12:3-12:14\">Batteri<\/strong>:\u00a0<strong data-sourcepos=\"12:16-12:39\">850mAh uppladdningsbar<\/strong><\/p>\n<p><strong data-sourcepos=\"13:3-13:15\">Laddar<\/strong>:\u00a0<strong data-sourcepos=\"13:17-13:41\">Typ-C snabbladdning<\/strong><\/p>\n<p><strong data-sourcepos=\"14:3-14:24\">Nikotinstyrka<\/strong>:\u00a0<strong data-sourcepos=\"14:26-14:32\">2%<\/strong><\/p>\n<p><strong data-sourcepos=\"15:3-15:21\">Smakalternativ<\/strong>:\u00a0<strong data-sourcepos=\"15:23-15:45\">16 premiumval<\/strong><\/p>\n<p>&nbsp;<\/p>\n<h3><span style=\"font-size: 90%;\">JNR Mega Box 25K Puffs Disposable Vape <strong>Smaklista<\/strong><\/span><\/h3>\n<p>1.Bl\u00e5b\u00e4rssura hallonjordgubbe<\/p>\n<p>2.Blue Razz Cherry<\/p>\n<p>3. Juicy Peach<\/p>\n<p>4. Cherry Berry<\/p>\n<p>5.Fizzy Cherry Cola<\/p>\n<p>6.Citron &amp; Lime<\/p>\n<p>7. Blandat b\u00e4r<\/p>\n<p>8. Herr Bl\u00e5<\/p>\n<p>9. Jordgubb Hallon Cherry Ice<\/p>\n<p>10.Strawberry Ice<\/p>\n<p>11.Bl\u00e5b\u00e4ris<\/p>\n<p>12. Vattenmelon Is<\/p>\n<p>13. Jordgubbsbanan<\/p>\n<p>14.Blueberry Bubblegum<\/p>\n<p>15.Kiwi vattenmelon p\u00e5 is<\/p>\n<p>16.Trippel Mango<\/p>\n<p>17.Hallonvattenmelon<\/p>\n<p>18. Jordgubbshallonis<\/p>\n<p>19. Cool Mint<\/p>\n<p>20.Surt \u00e4pple<img loading=\"lazy\" decoding=\"async\" class=\"alignnone wp-image-2667 size-full\" src=\"https:\/\/pgvape.com\/wp-content\/uploads\/2025\/10\/pgvape-JNR-Mega-Box-25000-25K-Puffs-Disposable-Vape-Dual-Mesh-2-Nicotine-20Tastes-Vape-Factory-Direct-24.png\" alt=\"Rutn\u00e4t med 25 f\u00e4rgglada produktpaneler som visar JNR-m\u00e4rkta eng\u00e5ngsvape-enheter \u2013 varje panel har tv\u00e5 rektangul\u00e4ra enheter med pr\u00e4glade metallpaneler mot levande bakgrunder, smaknamn och matchande frukt- eller godisillustrationer (t.ex. bl\u00e5b\u00e4r, k\u00f6rsb\u00e4r, persika, citron och lime, blandade b\u00e4r, mango, vattenmelon och mer).\" width=\"2000\" height=\"2000\" srcset=\"https:\/\/pgvape.com\/wp-content\/uploads\/2025\/10\/pgvape-JNR-Mega-Box-25000-25K-Puffs-Disposable-Vape-Dual-Mesh-2-Nicotine-20Tastes-Vape-Factory-Direct-24.png 2000w, https:\/\/pgvape.com\/wp-content\/uploads\/2025\/10\/pgvape-JNR-Mega-Box-25000-25K-Puffs-Disposable-Vape-Dual-Mesh-2-Nicotine-20Tastes-Vape-Factory-Direct-24-360x360.png 360w, https:\/\/pgvape.com\/wp-content\/uploads\/2025\/10\/pgvape-JNR-Mega-Box-25000-25K-Puffs-Disposable-Vape-Dual-Mesh-2-Nicotine-20Tastes-Vape-Factory-Direct-24-595x595.png 595w, https:\/\/pgvape.com\/wp-content\/uploads\/2025\/10\/pgvape-JNR-Mega-Box-25000-25K-Puffs-Disposable-Vape-Dual-Mesh-2-Nicotine-20Tastes-Vape-Factory-Direct-24-400x400.png 400w, https:\/\/pgvape.com\/wp-content\/uploads\/2025\/10\/pgvape-JNR-Mega-Box-25000-25K-Puffs-Disposable-Vape-Dual-Mesh-2-Nicotine-20Tastes-Vape-Factory-Direct-24-768x768.png 768w, https:\/\/pgvape.com\/wp-content\/uploads\/2025\/10\/pgvape-JNR-Mega-Box-25000-25K-Puffs-Disposable-Vape-Dual-Mesh-2-Nicotine-20Tastes-Vape-Factory-Direct-24-1536x1536.png 1536w, https:\/\/pgvape.com\/wp-content\/uploads\/2025\/10\/pgvape-JNR-Mega-Box-25000-25K-Puffs-Disposable-Vape-Dual-Mesh-2-Nicotine-20Tastes-Vape-Factory-Direct-24-12x12.png 12w, https:\/\/pgvape.com\/wp-content\/uploads\/2025\/10\/pgvape-JNR-Mega-Box-25000-25K-Puffs-Disposable-Vape-Dual-Mesh-2-Nicotine-20Tastes-Vape-Factory-Direct-24-300x300.png 300w, https:\/\/pgvape.com\/wp-content\/uploads\/2025\/10\/pgvape-JNR-Mega-Box-25000-25K-Puffs-Disposable-Vape-Dual-Mesh-2-Nicotine-20Tastes-Vape-Factory-Direct-24-600x600.png 600w, https:\/\/pgvape.com\/wp-content\/uploads\/2025\/10\/pgvape-JNR-Mega-Box-25000-25K-Puffs-Disposable-Vape-Dual-Mesh-2-Nicotine-20Tastes-Vape-Factory-Direct-24-100x100.png 100w, https:\/\/pgvape.com\/wp-content\/uploads\/2025\/10\/pgvape-JNR-Mega-Box-25000-25K-Puffs-Disposable-Vape-Dual-Mesh-2-Nicotine-20Tastes-Vape-Factory-Direct-24-40x40.png 40w\" sizes=\"auto, (max-width: 2000px) 100vw, 2000px\" \/><\/p>\n<p>&nbsp;<\/p>\n<h3><span style=\"font-size: 90%;\">JNR Mega Box 25000 25K Puffs Dual Mesh Disposable Vape\u00a0Video\uff1a<\/span><\/h3>\n<p><iframe loading=\"lazy\" title=\"JNR Mega Box 25K Puffs Disponibel Vape |Dual Mesh |20Smakar Snabbladdning Vape Factory Direct pgvape\" width=\"563\" height=\"1000\" src=\"https:\/\/www.youtube.com\/embed\/2drnytO8g4U?feature=oembed\" frameborder=\"0\" allow=\"accelerometer; autoplay; clipboard-write; encrypted-media; gyroscope; picture-in-picture; web-share\" referrerpolicy=\"strict-origin-when-cross-origin\" allowfullscreen><\/iframe><\/p>\n<p>&nbsp;<\/p>\n<h2 class=\"header-vfC6AV auto-hide-last-sibling-br\">Vanliga fr\u00e5gor om JNR Mega Box 25K Puffs Disposable Vape<\/h2>\n<div class=\"auto-hide-last-sibling-br paragraph-JOTKXA paragraph-element br-paragraph-space\">\n<p data-sourcepos=\"42:1-43:102\">\u2753 <strong data-sourcepos=\"42:3-42:54\">Hur f\u00f6rb\u00e4ttrar den dubbla mesh-spolen vaping?<\/strong><br \/>\n\u2705 <strong data-sourcepos=\"43:3-43:28\">Dubbla v\u00e4rmeelement<\/strong> f\u00f6rse <strong data-sourcepos=\"43:37-43:56\">40% mer smak<\/strong> och <strong data-sourcepos=\"43:61-43:79\">tjockare moln<\/strong> \u00e4n vanliga spolar.<\/p>\n<p data-sourcepos=\"45:1-46:97\">\u2753 <strong data-sourcepos=\"45:3-45:46\">\u00c4r 25 000 bloss realistiskt?<\/strong><br \/>\n\u2705 <strong data-sourcepos=\"46:3-46:39\">Optimerad 30mL e-v\u00e4tskekapacitet<\/strong> s\u00e4kerst\u00e4ller <strong data-sourcepos=\"46:48-46:64\">veckors anv\u00e4ndning<\/strong> utan frekventa byten.<\/p>\n<p data-sourcepos=\"48:1-49:67\">\u2753 <strong data-sourcepos=\"48:3-48:49\">Hur l\u00e4nge h\u00e5ller 850mAh-batteriet?<\/strong><br \/>\n\u2705 <strong data-sourcepos=\"49:3-49:26\">Hela dagen f\u00f6rest\u00e4llning<\/strong> med <strong data-sourcepos=\"49:32-49:56\">snabb typ-C-laddning<\/strong> st\u00f6d.<\/p>\n<p data-sourcepos=\"51:1-54:44\">\u2753 <strong data-sourcepos=\"51:3-51:38\">Vilka smaker \u00e4r mest popul\u00e4ra?<br \/>\n<\/strong> \u2714 <strong data-sourcepos=\"52:3-52:23\">Blue Razz Cherry<\/strong> (tangy &amp; s\u00f6t) \u2714 <strong data-sourcepos=\"53:3-53:38\">Jordgubb Hallon Cherry Ice<\/strong> (fet &amp; isigt) \u2714 <strong data-sourcepos=\"54:3-54:21\">Vattenmelon is<\/strong> (uppfriskande och saftigt)<\/p>\n<\/div>\n<p>&nbsp;<\/p>\n<h3 id=\"brxe-najhln\" class=\"brxe-heading\">Vanliga fr\u00e5gor (FAQ)<\/h3>\n<div id=\"brxe-rajiac\" class=\"brxe-text\">\n<p><strong>F: Vilka betalningsmetoder accepterar du?<\/strong><br \/>\nS: Vi accepterar PayPal, Stripe, bank\u00f6verf\u00f6ringar (st\u00f6ds med SEPA), vanliga kreditkort (Visa, MasterCard, American Express) och betalningar i kryptovaluta.<\/p>\n<p><strong>F: Hur l\u00e5ng tid tar best\u00e4llningsberedningen?<\/strong><br \/>\nS: Best\u00e4llningsf\u00f6rberedelse tar 1-3 arbetsdagar.<\/p>\n<p><strong>F: Vad \u00e4r leveranstiden?<\/strong><br \/>\nS: Leveranstiden \u00e4r 7-14 arbetsdagar, beroende p\u00e5 var du befinner dig.<\/p>\n<p><strong>F: Hur kan jag sp\u00e5ra min best\u00e4llning?<\/strong><br \/>\nS: Efter leverans kommer du att f\u00e5 ett bekr\u00e4ftelsemail med ett sp\u00e5rningsnummer f\u00f6r sp\u00e5rning i realtid.<\/p>\n<p><strong>F: Vilken \u00e4r din returpolicy?<\/strong><br \/>\nS: Vi erbjuder en 30-dagars returpolicy f\u00f6r \u00e5terbetalningar eller byten. .<\/p>\n<p><strong>F: Kommer det att finnas n\u00e5gra tullproblem?<br \/>\n<\/strong>Vi hanterar alla tullf\u00f6rfaranden f\u00f6r att s\u00e4kerst\u00e4lla en problemfri upplevelse f\u00f6r dig. .<\/p>\n<p><strong>F: Vilka frakts\u00e4tt anv\u00e4nds?<\/strong><br \/>\nVi samarbetar med UPS\/DHL\/FEDEX\/DPD, etc. Vi kommer att v\u00e4lja l\u00e4mpligt fraktalternativ beroende p\u00e5 leveransland f\u00f6r att s\u00e4kerst\u00e4lla att du f\u00e5r dina produkter s\u00e5 snabbt som m\u00f6jligt.<\/p>\n<p><a href=\"https:\/\/pgvape.com\/sv\/vanliga-fragor\/\">Klicka h\u00e4r f\u00f6r mer FAQ<\/a><\/p>\n<p>K\u00e4ra kunder, Om du har n\u00e5gra fr\u00e5gor om din best\u00e4llning eller ankomsten av varor, v\u00e4nligen kontakta v\u00e5r kundtj\u00e4nst. Tack!<\/p>\n<h3 data-sourcepos=\"73:1-73:21\"><strong data-sourcepos=\"73:7-73:21\">Kontakta oss<\/strong><\/h3>\n<div id=\"text-2419739398\" class=\"text\">\n<p><strong data-sourcepos=\"75:3-75:12\">E-post<\/strong>:\u00a0<a href=\"mailto:support@pgvape.com\"><strong>support@pgvape.com<\/strong><\/a><\/p>\n<p><strong data-sourcepos=\"76:3-76:15\">WhatsApp<\/strong>: <a href=\"https:\/\/wa.me\/+8618128481258\"><strong>+86 18128481258<\/strong><\/a><br \/>\n<strong>(Svara inom 24 timmar p\u00e5 arbetsdagar)<\/strong><\/p>\n<\/div>\n<h3><strong>Tack f\u00f6r att du valde pgvape.com! .<\/strong><\/h3>\n<\/div>\n<h2 class=\"header-vfC6AV auto-hide-last-sibling-br\"><\/h2>","protected":false},"excerpt":{"rendered":"<p><strong data-sourcepos=\"59:1-59:233\">\u201cJNR Mega Box 25000: Eng\u00e5ngsvapen med h\u00f6g kapacitet med 25K puffar, 30mL e-v\u00e4tska och dubbla mesh-spolar. Har 2% nikotin, 850mAh batteri och Type-C-laddning f\u00f6r l\u00e5ngvarig tillfredsst\u00e4llelse.\u201d<\/strong><\/p>","protected":false},"featured_media":2644,"comment_status":"open","ping_status":"closed","template":"","meta":{"_seopress_robots_primary_cat":"none","_seopress_titles_title":"","_seopress_titles_desc":"","_seopress_robots_index":""},"product_brand":[516,228],"product_cat":[94,515,29],"product_tag":[187,242,96,101,90,243,241],"class_list":{"0":"post-2641","1":"product","2":"type-product","3":"status-publish","4":"has-post-thumbnail","6":"product_brand-disposable-vape","7":"product_brand-jnr-vape","8":"product_cat-25k-puffs-vape","9":"product_cat-disposable-vape","10":"product_cat-jnr-vape","11":"product_tag-20tastes","12":"product_tag-242","13":"product_tag-25k-puffs","14":"product_tag-25k-vape","15":"product_tag-disposable-vape","16":"product_tag-dual-mesh","17":"product_tag-jnr-mega-box","19":"first","20":"instock","21":"sale","22":"shipping-taxable","23":"purchasable","24":"product-type-variable"},"_links":{"self":[{"href":"https:\/\/pgvape.com\/sv\/wp-json\/wp\/v2\/product\/2641","targetHints":{"allow":["GET"]}}],"collection":[{"href":"https:\/\/pgvape.com\/sv\/wp-json\/wp\/v2\/product"}],"about":[{"href":"https:\/\/pgvape.com\/sv\/wp-json\/wp\/v2\/types\/product"}],"replies":[{"embeddable":true,"href":"https:\/\/pgvape.com\/sv\/wp-json\/wp\/v2\/comments?post=2641"}],"wp:featuredmedia":[{"embeddable":true,"href":"https:\/\/pgvape.com\/sv\/wp-json\/wp\/v2\/media\/2644"}],"wp:attachment":[{"href":"https:\/\/pgvape.com\/sv\/wp-json\/wp\/v2\/media?parent=2641"}],"wp:term":[{"taxonomy":"product_brand","embeddable":true,"href":"https:\/\/pgvape.com\/sv\/wp-json\/wp\/v2\/product_brand?post=2641"},{"taxonomy":"product_cat","embeddable":true,"href":"https:\/\/pgvape.com\/sv\/wp-json\/wp\/v2\/product_cat?post=2641"},{"taxonomy":"product_tag","embeddable":true,"href":"https:\/\/pgvape.com\/sv\/wp-json\/wp\/v2\/product_tag?post=2641"}],"curies":[{"name":"wp","href":"https:\/\/api.w.org\/{rel}","templated":true}]}}