{"id":2456,"date":"2025-10-09T07:42:52","date_gmt":"2025-10-09T07:42:52","guid":{"rendered":"https:\/\/pgvape.com\/?post_type=product&#038;p=2456"},"modified":"2026-01-27T10:05:16","modified_gmt":"2026-01-27T10:05:16","slug":"jnr-falcon-pro-28000-28k-puffar-disponibel-vape-2-nikotin-20-smaker-dubbla-mesh-coils-smart-screen-vape-factory-direct","status":"publish","type":"product","link":"https:\/\/pgvape.com\/sv\/produkt\/jnr-falcon-pro-28000-28k-puffar-disponibel-vape-2-nikotin-20-smaker-dubbla-mesh-coils-smart-screen-vape-factory-direct\/","title":{"rendered":"JNR Falcon Pro 28000 | 28K Puffar Disponibel Vape | 2% Nikotin | 20Smaker | Dual Mesh Coils | Smart Screen | Vape Factory Direct"},"content":{"rendered":"<p><strong data-sourcepos=\"6:5-6:35\">JNR Falcon Pro 28000 Puffar<\/strong><span class=\"CustomP_animated_char__m3r9w\">\u00a0<\/span><span class=\"CustomP_animated_char__m3r9w\">omdefinierar<\/span><span class=\"CustomP_animated_char__m3r9w\">\u00a0<\/span><span class=\"CustomP_animated_char__m3r9w\">disponibel<\/span><span class=\"CustomP_animated_char__m3r9w\">\u00a0<\/span><span class=\"CustomP_animated_char__m3r9w\">vaping<\/span><span class=\"CustomP_animated_char__m3r9w\">\u00a0<\/span><span class=\"CustomP_animated_char__m3r9w\">med<\/span><span class=\"CustomP_animated_char__m3r9w\">\u00a0<\/span><strong data-sourcepos=\"6:69-6:93\">ut\u00f6kad prestanda<\/strong><span class=\"CustomP_animated_char__m3r9w\">\u00a0<\/span><span class=\"CustomP_animated_char__m3r9w\">och<\/span><span class=\"CustomP_animated_char__m3r9w\">\u00a0<\/span><strong data-sourcepos=\"6:98-6:125\">intensiv smakleverans<\/strong>. <strong data-sourcepos=\"6:139-6:179\">kraftfullt 950mAh uppladdningsbart batteri<\/strong> och <strong data-sourcepos=\"6:184-6:210\">30 ml e-v\u00e4tska kapacitet<\/strong>, den h\u00e4r enheten levererar <strong data-sourcepos=\"6:233-6:262\">upp till 28 000 mjuka bloss<\/strong>. <strong data-sourcepos=\"6:268-6:293\">spolsystem med dubbla mesh<\/strong> s\u00e4kerst\u00e4ller <strong data-sourcepos=\"6:302-6:318\">t\u00e4tare \u00e5nga<\/strong> och <strong data-sourcepos=\"6:323-6:339\">rikare smak<\/strong>, medan <strong data-sourcepos=\"6:351-6:367\">smart sk\u00e4rm<\/strong> h\u00e5ller dig informerad med <strong data-sourcepos=\"6:392-6:433\">batteri- och puff\u00f6vervakning i realtid<\/strong>. <strong data-sourcepos=\"6:440-6:464\">Typ-C snabbladdning<\/strong> och <strong data-sourcepos=\"6:469-6:498\">20 premium smakalternativ<\/strong>, det \u00e4r det perfekta valet f\u00f6r vapers som s\u00f6ker <strong data-sourcepos=\"6:543-6:572\">l\u00e5ngvarig tillfredsst\u00e4llelse<\/strong> och <strong data-sourcepos=\"6:577-6:600\">premiumprestanda<\/strong><span class=\"CustomP_animated_char__m3r9w\">.<\/span><\/p>\n<p>&nbsp;<\/p>\n<h2><span style=\"font-size: 90%;\">JNR Falcon Pro28000 | 28K Puffs Disposable Vape Specifikation<\/span><\/h2>\n<p><strong data-sourcepos=\"11:3-11:17\">Puff Count<\/strong>:\u00a0<strong data-sourcepos=\"11:19-11:35\">28 000 puffar<\/strong><\/p>\n<p><strong data-sourcepos=\"12:3-12:24\">E-v\u00e4tskekapacitet<\/strong>:\u00a0<strong data-sourcepos=\"12:26-12:34\">30 ml<\/strong><\/p>\n<p><strong data-sourcepos=\"13:3-13:11\">Spole<\/strong>:mL**<\/p>\n<p><strong data-sourcepos=\"14:3-14:11\">Spole<\/strong>:\u00a0<strong data-sourcepos=\"14:13-14:31\">Dual Mesh Coil<\/strong><\/p>\n<p><strong data-sourcepos=\"15:3-15:14\">Batteri<\/strong>:\u00a0<strong data-sourcepos=\"15:16-15:39\">950mAh uppladdningsbar<\/strong><\/p>\n<p><strong data-sourcepos=\"16:3-16:15\">Laddar<\/strong>:\u00a0<strong data-sourcepos=\"16:17-16:41\">Typ-C snabbladdning<\/strong><\/p>\n<p><strong data-sourcepos=\"17:3-17:14\">Visa<\/strong>:\u00a0<strong data-sourcepos=\"17:16-17:53\">Smart sk\u00e4rm (batteri-\/puffr\u00e4kning)<\/strong><\/p>\n<p><strong data-sourcepos=\"18:3-18:15\">Nikotin<\/strong>:\u00a0<strong data-sourcepos=\"18:17-18:23\">2%<\/strong><\/p>\n<p><strong data-sourcepos=\"19:3-19:14\">Smaker<\/strong>:\u00a0<strong data-sourcepos=\"19:16-19:38\">20 premiumalternativ<\/strong><\/p>\n<p><strong data-sourcepos=\"20:3-20:16\">F\u00f6rpackning<\/strong>:\u00a0<strong data-sourcepos=\"20:18-20:36\">5 enheter\/paket<\/strong><\/p>\n<p>&nbsp;<\/p>\n<h3><span style=\"font-size: 90%;\">JNR Falcon Pro28000 | 28K Puffs Disposable Vape Flavor List<\/span><\/h3>\n<p><strong data-sourcepos=\"25:4-25:22\">1.Strawberry Ice<\/strong><\/p>\n<p><strong data-sourcepos=\"26:4-26:19\">2. Cherry Cola<\/strong><\/p>\n<p><strong data-sourcepos=\"27:4-27:22\">3. Vattenmelon Is<\/strong><\/p>\n<p><strong data-sourcepos=\"28:4-28:24\">4.Blue Razz Cherry<\/strong><\/p>\n<p><strong data-sourcepos=\"29:4-29:23\">5. Jordgubbskiwi<\/strong><\/p>\n<p><strong data-sourcepos=\"30:4-30:34\">6.Bl\u00e5b\u00e4rshallonk\u00f6rsb\u00e4r<\/strong><\/p>\n<p><strong data-sourcepos=\"31:4-31:33\">7. Strawberry Watermelon Ice<\/strong><\/p>\n<p><strong data-sourcepos=\"32:4-32:27\">8.Kiwi Watermelon Ice<\/strong><\/p>\n<p><strong data-sourcepos=\"33:4-33:21\">9.Blandade b\u00e4r<\/strong><\/p>\n<p><strong data-sourcepos=\"34:5-34:22\">10.Saftiga persikor<\/strong><\/p>\n<p><strong data-sourcepos=\"35:5-35:22\">11.Bl\u00e5b\u00e4ris<\/strong><\/p>\n<p><strong data-sourcepos=\"36:5-36:33\">12.Bl\u00e5b\u00e4rssura hallon<\/strong><\/p>\n<p><strong data-sourcepos=\"37:5-37:25\">13.White Peach Razz<\/strong><\/p>\n<p><strong data-sourcepos=\"38:5-38:28\">14.Mango passionsfrukt<\/strong><\/p>\n<p><strong data-sourcepos=\"39:5-39:31\">15.Peach Mango Vattenmelon<\/strong><\/p>\n<p><strong data-sourcepos=\"40:5-40:29\">16. Vattenmelon Bubblegum<\/strong><\/p>\n<p><strong data-sourcepos=\"41:5-41:26\">17. Jordgubbsbanan<\/strong><\/p>\n<p><strong data-sourcepos=\"42:5-42:21\">18. Dubbelt \u00e4pple<\/strong><\/p>\n<p><strong data-sourcepos=\"43:5-43:27\">19.Kiwi Passion Guava<\/strong><\/p>\n<p><strong data-sourcepos=\"44:5-44:21\">20. Cherry Berry<\/strong><\/p>\n<p><img loading=\"lazy\" decoding=\"async\" class=\"alignnone wp-image-2476 size-full\" src=\"https:\/\/pgvape.com\/wp-content\/uploads\/2025\/10\/pgvape-pgvape-JNR-Falcon-Pro-28K-Puffs-Disposable-Vape-2-Nicotine-20Tastes-Dual-Mesh-Coils-Smart-Screen-Vape-Factory-Direct-18.png\" alt=\"\" width=\"1920\" height=\"1080\" srcset=\"https:\/\/pgvape.com\/wp-content\/uploads\/2025\/10\/pgvape-pgvape-JNR-Falcon-Pro-28K-Puffs-Disposable-Vape-2-Nicotine-20Tastes-Dual-Mesh-Coils-Smart-Screen-Vape-Factory-Direct-18.png 1920w, https:\/\/pgvape.com\/wp-content\/uploads\/2025\/10\/pgvape-pgvape-JNR-Falcon-Pro-28K-Puffs-Disposable-Vape-2-Nicotine-20Tastes-Dual-Mesh-Coils-Smart-Screen-Vape-Factory-Direct-18-555x312.png 555w, https:\/\/pgvape.com\/wp-content\/uploads\/2025\/10\/pgvape-pgvape-JNR-Falcon-Pro-28K-Puffs-Disposable-Vape-2-Nicotine-20Tastes-Dual-Mesh-Coils-Smart-Screen-Vape-Factory-Direct-18-595x335.png 595w, https:\/\/pgvape.com\/wp-content\/uploads\/2025\/10\/pgvape-pgvape-JNR-Falcon-Pro-28K-Puffs-Disposable-Vape-2-Nicotine-20Tastes-Dual-Mesh-Coils-Smart-Screen-Vape-Factory-Direct-18-400x225.png 400w, https:\/\/pgvape.com\/wp-content\/uploads\/2025\/10\/pgvape-pgvape-JNR-Falcon-Pro-28K-Puffs-Disposable-Vape-2-Nicotine-20Tastes-Dual-Mesh-Coils-Smart-Screen-Vape-Factory-Direct-18-768x432.png 768w, https:\/\/pgvape.com\/wp-content\/uploads\/2025\/10\/pgvape-pgvape-JNR-Falcon-Pro-28K-Puffs-Disposable-Vape-2-Nicotine-20Tastes-Dual-Mesh-Coils-Smart-Screen-Vape-Factory-Direct-18-1536x864.png 1536w, https:\/\/pgvape.com\/wp-content\/uploads\/2025\/10\/pgvape-pgvape-JNR-Falcon-Pro-28K-Puffs-Disposable-Vape-2-Nicotine-20Tastes-Dual-Mesh-Coils-Smart-Screen-Vape-Factory-Direct-18-18x10.png 18w, https:\/\/pgvape.com\/wp-content\/uploads\/2025\/10\/pgvape-pgvape-JNR-Falcon-Pro-28K-Puffs-Disposable-Vape-2-Nicotine-20Tastes-Dual-Mesh-Coils-Smart-Screen-Vape-Factory-Direct-18-600x338.png 600w, https:\/\/pgvape.com\/wp-content\/uploads\/2025\/10\/pgvape-pgvape-JNR-Falcon-Pro-28K-Puffs-Disposable-Vape-2-Nicotine-20Tastes-Dual-Mesh-Coils-Smart-Screen-Vape-Factory-Direct-18-60x34.png 60w\" sizes=\"auto, (max-width: 1920px) 100vw, 1920px\" \/><\/p>\n<h2 class=\"header-vfC6AV auto-hide-last-sibling-br\">Vanliga fr\u00e5gor om JNR Falcon Pro28000 | 28K Puffs Disposable Vape<\/h2>\n<p data-sourcepos=\"49:1-50:103\">\u2753 <strong data-sourcepos=\"49:3-49:54\">Vad f\u00e5r 28 000 bloss att sticka ut?<br \/>\n<\/strong> \u2705 <strong data-sourcepos=\"50:3-50:30\">Optimerad kapacitet p\u00e5 30 ml<\/strong> och <strong data-sourcepos=\"50:35-50:63\">effektiv dual mesh spole<\/strong> leverera <strong data-sourcepos=\"50:72-50:100\">ut\u00f6kade vapingsessioner<\/strong>.<\/p>\n<p data-sourcepos=\"52:1-53:102\">\u2753 <strong data-sourcepos=\"52:3-52:62\">Hur f\u00f6rb\u00e4ttrar den dubbla mesh-spolen upplevelsen?<\/strong><br \/>\n\u2705 <strong data-sourcepos=\"53:3-53:28\">Dubbla v\u00e4rmeelement<\/strong> f\u00f6rse <strong data-sourcepos=\"53:37-53:56\">40% mer smak<\/strong> och <strong data-sourcepos=\"53:61-53:79\">tjockare moln<\/strong> \u00e4n vanliga spolar.<\/p>\n<p data-sourcepos=\"55:1-56:78\">\u2753 <strong data-sourcepos=\"55:3-55:44\">R\u00e4cker batteriet p\u00e5 950mAh?<\/strong><br \/>\n\u2705 <strong data-sourcepos=\"56:3-56:11\">Ja!<\/strong> Erbjudanden <strong data-sourcepos=\"56:19-56:42\">prestation hela dagen<\/strong> med <strong data-sourcepos=\"56:48-56:75\">snabb Type-C-laddning<\/strong>.<\/p>\n<p data-sourcepos=\"58:1-59:29\">\u2753 <strong data-sourcepos=\"58:3-58:30\">Kan jag \u00f6vervaka min anv\u00e4ndning?<\/strong><br \/>\n\u2705 <strong data-sourcepos=\"59:3-59:20\">Smart display<\/strong> visar:<strong data-sourcepos=\"60:3-60:24\">\u00c5terst\u00e5ende batteri <\/strong><strong data-sourcepos=\"61:3-61:17\">Puff r\u00e4kna <\/strong><strong data-sourcepos=\"62:3-62:20\">Vaping status<\/strong><\/p>\n<p data-sourcepos=\"64:1-67:42\">\u2753 <strong data-sourcepos=\"64:3-64:34\">Vem \u00e4r denna vape idealisk f\u00f6r?<\/strong><br \/>\n\u2714 <strong data-sourcepos=\"65:3-65:28\">Smakfokuserade vapers<\/strong> \u2714 <strong data-sourcepos=\"66:3-66:18\">Tunga anv\u00e4ndare<\/strong> beh\u00f6ver l\u00e5ng batteritid \u2714 <strong data-sourcepos=\"67:3-67:20\">Molnjagare<\/strong> vill ha t\u00e4t \u00e5nga<\/p>\n<p>&nbsp;<\/p>\n<h3 id=\"brxe-najhln\" class=\"brxe-heading\">Vanliga fr\u00e5gor (FAQ)<\/h3>\n<div id=\"brxe-rajiac\" class=\"brxe-text\">\n<p><strong>F: Vilka betalningsmetoder accepterar du?<\/strong><br \/>\nS: Vi accepterar PayPal, Stripe, bank\u00f6verf\u00f6ringar (st\u00f6ds med SEPA), vanliga kreditkort (Visa, MasterCard, American Express) och betalningar i kryptovaluta.<\/p>\n<p><strong>F: Hur l\u00e5ng tid tar best\u00e4llningsberedningen?<\/strong><br \/>\nS: Best\u00e4llningsf\u00f6rberedelse tar 1-3 arbetsdagar.<\/p>\n<p><strong>F: Vad \u00e4r leveranstiden?<\/strong><br \/>\nS: Leveranstiden \u00e4r 7-14 arbetsdagar, beroende p\u00e5 var du befinner dig.<\/p>\n<p><strong>F: Hur kan jag sp\u00e5ra min best\u00e4llning?<\/strong><br \/>\nS: Efter leverans kommer du att f\u00e5 ett bekr\u00e4ftelsemail med ett sp\u00e5rningsnummer f\u00f6r sp\u00e5rning i realtid.<\/p>\n<p><strong>F: Vilken \u00e4r din returpolicy?<\/strong><br \/>\nS: Vi erbjuder en 30-dagars returpolicy f\u00f6r \u00e5terbetalningar eller byten. .<\/p>\n<p><strong>F: Kommer det att finnas n\u00e5gra tullproblem?<br \/>\n<\/strong>Vi hanterar alla tullf\u00f6rfaranden f\u00f6r att s\u00e4kerst\u00e4lla en problemfri upplevelse f\u00f6r dig. .<\/p>\n<p><strong>F: Vilka frakts\u00e4tt anv\u00e4nds?<\/strong><br \/>\nVi samarbetar med UPS\/DHL\/FEDEX\/DPD, etc. Vi kommer att v\u00e4lja l\u00e4mpligt fraktalternativ beroende p\u00e5 leveransland f\u00f6r att s\u00e4kerst\u00e4lla att du f\u00e5r dina produkter s\u00e5 snabbt som m\u00f6jligt.<\/p>\n<p><a href=\"https:\/\/pgvape.com\/sv\/vanliga-fragor\/\">Klicka h\u00e4r f\u00f6r mer FAQ<\/a><\/p>\n<p>K\u00e4ra kunder, Om du har n\u00e5gra fr\u00e5gor om din best\u00e4llning eller ankomsten av varor, v\u00e4nligen kontakta v\u00e5r kundtj\u00e4nst. Tack!<\/p>\n<h3 data-sourcepos=\"73:1-73:21\"><strong data-sourcepos=\"73:7-73:21\">Kontakta oss<\/strong><\/h3>\n<div id=\"text-2419739398\" class=\"text\">\n<p><strong data-sourcepos=\"75:3-75:12\">E-post<\/strong>:\u00a0<a href=\"mailto:support@pgvape.com\"><strong>support@pgvape.com<\/strong><\/a><\/p>\n<p><strong data-sourcepos=\"76:3-76:15\">WhatsApp<\/strong>: <a href=\"https:\/\/wa.me\/+8618128481258\"><strong>+86 18128481258<\/strong><\/a><br \/>\n<strong>(Svara inom 24 timmar p\u00e5 arbetsdagar)<\/strong><\/p>\n<\/div>\n<h3><strong>Tack f\u00f6r att du valde pgvape.com! .<\/strong><\/h3>\n<\/div>","protected":false},"excerpt":{"rendered":"<p><strong data-sourcepos=\"72:1-72:234\">\u201cJNR Falcon Pro 28000: Den h\u00f6gpresterande eng\u00e5ngsprodukten med 28K puffar, 30 ml kapacitet och dubbla mesh-spolar. Har smart display, Type-C-laddning och 20 smaker f\u00f6r ultimat vaping-tillfredsst\u00e4llelse.\u201d<\/strong><\/p>","protected":false},"featured_media":2483,"comment_status":"open","ping_status":"closed","template":"","meta":{"_seopress_robots_primary_cat":"none","_seopress_titles_title":"%%post_title%% %%sep%% %%sitetitle%%","_seopress_titles_desc":"","_seopress_robots_index":""},"product_brand":[516,228],"product_cat":[227,515,29],"product_tag":[187,225,226,90,179,224,136],"class_list":{"0":"post-2456","1":"product","2":"type-product","3":"status-publish","4":"has-post-thumbnail","6":"product_brand-disposable-vape","7":"product_brand-jnr-vape","8":"product_cat-28k-puffs-vape","9":"product_cat-disposable-vape","10":"product_cat-jnr-vape","11":"product_tag-20tastes","12":"product_tag-28k-puffs","13":"product_tag-28k-vape","14":"product_tag-disposable-vape","15":"product_tag-dual-mesh-coils","16":"product_tag-jnr-falcon-pro","17":"product_tag-smart-screen","19":"first","20":"instock","21":"sale","22":"shipping-taxable","23":"purchasable","24":"product-type-variable"},"_links":{"self":[{"href":"https:\/\/pgvape.com\/sv\/wp-json\/wp\/v2\/product\/2456","targetHints":{"allow":["GET"]}}],"collection":[{"href":"https:\/\/pgvape.com\/sv\/wp-json\/wp\/v2\/product"}],"about":[{"href":"https:\/\/pgvape.com\/sv\/wp-json\/wp\/v2\/types\/product"}],"replies":[{"embeddable":true,"href":"https:\/\/pgvape.com\/sv\/wp-json\/wp\/v2\/comments?post=2456"}],"wp:featuredmedia":[{"embeddable":true,"href":"https:\/\/pgvape.com\/sv\/wp-json\/wp\/v2\/media\/2483"}],"wp:attachment":[{"href":"https:\/\/pgvape.com\/sv\/wp-json\/wp\/v2\/media?parent=2456"}],"wp:term":[{"taxonomy":"product_brand","embeddable":true,"href":"https:\/\/pgvape.com\/sv\/wp-json\/wp\/v2\/product_brand?post=2456"},{"taxonomy":"product_cat","embeddable":true,"href":"https:\/\/pgvape.com\/sv\/wp-json\/wp\/v2\/product_cat?post=2456"},{"taxonomy":"product_tag","embeddable":true,"href":"https:\/\/pgvape.com\/sv\/wp-json\/wp\/v2\/product_tag?post=2456"}],"curies":[{"name":"wp","href":"https:\/\/api.w.org\/{rel}","templated":true}]}}