{"id":2397,"date":"2025-10-08T12:11:43","date_gmt":"2025-10-08T12:11:43","guid":{"rendered":"https:\/\/pgvape.com\/?post_type=product&#038;p=2397"},"modified":"2025-12-29T11:22:02","modified_gmt":"2025-12-29T11:22:02","slug":"vopk-triple-60000-60k-puffar-3-i-1-smaker-engangs-vape-smart-led-display-vape-factory-direct","status":"publish","type":"product","link":"https:\/\/pgvape.com\/sv\/produkt\/vopk-triple-60000-60k-puffar-3-i-1-smaker-engangs-vape-smart-led-display-vape-factory-direct\/","title":{"rendered":"Vopk Triple 60000 60K puffar 3 i 1 smaker Disponibel Vape Smart LED Display Vape Factory Direct"},"content":{"rendered":"<div class=\"auto-hide-last-sibling-br paragraph-JOTKXA paragraph-element br-paragraph-space\">\n<p><strong data-sourcepos=\"4:5-4:43\">Triple 60000 Puffs Disposable Vape<\/strong> Omdefinierar l\u00e5ngvarig vaping med <strong data-sourcepos=\"4:79-4:109\">60 000 Ultra-Premium-puffar<\/strong> Och <strong data-sourcepos=\"4:114-4:140\">54 ml E-v\u00e4tskekapacitet<\/strong>. <strong data-sourcepos=\"4:152-4:178\">Trippel 0,9\u03a9 Mesh Coils<\/strong> F\u00f6r <strong data-sourcepos=\"4:183-4:201\">Intensiv smak<\/strong> Och <strong data-sourcepos=\"4:206-4:221\">T\u00e4t \u00e5nga<\/strong>, erbjuder den h\u00e4r innovativa enheten <strong data-sourcepos=\"4:253-4:279\">3-i-1 smakrotation<\/strong> F\u00f6r kontinuerlig variation. <strong data-sourcepos=\"4:308-4:339\">650mAh uppladdningsbart batteri<\/strong> Med <strong data-sourcepos=\"4:345-4:369\">Typ-C snabbladdning<\/strong> Och <strong data-sourcepos=\"4:374-4:395\">Smart LED-sk\u00e4rm<\/strong> S\u00e4kerst\u00e4ller bekv\u00e4m, informerad vaping. <strong data-sourcepos=\"4:446-4:467\">2% Eller 5% Nikotin<\/strong> Och <strong data-sourcepos=\"4:472-4:498\">10 smakkombinationer<\/strong>, Det \u00e4r det ultimata valet f\u00f6r vapers som efterfr\u00e5gar <strong data-sourcepos=\"4:547-4:562\">Prestanda<\/strong> Och <strong data-sourcepos=\"4:567-4:582\">M\u00e5ngsidighet<\/strong>.<\/p>\n<\/div>\n<p>&nbsp;<\/p>\n<h2><span style=\"font-size: 90%;\">Vopk Triple 60K Puffs 3 in 1 Flavors Disposable Vape Specifikation<\/span><\/h2>\n<p><strong data-sourcepos=\"9:3-9:17\">Puff Count<\/strong>:\u00a0<strong data-sourcepos=\"9:19-9:35\">60 000 puffar<\/strong><\/p>\n<p><strong data-sourcepos=\"10:3-10:24\">E-v\u00e4tskekapacitet<\/strong>:\u00a0<strong data-sourcepos=\"10:26-10:52\">54 ml (3-smakssystem)<\/strong><\/p>\n<p><strong data-sourcepos=\"11:3-11:11\">Spole<\/strong>:\u00a0<strong data-sourcepos=\"11:13-11:39\">Trippel 0,9\u03a9 Mesh Coils<\/strong><\/p>\n<p><strong data-sourcepos=\"12:3-12:14\">Batteri<\/strong>:\u00a0<strong data-sourcepos=\"12:16-12:39\">650mAh uppladdningsbar<\/strong><\/p>\n<p><strong data-sourcepos=\"13:3-13:15\">Laddar<\/strong>:\u00a0<strong data-sourcepos=\"13:17-13:41\">Typ-C snabbladdning<\/strong><\/p>\n<p><strong data-sourcepos=\"14:3-14:14\">Visa<\/strong>:\u00a0<strong data-sourcepos=\"14:16-14:51\">LED-sk\u00e4rm (batteri &amp; e-v\u00e4tska)<\/strong><\/p>\n<p><strong data-sourcepos=\"15:3-15:15\">Nikotin<\/strong>:\u00a0<strong data-sourcepos=\"15:17-15:28\">2% \/ 5%<\/strong><\/p>\n<p><strong data-sourcepos=\"16:3-16:20\">Smaksystem<\/strong>:\u00a0<strong data-sourcepos=\"16:22-16:41\">3-i-1 rotation<\/strong><\/p>\n<p><strong data-sourcepos=\"17:3-17:21\">Smakalternativ<\/strong>:\u00a0<strong data-sourcepos=\"17:23-17:50\">10 premiumkombinationer<\/strong><\/p>\n<p>&nbsp;<\/p>\n<h3><span style=\"font-size: 90%;\">Vopk Triple 60K Puffs 3 in 1 Flavors Disponibel Vape Flavor List<\/span><\/h3>\n<p><strong>1.Vattenmelonglass &amp; Triple Melon Ice Cream &amp; Strawberry Ice Cream<\/strong><\/p>\n<p><strong>2. Jordgubbsbanan &amp; hallon Vattenmelon &amp; ananas kokos<\/strong><\/p>\n<p><strong>3.Peach Berry &amp; Blue Razz Ice &amp; Watermelon Peach Mango<\/strong><\/p>\n<p><strong>4. Sour Mango Ananas &amp; Red Bull Strawberry &amp; Svarta vinb\u00e4r Ice<\/strong><\/p>\n<p><strong>5. Kiwi Passion Fruit &amp; Strawberry Cherry &amp; Love 66<\/strong><\/p>\n<p><strong>6. Dubbel \u00e4ppelis &amp; tropisk frukt &amp; jordgubbsvattenmelon Bubblegum<\/strong><\/p>\n<p><strong>7. Grape Ice &amp; Strawberry Kiwi &amp; Watermelon Red Bull<\/strong><\/p>\n<p><strong>8. Jordgubbsvattenmelon &amp; bl\u00e5b\u00e4rshallon &amp; citronlime<\/strong><\/p>\n<p><strong>9. Bananananas &amp; Red Bull Ice &amp; Strawberry Mango<\/strong><\/p>\n<p><strong>10.Gummy Bear &amp; Strawberry Vanilj Coke &amp; Blueberry Sockervadd<\/strong><\/p>\n<p><img loading=\"lazy\" decoding=\"async\" class=\"alignnone wp-image-2404 size-full\" src=\"https:\/\/pgvape.com\/wp-content\/uploads\/2025\/10\/pgvape-vopk-triple-60000-60k-puffs-disposable-vape-3-in-1-flavors-2-5-nicotine-10tastes-smart-led-display-factory-direct-4.png\" alt=\"En rad f\u00e4rgglada VOPK TRIPLE vapeapparater f\u00f6r eng\u00e5ngsbruk med illustrerade djurmaskotar, smakprover och etiketter, en framtr\u00e4dande \u201c60000 puffs\u201d och \u201c3in1\u201d justerbar smaktext mot en fl\u00f6dande bronsbakgrund.\" width=\"1920\" height=\"1198\" srcset=\"https:\/\/pgvape.com\/wp-content\/uploads\/2025\/10\/pgvape-vopk-triple-60000-60k-puffs-disposable-vape-3-in-1-flavors-2-5-nicotine-10tastes-smart-led-display-factory-direct-4.png 1920w, https:\/\/pgvape.com\/wp-content\/uploads\/2025\/10\/pgvape-vopk-triple-60000-60k-puffs-disposable-vape-3-in-1-flavors-2-5-nicotine-10tastes-smart-led-display-factory-direct-4-555x346.png 555w, https:\/\/pgvape.com\/wp-content\/uploads\/2025\/10\/pgvape-vopk-triple-60000-60k-puffs-disposable-vape-3-in-1-flavors-2-5-nicotine-10tastes-smart-led-display-factory-direct-4-595x371.png 595w, https:\/\/pgvape.com\/wp-content\/uploads\/2025\/10\/pgvape-vopk-triple-60000-60k-puffs-disposable-vape-3-in-1-flavors-2-5-nicotine-10tastes-smart-led-display-factory-direct-4-400x250.png 400w, https:\/\/pgvape.com\/wp-content\/uploads\/2025\/10\/pgvape-vopk-triple-60000-60k-puffs-disposable-vape-3-in-1-flavors-2-5-nicotine-10tastes-smart-led-display-factory-direct-4-768x479.png 768w, https:\/\/pgvape.com\/wp-content\/uploads\/2025\/10\/pgvape-vopk-triple-60000-60k-puffs-disposable-vape-3-in-1-flavors-2-5-nicotine-10tastes-smart-led-display-factory-direct-4-1536x958.png 1536w, https:\/\/pgvape.com\/wp-content\/uploads\/2025\/10\/pgvape-vopk-triple-60000-60k-puffs-disposable-vape-3-in-1-flavors-2-5-nicotine-10tastes-smart-led-display-factory-direct-4-18x12.png 18w, https:\/\/pgvape.com\/wp-content\/uploads\/2025\/10\/pgvape-vopk-triple-60000-60k-puffs-disposable-vape-3-in-1-flavors-2-5-nicotine-10tastes-smart-led-display-factory-direct-4-600x374.png 600w, https:\/\/pgvape.com\/wp-content\/uploads\/2025\/10\/pgvape-vopk-triple-60000-60k-puffs-disposable-vape-3-in-1-flavors-2-5-nicotine-10tastes-smart-led-display-factory-direct-4-60x37.png 60w\" sizes=\"auto, (max-width: 1920px) 100vw, 1920px\" \/><\/p>\n<p>&nbsp;<\/p>\n<h3><span style=\"font-size: 90%;\">Vopk Triple 60K Puffs 3 in 1 Flavors Disposable Vape Video:<\/span><\/h3>\n<p><iframe loading=\"lazy\" title=\"Vopk Triple 60K Puffs 3 i 1 smaker Vape Smart LED Display f\u00f6r eng\u00e5ngsbruk | Vape Factory Direct pgvape\" width=\"563\" height=\"1000\" src=\"https:\/\/www.youtube.com\/embed\/6KTqiw1ZjoY?feature=oembed\" frameborder=\"0\" allow=\"accelerometer; autoplay; clipboard-write; encrypted-media; gyroscope; picture-in-picture; web-share\" referrerpolicy=\"strict-origin-when-cross-origin\" allowfullscreen><\/iframe><\/p>\n<p>&nbsp;<\/p>\n<h2 class=\"header-vfC6AV auto-hide-last-sibling-br\">Vanliga fr\u00e5gor om Vopk Triple 60K Puffs 3 in 1 Flavors Disposable Vape<\/h2>\n<p data-sourcepos=\"36:1-37:75\">\u2753 <strong data-sourcepos=\"36:3-36:54\">Vad g\u00f6r 3-i-1 smaksystemet unikt?<\/strong><br \/>\n\u2705 <strong data-sourcepos=\"37:3-37:35\">Rotera mellan tre smaker<\/strong> I en enhet f\u00f6r <strong data-sourcepos=\"37:54-37:73\">O\u00e4ndlig variation<\/strong><\/p>\n<p data-sourcepos=\"39:1-40:87\">\u2753 <strong data-sourcepos=\"39:3-39:56\">Hur f\u00f6rb\u00e4ttrar Triple Mesh Coil vaping?<\/strong><br \/>\n\u2705 <strong data-sourcepos=\"40:3-40:42\">Tre spolar ger 50% mer smak<\/strong> Och <strong data-sourcepos=\"40:47-40:65\">Tjockare moln<\/strong> \u00c4n standard vapes<\/p>\n<p data-sourcepos=\"42:1-43:88\">\u2753 <strong data-sourcepos=\"42:3-42:46\">\u00c4r 60 000 puffr\u00e4kningen realistisk?<\/strong><br \/>\n\u2705 <strong data-sourcepos=\"43:3-43:30\">Optimerad kapacitet p\u00e5 54 ml<\/strong> Och <strong data-sourcepos=\"43:35-43:60\">Effektivt spolsystem<\/strong> S\u00e4kerst\u00e4lla <strong data-sourcepos=\"43:68-43:86\">Ut\u00f6kad anv\u00e4ndning<\/strong><\/p>\n<p data-sourcepos=\"45:1-46:57\">\u2753 <strong data-sourcepos=\"45:3-45:50\">Kan jag \u00f6vervaka batteri och e-v\u00e4tska?<\/strong><br \/>\n\u2705 <strong data-sourcepos=\"46:3-46:18\">LED-display<\/strong> Shower <strong data-sourcepos=\"46:25-46:46\">Uppdateringar i realtid<\/strong> F\u00f6r b\u00e5da<\/p>\n<p data-sourcepos=\"48:1-49:65\">\u2753 <strong data-sourcepos=\"48:3-48:43\">Vilka nikotinalternativ finns tillg\u00e4ngliga?<br \/>\n<\/strong> \u2705 <strong data-sourcepos=\"49:3-49:27\">2% f\u00f6r mjuk vaping<\/strong> Eller <strong data-sourcepos=\"49:31-49:63\">5% f\u00f6r starkare tillfredsst\u00e4llelse<\/strong><\/p>\n<p>&nbsp;<\/p>\n<h3 id=\"brxe-najhln\" class=\"brxe-heading\">Vanliga fr\u00e5gor (FAQ)<\/h3>\n<div id=\"brxe-rajiac\" class=\"brxe-text\">\n<p><strong>F: Vilka betalningsmetoder accepterar du?<\/strong><br \/>\nS: Vi accepterar PayPal, Stripe, bank\u00f6verf\u00f6ringar (st\u00f6ds med SEPA), vanliga kreditkort (Visa, MasterCard, American Express) och betalningar i kryptovaluta.<\/p>\n<p><strong>F: Hur l\u00e5ng tid tar best\u00e4llningsberedningen?<\/strong><br \/>\nS: Best\u00e4llningsf\u00f6rberedelse tar 1-3 arbetsdagar.<\/p>\n<p><strong>F: Vad \u00e4r leveranstiden?<\/strong><br \/>\nS: Leveranstiden \u00e4r 7-14 arbetsdagar, beroende p\u00e5 var du befinner dig.<\/p>\n<p><strong>F: Hur kan jag sp\u00e5ra min best\u00e4llning?<\/strong><br \/>\nS: Efter leverans kommer du att f\u00e5 ett bekr\u00e4ftelsemail med ett sp\u00e5rningsnummer f\u00f6r sp\u00e5rning i realtid.<\/p>\n<p><strong>F: Vilken \u00e4r din returpolicy?<\/strong><br \/>\nS: Vi erbjuder en 30-dagars returpolicy f\u00f6r \u00e5terbetalningar eller byten. .<\/p>\n<p><strong>F: Kommer det att finnas n\u00e5gra tullproblem?<br \/>\n<\/strong>Vi hanterar alla tullf\u00f6rfaranden f\u00f6r att s\u00e4kerst\u00e4lla en problemfri upplevelse f\u00f6r dig. .<\/p>\n<p><strong>F: Vilka frakts\u00e4tt anv\u00e4nds?<\/strong><br \/>\nVi samarbetar med UPS\/DHL\/FEDEX\/DPD, etc. Vi kommer att v\u00e4lja l\u00e4mpligt fraktalternativ beroende p\u00e5 leveransland f\u00f6r att s\u00e4kerst\u00e4lla att du f\u00e5r dina produkter s\u00e5 snabbt som m\u00f6jligt.<\/p>\n<p><a href=\"https:\/\/pgvape.com\/sv\/vanliga-fragor\/\">Klicka h\u00e4r f\u00f6r mer FAQ<\/a><\/p>\n<p>K\u00e4ra kunder, Om du har n\u00e5gra fr\u00e5gor om din best\u00e4llning eller ankomsten av varor, v\u00e4nligen kontakta v\u00e5r kundtj\u00e4nst. Tack!<\/p>\n<h3 data-sourcepos=\"73:1-73:21\"><strong data-sourcepos=\"73:7-73:21\">Kontakta oss<\/strong><\/h3>\n<div id=\"text-2419739398\" class=\"text\">\n<p><strong data-sourcepos=\"75:3-75:12\">E-post<\/strong>:\u00a0<a href=\"mailto:support@pgvape.com\"><strong>support@pgvape.com<\/strong><\/a><\/p>\n<p><strong data-sourcepos=\"76:3-76:15\">WhatsApp<\/strong>: <a href=\"https:\/\/wa.me\/+8618128481258\"><strong>+86 18128481258<\/strong><\/a><br \/>\n<strong>(Svara inom 24 timmar p\u00e5 arbetsdagar)<\/strong><\/p>\n<\/div>\n<h3><strong>Tack f\u00f6r att du valde pgvape.com! .<\/strong><\/h3>\n<\/div>","protected":false},"excerpt":{"rendered":"<p><strong data-sourcepos=\"54:1-54:226\">\u201cTriple 60000 Puffs: Den ultimata 3-i-1 vapen med 60K puffar, 54 ml kapacitet och triple Mesh Coils. Har smakrotation, smart display och 10 smaktrios f\u00f6r nonstop vaping variation.\u201d<\/strong><\/p>","protected":false},"featured_media":2403,"comment_status":"open","ping_status":"closed","template":"","meta":{"_seopress_robots_primary_cat":"none","_seopress_titles_title":"%%post_title%% %%sep%% %%sitetitle%%","_seopress_titles_desc":"","_seopress_robots_index":""},"product_brand":[516,218],"product_cat":[48,515,31],"product_tag":[24,51,52,90,143,221],"class_list":{"0":"post-2397","1":"product","2":"type-product","3":"status-publish","4":"has-post-thumbnail","6":"product_brand-disposable-vape","7":"product_brand-vopk-vape","8":"product_cat-60k-puffs-vape","9":"product_cat-disposable-vape","10":"product_cat-vopk-vape","11":"product_tag-3-in-1-flavors","12":"product_tag-60k-puffs","13":"product_tag-60k-vape","14":"product_tag-disposable-vape","15":"product_tag-smart-led-display","16":"product_tag-vopk-triple","18":"first","19":"instock","20":"sale","21":"shipping-taxable","22":"purchasable","23":"product-type-variable"},"_links":{"self":[{"href":"https:\/\/pgvape.com\/sv\/wp-json\/wp\/v2\/product\/2397","targetHints":{"allow":["GET"]}}],"collection":[{"href":"https:\/\/pgvape.com\/sv\/wp-json\/wp\/v2\/product"}],"about":[{"href":"https:\/\/pgvape.com\/sv\/wp-json\/wp\/v2\/types\/product"}],"replies":[{"embeddable":true,"href":"https:\/\/pgvape.com\/sv\/wp-json\/wp\/v2\/comments?post=2397"}],"wp:featuredmedia":[{"embeddable":true,"href":"https:\/\/pgvape.com\/sv\/wp-json\/wp\/v2\/media\/2403"}],"wp:attachment":[{"href":"https:\/\/pgvape.com\/sv\/wp-json\/wp\/v2\/media?parent=2397"}],"wp:term":[{"taxonomy":"product_brand","embeddable":true,"href":"https:\/\/pgvape.com\/sv\/wp-json\/wp\/v2\/product_brand?post=2397"},{"taxonomy":"product_cat","embeddable":true,"href":"https:\/\/pgvape.com\/sv\/wp-json\/wp\/v2\/product_cat?post=2397"},{"taxonomy":"product_tag","embeddable":true,"href":"https:\/\/pgvape.com\/sv\/wp-json\/wp\/v2\/product_tag?post=2397"}],"curies":[{"name":"wp","href":"https:\/\/api.w.org\/{rel}","templated":true}]}}