{"id":2302,"date":"2025-10-03T06:06:11","date_gmt":"2025-10-03T06:06:11","guid":{"rendered":"https:\/\/pgvape.com\/?post_type=product&#038;p=2302"},"modified":"2026-01-27T10:11:46","modified_gmt":"2026-01-27T10:11:46","slug":"uwin-tornado-triple-60000-60k-puffar-3-i-1-smaker-disponibel-vape-3-justerbara-smaker-smart-led-display-vape-factory-direct","status":"publish","type":"product","link":"https:\/\/pgvape.com\/sv\/produkt\/uwin-tornado-triple-60000-60k-puffar-3-i-1-smaker-disponibel-vape-3-justerbara-smaker-smart-led-display-vape-factory-direct\/","title":{"rendered":"Uwin Tornado Triple 60000 60K puffar 3 i 1 smaker Disponibel Vape 3 justerbara smaker Smart LED Display Vape Factory Direct"},"content":{"rendered":"<p class=\"header-vfC6AV auto-hide-last-sibling-br\"><strong data-sourcepos=\"2:5-2:56\">Uwin Tornado Triple 60000 Puffs Disposable Vape<\/strong> S\u00e4tter en ny standard med <strong data-sourcepos=\"2:82-2:109\">60 000 ultral\u00e5nga puffar<\/strong> Och <strong data-sourcepos=\"2:114-2:138\">3 justerbara smaker<\/strong> I en enhet. <strong data-sourcepos=\"2:164-2:193\">2%\/3%\/5% Nikotinalternativ<\/strong>, A <strong data-sourcepos=\"2:197-2:228\">650mAh uppladdningsbart batteri<\/strong>, Och <strong data-sourcepos=\"2:234-2:254\">Triple Mesh Coil<\/strong>, det levererar <strong data-sourcepos=\"2:268-2:283\">T\u00e4t \u00e5nga<\/strong> Och <strong data-sourcepos=\"2:288-2:303\">Ren smak<\/strong>. <strong data-sourcepos=\"2:309-2:330\">Smart LED-sk\u00e4rm<\/strong> Sp\u00e5r <strong data-sourcepos=\"2:338-2:354\">Batteritid<\/strong> Och <strong data-sourcepos=\"2:359-2:374\">Smakl\u00e4ge<\/strong>, Medan <strong data-sourcepos=\"2:382-2:406\">Typ-C snabbladdning<\/strong> S\u00e4kerst\u00e4ller snabba power-ups. <strong data-sourcepos=\"2:445-2:479\">12 premium smakkombinationer<\/strong>, F\u00f6rpackad <strong data-sourcepos=\"2:490-2:503\">10 st\/kartong<\/strong> F\u00f6r detaljhandel\/grossisthandel.<\/p>\n<p>&nbsp;<\/p>\n<h2><span style=\"font-size: 90%;\">Uwin Tornado Triple 60K Puffs 3 in 1 Flavors Disponibel Vape Specifikation<\/span><\/h2>\n<p><strong data-sourcepos=\"7:3-7:17\">Puff Count<\/strong>:\u00a0<strong data-sourcepos=\"7:19-7:35\">60 000 puffar<\/strong><\/p>\n<p><strong data-sourcepos=\"8:3-8:15\">Nikotin<\/strong>:\u00a0<strong data-sourcepos=\"8:17-8:41\">2% \/ 3% \/ 5% Alternativ<\/strong><\/p>\n<p><strong data-sourcepos=\"9:3-9:15\">E-v\u00e4tska<\/strong>:\u00a0<strong data-sourcepos=\"9:17-9:43\">Tredubbla smakkammare<\/strong><\/p>\n<p><strong data-sourcepos=\"10:3-10:11\">Spole<\/strong>:\u00a0<strong data-sourcepos=\"10:13-10:33\">Triple Mesh Coil<\/strong><\/p>\n<p><strong data-sourcepos=\"11:3-11:14\">Batteri<\/strong>:\u00a0<strong data-sourcepos=\"11:16-11:39\">650mAh uppladdningsbar<\/strong><\/p>\n<p><strong data-sourcepos=\"12:3-12:15\">Laddar<\/strong>:\u00a0<strong data-sourcepos=\"12:17-12:41\">Typ-C snabbladdning<\/strong><\/p>\n<p><strong data-sourcepos=\"13:3-13:14\">Visa<\/strong>:\u00a0<strong data-sourcepos=\"13:16-13:52\">LED-sk\u00e4rm (batteri\/smakl\u00e4ge)<\/strong><\/p>\n<p><strong data-sourcepos=\"14:3-14:20\">Smaksystem<\/strong>:\u00a0<strong data-sourcepos=\"14:22-14:51\">3-i-1 justerbara smaker<\/strong><\/p>\n<p><strong data-sourcepos=\"15:3-15:14\">Paket<\/strong>:\u00a0<strong data-sourcepos=\"15:16-15:34\">10 enheter\/l\u00e5da<\/strong><\/p>\n<p>&nbsp;<\/p>\n<h3><span style=\"font-size: 90%;\">Uwin Tornado Triple 60K Puffs 3 in 1 Flavors Disponibel Vape Flavor List<\/span><\/h3>\n<p><strong data-sourcepos=\"20:4-20:62\">1.Cherry Ice + Strawberry Red Bull + Blueberry Raspberry<\/strong><\/p>\n<p><strong data-sourcepos=\"21:4-21:79\">2.Blueberry Ice + Strawberry Watermelon + Strawberry Raspberry Cherry Ice<\/strong><\/p>\n<p><strong data-sourcepos=\"22:4-22:64\">3.Rosa Lemonad + Vaniljglass + Jordgubbshallongodis<\/strong><\/p>\n<p><strong data-sourcepos=\"23:4-23:71\">4.Strawberry Kiwi + Love 66 (Passionsfruktsmelon) + Blue Razz Ice<\/strong><\/p>\n<p><strong data-sourcepos=\"24:4-24:52\">5.Citronlime + jordgubbsbanan + blandad frukt<\/strong><\/p>\n<p><strong data-sourcepos=\"25:4-25:43\">6. Watermelon Ice + Cola Ice + Mr Blue<\/strong><\/p>\n<p><strong data-sourcepos=\"26:4-26:68\">7.Summer Peach Ice + Blueberry Raspberry + Strawberry Red Bull<\/strong><\/p>\n<p><strong data-sourcepos=\"27:4-27:69\">8. Kiwi Passionsfrukt Guava + Persika Mango + Hallon Vattenmelon<\/strong><\/p>\n<p><strong data-sourcepos=\"28:4-28:42\">9.Red Bull + Cherry Ice + Citron Lime<\/strong><\/p>\n<p><strong data-sourcepos=\"29:5-29:54\">10.Strawberry Ice + Summer Peach Ice + Grape Ice<\/strong><\/p>\n<p><strong data-sourcepos=\"30:5-30:73\">11.Blandade b\u00e4r + Dragon Fruit Ice + Strawberry Watermelon Bubblegum<\/strong><\/p>\n<p><strong data-sourcepos=\"31:5-31:60\">12. Cherry Cola + Strawberry Vanilla Cola + Grape Berry<\/strong><\/p>\n<p>&nbsp;<\/p>\n<h3 class=\"brxe-heading\"><span style=\"font-size: 90%;\">Uwin Tornado Triple 60K Puffs 3 in 1 Flavors Disponibel Vape Video:<br \/>\n<\/span><\/h3>\n<p><iframe loading=\"lazy\" title=\"Uwin Tornado Triple 60K Puffs 3in1 Flavors Disponibel Vape 3Justerbara Flavors Factory Direct pgvape\" width=\"563\" height=\"1000\" src=\"https:\/\/www.youtube.com\/embed\/9Mn3oeU0jVg?feature=oembed\" frameborder=\"0\" allow=\"accelerometer; autoplay; clipboard-write; encrypted-media; gyroscope; picture-in-picture; web-share\" referrerpolicy=\"strict-origin-when-cross-origin\" allowfullscreen><\/iframe><\/p>\n<p>&nbsp;<\/p>\n<h2 class=\"header-vfC6AV auto-hide-last-sibling-br\">Vanliga fr\u00e5gor om Uwin Tornado Triple 60K Puffs 3 in 1 Flavors Disposable Vape<\/h2>\n<p data-sourcepos=\"36:1-37:85\">\u2753 <strong data-sourcepos=\"36:3-36:52\">Vad g\u00f6r 60 000 puff Count speciellt?<\/strong><br \/>\n\u2705 <strong data-sourcepos=\"37:3-37:32\">Branschledande kapacitet<\/strong> \u2013 H\u00e5ller <strong data-sourcepos=\"37:41-37:56\">5-6x l\u00e4ngre<\/strong> \u00c4n standard eng\u00e5ngsartiklar.<\/p>\n<p data-sourcepos=\"39:1-40:88\">\u2753 <strong data-sourcepos=\"39:3-39:50\">Hur fungerar Triple Flavor System?<\/strong><br \/>\n\u2705 <strong data-sourcepos=\"40:3-40:86\">V\u00e4xla direkt mellan tre premiumsmaker med enkla knappkontroller.<\/strong><\/p>\n<p data-sourcepos=\"42:1-43:94\">\u2753 <strong data-sourcepos=\"42:3-42:58\">\u00c4r Triple Mesh Coil b\u00e4ttre \u00e4n Dual Coil?<\/strong><br \/>\n\u2705 <strong data-sourcepos=\"43:3-43:11\">Ja!<\/strong> Ger <strong data-sourcepos=\"43:21-43:43\">30% Snabbare uppv\u00e4rmning<\/strong> Och <strong data-sourcepos=\"43:48-43:68\">50% T\u00e4tare \u00e5nga<\/strong> F\u00f6r <strong data-sourcepos=\"43:73-43:89\">Rikare smak<\/strong>.**<\/p>\n<p data-sourcepos=\"45:1-46:85\">\u2753 <strong data-sourcepos=\"45:3-45:45\">Kan jag enkelt \u00f6vervaka batteritiden?<br \/>\n<\/strong> \u2705 <strong data-sourcepos=\"46:3-46:18\">LED-display<\/strong> Shower <strong data-sourcepos=\"46:25-46:53\">Batteristatus i realtid<\/strong> Och <strong data-sourcepos=\"46:58-46:80\">Aktivt smakl\u00e4ge<\/strong>.**<\/p>\n<p data-sourcepos=\"48:1-49:86\">\u2753 <strong data-sourcepos=\"48:3-48:37\">Varf\u00f6r v\u00e4lja ett 650mAh batteri?<\/strong><br \/>\n\u2705 <strong data-sourcepos=\"49:3-49:31\">Optimerad f\u00f6r effektivitet<\/strong> \u2013 H\u00e5ller <strong data-sourcepos=\"49:40-49:51\">2+ dagar<\/strong> Med <strong data-sourcepos=\"49:57-49:81\">Typ-C snabbladdning<\/strong>.**<\/p>\n<p data-sourcepos=\"51:1-52:95\">\u2753 <strong data-sourcepos=\"51:3-51:44\">\u00c4r de 12 smakerna fruktiga eller isiga?<br \/>\n<\/strong> \u2705 <strong data-sourcepos=\"52:3-52:12\">B\u00e5de!<\/strong> Inkluderar <strong data-sourcepos=\"52:22-52:38\">Fruktblandningar<\/strong>, <strong data-sourcepos=\"52:40-52:57\">Energidrycker<\/strong>, Och <strong data-sourcepos=\"52:63-52:90\">Uppfriskande isvarianter<\/strong>.**<\/p>\n<p>&nbsp;<\/p>\n<h3 id=\"brxe-najhln\" class=\"brxe-heading\">Vanliga fr\u00e5gor (FAQ)<\/h3>\n<div id=\"brxe-rajiac\" class=\"brxe-text\">\n<p><strong>F: Vilka betalningsmetoder accepterar du?<\/strong><br \/>\nS: Vi accepterar PayPal, Stripe, bank\u00f6verf\u00f6ringar (st\u00f6ds med SEPA), vanliga kreditkort (Visa, MasterCard, American Express) och betalningar i kryptovaluta.<\/p>\n<p><strong>F: Hur l\u00e5ng tid tar best\u00e4llningsberedningen?<\/strong><br \/>\nS: Best\u00e4llningsf\u00f6rberedelse tar 1-3 arbetsdagar.<\/p>\n<p><strong>F: Vad \u00e4r leveranstiden?<\/strong><br \/>\nS: Leveranstiden \u00e4r 7-14 arbetsdagar, beroende p\u00e5 var du befinner dig.<\/p>\n<p><strong>F: Hur kan jag sp\u00e5ra min best\u00e4llning?<\/strong><br \/>\nS: Efter leverans kommer du att f\u00e5 ett bekr\u00e4ftelsemail med ett sp\u00e5rningsnummer f\u00f6r sp\u00e5rning i realtid.<\/p>\n<p><strong>F: Vilken \u00e4r din returpolicy?<\/strong><br \/>\nS: Vi erbjuder en 30-dagars returpolicy f\u00f6r \u00e5terbetalningar eller byten. .<\/p>\n<p><strong>F: Kommer det att finnas n\u00e5gra tullproblem?<br \/>\n<\/strong>Vi hanterar alla tullf\u00f6rfaranden f\u00f6r att s\u00e4kerst\u00e4lla en problemfri upplevelse f\u00f6r dig. .<\/p>\n<p><strong>F: Vilka frakts\u00e4tt anv\u00e4nds?<\/strong><br \/>\nVi samarbetar med UPS\/DHL\/FEDEX\/DPD, etc. Vi kommer att v\u00e4lja l\u00e4mpligt fraktalternativ beroende p\u00e5 leveransland f\u00f6r att s\u00e4kerst\u00e4lla att du f\u00e5r dina produkter s\u00e5 snabbt som m\u00f6jligt.<\/p>\n<p><a href=\"https:\/\/pgvape.com\/sv\/vanliga-fragor\/\">Klicka h\u00e4r f\u00f6r mer FAQ<\/a><\/p>\n<p>K\u00e4ra kunder, Om du har n\u00e5gra fr\u00e5gor om din best\u00e4llning eller ankomsten av varor, v\u00e4nligen kontakta v\u00e5r kundtj\u00e4nst. Tack!<\/p>\n<h3 data-sourcepos=\"73:1-73:21\"><strong data-sourcepos=\"73:7-73:21\">Kontakta oss<\/strong><\/h3>\n<div id=\"text-2419739398\" class=\"text\">\n<p><strong data-sourcepos=\"75:3-75:12\">E-post<\/strong>:\u00a0<a href=\"mailto:support@pgvape.com\"><strong>support@pgvape.com<\/strong><\/a><\/p>\n<p><strong data-sourcepos=\"76:3-76:15\">WhatsApp<\/strong>: <a href=\"https:\/\/wa.me\/+8618128481258\"><strong>+86 18128481258<\/strong><\/a><br \/>\n<strong>(Svara inom 24 timmar p\u00e5 arbetsdagar)<\/strong><\/p>\n<\/div>\n<h3><strong>Tack f\u00f6r att du valde pgvape.com! .<\/strong><\/h3>\n<\/div>","protected":false},"excerpt":{"rendered":"<p><strong data-sourcepos=\"57:1-57:264\">\u201cUwin Tornado Triple 60000: Den ultimata 3-i-1-flavor eng\u00e5ngsvapen med 60K puffar, triple Mesh-spolar och 12 smakkombinationer - med smart LED-sk\u00e4rm, Type-C-laddning och 3 nikotinstyrkor f\u00f6r skr\u00e4ddarsydd tillfredsst\u00e4llelse.\u201d<\/strong><\/p>","protected":false},"featured_media":2307,"comment_status":"open","ping_status":"closed","template":"","meta":{"_seopress_robots_primary_cat":"none","_seopress_titles_title":"%%post_title%% %%sep%% %%sitetitle%%","_seopress_titles_desc":"","_seopress_robots_index":""},"product_brand":[516,207],"product_cat":[48,515,205],"product_tag":[78,215,24,51,52,90,143,214,204],"class_list":{"0":"post-2302","1":"product","2":"type-product","3":"status-publish","4":"has-post-thumbnail","6":"product_brand-disposable-vape","7":"product_brand-uwin-vape","8":"product_cat-60k-puffs-vape","9":"product_cat-disposable-vape","10":"product_cat-uwin-vape","11":"product_tag-12tastes","12":"product_tag-3-adjustable-flavors","13":"product_tag-3-in-1-flavors","14":"product_tag-60k-puffs","15":"product_tag-60k-vape","16":"product_tag-disposable-vape","17":"product_tag-smart-led-display","18":"product_tag-uwin-tornado-triple-60000","19":"product_tag-vape-factory-direct","21":"first","22":"instock","23":"sale","24":"shipping-taxable","25":"purchasable","26":"product-type-variable"},"_links":{"self":[{"href":"https:\/\/pgvape.com\/sv\/wp-json\/wp\/v2\/product\/2302","targetHints":{"allow":["GET"]}}],"collection":[{"href":"https:\/\/pgvape.com\/sv\/wp-json\/wp\/v2\/product"}],"about":[{"href":"https:\/\/pgvape.com\/sv\/wp-json\/wp\/v2\/types\/product"}],"replies":[{"embeddable":true,"href":"https:\/\/pgvape.com\/sv\/wp-json\/wp\/v2\/comments?post=2302"}],"wp:featuredmedia":[{"embeddable":true,"href":"https:\/\/pgvape.com\/sv\/wp-json\/wp\/v2\/media\/2307"}],"wp:attachment":[{"href":"https:\/\/pgvape.com\/sv\/wp-json\/wp\/v2\/media?parent=2302"}],"wp:term":[{"taxonomy":"product_brand","embeddable":true,"href":"https:\/\/pgvape.com\/sv\/wp-json\/wp\/v2\/product_brand?post=2302"},{"taxonomy":"product_cat","embeddable":true,"href":"https:\/\/pgvape.com\/sv\/wp-json\/wp\/v2\/product_cat?post=2302"},{"taxonomy":"product_tag","embeddable":true,"href":"https:\/\/pgvape.com\/sv\/wp-json\/wp\/v2\/product_tag?post=2302"}],"curies":[{"name":"wp","href":"https:\/\/api.w.org\/{rel}","templated":true}]}}