{"id":2065,"date":"2025-10-01T08:31:49","date_gmt":"2025-10-01T08:31:49","guid":{"rendered":"https:\/\/pgvape.com\/?post_type=product&#038;p=2065"},"modified":"2025-12-15T13:17:58","modified_gmt":"2025-12-15T13:17:58","slug":"gazzbar-ice-god-50000-50k-puffar-disponibel-vape-5-nivaer-justerbar-kylning-smart-led-display-vape-factory-direct","status":"publish","type":"product","link":"https:\/\/pgvape.com\/sv\/produkt\/gazzbar-ice-god-50000-50k-puffar-disponibel-vape-5-nivaer-justerbar-kylning-smart-led-display-vape-factory-direct\/","title":{"rendered":"Gazzbar Ice God 50000 50K Puffs Disponibel Vape 5 niv\u00e5s Justerbar kylning Smart LED Display Vape Factory Direct"},"content":{"rendered":"<div class=\"auto-hide-last-sibling-br paragraph-JOTKXA paragraph-element br-paragraph-space\">\n<div class=\"auto-hide-last-sibling-br paragraph-JOTKXA paragraph-element br-paragraph-space\"><strong data-sourcepos=\"2:5-2:52\">Gazzbar Ice God 50000 Puffs Disposable Vape<\/strong> Levererar <strong data-sourcepos=\"2:62-2:87\">O\u00f6vertr\u00e4ffad prestanda<\/strong> Med <strong data-sourcepos=\"2:93-2:120\">50 000 ultral\u00e5nga puffar<\/strong> Och <strong data-sourcepos=\"2:125-2:151\">5-niv\u00e5 justerbar is<\/strong>. <strong data-sourcepos=\"2:165-2:185\">Triple Mesh Coil<\/strong>, den producerar <strong data-sourcepos=\"2:199-2:214\">Rik smak<\/strong> Och <strong data-sourcepos=\"2:219-2:234\">T\u00e4t \u00e5nga<\/strong>. <strong data-sourcepos=\"2:240-2:271\">850mAh uppladdningsbart batteri<\/strong> Med <strong data-sourcepos=\"2:277-2:301\">Typ-C snabbladdning<\/strong> S\u00e4kerst\u00e4ller <strong data-sourcepos=\"2:310-2:326\">Ut\u00f6kad anv\u00e4ndning<\/strong>, Medan The <strong data-sourcepos=\"2:338-2:359\">Smart LED-sk\u00e4rm<\/strong> Sp\u00e5r <strong data-sourcepos=\"2:367-2:379\">E-v\u00e4tska<\/strong> Och <strong data-sourcepos=\"2:384-2:402\">Batteriniv\u00e5er<\/strong>. <strong data-sourcepos=\"2:417-2:439\">20 premiumsmaker<\/strong>, F\u00f6rpackad <strong data-sourcepos=\"2:450-2:462\">5 st\/kartong<\/strong> F\u00f6r detaljhandel\/grossisthandel.<\/div>\n<\/div>\n<p>&nbsp;<\/p>\n<h2><span style=\"font-size: 90%;\">Gazzbar Ice God 50000 | 50K Puffs Disponibel Vape <\/span><strong data-sourcepos=\"6:5-6:31\">Specifikationer<\/strong><\/h2>\n<p><strong data-sourcepos=\"7:3-7:17\">Puff Count<\/strong>:\u00a0<strong data-sourcepos=\"7:19-7:35\">50 000 puffar<\/strong><\/p>\n<p><strong data-sourcepos=\"8:3-8:15\">Nikotin<\/strong>:\u00a0<strong data-sourcepos=\"8:17-8:23\">5%<\/strong><\/p>\n<p><strong data-sourcepos=\"9:3-9:11\">Spole<\/strong>:\u00a0<strong data-sourcepos=\"9:13-9:35\">Trippeln\u00e4t (0,6\u03a9)<\/strong><\/p>\n<p><strong data-sourcepos=\"10:3-10:14\">Batteri<\/strong>:\u00a0<strong data-sourcepos=\"10:16-10:39\">850mAh uppladdningsbar<\/strong><\/p>\n<p><strong data-sourcepos=\"11:3-11:15\">Laddar<\/strong>:\u00a0<strong data-sourcepos=\"11:17-11:41\">Typ-C snabbladdning<\/strong><\/p>\n<p><strong data-sourcepos=\"12:3-12:14\">Kyl<\/strong>:\u00a0<strong data-sourcepos=\"12:16-12:42\">5-niv\u00e5 justerbar is<\/strong><\/p>\n<p><strong data-sourcepos=\"13:3-13:14\">Visa<\/strong>:\u00a0<strong data-sourcepos=\"13:16-13:49\">LED-sk\u00e4rm (Batteri\/E-Liquid)<\/strong><\/p>\n<p><strong data-sourcepos=\"14:3-14:14\">Paket<\/strong>:\u00a0<strong data-sourcepos=\"14:16-14:33\">5 enheter\/box<\/strong><\/p>\n<h3><span style=\"font-size: 90%;\">Gazzbar Ice God 50000 | 50K Puffs Disposable Vape Flavor List<\/span><\/h3>\n<p><strong data-sourcepos=\"19:4-19:22\">1. Vattenmelon Is<\/strong><\/p>\n<p><strong data-sourcepos=\"20:4-20:21\">2.Blue Razz Ice<\/strong><\/p>\n<p><strong data-sourcepos=\"21:4-21:27\">3.Strawberry Kiwi Ice<\/strong><\/p>\n<p><strong data-sourcepos=\"22:4-22:19\">4. Blandade b\u00e4r<\/strong><\/p>\n<p><strong data-sourcepos=\"23:4-23:30\">5.Mango Persika Vattenmelon<\/strong><\/p>\n<p><strong data-sourcepos=\"24:4-24:32\">6. Kiwi Passionsfrukt Guava<\/strong><\/p>\n<p><strong data-sourcepos=\"25:4-25:17\">7. Grape Ice<\/strong><\/p>\n<p><strong data-sourcepos=\"26:4-26:20\">8.Dubbel mango<\/strong><\/p>\n<p><strong data-sourcepos=\"27:4-27:17\">9.Peach Ice<\/strong><\/p>\n<p><strong data-sourcepos=\"28:5-28:30\">10. Jordgubbsvattenmelon<\/strong><\/p>\n<p><strong data-sourcepos=\"29:5-29:19\">11. Miami Mint<\/strong><\/p>\n<p><strong data-sourcepos=\"30:5-30:29\">12.Blackberry Cranberry<\/strong><\/p>\n<p><strong data-sourcepos=\"31:5-31:37\">13.K\u00f6rsb\u00e4rsgranat\u00e4pple tranb\u00e4r<\/strong><\/p>\n<p><strong data-sourcepos=\"32:5-32:17\">14. Red Bull<\/strong><\/p>\n<p><strong data-sourcepos=\"33:5-33:21\">15. Dubbelt \u00e4pple<\/strong><\/p>\n<p><strong data-sourcepos=\"34:5-34:22\">16.Bl\u00e5b\u00e4ris<\/strong><\/p>\n<p><strong data-sourcepos=\"35:5-35:19\">17. Bubbelgum<\/strong><\/p>\n<p><strong data-sourcepos=\"36:5-36:26\">18.K\u00f6rsb\u00e4rsvattenmelon<\/strong><\/p>\n<p><strong data-sourcepos=\"37:5-37:32\">19.Passionsfrukt Mango Ice<\/strong><\/p>\n<p><strong data-sourcepos=\"38:5-38:30\">20. Vattenmelon Bubble Gum<\/strong><\/p>\n<p><img loading=\"lazy\" decoding=\"async\" class=\"alignnone wp-image-2076 size-full\" src=\"https:\/\/pgvape.com\/wp-content\/uploads\/2025\/10\/PG-Vape-Gazzbar-Ice-God-50000-50K-Puffs-Disposable-Vape-5-Level-Adjustable-Cooling-Flavor-List.png\" alt=\"F\u00e4rgglada rutn\u00e4t av Gazzbar Ice God 50K Puffs vape-smakplattor p\u00e5 en ljusbl\u00e5 bakgrund, var och en visar en liten vit vape-enhet och frukt eller isiga bilder med namn som Watermelon Ice, Strawberry Watermelon, Cherry Pomegranate Cranberry, Blue Razz Ice, Blueberry Ice, Bubble Gum, Miami Mint, Guubb Watermelon B. .\" width=\"2000\" height=\"2000\" srcset=\"https:\/\/pgvape.com\/wp-content\/uploads\/2025\/10\/PG-Vape-Gazzbar-Ice-God-50000-50K-Puffs-Disposable-Vape-5-Level-Adjustable-Cooling-Flavor-List.png 2000w, https:\/\/pgvape.com\/wp-content\/uploads\/2025\/10\/PG-Vape-Gazzbar-Ice-God-50000-50K-Puffs-Disposable-Vape-5-Level-Adjustable-Cooling-Flavor-List-360x360.png 360w, https:\/\/pgvape.com\/wp-content\/uploads\/2025\/10\/PG-Vape-Gazzbar-Ice-God-50000-50K-Puffs-Disposable-Vape-5-Level-Adjustable-Cooling-Flavor-List-595x595.png 595w, https:\/\/pgvape.com\/wp-content\/uploads\/2025\/10\/PG-Vape-Gazzbar-Ice-God-50000-50K-Puffs-Disposable-Vape-5-Level-Adjustable-Cooling-Flavor-List-400x400.png 400w, https:\/\/pgvape.com\/wp-content\/uploads\/2025\/10\/PG-Vape-Gazzbar-Ice-God-50000-50K-Puffs-Disposable-Vape-5-Level-Adjustable-Cooling-Flavor-List-768x768.png 768w, https:\/\/pgvape.com\/wp-content\/uploads\/2025\/10\/PG-Vape-Gazzbar-Ice-God-50000-50K-Puffs-Disposable-Vape-5-Level-Adjustable-Cooling-Flavor-List-1536x1536.png 1536w, https:\/\/pgvape.com\/wp-content\/uploads\/2025\/10\/PG-Vape-Gazzbar-Ice-God-50000-50K-Puffs-Disposable-Vape-5-Level-Adjustable-Cooling-Flavor-List-12x12.png 12w, https:\/\/pgvape.com\/wp-content\/uploads\/2025\/10\/PG-Vape-Gazzbar-Ice-God-50000-50K-Puffs-Disposable-Vape-5-Level-Adjustable-Cooling-Flavor-List-300x300.png 300w, https:\/\/pgvape.com\/wp-content\/uploads\/2025\/10\/PG-Vape-Gazzbar-Ice-God-50000-50K-Puffs-Disposable-Vape-5-Level-Adjustable-Cooling-Flavor-List-600x600.png 600w, https:\/\/pgvape.com\/wp-content\/uploads\/2025\/10\/PG-Vape-Gazzbar-Ice-God-50000-50K-Puffs-Disposable-Vape-5-Level-Adjustable-Cooling-Flavor-List-100x100.png 100w, https:\/\/pgvape.com\/wp-content\/uploads\/2025\/10\/PG-Vape-Gazzbar-Ice-God-50000-50K-Puffs-Disposable-Vape-5-Level-Adjustable-Cooling-Flavor-List-40x40.png 40w\" sizes=\"auto, (max-width: 2000px) 100vw, 2000px\" \/><\/p>\n<h3><\/h3>\n<h3><span style=\"font-size: 90%;\">Gazzbar Ice God 50000 | 50K Puffs Disposable Vape Video:<\/span><\/h3>\n<p><iframe loading=\"lazy\" title=\"Gazzbar Ice God 50K Puffs Disposable Vape | 5 niv\u00e5s justerbar kylning | Vape Factory Direct pgvape\" width=\"563\" height=\"1000\" src=\"https:\/\/www.youtube.com\/embed\/1-JHS8vQVBo?feature=oembed\" frameborder=\"0\" allow=\"accelerometer; autoplay; clipboard-write; encrypted-media; gyroscope; picture-in-picture; web-share\" referrerpolicy=\"strict-origin-when-cross-origin\" allowfullscreen><\/iframe><\/p>\n<p>&nbsp;<\/p>\n<h2 class=\"header-vfC6AV auto-hide-last-sibling-br\">Vanliga fr\u00e5gor om Gazzbar Ice God 50000 | 50K Puffs Disposable Vape<\/h2>\n<p data-sourcepos=\"43:1-44:85\">\u2753 <strong data-sourcepos=\"43:3-43:52\">Vad g\u00f6r 50 000 Puff Count speciellt?<br \/>\n<\/strong> \u2705 <strong data-sourcepos=\"44:3-44:32\">Branschledande kapacitet<\/strong> \u2013 H\u00e5ller <strong data-sourcepos=\"44:41-44:56\">5-6x l\u00e4ngre<\/strong> \u00c4n standard eng\u00e5ngsartiklar.<\/p>\n<p data-sourcepos=\"46:1-47:79\">\u2753 <strong data-sourcepos=\"46:3-46:44\">Hur fungerar den justerbara isen?<br \/>\n<\/strong>\u2705 <strong data-sourcepos=\"47:3-47:34\">Anpassa kylningsintensitet<\/strong> Fr\u00e5n <strong data-sourcepos=\"47:40-47:55\">L\u00e4tt Chill<\/strong> Till <strong data-sourcepos=\"47:59-47:76\">Arctic Freeze<\/strong>.<\/p>\n<p data-sourcepos=\"49:1-50:81\">\u2753 <strong data-sourcepos=\"49:3-49:42\">\u00c4r Triple Mesh Coil b\u00e4ttre?<br \/>\n<\/strong> \u2705 <strong data-sourcepos=\"50:3-50:11\">Ja!<\/strong> Levererar <strong data-sourcepos=\"50:21-50:40\">30% Mer smak<\/strong> Och <strong data-sourcepos=\"50:45-50:62\">T\u00e4tare moln<\/strong> \u00c4n Dual Coils.<\/p>\n<p data-sourcepos=\"52:1-53:73\">\u2753 <strong data-sourcepos=\"52:3-52:50\">Kan jag \u00f6vervaka batteri och e-v\u00e4tska?<\/strong><br \/>\n\u2705 <strong data-sourcepos=\"53:3-53:18\">LED-display<\/strong> Shower <strong data-sourcepos=\"53:25-53:46\">Uppdateringar i realtid<\/strong> F\u00f6r bekv\u00e4m sp\u00e5rning.<\/p>\n<p data-sourcepos=\"55:1-56:56\">\u2753 <strong data-sourcepos=\"55:3-55:34\">Varf\u00f6r v\u00e4lja 5% Nikotin?<br \/>\n<\/strong> \u2705 <strong data-sourcepos=\"56:3-56:26\">Stark tillfredsst\u00e4llelse<\/strong> F\u00f6r <strong data-sourcepos=\"56:31-56:53\">Erfarna vapers<\/strong>.<\/p>\n<p>&nbsp;<\/p>\n<h3 id=\"brxe-najhln\" class=\"brxe-heading\">Vanliga fr\u00e5gor (FAQ)<\/h3>\n<div id=\"brxe-rajiac\" class=\"brxe-text\">\n<p><strong>F: Vilka betalningsmetoder accepterar du?<\/strong><br \/>\nS: Vi accepterar PayPal, Stripe, bank\u00f6verf\u00f6ringar (st\u00f6ds med SEPA), vanliga kreditkort (Visa, MasterCard, American Express) och betalningar i kryptovaluta.<\/p>\n<p><strong>F: Hur l\u00e5ng tid tar best\u00e4llningsberedningen?<\/strong><br \/>\nS: Best\u00e4llningsf\u00f6rberedelse tar 1-3 arbetsdagar.<\/p>\n<p><strong>F: Vad \u00e4r leveranstiden?<\/strong><br \/>\nS: Leveranstiden \u00e4r 7-14 arbetsdagar, beroende p\u00e5 var du befinner dig.<\/p>\n<p><strong>F: Hur kan jag sp\u00e5ra min best\u00e4llning?<\/strong><br \/>\nS: Efter leverans kommer du att f\u00e5 ett bekr\u00e4ftelsemail med ett sp\u00e5rningsnummer f\u00f6r sp\u00e5rning i realtid.<\/p>\n<p><strong>F: Vilken \u00e4r din returpolicy?<\/strong><br \/>\nS: Vi erbjuder en 30-dagars returpolicy f\u00f6r \u00e5terbetalningar eller byten. .<\/p>\n<p><strong>F: Kommer det att finnas n\u00e5gra tullproblem?<br \/>\n<\/strong>Vi hanterar alla tullf\u00f6rfaranden f\u00f6r att s\u00e4kerst\u00e4lla en problemfri upplevelse f\u00f6r dig. .<\/p>\n<p><strong>F: Vilka frakts\u00e4tt anv\u00e4nds?<\/strong><br \/>\nVi samarbetar med UPS\/DHL\/FEDEX\/DPD, etc. Vi kommer att v\u00e4lja l\u00e4mpligt fraktalternativ beroende p\u00e5 leveransland f\u00f6r att s\u00e4kerst\u00e4lla att du f\u00e5r dina produkter s\u00e5 snabbt som m\u00f6jligt.<\/p>\n<p><a href=\"https:\/\/pgvape.com\/sv\/vanliga-fragor\/\">Klicka h\u00e4r f\u00f6r mer FAQ<\/a><\/p>\n<p>K\u00e4ra kunder, Om du har n\u00e5gra fr\u00e5gor om din best\u00e4llning eller ankomsten av varor, v\u00e4nligen kontakta v\u00e5r kundtj\u00e4nst. Tack!<\/p>\n<h3 data-sourcepos=\"73:1-73:21\"><strong data-sourcepos=\"73:7-73:21\">Kontakta oss<\/strong><\/h3>\n<div id=\"text-2419739398\" class=\"text\">\n<p><strong data-sourcepos=\"75:3-75:12\">E-post<\/strong>:\u00a0<a href=\"mailto:support@pgvape.com\"><strong>support@pgvape.com<\/strong><\/a><\/p>\n<p><strong data-sourcepos=\"76:3-76:15\">WhatsApp<\/strong>: <a href=\"https:\/\/wa.me\/+8618128481258\"><strong>+86 18128481258<\/strong><\/a><br \/>\n<strong>(Svara inom 24 timmar p\u00e5 arbetsdagar)<\/strong><\/p>\n<\/div>\n<h3><strong>Tack f\u00f6r att du valde pgvape.com! .<\/strong><\/h3>\n<\/div>","protected":false},"excerpt":{"rendered":"<p><strong data-sourcepos=\"61:1-61:226\">\u201cGazzbar Ice God 50000: Den ultimata eng\u00e5ngsvapen med 50 000 puffar, justerbar is och 20 smaker - med trippeln\u00e4tspolar, smart display och typ-C-laddning f\u00f6r premiumprestanda.\u201d<\/strong><\/p>","protected":false},"featured_media":2068,"comment_status":"open","ping_status":"closed","template":"","meta":{"_seopress_robots_primary_cat":"none","_seopress_titles_title":"%%post_title%% %%sep%% %%sitetitle%%","_seopress_titles_desc":"","_seopress_robots_index":""},"product_brand":[516,181],"product_cat":[61,515,180],"product_tag":[187,186,64,65,90,185,490,188],"class_list":{"0":"post-2065","1":"product","2":"type-product","3":"status-publish","4":"has-post-thumbnail","6":"product_brand-disposable-vape","7":"product_brand-gazzbar-vape","8":"product_cat-50k-puffs-vape","9":"product_cat-disposable-vape","10":"product_cat-gazzbar-vape","11":"product_tag-20tastes","12":"product_tag-5-level-adjustable-cooling","13":"product_tag-50k-puffs","14":"product_tag-50k-vape","15":"product_tag-disposable-vape","16":"product_tag-gazzbar-ice-god","17":"product_tag-minimum-2-pieces","18":"product_tag-smart-led","20":"first","21":"instock","22":"sale","23":"shipping-taxable","24":"purchasable","25":"product-type-variable"},"_links":{"self":[{"href":"https:\/\/pgvape.com\/sv\/wp-json\/wp\/v2\/product\/2065","targetHints":{"allow":["GET"]}}],"collection":[{"href":"https:\/\/pgvape.com\/sv\/wp-json\/wp\/v2\/product"}],"about":[{"href":"https:\/\/pgvape.com\/sv\/wp-json\/wp\/v2\/types\/product"}],"replies":[{"embeddable":true,"href":"https:\/\/pgvape.com\/sv\/wp-json\/wp\/v2\/comments?post=2065"}],"wp:featuredmedia":[{"embeddable":true,"href":"https:\/\/pgvape.com\/sv\/wp-json\/wp\/v2\/media\/2068"}],"wp:attachment":[{"href":"https:\/\/pgvape.com\/sv\/wp-json\/wp\/v2\/media?parent=2065"}],"wp:term":[{"taxonomy":"product_brand","embeddable":true,"href":"https:\/\/pgvape.com\/sv\/wp-json\/wp\/v2\/product_brand?post=2065"},{"taxonomy":"product_cat","embeddable":true,"href":"https:\/\/pgvape.com\/sv\/wp-json\/wp\/v2\/product_cat?post=2065"},{"taxonomy":"product_tag","embeddable":true,"href":"https:\/\/pgvape.com\/sv\/wp-json\/wp\/v2\/product_tag?post=2065"}],"curies":[{"name":"wp","href":"https:\/\/api.w.org\/{rel}","templated":true}]}}