{"id":2023,"date":"2025-10-01T06:39:42","date_gmt":"2025-10-01T06:39:42","guid":{"rendered":"https:\/\/pgvape.com\/?post_type=product&#038;p=2023"},"modified":"2025-12-15T13:18:37","modified_gmt":"2025-12-15T13:18:37","slug":"gazzbar-30000-30k-puffar-disponibel-vape-3d-stjarnhimmel-skarm-vape-fabrik-direkt","status":"publish","type":"product","link":"https:\/\/pgvape.com\/sv\/produkt\/gazzbar-30000-30k-puffar-disponibel-vape-3d-stjarnhimmel-skarm-vape-fabrik-direkt\/","title":{"rendered":"Gazzbar 30000 30K Puffs Disposable Vape 3D Starry Sky-sk\u00e4rm Vape Factory Direct"},"content":{"rendered":"<p><strong data-sourcepos=\"2:5-2:38\">Gazzbar 30000 disponibel vape<\/strong> H\u00f6jer Vaping med sin <strong data-sourcepos=\"2:64-2:97\">Fantastisk 3D Starry Sky-sk\u00e4rm<\/strong> Som lyser under anv\u00e4ndning. <strong data-sourcepos=\"2:135-2:154\">Dubbla Mesh Coils<\/strong> F\u00f6r <strong data-sourcepos=\"2:159-2:176\">Rikare smak<\/strong> Och <strong data-sourcepos=\"2:181-2:197\">T\u00e4tare \u00e5nga<\/strong>, Denna enhet har A <strong data-sourcepos=\"2:220-2:246\">28 ml E-v\u00e4tskekapacitet<\/strong> Och <strong data-sourcepos=\"2:251-2:282\">800mAh uppladdningsbart batteri<\/strong> Med <strong data-sourcepos=\"2:288-2:312\">Typ-C snabbladdning<\/strong>. <strong data-sourcepos=\"2:327-2:348\">15 unika smaker<\/strong> Och <strong data-sourcepos=\"2:353-2:385\">0%\/2%\/3%\/5% Nikotinalternativ<\/strong>, det \u00e4r perfekt f\u00f6r vapers som efterfr\u00e5gar <strong data-sourcepos=\"2:422-2:437\">Prestanda<\/strong> Och <strong data-sourcepos=\"2:442-2:451\">Stil<\/strong>.<\/p>\n<p>&nbsp;<\/p>\n<h2><span style=\"font-size: 90%;\">Gazzbar 30000 | 30K Puffs Disposable Vape Specifikation<\/span><\/h2>\n<p><strong data-sourcepos=\"7:3-7:17\">Puff Count<\/strong>:\u00a0<strong data-sourcepos=\"7:19-7:35\">30 000 puffar<\/strong><\/p>\n<p><strong data-sourcepos=\"8:3-8:15\">Nikotin<\/strong>:\u00a0<strong data-sourcepos=\"8:17-8:46\">0% \/ 2% \/ 3% \/ 5% Alternativ<\/strong><\/p>\n<p><strong data-sourcepos=\"9:3-9:15\">E-v\u00e4tska<\/strong>:\u00a0<strong data-sourcepos=\"9:17-9:34\">28 ml kapacitet<\/strong><\/p>\n<p><strong data-sourcepos=\"10:3-10:11\">Spole<\/strong>:\u00a0<strong data-sourcepos=\"10:13-10:31\">Dual Mesh Coil<\/strong><\/p>\n<p><strong data-sourcepos=\"11:3-11:14\">Batteri<\/strong>:\u00a0<strong data-sourcepos=\"11:16-11:39\">800mAh uppladdningsbar<\/strong><\/p>\n<p><strong data-sourcepos=\"12:3-12:15\">Laddar<\/strong>:\u00a0<strong data-sourcepos=\"12:17-12:41\">Typ-C snabbladdning<\/strong><\/p>\n<p><strong data-sourcepos=\"13:3-13:14\">Visa<\/strong>:\u00a0<strong data-sourcepos=\"13:16-13:40\">3D Stj\u00e4rnhimmel-sk\u00e4rm<\/strong><\/p>\n<p><strong data-sourcepos=\"14:3-14:14\">Paket<\/strong>:\u00a0<strong data-sourcepos=\"14:16-14:35\">Individuell enhet<\/strong><\/p>\n<p>&nbsp;<\/p>\n<h3><span style=\"font-size: 90%;\">Gazzbar 30000 | 30K Puffs Disposable Vape Flavor List<\/span><\/h3>\n<p>1.Strawberry B-Pop<\/p>\n<p>2.Blue Rancher<\/p>\n<p>3.Raspberry Peach Ice<\/p>\n<p>4.Sur Mango Ananas<\/p>\n<p>5.Blue Razz Ice<\/p>\n<p>6. Lime Berry Orange<\/p>\n<p>7.Citronhuvuden<\/p>\n<p>8. Vattenmelon Is<\/p>\n<p>9.Blackberry B-Pop<\/p>\n<p>10. Miami Mint<\/p>\n<p>11.Sur \u00c4ppelis<\/p>\n<p>12.Grapefruktuppfr\u00e4schare<\/p>\n<p>13. Banana Taffy Freeze<\/p>\n<p>14.Mexico Mango<\/p>\n<p>15.Rensa<\/p>\n<p><img loading=\"lazy\" decoding=\"async\" class=\"alignnone wp-image-2026 size-full\" src=\"https:\/\/pgvape.com\/wp-content\/uploads\/2025\/10\/Pgvape-Gazzbar-30000-30K-Puffs-Disposable-Vape-0-2-3-5-Nicotine-15Tastes-3D-Starry-Sky-screen-Vape-Factory-Direct-1.png\" alt=\"Kampanjaffisch f\u00f6r GAZZBAR Turbo eng\u00e5ngsvapor som visar 15 f\u00e4rgkodade enheter m\u00e4rkta med smaknamn, specifikationsikoner f\u00f6r puffar, 28 ml e-v\u00e4tska, 800 mAh batteri, dubbla mesh och Type-C, f\u00f6rpackningsstorlekar och varum\u00e4rkeslogotypen.\" width=\"1357\" height=\"1920\" srcset=\"https:\/\/pgvape.com\/wp-content\/uploads\/2025\/10\/Pgvape-Gazzbar-30000-30K-Puffs-Disposable-Vape-0-2-3-5-Nicotine-15Tastes-3D-Starry-Sky-screen-Vape-Factory-Direct-1.png 1357w, https:\/\/pgvape.com\/wp-content\/uploads\/2025\/10\/Pgvape-Gazzbar-30000-30K-Puffs-Disposable-Vape-0-2-3-5-Nicotine-15Tastes-3D-Starry-Sky-screen-Vape-Factory-Direct-1-254x360.png 254w, https:\/\/pgvape.com\/wp-content\/uploads\/2025\/10\/Pgvape-Gazzbar-30000-30K-Puffs-Disposable-Vape-0-2-3-5-Nicotine-15Tastes-3D-Starry-Sky-screen-Vape-Factory-Direct-1-595x842.png 595w, https:\/\/pgvape.com\/wp-content\/uploads\/2025\/10\/Pgvape-Gazzbar-30000-30K-Puffs-Disposable-Vape-0-2-3-5-Nicotine-15Tastes-3D-Starry-Sky-screen-Vape-Factory-Direct-1-283x400.png 283w, https:\/\/pgvape.com\/wp-content\/uploads\/2025\/10\/Pgvape-Gazzbar-30000-30K-Puffs-Disposable-Vape-0-2-3-5-Nicotine-15Tastes-3D-Starry-Sky-screen-Vape-Factory-Direct-1-768x1087.png 768w, https:\/\/pgvape.com\/wp-content\/uploads\/2025\/10\/Pgvape-Gazzbar-30000-30K-Puffs-Disposable-Vape-0-2-3-5-Nicotine-15Tastes-3D-Starry-Sky-screen-Vape-Factory-Direct-1-1086x1536.png 1086w, https:\/\/pgvape.com\/wp-content\/uploads\/2025\/10\/Pgvape-Gazzbar-30000-30K-Puffs-Disposable-Vape-0-2-3-5-Nicotine-15Tastes-3D-Starry-Sky-screen-Vape-Factory-Direct-1-8x12.png 8w, https:\/\/pgvape.com\/wp-content\/uploads\/2025\/10\/Pgvape-Gazzbar-30000-30K-Puffs-Disposable-Vape-0-2-3-5-Nicotine-15Tastes-3D-Starry-Sky-screen-Vape-Factory-Direct-1-600x849.png 600w, https:\/\/pgvape.com\/wp-content\/uploads\/2025\/10\/Pgvape-Gazzbar-30000-30K-Puffs-Disposable-Vape-0-2-3-5-Nicotine-15Tastes-3D-Starry-Sky-screen-Vape-Factory-Direct-1-28x40.png 28w\" sizes=\"auto, (max-width: 1357px) 100vw, 1357px\" \/><\/p>\n<h3><span style=\"font-size: 90%;\">Gazzbar 30000 | 30K Puffs Disposable Vape Video:<br \/>\n<iframe loading=\"lazy\" title=\"Gazzbar 30000 | 30K Puffs Disposable Vape | 3D Starry Sky-sk\u00e4rm | Vape Factory Direct pgvape\" width=\"563\" height=\"1000\" src=\"https:\/\/www.youtube.com\/embed\/wQEMZIVju50?feature=oembed\" frameborder=\"0\" allow=\"accelerometer; autoplay; clipboard-write; encrypted-media; gyroscope; picture-in-picture; web-share\" referrerpolicy=\"strict-origin-when-cross-origin\" allowfullscreen><\/iframe><br \/>\n<\/span><\/h3>\n<p>&nbsp;<\/p>\n<h2 class=\"header-vfC6AV auto-hide-last-sibling-br\">Vanliga fr\u00e5gor om Gazzbar 30000 | 30K Puffs Disposable Vape<\/h2>\n<p data-sourcepos=\"38:1-39:105\">\u2753 <strong data-sourcepos=\"38:3-38:54\">Vad g\u00f6r 3D Starry Sky-sk\u00e4rmen unik?<\/strong><br \/>\n\u2705 <strong data-sourcepos=\"39:3-39:28\">Dynamisk ljusdisplay<\/strong> Att <strong data-sourcepos=\"39:34-39:63\">Lyser vid varje anv\u00e4ndning<\/strong> F\u00f6r A <strong data-sourcepos=\"39:70-39:102\">Visuellt fantastisk upplevelse<\/strong>.<\/p>\n<p data-sourcepos=\"41:1-42:85\">\u2753 <strong data-sourcepos=\"41:3-41:54\">Hur f\u00f6rb\u00e4ttrar Dual Mesh Coil vaping?<\/strong><br \/>\n\u2705 <strong data-sourcepos=\"42:3-42:82\">Ger 30% mer smak och t\u00e4tare moln j\u00e4mf\u00f6rt med enstaka spolar<\/strong>.<\/p>\n<p data-sourcepos=\"44:1-45:89\">\u2753 <strong data-sourcepos=\"44:3-44:44\">\u00c4r 800mAh-batteriet tillr\u00e4ckligt?<\/strong><br \/>\n\u2705 <strong data-sourcepos=\"45:3-45:11\">Ja!<\/strong> Ger <strong data-sourcepos=\"45:21-45:36\">Anv\u00e4ndning hela dagen<\/strong> Med <strong data-sourcepos=\"45:42-45:66\">Typ-C snabbladdning<\/strong> F\u00f6r snabba power-ups.<\/p>\n<p data-sourcepos=\"47:1-48:68\">\u2753 <strong data-sourcepos=\"47:3-47:43\">Finns det nikotinfria alternativ?<\/strong><br \/>\n\u2705 **Ja! <strong data-sourcepos=\"48:10-48:25\">0% Nikotin<\/strong> Tillg\u00e4nglig f\u00f6r <strong data-sourcepos=\"48:40-48:65\">Njutning endast smak<\/strong>.<\/p>\n<p data-sourcepos=\"50:1-51:52\">\u2753 <strong data-sourcepos=\"50:3-50:45\">Varf\u00f6r v\u00e4lja 28mL E-Liquid Capacity?<\/strong><br \/>\n\u2705 <strong data-sourcepos=\"51:3-51:19\">Ut\u00f6kad anv\u00e4ndning<\/strong> Utan frekventa byten.<\/p>\n<p>&nbsp;<\/p>\n<h3 id=\"brxe-najhln\" class=\"brxe-heading\">Vanliga fr\u00e5gor (FAQ)<\/h3>\n<div id=\"brxe-rajiac\" class=\"brxe-text\">\n<p><strong>F: Vilka betalningsmetoder accepterar du?<\/strong><br \/>\nS: Vi accepterar PayPal, Stripe, bank\u00f6verf\u00f6ringar (st\u00f6ds med SEPA), vanliga kreditkort (Visa, MasterCard, American Express) och betalningar i kryptovaluta.<\/p>\n<p><strong>F: Hur l\u00e5ng tid tar best\u00e4llningsberedningen?<\/strong><br \/>\nS: Best\u00e4llningsf\u00f6rberedelse tar 1-3 arbetsdagar.<\/p>\n<p><strong>F: Vad \u00e4r leveranstiden?<\/strong><br \/>\nS: Leveranstiden \u00e4r 7-14 arbetsdagar, beroende p\u00e5 var du befinner dig.<\/p>\n<p><strong>F: Hur kan jag sp\u00e5ra min best\u00e4llning?<\/strong><br \/>\nS: Efter leverans kommer du att f\u00e5 ett bekr\u00e4ftelsemail med ett sp\u00e5rningsnummer f\u00f6r sp\u00e5rning i realtid.<\/p>\n<p><strong>F: Vilken \u00e4r din returpolicy?<\/strong><br \/>\nS: Vi erbjuder en 30-dagars returpolicy f\u00f6r \u00e5terbetalningar eller byten. .<\/p>\n<p><strong>F: Kommer det att finnas n\u00e5gra tullproblem?<br \/>\n<\/strong>Vi hanterar alla tullf\u00f6rfaranden f\u00f6r att s\u00e4kerst\u00e4lla en problemfri upplevelse f\u00f6r dig. .<\/p>\n<p><strong>F: Vilka frakts\u00e4tt anv\u00e4nds?<\/strong><br \/>\nVi samarbetar med UPS\/DHL\/FEDEX\/DPD, etc. Vi kommer att v\u00e4lja l\u00e4mpligt fraktalternativ beroende p\u00e5 leveransland f\u00f6r att s\u00e4kerst\u00e4lla att du f\u00e5r dina produkter s\u00e5 snabbt som m\u00f6jligt.<\/p>\n<p><a href=\"https:\/\/pgvape.com\/sv\/vanliga-fragor\/\">Klicka h\u00e4r f\u00f6r mer FAQ<\/a><\/p>\n<p>K\u00e4ra kunder, Om du har n\u00e5gra fr\u00e5gor om din best\u00e4llning eller ankomsten av varor, v\u00e4nligen kontakta v\u00e5r kundtj\u00e4nst. Tack!<\/p>\n<h3 data-sourcepos=\"73:1-73:21\"><strong data-sourcepos=\"73:7-73:21\">Kontakta oss<\/strong><\/h3>\n<div id=\"text-2419739398\" class=\"text\">\n<p><strong data-sourcepos=\"75:3-75:12\">E-post<\/strong>:\u00a0<a href=\"mailto:support@pgvape.com\"><strong>support@pgvape.com<\/strong><\/a><\/p>\n<p><strong data-sourcepos=\"76:3-76:15\">WhatsApp<\/strong>: <a href=\"https:\/\/wa.me\/+8618128481258\"><strong>+86 18128481258<\/strong><\/a><br \/>\n<strong>(Svara inom 24 timmar p\u00e5 arbetsdagar)<\/strong><\/p>\n<\/div>\n<h3><strong>Tack f\u00f6r att du valde pgvape.com! .<\/strong><\/h3>\n<\/div>","protected":false},"excerpt":{"rendered":"<p><strong data-sourcepos=\"56:1-56:228\">\u201cGazzbar 30000: Premium eng\u00e5ngsvapen med 30K puffar, 3D Starry Sky-sk\u00e4rm och 15 smaker - med dubbla mesh-spolar, 800mAh batteri och 4 nikotinstyrkor f\u00f6r ultimat prestanda.\u201d<\/strong><\/p>","protected":false},"featured_media":2029,"comment_status":"open","ping_status":"closed","template":"","meta":{"_seopress_robots_primary_cat":"none","_seopress_titles_title":"%%post_title%% %%sep%% %%sitetitle%%","_seopress_titles_desc":"","_seopress_robots_index":""},"product_brand":[516,181],"product_cat":[35,515,180],"product_tag":[183,38,184,90,182],"class_list":{"0":"post-2023","1":"product","2":"type-product","3":"status-publish","4":"has-post-thumbnail","6":"product_brand-disposable-vape","7":"product_brand-gazzbar-vape","8":"product_cat-30k-puffs-vape","9":"product_cat-disposable-vape","10":"product_cat-gazzbar-vape","11":"product_tag-15tastes","12":"product_tag-30k-puffs","13":"product_tag-3d-starry-sky-screen","14":"product_tag-disposable-vape","15":"product_tag-gazzbar","17":"first","18":"instock","19":"sale","20":"shipping-taxable","21":"purchasable","22":"product-type-variable"},"_links":{"self":[{"href":"https:\/\/pgvape.com\/sv\/wp-json\/wp\/v2\/product\/2023","targetHints":{"allow":["GET"]}}],"collection":[{"href":"https:\/\/pgvape.com\/sv\/wp-json\/wp\/v2\/product"}],"about":[{"href":"https:\/\/pgvape.com\/sv\/wp-json\/wp\/v2\/types\/product"}],"replies":[{"embeddable":true,"href":"https:\/\/pgvape.com\/sv\/wp-json\/wp\/v2\/comments?post=2023"}],"wp:featuredmedia":[{"embeddable":true,"href":"https:\/\/pgvape.com\/sv\/wp-json\/wp\/v2\/media\/2029"}],"wp:attachment":[{"href":"https:\/\/pgvape.com\/sv\/wp-json\/wp\/v2\/media?parent=2023"}],"wp:term":[{"taxonomy":"product_brand","embeddable":true,"href":"https:\/\/pgvape.com\/sv\/wp-json\/wp\/v2\/product_brand?post=2023"},{"taxonomy":"product_cat","embeddable":true,"href":"https:\/\/pgvape.com\/sv\/wp-json\/wp\/v2\/product_cat?post=2023"},{"taxonomy":"product_tag","embeddable":true,"href":"https:\/\/pgvape.com\/sv\/wp-json\/wp\/v2\/product_tag?post=2023"}],"curies":[{"name":"wp","href":"https:\/\/api.w.org\/{rel}","templated":true}]}}