{"id":1912,"date":"2025-09-29T14:18:33","date_gmt":"2025-09-29T14:18:33","guid":{"rendered":"https:\/\/pgvape.com\/?post_type=product&#038;p=1912"},"modified":"2025-12-31T16:11:05","modified_gmt":"2025-12-31T16:11:05","slug":"bang-blaze-100000-100k-puffar-6-i-1-smaker-disponibel-vape-6-justerbara-smaker-led-smart-screen-vape-factory-direct","status":"publish","type":"product","link":"https:\/\/pgvape.com\/sv\/produkt\/bang-blaze-100000-100k-puffar-6-i-1-smaker-disponibel-vape-6-justerbara-smaker-led-smart-screen-vape-factory-direct\/","title":{"rendered":"Bang Blaze 100000 100k puffar 6 i 1 smaker Disponibel Vape 6 justerbara smaker LED Smart Screen Vape Factory Direct"},"content":{"rendered":"<p class=\"auto-hide-last-sibling-br paragraph-JOTKXA paragraph-element br-paragraph-space\"><strong data-sourcepos=\"6:5-6:46\">Bang Blaze 100K Puffs eng\u00e5ngsvape<\/strong> s\u00e4tter en ny branschstandard med en aldrig tidigare sk\u00e5dad <strong data-sourcepos=\"6:98-6:120\">100 000 bloss r\u00e4knas<\/strong>, som drivs av en innovativ <strong data-sourcepos=\"6:147-6:169\">trippeltanksystem<\/strong> och <strong data-sourcepos=\"6:174-6:194\">trippelmaskigt spole<\/strong> teknologi. <strong data-sourcepos=\"6:217-6:248\">6 anpassningsbara smakl\u00e4gen<\/strong> (individuella eller kombinerade smaker), <strong data-sourcepos=\"6:283-6:312\">2%\/3%\/5% nikotinalternativ<\/strong>, och en <strong data-sourcepos=\"6:321-6:352\">850mAh uppladdningsbart batteri<\/strong> med <strong data-sourcepos=\"6:358-6:382\">Typ-C snabbladdning<\/strong>, ger den h\u00e4r enheten ultimat m\u00e5ngsidighet. <strong data-sourcepos=\"6:431-6:452\">ljusstark LED-sk\u00e4rm<\/strong> ger realtids\u00f6vervakning av batteri, blossantal och smakl\u00e4ge, medan <strong data-sourcepos=\"6:530-6:564\">10 premium smakkombinationer<\/strong> tillgodose varje smak. <strong data-sourcepos=\"6:597-6:618\">10 stycken per kartong<\/strong>, den \u00e4r idealisk f\u00f6r \u00e5terf\u00f6rs\u00e4ljare och vapingentusiaster<\/p>\n<p>&nbsp;<\/p>\n<h2><span style=\"font-size: 90%;\">Bang Blaze 100000 | 100k puffar 6 i 1 smaker Disponibel Vape produktspecifikation<\/span><\/h2>\n<p><strong data-sourcepos=\"11:3-11:18\">Antal bloss:<\/strong>\u00a0<strong data-sourcepos=\"11:19-11:36\">100 000 puffar<\/strong>\u00a0(O\u00f6vertr\u00e4ffad livsl\u00e4ngd)<\/p>\n<p><strong data-sourcepos=\"12:3-12:16\">Nikotin:<\/strong>\u00a0<strong data-sourcepos=\"12:17-12:33\">2% \/ 3% \/ 5%<\/strong>\u00a0(Anpassningsbar intensitet)<\/p>\n<p><strong data-sourcepos=\"13:3-13:21\">Smaksystem: <\/strong><strong data-sourcepos=\"14:5-14:17\">6 l\u00e4gen:<\/strong>\u00a0<strong data-sourcepos=\"14:18-14:44\">A, B, C, A+B, A+C, B+C<\/strong>\u00a0(Blanda och matcha smaker)<\/p>\n<p><strong data-sourcepos=\"15:5-15:25\">Tredubbla oljetankar<\/strong>\u00a0(St\u00f6der kombinationer av flera smaker)<\/p>\n<p><strong data-sourcepos=\"16:3-16:12\">Spole:<\/strong>\u00a0<strong data-sourcepos=\"16:13-16:28\">Trippeln\u00e4t<\/strong>\u00a0(Snabbare uppv\u00e4rmning, 30% mer smakintensitet)<\/p>\n<p><strong data-sourcepos=\"17:3-17:15\">Batteri:<\/strong>\u00a0<strong data-sourcepos=\"17:16-17:39\">850mAh uppladdningsbar<\/strong>\u00a0+\u00a0<strong data-sourcepos=\"17:42-17:66\">Typ-C snabbladdning<\/strong><\/p>\n<p><strong data-sourcepos=\"18:3-18:15\">Visa:<\/strong>\u00a0<strong data-sourcepos=\"18:16-18:30\">LED-sk\u00e4rm<\/strong>\u00a0(Sp\u00e5rning av anv\u00e4ndning i realtid)<\/p>\n<p><strong data-sourcepos=\"19:3-19:17\">F\u00f6rpackning:<\/strong>\u00a0<strong data-sourcepos=\"19:18-19:32\">10 st\/kartong<\/strong>\u00a0(Read f\u00f6r detaljhandel)<\/p>\n<h3><span style=\"font-size: 90%;\"><br \/>\nBang Blaze 100000 | 100k puffar 6 i 1 smaker Disponibel Vape smaklista<\/span><\/h3>\n<p data-start=\"2919\" data-end=\"3091\">1.<strong>Vattenmelon Ice &amp; Strawberry Mamba &amp; Strawberry Watermelon<\/strong><br data-start=\"2978\" data-end=\"2981\" \/>Vattenmelon Ice Strawberry Mamba &amp; Strawberry Watermelon Strawberry Mamba &amp; Strawberry Watermelon Strawberry Mamba<\/p>\n<p data-start=\"3096\" data-end=\"3248\"><strong>2. Fuji Ice &amp; Apple Grape &amp; Cherry Granat\u00e4pple<\/strong><br data-start=\"3141\" data-end=\"3144\" \/>Fuji Ice Apple Grape &amp; Cherry Granat\u00e4pple Fuji Ice &amp; Cherry Granat\u00e4pple Apple Grape<\/p>\n<p data-start=\"3253\" data-end=\"3401\"><strong>3.Blueberry Ice &amp; Raspberry Citron &amp; Watermelon Bubblegum<\/strong><br data-start=\"3309\" data-end=\"3312\" \/>Blueberry Ice Hallon Citron &amp; Watermelon Bubblegum Blueberry Ice &amp; Watermelon Bubblegum Hallon Citron<\/p>\n<p data-start=\"3406\" data-end=\"3572\"><strong>4.Bl\u00e5b\u00e4r Hallon &amp; syrliga ananas Apelsiner &amp; hallon Vattenmeloner<\/strong><br data-start=\"3483\" data-end=\"3486\" \/>Bl\u00e5b\u00e4r Hallon Syrliga Ananas Apelsiner &amp; Bl\u00e5b\u00e4r Hallon Hallon Vattenmeloner &amp; Syrliga Ananas Apelsiner Hallon Vattenmelon<\/p>\n<p data-start=\"3577\" data-end=\"3717\"><strong>5. Grape Ice &amp; Mango Peach &amp; Blueberry Watermelon<\/strong><br data-start=\"3625\" data-end=\"3628\" \/>Grape Ice Mango Peach &amp; Blueberry Watermelon Grape Ice &amp; Blueberry Watermelon &amp; Mango Peach<\/p>\n<p data-start=\"3722\" data-end=\"3874\"><strong>6. Strawberry Ice &amp; Peach Citron &amp; Kiwi Passion Fruit Guava<\/strong><br data-start=\"3779\" data-end=\"3782\" \/>Strawberry Ice Peach Citron &amp; Kiwi Passionsfrukt Guava Strawberry Ice &amp; Kiwi Passionsfrukt Guava &amp; Peach Citron<\/p>\n<p data-start=\"3879\" data-end=\"4025\"><strong>7.Ananas Kokos &amp; Blueberry Red Bull &amp; Watermelon Ice<\/strong><br \/>\nAnanas Coconut Blueberry Red Bull &amp; Watermelon Ice Ananas Coconut &amp; Watermelon Ice Blueberry Red Bull<\/p>\n<p data-start=\"4030\" data-end=\"4162\"><strong>8.Strawberry Kiwi &amp; Blueberry Coconut &amp; Mixed Berry<\/strong><br \/>\nJordgubbskiwi Bl\u00e5b\u00e4r kokosn\u00f6t &amp; blandad b\u00e4r Jordgubbskiwi &amp; blandad b\u00e4r bl\u00e5b\u00e4r kokosn\u00f6t<\/p>\n<p data-start=\"4167\" data-end=\"4306\"><strong>9.Citronromantik &amp; bl\u00e5b\u00e4rshallon &amp; persikamentol<\/strong><br \/>\nLemon Romance Blueberry Hallon &amp; Peach Menthol Citron Romance &amp; Peach Menthol Bl\u00e5b\u00e4r Hallon<\/p>\n<p data-start=\"4312\" data-end=\"4462\"><strong>10.Peach Ice &amp; Svarta vinb\u00e4r Ananas Ice &amp; Green Apple Kiwi<\/strong><br \/>\nPeach Ice Svartvinb\u00e4r Ananas Ice &amp; Green Apple Kiwi Peach Ice &amp; Green Apple Kiwi &amp; Svartvinb\u00e4r Ananas Ice<\/p>\n<p><img loading=\"lazy\" decoding=\"async\" class=\"alignnone wp-image-1919 size-full\" src=\"https:\/\/pgvape.com\/wp-content\/uploads\/2025\/09\/Bang-Blaze-100k-Puffs-6-in-1-Flavors-Disposable-Vape-6-Adjustable-Flavors-0-2-3-5-Nicotine-10Tastes-LED-Smart-Screen-Vape-Factory-Direct-5.png\" alt=\"Affischliknande rutn\u00e4t med tolv f\u00e4rgglada eng\u00e5ngsvape-enheter med gradient p\u00e5 en ljusbl\u00e5 bakgrund, var och en med ett stiliserat tecknat aphuvud, en framtr\u00e4dande &quot;6in1&quot;-etikett, digitala indikatorikoner n\u00e4ra basen och sm\u00e5 tryckta listor med sex smaknamn under varje enhet.\" width=\"1400\" height=\"1900\" srcset=\"https:\/\/pgvape.com\/wp-content\/uploads\/2025\/09\/Bang-Blaze-100k-Puffs-6-in-1-Flavors-Disposable-Vape-6-Adjustable-Flavors-0-2-3-5-Nicotine-10Tastes-LED-Smart-Screen-Vape-Factory-Direct-5.png 1400w, https:\/\/pgvape.com\/wp-content\/uploads\/2025\/09\/Bang-Blaze-100k-Puffs-6-in-1-Flavors-Disposable-Vape-6-Adjustable-Flavors-0-2-3-5-Nicotine-10Tastes-LED-Smart-Screen-Vape-Factory-Direct-5-265x360.png 265w, https:\/\/pgvape.com\/wp-content\/uploads\/2025\/09\/Bang-Blaze-100k-Puffs-6-in-1-Flavors-Disposable-Vape-6-Adjustable-Flavors-0-2-3-5-Nicotine-10Tastes-LED-Smart-Screen-Vape-Factory-Direct-5-595x808.png 595w, https:\/\/pgvape.com\/wp-content\/uploads\/2025\/09\/Bang-Blaze-100k-Puffs-6-in-1-Flavors-Disposable-Vape-6-Adjustable-Flavors-0-2-3-5-Nicotine-10Tastes-LED-Smart-Screen-Vape-Factory-Direct-5-295x400.png 295w, https:\/\/pgvape.com\/wp-content\/uploads\/2025\/09\/Bang-Blaze-100k-Puffs-6-in-1-Flavors-Disposable-Vape-6-Adjustable-Flavors-0-2-3-5-Nicotine-10Tastes-LED-Smart-Screen-Vape-Factory-Direct-5-768x1042.png 768w, https:\/\/pgvape.com\/wp-content\/uploads\/2025\/09\/Bang-Blaze-100k-Puffs-6-in-1-Flavors-Disposable-Vape-6-Adjustable-Flavors-0-2-3-5-Nicotine-10Tastes-LED-Smart-Screen-Vape-Factory-Direct-5-1132x1536.png 1132w, https:\/\/pgvape.com\/wp-content\/uploads\/2025\/09\/Bang-Blaze-100k-Puffs-6-in-1-Flavors-Disposable-Vape-6-Adjustable-Flavors-0-2-3-5-Nicotine-10Tastes-LED-Smart-Screen-Vape-Factory-Direct-5-9x12.png 9w, https:\/\/pgvape.com\/wp-content\/uploads\/2025\/09\/Bang-Blaze-100k-Puffs-6-in-1-Flavors-Disposable-Vape-6-Adjustable-Flavors-0-2-3-5-Nicotine-10Tastes-LED-Smart-Screen-Vape-Factory-Direct-5-600x814.png 600w, https:\/\/pgvape.com\/wp-content\/uploads\/2025\/09\/Bang-Blaze-100k-Puffs-6-in-1-Flavors-Disposable-Vape-6-Adjustable-Flavors-0-2-3-5-Nicotine-10Tastes-LED-Smart-Screen-Vape-Factory-Direct-5-29x40.png 29w\" sizes=\"auto, (max-width: 1400px) 100vw, 1400px\" \/><\/p>\n<p>&nbsp;<\/p>\n<h3><span style=\"font-size: 90%;\">Bang Blaze 100000 | 100k puffar 6 i 1 smaker Disponibel Vape Video:<br \/>\n<iframe loading=\"lazy\" title=\"Bang Blaze 100000 | 100k puffar 6 i 1 smaker disponibel vape | 6 justerbara smaker pgvape\" width=\"563\" height=\"1000\" src=\"https:\/\/www.youtube.com\/embed\/snQfI0OQlIA?feature=oembed\" frameborder=\"0\" allow=\"accelerometer; autoplay; clipboard-write; encrypted-media; gyroscope; picture-in-picture; web-share\" referrerpolicy=\"strict-origin-when-cross-origin\" allowfullscreen><\/iframe><br \/>\n<\/span><\/h3>\n<p>&nbsp;<\/p>\n<h2 class=\"header-vfC6AV auto-hide-last-sibling-br\">Vanliga fr\u00e5gor om Bang Blaze 100000 | 100k puffar 6 i 1 smaker disponibel vape<\/h2>\n<p data-sourcepos=\"38:1-39:82\">\u2753 <strong data-sourcepos=\"38:3-38:38\">Hur uppn\u00e5r den 100K bloss?<\/strong><br \/>\n\u2705 <strong data-sourcepos=\"39:3-39:27\">Tredubbel tankkapacitet<\/strong> + <strong data-sourcepos=\"39:30-39:61\">effektiva trippelmaskiga spolar<\/strong> maximera livsl\u00e4ngden.<\/p>\n<p data-sourcepos=\"41:1-42:93\">\u2753 <strong data-sourcepos=\"41:3-41:41\">Kan jag skapa anpassade smakblandningar?<\/strong><br \/>\n\u2705 Blanda <strong data-sourcepos=\"42:7-42:26\">valfri 2-3 smaker<\/strong> fr\u00e5n tankarna (t.ex., <strong data-sourcepos=\"42:49-42:89\">Blueberry Ice + Watermelon Bubblegum<\/strong>).<\/p>\n<p data-sourcepos=\"44:1-45:102\">\u2753 <strong data-sourcepos=\"44:3-44:43\">\u00c4r \u00e5ngproduktionen exceptionell?<\/strong><br \/>\n\u2705 <strong data-sourcepos=\"45:3-45:24\">Trippelmaskiga spolar<\/strong> leverera <strong data-sourcepos=\"45:33-45:50\">t\u00e4tare moln<\/strong> och <strong data-sourcepos=\"45:55-45:74\">40% mer smak<\/strong> j\u00e4mf\u00f6rt med vanliga eng\u00e5ngsartiklar.<\/p>\n<p data-sourcepos=\"47:1-48:71\">\u2753 <strong data-sourcepos=\"47:3-47:31\">Hur snabbt laddas den?<\/strong><br \/>\n\u2705 <strong data-sourcepos=\"48:3-48:18\">Typ-C-port<\/strong> tankar <strong data-sourcepos=\"48:31-48:49\">850mAh batteri<\/strong> i <strong data-sourcepos=\"48:53-48:68\">~40 minuter<\/strong>.<\/p>\n<p data-sourcepos=\"50:1-51:93\">\u2753 <strong data-sourcepos=\"50:3-50:26\">Vem \u00e4r det b\u00e4st f\u00f6r?<br \/>\n<\/strong> \u2705 <strong data-sourcepos=\"51:3-51:20\">Molnjagare<\/strong> vill ha extremt l\u00e5ng livsl\u00e4ngd + <strong data-sourcepos=\"51:49-51:62\">\u00e5terf\u00f6rs\u00e4ljare<\/strong> s\u00f6ker premium eng\u00e5ngsartiklar<\/p>\n<p>&nbsp;<\/p>\n<h3 id=\"brxe-najhln\" class=\"brxe-heading\">Vanliga fr\u00e5gor (FAQ)<\/h3>\n<div id=\"brxe-rajiac\" class=\"brxe-text\">\n<p><strong>F: Vilka betalningsmetoder accepterar du?<\/strong><br \/>\nS: Vi accepterar PayPal, Stripe, bank\u00f6verf\u00f6ringar (st\u00f6ds med SEPA), vanliga kreditkort (Visa, MasterCard, American Express) och betalningar i kryptovaluta.<\/p>\n<p><strong>F: Hur l\u00e5ng tid tar best\u00e4llningsberedningen?<\/strong><br \/>\nS: Best\u00e4llningsf\u00f6rberedelse tar 1-3 arbetsdagar.<\/p>\n<p><strong>F: Vad \u00e4r leveranstiden?<\/strong><br \/>\nS: Leveranstiden \u00e4r 7-14 arbetsdagar, beroende p\u00e5 var du befinner dig.<\/p>\n<p><strong>F: Hur kan jag sp\u00e5ra min best\u00e4llning?<\/strong><br \/>\nS: Efter leverans kommer du att f\u00e5 ett bekr\u00e4ftelsemail med ett sp\u00e5rningsnummer f\u00f6r sp\u00e5rning i realtid.<\/p>\n<p><strong>F: Vilken \u00e4r din returpolicy?<\/strong><br \/>\nS: Vi erbjuder en 30-dagars returpolicy f\u00f6r \u00e5terbetalningar eller byten. .<\/p>\n<p><strong>F: Kommer det att finnas n\u00e5gra tullproblem?<br \/>\n<\/strong>Vi hanterar alla tullf\u00f6rfaranden f\u00f6r att s\u00e4kerst\u00e4lla en problemfri upplevelse f\u00f6r dig. .<\/p>\n<p><strong>F: Vilka frakts\u00e4tt anv\u00e4nds?<\/strong><br \/>\nVi samarbetar med UPS\/DHL\/FEDEX\/DPD, etc. Vi kommer att v\u00e4lja l\u00e4mpligt fraktalternativ beroende p\u00e5 leveransland f\u00f6r att s\u00e4kerst\u00e4lla att du f\u00e5r dina produkter s\u00e5 snabbt som m\u00f6jligt.<\/p>\n<p><a href=\"https:\/\/pgvape.com\/sv\/vanliga-fragor\/\">Klicka h\u00e4r f\u00f6r mer FAQ<\/a><\/p>\n<p>K\u00e4ra kunder, Om du har n\u00e5gra fr\u00e5gor om din best\u00e4llning eller ankomsten av varor, v\u00e4nligen kontakta v\u00e5r kundtj\u00e4nst. Tack!<\/p>\n<h3 data-sourcepos=\"73:1-73:21\"><strong data-sourcepos=\"73:7-73:21\">Kontakta oss<\/strong><\/h3>\n<div id=\"text-2419739398\" class=\"text\">\n<p><strong data-sourcepos=\"75:3-75:12\">E-post<\/strong>:\u00a0<a href=\"mailto:support@pgvape.com\"><strong>support@pgvape.com<\/strong><\/a><\/p>\n<p><strong data-sourcepos=\"76:3-76:15\">WhatsApp<\/strong>: <a href=\"https:\/\/wa.me\/+8618128481258\"><strong>+86 18128481258<\/strong><\/a><br \/>\n<strong>(Svara inom 24 timmar p\u00e5 arbetsdagar)<\/strong><\/p>\n<\/div>\n<h3><strong>Tack f\u00f6r att du valde pgvape.com! .<\/strong><\/h3>\n<\/div>","protected":false},"excerpt":{"rendered":"<p>Med <strong data-sourcepos=\"56:6-56:20\">100K bloss<\/strong>, <strong data-sourcepos=\"56:22-56:40\">6 smakl\u00e4gen<\/strong>, och <strong data-sourcepos=\"56:46-56:72\">trippeltanksteknik<\/strong>, den <strong data-sourcepos=\"56:78-56:97\">Bang Blaze 100K<\/strong> dominerar den exklusiva eng\u00e5ngsmarknaden. <strong data-sourcepos=\"56:140-56:159\">10 smaktrior<\/strong> och <strong data-sourcepos=\"56:164-56:186\">smart LED-sp\u00e5rning<\/strong> erbjuder o\u00f6vertr\u00e4ffad anpassning.<\/p>","protected":false},"featured_media":1915,"comment_status":"open","ping_status":"closed","template":"","meta":{"_seopress_robots_primary_cat":"none","_seopress_titles_title":"%%post_title%% %%sep%% %%sitetitle%%","_seopress_titles_desc":"","_seopress_robots_index":""},"product_brand":[49,516],"product_cat":[170,33,515],"product_tag":[171,169,172,122,163,108,77,173,167,109],"class_list":{"0":"post-1912","1":"product","2":"type-product","3":"status-publish","4":"has-post-thumbnail","6":"product_brand-bang-blaze-vape","7":"product_brand-disposable-vape","8":"product_cat-100k-puffs-vape","9":"product_cat-bang-blaze-vape","10":"product_cat-disposable-vape","11":"product_tag-100k","12":"product_tag-10tastes","13":"product_tag-6-adjustable-flavors","14":"product_tag-6-in-1","15":"product_tag-bang-blaze","16":"product_tag-disposable","17":"product_tag-flavors","18":"product_tag-led-smart-screen","19":"product_tag-puffs","20":"product_tag-vape","22":"first","23":"instock","24":"sale","25":"shipping-taxable","26":"purchasable","27":"product-type-variable"},"_links":{"self":[{"href":"https:\/\/pgvape.com\/sv\/wp-json\/wp\/v2\/product\/1912","targetHints":{"allow":["GET"]}}],"collection":[{"href":"https:\/\/pgvape.com\/sv\/wp-json\/wp\/v2\/product"}],"about":[{"href":"https:\/\/pgvape.com\/sv\/wp-json\/wp\/v2\/types\/product"}],"replies":[{"embeddable":true,"href":"https:\/\/pgvape.com\/sv\/wp-json\/wp\/v2\/comments?post=1912"}],"wp:featuredmedia":[{"embeddable":true,"href":"https:\/\/pgvape.com\/sv\/wp-json\/wp\/v2\/media\/1915"}],"wp:attachment":[{"href":"https:\/\/pgvape.com\/sv\/wp-json\/wp\/v2\/media?parent=1912"}],"wp:term":[{"taxonomy":"product_brand","embeddable":true,"href":"https:\/\/pgvape.com\/sv\/wp-json\/wp\/v2\/product_brand?post=1912"},{"taxonomy":"product_cat","embeddable":true,"href":"https:\/\/pgvape.com\/sv\/wp-json\/wp\/v2\/product_cat?post=1912"},{"taxonomy":"product_tag","embeddable":true,"href":"https:\/\/pgvape.com\/sv\/wp-json\/wp\/v2\/product_tag?post=1912"}],"curies":[{"name":"wp","href":"https:\/\/api.w.org\/{rel}","templated":true}]}}