{"id":1799,"date":"2025-09-29T09:55:39","date_gmt":"2025-09-29T09:55:39","guid":{"rendered":"https:\/\/pgvape.com\/?post_type=product&#038;p=1799"},"modified":"2026-03-26T16:32:55","modified_gmt":"2026-03-26T16:32:55","slug":"airmez-fox-80000-80k-puffar-2-i-1-dubbla-smaker-engangs-vape-smart-led-display-vape-factory-direct","status":"publish","type":"product","link":"https:\/\/pgvape.com\/sv\/produkt\/airmez-fox-80000-80k-puffar-2-i-1-dubbla-smaker-engangs-vape-smart-led-display-vape-factory-direct\/","title":{"rendered":"Airmez Fox 80000 80k Puffar 2 i 1 Dual Flavors Disponibel Vape Smart LED Display Vape Factory Direct"},"content":{"rendered":"<div class=\"auto-hide-last-sibling-br paragraph-JOTKXA paragraph-element br-paragraph-space\"><\/div>\n<div class=\"auto-hide-last-sibling-br paragraph-JOTKXA paragraph-element br-paragraph-space\"><strong data-sourcepos=\"2:5-2:52\">Airmez Fox 2-i-1 80K Puffs eng\u00e5ngsvape<\/strong> Erbjudanden <strong data-sourcepos=\"2:60-2:83\">O\u00f6vertr\u00e4ffad livsl\u00e4ngd<\/strong> Med <strong data-sourcepos=\"2:89-2:116\">80 000 ultral\u00e5nga puffar<\/strong> Och <strong data-sourcepos=\"2:121-2:150\">Dubbla 15 ml smakkammare<\/strong> (30 ml totalt). <strong data-sourcepos=\"2:176-2:195\">Dubbla Mesh Coils<\/strong> Och A <strong data-sourcepos=\"2:202-2:233\">650mAh uppladdningsbart batteri<\/strong>, det levererar <strong data-sourcepos=\"2:247-2:263\">Smidig \u00e5nga<\/strong> Och <strong data-sourcepos=\"2:268-2:283\">Rik smak<\/strong>. <strong data-sourcepos=\"2:302-2:326\">Typ-C snabbladdning<\/strong>, <strong data-sourcepos=\"2:328-2:349\">Smart LED-sk\u00e4rm<\/strong>, Och <strong data-sourcepos=\"2:355-2:388\">Omedelbar Dual Flavor Switching<\/strong>. <strong data-sourcepos=\"2:403-2:437\">10 premium smakkombinationer<\/strong> F\u00f6r Ultimate Variety.<\/div>\n<h2><span style=\"font-size: 90%;\"><br \/>\nAirmez Fox 80000 | 80k puffar 2 i 1 Dual Flavors Disponibel Vape Produktspecifikation<\/span><\/h2>\n<p><strong data-sourcepos=\"7:3-7:17\">Puff Count<\/strong>:\u00a0<strong data-sourcepos=\"7:19-7:35\">80 000 puffar<\/strong><\/p>\n<p><strong data-sourcepos=\"8:3-8:15\">Nikotin<\/strong>:\u00a0<strong data-sourcepos=\"8:17-8:32\">2% Styrka<\/strong><\/p>\n<p><strong data-sourcepos=\"9:3-9:15\">E-v\u00e4tska<\/strong>:\u00a0<strong data-sourcepos=\"9:17-9:48\">30mL (15mL\u00d72 dubbla kamrar)<\/strong><\/p>\n<p><strong data-sourcepos=\"10:3-10:11\">Spole<\/strong>:\u00a0<strong data-sourcepos=\"10:13-10:32\">Dubbla Mesh Coils<\/strong><\/p>\n<p><strong data-sourcepos=\"11:3-11:14\">Batteri<\/strong>:\u00a0<strong data-sourcepos=\"11:16-11:39\">650mAh uppladdningsbar<\/strong><\/p>\n<p><strong data-sourcepos=\"12:3-12:15\">Laddar<\/strong>:\u00a0<strong data-sourcepos=\"12:17-12:41\">Typ-C snabbladdning<\/strong><\/p>\n<p><strong data-sourcepos=\"13:3-13:14\">Visa<\/strong>:\u00a0<strong data-sourcepos=\"13:16-13:49\">LED-sk\u00e4rm (Batteri\/E-Liquid)<\/strong><\/p>\n<p><strong data-sourcepos=\"14:3-14:20\">Smaksystem<\/strong>:\u00a0<strong data-sourcepos=\"14:22-14:47\">Dubbel smakv\u00e4xling<\/strong><\/p>\n<h3><span style=\"font-size: 90%;\"><br \/>\nAirmez Fox 80000 | 80k puffar 2 i 1 dubbla smaker disponibel vape smaklista<\/span><\/h3>\n<p>1. Jordgubbsvattenmelon &amp; jordgubbshallon<\/p>\n<p>2.Blue Razz Lemonade &amp; Blue Razz<\/p>\n<p>3.Blueberry On Ice &amp; Blueberry Raspberry<\/p>\n<p>4.Strawberry Kiwi &amp; Strawberry Ice<\/p>\n<p>5. Watermelon Ice &amp; Raspberry Watermelon<\/p>\n<p>6.B\u00e4rlemonad &amp; citronlime<\/p>\n<p>7. Tropisk frukt och k\u00e4rlek 66<\/p>\n<p>8.Peach Ice &amp; Mango Peach<\/p>\n<p>9.Blandade b\u00e4r &amp; Dr Blue<\/p>\n<p>10. Grape Ice &amp; Black Ice<\/p>\n<p>&nbsp;<\/p>\n<h3><span style=\"font-size: 90%;\">Airmez Fox 80000 | 80k Puffar 2 i 1 Dual Flavors Disponibel Vape Video:<br \/>\n<iframe loading=\"lazy\" title=\"Airmez Fox 80000 | 80k puffar 2 i 1 Dual Flavors Disponibel Vape | Vape Factory Direct pgvape\" width=\"1020\" height=\"574\" src=\"https:\/\/www.youtube.com\/embed\/wPpbJCsTXZs?feature=oembed\" frameborder=\"0\" allow=\"accelerometer; autoplay; clipboard-write; encrypted-media; gyroscope; picture-in-picture; web-share\" referrerpolicy=\"strict-origin-when-cross-origin\" allowfullscreen><\/iframe><br \/>\n<\/span><\/h3>\n<p>&nbsp;<\/p>\n<h2 class=\"header-vfC6AV auto-hide-last-sibling-br\"><span style=\"font-size: 90%;\">Vanliga fr\u00e5gor om Airmez Fox 80000 | 80k Puffs 2 i 1 Dual Flavors Disponibel Vape<\/span><\/h2>\n<p data-sourcepos=\"33:1-34:85\">\u2753 <strong data-sourcepos=\"33:3-33:52\">Vad g\u00f6r 80 000 Puff Count speciellt?<\/strong><br \/>\n\u2705 <strong data-sourcepos=\"34:3-34:32\">Branschledande kapacitet<\/strong> \u2013 H\u00e5ller <strong data-sourcepos=\"34:41-34:56\">4-5x l\u00e4ngre<\/strong> \u00c4n standard eng\u00e5ngsartiklar.<\/p>\n<p data-sourcepos=\"36:1-37:85\">\u2753 <strong data-sourcepos=\"36:3-36:48\">Hur fungerar systemet med dubbla smaker?<\/strong><br \/>\n\u2705 <strong data-sourcepos=\"37:3-37:83\">V\u00e4xla direkt mellan tv\u00e5 premiumsmaker med en enkel knapptryckning.<\/strong><\/p>\n<p data-sourcepos=\"39:1-40:97\">\u2753 <strong data-sourcepos=\"39:3-39:49\">\u00c4r 650mAh-batteriet tillr\u00e4ckligt kraftfullt?<\/strong><br \/>\n\u2705 <strong data-sourcepos=\"40:3-40:31\">Optimerad f\u00f6r effektivitet<\/strong> \u2013 H\u00e5ller <strong data-sourcepos=\"40:40-40:51\">2+ dagar<\/strong> Per Laddning Med <strong data-sourcepos=\"40:68-40:92\">Typ-C snabbladdning<\/strong>.**<\/p>\n<p data-sourcepos=\"42:1-43:89\">\u2753 <strong data-sourcepos=\"42:3-42:40\">Visar det e-v\u00e4tskeniv\u00e5er?<\/strong><br \/>\n\u2705 <strong data-sourcepos=\"43:3-43:29\">Ja!<\/strong> Sp\u00e5r <strong data-sourcepos=\"43:37-43:61\">B\u00e5da smakkammare<\/strong> Och <strong data-sourcepos=\"43:66-43:84\">Batteristatus<\/strong>.**<\/p>\n<p data-sourcepos=\"45:1-46:82\">\u2753 <strong data-sourcepos=\"45:3-45:42\">Varf\u00f6r v\u00e4lja tv\u00e5kammardesign?<\/strong><br \/>\n\u2705 <strong data-sourcepos=\"46:3-46:29\">F\u00f6rhindrar smakblandning<\/strong> N\u00e4r du erbjuder <strong data-sourcepos=\"46:45-46:77\">Ut\u00f6kad total kapacitet p\u00e5 30 ml<\/strong>.**<\/p>\n<p>&nbsp;<\/p>\n<h3 id=\"brxe-najhln\" class=\"brxe-heading\">Vanliga fr\u00e5gor (FAQ)<\/h3>\n<div id=\"brxe-rajiac\" class=\"brxe-text\">\n<p><strong>F: Vilka betalningsmetoder accepterar du?<\/strong><br \/>\nS: Vi accepterar PayPal, Stripe, bank\u00f6verf\u00f6ringar (st\u00f6ds med SEPA), vanliga kreditkort (Visa, MasterCard, American Express) och betalningar i kryptovaluta.<\/p>\n<p><strong>F: Hur l\u00e5ng tid tar best\u00e4llningsberedningen?<\/strong><br \/>\nS: Best\u00e4llningsf\u00f6rberedelse tar 1-3 arbetsdagar.<\/p>\n<p><strong>F: Vad \u00e4r leveranstiden?<\/strong><br \/>\nS: Leveranstiden \u00e4r 7-14 arbetsdagar, beroende p\u00e5 var du befinner dig.<\/p>\n<p><strong>F: Hur kan jag sp\u00e5ra min best\u00e4llning?<\/strong><br \/>\nS: Efter leverans kommer du att f\u00e5 ett bekr\u00e4ftelsemail med ett sp\u00e5rningsnummer f\u00f6r sp\u00e5rning i realtid.<\/p>\n<p><strong>F: Vilken \u00e4r din returpolicy?<\/strong><br \/>\nS: Vi erbjuder en 30-dagars returpolicy f\u00f6r \u00e5terbetalningar eller byten. .<\/p>\n<p><strong>F: Kommer det att finnas n\u00e5gra tullproblem?<br \/>\n<\/strong>Vi hanterar alla tullf\u00f6rfaranden f\u00f6r att s\u00e4kerst\u00e4lla en problemfri upplevelse f\u00f6r dig. .<\/p>\n<p><strong>F: Vilka frakts\u00e4tt anv\u00e4nds?<\/strong><br \/>\nVi samarbetar med UPS\/DHL\/FEDEX\/DPD, etc. Vi kommer att v\u00e4lja l\u00e4mpligt fraktalternativ beroende p\u00e5 leveransland f\u00f6r att s\u00e4kerst\u00e4lla att du f\u00e5r dina produkter s\u00e5 snabbt som m\u00f6jligt.<\/p>\n<p><a href=\"https:\/\/pgvape.com\/sv\/vanliga-fragor\/\">Klicka h\u00e4r f\u00f6r mer FAQ<\/a><\/p>\n<p>K\u00e4ra kunder, Om du har n\u00e5gra fr\u00e5gor om din best\u00e4llning eller ankomsten av varor, v\u00e4nligen kontakta v\u00e5r kundtj\u00e4nst. Tack!<\/p>\n<h3 data-sourcepos=\"73:1-73:21\"><strong data-sourcepos=\"73:7-73:21\">Kontakta oss<\/strong><\/h3>\n<div id=\"text-2419739398\" class=\"text\">\n<p><strong data-sourcepos=\"75:3-75:12\">E-post<\/strong>:\u00a0<a href=\"mailto:support@pgvape.com\"><strong>support@pgvape.com<\/strong><\/a><\/p>\n<p><strong data-sourcepos=\"76:3-76:15\">WhatsApp<\/strong>: <a href=\"https:\/\/wa.me\/+8618128481258\"><strong>+86 18128481258<\/strong><\/a><br \/>\n<strong>(Svara inom 24 timmar p\u00e5 arbetsdagar)<\/strong><\/p>\n<\/div>\n<h3><strong>Tack f\u00f6r att du valde pgvape.com! .<\/strong><\/h3>\n<\/div>","protected":false},"excerpt":{"rendered":"<p><strong data-sourcepos=\"51:1-51:216\">\u201cAirmez Fox 2-i-1: Den ultimata eng\u00e5ngsvapen med dubbla smaker med 80K puffar, 30 ml kapacitet och 10 smakkombinationer - Drivs av 650 mAh batteri och dubbla mesh-spolar f\u00f6r rik, j\u00e4mn \u00e5nga.\u201d<\/strong><\/p>","protected":false},"featured_media":1803,"comment_status":"open","ping_status":"closed","template":"","meta":{"_seopress_robots_primary_cat":"none","_seopress_titles_title":"%%post_title%% %%sep%% %%sitetitle%%","_seopress_titles_desc":"","_seopress_robots_index":""},"product_brand":[154,516],"product_cat":[41,155,515],"product_tag":[159,161,160,44,156,108,66,157,203,143,109],"class_list":{"0":"post-1799","1":"product","2":"type-product","3":"status-publish","4":"has-post-thumbnail","6":"product_brand-airmez-fox-vape","7":"product_brand-disposable-vape","8":"product_cat-80k-puffs-vape","9":"product_cat-airmez-fox-vape","10":"product_cat-disposable-vape","11":"product_tag-10-tastes","12":"product_tag-2-in-1","13":"product_tag-160","14":"product_tag-80k-puffs","15":"product_tag-airmez","16":"product_tag-disposable","17":"product_tag-dual-flavors","18":"product_tag-fox","19":"product_tag-shipment-from-eu","20":"product_tag-smart-led-display","21":"product_tag-vape","23":"first","24":"instock","25":"sale","26":"shipping-taxable","27":"purchasable","28":"product-type-variable"},"_links":{"self":[{"href":"https:\/\/pgvape.com\/sv\/wp-json\/wp\/v2\/product\/1799","targetHints":{"allow":["GET"]}}],"collection":[{"href":"https:\/\/pgvape.com\/sv\/wp-json\/wp\/v2\/product"}],"about":[{"href":"https:\/\/pgvape.com\/sv\/wp-json\/wp\/v2\/types\/product"}],"replies":[{"embeddable":true,"href":"https:\/\/pgvape.com\/sv\/wp-json\/wp\/v2\/comments?post=1799"}],"wp:featuredmedia":[{"embeddable":true,"href":"https:\/\/pgvape.com\/sv\/wp-json\/wp\/v2\/media\/1803"}],"wp:attachment":[{"href":"https:\/\/pgvape.com\/sv\/wp-json\/wp\/v2\/media?parent=1799"}],"wp:term":[{"taxonomy":"product_brand","embeddable":true,"href":"https:\/\/pgvape.com\/sv\/wp-json\/wp\/v2\/product_brand?post=1799"},{"taxonomy":"product_cat","embeddable":true,"href":"https:\/\/pgvape.com\/sv\/wp-json\/wp\/v2\/product_cat?post=1799"},{"taxonomy":"product_tag","embeddable":true,"href":"https:\/\/pgvape.com\/sv\/wp-json\/wp\/v2\/product_tag?post=1799"}],"curies":[{"name":"wp","href":"https:\/\/api.w.org\/{rel}","templated":true}]}}