{"id":1650,"date":"2025-09-28T14:42:20","date_gmt":"2025-09-28T14:42:20","guid":{"rendered":"https:\/\/pgvape.com\/?post_type=product&#038;p=1650"},"modified":"2025-12-15T13:23:31","modified_gmt":"2025-12-15T13:23:31","slug":"randm-digitalbox-12000-12k-puffar-engangs-vape-led-display-vape-fabrik-direkt","status":"publish","type":"product","link":"https:\/\/pgvape.com\/sv\/produkt\/randm-digitalbox-12000-12k-puffar-engangs-vape-led-display-vape-fabrik-direkt\/","title":{"rendered":"RandM Digital Box 12000 12K Puffs Disposable Vape LED Display Vape Factory Direct"},"content":{"rendered":"<div class=\"auto-hide-last-sibling-br paragraph-JOTKXA paragraph-element br-paragraph-space\"><strong data-sourcepos=\"6:5-6:32\">RandM Digital Box 12000<\/strong> omdefinierar vaping med <strong data-sourcepos=\"6:55-6:71\">12 000 bloss<\/strong>, a <strong data-sourcepos=\"6:75-6:101\">20 ml e-v\u00e4tska kapacitet<\/strong>, och <strong data-sourcepos=\"6:107-6:147\">\u00f6vervakning av batteri\/e-juice i realtid<\/strong> via dess <strong data-sourcepos=\"6:156-6:175\">digital display<\/strong>. <strong data-sourcepos=\"6:213-6:242\">0%\/2%\/3%\/5% nikotinsalt<\/strong> alternativ och <strong data-sourcepos=\"6:255-6:269\">40 smaker<\/strong>, drivs av en <strong data-sourcepos=\"6:285-6:316\">850mAh uppladdningsbart batteri<\/strong> med <strong data-sourcepos=\"6:322-6:341\">Typ-C laddning<\/strong>. <strong data-sourcepos=\"6:355-6:381\">Displayl\u00e5dor i 10 delar<\/strong> (eller <strong data-sourcepos=\"6:386-6:406\">200-enheter kartonger<\/strong><span class=\"CustomP_animated_char__m3r9w\">)<\/span><span class=\"CustomP_animated_char__m3r9w\">,<\/span><span class=\"CustomP_animated_char__m3r9w\">\u00a0<\/span><span class=\"CustomP_animated_char__m3r9w\">det<\/span><span class=\"CustomP_animated_char__m3r9w\">\u2019<\/span><span class=\"CustomP_animated_char__m3r9w\">s<\/span><span class=\"CustomP_animated_char__m3r9w\">\u00a0<\/span><span class=\"CustomP_animated_char__m3r9w\">idealisk<\/span><span class=\"CustomP_animated_char__m3r9w\">\u00a0<\/span><span class=\"CustomP_animated_char__m3r9w\">f\u00f6r<\/span><span class=\"CustomP_animated_char__m3r9w\">\u00a0<\/span><span class=\"CustomP_animated_char__m3r9w\">b\u00e5de<\/span><span class=\"CustomP_animated_char__m3r9w\">\u00a0<\/span><span class=\"CustomP_animated_char__m3r9w\">personlig<\/span><span class=\"CustomP_animated_char__m3r9w\">\u00a0<\/span><span class=\"CustomP_animated_char__m3r9w\">anv\u00e4nda<\/span><span class=\"CustomP_animated_char__m3r9w\">\u00a0<\/span><span class=\"CustomP_animated_char__m3r9w\">och<\/span><span class=\"CustomP_animated_char__m3r9w\">\u00a0<\/span><span class=\"CustomP_animated_char__m3r9w\">bulk<\/span><span class=\"CustomP_animated_char__m3r9w\">\u00a0<\/span><span class=\"CustomP_animated_char__m3r9w\">f\u00f6rs\u00e4ljning<\/span><span class=\"CustomP_animated_char__m3r9w\">.<\/span><\/div>\n<p>&nbsp;<\/p>\n<h2><span style=\"font-size: 90%;\">RandM Digital Box 12000 | 12K puffar Disposable Vape Produktspecifikation<\/span><\/h2>\n<p><strong data-sourcepos=\"11:3-11:25\">Nikotinstyrka:<\/strong>\u00a0<strong data-sourcepos=\"11:26-11:47\">0% \/ 2% \/ 3% \/ 5%<\/strong>\u00a0(Fr\u00e5n noll-nic till stark halstr\u00e4ff)<\/p>\n<p><strong data-sourcepos=\"12:3-12:25\">E-v\u00e4tskekapacitet:<\/strong>\u00a0<strong data-sourcepos=\"12:26-12:34\">20 ml<\/strong>\u00a0(L\u00e5ngtidsanv\u00e4ndning mellan p\u00e5fyllningar)<\/p>\n<p><strong data-sourcepos=\"13:3-13:18\">Antal bloss:<\/strong>\u00a0<strong data-sourcepos=\"13:19-13:35\">12 000 puffar<\/strong>\u00a0(L\u00e4ngre livsl\u00e4ngd \u00e4n vanliga eng\u00e5ngsartiklar)<\/p>\n<p><strong data-sourcepos=\"14:3-14:15\">Visa:<\/strong>\u00a0<strong data-sourcepos=\"14:16-14:54\">Batteri- och e-juiceniv\u00e5indikatorer<\/strong>\u00a0(Precisionssp\u00e5rning)<\/p>\n<p><strong data-sourcepos=\"15:3-15:15\">Batteri:<\/strong>\u00a0<strong data-sourcepos=\"15:16-15:39\">850mAh uppladdningsbar<\/strong>\u00a0(Snabb\u00a0<strong data-sourcepos=\"15:46-15:56\">Typ-C<\/strong>\u00a0laddning)<\/p>\n<p><strong data-sourcepos=\"16:3-16:22\">Smakalternativ:<\/strong>\u00a0<strong data-sourcepos=\"16:23-16:39\">40 sorter<\/strong>\u00a0(Fruktiga, isiga, efterr\u00e4tter och exotiska blandningar)<\/p>\n<p><strong data-sourcepos=\"17:3-17:17\">F\u00f6rpackning:<\/strong>Detaljhandel:\u00a0<strong data-sourcepos=\"18:13-18:34\">10 st\/Displaybox <\/strong>Grossist:\u00a0<strong data-sourcepos=\"19:16-19:33\">200 st\/kartong<\/strong><\/p>\n<p>&nbsp;<\/p>\n<h3><span style=\"font-size: 90%;\">RandM Digital Box 12000 | 12K puffar Disposable Vape Flavor List<\/span><\/h3>\n<p>1. Cool Mint<\/p>\n<p>2. Vattenmelon Is<\/p>\n<p>3. Grape Ice<\/p>\n<p>4.Bl\u00e5b\u00e4rshallon<\/p>\n<p>5. Jordgubbsvattenmelon<\/p>\n<p>6. Jordgubbsbanan<\/p>\n<p>7. Lush Ice<\/p>\n<p>8.K\u00f6rsb\u00e4r<\/p>\n<p>9. Jordgubbsis<\/p>\n<p>10.Ispop<\/p>\n<p>11. Rosa Lemonad<\/p>\n<p>12.Mango On Ice<\/p>\n<p>13.Blandade b\u00e4r<\/p>\n<p>14. Jordgubbsmunk<\/p>\n<p>15. Jordgubbsdruva<\/p>\n<p>16. Cherry Cola<\/p>\n<p>17.Dr Blue<\/p>\n<p>18.Bl\u00e5b\u00e4r p\u00e5 is<\/p>\n<p>19. Kiwi Passionsfrukt Guava<\/p>\n<p>20. Jordgubbskiwi<\/p>\n<p>21.Peach Mango<\/p>\n<p>22.Peach Ice<\/p>\n<p>23.R\u00f6d \u00c4ppelis<\/p>\n<p>24.Blueberry Bubblegum<\/p>\n<p>25.B\u00e4rlemonad<\/p>\n<p>26.Blue Razz Lemonade<\/p>\n<p>27.Bl\u00e5 sura hallon<\/p>\n<p>28. Strawberry Red Bull<\/p>\n<p>29.Apple Berry Blast<\/p>\n<p>30. Vattenmelon Bubble Gum<\/p>\n<p>31.Hallonvattenmelon<\/p>\n<p>32.Black Ice<\/p>\n<p>33.Bl\u00e5b\u00e4r k\u00f6rsb\u00e4r tranb\u00e4r<\/p>\n<p>34. Jordgubbspump<\/p>\n<p>35.Vimto<\/p>\n<p>36. Cherry Berry<\/p>\n<p>37.Citron &amp; Lime<\/p>\n<p>38.Bingokross<\/p>\n<p>39.Bl\u00e5b\u00e4rskiwi<\/p>\n<p>40.\u00c4ppelkanel<\/p>\n<p>&nbsp;<\/p>\n<p><img loading=\"lazy\" decoding=\"async\" class=\"alignnone wp-image-1670 size-full\" src=\"https:\/\/pgvape.com\/wp-content\/uploads\/2025\/09\/Pgvape-RandM-Digital-Box-12K-puffs-Disposable-Vape-0-2-3-5-Nicotin-LED-Display-Vape-Factory-Direct-18.png\" alt=\"Ett rutn\u00e4t av f\u00e4rgglada vapekapslar f\u00f6r eng\u00e5ngsbruk p\u00e5 en mjuk pastellbakgrund, varje kapsel visar ett stiliserat tecknat apaportr\u00e4tt och tryckta smaknamn som Lush Ice, Strawberry Banana, Blueberry Raspberry, Cherry Cola och Peach Mango.\" width=\"2000\" height=\"1041\" srcset=\"https:\/\/pgvape.com\/wp-content\/uploads\/2025\/09\/Pgvape-RandM-Digital-Box-12K-puffs-Disposable-Vape-0-2-3-5-Nicotin-LED-Display-Vape-Factory-Direct-18.png 2000w, https:\/\/pgvape.com\/wp-content\/uploads\/2025\/09\/Pgvape-RandM-Digital-Box-12K-puffs-Disposable-Vape-0-2-3-5-Nicotin-LED-Display-Vape-Factory-Direct-18-555x289.png 555w, https:\/\/pgvape.com\/wp-content\/uploads\/2025\/09\/Pgvape-RandM-Digital-Box-12K-puffs-Disposable-Vape-0-2-3-5-Nicotin-LED-Display-Vape-Factory-Direct-18-595x310.png 595w, https:\/\/pgvape.com\/wp-content\/uploads\/2025\/09\/Pgvape-RandM-Digital-Box-12K-puffs-Disposable-Vape-0-2-3-5-Nicotin-LED-Display-Vape-Factory-Direct-18-400x208.png 400w, https:\/\/pgvape.com\/wp-content\/uploads\/2025\/09\/Pgvape-RandM-Digital-Box-12K-puffs-Disposable-Vape-0-2-3-5-Nicotin-LED-Display-Vape-Factory-Direct-18-768x400.png 768w, https:\/\/pgvape.com\/wp-content\/uploads\/2025\/09\/Pgvape-RandM-Digital-Box-12K-puffs-Disposable-Vape-0-2-3-5-Nicotin-LED-Display-Vape-Factory-Direct-18-1536x799.png 1536w, https:\/\/pgvape.com\/wp-content\/uploads\/2025\/09\/Pgvape-RandM-Digital-Box-12K-puffs-Disposable-Vape-0-2-3-5-Nicotin-LED-Display-Vape-Factory-Direct-18-18x9.png 18w, https:\/\/pgvape.com\/wp-content\/uploads\/2025\/09\/Pgvape-RandM-Digital-Box-12K-puffs-Disposable-Vape-0-2-3-5-Nicotin-LED-Display-Vape-Factory-Direct-18-600x312.png 600w, https:\/\/pgvape.com\/wp-content\/uploads\/2025\/09\/Pgvape-RandM-Digital-Box-12K-puffs-Disposable-Vape-0-2-3-5-Nicotin-LED-Display-Vape-Factory-Direct-18-60x31.png 60w\" sizes=\"auto, (max-width: 2000px) 100vw, 2000px\" \/><\/p>\n<p>&nbsp;<\/p>\n<h3><span style=\"font-size: 90%;\">RandM Digital Box 12000 | 12K puffar disponibel vape <\/span><strong>Video:<br \/>\n<iframe loading=\"lazy\" title=\"RandM Digital Box 12000 | 12K puffar Disponibel Vape | 40 smaker | Vape Factory Direct pgvape\" width=\"1020\" height=\"574\" src=\"https:\/\/www.youtube.com\/embed\/7AnaUnaG0uQ?feature=oembed\" frameborder=\"0\" allow=\"accelerometer; autoplay; clipboard-write; encrypted-media; gyroscope; picture-in-picture; web-share\" referrerpolicy=\"strict-origin-when-cross-origin\" allowfullscreen><\/iframe><br \/>\n<\/strong><\/h3>\n<p>&nbsp;<\/p>\n<h2 class=\"header-vfC6AV auto-hide-last-sibling-br\"><span style=\"font-size: 90%;\">Vanliga fr\u00e5gor om RandM Digital Box 12000 | 12K puffar Disposable Vape<\/span><\/h2>\n<p data-sourcepos=\"82:1-83:90\">\u2753 <strong data-sourcepos=\"82:3-82:48\">Hur f\u00f6rb\u00e4ttrar displayen bekv\u00e4mligheten?<\/strong><br \/>\n\u2705 Den <strong data-sourcepos=\"83:7-83:25\">digital sk\u00e4rm<\/strong> visar exakt <strong data-sourcepos=\"83:38-83:64\">e-juice\/batteriniv\u00e5er<\/strong>, eliminerar gissningar.<\/p>\n<p data-sourcepos=\"85:1-86:51\">\u2753 <strong data-sourcepos=\"85:3-85:46\">Vilket nikotinfritt alternativ finns?<\/strong><br \/>\n\u2705 V\u00e4lj <strong data-sourcepos=\"86:10-86:25\">0% nikotin<\/strong> f\u00f6r vaping med enbart smak.<\/p>\n<p data-sourcepos=\"88:1-89:73\">\u2753 <strong data-sourcepos=\"88:3-88:37\">Hur l\u00e4nge h\u00e5ller enheten?<\/strong><br \/>\n\u2705 <strong data-sourcepos=\"89:3-89:19\">12 000 bloss<\/strong> och <strong data-sourcepos=\"89:24-89:41\">20 ml kapacitet<\/strong> s\u00e4kerst\u00e4lla m\u00e5ttlig anv\u00e4ndning i veckor.<\/p>\n<p data-sourcepos=\"91:1-92:104\">\u2753 <strong data-sourcepos=\"91:3-91:46\">Passar smaker f\u00f6r alla preferenser?<\/strong><br \/>\n\u2705 <strong data-sourcepos=\"92:3-92:18\">40+ alternativ<\/strong> sp\u00e4nna <strong data-sourcepos=\"92:24-92:34\">frukter<\/strong>, <strong data-sourcepos=\"92:36-92:47\">mentol<\/strong>, <strong data-sourcepos=\"92:49-92:61\">desserter<\/strong>, och <strong data-sourcepos=\"92:67-92:84\">unika blandningar<\/strong> som <strong data-sourcepos=\"92:90-92:101\">K\u00e4rlek 66<\/strong>.<\/p>\n<p data-sourcepos=\"94:1-95:69\">\u2753 <strong data-sourcepos=\"94:3-94:39\">\u00c4r bulkk\u00f6p kostnadseffektivt?<\/strong><br \/>\n\u2705 Ja! <strong data-sourcepos=\"95:8-95:28\">200-enheter kartonger<\/strong> erbjuda grossistbesparingar f\u00f6r \u00e5terf\u00f6rs\u00e4ljare.<\/p>\n<p data-sourcepos=\"97:1-98:71\">\u2753 <strong data-sourcepos=\"97:3-97:42\">Hur snabbt laddas batteriet?<br \/>\n<\/strong> \u2705 <strong data-sourcepos=\"98:3-98:18\">Typ-C-port<\/strong> tankar <strong data-sourcepos=\"98:31-98:49\">850mAh batteri<\/strong> i <strong data-sourcepos=\"98:53-98:68\">~45 minuter<\/strong>.<\/p>\n<p>&nbsp;<\/p>\n<h3 id=\"brxe-najhln\" class=\"brxe-heading\">Vanliga fr\u00e5gor (FAQ)<\/h3>\n<div id=\"brxe-rajiac\" class=\"brxe-text\">\n<p><strong>F: Vilka betalningsmetoder accepterar du?<\/strong><br \/>\nS: Vi accepterar PayPal, Stripe, bank\u00f6verf\u00f6ringar (st\u00f6ds med SEPA), vanliga kreditkort (Visa, MasterCard, American Express) och betalningar i kryptovaluta.<\/p>\n<p><strong>F: Hur l\u00e5ng tid tar best\u00e4llningsberedningen?<\/strong><br \/>\nS: Best\u00e4llningsf\u00f6rberedelse tar 1-3 arbetsdagar.<\/p>\n<p><strong>F: Vad \u00e4r leveranstiden?<\/strong><br \/>\nS: Leveranstiden \u00e4r 7-14 arbetsdagar, beroende p\u00e5 var du befinner dig.<\/p>\n<p><strong>F: Hur kan jag sp\u00e5ra min best\u00e4llning?<\/strong><br \/>\nS: Efter leverans kommer du att f\u00e5 ett bekr\u00e4ftelsemail med ett sp\u00e5rningsnummer f\u00f6r sp\u00e5rning i realtid.<\/p>\n<p><strong>F: Vilken \u00e4r din returpolicy?<\/strong><br \/>\nS: Vi erbjuder en 30-dagars returpolicy f\u00f6r \u00e5terbetalningar eller byten. .<\/p>\n<p><strong>F: Kommer det att finnas n\u00e5gra tullproblem?<br \/>\n<\/strong>Vi hanterar alla tullf\u00f6rfaranden f\u00f6r att s\u00e4kerst\u00e4lla en problemfri upplevelse f\u00f6r dig. .<\/p>\n<p><strong>F: Vilka frakts\u00e4tt anv\u00e4nds?<\/strong><br \/>\nVi samarbetar med UPS\/DHL\/FEDEX\/DPD, etc. Vi kommer att v\u00e4lja l\u00e4mpligt fraktalternativ beroende p\u00e5 leveransland f\u00f6r att s\u00e4kerst\u00e4lla att du f\u00e5r dina produkter s\u00e5 snabbt som m\u00f6jligt.<\/p>\n<p><a href=\"https:\/\/pgvape.com\/sv\/vanliga-fragor\/\">Klicka h\u00e4r f\u00f6r mer FAQ<\/a><\/p>\n<p>K\u00e4ra kunder, Om du har n\u00e5gra fr\u00e5gor om din best\u00e4llning eller ankomsten av varor, v\u00e4nligen kontakta v\u00e5r kundtj\u00e4nst. Tack!<\/p>\n<h3 data-sourcepos=\"73:1-73:21\"><strong data-sourcepos=\"73:7-73:21\">Kontakta oss<\/strong><\/h3>\n<div id=\"text-2419739398\" class=\"text\">\n<p><strong data-sourcepos=\"75:3-75:12\">E-post<\/strong>:\u00a0<a href=\"mailto:support@pgvape.com\"><strong>support@pgvape.com<\/strong><\/a><\/p>\n<p><strong data-sourcepos=\"76:3-76:15\">WhatsApp<\/strong>: <a href=\"https:\/\/wa.me\/+8618128481258\"><strong>+86 18128481258<\/strong><\/a><br \/>\n<strong>(Svara inom 24 timmar p\u00e5 arbetsdagar)<\/strong><\/p>\n<\/div>\n<h3><strong>Tack f\u00f6r att du valde pgvape.com! .<\/strong><\/h3>\n<\/div>","protected":false},"excerpt":{"rendered":"<p><strong data-sourcepos=\"103:5-103:32\">RandM Digital Box 12000<\/strong> sl\u00e5r samman <strong data-sourcepos=\"103:40-103:64\">vaping med h\u00f6g kapacitet<\/strong> (12K bloss, 20mL) med <strong data-sourcepos=\"103:88-103:108\">smart teknik<\/strong> (digital display, Type-C-laddning). <strong data-sourcepos=\"103:150-103:174\">0%\/2%\/3%\/5% nikotin<\/strong> och <strong data-sourcepos=\"103:179-103:194\">40+ smaker<\/strong>, det tillgodoser alla vaper.<strong data-sourcepos=\"103:250-103:269\">10 st eller 200 st<\/strong>) g\u00f6r den till en kommersiell framst\u00e5ende.<\/p>","protected":false},"featured_media":1653,"comment_status":"open","ping_status":"closed","template":"","meta":{"_seopress_robots_primary_cat":"none","_seopress_titles_title":"%%post_title%% %%sep%% %%sitetitle%%","_seopress_titles_desc":"","_seopress_robots_index":""},"product_brand":[516,148],"product_cat":[147,515,26],"product_tag":[151,152,153,150,108,79,490,149,109],"class_list":{"0":"post-1650","1":"product","2":"type-product","3":"status-publish","4":"has-post-thumbnail","6":"product_brand-disposable-vape","7":"product_brand-randm-digital-vape","8":"product_cat-12k-puffs-vape","9":"product_cat-disposable-vape","10":"product_cat-fumot-vape","11":"product_tag-12k-puffs","12":"product_tag-12k-vape","13":"product_tag-40-flavors-for","14":"product_tag-digital-box","15":"product_tag-disposable","16":"product_tag-led-display","17":"product_tag-minimum-2-pieces","18":"product_tag-randm","19":"product_tag-vape","21":"first","22":"instock","23":"sale","24":"shipping-taxable","25":"purchasable","26":"product-type-variable"},"_links":{"self":[{"href":"https:\/\/pgvape.com\/sv\/wp-json\/wp\/v2\/product\/1650","targetHints":{"allow":["GET"]}}],"collection":[{"href":"https:\/\/pgvape.com\/sv\/wp-json\/wp\/v2\/product"}],"about":[{"href":"https:\/\/pgvape.com\/sv\/wp-json\/wp\/v2\/types\/product"}],"replies":[{"embeddable":true,"href":"https:\/\/pgvape.com\/sv\/wp-json\/wp\/v2\/comments?post=1650"}],"wp:featuredmedia":[{"embeddable":true,"href":"https:\/\/pgvape.com\/sv\/wp-json\/wp\/v2\/media\/1653"}],"wp:attachment":[{"href":"https:\/\/pgvape.com\/sv\/wp-json\/wp\/v2\/media?parent=1650"}],"wp:term":[{"taxonomy":"product_brand","embeddable":true,"href":"https:\/\/pgvape.com\/sv\/wp-json\/wp\/v2\/product_brand?post=1650"},{"taxonomy":"product_cat","embeddable":true,"href":"https:\/\/pgvape.com\/sv\/wp-json\/wp\/v2\/product_cat?post=1650"},{"taxonomy":"product_tag","embeddable":true,"href":"https:\/\/pgvape.com\/sv\/wp-json\/wp\/v2\/product_tag?post=1650"}],"curies":[{"name":"wp","href":"https:\/\/api.w.org\/{rel}","templated":true}]}}