{"id":1371,"date":"2025-09-27T13:35:53","date_gmt":"2025-09-27T13:35:53","guid":{"rendered":"https:\/\/pgvape.com\/?post_type=product&#038;p=1371"},"modified":"2026-01-23T07:14:01","modified_gmt":"2026-01-23T07:14:01","slug":"bang-leader-110000-110k-puffar-6-i-1-smaker-disponibel-vape-justerbara-smaklagen-med-led-skarm-vape-factory-direct","status":"publish","type":"product","link":"https:\/\/pgvape.com\/sv\/produkt\/bang-leader-110000-110k-puffar-6-i-1-smaker-disponibel-vape-justerbara-smaklagen-med-led-skarm-vape-factory-direct\/","title":{"rendered":"Bang Leader 110000 110k puffar 6 i 1 smaker Disponibel Vape Justerbar smakl\u00e4gen med LED-sk\u00e4rm Vape Factory Direct"},"content":{"rendered":"<div class=\"auto-hide-last-sibling-br paragraph-JOTKXA paragraph-element br-paragraph-space\">\n<p><strong data-sourcepos=\"6:5-6:47\">Bang Leader 110K Puffs eng\u00e5ngsvape<\/strong> revolutionerar l\u00e5ngsiktig vaping med en branschledande <strong data-sourcepos=\"6:105-6:135\">100 000-110 000 bloss<\/strong>, som drivs av en innovativ <strong data-sourcepos=\"6:162-6:184\">trippeltanksystem<\/strong> och <strong data-sourcepos=\"6:189-6:209\">trippelmaskigt spole<\/strong> teknologi. <strong data-sourcepos=\"6:232-6:263\">6 anpassningsbara smakl\u00e4gen<\/strong> (enkla eller blandade smaker), <strong data-sourcepos=\"6:293-6:328\">3 nikotinstyrkor (2%\/3%\/5%)<\/strong>, och en <strong data-sourcepos=\"6:337-6:368\">850mAh uppladdningsbart batteri<\/strong> med <strong data-sourcepos=\"6:374-6:398\">Typ-C snabbladdning<\/strong>, den h\u00e4r enheten ger o\u00f6vertr\u00e4ffad m\u00e5ngsidighet. <strong data-sourcepos=\"6:451-6:465\">LED-sk\u00e4rm<\/strong> ger realtids\u00f6vervakning av batteri och anv\u00e4ndning, medan <strong data-sourcepos=\"6:524-6:556\">10-delad grossistf\u00f6rpackning<\/strong> g\u00f6r den idealisk f\u00f6r \u00e5terf\u00f6rs\u00e4ljare.<\/p>\n<p>&nbsp;<\/p>\n<\/div>\n<h2><span style=\"font-size: 90%;\">Bang Leader 110000 | 110k puffar 6 i 1 smaker Disponibel Vape produktspecifikation<\/span><\/h2>\n<p><strong data-sourcepos=\"11:3-11:18\">Antal bloss:<\/strong>\u00a0<strong data-sourcepos=\"11:19-11:44\">100 000-110 000 puffar<\/strong>\u00a0(O\u00f6vertr\u00e4ffad livsl\u00e4ngd)<\/p>\n<p><strong data-sourcepos=\"12:3-12:16\">Nikotin:<\/strong>\u00a0<strong data-sourcepos=\"12:17-12:33\">2% \/ 3% \/ 5%<\/strong>\u00a0(Anpassningsbar intensitet)<\/p>\n<p><strong data-sourcepos=\"13:3-13:21\">Smaksystem:<\/strong><strong data-sourcepos=\"14:5-14:17\">6 l\u00e4gen:<\/strong>\u00a0<strong data-sourcepos=\"14:18-14:44\">A, B, C, A+B, A+C, B+C<\/strong>\u00a0(Blanda och matcha smaker)<\/p>\n<p><strong data-sourcepos=\"15:5-15:25\">Tredubbla oljetankar<\/strong>\u00a0(Smidiga oljetankar** (st\u00f6der kombinationer av flera smaker)<\/p>\n<p><strong data-sourcepos=\"16:3-16:12\">Spole:<\/strong>\u00a0<strong data-sourcepos=\"16:13-16:33\">Triple Mesh Coil<\/strong>\u00a0(Snabbare uppv\u00e4rmning, rikare \u00e5nga)<\/p>\n<p><strong data-sourcepos=\"17:3-17:15\">Batteri:<\/strong>\u00a0<strong data-sourcepos=\"17:16-17:39\">850mAh uppladdningsbar<\/strong>\u00a0(Med\u00a0<strong data-sourcepos=\"17:46-17:56\">Typ-C<\/strong>\u00a0snabbladdning)<\/p>\n<p><strong data-sourcepos=\"18:3-18:15\">Visa:<\/strong>\u00a0<strong data-sourcepos=\"18:16-18:30\">LED-sk\u00e4rm<\/strong>\u00a0(Blosstal och batteriindikator)<\/p>\n<p><strong data-sourcepos=\"19:3-19:17\">F\u00f6rpackning:<\/strong>\u00a0<strong data-sourcepos=\"19:18-19:33\">10 st\/f\u00f6rp<\/strong>\u00a0(Read f\u00f6r detaljhandel)<\/p>\n<p>&nbsp;<\/p>\n<h3><span style=\"font-size: 90%;\">Bang Leader 110000 | 110k puffar 6 i 1 smaker Disponibel Vape smaklista<\/span><\/h3>\n<p>1.Vattenmelon Ice \/ Strawberry Mamba \/ Strawberry Watermelon \/ Watermelon Ice Strawberry Mamba \/ Watermelon Ice Strawberry Watermelon \/ Strawberry Mamba Strawberry Watermelon<\/p>\n<p>2.Fuji Ice \/ Apple Grape \/ Cherry Pomegranate \/ Fuji Ice Apple Grape \/ Fuji Ice Cherry Pomegranate \/ Apple Grape Cherry Pomegranate<\/p>\n<p>3.Bl\u00e5b\u00e4ris \/ Hallon Citron \/ Vattenmelon Bubblegum \/ Bl\u00e5b\u00e4r Ice Hallon Citron \/ Bl\u00e5b\u00e4r Is Vattenmelon Bubblegum \/ Hallon Citron Vattenmelon Bubblegum<\/p>\n<p>4.Bl\u00e5b\u00e4r Hallon \/ Syrliga Ananas Apelsiner \/ Hallon Vattenmeloner \/ Bl\u00e5b\u00e4r Hallon Syrliga Ananas Apelsiner \/ Bl\u00e5b\u00e4r Hallon Hallon Vattenmeloner \/ Syrliga Ananas Apelsiner Hallon Vattenmelon<\/p>\n<p>5. Druvis \/ Mango Persika \/ Bl\u00e5b\u00e4r Vattenmelon \/ Druvis Mango Persika \/ Druvis Bl\u00e5b\u00e4r Vattenmelon \/ Mango Persika Bl\u00e5b\u00e4r Vattenmelon<\/p>\n<p>6.Strawberry Ice \/ Persika Citron \/ Kiwi Passionsfrukt Guava \/ Strawberry Ice Persika Citron \/ Strawberry Ice Kiwi Passionsfrukt Guava \/ Persika Citron Kiwi Passionsfrukt Guava<\/p>\n<p>7.Ananas Coconut \/ Blueberry Red Bull \/ Watermelon Ice \/ Ananas Coconut Blueberry Red Bull \/ Ananas Coconut Watermelon Ice \/ Blueberry Red Bull Watermelon Ice<\/p>\n<p>8. Jordgubbskiwi \/ Bl\u00e5b\u00e4r Kokos \/ Blandad B\u00e4r \/ Jordgubb Kiwi Bl\u00e5b\u00e4r Kokos \/ Jordgubb Kiwi Blandad B\u00e4r \/ Bl\u00e5b\u00e4r Kokos Blandad b\u00e4r<\/p>\n<p>9.Citronromantik \/ Bl\u00e5b\u00e4rshallon \/ Persikamentol \/ Citronromantik Bl\u00e5b\u00e4rshallon \/ Citronromantik Persikamentol \/ Bl\u00e5b\u00e4rshallon Persikamentol<\/p>\n<p>10.Peach Ice \/ Svarta vinb\u00e4r Ananas Is \/ Gr\u00f6na \u00e4pplen Kiwi \/ Persika Is Svarta vinb\u00e4r Ananas Is \/ Persika Is Gr\u00f6n \u00c4ppel Kiwi \/ Svarta vinb\u00e4r Ananas Ice Gr\u00f6n \u00c4ppel Kiwi<\/p>\n<p><img loading=\"lazy\" decoding=\"async\" class=\"alignnone wp-image-1388 size-full\" src=\"https:\/\/pgvape.com\/wp-content\/uploads\/2025\/09\/Pgvape-Bang-Leader-110k-Puffs-6-in-1-Flavors-Disposable-Vape-15.png\" alt=\"Tv\u00e5 rader med sex f\u00e4rgglada eng\u00e5ngsvapeapparater med lutning m\u00e4rkta \u201c6in1\u201d, var och en med ett distinkt tecknat apportr\u00e4tt p\u00e5 den \u00f6vre halvan och smaknamnsplattor med ikoner under, mot en frostig bl\u00e5 bakgrund.\" width=\"1080\" height=\"1080\" srcset=\"https:\/\/pgvape.com\/wp-content\/uploads\/2025\/09\/Pgvape-Bang-Leader-110k-Puffs-6-in-1-Flavors-Disposable-Vape-15.png 1080w, https:\/\/pgvape.com\/wp-content\/uploads\/2025\/09\/Pgvape-Bang-Leader-110k-Puffs-6-in-1-Flavors-Disposable-Vape-15-360x360.png 360w, https:\/\/pgvape.com\/wp-content\/uploads\/2025\/09\/Pgvape-Bang-Leader-110k-Puffs-6-in-1-Flavors-Disposable-Vape-15-595x595.png 595w, https:\/\/pgvape.com\/wp-content\/uploads\/2025\/09\/Pgvape-Bang-Leader-110k-Puffs-6-in-1-Flavors-Disposable-Vape-15-400x400.png 400w, https:\/\/pgvape.com\/wp-content\/uploads\/2025\/09\/Pgvape-Bang-Leader-110k-Puffs-6-in-1-Flavors-Disposable-Vape-15-768x768.png 768w, https:\/\/pgvape.com\/wp-content\/uploads\/2025\/09\/Pgvape-Bang-Leader-110k-Puffs-6-in-1-Flavors-Disposable-Vape-15-12x12.png 12w, https:\/\/pgvape.com\/wp-content\/uploads\/2025\/09\/Pgvape-Bang-Leader-110k-Puffs-6-in-1-Flavors-Disposable-Vape-15-300x300.png 300w, https:\/\/pgvape.com\/wp-content\/uploads\/2025\/09\/Pgvape-Bang-Leader-110k-Puffs-6-in-1-Flavors-Disposable-Vape-15-600x600.png 600w, https:\/\/pgvape.com\/wp-content\/uploads\/2025\/09\/Pgvape-Bang-Leader-110k-Puffs-6-in-1-Flavors-Disposable-Vape-15-100x100.png 100w, https:\/\/pgvape.com\/wp-content\/uploads\/2025\/09\/Pgvape-Bang-Leader-110k-Puffs-6-in-1-Flavors-Disposable-Vape-15-40x40.png 40w\" sizes=\"auto, (max-width: 1080px) 100vw, 1080px\" \/><\/p>\n<p>&nbsp;<\/p>\n<h3><span style=\"font-size: 90%;\">Bang Leader 110000 | 110k puffar 6 i 1 smaker disponibel vape <\/span><strong>Video:<br \/>\n<iframe loading=\"lazy\" title=\"Bang Leader 110k puffar 6 i 1 smaker disponibel vape justerbara smakl\u00e4gen med LED-sk\u00e4rm pgvape\" width=\"563\" height=\"1000\" src=\"https:\/\/www.youtube.com\/embed\/RcaN8oRy9z4?feature=oembed\" frameborder=\"0\" allow=\"accelerometer; autoplay; clipboard-write; encrypted-media; gyroscope; picture-in-picture; web-share\" referrerpolicy=\"strict-origin-when-cross-origin\" allowfullscreen><\/iframe><br \/>\n<\/strong><\/h3>\n<p>&nbsp;<\/p>\n<h2 class=\"header-vfC6AV auto-hide-last-sibling-br\">Vanliga fr\u00e5gor om Bang Leader 110000 | 110k puffar 6 i 1 smaker disponibel vape<\/h2>\n<p data-sourcepos=\"38:1-39:92\">\u2753 <strong data-sourcepos=\"38:3-38:38\">Hur uppn\u00e5r den 110K bloss?<\/strong><br \/>\n\u2705 <strong data-sourcepos=\"39:3-39:23\">Tredubbla oljetankar<\/strong> + <strong data-sourcepos=\"39:26-39:44\">850mAh batteri<\/strong> + <strong data-sourcepos=\"39:47-39:71\">effektiva mesh-spolar<\/strong> maximera livsl\u00e4ngden.<\/p>\n<p data-sourcepos=\"41:1-42:124\">\u2753 <strong data-sourcepos=\"41:3-41:25\">Kan jag blanda smaker?<\/strong><br \/>\n\u2705 Ja! <strong data-sourcepos=\"42:16-42:35\">valfri 2-3 smaker<\/strong> fr\u00e5n tankarna f\u00f6r <strong data-sourcepos=\"42:55-42:72\">anpassade blandningar<\/strong> (till exempel., <strong data-sourcepos=\"42:80-42:120\">Blueberry Ice + Watermelon Bubblegum<\/strong>).<\/p>\n<p data-sourcepos=\"44:1-45:86\">\u2753 <strong data-sourcepos=\"44:3-44:27\">\u00c4r det anv\u00e4ndarv\u00e4nligt?<\/strong><br \/>\n\u2705 Den <strong data-sourcepos=\"45:7-45:21\">LED-sk\u00e4rm<\/strong> sp\u00e5rar anv\u00e4ndning och <strong data-sourcepos=\"45:40-45:59\">Typ-C laddning<\/strong> s\u00e4kerst\u00e4ller snabba power-ups.<\/p>\n<p data-sourcepos=\"47:1-48:88\">\u2753 <strong data-sourcepos=\"47:3-47:26\">Vem \u00e4r det b\u00e4st f\u00f6r?<\/strong><br \/>\n\u2705 Tung vapers vill ha <strong data-sourcepos=\"48:24-48:37\">l\u00e5ngt liv<\/strong> + \u00e5terf\u00f6rs\u00e4ljare s\u00f6ker <strong data-sourcepos=\"48:58-48:85\">eng\u00e5ngsartiklar med h\u00f6g marginal<\/strong>.<\/p>\n<p>&nbsp;<\/p>\n<h3 id=\"brxe-najhln\" class=\"brxe-heading\">Vanliga fr\u00e5gor (FAQ)<\/h3>\n<div id=\"brxe-rajiac\" class=\"brxe-text\">\n<p><strong>F: Vilka betalningsmetoder accepterar du?<\/strong><br \/>\nS: Vi accepterar PayPal, Stripe, bank\u00f6verf\u00f6ringar (st\u00f6ds med SEPA), vanliga kreditkort (Visa, MasterCard, American Express) och betalningar i kryptovaluta.<\/p>\n<p><strong>F: Hur l\u00e5ng tid tar best\u00e4llningsberedningen?<\/strong><br \/>\nS: Best\u00e4llningsf\u00f6rberedelse tar 1-3 arbetsdagar.<\/p>\n<p><strong>F: Vad \u00e4r leveranstiden?<\/strong><br \/>\nS: Leveranstiden \u00e4r 7-14 arbetsdagar, beroende p\u00e5 var du befinner dig.<\/p>\n<p><strong>F: Hur kan jag sp\u00e5ra min best\u00e4llning?<\/strong><br \/>\nS: Efter leverans kommer du att f\u00e5 ett bekr\u00e4ftelsemail med ett sp\u00e5rningsnummer f\u00f6r sp\u00e5rning i realtid.<\/p>\n<p><strong>F: Vilken \u00e4r din returpolicy?<\/strong><br \/>\nS: Vi erbjuder en 30-dagars returpolicy f\u00f6r \u00e5terbetalningar eller byten. .<\/p>\n<p><strong>F: Kommer det att finnas n\u00e5gra tullproblem?<br \/>\n<\/strong>Vi hanterar alla tullf\u00f6rfaranden f\u00f6r att s\u00e4kerst\u00e4lla en problemfri upplevelse f\u00f6r dig. .<\/p>\n<p><strong>F: Vilka frakts\u00e4tt anv\u00e4nds?<\/strong><br \/>\nVi samarbetar med UPS\/DHL\/FEDEX\/DPD, etc. Vi kommer att v\u00e4lja l\u00e4mpligt fraktalternativ beroende p\u00e5 leveransland f\u00f6r att s\u00e4kerst\u00e4lla att du f\u00e5r dina produkter s\u00e5 snabbt som m\u00f6jligt.<\/p>\n<p><a href=\"https:\/\/pgvape.com\/sv\/vanliga-fragor\/\">Klicka h\u00e4r f\u00f6r mer FAQ<\/a><\/p>\n<p>K\u00e4ra kunder, Om du har n\u00e5gra fr\u00e5gor om din best\u00e4llning eller ankomsten av varor, v\u00e4nligen kontakta v\u00e5r kundtj\u00e4nst. Tack!<\/p>\n<h3 data-sourcepos=\"73:1-73:21\"><strong data-sourcepos=\"73:7-73:21\">Kontakta oss<\/strong><\/h3>\n<div id=\"text-2419739398\" class=\"text\">\n<p><strong data-sourcepos=\"75:3-75:12\">E-post<\/strong>:\u00a0<a href=\"mailto:support@pgvape.com\"><strong>support@pgvape.com<\/strong><\/a><\/p>\n<p><strong data-sourcepos=\"76:3-76:15\">WhatsApp<\/strong>: <a href=\"https:\/\/wa.me\/+8618128481258\"><strong>+86 18128481258<\/strong><\/a><br \/>\n<strong>(Svara inom 24 timmar p\u00e5 arbetsdagar)<\/strong><\/p>\n<\/div>\n<h3><strong>Tack f\u00f6r att du valde pgvape.com! .<\/strong><\/h3>\n<\/div>","protected":false},"excerpt":{"rendered":"<p>Med <strong data-sourcepos=\"53:6-53:20\">110K bloss<\/strong>, <strong data-sourcepos=\"53:22-53:53\">anpassning med tre smaker<\/strong>, och <strong data-sourcepos=\"53:59-53:81\">premium mesh spolar<\/strong>, den <strong data-sourcepos=\"53:87-53:107\">Bang Leader 110K<\/strong> dominerar marknaden f\u00f6r vape med h\u00f6g kapacitet. <strong data-sourcepos=\"53:159-53:189\">Idealisk f\u00f6r<\/strong> och <strong data-sourcepos=\"53:194-53:213\">smakjagande entusiaster<\/strong>.<\/p>","protected":false},"featured_media":1374,"comment_status":"open","ping_status":"closed","template":"","meta":{"_seopress_robots_primary_cat":"none","_seopress_titles_title":"%%post_title%% %%sep%% %%sitetitle%%","_seopress_titles_desc":"","_seopress_robots_index":""},"product_brand":[54,516],"product_cat":[119,32,515],"product_tag":[121,124,122,123,120,90,77,125],"class_list":{"0":"post-1371","1":"product","2":"type-product","3":"status-publish","4":"has-post-thumbnail","6":"product_brand-bang-leader-vape","7":"product_brand-disposable-vape","8":"product_cat-110k-puffs-vape","9":"product_cat-bang-leader-vape","10":"product_cat-disposable-vape","11":"product_tag-110k-puffs","12":"product_tag-110k-vape","13":"product_tag-6-in-1","14":"product_tag-adjustable-flavor-modes","15":"product_tag-bang-leader","16":"product_tag-disposable-vape","17":"product_tag-flavors","18":"product_tag-with-led-screen","20":"first","21":"instock","22":"sale","23":"shipping-taxable","24":"purchasable","25":"product-type-variable"},"_links":{"self":[{"href":"https:\/\/pgvape.com\/sv\/wp-json\/wp\/v2\/product\/1371","targetHints":{"allow":["GET"]}}],"collection":[{"href":"https:\/\/pgvape.com\/sv\/wp-json\/wp\/v2\/product"}],"about":[{"href":"https:\/\/pgvape.com\/sv\/wp-json\/wp\/v2\/types\/product"}],"replies":[{"embeddable":true,"href":"https:\/\/pgvape.com\/sv\/wp-json\/wp\/v2\/comments?post=1371"}],"wp:featuredmedia":[{"embeddable":true,"href":"https:\/\/pgvape.com\/sv\/wp-json\/wp\/v2\/media\/1374"}],"wp:attachment":[{"href":"https:\/\/pgvape.com\/sv\/wp-json\/wp\/v2\/media?parent=1371"}],"wp:term":[{"taxonomy":"product_brand","embeddable":true,"href":"https:\/\/pgvape.com\/sv\/wp-json\/wp\/v2\/product_brand?post=1371"},{"taxonomy":"product_cat","embeddable":true,"href":"https:\/\/pgvape.com\/sv\/wp-json\/wp\/v2\/product_cat?post=1371"},{"taxonomy":"product_tag","embeddable":true,"href":"https:\/\/pgvape.com\/sv\/wp-json\/wp\/v2\/product_tag?post=1371"}],"curies":[{"name":"wp","href":"https:\/\/api.w.org\/{rel}","templated":true}]}}