{"id":1251,"date":"2025-09-27T10:16:42","date_gmt":"2025-09-27T10:16:42","guid":{"rendered":"https:\/\/pgvape.com\/?post_type=product&#038;p=1251"},"modified":"2025-12-15T13:26:20","modified_gmt":"2025-12-15T13:26:20","slug":"randm-tornado-15000-15k-puffar-engangs-vape-led-display-vape-factory-direct","status":"publish","type":"product","link":"https:\/\/pgvape.com\/sv\/produkt\/randm-tornado-15000-15k-puffar-engangs-vape-led-display-vape-factory-direct\/","title":{"rendered":"RandM Tornado 15000 15K Puffs Disponibel Vape LED Display Vape Factory Direct"},"content":{"rendered":"<div class=\"auto-hide-last-sibling-br paragraph-JOTKXA paragraph-element br-paragraph-space\"><strong data-sourcepos=\"6:5-6:69\">RandM Tornado 15000 Puffs LED Display E-cigarett f\u00f6r eng\u00e5ngsbruk<\/strong> levererar en <strong data-sourcepos=\"6:82-6:112\">ut\u00f6kad vapingupplevelse<\/strong> med <strong data-sourcepos=\"6:118-6:134\">15 000 bloss<\/strong> fr\u00e5n a <strong data-sourcepos=\"6:142-6:168\">25 ml e-v\u00e4tska kapacitet<\/strong><span class=\"CustomP_animated_char__m3r9w\">.<\/span><span class=\"CustomP_animated_char__m3r9w\">\u00a0<\/span><span class=\"CustomP_animated_char__m3r9w\">Med<\/span><span class=\"CustomP_animated_char__m3r9w\">\u00a0<\/span><span class=\"CustomP_animated_char__m3r9w\">a<\/span><span class=\"CustomP_animated_char__m3r9w\">\u00a0<\/span><strong data-sourcepos=\"6:182-6:195\">mesh spole<\/strong> f\u00f6r rik smak och \u00e5nga inkluderar denna enhet en <strong data-sourcepos=\"6:247-6:278\">850mAh uppladdningsbart batteri<\/strong><span class=\"CustomP_animated_char__m3r9w\">\u00a0<\/span><span class=\"CustomP_animated_char__m3r9w\">och<\/span><span class=\"CustomP_animated_char__m3r9w\">\u00a0<\/span><strong data-sourcepos=\"6:283-6:298\">LED display<\/strong> f\u00f6r realtids\u00f6vervakning. <strong data-sourcepos=\"6:356-6:382\">2% eller 5% nikotinsalt<\/strong><span class=\"CustomP_animated_char__m3r9w\">\u00a0<\/span><span class=\"CustomP_animated_char__m3r9w\">alternativ<\/span><span class=\"CustomP_animated_char__m3r9w\">\u00a0<\/span><span class=\"CustomP_animated_char__m3r9w\">och<\/span><span class=\"CustomP_animated_char__m3r9w\">\u00a0<\/span><span class=\"CustomP_animated_char__m3r9w\">v\u00e4lja<\/span><span class=\"CustomP_animated_char__m3r9w\">\u00a0<\/span><span class=\"CustomP_animated_char__m3r9w\">fr\u00e5n<\/span><span class=\"CustomP_animated_char__m3r9w\">\u00a0<\/span><strong data-sourcepos=\"6:407-6:429\">41 premium smaker<\/strong>. <strong data-sourcepos=\"6:440-6:469\">10 stycken per displayl\u00e5da<\/strong><span class=\"CustomP_animated_char__m3r9w\">,<\/span><span class=\"CustomP_animated_char__m3r9w\">\u00a0<\/span><span class=\"CustomP_animated_char__m3r9w\">det<\/span><span class=\"CustomP_animated_char__m3r9w\">\u2018<\/span><span class=\"CustomP_animated_char__m3r9w\">s<\/span><span class=\"CustomP_animated_char__m3r9w\">\u00a0<\/span><span class=\"CustomP_animated_char__m3r9w\">perfekt<\/span><span class=\"CustomP_animated_char__m3r9w\">\u00a0<\/span><span class=\"CustomP_animated_char__m3r9w\">f\u00f6r<\/span><span class=\"CustomP_animated_char__m3r9w\">\u00a0<\/span><span class=\"CustomP_animated_char__m3r9w\">b\u00e5de<\/span><span class=\"CustomP_animated_char__m3r9w\">\u00a0<\/span><span class=\"CustomP_animated_char__m3r9w\">personlig<\/span><span class=\"CustomP_animated_char__m3r9w\">\u00a0<\/span><span class=\"CustomP_animated_char__m3r9w\">anv\u00e4nda<\/span><span class=\"CustomP_animated_char__m3r9w\">\u00a0<\/span><span class=\"CustomP_animated_char__m3r9w\">och<\/span><span class=\"CustomP_animated_char__m3r9w\">\u00a0<\/span><span class=\"CustomP_animated_char__m3r9w\">detaljhandel<\/span><span class=\"CustomP_animated_char__m3r9w\">.<\/span><\/div>\n<p>&nbsp;<\/p>\n<h2><span style=\"font-size: 90%;\">RandM Tornado 15000 | 15K Puffs Disposable Vape Produktspecifikation<\/span><\/h2>\n<p><strong data-sourcepos=\"11:3-11:13\">St\u00e4mpla:<\/strong>\u00a0<strong data-sourcepos=\"11:14-11:23\">RandM<\/strong><\/p>\n<p><strong data-sourcepos=\"12:3-12:25\">Nikotinstyrka:<\/strong>\u00a0<strong data-sourcepos=\"12:26-12:37\">2% \/ 5%<\/strong><span class=\"CustomP_animated_char__m3r9w\">\u00a0<\/span><span class=\"CustomP_animated_char__m3r9w\">(<\/span><span class=\"CustomP_animated_char__m3r9w\">Salt<\/span><span class=\"CustomP_animated_char__m3r9w\">\u00a0<\/span><span class=\"CustomP_animated_char__m3r9w\">nikotin<\/span><span class=\"CustomP_animated_char__m3r9w\">\u00a0<\/span><span class=\"CustomP_animated_char__m3r9w\">f\u00f6r<\/span><span class=\"CustomP_animated_char__m3r9w\">\u00a0<\/span><span class=\"CustomP_animated_char__m3r9w\">j\u00e4mna<\/span><span class=\"CustomP_animated_char__m3r9w\">\u00a0<\/span><span class=\"CustomP_animated_char__m3r9w\">eller<\/span><span class=\"CustomP_animated_char__m3r9w\">\u00a0<\/span><span class=\"CustomP_animated_char__m3r9w\">stark<\/span><span class=\"CustomP_animated_char__m3r9w\">\u00a0<\/span><span class=\"CustomP_animated_char__m3r9w\">tr\u00e4ffar<\/span><span class=\"CustomP_animated_char__m3r9w\">)<\/span><\/p>\n<p><strong data-sourcepos=\"13:3-13:25\">E-v\u00e4tskekapacitet:<\/strong>\u00a0<strong data-sourcepos=\"13:26-13:34\">25 ml<\/strong><span class=\"CustomP_animated_char__m3r9w\">\u00a0<\/span><span class=\"CustomP_animated_char__m3r9w\">(<\/span><span class=\"CustomP_animated_char__m3r9w\">Industri<\/span><span class=\"CustomP_animated_char__m3r9w\">\u2013<\/span><span class=\"CustomP_animated_char__m3r9w\">ledande<\/span><span class=\"CustomP_animated_char__m3r9w\">\u00a0<\/span><span class=\"CustomP_animated_char__m3r9w\">volym<\/span><span class=\"CustomP_animated_char__m3r9w\">\u00a0<\/span><span class=\"CustomP_animated_char__m3r9w\">f\u00f6r<\/span><span class=\"CustomP_animated_char__m3r9w\">\u00a0<\/span><span class=\"CustomP_animated_char__m3r9w\">f\u00e4rre<\/span><span class=\"CustomP_animated_char__m3r9w\">\u00a0<\/span><span class=\"CustomP_animated_char__m3r9w\">p\u00e5fyllningar<\/span><span class=\"CustomP_animated_char__m3r9w\">)<\/span><\/p>\n<p><strong data-sourcepos=\"14:3-14:23\">Spoleteknik:<\/strong>\u00a0<strong data-sourcepos=\"14:24-14:37\">Mesh Coil<\/strong><span class=\"CustomP_animated_char__m3r9w\">\u00a0<\/span><span class=\"CustomP_animated_char__m3r9w\">(<\/span><span class=\"CustomP_animated_char__m3r9w\">F\u00f6rb\u00e4ttrad<\/span><span class=\"CustomP_animated_char__m3r9w\">\u00a0<\/span><span class=\"CustomP_animated_char__m3r9w\">smak<\/span><span class=\"CustomP_animated_char__m3r9w\">\u00a0<\/span><span class=\"CustomP_animated_char__m3r9w\">&amp;<\/span><span class=\"CustomP_animated_char__m3r9w\">\u00a0<\/span><span class=\"CustomP_animated_char__m3r9w\">\u00e5nga<\/span><span class=\"CustomP_animated_char__m3r9w\">\u00a0<\/span><span class=\"CustomP_animated_char__m3r9w\">produktion<\/span><span class=\"CustomP_animated_char__m3r9w\">)<\/span><\/p>\n<p><strong data-sourcepos=\"15:3-15:15\">Batteri:<\/strong>\u00a0<strong data-sourcepos=\"15:16-15:39\">850mAh uppladdningsbar<\/strong><span class=\"CustomP_animated_char__m3r9w\">\u00a0<\/span><span class=\"CustomP_animated_char__m3r9w\">(<\/span><span class=\"CustomP_animated_char__m3r9w\">L\u00e5ng<\/span><span class=\"CustomP_animated_char__m3r9w\">\u2013<\/span><span class=\"CustomP_animated_char__m3r9w\">varaktig<\/span><span class=\"CustomP_animated_char__m3r9w\">\u00a0<\/span><span class=\"CustomP_animated_char__m3r9w\">driva<\/span><span class=\"CustomP_animated_char__m3r9w\">\u00a0<\/span><span class=\"CustomP_animated_char__m3r9w\">med<\/span><span class=\"CustomP_animated_char__m3r9w\">\u00a0<\/span><span class=\"CustomP_animated_char__m3r9w\">USB<\/span><span class=\"CustomP_animated_char__m3r9w\">\u00a0<\/span><span class=\"CustomP_animated_char__m3r9w\">laddning<\/span><span class=\"CustomP_animated_char__m3r9w\">)<\/span><\/p>\n<p><strong data-sourcepos=\"16:3-16:15\">Visa:<\/strong>\u00a0<strong data-sourcepos=\"16:16-16:30\">LED-sk\u00e4rm<\/strong><span class=\"CustomP_animated_char__m3r9w\">\u00a0<\/span><span class=\"CustomP_animated_char__m3r9w\">(<\/span><span class=\"CustomP_animated_char__m3r9w\">Verklig<\/span><span class=\"CustomP_animated_char__m3r9w\">\u2013<\/span><span class=\"CustomP_animated_char__m3r9w\">tid<\/span><span class=\"CustomP_animated_char__m3r9w\">\u00a0<\/span><span class=\"CustomP_animated_char__m3r9w\">anv\u00e4ndande<\/span><span class=\"CustomP_animated_char__m3r9w\">\u00a0<\/span><span class=\"CustomP_animated_char__m3r9w\">sp\u00e5rning<\/span><span class=\"CustomP_animated_char__m3r9w\">)<\/span><\/p>\n<p><strong data-sourcepos=\"17:3-17:17\">F\u00f6rpackning:<\/strong>\u00a0<strong data-sourcepos=\"17:18-17:39\">10 st\/Displaybox<\/strong><span class=\"CustomP_animated_char__m3r9w\">\u00a0<\/span><span class=\"CustomP_animated_char__m3r9w\">(<\/span><span class=\"CustomP_animated_char__m3r9w\">Detaljhandel<\/span><span class=\"CustomP_animated_char__m3r9w\">\u2013<\/span><span class=\"CustomP_animated_char__m3r9w\">redo<\/span><span class=\"CustomP_animated_char__m3r9w\">\u00a0<\/span><span class=\"CustomP_animated_char__m3r9w\">bulk<\/span><span class=\"CustomP_animated_char__m3r9w\">\u00a0<\/span><span class=\"CustomP_animated_char__m3r9w\">f\u00f6rpackning<\/span><span class=\"CustomP_animated_char__m3r9w\">)<\/span><\/p>\n<p><strong data-sourcepos=\"18:3-18:22\">Smakalternativ:<\/strong>\u00a0<strong data-sourcepos=\"18:23-18:39\">41 sorter<\/strong><span class=\"CustomP_animated_char__m3r9w\">\u00a0<\/span><span class=\"CustomP_animated_char__m3r9w\">(<\/span><span class=\"CustomP_animated_char__m3r9w\">Fr\u00e5n<\/span><span class=\"CustomP_animated_char__m3r9w\">\u00a0<\/span><span class=\"CustomP_animated_char__m3r9w\">fruktig<\/span><span class=\"CustomP_animated_char__m3r9w\">\u00a0<\/span><span class=\"CustomP_animated_char__m3r9w\">till<\/span><span class=\"CustomP_animated_char__m3r9w\">\u00a0<\/span><span class=\"CustomP_animated_char__m3r9w\">isig<\/span><span class=\"CustomP_animated_char__m3r9w\">\u00a0<\/span><span class=\"CustomP_animated_char__m3r9w\">blandningar<\/span><span class=\"CustomP_animated_char__m3r9w\">)<\/span><\/p>\n<p>&nbsp;<\/p>\n<h3><span style=\"font-size: 90%;\">RandM Tornado 15000 |<\/span><\/h3>\n<p>1. Blue Razz Lemonade<\/p>\n<p>2. Peach Ice<\/p>\n<p>3. Surt \u00e4pple<\/p>\n<p>4. Vattenmelon Is<\/p>\n<p>5. Blueberry On Ice<\/p>\n<p>6. Bl\u00e5b\u00e4rshallon<\/p>\n<p>7. Ananasis<\/p>\n<p>8. K\u00f6rsb\u00e4r<\/p>\n<p>9. Strawberry Ice<\/p>\n<p>10. Vimto<\/p>\n<p>11. Grape Ice<\/p>\n<p>12. Cola Ice<\/p>\n<p>13. Jordgubbsvattenmelon<\/p>\n<p>14. Rosa Lemonad<\/p>\n<p>15. Blandat b\u00e4r<\/p>\n<p>16. Persika Mango<\/p>\n<p>17. Drakfrukt<\/p>\n<p>18. Jordgubbsdruva<\/p>\n<p>19. Mr Blue<\/p>\n<p>20. Lush Ice<\/p>\n<p>21. Ice Pop<\/p>\n<p>22. Jordgubbskiwi<\/p>\n<p>23. Kiwi Passionsfrukt Guava<\/p>\n<p>24. Trippelb\u00e4r<\/p>\n<p>25. Banan Ice<\/p>\n<p>26. Persika bl\u00e5b\u00e4rsgodis<\/p>\n<p>27. \u00c4pple Persika P\u00e4ron<\/p>\n<p>28. B\u00e4rlemonad<\/p>\n<p>29. Blue Razz Cherry<\/p>\n<p>30. Bl\u00e5b\u00e4rsbubbla<\/p>\n<p>31. Blueberry Cherry Cranberry<\/p>\n<p>32. Bl\u00e5b\u00e4rsgranat\u00e4pple<\/p>\n<p>33. Bluesour Hallon<\/p>\n<p>34. Cherry Cola<\/p>\n<p>35. Gummy Bear<\/p>\n<p>36. Citron &amp; Lime<\/p>\n<p>37. Mango On Ice<\/p>\n<p>38. Red Energy Ice<\/p>\n<p>39. Jordgubbsbanan<\/p>\n<p>40. Strawberry Red Bull<\/p>\n<p>41. Strawberry Watermelon Lemonade<\/p>\n<p>42. Ice Tea Citron Ice<\/p>\n<p>43. Ice Tea Peach Ice<\/p>\n<p>44. Fizzy Cherry<\/p>\n<p>45.K\u00e4glor<\/p>\n<p>46. \u200b\u200bCool Mint<\/p>\n<p>47.Pina Colada<\/p>\n<p><img loading=\"lazy\" decoding=\"async\" class=\"alignnone wp-image-1258 size-full\" src=\"https:\/\/pgvape.com\/wp-content\/uploads\/2025\/09\/Pgvape-RandM-Tornad-15k-Puffs-Disposable-Vape-5.png\" alt=\"Kampanjaffisch f\u00f6r Fumot Tornado 15000 PUFF eng\u00e5ngsvapor som visar rader av f\u00e4rgglada enheter var och en med en tecknad apkarakt\u00e4r, ett block med produktspecifikationer (15 000 puffar, 25 ml kapacitet, 0\u20135% nikotinalternativ, 850mAh uppladdningsbart batteri, bl\u00e5tt antal 0,9 \u03a9 namnlista med m\u00e5nga n\u00e4t) .\" width=\"1080\" height=\"1080\" srcset=\"https:\/\/pgvape.com\/wp-content\/uploads\/2025\/09\/Pgvape-RandM-Tornad-15k-Puffs-Disposable-Vape-5.png 1080w, https:\/\/pgvape.com\/wp-content\/uploads\/2025\/09\/Pgvape-RandM-Tornad-15k-Puffs-Disposable-Vape-5-360x360.png 360w, https:\/\/pgvape.com\/wp-content\/uploads\/2025\/09\/Pgvape-RandM-Tornad-15k-Puffs-Disposable-Vape-5-595x595.png 595w, https:\/\/pgvape.com\/wp-content\/uploads\/2025\/09\/Pgvape-RandM-Tornad-15k-Puffs-Disposable-Vape-5-400x400.png 400w, https:\/\/pgvape.com\/wp-content\/uploads\/2025\/09\/Pgvape-RandM-Tornad-15k-Puffs-Disposable-Vape-5-768x768.png 768w, https:\/\/pgvape.com\/wp-content\/uploads\/2025\/09\/Pgvape-RandM-Tornad-15k-Puffs-Disposable-Vape-5-12x12.png 12w, https:\/\/pgvape.com\/wp-content\/uploads\/2025\/09\/Pgvape-RandM-Tornad-15k-Puffs-Disposable-Vape-5-300x300.png 300w, https:\/\/pgvape.com\/wp-content\/uploads\/2025\/09\/Pgvape-RandM-Tornad-15k-Puffs-Disposable-Vape-5-600x600.png 600w, https:\/\/pgvape.com\/wp-content\/uploads\/2025\/09\/Pgvape-RandM-Tornad-15k-Puffs-Disposable-Vape-5-100x100.png 100w, https:\/\/pgvape.com\/wp-content\/uploads\/2025\/09\/Pgvape-RandM-Tornad-15k-Puffs-Disposable-Vape-5-40x40.png 40w\" sizes=\"auto, (max-width: 1080px) 100vw, 1080px\" \/><\/p>\n<p>&nbsp;<\/p>\n<h3><span style=\"font-size: 90%;\">RandM Tornado 15000 | <\/span><strong>Video:<br \/>\n<iframe loading=\"lazy\" title=\"RandM Tornado 15000 | 15K Puffs Disponibel Vape | LED Display | Vape Factory Direct pgvape\" width=\"1020\" height=\"574\" src=\"https:\/\/www.youtube.com\/embed\/9Fr-KmfWr1Q?feature=oembed\" frameborder=\"0\" allow=\"accelerometer; autoplay; clipboard-write; encrypted-media; gyroscope; picture-in-picture; web-share\" referrerpolicy=\"strict-origin-when-cross-origin\" allowfullscreen><\/iframe><br \/>\n<\/strong><\/h3>\n<p>&nbsp;<\/p>\n<h2 class=\"header-vfC6AV auto-hide-last-sibling-br\">Vanliga fr\u00e5gor om RandM Tornado 15000 |<\/h2>\n<p data-sourcepos=\"74:1-75:94\">\u2753 <strong data-sourcepos=\"74:3-74:44\">Hur l\u00e4nge h\u00e5ller Tornado 15000?<\/strong><br \/>\n\u2705 Med <strong data-sourcepos=\"75:8-75:24\">15 000 bloss<\/strong> och <strong data-sourcepos=\"75:29-75:46\">25 ml e-v\u00e4tska<\/strong>, den \u00f6vertr\u00e4ffar standardeng\u00e5ngsartiklar med 3-5x.<\/p>\n<p data-sourcepos=\"77:1-78:105\">\u2753 <strong data-sourcepos=\"77:3-77:48\">Vad g\u00f6r \u00e5ngkvaliteten exceptionell?<\/strong><br \/>\n\u2705 Den <strong data-sourcepos=\"78:7-78:20\">mesh spole<\/strong> s\u00e4kerst\u00e4ller <strong data-sourcepos=\"78:29-78:58\">30% mer smakintensitet<\/strong> och <strong data-sourcepos=\"78:63-78:80\">t\u00e4tare moln<\/strong> kontra traditionella spolar.<\/p>\n<p data-sourcepos=\"80:1-81:79\">\u2753 <strong data-sourcepos=\"80:3-80:43\">Kan jag sp\u00e5ra batteri\/e-v\u00e4tskeniv\u00e5er?<\/strong><br \/>\n\u2705 Den <strong data-sourcepos=\"81:7-81:22\">LED display<\/strong> visar exakt \u00e5terst\u00e5ende kapacitet \u2013 ingen gissning kr\u00e4vs.<\/p>\n<p data-sourcepos=\"83:1-84:77\">\u2753 <strong data-sourcepos=\"83:3-83:51\">\u00c4r det l\u00e4mpligt f\u00f6r nikotink\u00e4nsliga anv\u00e4ndare?<\/strong><br \/>\n\u2705 V\u00e4lj <strong data-sourcepos=\"84:10-84:16\">2%<\/strong> f\u00f6r en mild upplevelse eller <strong data-sourcepos=\"84:42-84:48\">5%<\/strong> f\u00f6r starkare tillfredsst\u00e4llelse.<\/p>\n<p data-sourcepos=\"86:1-87:81\">\u2753 <strong data-sourcepos=\"86:3-86:42\">Hur m\u00e5nga enheter finns i ett paket?<\/strong><br \/>\n\u2705 <strong data-sourcepos=\"87:3-87:31\">10 enheter per displaybox<\/strong> \u2013 perfekt f\u00f6r \u00e5terf\u00f6rs\u00e4ljare eller f\u00f6r att lagra favoriter.<\/p>\n<p data-sourcepos=\"89:1-90:221\">\u2753 <strong data-sourcepos=\"89:3-89:44\">Vilka smakkategorier finns tillg\u00e4ngliga?<\/strong><br \/>\n\u2705 <strong data-sourcepos=\"90:3-90:24\">6 smakprofiler<\/strong>: Fruktig (t.ex., <strong data-sourcepos=\"90:40-90:68\">Kiwi Passionsfrukt Guava<\/strong>), Isiga (<strong data-sourcepos=\"90:76-90:94\">Vattenmelon is<\/strong>), Dryck (<strong data-sourcepos=\"90:107-90:122\">Pina Colada<\/strong>), godis (<strong data-sourcepos=\"90:132-90:146\">Gummy Bear<\/strong>), Tropiskt (<strong data-sourcepos=\"90:159-90:175\">Drakfrukt<\/strong>), och unika blandningar (<strong data-sourcepos=\"90:197-90:217\">Blue Razz Cherry<\/strong>).<\/p>\n<p data-sourcepos=\"92:1-93:76\">\u2753 <strong data-sourcepos=\"92:3-92:35\">Kr\u00e4ver det underh\u00e5ll?<\/strong><br \/>\n\u2705 <strong data-sourcepos=\"93:3-93:23\">Noll underh\u00e5ll<\/strong> \u2013 eng\u00e5ngsdesign med <strong data-sourcepos=\"93:49-93:73\">aktivering av automatisk ritning<\/strong>.<\/p>\n<p data-sourcepos=\"95:1-96:77\">\u2753 <strong data-sourcepos=\"95:3-95:40\">Hur snabbt laddas batteriet?<\/strong><br \/>\n\u2705 Den <strong data-sourcepos=\"96:7-96:25\">850mAh batteri<\/strong> laddas helt in <strong data-sourcepos=\"96:45-96:60\">~60 minuter<\/strong> via mikro-USB.<\/p>\n<p>&nbsp;<\/p>\n<h3 id=\"brxe-najhln\" class=\"brxe-heading\"><span style=\"font-size: 90%;\">Vanliga fr\u00e5gor (FAQ)<\/span><\/h3>\n<div id=\"brxe-rajiac\" class=\"brxe-text\">\n<p><strong>F: Vilka betalningsmetoder accepterar du?<\/strong><br \/>\nS: Vi accepterar PayPal, Stripe, bank\u00f6verf\u00f6ringar (st\u00f6ds med SEPA), vanliga kreditkort (Visa, MasterCard, American Express) och betalningar i kryptovaluta.<\/p>\n<p><strong>F: Hur l\u00e5ng tid tar best\u00e4llningsberedningen?<\/strong><br \/>\nS: Best\u00e4llningsf\u00f6rberedelse tar 1-3 arbetsdagar.<\/p>\n<p><strong>F: Vad \u00e4r leveranstiden?<\/strong><br \/>\nS: Leveranstiden \u00e4r 7-14 arbetsdagar, beroende p\u00e5 var du befinner dig.<\/p>\n<p><strong>F: Hur kan jag sp\u00e5ra min best\u00e4llning?<\/strong><br \/>\nS: Efter leverans kommer du att f\u00e5 ett bekr\u00e4ftelsemail med ett sp\u00e5rningsnummer f\u00f6r sp\u00e5rning i realtid.<\/p>\n<p><strong>F: Vilken \u00e4r din returpolicy?<\/strong><br \/>\nS: Vi erbjuder en 30-dagars returpolicy f\u00f6r \u00e5terbetalningar eller byten. .<\/p>\n<p><strong>F: Kommer det att finnas n\u00e5gra tullproblem?<br \/>\n<\/strong>Vi hanterar alla tullf\u00f6rfaranden f\u00f6r att s\u00e4kerst\u00e4lla en problemfri upplevelse f\u00f6r dig. .<\/p>\n<p><strong>F: Vilka frakts\u00e4tt anv\u00e4nds?<\/strong><br \/>\nVi samarbetar med UPS\/DHL\/FEDEX\/DPD, etc. Vi kommer att v\u00e4lja l\u00e4mpligt fraktalternativ beroende p\u00e5 leveransland f\u00f6r att s\u00e4kerst\u00e4lla att du f\u00e5r dina produkter s\u00e5 snabbt som m\u00f6jligt.<\/p>\n<p><a href=\"https:\/\/pgvape.com\/sv\/vanliga-fragor\/\">Klicka h\u00e4r f\u00f6r mer FAQ<\/a><\/p>\n<p>K\u00e4ra kunder, Om du har n\u00e5gra fr\u00e5gor om din best\u00e4llning eller ankomsten av varor, v\u00e4nligen kontakta v\u00e5r kundtj\u00e4nst. Tack!<\/p>\n<h3 data-sourcepos=\"73:1-73:21\"><strong data-sourcepos=\"73:7-73:21\">Kontakta oss<\/strong><\/h3>\n<div id=\"text-2419739398\" class=\"text\">\n<p><strong data-sourcepos=\"75:3-75:12\">E-post<\/strong>:\u00a0<a href=\"mailto:support@pgvape.com\"><strong>support@pgvape.com<\/strong><\/a><\/p>\n<p><strong data-sourcepos=\"76:3-76:15\">WhatsApp<\/strong>: <a href=\"https:\/\/wa.me\/+8618128481258\"><strong>+86 18128481258<\/strong><\/a><br \/>\n<strong>(Svara inom 24 timmar p\u00e5 arbetsdagar)<\/strong><\/p>\n<\/div>\n<h3><strong>Tack f\u00f6r att du valde pgvape.com! .<\/strong><\/h3>\n<\/div>","protected":false},"excerpt":{"rendered":"<p><strong data-sourcepos=\"101:5-101:28\">RandM Tornado 15000<\/strong> s\u00e4tter ribban med <strong data-sourcepos=\"101:47-101:63\">15 000 bloss<\/strong>, <strong data-sourcepos=\"101:65-101:82\">25 ml kapacitet<\/strong>, och <strong data-sourcepos=\"101:88-101:112\">mesh coil-teknik<\/strong>. <strong data-sourcepos=\"101:118-101:133\">LED display<\/strong> och <strong data-sourcepos=\"101:138-101:164\">2%\/5% nikotinalternativ<\/strong> tillgodose alla vapers, medan <strong data-sourcepos=\"101:192-101:206\">41 smaker<\/strong> och <strong data-sourcepos=\"101:211-101:237\">detaljhandelsf\u00e4rdiga f\u00f6rpackningar<\/strong> g\u00f6ra det till en kommersiell framst\u00e5ende.<\/p>","protected":false},"featured_media":1271,"comment_status":"open","ping_status":"closed","template":"","meta":{"_seopress_robots_primary_cat":"none","_seopress_titles_title":"%%post_title%% %%sep%% %%sitetitle%%","_seopress_titles_desc":"","_seopress_robots_index":""},"product_brand":[516,162],"product_cat":[113,515,26],"product_tag":[115,116,117,118,108,79,490,59,114,109],"class_list":{"0":"post-1251","1":"product","2":"type-product","3":"status-publish","4":"has-post-thumbnail","6":"product_brand-disposable-vape","7":"product_brand-fumot-vape","8":"product_cat-15k-puffs-vape","9":"product_cat-disposable-vape","10":"product_cat-fumot-vape","11":"product_tag-115","12":"product_tag-15k-puffs","13":"product_tag-15k-vape","14":"product_tag-2-5-nicotine","15":"product_tag-disposable","16":"product_tag-led-display","17":"product_tag-minimum-2-pieces","18":"product_tag-mouth-to-lung-mtl","19":"product_tag-randm-tornado","20":"product_tag-vape","22":"first","23":"instock","24":"sale","25":"shipping-taxable","26":"purchasable","27":"product-type-variable"},"_links":{"self":[{"href":"https:\/\/pgvape.com\/sv\/wp-json\/wp\/v2\/product\/1251","targetHints":{"allow":["GET"]}}],"collection":[{"href":"https:\/\/pgvape.com\/sv\/wp-json\/wp\/v2\/product"}],"about":[{"href":"https:\/\/pgvape.com\/sv\/wp-json\/wp\/v2\/types\/product"}],"replies":[{"embeddable":true,"href":"https:\/\/pgvape.com\/sv\/wp-json\/wp\/v2\/comments?post=1251"}],"wp:featuredmedia":[{"embeddable":true,"href":"https:\/\/pgvape.com\/sv\/wp-json\/wp\/v2\/media\/1271"}],"wp:attachment":[{"href":"https:\/\/pgvape.com\/sv\/wp-json\/wp\/v2\/media?parent=1251"}],"wp:term":[{"taxonomy":"product_brand","embeddable":true,"href":"https:\/\/pgvape.com\/sv\/wp-json\/wp\/v2\/product_brand?post=1251"},{"taxonomy":"product_cat","embeddable":true,"href":"https:\/\/pgvape.com\/sv\/wp-json\/wp\/v2\/product_cat?post=1251"},{"taxonomy":"product_tag","embeddable":true,"href":"https:\/\/pgvape.com\/sv\/wp-json\/wp\/v2\/product_tag?post=1251"}],"curies":[{"name":"wp","href":"https:\/\/api.w.org\/{rel}","templated":true}]}}