{"id":1044,"date":"2025-09-26T15:14:13","date_gmt":"2025-09-26T15:14:13","guid":{"rendered":"https:\/\/pgvape.com\/?post_type=product&#038;p=1044"},"modified":"2025-12-15T13:30:59","modified_gmt":"2025-12-15T13:30:59","slug":"fumot-tornado-25000-25k-puffar-disponibel-vape-tft-screen-vape-factory-direct","status":"publish","type":"product","link":"https:\/\/pgvape.com\/sv\/produkt\/fumot-tornado-25000-25k-puffar-disponibel-vape-tft-screen-vape-factory-direct\/","title":{"rendered":"Fumot Tornado 25000 25k Puffs Disponibel Vape TFT-sk\u00e4rm Vape Factory Direct"},"content":{"rendered":"<div class=\"auto-hide-last-sibling-br paragraph-JOTKXA paragraph-element br-paragraph-space\">\n<div class=\"auto-hide-last-sibling-br paragraph-JOTKXA paragraph-element br-paragraph-space\"><strong data-sourcepos=\"6:5-6:65\">RandM Fumot Tornado 25K Puffs TFT-sk\u00e4rm eng\u00e5ngsvape<\/strong> erbjuder en imponerande <strong data-sourcepos=\"6:87-6:103\">25 000 bloss<\/strong>, drivs av en <strong data-sourcepos=\"6:118-6:149\">700mAh uppladdningsbart batteri<\/strong> och a <strong data-sourcepos=\"6:156-6:182\">20 ml e-v\u00e4tska kapacitet<\/strong>. <strong data-sourcepos=\"6:188-6:208\">1,77 tum TFT-sk\u00e4rm<\/strong> ger tydlig sikt av olje- och batteriniv\u00e5er, medan <strong data-sourcepos=\"6:272-6:290\">dubbel mesh spole<\/strong> ger rika, j\u00e4mna moln. <strong data-sourcepos=\"6:328-6:344\">tryckknapp<\/strong>, <strong data-sourcepos=\"6:346-6:378\">effektjustering med tre tryck<\/strong>, och <strong data-sourcepos=\"6:384-6:408\">snabb typ-C-laddning<\/strong>, denna enhet kombinerar bekv\u00e4mlighet och prestanda. <strong data-sourcepos=\"6:473-6:487\">26 smaker<\/strong> och <strong data-sourcepos=\"6:492-6:514\">10-delad f\u00f6rpackning<\/strong>, den \u00e4r perfekt f\u00f6r b\u00e5de \u00e5terf\u00f6rs\u00e4ljare och vapers.<\/div>\n<p>&nbsp;<\/p>\n<\/div>\n<h2>Fumot Tornado 25000 | 25k Puffs Disponibel Vape Produktspecifikation<\/h2>\n<p><strong data-sourcepos=\"11:3-11:25\">Nikotinstyrka:<\/strong>\u00a0<strong data-sourcepos=\"11:26-11:42\">2% \/ 3% \/ 5%<\/strong>\u00a0(Flera alternativ f\u00f6r olika preferenser)<\/p>\n<p><strong data-sourcepos=\"12:3-12:18\">Antal bloss:<\/strong>\u00a0<strong data-sourcepos=\"12:19-12:41\">Upp till 25 000 puffar<\/strong>\u00a0(L\u00e5ngvarig vapingupplevelse)<\/p>\n<p><strong data-sourcepos=\"13:3-13:25\">E-v\u00e4tskekapacitet:<\/strong>\u00a0<strong data-sourcepos=\"13:26-13:34\">20 ml<\/strong>\u00a0(Minimerar frekventa p\u00e5fyllningar)<\/p>\n<p><strong data-sourcepos=\"14:3-14:24\">Batterikapacitet:<\/strong>\u00a0<strong data-sourcepos=\"14:25-14:48\">700mAh uppladdningsbar<\/strong>\u00a0(kraft hela dagen)<\/p>\n<p><strong data-sourcepos=\"15:3-15:17\">Spoletyp:<\/strong>\u00a0<strong data-sourcepos=\"15:18-15:36\">Dual Mesh Coil<\/strong>\u00a0(F\u00f6rb\u00e4ttrad smak- och \u00e5ngproduktion)<\/p>\n<p><strong data-sourcepos=\"16:3-16:20\">Touch Switch:<\/strong>\u00a0Intuitiv aktivering med ett tryck<\/p>\n<p><strong data-sourcepos=\"17:3-17:15\">Visa:<\/strong>\u00a0<strong data-sourcepos=\"17:16-17:36\">1,77 tum TFT-sk\u00e4rm<\/strong>\u00a0(Realtids\u00f6vervakning)<\/p>\n<p><strong data-sourcepos=\"18:3-18:18\">Indikatorer:<\/strong>\u00a0<strong data-sourcepos=\"18:19-18:53\">Olje- och batteriniv\u00e5indikatorer<\/strong><\/p>\n<p><strong data-sourcepos=\"19:3-19:24\">Str\u00f6mjustering:<\/strong>\u00a0<strong data-sourcepos=\"19:25-19:55\">Kontroll med tre knapptryckningar<\/strong><\/p>\n<p><strong data-sourcepos=\"20:3-20:21\">Laddningsport:<\/strong>\u00a0<strong data-sourcepos=\"20:22-20:32\">Typ-C<\/strong>\u00a0(Snabbt och effektivt)<\/p>\n<p><strong data-sourcepos=\"21:3-21:17\">F\u00f6rpackning:<\/strong>\u00a0<strong data-sourcepos=\"21:18-21:33\">10 st\/f\u00f6rp<\/strong>\u00a0(Perfekt f\u00f6r bulkk\u00f6pare)<\/p>\n<p><strong data-sourcepos=\"22:3-22:22\">Smakalternativ:<\/strong>\u00a0<strong data-sourcepos=\"22:23-22:39\">26 sorter<\/strong><\/p>\n<p>&nbsp;<\/p>\n<h3>Fumot Tornado 25000 | 25k Puffs Disponibel Vape Flavor List:<\/h3>\n<p>1. Banan Ice<\/p>\n<p>2. Jordgubbsvattenmelon<\/p>\n<p>3. Miami Mint<\/p>\n<p>4. Bl\u00e5b\u00e4rshallon<\/p>\n<p>5. Black Ice<\/p>\n<p>6. White Gummy Ice<\/p>\n<p>7. Vattenmelon Is<\/p>\n<p>8. Juicy Peach Ice<\/p>\n<p>9. Rosa lemonad<\/p>\n<p>10. Jordgubbsmango<\/p>\n<p>11. Persika Mango Vattenmelon<\/p>\n<p>12. Grape Citron<\/p>\n<p>13. Tropical Rainbow Blast<\/p>\n<p>14. Cherry Bomb<\/p>\n<p>15. Jordgubbsmintgodis<\/p>\n<p>16. Dubbelt \u00e4pple<\/p>\n<p>17. Bl\u00e5b\u00e4r p\u00e5 is<\/p>\n<p>18. Strawberry Ice<\/p>\n<p>19. Lush Ice<\/p>\n<p>20. Ananasis<\/p>\n<p>21. Grape Ice<\/p>\n<p>22. Dr Blue<\/p>\n<p>23. Kiwi Passionsfrukt Guava<\/p>\n<p>24. Cherry Cola<\/p>\n<p>25. Cool Mint<\/p>\n<p>26. Strawberry Red Bull<\/p>\n<p>&nbsp;<\/p>\n<p><img loading=\"lazy\" decoding=\"async\" class=\"alignnone wp-image-1057 size-full\" src=\"https:\/\/pgvape.com\/wp-content\/uploads\/2025\/09\/Pgvape-MOVKIN-Tornado-25000-25k-Puffs-Disposable-Vape-pen-touch-screen-Fumot-Original-E-cigarett-FDVAP-12.png\" alt=\"Fumot Tornado 25000 \u7535\u5b50\u70df\u5e7f\u544a\u5c55\u793a\u4e86\u4e24\u4e2a\u5e26\u6709\u53ef\u89c1 1,77 \u82f1\u5bf8 TFT\" width=\"2500\" height=\"1614\" srcset=\"https:\/\/pgvape.com\/wp-content\/uploads\/2025\/09\/Pgvape-MOVKIN-Tornado-25000-25k-Puffs-Disposable-Vape-pen-touch-screen-Fumot-Original-E-cigarett-FDVAP-12.png 2500w, https:\/\/pgvape.com\/wp-content\/uploads\/2025\/09\/Pgvape-MOVKIN-Tornado-25000-25k-Puffs-Disposable-Vape-pen-touch-screen-Fumot-Original-E-cigarett-FDVAP-12-555x358.png 555w, https:\/\/pgvape.com\/wp-content\/uploads\/2025\/09\/Pgvape-MOVKIN-Tornado-25000-25k-Puffs-Disposable-Vape-pen-touch-screen-Fumot-Original-E-cigarett-FDVAP-12-595x384.png 595w, https:\/\/pgvape.com\/wp-content\/uploads\/2025\/09\/Pgvape-MOVKIN-Tornado-25000-25k-Puffs-Disposable-Vape-pen-touch-screen-Fumot-Original-E-cigarett-FDVAP-12-400x258.png 400w, https:\/\/pgvape.com\/wp-content\/uploads\/2025\/09\/Pgvape-MOVKIN-Tornado-25000-25k-Puffs-Disposable-Vape-pen-touch-screen-Fumot-Original-E-cigarett-FDVAP-12-768x496.png 768w, https:\/\/pgvape.com\/wp-content\/uploads\/2025\/09\/Pgvape-MOVKIN-Tornado-25000-25k-Puffs-Disposable-Vape-pen-touch-screen-Fumot-Original-E-cigarett-FDVAP-12-1536x992.png 1536w, https:\/\/pgvape.com\/wp-content\/uploads\/2025\/09\/Pgvape-MOVKIN-Tornado-25000-25k-Puffs-Disposable-Vape-pen-touch-screen-Fumot-Original-E-cigarett-FDVAP-12-2048x1322.png 2048w, https:\/\/pgvape.com\/wp-content\/uploads\/2025\/09\/Pgvape-MOVKIN-Tornado-25000-25k-Puffs-Disposable-Vape-pen-touch-screen-Fumot-Original-E-cigarett-FDVAP-12-18x12.png 18w, https:\/\/pgvape.com\/wp-content\/uploads\/2025\/09\/Pgvape-MOVKIN-Tornado-25000-25k-Puffs-Disposable-Vape-pen-touch-screen-Fumot-Original-E-cigarett-FDVAP-12-600x387.png 600w, https:\/\/pgvape.com\/wp-content\/uploads\/2025\/09\/Pgvape-MOVKIN-Tornado-25000-25k-Puffs-Disposable-Vape-pen-touch-screen-Fumot-Original-E-cigarett-FDVAP-12-60x40.png 60w\" sizes=\"auto, (max-width: 2500px) 100vw, 2500px\" \/><\/p>\n<p>&nbsp;<\/p>\n<h3>Fumot Tornado 25000 | 25k Puffs Disponibel Vape <strong>Video:<\/strong><\/h3>\n<p><iframe loading=\"lazy\" title=\"Fumot Tornado 25000 | 25k Puffs Disponibel Vape | TFT-sk\u00e4rm | Vape Factory Direct pgvape\" width=\"563\" height=\"1000\" src=\"https:\/\/www.youtube.com\/embed\/Be4a8cFngCw?feature=oembed\" frameborder=\"0\" allow=\"accelerometer; autoplay; clipboard-write; encrypted-media; gyroscope; picture-in-picture; web-share\" referrerpolicy=\"strict-origin-when-cross-origin\" allowfullscreen><\/iframe><\/p>\n<p>&nbsp;<\/p>\n<h2 class=\"header-vfC6AV auto-hide-last-sibling-br\">Vanliga fr\u00e5gor om Fumot Tornado 25000 | 25k Puffs Disponibel Vape<\/h2>\n<p data-sourcepos=\"57:1-58:118\">\u2753 <strong data-sourcepos=\"57:3-57:70\">Vilka nikotinstyrkor erbjuder RandM Fumot Tornado 25K?<\/strong><br \/>\n\u2705 Den kommer in <strong data-sourcepos=\"58:15-58:21\">2%<\/strong>, <strong data-sourcepos=\"58:23-58:29\">3%<\/strong>, och <strong data-sourcepos=\"58:35-58:41\">5%<\/strong> nikotinniv\u00e5er, tillgodose b\u00e5de l\u00e4tta och starka preferenser f\u00f6r halsslag.<\/p>\n<p data-sourcepos=\"60:1-61:95\">\u2753 <strong data-sourcepos=\"60:3-60:63\">Hur m\u00e5nga bloss ger RandM Fumot Tornado 25K?<\/strong><br \/>\n\u2705 Det levererar <strong data-sourcepos=\"61:15-61:37\">upp till 25 000 bloss<\/strong>, vilket s\u00e4kerst\u00e4ller en ut\u00f6kad och tillfredsst\u00e4llande vapingupplevelse.<\/p>\n<p data-sourcepos=\"63:1-64:64\">\u2753 <strong data-sourcepos=\"63:3-63:68\">Vad \u00e4r kapaciteten f\u00f6r e-v\u00e4tska f\u00f6r RandM Fumot Tornado 25K?<\/strong><br \/>\n\u2705 Den har en <strong data-sourcepos=\"64:12-64:20\">20 ml<\/strong> e-v\u00e4tsketank, perfekt f\u00f6r l\u00e5ngvarig anv\u00e4ndning.<\/p>\n<p data-sourcepos=\"66:1-67:77\">\u2753 <strong data-sourcepos=\"66:3-66:51\">\u00c4r RandM Fumot Tornado 25K uppladdningsbar?<\/strong><br \/>\n\u2705 Ja, det inkluderar en <strong data-sourcepos=\"67:22-67:53\">700mAh uppladdningsbart batteri<\/strong> f\u00f6r konsekvent kraft.<\/p>\n<p data-sourcepos=\"69:1-70:71\">\u2753 <strong data-sourcepos=\"69:3-69:37\">Vilken typ av spole anv\u00e4nder den?<\/strong><br \/>\n\u2705 Den anv\u00e4nder en <strong data-sourcepos=\"70:13-70:31\">dubbel mesh spole<\/strong> f\u00f6r rikare smak och mjukare \u00e5nga.<\/p>\n<p data-sourcepos=\"72:1-73:56\">\u2753 <strong data-sourcepos=\"72:3-72:34\">Hur fungerar enheten?<\/strong><br \/>\n\u2705 Den har en <strong data-sourcepos=\"73:17-73:33\">tryckknapp<\/strong> f\u00f6r enkel aktivering.<\/p>\n<p data-sourcepos=\"75:1-76:74\">\u2753 <strong data-sourcepos=\"75:3-75:48\">Vilken typ av sk\u00e4rm har enheten?<\/strong><br \/>\n\u2705 Den har en <strong data-sourcepos=\"76:12-76:32\">1,77 tum TFT-sk\u00e4rm<\/strong> f\u00f6r tydlig synlighet av vaping-m\u00e5tt.<\/p>\n<p data-sourcepos=\"78:1-79:75\">\u2753 <strong data-sourcepos=\"78:3-78:48\">Kan jag \u00f6vervaka olje- och batteriniv\u00e5erna?<\/strong><br \/>\n\u2705 Ja, inbyggd <strong data-sourcepos=\"79:17-79:31\">indikatorer<\/strong> visa b\u00e5de e-v\u00e4tska och batteriniv\u00e5er.<\/p>\n<p data-sourcepos=\"81:1-82:69\">\u2753 <strong data-sourcepos=\"81:3-81:40\">Hur justerar jag uteffekten?<\/strong><br \/>\n\u2705 Tryck p\u00e5 knappen <strong data-sourcepos=\"82:20-82:35\">tre g\u00e5nger<\/strong> f\u00f6r att anpassa effektinst\u00e4llningen.<\/p>\n<p data-sourcepos=\"84:1-85:63\">\u2753 <strong data-sourcepos=\"84:3-84:46\">Vilken typ av laddningsport anv\u00e4nder den?<br \/>\n<\/strong> \u2705 Den anv\u00e4nder en <strong data-sourcepos=\"85:13-85:28\">Typ-C-port<\/strong> f\u00f6r snabb och effektiv laddning.<\/p>\n<p>&nbsp;<\/p>\n<h3 id=\"brxe-najhln\" class=\"brxe-heading\">Vanliga fr\u00e5gor (FAQ)<\/h3>\n<div id=\"brxe-rajiac\" class=\"brxe-text\">\n<p><strong>F: Vilka betalningsmetoder accepterar du?<\/strong><br \/>\nS: Vi accepterar PayPal, Stripe, bank\u00f6verf\u00f6ringar (st\u00f6ds med SEPA), vanliga kreditkort (Visa, MasterCard, American Express) och betalningar i kryptovaluta.<\/p>\n<p><strong>F: Hur l\u00e5ng tid tar best\u00e4llningsberedningen?<\/strong><br \/>\nS: Best\u00e4llningsf\u00f6rberedelse tar 1-3 arbetsdagar.<\/p>\n<p><strong>F: Vad \u00e4r leveranstiden?<\/strong><br \/>\nS: Leveranstiden \u00e4r 7-14 arbetsdagar, beroende p\u00e5 var du befinner dig.<\/p>\n<p><strong>F: Hur kan jag sp\u00e5ra min best\u00e4llning?<\/strong><br \/>\nS: Efter leverans kommer du att f\u00e5 ett bekr\u00e4ftelsemail med ett sp\u00e5rningsnummer f\u00f6r sp\u00e5rning i realtid.<\/p>\n<p><strong>F: Vilken \u00e4r din returpolicy?<\/strong><br \/>\nS: Vi erbjuder en 30-dagars returpolicy f\u00f6r \u00e5terbetalningar eller byten. .<\/p>\n<p><strong>F: Kommer det att finnas n\u00e5gra tullproblem?<br \/>\n<\/strong>Vi hanterar alla tullf\u00f6rfaranden f\u00f6r att s\u00e4kerst\u00e4lla en problemfri upplevelse f\u00f6r dig. .<\/p>\n<p><strong>F: Vilka frakts\u00e4tt anv\u00e4nds?<\/strong><br \/>\nVi samarbetar med UPS\/DHL\/FEDEX\/DPD, etc. Vi kommer att v\u00e4lja l\u00e4mpligt fraktalternativ beroende p\u00e5 leveransland f\u00f6r att s\u00e4kerst\u00e4lla att du f\u00e5r dina produkter s\u00e5 snabbt som m\u00f6jligt.<\/p>\n<p><a href=\"https:\/\/pgvape.com\/sv\/vanliga-fragor\/\">Klicka h\u00e4r f\u00f6r mer FAQ<\/a><\/p>\n<p>K\u00e4ra kunder, Om du har n\u00e5gra fr\u00e5gor om din best\u00e4llning eller ankomsten av varor, v\u00e4nligen kontakta v\u00e5r kundtj\u00e4nst. Tack!<\/p>\n<h3 data-sourcepos=\"73:1-73:21\"><strong data-sourcepos=\"73:7-73:21\">Kontakta oss<\/strong><\/h3>\n<div id=\"text-2419739398\" class=\"text\">\n<p><strong data-sourcepos=\"75:3-75:12\">E-post<\/strong>:\u00a0<a href=\"mailto:support@pgvape.com\"><strong>support@pgvape.com<\/strong><\/a><\/p>\n<p><strong data-sourcepos=\"76:3-76:15\">WhatsApp<\/strong>: <a href=\"https:\/\/wa.me\/+8618128481258\"><strong>+86 18128481258<\/strong><\/a><br \/>\n<strong>(Svara inom 24 timmar p\u00e5 arbetsdagar)<\/strong><\/p>\n<\/div>\n<h3><strong>Tack f\u00f6r att du valde pgvape.com! .<\/strong><\/h3>\n<\/div>","protected":false},"excerpt":{"rendered":"<p><strong data-sourcepos=\"90:5-90:54\">RandM Fumot Tornado 25K Puffs eng\u00e5ngsvape<\/strong> funktioner a <strong data-sourcepos=\"90:66-90:92\">20 ml e-v\u00e4tska kapacitet<\/strong>, <strong data-sourcepos=\"90:94-90:112\">700mAh batteri<\/strong>, och <strong data-sourcepos=\"90:118-90:136\">dubbel mesh spole<\/strong> f\u00f6r intensiv smak. <strong data-sourcepos=\"90:161-90:181\">1,77 tum TFT-sk\u00e4rm<\/strong> och <strong data-sourcepos=\"90:186-90:202\">tryckknapp<\/strong> erbjuda premium kontroll, medan <strong data-sourcepos=\"90:232-90:246\">26 smaker<\/strong> och <strong data-sourcepos=\"90:251-90:273\">10-delad f\u00f6rpackning<\/strong> g\u00f6r det till ett toppval f\u00f6r b\u00e5de vapers och s\u00e4ljare.<\/p>","protected":false},"featured_media":1449,"comment_status":"open","ping_status":"closed","template":"","meta":{"_seopress_robots_primary_cat":"none","_seopress_titles_title":"%%post_title%% %%sep%% %%sitetitle%%","_seopress_titles_desc":"","_seopress_robots_index":""},"product_brand":[516,162],"product_cat":[94,515,26],"product_tag":[99,96,101,97,95,100,98],"class_list":{"0":"post-1044","1":"product","2":"type-product","3":"status-publish","4":"has-post-thumbnail","6":"product_brand-disposable-vape","7":"product_brand-fumot-vape","8":"product_cat-25k-puffs-vape","9":"product_cat-disposable-vape","10":"product_cat-fumot-vape","11":"product_tag-13smakar","12":"product_tag-25k-puffs","13":"product_tag-25k-vape","14":"product_tag-disponibel-vape","15":"product_tag-fumot-tornado-25000","16":"product_tag-pekskarm","17":"product_tag-tft-screen","19":"first","20":"outofstock","21":"sale","22":"shipping-taxable","23":"purchasable","24":"product-type-variable"},"_links":{"self":[{"href":"https:\/\/pgvape.com\/sv\/wp-json\/wp\/v2\/product\/1044","targetHints":{"allow":["GET"]}}],"collection":[{"href":"https:\/\/pgvape.com\/sv\/wp-json\/wp\/v2\/product"}],"about":[{"href":"https:\/\/pgvape.com\/sv\/wp-json\/wp\/v2\/types\/product"}],"replies":[{"embeddable":true,"href":"https:\/\/pgvape.com\/sv\/wp-json\/wp\/v2\/comments?post=1044"}],"wp:featuredmedia":[{"embeddable":true,"href":"https:\/\/pgvape.com\/sv\/wp-json\/wp\/v2\/media\/1449"}],"wp:attachment":[{"href":"https:\/\/pgvape.com\/sv\/wp-json\/wp\/v2\/media?parent=1044"}],"wp:term":[{"taxonomy":"product_brand","embeddable":true,"href":"https:\/\/pgvape.com\/sv\/wp-json\/wp\/v2\/product_brand?post=1044"},{"taxonomy":"product_cat","embeddable":true,"href":"https:\/\/pgvape.com\/sv\/wp-json\/wp\/v2\/product_cat?post=1044"},{"taxonomy":"product_tag","embeddable":true,"href":"https:\/\/pgvape.com\/sv\/wp-json\/wp\/v2\/product_tag?post=1044"}],"curies":[{"name":"wp","href":"https:\/\/api.w.org\/{rel}","templated":true}]}}