{"id":10253,"date":"2026-04-29T13:00:29","date_gmt":"2026-04-29T13:00:29","guid":{"rendered":"https:\/\/pgvape.com\/?post_type=product&#038;p=10253"},"modified":"2026-04-29T13:00:29","modified_gmt":"2026-04-29T13:00:29","slug":"qq-bang-120k-engangsvape-med-120000-puffar-snabbladdning-och-led-display","status":"publish","type":"product","link":"https:\/\/pgvape.com\/sv\/produkt\/qq-bang-120k-engangsvape-med-120000-puffar-snabbladdning-och-led-display\/","title":{"rendered":"QQ Bang 120K disponibel vape med 120000 puffar snabbladdning och LED-sk\u00e4rm"},"content":{"rendered":"<h2 data-start=\"0\" data-end=\"76\"><strong data-start=\"3\" data-end=\"76\">QQ Bang 120K disponibel vape | smart b\u00e4rbar h\u00f6gpresterande enhet<\/strong><\/h2>\n<p data-start=\"78\" data-end=\"301\">QQ Bang 120K Disposable Vape \u00e4r designad f\u00f6r anv\u00e4ndare som v\u00e4rdes\u00e4tter portabilitet, p\u00e5litlig prestanda och modern bekv\u00e4mlighet, och levererar en smidig och tillfredsst\u00e4llande vapingupplevelse i en kompakt enhet.<\/p>\n<p data-start=\"303\" data-end=\"530\">Med ett system med ensmak och 1.0\u03a9 v\u00e4rmetr\u00e5d ger den ren smak, balanserad halstr\u00e4ff och stabil \u00e5ngeffekt. Med flera alternativ f\u00f6r nikotinstyrka och 12 popul\u00e4ra smaker passar den ett brett spektrum av preferenser.<\/p>\n<p data-start=\"532\" data-end=\"764\">Drivs av ett 650mAh uppladdningsbart batteri med Type-C snabbladdning, s\u00e4kerst\u00e4ller den h\u00e4r enheten effektiv daglig anv\u00e4ndning och bekv\u00e4m laddning. Den inbyggda LED-displayen ger batteri\u00f6vervakning i realtid f\u00f6r \u00f6kad kontroll och enkel anv\u00e4ndning.<\/p>\n<p data-start=\"766\" data-end=\"858\" data-is-last-node=\"\" data-is-only-node=\"\">Ett idealiskt val f\u00f6r anv\u00e4ndare som s\u00f6ker stil, funktionalitet och p\u00e5litlig vardagsprestanda.<\/p>\n<p>&nbsp;<\/p>\n<h3 id=\"brxe-najhln\" class=\"brxe-heading\"><\/h3>\n<p data-start=\"766\" data-end=\"858\" data-is-last-node=\"\" data-is-only-node=\"\">\n<h2 data-start=\"766\" data-end=\"858\"><strong>QQ Bang 120K puffar eng\u00e5ngsvape <\/strong><strong>Produktens h\u00f6jdpunkter<\/strong><\/h2>\n<p data-start=\"58\" data-end=\"170\"><strong data-start=\"58\" data-end=\"81\">Upp till 120 000 puffar<\/strong> \u2013 L\u00e5ngvarig prestanda designad f\u00f6r p\u00e5litlig daglig vaping med f\u00e4rre utbyten.<\/p>\n<p data-start=\"172\" data-end=\"293\"><strong data-start=\"172\" data-end=\"201\">Flera nikotinalternativ<\/strong> \u2013 Finns i <strong data-start=\"217\" data-end=\"235\">2%, 3% och 5%<\/strong> f\u00f6r flexibel tillfredsst\u00e4llelse baserat p\u00e5 personliga preferenser.<\/p>\n<p data-start=\"295\" data-end=\"384\"><strong data-start=\"295\" data-end=\"319\">Enkelt smaksystem<\/strong> \u2013 Ren och konsekvent smakleverans fr\u00e5n f\u00f6rsta bloss till sista.<\/p>\n<p data-start=\"386\" data-end=\"500\"><strong data-start=\"386\" data-end=\"418\">1.0\u03a9 Heating Wire Technology<\/strong> \u2013 J\u00e4mn \u00e5ngproduktion, balanserad halstr\u00e4ff och stabil \u00f6vergripande prestanda.<\/p>\n<p data-start=\"502\" data-end=\"598\"><strong data-start=\"502\" data-end=\"533\">650mAh uppladdningsbart batteri<\/strong> \u2013 P\u00e5litligt inbyggt batteri st\u00f6der ut\u00f6kade vapingsessioner.<\/p>\n<p data-start=\"600\" data-end=\"703\"><strong data-start=\"600\" data-end=\"624\">Typ-C snabbladdning<\/strong> \u2013 Snabb och effektiv laddning f\u00f6r minskad stillest\u00e5ndstid och st\u00f6rre bekv\u00e4mlighet.<\/p>\n<p data-start=\"705\" data-end=\"801\"><strong data-start=\"705\" data-end=\"727\">LED-sk\u00e4rm<\/strong> \u2013 Batteri\u00f6vervakning i realtid f\u00f6r b\u00e4ttre kontroll och anv\u00e4ndarbekv\u00e4mlighet.<\/p>\n<p data-start=\"803\" data-end=\"893\"><strong data-start=\"803\" data-end=\"832\">Kompakt och b\u00e4rbar design<\/strong> \u2013 L\u00e4tt och l\u00e4tt att b\u00e4ra f\u00f6r dagligt bruk \u00f6verallt.<\/p>\n<p data-start=\"895\" data-end=\"980\"><strong data-start=\"895\" data-end=\"916\">12 smakalternativ<\/strong> \u2013 Brett urval av popul\u00e4ra smaker f\u00f6r olika smaker.<\/p>\n<p data-start=\"982\" data-end=\"1098\"><strong data-start=\"982\" data-end=\"1012\">J\u00e4mn &amp; konsekvent utg\u00e5ng<\/strong> \u2013 Optimerat v\u00e4rmesystem s\u00e4kerst\u00e4ller tillfredsst\u00e4llande dragningar under hela enhetens livsl\u00e4ngd.<\/p>\n<p data-start=\"1100\" data-end=\"1213\" data-is-last-node=\"\" data-is-only-node=\"\"><strong data-start=\"1100\" data-end=\"1127\">Modern enhet f\u00f6r daglig anv\u00e4ndning<\/strong> \u2013 Kombinerar portabilitet, smarta funktioner och p\u00e5litlig prestanda i en snygg vape.<\/p>\n<p>&nbsp;<\/p>\n<h2 data-start=\"766\" data-end=\"858\"><strong>QQ Bang 120K puffar Disposable Vape Flavor List<\/strong><\/h2>\n<p><strong data-start=\"56\" data-end=\"84\">1.Blackberry Red Hallon<\/strong><\/p>\n<p><strong data-start=\"89\" data-end=\"106\">2.Blue Razz Ice<\/strong><\/p>\n<p><strong data-start=\"111\" data-end=\"138\">3.Bl\u00e5b\u00e4rsr\u00f6da hallon<\/strong><\/p>\n<p><strong data-start=\"143\" data-end=\"159\">4. Sakura Grape<\/strong><\/p>\n<p><strong data-start=\"164\" data-end=\"183\">5. Jordgubbskiwi<\/strong><\/p>\n<p><strong data-start=\"188\" data-end=\"214\">6. Vattenmelon Mango Peach<\/strong><\/p>\n<p><strong data-start=\"219\" data-end=\"237\">7. Vattenmelon Is<\/strong><\/p>\n<p><strong data-start=\"242\" data-end=\"268\">8.Hubba Bubba Strawberry<\/strong><\/p>\n<p><strong data-start=\"273\" data-end=\"303\">9.Bl\u00e5b\u00e4rshallonk\u00f6rsb\u00e4r<\/strong><\/p>\n<p><strong data-start=\"308\" data-end=\"325\">10.Blandade b\u00e4r<\/strong><\/p>\n<p><strong data-start=\"330\" data-end=\"358\">11. Cherry Watermelon Freeze<\/strong><\/p>\n<p><strong data-start=\"363\" data-end=\"380\">12.Saftiga persikor<img loading=\"lazy\" decoding=\"async\" class=\"alignnone wp-image-10258 size-full\" src=\"https:\/\/pgvape.com\/wp-content\/uploads\/2026\/04\/QQ-Bang-120K-Disposable-Vape-With-120000-Puffs-Fast-Charging-And-LED-Display-3.png\" alt=\"Rutn\u00e4t med 18 f\u00e4rgglada QQ Bang-flaskor med olika fruktsmaker som visas p\u00e5 en rosa-till-orange gradientbakgrund.\" width=\"1500\" height=\"1325\" srcset=\"https:\/\/pgvape.com\/wp-content\/uploads\/2026\/04\/QQ-Bang-120K-Disposable-Vape-With-120000-Puffs-Fast-Charging-And-LED-Display-3.png 1500w, https:\/\/pgvape.com\/wp-content\/uploads\/2026\/04\/QQ-Bang-120K-Disposable-Vape-With-120000-Puffs-Fast-Charging-And-LED-Display-3-408x360.png 408w, https:\/\/pgvape.com\/wp-content\/uploads\/2026\/04\/QQ-Bang-120K-Disposable-Vape-With-120000-Puffs-Fast-Charging-And-LED-Display-3-595x526.png 595w, https:\/\/pgvape.com\/wp-content\/uploads\/2026\/04\/QQ-Bang-120K-Disposable-Vape-With-120000-Puffs-Fast-Charging-And-LED-Display-3-400x353.png 400w, https:\/\/pgvape.com\/wp-content\/uploads\/2026\/04\/QQ-Bang-120K-Disposable-Vape-With-120000-Puffs-Fast-Charging-And-LED-Display-3-768x678.png 768w, https:\/\/pgvape.com\/wp-content\/uploads\/2026\/04\/QQ-Bang-120K-Disposable-Vape-With-120000-Puffs-Fast-Charging-And-LED-Display-3-14x12.png 14w, https:\/\/pgvape.com\/wp-content\/uploads\/2026\/04\/QQ-Bang-120K-Disposable-Vape-With-120000-Puffs-Fast-Charging-And-LED-Display-3-600x530.png 600w\" sizes=\"auto, (max-width: 1500px) 100vw, 1500px\" \/><\/strong><\/p>\n<p>&nbsp;<\/p>\n<h2 data-start=\"766\" data-end=\"858\"><strong>Vanliga fr\u00e5gor QQ Bang 120K puffar Disposable Vape<\/strong><\/h2>\n<p data-start=\"45\" data-end=\"208\"><strong data-start=\"45\" data-end=\"89\">\u2753 Vilka nikotinstyrkor finns tillg\u00e4ngliga?<\/strong><br data-start=\"89\" data-end=\"92\" \/>\u2705 Enheten \u00e4r tillg\u00e4nglig i <strong data-start=\"121\" data-end=\"156\">2%, 3% och 5% nikotinalternativ<\/strong>, vilket ger anv\u00e4ndarna flexibla val baserat p\u00e5 preferenser.<\/p>\n<p data-start=\"210\" data-end=\"359\"><strong data-start=\"210\" data-end=\"255\">\u2753 Vilken typ av smaksystem anv\u00e4nder den?<\/strong><br data-start=\"255\" data-end=\"258\" \/>\u2705 Den har en <strong data-start=\"274\" data-end=\"298\">enda smaksystem<\/strong>, ger en ren och konsekvent smak fr\u00e5n b\u00f6rjan till slut.<\/p>\n<p data-start=\"361\" data-end=\"510\"><strong data-start=\"361\" data-end=\"395\">\u2753 Vad \u00e4r spolresistansen?<\/strong><br data-start=\"395\" data-end=\"398\" \/>\u2705 Enheten anv\u00e4nder en <strong data-start=\"418\" data-end=\"439\">1.0\u03a9 v\u00e4rmetr\u00e5d<\/strong>, levererar j\u00e4mn \u00e5nga, balanserad halstr\u00e4ff och stabil prestanda.<\/p>\n<p data-start=\"512\" data-end=\"629\"><strong data-start=\"512\" data-end=\"546\">\u2753 \u00c4r batteriet uppladdningsbart?<\/strong><br data-start=\"546\" data-end=\"549\" \/>\u2705 Ja, det f\u00f6ljer med en <strong data-start=\"572\" data-end=\"603\">650mAh uppladdningsbart batteri<\/strong> f\u00f6r p\u00e5litlig daglig anv\u00e4ndning.<\/p>\n<p data-start=\"631\" data-end=\"776\"><strong data-start=\"631\" data-end=\"674\">\u2753 Vilken laddningsmetod st\u00f6der den?<\/strong><br data-start=\"674\" data-end=\"677\" \/>\u2705 Det st\u00f6der <strong data-start=\"691\" data-end=\"715\">Typ-C snabbladdning<\/strong>, vilket m\u00f6jligg\u00f6r snabb och effektiv laddning med mindre stillest\u00e5ndstid.<\/p>\n<p data-start=\"778\" data-end=\"896\"><strong data-start=\"778\" data-end=\"814\">\u2753 Har den en bildsk\u00e4rm?<\/strong><br data-start=\"814\" data-end=\"817\" \/>\u2705 Ja, enheten har en <strong data-start=\"847\" data-end=\"862\">LED display<\/strong> f\u00f6r batteri\u00f6vervakning i realtid.<\/p>\n<p data-start=\"898\" data-end=\"1015\"><strong data-start=\"898\" data-end=\"927\">\u2753 \u00c4r enheten b\u00e4rbar?<\/strong><br data-start=\"927\" data-end=\"930\" \/>\u2705 Absolut. Dess <strong data-start=\"948\" data-end=\"982\">kompakt och l\u00e4tt design<\/strong> g\u00f6r den l\u00e4tt att b\u00e4ra \u00f6verallt.<\/p>\n<p data-start=\"1017\" data-end=\"1134\"><strong data-start=\"1017\" data-end=\"1054\">\u2753 Hur m\u00e5nga smaker finns tillg\u00e4ngliga?<\/strong><br data-start=\"1054\" data-end=\"1057\" \/>\u2705 Den kommer in <strong data-start=\"1071\" data-end=\"1092\">12 smakalternativ<\/strong>, som erbjuder ett brett utbud av popul\u00e4ra smaker.<\/p>\n<p data-start=\"1136\" data-end=\"1334\" data-is-last-node=\"\" data-is-only-node=\"\"><strong data-start=\"1136\" data-end=\"1175\">\u2753 Varf\u00f6r v\u00e4lja QQ Bang 120K Vape?<\/strong><br data-start=\"1175\" data-end=\"1178\" \/>\u2705 Det kombinerar <strong data-start=\"1192\" data-end=\"1287\">modern LED-funktionalitet, uppladdningsbar bekv\u00e4mlighet, b\u00e4rbar design och smidig prestanda<\/strong>, vilket g\u00f6r den till ett utm\u00e4rkt val f\u00f6r daglig vaping.<\/p>\n<p>&nbsp;<\/p>\n<h3 id=\"brxe-najhln\" class=\"brxe-heading\">Vanliga fr\u00e5gor (FAQ)<\/h3>\n<div id=\"brxe-rajiac\" class=\"brxe-text\">\n<p><strong>F: Vilka betalningsmetoder accepterar du?<\/strong><br \/>\nS: Vi accepterar PayPal, Stripe, bank\u00f6verf\u00f6ringar (st\u00f6ds med SEPA), vanliga kreditkort (Visa, MasterCard, American Express) och betalningar i kryptovaluta.<\/p>\n<p><strong>F: Hur l\u00e5ng tid tar best\u00e4llningsberedningen?<\/strong><br \/>\nS: Best\u00e4llningsf\u00f6rberedelse tar 1-3 arbetsdagar.<\/p>\n<p><strong>F: Vad \u00e4r leveranstiden?<\/strong><br \/>\nS: Leveranstiden \u00e4r 7-14 arbetsdagar, beroende p\u00e5 var du befinner dig. Varor som skickas fr\u00e5n europeiska lager tar vanligtvis 3-6 arbetsdagar f\u00f6r leverans.<\/p>\n<p><strong>F: Hur kan jag sp\u00e5ra min best\u00e4llning?<\/strong><br \/>\nS: Efter leverans kommer du att f\u00e5 ett bekr\u00e4ftelsemail med ett sp\u00e5rningsnummer f\u00f6r sp\u00e5rning i realtid.<\/p>\n<p><strong>F: Vilken \u00e4r din returpolicy?<\/strong><br \/>\nS: Vi erbjuder en 30-dagars returpolicy f\u00f6r \u00e5terbetalningar eller byten. .<\/p>\n<p><strong>F: Kommer det att finnas n\u00e5gra tullproblem?<br \/>\n<\/strong>Vi hanterar alla tullf\u00f6rfaranden f\u00f6r att s\u00e4kerst\u00e4lla en problemfri upplevelse f\u00f6r dig. .<\/p>\n<p><strong>F: Vilka frakts\u00e4tt anv\u00e4nds?<\/strong><br \/>\nVi samarbetar med UPS\/DHL\/FEDEX\/DPD, etc. Vi kommer att v\u00e4lja l\u00e4mpligt fraktalternativ beroende p\u00e5 leveransland f\u00f6r att s\u00e4kerst\u00e4lla att du f\u00e5r dina produkter s\u00e5 snabbt som m\u00f6jligt.<\/p>\n<p><a href=\"https:\/\/pgvape.com\/sv\/vanliga-fragor\/\">Klicka h\u00e4r f\u00f6r mer FAQ<\/a><\/p>\n<p>K\u00e4ra kunder, Om du har n\u00e5gra fr\u00e5gor om din best\u00e4llning eller ankomsten av varor, v\u00e4nligen kontakta v\u00e5r kundtj\u00e4nst. Tack!<\/p>\n<h3 data-sourcepos=\"73:1-73:21\"><strong data-sourcepos=\"73:7-73:21\">Kontakta oss<\/strong><\/h3>\n<div id=\"text-2419739398\" class=\"text\">\n<p><strong data-sourcepos=\"75:3-75:12\">E-post<\/strong>:\u00a0<a href=\"mailto:support@pgvape.com\"><strong>support@pgvape.com<\/strong><\/a><\/p>\n<p><strong data-sourcepos=\"76:3-76:15\">WhatsApp<\/strong>:\u00a0<a href=\"https:\/\/wa.me\/+8618128481258\"><strong>+86 18128481258<\/strong><\/a><br \/>\n<strong>(Svara inom 24 timmar p\u00e5 arbetsdagar)<\/strong><\/p>\n<\/div>\n<h3><strong>Tack f\u00f6r att du valde pgvape.com! .<\/strong><\/h3>\n<\/div>","protected":false},"excerpt":{"rendered":"<p data-start=\"0\" data-end=\"32\"><strong data-start=\"0\" data-end=\"32\">QQ Bang 120K disponibel vape <\/strong>Upp till 120 000 puffar med ett enda smaksystem f\u00f6r ren, konsekvent smak. Drivs av en 1.0\u03a9 v\u00e4rmetr\u00e5d och 650mAh uppladdningsbart batteri f\u00f6r j\u00e4mn, stabil prestanda. Har Type-C snabbladdning, LED-batteridisplay och 12 smakalternativ i en kompakt b\u00e4rbar design.<\/p>","protected":false},"featured_media":10257,"comment_status":"open","ping_status":"closed","template":"","meta":{"_seopress_robots_primary_cat":"","_seopress_titles_title":"","_seopress_titles_desc":"","_seopress_robots_index":""},"product_brand":[516,654],"product_cat":[69,515,653],"product_tag":[354,90,652,79,657],"class_list":{"0":"post-10253","1":"product","2":"type-product","3":"status-publish","4":"has-post-thumbnail","6":"product_brand-disposable-vape","7":"product_brand-qqbang-vape","8":"product_cat-120k-puffs-vape","9":"product_cat-disposable-vape","10":"product_cat-qqbang-vape","11":"product_tag-120k-puffs-vape","12":"product_tag-disposable-vape","13":"product_tag-fast-charging","14":"product_tag-led-display","15":"product_tag-qq-bang-120k","17":"first","18":"instock","19":"sale","20":"shipping-taxable","21":"purchasable","22":"product-type-variable"},"_links":{"self":[{"href":"https:\/\/pgvape.com\/sv\/wp-json\/wp\/v2\/product\/10253","targetHints":{"allow":["GET"]}}],"collection":[{"href":"https:\/\/pgvape.com\/sv\/wp-json\/wp\/v2\/product"}],"about":[{"href":"https:\/\/pgvape.com\/sv\/wp-json\/wp\/v2\/types\/product"}],"replies":[{"embeddable":true,"href":"https:\/\/pgvape.com\/sv\/wp-json\/wp\/v2\/comments?post=10253"}],"wp:featuredmedia":[{"embeddable":true,"href":"https:\/\/pgvape.com\/sv\/wp-json\/wp\/v2\/media\/10257"}],"wp:attachment":[{"href":"https:\/\/pgvape.com\/sv\/wp-json\/wp\/v2\/media?parent=10253"}],"wp:term":[{"taxonomy":"product_brand","embeddable":true,"href":"https:\/\/pgvape.com\/sv\/wp-json\/wp\/v2\/product_brand?post=10253"},{"taxonomy":"product_cat","embeddable":true,"href":"https:\/\/pgvape.com\/sv\/wp-json\/wp\/v2\/product_cat?post=10253"},{"taxonomy":"product_tag","embeddable":true,"href":"https:\/\/pgvape.com\/sv\/wp-json\/wp\/v2\/product_tag?post=10253"}],"curies":[{"name":"wp","href":"https:\/\/api.w.org\/{rel}","templated":true}]}}