{"id":10228,"date":"2026-04-29T12:35:29","date_gmt":"2026-04-29T12:35:29","guid":{"rendered":"https:\/\/pgvape.com\/?post_type=product&#038;p=10228"},"modified":"2026-04-29T12:35:29","modified_gmt":"2026-04-29T12:35:29","slug":"qq-bang-150k-parfym-stil-engangs-vape-parfymflaska-design-med-65000-bloss-och-snabbladdning","status":"publish","type":"product","link":"https:\/\/pgvape.com\/sv\/produkt\/qq-bang-150k-parfym-stil-engangs-vape-parfymflaska-design-med-65000-bloss-och-snabbladdning\/","title":{"rendered":"QQ Bang 150K parfymstil disponibel vape parfymflaska design med 65000 puffar och snabbladdning"},"content":{"rendered":"<h2 data-start=\"0\" data-end=\"78\"><strong data-start=\"3\" data-end=\"78\">QQ Bang 150K disponibel vape | Snygg b\u00e4rbar h\u00f6gpresterande enhet<\/strong><\/h2>\n<p data-start=\"80\" data-end=\"298\">QQ Bang 150K Disposable Vape \u00e4r designad f\u00f6r anv\u00e4ndare som v\u00e4rdes\u00e4tter portabilitet, p\u00e5litlig prestanda och elegant stil, och levererar en smidig och tillfredsst\u00e4llande vapingupplevelse i en kompakt enhet.<\/p>\n<p data-start=\"300\" data-end=\"527\">Med ett system med ensmak och 1.0\u03a9 v\u00e4rmetr\u00e5d ger den ren smak, balanserad halstr\u00e4ff och stabil \u00e5ngeffekt. Med flera alternativ f\u00f6r nikotinstyrka och 10 popul\u00e4ra smaker passar den ett brett spektrum av preferenser.<\/p>\n<p data-start=\"529\" data-end=\"727\">Drivs av ett 650mAh uppladdningsbart batteri med Type-C snabbladdning, s\u00e4kerst\u00e4ller den h\u00e4r enheten bekv\u00e4m daglig anv\u00e4ndning och effektiv laddning. Dess parfymflaska design ger en premium och moderiktig touch.<\/p>\n<p data-start=\"729\" data-end=\"819\" data-is-last-node=\"\" data-is-only-node=\"\">Ett idealiskt val f\u00f6r anv\u00e4ndare som s\u00f6ker stil, bekv\u00e4mlighet och p\u00e5litlig vardagsprestanda.<\/p>\n<p>&nbsp;<\/p>\n<h3 id=\"brxe-najhln\" class=\"brxe-heading\"><\/h3>\n<p data-start=\"729\" data-end=\"819\" data-is-last-node=\"\" data-is-only-node=\"\">\n<h2 data-start=\"0\" data-end=\"78\"><strong data-start=\"3\" data-end=\"78\">QQ Bang 150K Puffs Disposable Vape Produkth\u00f6jdpunkter<\/strong><\/h2>\n<p data-start=\"58\" data-end=\"170\"><strong data-start=\"58\" data-end=\"81\">Upp till 150 000 puffar<\/strong> \u2013 L\u00e5ngvarig prestanda designad f\u00f6r p\u00e5litlig daglig vaping med f\u00e4rre utbyten.<\/p>\n<p data-start=\"172\" data-end=\"289\"><strong data-start=\"172\" data-end=\"201\">Flera nikotinalternativ<\/strong> \u2013 Finns i <strong data-start=\"217\" data-end=\"235\">2%, 3% och 5%<\/strong> f\u00f6r flexibel tillfredsst\u00e4llelse baserat p\u00e5 anv\u00e4ndarens preferenser.<\/p>\n<p data-start=\"291\" data-end=\"400\"><strong data-start=\"291\" data-end=\"315\">Enkelt smaksystem<\/strong> \u2013 Ren och konsekvent smakleverans f\u00f6r en ren, oavbruten smakupplevelse.<\/p>\n<p data-start=\"402\" data-end=\"527\"><strong data-start=\"402\" data-end=\"434\">1.0\u03a9 Heating Wire Technology<\/strong> \u2013 Balanserat v\u00e4rmesystem ger j\u00e4mn \u00e5nga, stabil uteffekt och tillfredsst\u00e4llande halstr\u00e4ff.<\/p>\n<p data-start=\"529\" data-end=\"625\"><strong data-start=\"529\" data-end=\"560\">650mAh uppladdningsbart batteri<\/strong> \u2013 P\u00e5litligt inbyggt batteri st\u00f6der ut\u00f6kade vapingsessioner.<\/p>\n<p data-start=\"627\" data-end=\"712\"><strong data-start=\"627\" data-end=\"651\">Typ-C snabbladdning<\/strong> \u2013 Snabb och effektiv laddning f\u00f6r bekv\u00e4m anv\u00e4ndning hela dagen.<\/p>\n<p data-start=\"714\" data-end=\"802\"><strong data-start=\"714\" data-end=\"739\">Design f\u00f6r parfymflaskor<\/strong> \u2013 Elegant och stilrent utseende med en f\u00f6rstklassig modern look.<\/p>\n<p data-start=\"804\" data-end=\"895\"><strong data-start=\"804\" data-end=\"832\">Kompakt och b\u00e4rbar konstruktion<\/strong> \u2013 L\u00e4ttviktsstruktur designad f\u00f6r enkel att b\u00e4ra \u00f6verallt.<\/p>\n<p data-start=\"897\" data-end=\"988\"><strong data-start=\"897\" data-end=\"918\">10 smakalternativ<\/strong> \u2013 Brett urval av popul\u00e4ra smaker f\u00f6r att matcha olika preferenser.<\/p>\n<p data-start=\"990\" data-end=\"1115\"><strong data-start=\"990\" data-end=\"1025\">J\u00e4mn och konsekvent prestanda<\/strong> \u2013 Optimerat luftfl\u00f6de och v\u00e4rmesystem s\u00e4kerst\u00e4ller tillfredsst\u00e4llande drag fr\u00e5n f\u00f6rsta bloss till sista.<\/p>\n<p data-start=\"1117\" data-end=\"1215\" data-is-last-node=\"\" data-is-only-node=\"\"><strong data-start=\"1117\" data-end=\"1142\">Perfekt f\u00f6r dagligt bruk<\/strong> \u2013 Kombinerar portabilitet, stil och p\u00e5litlig prestanda i en enhet.<\/p>\n<p>&nbsp;<\/p>\n<h2 data-start=\"0\" data-end=\"78\"><strong data-start=\"3\" data-end=\"78\">QQ Bang 150K Puffs Disponibel Vape Flavor List<\/strong><\/h2>\n<p><strong data-start=\"56\" data-end=\"68\">1.R\u00f6d Fuji<\/strong><\/p>\n<p><strong data-start=\"73\" data-end=\"91\">2.Strawberry Ice<\/strong><\/p>\n<p><strong data-start=\"96\" data-end=\"119\">3.Bl\u00e5b\u00e4rshallon<\/strong><\/p>\n<p><strong data-start=\"124\" data-end=\"137\">4. Grape Ice<\/strong><\/p>\n<p><strong data-start=\"142\" data-end=\"150\">5.P\u00e4ron<\/strong><\/p>\n<p><strong data-start=\"155\" data-end=\"174\">6. Jordgubbskiwi<\/strong><\/p>\n<p><strong data-start=\"179\" data-end=\"196\">7.Bl\u00e5b\u00e4ris<\/strong><\/p>\n<p><strong data-start=\"201\" data-end=\"219\">8. Vattenmelon Is<\/strong><\/p>\n<p><strong data-start=\"224\" data-end=\"239\">9.Mango Peach<\/strong><\/p>\n<p><strong data-start=\"244\" data-end=\"259\">10. Blandad frukt<img loading=\"lazy\" decoding=\"async\" class=\"alignnone wp-image-10252 size-full\" src=\"https:\/\/pgvape.com\/wp-content\/uploads\/2026\/04\/QQ-Bang-150K-Perfume-Style-Disposable-Vape-With-65000-Puffs-And-Fast-Charging-12.png\" alt=\"Tre rader med femton pastellf\u00e4rgade vapeflaskor med fruktikoner och smaketiketter som Red Fuji, Strawberry Ice, Blueberry Raspberry.\" width=\"1500\" height=\"1353\" srcset=\"https:\/\/pgvape.com\/wp-content\/uploads\/2026\/04\/QQ-Bang-150K-Perfume-Style-Disposable-Vape-With-65000-Puffs-And-Fast-Charging-12.png 1500w, https:\/\/pgvape.com\/wp-content\/uploads\/2026\/04\/QQ-Bang-150K-Perfume-Style-Disposable-Vape-With-65000-Puffs-And-Fast-Charging-12-399x360.png 399w, https:\/\/pgvape.com\/wp-content\/uploads\/2026\/04\/QQ-Bang-150K-Perfume-Style-Disposable-Vape-With-65000-Puffs-And-Fast-Charging-12-595x537.png 595w, https:\/\/pgvape.com\/wp-content\/uploads\/2026\/04\/QQ-Bang-150K-Perfume-Style-Disposable-Vape-With-65000-Puffs-And-Fast-Charging-12-400x361.png 400w, https:\/\/pgvape.com\/wp-content\/uploads\/2026\/04\/QQ-Bang-150K-Perfume-Style-Disposable-Vape-With-65000-Puffs-And-Fast-Charging-12-768x693.png 768w, https:\/\/pgvape.com\/wp-content\/uploads\/2026\/04\/QQ-Bang-150K-Perfume-Style-Disposable-Vape-With-65000-Puffs-And-Fast-Charging-12-13x12.png 13w, https:\/\/pgvape.com\/wp-content\/uploads\/2026\/04\/QQ-Bang-150K-Perfume-Style-Disposable-Vape-With-65000-Puffs-And-Fast-Charging-12-600x541.png 600w\" sizes=\"auto, (max-width: 1500px) 100vw, 1500px\" \/><\/strong><\/p>\n<p>&nbsp;<\/p>\n<h2 data-start=\"0\" data-end=\"78\"><strong data-start=\"3\" data-end=\"78\">Vanliga fr\u00e5gor QQ Bang 150K Puffs Disposable Vape<\/strong><\/h2>\n<p data-start=\"45\" data-end=\"208\"><strong data-start=\"45\" data-end=\"89\">\u2753 Vilka nikotinstyrkor finns tillg\u00e4ngliga?<\/strong><br data-start=\"89\" data-end=\"92\" \/>\u2705 Enheten \u00e4r tillg\u00e4nglig i <strong data-start=\"121\" data-end=\"156\">2%, 3% och 5% nikotinalternativ<\/strong>, s\u00e5 att anv\u00e4ndarna kan v\u00e4lja sin \u00f6nskade styrka.<\/p>\n<p data-start=\"210\" data-end=\"358\"><strong data-start=\"210\" data-end=\"255\">\u2753 Vilken typ av vapingsystem anv\u00e4nder den?<\/strong><br data-start=\"255\" data-end=\"258\" \/>\u2705 Den har en <strong data-start=\"274\" data-end=\"298\">enda smaksystem<\/strong>, som ger en ren, ren och konsekvent smakupplevelse.<\/p>\n<p data-start=\"360\" data-end=\"508\"><strong data-start=\"360\" data-end=\"394\">\u2753 Vad \u00e4r spolresistansen?<\/strong><br data-start=\"394\" data-end=\"397\" \/>\u2705 Enheten anv\u00e4nder en <strong data-start=\"417\" data-end=\"438\">1.0\u03a9 v\u00e4rmetr\u00e5d<\/strong>, ger j\u00e4mn \u00e5nga, balanserad halstr\u00e4ff och stabil prestanda.<\/p>\n<p data-start=\"510\" data-end=\"625\"><strong data-start=\"510\" data-end=\"544\">\u2753 \u00c4r batteriet uppladdningsbart?<\/strong><br data-start=\"544\" data-end=\"547\" \/>\u2705 Ja, det f\u00f6ljer med en <strong data-start=\"570\" data-end=\"601\">650mAh uppladdningsbart batteri<\/strong> f\u00f6r p\u00e5litlig daglig anv\u00e4ndning.<\/p>\n<p data-start=\"627\" data-end=\"753\"><strong data-start=\"627\" data-end=\"670\">\u2753 Vilken laddningsmetod st\u00f6der den?<\/strong><br data-start=\"670\" data-end=\"673\" \/>\u2705 Det st\u00f6der <strong data-start=\"687\" data-end=\"711\">Typ-C snabbladdning<\/strong>, vilket m\u00f6jligg\u00f6r snabb och effektiv laddning.<\/p>\n<p data-start=\"755\" data-end=\"893\"><strong data-start=\"755\" data-end=\"784\">\u2753 \u00c4r enheten b\u00e4rbar?<\/strong><br data-start=\"784\" data-end=\"787\" \/>\u2705 Absolut. Dess <strong data-start=\"805\" data-end=\"839\">kompakt och l\u00e4tt design<\/strong> g\u00f6r den l\u00e4tt att b\u00e4ra och idealisk f\u00f6r daglig vaping.<\/p>\n<p data-start=\"895\" data-end=\"1034\"><strong data-start=\"895\" data-end=\"931\">\u2753 Vad g\u00f6r designen speciell?<\/strong><br data-start=\"931\" data-end=\"934\" \/>\u2705 Vapen har en snygg <strong data-start=\"964\" data-end=\"989\">design av parfymflaskor<\/strong>, vilket ger den ett premium och elegant utseende.<\/p>\n<p data-start=\"1036\" data-end=\"1151\"><strong data-start=\"1036\" data-end=\"1073\">\u2753 Hur m\u00e5nga smaker finns tillg\u00e4ngliga?<\/strong><br data-start=\"1073\" data-end=\"1076\" \/>\u2705 Den kommer in <strong data-start=\"1090\" data-end=\"1111\">10 smakalternativ<\/strong>, som erbjuder en m\u00e4ngd popul\u00e4ra alternativ.<\/p>\n<p data-start=\"1153\" data-end=\"1347\" data-is-last-node=\"\" data-is-only-node=\"\"><strong data-start=\"1153\" data-end=\"1192\">\u2753 Varf\u00f6r v\u00e4lja QQ Bang 150K Vape?<\/strong><br data-start=\"1192\" data-end=\"1195\" \/>\u2705 Det kombinerar <strong data-start=\"1209\" data-end=\"1298\">b\u00e4rbar design, uppladdningsbar bekv\u00e4mlighet, smidig prestanda och snygg estetik<\/strong>, vilket g\u00f6r det till ett utm\u00e4rkt val f\u00f6r moderna anv\u00e4ndare.<\/p>\n<p>&nbsp;<\/p>\n<h3 id=\"brxe-najhln\" class=\"brxe-heading\">Vanliga fr\u00e5gor (FAQ)<\/h3>\n<div id=\"brxe-rajiac\" class=\"brxe-text\">\n<p><strong>F: Vilka betalningsmetoder accepterar du?<\/strong><br \/>\nS: Vi accepterar PayPal, Stripe, bank\u00f6verf\u00f6ringar (st\u00f6ds med SEPA), vanliga kreditkort (Visa, MasterCard, American Express) och betalningar i kryptovaluta.<\/p>\n<p><strong>F: Hur l\u00e5ng tid tar best\u00e4llningsberedningen?<\/strong><br \/>\nS: Best\u00e4llningsf\u00f6rberedelse tar 1-3 arbetsdagar.<\/p>\n<p><strong>F: Vad \u00e4r leveranstiden?<\/strong><br \/>\nS: Leveranstiden \u00e4r 7-14 arbetsdagar, beroende p\u00e5 var du befinner dig. Varor som skickas fr\u00e5n europeiska lager tar vanligtvis 3-6 arbetsdagar f\u00f6r leverans.<\/p>\n<p><strong>F: Hur kan jag sp\u00e5ra min best\u00e4llning?<\/strong><br \/>\nS: Efter leverans kommer du att f\u00e5 ett bekr\u00e4ftelsemail med ett sp\u00e5rningsnummer f\u00f6r sp\u00e5rning i realtid.<\/p>\n<p><strong>F: Vilken \u00e4r din returpolicy?<\/strong><br \/>\nS: Vi erbjuder en 30-dagars returpolicy f\u00f6r \u00e5terbetalningar eller byten. .<\/p>\n<p><strong>F: Kommer det att finnas n\u00e5gra tullproblem?<br \/>\n<\/strong>Vi hanterar alla tullf\u00f6rfaranden f\u00f6r att s\u00e4kerst\u00e4lla en problemfri upplevelse f\u00f6r dig. .<\/p>\n<p><strong>F: Vilka frakts\u00e4tt anv\u00e4nds?<\/strong><br \/>\nVi samarbetar med UPS\/DHL\/FEDEX\/DPD, etc. Vi kommer att v\u00e4lja l\u00e4mpligt fraktalternativ beroende p\u00e5 leveransland f\u00f6r att s\u00e4kerst\u00e4lla att du f\u00e5r dina produkter s\u00e5 snabbt som m\u00f6jligt.<\/p>\n<p><a href=\"https:\/\/pgvape.com\/sv\/vanliga-fragor\/\">Klicka h\u00e4r f\u00f6r mer FAQ<\/a><\/p>\n<p>K\u00e4ra kunder, Om du har n\u00e5gra fr\u00e5gor om din best\u00e4llning eller ankomsten av varor, v\u00e4nligen kontakta v\u00e5r kundtj\u00e4nst. Tack!<\/p>\n<h3 data-sourcepos=\"73:1-73:21\"><strong data-sourcepos=\"73:7-73:21\">Kontakta oss<\/strong><\/h3>\n<div id=\"text-2419739398\" class=\"text\">\n<p><strong data-sourcepos=\"75:3-75:12\">E-post<\/strong>:\u00a0<a href=\"mailto:support@pgvape.com\"><strong>support@pgvape.com<\/strong><\/a><\/p>\n<p><strong data-sourcepos=\"76:3-76:15\">WhatsApp<\/strong>:\u00a0<a href=\"https:\/\/wa.me\/+8618128481258\"><strong>+86 18128481258<\/strong><\/a><br \/>\n<strong>(Svara inom 24 timmar p\u00e5 arbetsdagar)<\/strong><\/p>\n<\/div>\n<h3><strong>Tack f\u00f6r att du valde pgvape.com! .<\/strong><\/h3>\n<\/div>","protected":false},"excerpt":{"rendered":"<section class=\"text-token-text-primary w-full focus:outline-none [--shadow-height:45px] has-data-writing-block:pointer-events-none has-data-writing-block:-mt-(--shadow-height) has-data-writing-block:pt-(--shadow-height) [&amp;:has([data-writing-block])&gt;*]:pointer-events-auto [content-visibility:auto] supports-[content-visibility:auto]:[contain-intrinsic-size:auto_100lvh] R6Vx5W_threadScrollVars scroll-mb-[calc(var(--scroll-root-safe-area-inset-bottom,0px)+var(--thread-response-height))] scroll-mt-[calc(var(--header-height)+min(200px,max(70px,20svh)))]\" dir=\"auto\" data-turn-id=\"request-690f3671-88fc-832d-8d9c-73e96f624343-20\" data-testid=\"conversation-turn-32\" data-scroll-anchor=\"false\" data-turn=\"assistant\">\n<div class=\"text-base my-auto mx-auto pb-10 [--thread-content-margin:var(--thread-content-margin-xs,calc(var(--spacing)*4))] @w-sm\/main:[--thread-content-margin:var(--thread-content-margin-sm,calc(var(--spacing)*6))] @w-lg\/main:[--thread-content-margin:var(--thread-content-margin-lg,calc(var(--spacing)*16))] px-(--thread-content-margin)\">\n<div class=\"[--thread-content-max-width:40rem] @w-lg\/main:[--thread-content-max-width:48rem] mx-auto max-w-(--thread-content-max-width) flex-1 group\/turn-messages focus-visible:outline-hidden relative flex w-full min-w-0 flex-col agent-turn\">\n<div class=\"flex max-w-full flex-col gap-4 grow\">\n<div class=\"min-h-8 text-message relative flex w-full flex-col items-end gap-2 text-start break-words whitespace-normal outline-none keyboard-focused:focus-ring [.text-message+&amp;]:mt-1\" dir=\"auto\" tabindex=\"0\" data-message-author-role=\"assistant\" data-message-id=\"f1ebdff0-90bf-4292-934d-1b0711e3864f\" data-message-model-slug=\"gpt-5-3\" data-turn-start-message=\"true\">\n<div class=\"flex w-full flex-col gap-1 empty:hidden\">\n<div class=\"markdown prose dark:prose-invert w-full wrap-break-word light markdown-new-styling\">\n<p data-start=\"0\" data-end=\"32\"><strong data-start=\"0\" data-end=\"32\">QQ Bang 150K Disposable Vape <\/strong>Up to 150,000 puffs in a stylish perfume bottle design that combines elegance with portability. Powered by a 1.0\u03a9 heating wire and 650mAh rechargeable battery for smooth, stable performance. Features Type-C fast charging, multiple nicotine options, and 10 flavor choices.<\/p>\n<\/div>\n<\/div>\n<\/div>\n<\/div>\n<div class=\"z-0 flex min-h-[46px] justify-start\"><\/div>\n<div class=\"mt-3 w-full empty:hidden\">\n<div class=\"text-center\"><\/div>\n<\/div>\n<\/div>\n<\/div>\n<\/section>\n<div class=\"pointer-events-none -mt-px h-px translate-y-[calc(var(--scroll-root-safe-area-inset-bottom)-14*var(--spacing))]\" aria-hidden=\"true\"><\/div>\n","protected":false},"featured_media":10242,"comment_status":"open","ping_status":"closed","template":"","meta":{"_seopress_robots_primary_cat":"","_seopress_titles_title":"","_seopress_titles_desc":"","_seopress_robots_index":""},"product_brand":[516,654],"product_cat":[368,515,653],"product_tag":[370,90,652,656,655],"class_list":{"0":"post-10228","1":"product","2":"type-product","3":"status-publish","4":"has-post-thumbnail","6":"product_brand-disposable-vape","7":"product_brand-qqbang-vape","8":"product_cat-150k-puffs-vape","9":"product_cat-disposable-vape","10":"product_cat-qqbang-vape","11":"product_tag-150k-puffs-vape","12":"product_tag-disposable-vape","13":"product_tag-fast-charging","14":"product_tag-perfume-style","15":"product_tag-qq-bang-150k","17":"first","18":"instock","19":"sale","20":"shipping-taxable","21":"purchasable","22":"product-type-variable"},"_links":{"self":[{"href":"https:\/\/pgvape.com\/sv\/wp-json\/wp\/v2\/product\/10228","targetHints":{"allow":["GET"]}}],"collection":[{"href":"https:\/\/pgvape.com\/sv\/wp-json\/wp\/v2\/product"}],"about":[{"href":"https:\/\/pgvape.com\/sv\/wp-json\/wp\/v2\/types\/product"}],"replies":[{"embeddable":true,"href":"https:\/\/pgvape.com\/sv\/wp-json\/wp\/v2\/comments?post=10228"}],"wp:featuredmedia":[{"embeddable":true,"href":"https:\/\/pgvape.com\/sv\/wp-json\/wp\/v2\/media\/10242"}],"wp:attachment":[{"href":"https:\/\/pgvape.com\/sv\/wp-json\/wp\/v2\/media?parent=10228"}],"wp:term":[{"taxonomy":"product_brand","embeddable":true,"href":"https:\/\/pgvape.com\/sv\/wp-json\/wp\/v2\/product_brand?post=10228"},{"taxonomy":"product_cat","embeddable":true,"href":"https:\/\/pgvape.com\/sv\/wp-json\/wp\/v2\/product_cat?post=10228"},{"taxonomy":"product_tag","embeddable":true,"href":"https:\/\/pgvape.com\/sv\/wp-json\/wp\/v2\/product_tag?post=10228"}],"curies":[{"name":"wp","href":"https:\/\/api.w.org\/{rel}","templated":true}]}}