{"id":10163,"date":"2026-04-18T09:13:03","date_gmt":"2026-04-18T09:13:03","guid":{"rendered":"https:\/\/pgvape.com\/?post_type=product&#038;p=10163"},"modified":"2026-04-18T09:13:45","modified_gmt":"2026-04-18T09:13:45","slug":"qq-bang-100k-dual-mesh-engangsvape-med-100000-puffar-och-snabbladdning","status":"publish","type":"product","link":"https:\/\/pgvape.com\/sv\/produkt\/qq-bang-100k-dual-mesh-engangsvape-med-100000-puffar-och-snabbladdning\/","title":{"rendered":"QQ Bang 100K Dual Mesh eng\u00e5ngsvape med 100 000 puffar och snabbladdning"},"content":{"rendered":"<h2 data-start=\"0\" data-end=\"68\"><strong data-start=\"3\" data-end=\"68\">QQ Bang 100K disponibel vape | Dual Mesh h\u00f6gkapacitetsenhet<\/strong><\/h2>\n<p data-start=\"70\" data-end=\"272\">QQ Bang 100K Disposable Vape \u00e4r designad f\u00f6r anv\u00e4ndare som s\u00f6ker l\u00e5ngvarig prestanda och rik smak, och levererar upp till 100 000 bloss med flera nikotinstyrkealternativ.<\/p>\n<p data-start=\"274\" data-end=\"501\">Utrustad med avancerad dual mesh-spolteknologi, ger den mjukare \u00e5nga, f\u00f6rb\u00e4ttrad smak och konsekvent utg\u00e5ng i varje bloss. Med 12 popul\u00e4ra smakalternativ kan anv\u00e4ndare njuta av ett brett utbud av tillfredsst\u00e4llande smakupplevelser.<\/p>\n<p data-start=\"503\" data-end=\"642\">Drivs av ett 650mAh uppladdningsbart batteri med USB Type-C snabbladdning, s\u00e4kerst\u00e4ller den h\u00e4r enheten p\u00e5litlig anv\u00e4ndning hela dagen och bekv\u00e4m laddning.<\/p>\n<p data-start=\"644\" data-end=\"735\" data-is-last-node=\"\" data-is-only-node=\"\">Ett idealiskt val f\u00f6r anv\u00e4ndare som letar efter kapacitet, smakvariation och p\u00e5litlig prestanda.<\/p>\n<p>&nbsp;<\/p>\n<h3 id=\"brxe-najhln\" class=\"brxe-heading\"><\/h3>\n<h2 data-start=\"0\" data-end=\"68\"><strong data-start=\"3\" data-end=\"68\">QQ Bang 100K Puffs Disposable Vape Produkth\u00f6jdpunkter<\/strong><\/h2>\n<p data-start=\"56\" data-end=\"168\"><strong data-start=\"56\" data-end=\"79\">Upp till 100 000 puffar<\/strong> \u2013 Ultral\u00e5ngvarig prestanda designad f\u00f6r l\u00e4ngre vaping med f\u00e4rre utbyten.<\/p>\n<p data-start=\"170\" data-end=\"273\"><strong data-start=\"170\" data-end=\"199\">Flera nikotinalternativ<\/strong> \u2013 Finns i <strong data-start=\"215\" data-end=\"233\">2%, 3% och 5%<\/strong> f\u00f6r en anpassningsbar vapingupplevelse.<\/p>\n<p data-start=\"275\" data-end=\"402\"><strong data-start=\"275\" data-end=\"304\">Dual Mesh Coil Technology<\/strong> \u2013 Avancerat dubbeln\u00e4tsystem ger rikare smak, mjukare \u00e5nga och t\u00e4t molnproduktion.<\/p>\n<p data-start=\"404\" data-end=\"503\"><strong data-start=\"404\" data-end=\"425\">12 smakalternativ<\/strong> \u2013 Brett urval av popul\u00e4ra smaker f\u00f6r att tillfredsst\u00e4lla olika smakpreferenser.<\/p>\n<p data-start=\"505\" data-end=\"602\"><strong data-start=\"505\" data-end=\"536\">650mAh uppladdningsbart batteri<\/strong> \u2013 P\u00e5litligt inbyggt batteri s\u00e4kerst\u00e4ller stabil prestanda hela dagen.<\/p>\n<p data-start=\"604\" data-end=\"692\"><strong data-start=\"604\" data-end=\"632\">USB Type-C snabbladdning<\/strong> \u2013 Snabb och effektiv laddning f\u00f6r oavbruten anv\u00e4ndning.<\/p>\n<p data-start=\"694\" data-end=\"809\"><strong data-start=\"694\" data-end=\"724\">J\u00e4mn &amp; konsekvent utg\u00e5ng<\/strong> \u2013 Optimerat spolsystem uppr\u00e4tth\u00e5ller stabil \u00e5nga och smak fr\u00e5n f\u00f6rsta bloss till sista.<\/p>\n<p data-start=\"811\" data-end=\"916\"><strong data-start=\"811\" data-end=\"837\">Rik smakupplevelse<\/strong> \u2013 F\u00f6rb\u00e4ttrad atomiseringsteknologi h\u00e5ller varje dragning tillfredsst\u00e4llande och smakrik.<\/p>\n<p data-start=\"918\" data-end=\"1004\"><strong data-start=\"918\" data-end=\"949\">Modern design med h\u00f6g kapacitet<\/strong> \u2013 Byggd f\u00f6r bekv\u00e4mlighet, portabilitet och daglig anv\u00e4ndning.<\/p>\n<p data-start=\"1006\" data-end=\"1114\" data-is-last-node=\"\" data-is-only-node=\"\"><strong data-start=\"1006\" data-end=\"1038\">Idealisk f\u00f6r detaljhandel och grossist<\/strong> \u2013 Popul\u00e4r l\u00e5ngvarig enhet l\u00e4mplig f\u00f6r globala marknader och distribution.<\/p>\n<p>&nbsp;<\/p>\n<h2 data-start=\"0\" data-end=\"68\"><strong data-start=\"3\" data-end=\"68\">QQ Bang 100K <\/strong><strong data-start=\"3\" data-end=\"68\">Puffar <\/strong><strong data-start=\"3\" data-end=\"68\">Vape smaklista f\u00f6r eng\u00e5ngsbruk<\/strong><\/h2>\n<p><strong data-start=\"25\" data-end=\"38\">1.Peach Ice<\/strong><\/p>\n<p><strong data-start=\"43\" data-end=\"61\">2. Vattenmelon Is<\/strong><\/p>\n<p><strong data-start=\"66\" data-end=\"82\">3. Blandade frukter<\/strong><\/p>\n<p><strong data-start=\"87\" data-end=\"113\">4.Mango Persika Vattenmelon<\/strong><\/p>\n<p><strong data-start=\"118\" data-end=\"138\">5. Jordgubbsmamba<\/strong><\/p>\n<p><strong data-start=\"143\" data-end=\"166\">6.Bl\u00e5b\u00e4rshallon<\/strong><\/p>\n<p><strong data-start=\"171\" data-end=\"184\">7. Grape Ice<\/strong><\/p>\n<p><strong data-start=\"189\" data-end=\"204\">8. \u00c4ppeldruva<\/strong><\/p>\n<p><strong data-start=\"209\" data-end=\"225\">9. Energidryck<\/strong><\/p>\n<p><strong data-start=\"230\" data-end=\"241\">10. K\u00e4rlek 66<\/strong><\/p>\n<p><strong data-start=\"246\" data-end=\"266\">11. Jordgubbsmango<\/strong><\/p>\n<p><strong data-start=\"271\" data-end=\"288\">12.Bl\u00e5b\u00e4ris<img loading=\"lazy\" decoding=\"async\" class=\"alignnone wp-image-10179 size-full\" src=\"https:\/\/pgvape.com\/wp-content\/uploads\/2026\/04\/QQ-Bang-100K-Dual-Mesh-Disposable-Vape-With-100000-Puffs-And-Fast-Charging-pgvape-14.png\" alt=\"Tolv Bang energidrycksflaskor arrangerade i tv\u00e5 rader med f\u00e4rgglada fruktsmaksetiketter och dj\u00e4rva Bang-logotyper.\" width=\"1500\" height=\"1460\" srcset=\"https:\/\/pgvape.com\/wp-content\/uploads\/2026\/04\/QQ-Bang-100K-Dual-Mesh-Disposable-Vape-With-100000-Puffs-And-Fast-Charging-pgvape-14.png 1500w, https:\/\/pgvape.com\/wp-content\/uploads\/2026\/04\/QQ-Bang-100K-Dual-Mesh-Disposable-Vape-With-100000-Puffs-And-Fast-Charging-pgvape-14-370x360.png 370w, https:\/\/pgvape.com\/wp-content\/uploads\/2026\/04\/QQ-Bang-100K-Dual-Mesh-Disposable-Vape-With-100000-Puffs-And-Fast-Charging-pgvape-14-595x579.png 595w, https:\/\/pgvape.com\/wp-content\/uploads\/2026\/04\/QQ-Bang-100K-Dual-Mesh-Disposable-Vape-With-100000-Puffs-And-Fast-Charging-pgvape-14-400x389.png 400w, https:\/\/pgvape.com\/wp-content\/uploads\/2026\/04\/QQ-Bang-100K-Dual-Mesh-Disposable-Vape-With-100000-Puffs-And-Fast-Charging-pgvape-14-768x748.png 768w, https:\/\/pgvape.com\/wp-content\/uploads\/2026\/04\/QQ-Bang-100K-Dual-Mesh-Disposable-Vape-With-100000-Puffs-And-Fast-Charging-pgvape-14-12x12.png 12w, https:\/\/pgvape.com\/wp-content\/uploads\/2026\/04\/QQ-Bang-100K-Dual-Mesh-Disposable-Vape-With-100000-Puffs-And-Fast-Charging-pgvape-14-600x584.png 600w\" sizes=\"auto, (max-width: 1500px) 100vw, 1500px\" \/><\/strong><\/p>\n<p>&nbsp;<\/p>\n<h2 data-start=\"0\" data-end=\"68\"><strong data-start=\"3\" data-end=\"68\">Vanliga fr\u00e5gor QQ Bang 100K Puffs Disposable Vape<\/strong><\/h2>\n<p data-start=\"53\" data-end=\"205\"><strong data-start=\"53\" data-end=\"104\">\u2753 Hur m\u00e5nga bloss ger QQ Bang 100K?<\/strong><br data-start=\"104\" data-end=\"107\" \/>\u2705 Enheten levererar upp till <strong data-start=\"135\" data-end=\"152\">100 000 bloss<\/strong>, som erbjuder l\u00e5ngvarig prestanda f\u00f6r l\u00e5ngvarig anv\u00e4ndning.<\/p>\n<p data-start=\"207\" data-end=\"362\"><strong data-start=\"207\" data-end=\"251\">\u2753 Vilka nikotinstyrkor finns tillg\u00e4ngliga?<\/strong><br data-start=\"251\" data-end=\"254\" \/>\u2705 Den finns i <strong data-start=\"275\" data-end=\"310\">2%, 3% och 5% nikotinalternativ<\/strong>, s\u00e5 att anv\u00e4ndarna kan v\u00e4lja sin \u00f6nskade styrka.<\/p>\n<p data-start=\"364\" data-end=\"514\"><strong data-start=\"364\" data-end=\"400\">\u2753 Vilken typ av spole anv\u00e4nder den?<\/strong><br data-start=\"400\" data-end=\"403\" \/>\u2705 Enhetens funktioner <strong data-start=\"425\" data-end=\"444\">dubbla mesh-spolar<\/strong>, ger rikare smak, mjukare \u00e5nga och konsekvent prestanda.<\/p>\n<p data-start=\"516\" data-end=\"636\"><strong data-start=\"516\" data-end=\"550\">\u2753 \u00c4r batteriet uppladdningsbart?<\/strong><br data-start=\"550\" data-end=\"553\" \/>\u2705 Ja, det f\u00f6ljer med en <strong data-start=\"576\" data-end=\"607\">650mAh uppladdningsbart batteri<\/strong> f\u00f6r p\u00e5litlig vaping hela dagen.<\/p>\n<p data-start=\"638\" data-end=\"768\"><strong data-start=\"638\" data-end=\"681\">\u2753 Vilken laddningsmetod st\u00f6der den?<\/strong><br data-start=\"681\" data-end=\"684\" \/>\u2705 Det st\u00f6der <strong data-start=\"698\" data-end=\"726\">USB Type-C snabbladdning<\/strong>, vilket m\u00f6jligg\u00f6r snabb och effektiv laddning.<\/p>\n<p data-start=\"770\" data-end=\"911\"><strong data-start=\"770\" data-end=\"807\">\u2753 Hur m\u00e5nga smaker finns tillg\u00e4ngliga?<\/strong><br data-start=\"807\" data-end=\"810\" \/>\u2705 Vapen finns i <strong data-start=\"837\" data-end=\"866\">12 popul\u00e4ra smakalternativ<\/strong>, vilket ger anv\u00e4ndarna ett brett utbud av smakval.<\/p>\n<p data-start=\"913\" data-end=\"1142\" data-is-last-node=\"\" data-is-only-node=\"\"><strong data-start=\"913\" data-end=\"952\">\u2753 Varf\u00f6r v\u00e4lja QQ Bang 100K Vape?<\/strong><br data-start=\"952\" data-end=\"955\" \/>\u2705 Det kombinerar <strong data-start=\"969\" data-end=\"1070\">100K puffar, dual mesh spoleprestanda, uppladdningsbar bekv\u00e4mlighet och flera nikotinstyrkor<\/strong>, vilket g\u00f6r det till ett utm\u00e4rkt val f\u00f6r anv\u00e4ndare som s\u00f6ker h\u00e5llbarhet och rik smak.<\/p>\n<p>&nbsp;<\/p>\n<h3 id=\"brxe-najhln\" class=\"brxe-heading\">Vanliga fr\u00e5gor (FAQ)<\/h3>\n<div id=\"brxe-rajiac\" class=\"brxe-text\">\n<p><strong>F: Vilka betalningsmetoder accepterar du?<\/strong><br \/>\nS: Vi accepterar PayPal, Stripe, bank\u00f6verf\u00f6ringar (st\u00f6ds med SEPA), vanliga kreditkort (Visa, MasterCard, American Express) och betalningar i kryptovaluta.<\/p>\n<p><strong>F: Hur l\u00e5ng tid tar best\u00e4llningsberedningen?<\/strong><br \/>\nS: Best\u00e4llningsf\u00f6rberedelse tar 1-3 arbetsdagar.<\/p>\n<p><strong>F: Vad \u00e4r leveranstiden?<\/strong><br \/>\nS: Leveranstiden \u00e4r 7-14 arbetsdagar, beroende p\u00e5 var du befinner dig. Varor som skickas fr\u00e5n europeiska lager tar vanligtvis 3-6 arbetsdagar f\u00f6r leverans.<\/p>\n<p><strong>F: Hur kan jag sp\u00e5ra min best\u00e4llning?<\/strong><br \/>\nS: Efter leverans kommer du att f\u00e5 ett bekr\u00e4ftelsemail med ett sp\u00e5rningsnummer f\u00f6r sp\u00e5rning i realtid.<\/p>\n<p><strong>F: Vilken \u00e4r din returpolicy?<\/strong><br \/>\nS: Vi erbjuder en 30-dagars returpolicy f\u00f6r \u00e5terbetalningar eller byten. .<\/p>\n<p><strong>F: Kommer det att finnas n\u00e5gra tullproblem?<br \/>\n<\/strong>Vi hanterar alla tullf\u00f6rfaranden f\u00f6r att s\u00e4kerst\u00e4lla en problemfri upplevelse f\u00f6r dig. .<\/p>\n<p><strong>F: Vilka frakts\u00e4tt anv\u00e4nds?<\/strong><br \/>\nVi samarbetar med UPS\/DHL\/FEDEX\/DPD, etc. Vi kommer att v\u00e4lja l\u00e4mpligt fraktalternativ beroende p\u00e5 leveransland f\u00f6r att s\u00e4kerst\u00e4lla att du f\u00e5r dina produkter s\u00e5 snabbt som m\u00f6jligt.<\/p>\n<p><a href=\"https:\/\/pgvape.com\/sv\/vanliga-fragor\/\">Klicka h\u00e4r f\u00f6r mer FAQ<\/a><\/p>\n<p>K\u00e4ra kunder, Om du har n\u00e5gra fr\u00e5gor om din best\u00e4llning eller ankomsten av varor, v\u00e4nligen kontakta v\u00e5r kundtj\u00e4nst. Tack!<\/p>\n<h3 data-sourcepos=\"73:1-73:21\"><strong data-sourcepos=\"73:7-73:21\">Kontakta oss<\/strong><\/h3>\n<div id=\"text-2419739398\" class=\"text\">\n<p><strong data-sourcepos=\"75:3-75:12\">E-post<\/strong>:\u00a0<a href=\"mailto:support@pgvape.com\"><strong>support@pgvape.com<\/strong><\/a><\/p>\n<p><strong data-sourcepos=\"76:3-76:15\">WhatsApp<\/strong>:\u00a0<a href=\"https:\/\/wa.me\/+8618128481258\"><strong>+86 18128481258<\/strong><\/a><br \/>\n<strong>(Svara inom 24 timmar p\u00e5 arbetsdagar)<\/strong><\/p>\n<\/div>\n<h3><strong>Tack f\u00f6r att du valde pgvape.com! .<\/strong><\/h3>\n<\/div>","protected":false},"excerpt":{"rendered":"<p data-start=\"0\" data-end=\"32\"><strong data-start=\"0\" data-end=\"32\">QQ Bang 100K disponibel vape <\/strong>Upp till 100 000 puffar med dubbla mesh-spolar f\u00f6r rikare smak och j\u00e4mn, konsekvent \u00e5nga. Drivs av ett 650mAh uppladdningsbart batteri med Type-C snabbladdning f\u00f6r p\u00e5litlig anv\u00e4ndning hela dagen. Finns i 12 smaker och flera nikotinstyrkor f\u00f6r varje preferens.<\/p>","protected":false},"featured_media":10167,"comment_status":"open","ping_status":"closed","template":"","meta":{"_seopress_robots_primary_cat":"none","_seopress_titles_title":"","_seopress_titles_desc":"","_seopress_robots_index":""},"product_brand":[36,516],"product_cat":[170,25,515],"product_tag":[395,90,243,652,651],"class_list":{"0":"post-10163","1":"product","2":"type-product","3":"status-publish","4":"has-post-thumbnail","6":"product_brand-bang-vape","7":"product_brand-disposable-vape","8":"product_cat-100k-puffs-vape","9":"product_cat-bang-vape","10":"product_cat-disposable-vape","11":"product_tag-100k-puffs-vape","12":"product_tag-disposable-vape","13":"product_tag-dual-mesh","14":"product_tag-fast-charging","15":"product_tag-qq-bang-100k","17":"first","18":"instock","19":"sale","20":"shipping-taxable","21":"purchasable","22":"product-type-variable"},"_links":{"self":[{"href":"https:\/\/pgvape.com\/sv\/wp-json\/wp\/v2\/product\/10163","targetHints":{"allow":["GET"]}}],"collection":[{"href":"https:\/\/pgvape.com\/sv\/wp-json\/wp\/v2\/product"}],"about":[{"href":"https:\/\/pgvape.com\/sv\/wp-json\/wp\/v2\/types\/product"}],"replies":[{"embeddable":true,"href":"https:\/\/pgvape.com\/sv\/wp-json\/wp\/v2\/comments?post=10163"}],"wp:featuredmedia":[{"embeddable":true,"href":"https:\/\/pgvape.com\/sv\/wp-json\/wp\/v2\/media\/10167"}],"wp:attachment":[{"href":"https:\/\/pgvape.com\/sv\/wp-json\/wp\/v2\/media?parent=10163"}],"wp:term":[{"taxonomy":"product_brand","embeddable":true,"href":"https:\/\/pgvape.com\/sv\/wp-json\/wp\/v2\/product_brand?post=10163"},{"taxonomy":"product_cat","embeddable":true,"href":"https:\/\/pgvape.com\/sv\/wp-json\/wp\/v2\/product_cat?post=10163"},{"taxonomy":"product_tag","embeddable":true,"href":"https:\/\/pgvape.com\/sv\/wp-json\/wp\/v2\/product_tag?post=10163"}],"curies":[{"name":"wp","href":"https:\/\/api.w.org\/{rel}","templated":true}]}}