{"id":10129,"date":"2026-04-14T08:46:11","date_gmt":"2026-04-14T08:46:11","guid":{"rendered":"https:\/\/pgvape.com\/?post_type=product&#038;p=10129"},"modified":"2026-04-14T08:46:56","modified_gmt":"2026-04-14T08:46:56","slug":"airmez-fox-160k-8-i-1-smart-engangsvape-med-160-000-puffar-60-ml-fyrhjulingar-och-mesh-spole","status":"publish","type":"product","link":"https:\/\/pgvape.com\/sv\/produkt\/airmez-fox-160k-8-i-1-smart-engangsvape-med-160-000-puffar-60-ml-fyrhjulingar-och-mesh-spole\/","title":{"rendered":"Airmez FOX 160K 8-i-1 smart eng\u00e5ngsvape med 160 000 puffar, 60 ml Quad Tanks och Mesh Coil"},"content":{"rendered":"<h2 data-start=\"0\" data-end=\"88\"><strong data-start=\"3\" data-end=\"88\">Airmez FOX 8 in 1 160K disponibel vape | avancerad multi-tank h\u00f6gkapacitetsenhet<\/strong><\/h2>\n<p data-start=\"90\" data-end=\"289\">AIRMEZ FOX 8 IN 1 160K Disposable Vape \u00e4r konstruerad f\u00f6r exceptionell livsl\u00e4ngd och stabil prestanda, och levererar upp till 160 000 bloss med en avancerad flertanksdesign.<\/p>\n<p data-start=\"291\" data-end=\"552\">Med fyra oberoende 15 ml tankar med en total kapacitet p\u00e5 60 ml, hj\u00e4lper den till att bevara e-v\u00e4tskans fr\u00e4sch\u00f6r och s\u00e4kerst\u00e4ller konsekvent smak fr\u00e5n f\u00f6rsta bloss till sista. Det avancerade mesh-spolsystemet ger mjukt luftfl\u00f6de, rik smak och t\u00e4t \u00e5ngproduktion.<\/p>\n<p data-start=\"554\" data-end=\"701\">Drivs av ett 650mAh uppladdningsbart batteri med Type-C-laddning, den h\u00e4r enheten erbjuder p\u00e5litlig utg\u00e5ng och bekv\u00e4m laddning f\u00f6r l\u00e4ngre daglig anv\u00e4ndning.<\/p>\n<p data-start=\"703\" data-end=\"812\" data-is-last-node=\"\" data-is-only-node=\"\">Ett idealiskt val f\u00f6r anv\u00e4ndare som s\u00f6ker innovation, l\u00e5ngvarig prestanda och f\u00f6rstklassig multi-flavor bekv\u00e4mlighet.<\/p>\n<p>&nbsp;<\/p>\n<h2 data-start=\"0\" data-end=\"88\"><\/h2>\n<h2 data-start=\"0\" data-end=\"88\"><strong data-start=\"3\" data-end=\"88\">Airmez FOX 8 in 1 160K Puffs Disposable Vape Produkth\u00f6jdpunkter<\/strong><\/h2>\n<p data-start=\"59\" data-end=\"190\"><strong data-start=\"59\" data-end=\"82\">Up to 160,000 Puffs<\/strong> \u2013 Konstruerad f\u00f6r extremt l\u00e5ngvarig prestanda med stabil produktion under hela enhetens livsl\u00e4ngd.<\/p>\n<p data-start=\"192\" data-end=\"340\"><strong data-start=\"192\" data-end=\"226\">8-i-1 Multi-Flavor Innovation<\/strong> \u2013 Avancerat smaksystem ger flera smakupplevelser i en enhet f\u00f6r st\u00f6rre variation och bekv\u00e4mlighet.<\/p>\n<p data-start=\"342\" data-end=\"503\"><strong data-start=\"342\" data-end=\"378\">60ml Segmenterad E-v\u00e4tska Kapacitet<\/strong> \u2013 Features <strong data-start=\"390\" data-end=\"420\">15 ml \u00d7 4 oberoende tankar<\/strong> f\u00f6r att bevara f\u00e4rskhet, minska oxidation och bibeh\u00e5lla konsekvent smakkvalitet.<\/p>\n<p data-start=\"505\" data-end=\"644\"><strong data-start=\"505\" data-end=\"535\">Oberoende kammardesign<\/strong> \u2013 Separata beh\u00e5llare s\u00e4kerst\u00e4ller balanserad v\u00e4tskef\u00f6rbrukning och p\u00e5litlig prestanda fr\u00e5n f\u00f6rsta bloss till sista.<\/p>\n<p data-start=\"646\" data-end=\"778\"><strong data-start=\"646\" data-end=\"679\">Avancerad Mesh Coil Technology<\/strong> \u2013 Precision atomiseringssystem ger j\u00e4mn uppv\u00e4rmning, rikare smak och t\u00e4t \u00e5ngproduktion.<\/p>\n<p data-start=\"780\" data-end=\"914\"><strong data-start=\"780\" data-end=\"816\">J\u00e4mn &amp; konsekvent \u00e5ngeffekt<\/strong> \u2013 Optimerat luftfl\u00f6de och termisk kontroll bibeh\u00e5ller tillfredsst\u00e4llande dragningar utan att prestanda sjunker.<\/p>\n<p data-start=\"916\" data-end=\"1018\"><strong data-start=\"916\" data-end=\"947\">650mAh uppladdningsbart batteri<\/strong> \u2013 Stable power management system designed for extended usage cycles.<\/p>\n<p data-start=\"1020\" data-end=\"1115\"><strong data-start=\"1020\" data-end=\"1044\">Typ-C snabbladdning<\/strong> \u2013 Snabb och bekv\u00e4m laddning f\u00f6r oavbrutna vapingsessioner.<\/p>\n<p data-start=\"1117\" data-end=\"1255\"><strong data-start=\"1117\" data-end=\"1152\">Precisionsteknisk struktur<\/strong> \u2013 Byggd med avancerad mikroelektronik och effektiv termodynamisk design f\u00f6r l\u00e5ngsiktig tillf\u00f6rlitlighet.<\/p>\n<p data-start=\"1257\" data-end=\"1374\" data-is-last-node=\"\" data-is-only-node=\"\"><strong data-start=\"1257\" data-end=\"1289\">Premium design med h\u00f6g kapacitet<\/strong> \u2013 Kombinerar banbrytande teknik, h\u00e5llbarhet och modern estetik i en enhet.<\/p>\n<p>&nbsp;<\/p>\n<h2 data-start=\"0\" data-end=\"88\"><strong data-start=\"3\" data-end=\"88\">Airmez FOX 8 in 1 160K Puffs Disposable Vape Flavor List<\/strong><\/h2>\n<p data-start=\"23\" data-end=\"91\"><strong data-start=\"23\" data-end=\"89\">1. Bingo Crush &amp; Triple Mango &amp; Mixed Berries &amp; Watermelon Ice<\/strong><\/p>\n<p data-start=\"93\" data-end=\"162\"><strong data-start=\"93\" data-end=\"160\">2. Love66 &amp; Strawberry Ice &amp; Blue Razz Lemonade &amp; Pineapple Ice<\/strong><\/p>\n<p data-start=\"164\" data-end=\"225\"><strong data-start=\"164\" data-end=\"223\">3. Watermelon Ice &amp; Love66 &amp; Double Apple &amp; Mango Peach<\/strong><\/p>\n<p data-start=\"227\" data-end=\"298\"><strong data-start=\"227\" data-end=\"296\">4. Blandade Berris &amp; Blueberry Hallon &amp; Watermelon Ice &amp; Cola Ice<\/strong><\/p>\n<p data-start=\"300\" data-end=\"378\"><strong data-start=\"300\" data-end=\"376\">5. Mango Peach &amp; Tropical Fruit &amp; Berry Lemonade &amp; Strawberry Watermelon<\/strong><\/p>\n<p data-start=\"380\" data-end=\"452\"><strong data-start=\"380\" data-end=\"450\">6. Cherry Ice &amp; Strawberry Dragon Fruit &amp; Triple Mango &amp; Blue Razz<\/strong><\/p>\n<p data-start=\"454\" data-end=\"526\"><strong data-start=\"454\" data-end=\"524\">7. Dragon Fruit Ice &amp; Bingo Crush &amp; Love66 &amp; Pineapple Mango Peach<\/strong><\/p>\n<p data-start=\"528\" data-end=\"597\"><strong data-start=\"528\" data-end=\"595\">8. Dr Blue &amp; Cherry Berry &amp; Strawberry Watermelon &amp; Peach Berry<\/strong><\/p>\n<p data-start=\"599\" data-end=\"670\"><strong data-start=\"599\" data-end=\"668\">9. Persikais &amp; blandade b\u00e4r &amp; melon passionsfrukt &amp; trippelmango<\/strong><\/p>\n<p data-start=\"672\" data-end=\"747\" data-is-last-node=\"\" data-is-only-node=\"\"><strong data-start=\"672\" data-end=\"747\" data-is-last-node=\"\">10. Mango Ice &amp; Fizzy Cherry Cola &amp; Strawberry Raspberry &amp; Mixed Berris<img loading=\"lazy\" decoding=\"async\" class=\"alignnone wp-image-10133 size-full\" src=\"https:\/\/pgvape.com\/wp-content\/uploads\/2026\/04\/AIRMEZ-FOX-160K-8-In-1-Smart-Disposable-Vape-With-160000-Puffs-60ml-Quad-Tanks-And-Mesh-Coil-pgvape-2.png\" alt=\"Tv\u00e5 rader med f\u00e4rgglada Airmez 8-i-1 vapeflaskor, var och en med olika djurillustrationer p\u00e5 etiketten med en matchande pastelllock.\" width=\"1500\" height=\"926\" srcset=\"https:\/\/pgvape.com\/wp-content\/uploads\/2026\/04\/AIRMEZ-FOX-160K-8-In-1-Smart-Disposable-Vape-With-160000-Puffs-60ml-Quad-Tanks-And-Mesh-Coil-pgvape-2.png 1500w, https:\/\/pgvape.com\/wp-content\/uploads\/2026\/04\/AIRMEZ-FOX-160K-8-In-1-Smart-Disposable-Vape-With-160000-Puffs-60ml-Quad-Tanks-And-Mesh-Coil-pgvape-2-555x343.png 555w, https:\/\/pgvape.com\/wp-content\/uploads\/2026\/04\/AIRMEZ-FOX-160K-8-In-1-Smart-Disposable-Vape-With-160000-Puffs-60ml-Quad-Tanks-And-Mesh-Coil-pgvape-2-595x367.png 595w, https:\/\/pgvape.com\/wp-content\/uploads\/2026\/04\/AIRMEZ-FOX-160K-8-In-1-Smart-Disposable-Vape-With-160000-Puffs-60ml-Quad-Tanks-And-Mesh-Coil-pgvape-2-400x247.png 400w, https:\/\/pgvape.com\/wp-content\/uploads\/2026\/04\/AIRMEZ-FOX-160K-8-In-1-Smart-Disposable-Vape-With-160000-Puffs-60ml-Quad-Tanks-And-Mesh-Coil-pgvape-2-768x474.png 768w, https:\/\/pgvape.com\/wp-content\/uploads\/2026\/04\/AIRMEZ-FOX-160K-8-In-1-Smart-Disposable-Vape-With-160000-Puffs-60ml-Quad-Tanks-And-Mesh-Coil-pgvape-2-18x12.png 18w, https:\/\/pgvape.com\/wp-content\/uploads\/2026\/04\/AIRMEZ-FOX-160K-8-In-1-Smart-Disposable-Vape-With-160000-Puffs-60ml-Quad-Tanks-And-Mesh-Coil-pgvape-2-600x370.png 600w\" sizes=\"auto, (max-width: 1500px) 100vw, 1500px\" \/><\/strong><\/p>\n<p>&nbsp;<\/p>\n<h2 data-start=\"0\" data-end=\"88\"><strong data-start=\"3\" data-end=\"88\">Airmez FOX 8 in 1 160K Puffs Disposable Vape Video<\/strong><\/h2>\n<p><iframe loading=\"lazy\" title=\"AIRMEZ FOX 160K 8-i-1 smart eng\u00e5ngsvape med 160 000 puffar, 60 ml Quad Tanks och Mesh Coil\" width=\"1020\" height=\"574\" src=\"https:\/\/www.youtube.com\/embed\/8v9vW-z5h6Y?feature=oembed\" frameborder=\"0\" allow=\"accelerometer; autoplay; clipboard-write; encrypted-media; gyroscope; picture-in-picture; web-share\" referrerpolicy=\"strict-origin-when-cross-origin\" allowfullscreen><\/iframe><\/p>\n<p>&nbsp;<\/p>\n<h2 data-start=\"0\" data-end=\"88\"><strong data-start=\"3\" data-end=\"88\">Vanliga fr\u00e5gor Airmez FOX 8 in 1 160K Puffs Disposable Vape<\/strong><\/h2>\n<p data-start=\"63\" data-end=\"216\"><strong data-start=\"63\" data-end=\"119\">\u2753 Hur m\u00e5nga bloss ger Airmez Fox 8 in 1?<\/strong><br data-start=\"119\" data-end=\"122\" \/>\u2705 Enheten levererar upp till <strong data-start=\"150\" data-end=\"167\">160 000 bloss<\/strong>, som erbjuder ultral\u00e5ngvarig vapingprestanda.<\/p>\n<p data-start=\"218\" data-end=\"387\"><strong data-start=\"218\" data-end=\"254\">\u2753 Vad \u00e4r kapaciteten f\u00f6r e-v\u00e4tska?<\/strong><br data-start=\"254\" data-end=\"257\" \/>\u2705 Den har totalt <strong data-start=\"282\" data-end=\"299\">Med<\/strong>, uppdelad i <strong data-start=\"314\" data-end=\"342\">4 oberoende 15 ml tankar<\/strong> for better flavor freshness and consistency.<\/p>\n<p data-start=\"389\" data-end=\"526\"><strong data-start=\"389\" data-end=\"425\">\u2753 Vilken typ av spole anv\u00e4nder den?<\/strong><br data-start=\"425\" data-end=\"428\" \/>\u2705 Enheten anv\u00e4nder en <strong data-start=\"449\" data-end=\"471\">avancerad mesh spole<\/strong>, ger j\u00e4mn uppv\u00e4rmning, t\u00e4t \u00e5nga och rik smak.<\/p>\n<p data-start=\"528\" data-end=\"647\"><strong data-start=\"528\" data-end=\"562\">\u2753 \u00c4r batteriet uppladdningsbart?<\/strong><br data-start=\"562\" data-end=\"565\" \/>\u2705 Ja, det f\u00f6ljer med en <strong data-start=\"588\" data-end=\"619\">650mAh uppladdningsbart batteri<\/strong> f\u00f6r tillf\u00f6rlitlig l\u00e5ngtidsanv\u00e4ndning.<\/p>\n<p data-start=\"649\" data-end=\"770\"><strong data-start=\"649\" data-end=\"692\">\u2753 Vilken laddningsmetod st\u00f6der den?<\/strong><br data-start=\"692\" data-end=\"695\" \/>\u2705 Det st\u00f6der <strong data-start=\"709\" data-end=\"733\">Typ-C snabbladdning<\/strong> f\u00f6r snabb och bekv\u00e4m laddning.<\/p>\n<p data-start=\"772\" data-end=\"1011\" data-is-last-node=\"\" data-is-only-node=\"\"><strong data-start=\"772\" data-end=\"811\">\u2753 Varf\u00f6r v\u00e4lja Airmez Fox 8 in 1?<\/strong><br data-start=\"811\" data-end=\"814\" \/>\u2705 Det kombinerar <strong data-start=\"828\" data-end=\"922\">160K puffar, segmenterad tankteknologi, mesh-spoleprestanda och uppladdningsbar bekv\u00e4mlighet<\/strong>, vilket g\u00f6r det till ett utm\u00e4rkt val f\u00f6r anv\u00e4ndare som vill ha h\u00e5llbarhet och f\u00f6rstklassig smakkvalitet.<\/p>\n<p>&nbsp;<\/p>\n<h3 id=\"brxe-najhln\" class=\"brxe-heading\">Vanliga fr\u00e5gor (FAQ)<\/h3>\n<div id=\"brxe-rajiac\" class=\"brxe-text\">\n<p><strong>F: Vilka betalningsmetoder accepterar du?<\/strong><br \/>\nS: Vi accepterar PayPal, Stripe, bank\u00f6verf\u00f6ringar (st\u00f6ds med SEPA), vanliga kreditkort (Visa, MasterCard, American Express) och betalningar i kryptovaluta.<\/p>\n<p><strong>F: Hur l\u00e5ng tid tar best\u00e4llningsberedningen?<\/strong><br \/>\nS: Best\u00e4llningsf\u00f6rberedelse tar 1-3 arbetsdagar.<\/p>\n<p><strong>F: Vad \u00e4r leveranstiden?<\/strong><br \/>\nS: Leveranstiden \u00e4r 7-14 arbetsdagar, beroende p\u00e5 var du befinner dig. Varor som skickas fr\u00e5n europeiska lager tar vanligtvis 3-6 arbetsdagar f\u00f6r leverans.<\/p>\n<p><strong>F: Hur kan jag sp\u00e5ra min best\u00e4llning?<\/strong><br \/>\nS: Efter leverans kommer du att f\u00e5 ett bekr\u00e4ftelsemail med ett sp\u00e5rningsnummer f\u00f6r sp\u00e5rning i realtid.<\/p>\n<p><strong>F: Vilken \u00e4r din returpolicy?<\/strong><br \/>\nS: Vi erbjuder en 30-dagars returpolicy f\u00f6r \u00e5terbetalningar eller byten. .<\/p>\n<p><strong>F: Kommer det att finnas n\u00e5gra tullproblem?<br \/>\n<\/strong>Vi hanterar alla tullf\u00f6rfaranden f\u00f6r att s\u00e4kerst\u00e4lla en problemfri upplevelse f\u00f6r dig. .<\/p>\n<p><strong>F: Vilka frakts\u00e4tt anv\u00e4nds?<\/strong><br \/>\nVi samarbetar med UPS\/DHL\/FEDEX\/DPD, etc. Vi kommer att v\u00e4lja l\u00e4mpligt fraktalternativ beroende p\u00e5 leveransland f\u00f6r att s\u00e4kerst\u00e4lla att du f\u00e5r dina produkter s\u00e5 snabbt som m\u00f6jligt.<\/p>\n<p><a href=\"https:\/\/pgvape.com\/sv\/vanliga-fragor\/\">Klicka h\u00e4r f\u00f6r mer FAQ<\/a><\/p>\n<p>K\u00e4ra kunder, Om du har n\u00e5gra fr\u00e5gor om din best\u00e4llning eller ankomsten av varor, v\u00e4nligen kontakta v\u00e5r kundtj\u00e4nst. Tack!<\/p>\n<h3 data-sourcepos=\"73:1-73:21\"><strong data-sourcepos=\"73:7-73:21\">Kontakta oss<\/strong><\/h3>\n<div id=\"text-2419739398\" class=\"text\">\n<p><strong data-sourcepos=\"75:3-75:12\">E-post<\/strong>:\u00a0<a href=\"mailto:support@pgvape.com\"><strong>support@pgvape.com<\/strong><\/a><\/p>\n<p><strong data-sourcepos=\"76:3-76:15\">WhatsApp<\/strong>:\u00a0<a href=\"https:\/\/wa.me\/+8618128481258\"><strong>+86 18128481258<\/strong><\/a><br \/>\n<strong>(Svara inom 24 timmar p\u00e5 arbetsdagar)<\/strong><\/p>\n<\/div>\n<h3><strong>Tack f\u00f6r att du valde pgvape.com! .<\/strong><\/h3>\n<\/div>","protected":false},"excerpt":{"rendered":"<p data-start=\"0\" data-end=\"42\"><strong data-start=\"0\" data-end=\"42\">AIRMEZ FOX 8-i-1 160K disponibel vape <\/strong>Upp till 160 000 bloss med en avancerad 8-i-1-design konstruerad f\u00f6r varaktig prestanda. Har 4 oberoende 15 ml-tankar (totalt 60 ml) f\u00f6r att bevara smakens fr\u00e4sch\u00f6r, en avancerad mesh-spole f\u00f6r j\u00e4mn t\u00e4t \u00e5nga och ett 650 mAh uppladdningsbart batteri med Type-C snabbladdning f\u00f6r p\u00e5litlig anv\u00e4ndning hela dagen.<\/p>","protected":false},"featured_media":10134,"comment_status":"open","ping_status":"closed","template":"","meta":{"_seopress_robots_primary_cat":"none","_seopress_titles_title":"","_seopress_titles_desc":"","_seopress_robots_index":""},"product_brand":[154,516],"product_cat":[595,155,515],"product_tag":[597,649,647,646,90,631,650,648],"class_list":{"0":"post-10129","1":"product","2":"type-product","3":"status-publish","4":"has-post-thumbnail","6":"product_brand-airmez-fox-vape","7":"product_brand-disposable-vape","8":"product_cat-160k-puffs-vape","9":"product_cat-airmez-fox-vape","10":"product_cat-disposable-vape","11":"product_tag-160k-puffs-vape","12":"product_tag-60ml","13":"product_tag-8-in-1","14":"product_tag-airmez-fox-160k","15":"product_tag-disposable-vape","16":"product_tag-mesh-coil","17":"product_tag-quad-tanks","18":"product_tag-smart","20":"first","21":"instock","22":"sale","23":"shipping-taxable","24":"purchasable","25":"product-type-variable"},"_links":{"self":[{"href":"https:\/\/pgvape.com\/sv\/wp-json\/wp\/v2\/product\/10129","targetHints":{"allow":["GET"]}}],"collection":[{"href":"https:\/\/pgvape.com\/sv\/wp-json\/wp\/v2\/product"}],"about":[{"href":"https:\/\/pgvape.com\/sv\/wp-json\/wp\/v2\/types\/product"}],"replies":[{"embeddable":true,"href":"https:\/\/pgvape.com\/sv\/wp-json\/wp\/v2\/comments?post=10129"}],"wp:featuredmedia":[{"embeddable":true,"href":"https:\/\/pgvape.com\/sv\/wp-json\/wp\/v2\/media\/10134"}],"wp:attachment":[{"href":"https:\/\/pgvape.com\/sv\/wp-json\/wp\/v2\/media?parent=10129"}],"wp:term":[{"taxonomy":"product_brand","embeddable":true,"href":"https:\/\/pgvape.com\/sv\/wp-json\/wp\/v2\/product_brand?post=10129"},{"taxonomy":"product_cat","embeddable":true,"href":"https:\/\/pgvape.com\/sv\/wp-json\/wp\/v2\/product_cat?post=10129"},{"taxonomy":"product_tag","embeddable":true,"href":"https:\/\/pgvape.com\/sv\/wp-json\/wp\/v2\/product_tag?post=10129"}],"curies":[{"name":"wp","href":"https:\/\/api.w.org\/{rel}","templated":true}]}}