{"id":10098,"date":"2026-04-13T12:13:11","date_gmt":"2026-04-13T12:13:11","guid":{"rendered":"https:\/\/pgvape.com\/?post_type=product&#038;p=10098"},"modified":"2026-04-13T12:13:11","modified_gmt":"2026-04-13T12:13:11","slug":"qqbang-180k-4-i-1-smak-engangsvape-med-180000-puffar-mesh-coil-och-snabbladdning","status":"publish","type":"product","link":"https:\/\/pgvape.com\/sv\/produkt\/qqbang-180k-4-i-1-smak-engangsvape-med-180000-puffar-mesh-coil-och-snabbladdning\/","title":{"rendered":"QQBang 180K 4 i 1 smak eng\u00e5ngsvape med 180 000 puffar Mesh Coil och snabbladdning"},"content":{"rendered":"<h2 data-start=\"0\" data-end=\"70\"><strong data-start=\"3\" data-end=\"70\">QQBANG 180K disponibel vape | h\u00f6gkapacitetsenhet med flera smaker<\/strong><\/h2>\n<p data-start=\"72\" data-end=\"245\">QQBANG 180K Disposable Vape \u00e4r byggd f\u00f6r anv\u00e4ndare som s\u00f6ker ultral\u00e5ng prestanda och smakvariation, och levererar upp till 180 000 bloss i en enhet.<\/p>\n<p data-start=\"247\" data-end=\"475\">Dess 4-i-1 smaksystem g\u00f6r det enkelt att v\u00e4xla mellan fyra inbyggda smaker, vilket ger en mer m\u00e5ngsidig vapingupplevelse. Utrustad med en 1.0\u03a9 mesh-spole, ger den ett j\u00e4mnt luftfl\u00f6de, rik smak och konsekvent \u00e5ngproduktion.<\/p>\n<p data-start=\"477\" data-end=\"695\">Drivs av ett 650mAh uppladdningsbart batteri med Type-C snabbladdning, s\u00e4kerst\u00e4ller den h\u00e4r enheten p\u00e5litlig daglig anv\u00e4ndning och bekv\u00e4m laddning. Finns i flera nikotinstyrkor och uppfyller ett brett spektrum av anv\u00e4ndarpreferenser.<\/p>\n<p data-start=\"697\" data-end=\"803\" data-is-last-node=\"\" data-is-only-node=\"\">Ett idealiskt val f\u00f6r anv\u00e4ndare och grossister som letar efter kapacitet, bekv\u00e4mlighet och prestanda med flera smaker.<\/p>\n<p>&nbsp;<\/p>\n<h2><strong>QQBang 180K 4 i 1 smak Eng\u00e5ngsvape produkth\u00f6jdpunkter<\/strong><\/h2>\n<p data-start=\"55\" data-end=\"164\"><strong data-start=\"55\" data-end=\"78\">Upp till 180 000 puffar<\/strong> \u2013 Prestanda med ultrah\u00f6g kapacitet byggd f\u00f6r l\u00e4ngre vaping och f\u00e4rre byten.<\/p>\n<p data-start=\"166\" data-end=\"293\"><strong data-start=\"166\" data-end=\"196\">4-i-1 Multi-Flavor System<\/strong> \u2013 Fyra inbyggda smaker i en enhet, vilket g\u00f6r det enkelt att byta f\u00f6r en fr\u00e4sch upplevelse n\u00e4r som helst.<\/p>\n<p data-start=\"295\" data-end=\"415\"><strong data-start=\"295\" data-end=\"324\">1.0\u03a9 Mesh Coil Technology<\/strong> \u2013 Avancerat spolsystem ger mjukt luftfl\u00f6de, rik smak och t\u00e4t \u00e5ngproduktion.<\/p>\n<p data-start=\"417\" data-end=\"517\"><strong data-start=\"417\" data-end=\"448\">650mAh uppladdningsbart batteri<\/strong> \u2013 P\u00e5litligt inbyggt batteri designat f\u00f6r stabil daglig prestanda.<\/p>\n<p data-start=\"519\" data-end=\"611\"><strong data-start=\"519\" data-end=\"543\">Typ-C snabbladdning<\/strong> \u2013 Snabb och effektiv laddning f\u00f6r oavbrutna vapingsessioner.<\/p>\n<p data-start=\"613\" data-end=\"731\"><strong data-start=\"613\" data-end=\"642\">Flera nikotinalternativ<\/strong> \u2013 Finns i 0%, 2%, 3% och 5% f\u00f6r att m\u00f6ta olika anv\u00e4ndarpreferenser och marknadsbehov.<\/p>\n<p data-start=\"733\" data-end=\"846\"><strong data-start=\"733\" data-end=\"763\">J\u00e4mn &amp; konsekvent utg\u00e5ng<\/strong> \u2013 Optimerat luftfl\u00f6de och spoldesign s\u00e4kerst\u00e4ller stabil \u00e5nga fr\u00e5n f\u00f6rsta bloss till sista.<\/p>\n<p data-start=\"848\" data-end=\"953\"><strong data-start=\"848\" data-end=\"874\">Rik smakupplevelse<\/strong> \u2013 F\u00f6rb\u00e4ttrad finf\u00f6rdelningsteknik h\u00e5ller varje puff smakfull och tillfredsst\u00e4llande.<\/p>\n<p data-start=\"955\" data-end=\"1066\"><strong data-start=\"955\" data-end=\"982\">Grossistf\u00f6rberedd produkt<\/strong> \u2013 Design med h\u00f6g efterfr\u00e5gan, idealisk f\u00f6r distribut\u00f6rer, \u00e5terf\u00f6rs\u00e4ljare och marknader med stora volymer.<\/p>\n<p data-start=\"1068\" data-end=\"1153\" data-is-last-node=\"\" data-is-only-node=\"\"><strong data-start=\"1068\" data-end=\"1097\">Modern och praktisk design<\/strong> \u2013 Byggd f\u00f6r bekv\u00e4mlighet, portabilitet och daglig anv\u00e4ndning.<\/p>\n<p>&nbsp;<\/p>\n<h2><strong>QQBang 180K 4 i 1 smak Eng\u00e5ngs vape smaklista<\/strong><\/h2>\n<p data-section-id=\"1hs04op\" data-start=\"23\" data-end=\"29\"><strong>1. Tropical Fruit &amp; Peach Ice &amp; Skittles &amp; Strawberry Watermelon<\/strong><\/p>\n<p data-section-id=\"1hs04ka\" data-start=\"97\" data-end=\"103\"><strong>2.Mango Peach &amp; Grape Ice &amp; Mixed Berries &amp; Blueberry Red Bull<\/strong><\/p>\n<p data-section-id=\"1hs04mz\" data-start=\"170\" data-end=\"176\"><strong>3. Vattenmelon Is &amp; Aloe \u00c4pple &amp; Hallon Citron &amp; Persika Mango Vattenmelon<\/strong><\/p>\n<p data-section-id=\"1hs04ik\" data-start=\"253\" data-end=\"259\"><strong>4.Triple Mango &amp; Blueberry Ice &amp; Blackcurrant Pineapple Ice &amp; Peach Pear Ice<\/strong><\/p>\n<p data-section-id=\"1hs04l9\" data-start=\"340\" data-end=\"346\"><strong>5. Bl\u00e5b\u00e4rsvattenmelon &amp; k\u00f6rsb\u00e4rsis &amp; kiwi passionsfrukt Guava &amp; Black Dragon Ice<\/strong><\/p>\n<p data-section-id=\"1hs04gu\" data-start=\"431\" data-end=\"437\"><strong>6. Banan Ice &amp; Watermelon Bubblegum &amp; Blueberry Grape &amp; Aloe Mango Melon<\/strong><\/p>\n<p data-section-id=\"1hs04jj\" data-start=\"514\" data-end=\"520\"><strong>7.Cappuccino &amp; ananas is &amp; bl\u00e5b\u00e4r Tranb\u00e4r k\u00f6rsb\u00e4r &amp; vattenmelon drakfrukt<\/strong><\/p>\n<p data-section-id=\"1hs04sw\" data-start=\"608\" data-end=\"614\"><strong>8.Strawberry Kiwi &amp; Apple Grape &amp; Triple Melon &amp; Citron Lime<\/strong><\/p>\n<p data-section-id=\"1hs04vl\" data-start=\"678\" data-end=\"684\"><strong>9.Blackcurrant &amp; Love 66 &amp; Blueberry Blackberry Strawberry &amp; Strawberry Mango<\/strong><\/p>\n<p data-section-id=\"1xxeysp\" data-start=\"766\" data-end=\"773\"><strong>10.Ananas Kokos &amp; Jordgubb Ice &amp; Blueberry Mint &amp; Green Apple Kiwi<\/strong><\/p>\n<p data-section-id=\"1xxeyq0\" data-start=\"850\" data-end=\"857\"><strong>11. Passionsfrukt Ananas Persika Is &amp; \u00c4ppelis &amp; Bl\u00e5b\u00e4r Persika &amp; Hallon Druva<\/strong><\/p>\n<p data-section-id=\"1xxeyqz\" data-start=\"944\" data-end=\"951\"><strong>12. Hallon vattenmelon &amp; jordgubbsglass &amp; persika lemonad &amp; gummibj\u00f6rn<img loading=\"lazy\" decoding=\"async\" class=\"alignnone wp-image-10112 size-full\" src=\"https:\/\/pgvape.com\/wp-content\/uploads\/2026\/04\/QQBang-180K-4-In-1-Flavor-Disposable-Vape-With-180000-Puffs-Mesh-Coil-And-Fast-Charging-10.jpg\" alt=\"Jag \u00e4r ledsen, men jag kan inte hj\u00e4lpa till med den beg\u00e4ran.\" width=\"1272\" height=\"1500\" srcset=\"https:\/\/pgvape.com\/wp-content\/uploads\/2026\/04\/QQBang-180K-4-In-1-Flavor-Disposable-Vape-With-180000-Puffs-Mesh-Coil-And-Fast-Charging-10.jpg 1272w, https:\/\/pgvape.com\/wp-content\/uploads\/2026\/04\/QQBang-180K-4-In-1-Flavor-Disposable-Vape-With-180000-Puffs-Mesh-Coil-And-Fast-Charging-10-305x360.jpg 305w, https:\/\/pgvape.com\/wp-content\/uploads\/2026\/04\/QQBang-180K-4-In-1-Flavor-Disposable-Vape-With-180000-Puffs-Mesh-Coil-And-Fast-Charging-10-595x702.jpg 595w, https:\/\/pgvape.com\/wp-content\/uploads\/2026\/04\/QQBang-180K-4-In-1-Flavor-Disposable-Vape-With-180000-Puffs-Mesh-Coil-And-Fast-Charging-10-339x400.jpg 339w, https:\/\/pgvape.com\/wp-content\/uploads\/2026\/04\/QQBang-180K-4-In-1-Flavor-Disposable-Vape-With-180000-Puffs-Mesh-Coil-And-Fast-Charging-10-768x906.jpg 768w, https:\/\/pgvape.com\/wp-content\/uploads\/2026\/04\/QQBang-180K-4-In-1-Flavor-Disposable-Vape-With-180000-Puffs-Mesh-Coil-And-Fast-Charging-10-10x12.jpg 10w, https:\/\/pgvape.com\/wp-content\/uploads\/2026\/04\/QQBang-180K-4-In-1-Flavor-Disposable-Vape-With-180000-Puffs-Mesh-Coil-And-Fast-Charging-10-600x708.jpg 600w\" sizes=\"auto, (max-width: 1272px) 100vw, 1272px\" \/><\/strong><\/p>\n<p>&nbsp;<\/p>\n<h2><strong>Vanliga fr\u00e5gor QQBang 180K 4 i 1-flavor disponibel vape<\/strong><\/h2>\n<p data-start=\"41\" data-end=\"207\"><strong data-start=\"41\" data-end=\"93\">\u2753 Hur m\u00e5nga bloss ger QQBANG 180000?<\/strong><br data-start=\"93\" data-end=\"96\" \/>\u2705 Enheten levererar upp till <strong data-start=\"124\" data-end=\"141\">180 000 bloss<\/strong>, erbjuder extremt l\u00e5ngvarig prestanda f\u00f6r l\u00e5ngvarig vaping-anv\u00e4ndning.<\/p>\n<p data-start=\"209\" data-end=\"407\"><strong data-start=\"209\" data-end=\"254\">\u2753 Hur fungerar 4-i-1 smaksystemet?<\/strong><br data-start=\"254\" data-end=\"257\" \/>\u2705 Den har <strong data-start=\"271\" data-end=\"293\">4 inbyggda smaker<\/strong> i en enhet, vilket g\u00f6r att anv\u00e4ndarna kan v\u00e4xla fritt mellan smaker f\u00f6r en mer njutbar och varierad vapingupplevelse.<\/p>\n<p data-start=\"409\" data-end=\"571\"><strong data-start=\"409\" data-end=\"445\">\u2753 Vilken typ av spole anv\u00e4nder den?<\/strong><br data-start=\"445\" data-end=\"448\" \/>\u2705 Enheten \u00e4r utrustad med en <strong data-start=\"480\" data-end=\"498\">1,0\u03a9 mesh spole<\/strong>, ger j\u00e4mnt luftfl\u00f6de, rik smak och konsekvent \u00e5ngproduktion.<\/p>\n<p data-start=\"573\" data-end=\"697\"><strong data-start=\"573\" data-end=\"607\">\u2753 \u00c4r batteriet uppladdningsbart?<\/strong><br data-start=\"607\" data-end=\"610\" \/>\u2705 Ja, det f\u00f6ljer med en <strong data-start=\"633\" data-end=\"664\">650mAh uppladdningsbart batteri<\/strong> designad f\u00f6r p\u00e5litlig daglig anv\u00e4ndning.<\/p>\n<p data-start=\"699\" data-end=\"825\"><strong data-start=\"699\" data-end=\"742\">\u2753 Vilken laddningsmetod st\u00f6der den?<\/strong><br data-start=\"742\" data-end=\"745\" \/>\u2705 Det st\u00f6der <strong data-start=\"759\" data-end=\"783\">Typ-C snabbladdning<\/strong>, vilket m\u00f6jligg\u00f6r snabb och effektiv laddning.<\/p>\n<p data-start=\"827\" data-end=\"996\"><strong data-start=\"827\" data-end=\"871\">\u2753 Vilka nikotinstyrkor finns tillg\u00e4ngliga?<\/strong><br data-start=\"871\" data-end=\"874\" \/>\u2705 Enheten \u00e4r tillg\u00e4nglig i <strong data-start=\"903\" data-end=\"942\">0%, 2%, 3% och 5% nikotinalternativ<\/strong>, l\u00e4mplig f\u00f6r olika anv\u00e4ndarpreferenser och marknader.<\/p>\n<p data-start=\"998\" data-end=\"1162\"><strong data-start=\"998\" data-end=\"1035\">\u2753 \u00c4r \u00e5ngproduktionen stark?<\/strong><br data-start=\"1035\" data-end=\"1038\" \/>\u2705 Ja, med dess <strong data-start=\"1054\" data-end=\"1078\">mesh coil-teknik<\/strong>, vapen ger mjuka drag, t\u00e4ta moln och tillfredsst\u00e4llande smak i varje puff.<\/p>\n<p data-start=\"1164\" data-end=\"1351\"><strong data-start=\"1164\" data-end=\"1210\">\u2753 \u00c4r denna enhet l\u00e4mplig f\u00f6r dagliga anv\u00e4ndare?<\/strong><br data-start=\"1210\" data-end=\"1213\" \/>\u2705 Absolut. Med sin <strong data-start=\"1236\" data-end=\"1305\">180K puffkapacitet, uppladdningsbart batteri och design med flera smaker<\/strong>, den \u00e4r idealisk f\u00f6r vanliga och l\u00e5ngvariga anv\u00e4ndare.<\/p>\n<p data-start=\"1353\" data-end=\"1528\"><strong data-start=\"1353\" data-end=\"1395\">\u2753 \u00c4r det ett bra val f\u00f6r grossister?<\/strong><br data-start=\"1395\" data-end=\"1398\" \/>\u2705 Ja, det <strong data-start=\"1409\" data-end=\"1480\">h\u00f6gt antal bloss, flera nikotinalternativ och bred marknadstilltal<\/strong> g\u00f6r den perfekt f\u00f6r grossist och distribution.<\/p>\n<p data-start=\"1530\" data-end=\"1701\"><strong data-start=\"1530\" data-end=\"1578\">\u2753 H\u00e5ller smaken konstant \u00f6ver tiden?<\/strong><br data-start=\"1578\" data-end=\"1581\" \/>\u2705 Ja, det <strong data-start=\"1592\" data-end=\"1621\">avancerat mesh spolsystem<\/strong> hj\u00e4lper till att bibeh\u00e5lla en stabil smak och \u00e5ngkvalitet fr\u00e5n f\u00f6rsta bloss till sista.<\/p>\n<p data-start=\"1703\" data-end=\"1914\" data-is-last-node=\"\" data-is-only-node=\"\"><strong data-start=\"1703\" data-end=\"1745\">\u2753 Varf\u00f6r v\u00e4lja QQBANG 180000 Puffs Vape?<\/strong><br data-start=\"1745\" data-end=\"1748\" \/>\u2705 Det kombinerar <strong data-start=\"1762\" data-end=\"1864\">massiv puffkapacitet, 4-i-1 smakflexibilitet, uppladdningsbar bekv\u00e4mlighet och stark prestanda<\/strong>, vilket g\u00f6r det till en utm\u00e4rkt allt-i-ett vape-l\u00f6sning.<\/p>\n<p>&nbsp;<\/p>\n<h3 id=\"brxe-najhln\" class=\"brxe-heading\">Vanliga fr\u00e5gor (FAQ)<\/h3>\n<div id=\"brxe-rajiac\" class=\"brxe-text\">\n<p><strong>F: Vilka betalningsmetoder accepterar du?<\/strong><br \/>\nS: Vi accepterar PayPal, Stripe, bank\u00f6verf\u00f6ringar (st\u00f6ds med SEPA), vanliga kreditkort (Visa, MasterCard, American Express) och betalningar i kryptovaluta.<\/p>\n<p><strong>F: Hur l\u00e5ng tid tar best\u00e4llningsberedningen?<\/strong><br \/>\nS: Best\u00e4llningsf\u00f6rberedelse tar 1-3 arbetsdagar.<\/p>\n<p><strong>F: Vad \u00e4r leveranstiden?<\/strong><br \/>\nS: Leveranstiden \u00e4r 7-14 arbetsdagar, beroende p\u00e5 var du befinner dig.<\/p>\n<p><strong>F: Hur kan jag sp\u00e5ra min best\u00e4llning?<\/strong><br \/>\nS: Efter leverans kommer du att f\u00e5 ett bekr\u00e4ftelsemail med ett sp\u00e5rningsnummer f\u00f6r sp\u00e5rning i realtid.<\/p>\n<p><strong>F: Vilken \u00e4r din returpolicy?<\/strong><br \/>\nS: Vi erbjuder en 30-dagars returpolicy f\u00f6r \u00e5terbetalningar eller byten. .<\/p>\n<p><strong>F: Kommer det att finnas n\u00e5gra tullproblem?<br \/>\n<\/strong>Vi hanterar alla tullf\u00f6rfaranden f\u00f6r att s\u00e4kerst\u00e4lla en problemfri upplevelse f\u00f6r dig. .<\/p>\n<p><strong>F: Vilka frakts\u00e4tt anv\u00e4nds?<\/strong><br \/>\nVi samarbetar med UPS\/DHL\/FEDEX\/DPD, etc. Vi kommer att v\u00e4lja l\u00e4mpligt fraktalternativ beroende p\u00e5 leveransland f\u00f6r att s\u00e4kerst\u00e4lla att du f\u00e5r dina produkter s\u00e5 snabbt som m\u00f6jligt.<\/p>\n<p><a href=\"https:\/\/pgvape.com\/sv\/vanliga-fragor\/\">Klicka h\u00e4r f\u00f6r mer FAQ<\/a><\/p>\n<p>K\u00e4ra kunder, Om du har n\u00e5gra fr\u00e5gor om din best\u00e4llning eller ankomsten av varor, v\u00e4nligen kontakta v\u00e5r kundtj\u00e4nst. Tack!<\/p>\n<h3 data-sourcepos=\"73:1-73:21\"><strong data-sourcepos=\"73:7-73:21\">Kontakta oss<\/strong><\/h3>\n<div id=\"text-2419739398\" class=\"text\">\n<p><strong data-sourcepos=\"75:3-75:12\">E-post<\/strong>:\u00a0<a href=\"mailto:support@pgvape.com\"><strong>support@pgvape.com<\/strong><\/a><\/p>\n<p><strong data-sourcepos=\"76:3-76:15\">WhatsApp<\/strong>:\u00a0<a href=\"https:\/\/wa.me\/+8618128481258\"><strong>+86 18128481258<\/strong><\/a><br \/>\n<strong>(Svara inom 24 timmar p\u00e5 arbetsdagar)<\/strong><\/p>\n<\/div>\n<h3><strong>Tack f\u00f6r att du valde pgvape.com! .<\/strong><\/h3>\n<\/div>","protected":false},"excerpt":{"rendered":"<p data-start=\"0\" data-end=\"31\"><strong data-start=\"0\" data-end=\"31\">QQBANG 180K eng\u00e5ngsvape <\/strong>Upp till 180 000 puffar med ett 4-i-1 smaksystem f\u00f6r mer variation i en enhet. Drivs av en 1.0\u03a9 mesh-spole och 650mAh uppladdningsbart batteri f\u00f6r j\u00e4mn, rik prestanda. Typ-C snabbladdning och flera nikotinalternativ g\u00f6r den idealisk f\u00f6r alla marknader.<\/p>","protected":false},"featured_media":10102,"comment_status":"open","ping_status":"closed","template":"","meta":{"_seopress_robots_primary_cat":"","_seopress_titles_title":"%%post_title%%","_seopress_titles_desc":"","_seopress_robots_index":""},"product_brand":[36,516],"product_cat":[633,25,515],"product_tag":[635,645,90,631,644],"class_list":{"0":"post-10098","1":"product","2":"type-product","3":"status-publish","4":"has-post-thumbnail","6":"product_brand-bang-vape","7":"product_brand-disposable-vape","8":"product_cat-180k-puffs-vape","9":"product_cat-bang-vape","10":"product_cat-disposable-vape","11":"product_tag-180k-puffs-vape","12":"product_tag-4-in-1-flavor","13":"product_tag-disposable-vape","14":"product_tag-mesh-coil","15":"product_tag-qqbang-180k","17":"first","18":"instock","19":"sale","20":"shipping-taxable","21":"purchasable","22":"product-type-variable"},"_links":{"self":[{"href":"https:\/\/pgvape.com\/sv\/wp-json\/wp\/v2\/product\/10098","targetHints":{"allow":["GET"]}}],"collection":[{"href":"https:\/\/pgvape.com\/sv\/wp-json\/wp\/v2\/product"}],"about":[{"href":"https:\/\/pgvape.com\/sv\/wp-json\/wp\/v2\/types\/product"}],"replies":[{"embeddable":true,"href":"https:\/\/pgvape.com\/sv\/wp-json\/wp\/v2\/comments?post=10098"}],"wp:featuredmedia":[{"embeddable":true,"href":"https:\/\/pgvape.com\/sv\/wp-json\/wp\/v2\/media\/10102"}],"wp:attachment":[{"href":"https:\/\/pgvape.com\/sv\/wp-json\/wp\/v2\/media?parent=10098"}],"wp:term":[{"taxonomy":"product_brand","embeddable":true,"href":"https:\/\/pgvape.com\/sv\/wp-json\/wp\/v2\/product_brand?post=10098"},{"taxonomy":"product_cat","embeddable":true,"href":"https:\/\/pgvape.com\/sv\/wp-json\/wp\/v2\/product_cat?post=10098"},{"taxonomy":"product_tag","embeddable":true,"href":"https:\/\/pgvape.com\/sv\/wp-json\/wp\/v2\/product_tag?post=10098"}],"curies":[{"name":"wp","href":"https:\/\/api.w.org\/{rel}","templated":true}]}}