{"id":87,"date":"2025-07-11T13:57:05","date_gmt":"2025-07-11T13:57:05","guid":{"rendered":"https:\/\/pgvape.com\/?page_id=87"},"modified":"2025-11-19T08:00:16","modified_gmt":"2025-11-19T08:00:16","slug":"fraktpolicy","status":"publish","type":"page","link":"https:\/\/pgvape.com\/sv\/fraktpolicy\/","title":{"rendered":"Fraktpolicy"},"content":{"rendered":"<div id=\"text-1116771685\" class=\"text\">\n\t\t\n\n<h1>\ud83d\udce6\u00a0<strong data-sourcepos=\"5:6-5:25\">Fraktpolicy<\/strong><\/h1>\n\t\t\n<style>\n#text-1116771685 {\n  text-align: left;\n  color: rgb(0, 0, 0);\n}\n#text-1116771685 > * {\n  color: rgb(0, 0, 0);\n}\n@media (min-width:550px) {\n  #text-1116771685 {\n    text-align: center;\n  }\n}\n<\/style>\n\t<\/div>\n\t\n<div class=\"is-divider divider clearfix\" style=\"margin-top:20px;margin-bottom:20px;max-width:1000px;\"><\/div>\n\n\t<div id=\"text-3760254418\" class=\"text\">\n\t\t\n\n<h3><strong data-sourcepos=\"8:1-8:23\">Service\u00e5tagande<\/strong>: Kl <strong data-sourcepos=\"8:28-8:42\">pgvape.com<\/strong>, vi \u00e4r fast beslutna att ge dig snabba, s\u00e4kra och effektiva orderleveranstj\u00e4nster. .<\/h3>\n\t\t\n<style>\n#text-3760254418 {\n  font-size: 0.9rem;\n  color: rgb(0, 0, 0);\n}\n#text-3760254418 > * {\n  color: rgb(0, 0, 0);\n}\n<\/style>\n\t<\/div>\n\t\n<div class=\"is-divider divider clearfix\" style=\"margin-top:15px;margin-bottom:15px;max-width:1000px;\"><\/div>\n\n\t<div id=\"text-4140102181\" class=\"text\">\n\t\t\n\n<h3 data-sourcepos=\"12:1-12:35\">1.\ud83d\udd52 <strong data-sourcepos=\"12:10-12:35\">Best\u00e4llningstid<\/strong><\/h3>\n<p data-sourcepos=\"14:3-15:147\"><strong data-sourcepos=\"14:3-14:31\">Standardbehandlingstid<\/strong>: Efter att ha mottagit betalningen kommer din best\u00e4llning att behandlas inom <strong data-sourcepos=\"15:64-15:85\">1-3 arbetsdagar<\/strong>, inklusive orderverifiering, f\u00f6rpackning och f\u00f6rbearbetning.<\/p>\n<p data-sourcepos=\"17:3-18:142\"><strong>S\u00e4rskilda omst\u00e4ndigheter:<\/strong> Handl\u00e4ggningstiden kan f\u00f6rl\u00e4ngas vid semester, avl\u00e4gsna omr\u00e5den eller tullinspektioner. .<\/p>\n\t\t\n<style>\n#text-4140102181 {\n  font-size: 0.9rem;\n  line-height: 1.75;\n  color: rgb(0, 0, 0);\n}\n#text-4140102181 > * {\n  color: rgb(0, 0, 0);\n}\n<\/style>\n\t<\/div>\n\t\n<div class=\"is-divider divider clearfix\" style=\"margin-top:15px;margin-bottom:15px;max-width:1000px;\"><\/div>\n\n\t<div id=\"text-334968101\" class=\"text\">\n\t\t\n\n<h2 data-sourcepos=\"22:1-22:41\">2. \ud83d\ude9a\u00a0<strong data-sourcepos=\"22:10-22:41\">Logistik och leveranstid<\/strong><\/h2>\n<p data-sourcepos=\"24:3-25:103\"><strong data-sourcepos=\"24:3-24:29\">Standard leveranstid<\/strong>: Leverans tar vanligtvis <strong data-sourcepos=\"25:28-25:50\">7-14 arbetsdagar<\/strong>, med exakt varaktighet beroende p\u00e5 din plats.<\/p>\n<p data-sourcepos=\"27:3-28:111\"><strong data-sourcepos=\"27:3-27:22\">Eventuella f\u00f6rseningar<\/strong>: Avl\u00e4gsna omr\u00e5den, helgdagar, tullinspektioner eller andra of\u00f6rutsedda omst\u00e4ndigheter kan orsaka f\u00f6rseningar i leveransen.<\/p>\n\t\t\n<style>\n#text-334968101 {\n  font-size: 0.9rem;\n  line-height: 1.75;\n  color: rgb(0, 0, 0);\n}\n#text-334968101 > * {\n  color: rgb(0, 0, 0);\n}\n<\/style>\n\t<\/div>\n\t\n<div class=\"is-divider divider clearfix\" style=\"margin-top:15px;margin-bottom:15px;max-width:1000px;\"><\/div>\n\n\t<div id=\"text-1770544062\" class=\"text\">\n\t\t\n\n<h2 data-sourcepos=\"32:1-32:31\">3. \ud83e\udd1d\u00a0<strong data-sourcepos=\"32:10-32:31\">Fraktpartners<\/strong><\/h2>\n<p data-sourcepos=\"34:1-34:140\">Vi samarbetar med globalt p\u00e5litliga logistikleverant\u00f6rer f\u00f6r att s\u00e4kerst\u00e4lla end-to-end-kontroll av din ordertransport.<\/p>\n<p><strong data-sourcepos=\"35:3-35:10\">DHL<\/strong><\/p>\n<p><strong data-sourcepos=\"36:3-36:10\">DPD<\/strong><\/p>\n<p><strong data-sourcepos=\"37:3-37:10\">UPS<\/strong><\/p>\n<p><strong data-sourcepos=\"38:3-38:40\">Destinationsland Postsystem<\/strong><\/p>\n\t\t\n<style>\n#text-1770544062 {\n  font-size: 0.9rem;\n  line-height: 1.75;\n  color: rgb(0, 0, 0);\n}\n#text-1770544062 > * {\n  color: rgb(0, 0, 0);\n}\n<\/style>\n\t<\/div>\n\t\n<div class=\"is-divider divider clearfix\" style=\"margin-top:15px;margin-bottom:15px;max-width:1000px;\"><\/div>\n\n\t<div id=\"text-3383733543\" class=\"text\">\n\t\t\n\n<h2 data-sourcepos=\"42:1-42:36\">4. \ud83d\udd0d\u00a0<strong data-sourcepos=\"42:10-42:36\">Ordersp\u00e5rningstj\u00e4nst<\/strong><\/h2>\n<p data-sourcepos=\"44:3-45:97\"><strong data-sourcepos=\"44:3-44:28\">Sp\u00e5rningsmeddelande<\/strong>: Efter leverans kommer ett sp\u00e5rningsnummer automatiskt att skickas till din registrerade e-postadress.<\/p>\n<p data-sourcepos=\"47:3-47:26\"><strong data-sourcepos=\"47:3-47:23\">Sp\u00e5rningsalternativ<\/strong>:<\/p>\n<p>Kontrollera ditt paketstatus genom att ange sp\u00e5rningsnumret p\u00e5 v\u00e5r hemsidas sida \u201cMina best\u00e4llningar\u201d.<\/p>\n<p>Logga in p\u00e5 operat\u00f6rens officiella plattform (t.ex. DHL\/UPS-webbplatsen).<\/p>\n\t\t\n<style>\n#text-3383733543 {\n  font-size: 0.9rem;\n  line-height: 1.75;\n  color: rgb(0, 0, 0);\n}\n#text-3383733543 > * {\n  color: rgb(0, 0, 0);\n}\n<\/style>\n\t<\/div>\n\t\n<div class=\"is-divider divider clearfix\" style=\"margin-top:15px;margin-bottom:15px;max-width:1000px;\"><\/div>\n\n\t<div id=\"text-4247966056\" class=\"text\">\n\t\t\n\n<h2 data-sourcepos=\"53:1-53:55\">5. \ud83d\udcb0\u00a0<strong data-sourcepos=\"53:10-53:55\">Fraktkostnader och tullansvar<\/strong><\/h2>\n<p data-sourcepos=\"55:3-56:152\"><strong data-sourcepos=\"55:3-55:26\">Regler f\u00f6r fraktkostnader<\/strong>: Fraktkostnader ber\u00e4knas baserat p\u00e5 ordervikt, destination och vald fraktmetod. .<\/p>\n<p data-sourcepos=\"58:3-58:32\"><strong data-sourcepos=\"58:3-58:29\">Tullens ansvar<\/strong>:<\/p>\n<p>F\u00f6r best\u00e4llningar som skickas till l\u00e4nder eller regioner utanf\u00f6r Kanada kommer alla tullar eller importskatter att t\u00e4ckas av oss.<\/p>\n<p>F\u00f6r kanadensiska best\u00e4llningar \u00e4r importskatter kundens ansvar. .<\/p>\n\t\t\n<style>\n#text-4247966056 {\n  font-size: 0.9rem;\n  line-height: 1.75;\n  color: rgb(0, 0, 0);\n}\n#text-4247966056 > * {\n  color: rgb(0, 0, 0);\n}\n<\/style>\n\t<\/div>\n\t\n<div class=\"is-divider divider clearfix\" style=\"margin-top:15px;margin-bottom:15px;max-width:1000px;\"><\/div>\n\n\t<div id=\"text-3678408413\" class=\"text\">\n\t\t\n\n<h2 data-sourcepos=\"64:1-64:42\">6. \ud83d\udea8\u00a0<strong data-sourcepos=\"64:10-64:42\">Hantering av fraktundantag<\/strong><\/h2>\n<p data-sourcepos=\"66:1-66:106\">Om du st\u00f6ter p\u00e5 n\u00e5gon av f\u00f6ljande situationer, v\u00e4nligen kontakta v\u00e5rt kundsupportteam omedelbart:<\/p>\n<ul data-sourcepos=\"67:1-69:58\">\n<li data-sourcepos=\"67:1-67:72\">Leveransf\u00f6rsening som \u00f6verstiger den ber\u00e4knade tiden med\u00a0<strong data-sourcepos=\"67:50-67:69\">5 arbetsdagar<\/strong>.<\/li>\n<li data-sourcepos=\"68:1-68:70\">F\u00f6rlorad, skadad eller onormal sp\u00e5rningsinformation f\u00f6r ditt paket.<\/li>\n<li data-sourcepos=\"69:1-69:58\">Beh\u00f6ver uppdatera leveransadressen eller andra detaljer.<\/li>\n<\/ul>\n<p data-sourcepos=\"71:1-71:141\">Vi kommer att f\u00f6lja upp genom hela processen och samordna med logistikleverant\u00f6ren f\u00f6r att erbjuda l\u00f6sningar som omfrakt eller \u00e5terbetalning, beroende p\u00e5 situationen.<\/p>\n\t\t\n<style>\n#text-3678408413 {\n  font-size: 0.9rem;\n  line-height: 1.75;\n  color: rgb(0, 0, 0);\n}\n#text-3678408413 > * {\n  color: rgb(0, 0, 0);\n}\n<\/style>\n\t<\/div>\n\t\n<div class=\"is-divider divider clearfix\" style=\"margin-top:15px;margin-bottom:15px;max-width:1000px;\"><\/div>\n\n\t<div id=\"text-2353360339\" class=\"text\">\n\t\t\n\n<h2 data-sourcepos=\"75:1-75:30\">7. \ud83d\udce8\u00a0<strong data-sourcepos=\"75:10-75:30\">Kundsupport<\/strong><\/h2>\n<ul data-sourcepos=\"77:1-78:77\">\n<li data-sourcepos=\"77:1-77:36\">\n<h4><strong data-sourcepos=\"77:3-77:12\">E-post<\/strong>: <span style=\"color: #0000ff;\"><a style=\"color: #0000ff;\" href=\"\/sv\/support@pgvape.com\/\">support@pgvape.com<\/a><\/span><\/h4>\n<\/li>\n<li data-sourcepos=\"78:1-78:77\">\n<h4><strong data-sourcepos=\"78:3-78:15\">WhatsApp<\/strong>: <span style=\"color: #00ff00;\"><a style=\"color: #00ff00;\" href=\"https:\/\/wa.me\/+8618128481258\">+8618128481258<\/a> <\/span>(Svara inom 24 timmar p\u00e5 arbetsdagar)<\/h4>\n<\/li>\n<\/ul>\n\t\t\n<style>\n#text-2353360339 {\n  font-size: 0.9rem;\n  line-height: 1.75;\n  color: rgb(0, 0, 0);\n}\n#text-2353360339 > * {\n  color: rgb(0, 0, 0);\n}\n<\/style>\n\t<\/div>\n\t\n<div class=\"is-divider divider clearfix\" style=\"margin-top:15px;margin-bottom:15px;max-width:1000px;\"><\/div>\n\n\t<div id=\"text-1342676481\" class=\"text\">\n\t\t\n\n<h3><strong data-sourcepos=\"82:1-82:39\">Tack f\u00f6r att du valde pgvape.com!<\/strong><\/h3>\n<p>Vi v\u00e4rdes\u00e4tter ditt f\u00f6rtroende och \u00e4r engagerade i att tillhandah\u00e5lla smidiga och s\u00e4kra frakttj\u00e4nster.<\/p>\n\t\t\n<style>\n#text-1342676481 {\n  font-size: 0.9rem;\n  line-height: 1.75;\n  color: rgb(0, 0, 0);\n}\n#text-1342676481 > * {\n  color: rgb(0, 0, 0);\n}\n<\/style>\n\t<\/div>","protected":false},"excerpt":{"rendered":"","protected":false},"author":2,"featured_media":0,"parent":0,"menu_order":0,"comment_status":"closed","ping_status":"closed","template":"","meta":{"_seopress_robots_primary_cat":"","_seopress_titles_title":"","_seopress_titles_desc":"","_seopress_robots_index":"","footnotes":""},"class_list":["post-87","page","type-page","status-publish","hentry"],"_links":{"self":[{"href":"https:\/\/pgvape.com\/sv\/wp-json\/wp\/v2\/pages\/87","targetHints":{"allow":["GET"]}}],"collection":[{"href":"https:\/\/pgvape.com\/sv\/wp-json\/wp\/v2\/pages"}],"about":[{"href":"https:\/\/pgvape.com\/sv\/wp-json\/wp\/v2\/types\/page"}],"author":[{"embeddable":true,"href":"https:\/\/pgvape.com\/sv\/wp-json\/wp\/v2\/users\/2"}],"replies":[{"embeddable":true,"href":"https:\/\/pgvape.com\/sv\/wp-json\/wp\/v2\/comments?post=87"}],"version-history":[{"count":0,"href":"https:\/\/pgvape.com\/sv\/wp-json\/wp\/v2\/pages\/87\/revisions"}],"wp:attachment":[{"href":"https:\/\/pgvape.com\/sv\/wp-json\/wp\/v2\/media?parent=87"}],"curies":[{"name":"wp","href":"https:\/\/api.w.org\/{rel}","templated":true}]}}