{"id":3,"date":"2025-07-09T13:14:25","date_gmt":"2025-07-09T13:14:25","guid":{"rendered":"http:\/\/pgvape.com\/?page_id=3"},"modified":"2025-11-19T08:01:49","modified_gmt":"2025-11-19T08:01:49","slug":"sekretesspolicy","status":"publish","type":"page","link":"https:\/\/pgvape.com\/sv\/sekretesspolicy\/","title":{"rendered":"Sekretesspolicy"},"content":{"rendered":"<div id=\"text-2163148431\" class=\"text\">\n\t\t\n\n<h1>\ud83d\udcdc Sekretesspolicy<\/h1>\n\t\t\n<style>\n#text-2163148431 {\n  font-size: 1rem;\n  line-height: 1.05;\n  text-align: left;\n  color: rgb(0, 0, 0);\n}\n#text-2163148431 > * {\n  color: rgb(0, 0, 0);\n}\n@media (min-width:550px) {\n  #text-2163148431 {\n    font-size: 1.2rem;\n    line-height: 1.5;\n    text-align: left;\n  }\n}\n@media (min-width:850px) {\n  #text-2163148431 {\n    font-size: 1.5rem;\n    text-align: center;\n  }\n}\n<\/style>\n\t<\/div>\n\t\n\n\n\n<h2 class=\"wp-block-heading\"><\/h2>\n\n\n\n\t<div id=\"text-284485174\" class=\"text\">\n\t\t\n\n<h3><span style=\"color: #282828;\">P\u00e5 Pgvape v\u00e4rdes\u00e4tter vi ditt f\u00f6rtroende och \u00e4r engagerade i att skydda dina personuppgifter. .<\/span><\/h3>\n\t\t\n<style>\n#text-284485174 {\n  font-size: 0.75rem;\n  color: rgb(0, 0, 0);\n}\n#text-284485174 > * {\n  color: rgb(0, 0, 0);\n}\n@media (min-width:550px) {\n  #text-284485174 {\n    font-size: 1rem;\n  }\n}\n@media (min-width:850px) {\n  #text-284485174 {\n    font-size: 1.1rem;\n  }\n}\n<\/style>\n\t<\/div>\n\t\n<div class=\"is-divider divider clearfix\" style=\"max-width:1000px;background-color:rgb(230, 230, 230);\"><\/div>\n\n\t<div id=\"text-4114149084\" class=\"text\">\n\t\t\n\n<h3 data-sourcepos=\"7:1-7:27\"><span style=\"color: #000000;\"><strong data-sourcepos=\"7:6-7:25\">Vad vi samlar in<\/strong><\/span><\/h3>\n<p data-sourcepos=\"8:1-8:53\"><span style=\"color: #000000;\">Vi kan samla in f\u00f6ljande typer av information:<\/span><\/p>\n<ol data-sourcepos=\"9:1-12:150\">\n<li data-sourcepos=\"9:1-9:163\"><span style=\"color: #000000;\"><strong data-sourcepos=\"9:4-9:28\">Personlig information<\/strong>: Inklusive ditt namn, e-postadress, leveransinformation, faktureringsinformation och telefonnummer n\u00e4r du g\u00f6r ett k\u00f6p eller kontaktar oss.<\/span><\/li>\n<li data-sourcepos=\"10:1-10:85\"><span style=\"color: #000000;\"><strong data-sourcepos=\"10:4-10:30\">Order- och kontodata<\/strong>: Ink\u00f6pshistorik, inst\u00e4llningar och sparade adresser.<\/span><\/li>\n<li data-sourcepos=\"11:1-11:123\"><span style=\"color: #000000;\"><strong data-sourcepos=\"11:4-11:32\">Enhets- och webbl\u00e4sardata<\/strong>: IP-adress, webbl\u00e4sartyp, enhetstyp, bes\u00f6kta sidor och \u00e5tg\u00e4rder som vidtagits p\u00e5 v\u00e5r webbplats.<\/span><\/li>\n<li data-sourcepos=\"12:1-12:150\"><span style=\"color: #000000;\"><strong data-sourcepos=\"12:4-12:24\">\u00c5ldersverifiering<\/strong>: I enlighet med lag kan vi be om \u00e5ldersverifiering f\u00f6r att s\u00e4kerst\u00e4lla att kunder uppfyller den lagliga \u00e5ldern f\u00f6r att k\u00f6pa vapingprodukter.<\/span><\/li>\n<\/ol>\n\t\t\n<style>\n#text-4114149084 {\n  font-size: 0.75rem;\n  color: rgb(0, 0, 0);\n}\n#text-4114149084 > * {\n  color: rgb(0, 0, 0);\n}\n@media (min-width:550px) {\n  #text-4114149084 {\n    font-size: 1rem;\n  }\n}\n@media (min-width:850px) {\n  #text-4114149084 {\n    font-size: 1.1rem;\n  }\n}\n<\/style>\n\t<\/div>\n\t\n<div class=\"is-divider divider clearfix\" style=\"max-width:1000px;background-color:rgb(230, 230, 230);\"><\/div>\n\n\t<div id=\"text-3089482678\" class=\"text\">\n\t\t\n\n<h3 data-sourcepos=\"16:1-16:39\"><strong><span style=\"color: #000000;\">Hur vi anv\u00e4nder din information<\/span><\/strong><\/h3>\n<p data-sourcepos=\"17:1-17:30\"><span style=\"color: #000000;\">Vi anv\u00e4nder din information f\u00f6r att:<\/span><\/p>\n<ol data-sourcepos=\"18:1-23:51\">\n<li data-sourcepos=\"18:1-18:38\"><span style=\"color: #000000;\">Uppfyll och leverera dina best\u00e4llningar.<\/span><\/li>\n<li data-sourcepos=\"19:1-19:56\"><span style=\"color: #000000;\">Ge kundsupport och svara p\u00e5 f\u00f6rfr\u00e5gningar.<\/span><\/li>\n<li data-sourcepos=\"20:1-20:43\"><span style=\"color: #000000;\">Anpassa din shoppingupplevelse.<\/span><\/li>\n<li data-sourcepos=\"21:1-21:51\"><span style=\"color: #000000;\">F\u00f6rb\u00e4ttra v\u00e5ra tj\u00e4nster och webbplatsprestanda.<\/span><\/li>\n<li data-sourcepos=\"22:1-22:93\"><span style=\"color: #000000;\">Skicka orderuppdateringar, kampanjinformation (om du har valt) och viktiga meddelanden.<\/span><\/li>\n<li data-sourcepos=\"23:1-23:51\"><span style=\"color: #000000;\">F\u00f6lj lagliga och regulatoriska skyldigheter.<\/span><\/li>\n<\/ol>\n\t\t\n<style>\n#text-3089482678 {\n  font-size: 0.75rem;\n  color: rgb(0, 0, 0);\n}\n#text-3089482678 > * {\n  color: rgb(0, 0, 0);\n}\n@media (min-width:550px) {\n  #text-3089482678 {\n    font-size: 1rem;\n  }\n}\n@media (min-width:850px) {\n  #text-3089482678 {\n    font-size: 1.1rem;\n  }\n}\n<\/style>\n\t<\/div>\n\t\n<div class=\"is-divider divider clearfix\" style=\"max-width:1000px;background-color:rgb(230, 230, 230);\"><\/div>\n\n\t<div id=\"text-807350095\" class=\"text\">\n\t\t\n\n<h3 data-sourcepos=\"27:1-27:36\"><span style=\"color: #000000;\"><strong data-sourcepos=\"27:6-27:34\">Hur vi skyddar dina uppgifter<\/strong><\/span><\/h3>\n<h4 data-sourcepos=\"28:1-28:52\"><span style=\"color: #000000;\"><strong>Vi implementerar starka s\u00e4kerhets\u00e5tg\u00e4rder, inklusive:<\/strong><\/span><\/h4>\n<ol data-sourcepos=\"29:1-31:123\">\n<li data-sourcepos=\"29:1-29:62\"><span style=\"color: #000000;\"><strong data-sourcepos=\"29:4-29:22\">SSL-kryptering<\/strong>: F\u00f6r att skydda data under \u00f6verf\u00f6ring.<\/span><\/li>\n<li data-sourcepos=\"30:1-30:114\"><span style=\"color: #000000;\"><strong data-sourcepos=\"30:4-30:54\">S\u00e4kra servrar och protokoll f\u00f6r begr\u00e4nsad \u00e5tkomst<\/strong>: Se till att endast auktoriserad personal kan komma \u00e5t dina data.<\/span><\/li>\n<li data-sourcepos=\"31:1-31:123\"><span style=\"color: #000000;\"><strong data-sourcepos=\"31:4-31:50\">Regelbundna s\u00e4kerhetsrevisioner och systemuppdateringar<\/strong>: F\u00f6lj branschens b\u00e4sta praxis f\u00f6r att s\u00e4kerst\u00e4lla att din data f\u00f6rblir s\u00e4ker.<\/span><\/li>\n<\/ol>\n<p data-sourcepos=\"33:1-33:101\"><span style=\"color: #000000;\">Vi tar dataskydd p\u00e5 st\u00f6rsta allvar och vidtar alla n\u00f6dv\u00e4ndiga \u00e5tg\u00e4rder f\u00f6r att skydda din information.<\/span><\/p>\n\t\t\n<style>\n#text-807350095 {\n  font-size: 0.75rem;\n  color: rgb(0, 0, 0);\n}\n#text-807350095 > * {\n  color: rgb(0, 0, 0);\n}\n@media (min-width:550px) {\n  #text-807350095 {\n    font-size: 1rem;\n  }\n}\n@media (min-width:850px) {\n  #text-807350095 {\n    font-size: 1.1rem;\n  }\n}\n<\/style>\n\t<\/div>\n\t\n<div class=\"is-divider divider clearfix\" style=\"max-width:1000px;background-color:rgb(230, 230, 230);\"><\/div>\n\n\t<div id=\"text-559628770\" class=\"text\">\n\t\t\n\n<h3 data-sourcepos=\"37:1-37:31\"><span style=\"color: #000000;\"><strong data-sourcepos=\"37:6-37:29\">Informationsdelning<\/strong><\/span><\/h3>\n<p data-sourcepos=\"38:1-38:91\"><span style=\"color: #000000;\"><strong>Vi s\u00e4ljer inte dina personuppgifter.<\/strong><\/span><\/p>\n<ol data-sourcepos=\"39:1-41:60\">\n<li data-sourcepos=\"39:1-39:102\"><span style=\"color: #000000;\"><strong>P\u00e5litliga tj\u00e4nsteleverant\u00f6rer:<\/strong> S\u00e5som betalningsgateways, fraktpartners och e-postplattformar.<\/span><\/li>\n<li data-sourcepos=\"40:1-40:67\"><span style=\"color: #000000;\"><strong data-sourcepos=\"40:4-40:44\">Brottsbek\u00e4mpande eller tillsynsorgan<\/strong>: Om s\u00e5 kr\u00e4vs enligt lag.<\/span><\/li>\n<li data-sourcepos=\"41:1-41:60\"><span style=\"color: #000000;\"><strong data-sourcepos=\"41:4-41:27\">Marknadsf\u00f6ringsplattformar<\/strong>: Endast med ditt f\u00f6rhandsgodk\u00e4nnande.<\/span><\/li>\n<\/ol>\n\t\t\n<style>\n#text-559628770 {\n  font-size: 0.75rem;\n  color: rgb(0, 0, 0);\n}\n#text-559628770 > * {\n  color: rgb(0, 0, 0);\n}\n@media (min-width:550px) {\n  #text-559628770 {\n    font-size: 1rem;\n  }\n}\n@media (min-width:850px) {\n  #text-559628770 {\n    font-size: 1.1rem;\n  }\n}\n<\/style>\n\t<\/div>\n\t\n<div class=\"is-divider divider clearfix\" style=\"max-width:1000px;background-color:rgb(230, 230, 230);\"><\/div>\n\n\t<div id=\"text-3814273803\" class=\"text\">\n\t\t\n\n<h3 data-sourcepos=\"45:1-45:32\"><span style=\"color: #000000;\"><strong data-sourcepos=\"45:6-45:30\">Cookies och sp\u00e5rning<\/strong><\/span><\/h3>\n<p data-sourcepos=\"46:1-46:39\"><span style=\"color: #000000;\"><strong>Vi anv\u00e4nder cookies och liknande verktyg f\u00f6r att:<\/strong><\/span><\/p>\n<ol data-sourcepos=\"47:1-49:54\">\n<li data-sourcepos=\"47:1-47:45\"><span style=\"color: #000000;\">Aktivera viktig webbplatsfunktionalitet.<\/span><\/li>\n<li data-sourcepos=\"48:1-48:40\"><span style=\"color: #000000;\">Analysera trafik och anv\u00e4ndarbeteende.<\/span><\/li>\n<li data-sourcepos=\"49:1-49:54\"><span style=\"color: #000000;\">Ge en mer personlig shoppingupplevelse.<\/span><\/li>\n<\/ol>\n<p data-sourcepos=\"51:1-51:72\"><span style=\"color: #000000;\">Du kan \u00e4ndra dina cookie-inst\u00e4llningar via din webbl\u00e4sarinst\u00e4llningar.<\/span><\/p>\n\t\t\n<style>\n#text-3814273803 {\n  font-size: 0.75rem;\n  color: rgb(0, 0, 0);\n}\n#text-3814273803 > * {\n  color: rgb(0, 0, 0);\n}\n@media (min-width:550px) {\n  #text-3814273803 {\n    font-size: 1rem;\n  }\n}\n@media (min-width:850px) {\n  #text-3814273803 {\n    font-size: 1.1rem;\n  }\n}\n<\/style>\n\t<\/div>\n\t\n<div class=\"is-divider divider clearfix\" style=\"max-width:1000px;background-color:rgb(230, 230, 230);\"><\/div>\n\n\t<div id=\"text-3079431878\" class=\"text\">\n\t\t\n\n<h3 data-sourcepos=\"55:1-55:23\"><span style=\"color: #000000;\"><strong data-sourcepos=\"55:6-55:21\">Dina r\u00e4ttigheter<\/strong><\/span><\/h3>\n<p data-sourcepos=\"56:1-56:69\"><span style=\"color: #000000;\">Beroende p\u00e5 din jurisdiktion kan du ha f\u00f6ljande r\u00e4ttigheter:<\/span><\/p>\n<ol data-sourcepos=\"57:1-60:58\">\n<li data-sourcepos=\"57:1-57:36\"><span style=\"color: #000000;\"><strong data-sourcepos=\"57:4-57:33\">F\u00e5 tillg\u00e5ng till dina personuppgifter<\/strong>.<\/span><\/li>\n<li data-sourcepos=\"58:1-58:41\"><span style=\"color: #000000;\"><strong data-sourcepos=\"58:4-58:38\">Beg\u00e4r korrigeringar eller uppdateringar<\/strong>.<\/span><\/li>\n<li data-sourcepos=\"59:1-59:47\"><span style=\"color: #000000;\"><strong data-sourcepos=\"59:4-59:44\">Beg\u00e4r radering av din information<\/strong>.<\/span><\/li>\n<li data-sourcepos=\"60:1-60:58\"><span style=\"color: #000000;\"><strong data-sourcepos=\"60:4-60:55\">V\u00e4lj bort marknadskommunikation n\u00e4r som helst<\/strong>.<\/span><\/li>\n<\/ol>\n<p data-sourcepos=\"62:1-62:73\"><span style=\"color: #000000;\">F\u00f6r att ut\u00f6va dessa r\u00e4ttigheter, v\u00e4nligen kontakta oss p\u00e5 <strong data-sourcepos=\"62:48-62:70\"><a style=\"color: #000000;\" href=\"mailto:support@pgvape.com\" data-sentry-component=\"CustomLink\" data-sentry-source-file=\"index.tsx\">support@pgvape.com<\/a><\/strong>.<\/span><\/p>\n\t\t\n<style>\n#text-3079431878 {\n  font-size: 0.75rem;\n  color: rgb(0, 0, 0);\n}\n#text-3079431878 > * {\n  color: rgb(0, 0, 0);\n}\n@media (min-width:550px) {\n  #text-3079431878 {\n    font-size: 1rem;\n  }\n}\n@media (min-width:850px) {\n  #text-3079431878 {\n    font-size: 1.1rem;\n  }\n}\n<\/style>\n\t<\/div>\n\t\n<div class=\"is-divider divider clearfix\" style=\"max-width:1000px;background-color:rgb(230, 230, 230);\"><\/div>\n\n\t<div id=\"text-427243089\" class=\"text\">\n\t\t\n\n<h3 data-sourcepos=\"66:1-66:31\"><span style=\"color: #000000;\"><strong data-sourcepos=\"66:6-66:29\">Internationella anv\u00e4ndare<\/strong><\/span><\/h3>\n<p><strong><span style=\"color: #000000;\">Genom att g\u00e5 in p\u00e5 v\u00e5r webbplats utanf\u00f6r ditt land samtycker du till \u00f6verf\u00f6ringen och behandlingen av din information enligt denna policy och till\u00e4mpliga lokala lagar.<\/span><\/strong><\/p>\n\t\t\n<style>\n#text-427243089 {\n  font-size: 0.75rem;\n  color: rgb(2, 0, 0);\n}\n#text-427243089 > * {\n  color: rgb(2, 0, 0);\n}\n@media (min-width:550px) {\n  #text-427243089 {\n    font-size: 1rem;\n  }\n}\n@media (min-width:850px) {\n  #text-427243089 {\n    font-size: 1.1rem;\n  }\n}\n<\/style>\n\t<\/div>\n\t\n<div class=\"is-divider divider clearfix\" style=\"max-width:1000px;background-color:rgb(230, 230, 230);\"><\/div>\n\n\t<div id=\"text-1863675312\" class=\"text\">\n\t\t\n\n<h3 data-sourcepos=\"71:1-71:34\"><span style=\"color: #000000;\"><strong data-sourcepos=\"71:6-71:32\">\u00c4ndringar av denna policy<\/strong><\/span><\/h3>\n<p data-sourcepos=\"72:1-72:221\"><span style=\"color: #000000;\"><strong>Vi kan uppdatera denna integritetspolicy f\u00f6r att \u00e5terspegla f\u00f6r\u00e4ndringar i v\u00e5r praxis eller juridiska krav. .<\/strong><\/span><\/p>\n\t\t\n<style>\n#text-1863675312 {\n  font-size: 0.75rem;\n  color: rgb(0, 0, 0);\n}\n#text-1863675312 > * {\n  color: rgb(0, 0, 0);\n}\n@media (min-width:550px) {\n  #text-1863675312 {\n    font-size: 1rem;\n  }\n}\n@media (min-width:850px) {\n  #text-1863675312 {\n    font-size: 1.1rem;\n  }\n}\n<\/style>\n\t<\/div>\n\t\n<div class=\"is-divider divider clearfix\" style=\"max-width:1000px;background-color:rgb(230, 230, 230);\"><\/div>\n\n\t<div id=\"text-360359148\" class=\"text\">\n\t\t\n\n<h3 data-sourcepos=\"76:1-76:22\"><span style=\"color: #000000;\"><strong data-sourcepos=\"76:6-76:20\">Kontakta oss<\/strong><\/span><\/h3>\n<p data-sourcepos=\"77:1-77:90\"><span style=\"color: #000000;\">Om du har n\u00e5gra fr\u00e5gor, funderingar eller datarelaterade f\u00f6rfr\u00e5gningar, v\u00e4nligen kontakta v\u00e5rt team:<\/span><\/p>\n<ul data-sourcepos=\"78:1-79:33\">\n<li data-sourcepos=\"78:1-78:34\">\n<h4><span style=\"color: #000000;\"><strong data-sourcepos=\"78:3-78:12\">E-post<\/strong>:<span style=\"color: #0000ff;\">\u00a0<a style=\"color: #0000ff;\" href=\"\/sv\/support@pgvape.com\/\" data-sentry-component=\"CustomLink\" data-sentry-source-file=\"index.tsx\">support@pgvape.com<\/a><\/span><\/span><\/h4>\n<\/li>\n<li data-sourcepos=\"79:1-79:33\">\n<h4><span style=\"color: #000000;\"><strong data-sourcepos=\"79:3-79:15\">WhatsApp<\/strong>: <span style=\"color: #00ff00;\"><a style=\"color: #00ff00;\" href=\"https:\/\/wa.me\/+8618128481258\">+8618128481258<\/a><\/span><\/span><\/h4>\n<\/li>\n<\/ul>\n<p data-sourcepos=\"81:1-81:84\"><span style=\"color: #000000;\">Vi \u00e4r alltid h\u00e4r f\u00f6r att hj\u00e4lpa och kommer att svara inom 24 timmar under arbetsdagar.<\/span><\/p>\n\t\t\n<style>\n#text-360359148 {\n  font-size: 0.75rem;\n  color: rgb(0, 0, 0);\n}\n#text-360359148 > * {\n  color: rgb(0, 0, 0);\n}\n@media (min-width:550px) {\n  #text-360359148 {\n    font-size: 1rem;\n  }\n}\n@media (min-width:850px) {\n  #text-360359148 {\n    font-size: 1.1rem;\n  }\n}\n<\/style>\n\t<\/div>\n\t\n<div class=\"is-divider divider clearfix\" style=\"max-width:1000px;background-color:rgb(230, 230, 230);\"><\/div>\n\n\t<div id=\"text-3606758614\" class=\"text\">\n\t\t\n\n<p><span style=\"color: #000000;\">Tack f\u00f6r att du valde <strong data-sourcepos=\"85:24-85:34\">Pgvape<\/strong>. .<\/span><\/p>\n\t\t\n<style>\n#text-3606758614 {\n  font-size: 0.75rem;\n  color: rgb(0, 0, 0);\n}\n#text-3606758614 > * {\n  color: rgb(0, 0, 0);\n}\n@media (min-width:550px) {\n  #text-3606758614 {\n    font-size: 1rem;\n  }\n}\n@media (min-width:850px) {\n  #text-3606758614 {\n    font-size: 1.2rem;\n  }\n}\n<\/style>\n\t<\/div>","protected":false},"excerpt":{"rendered":"","protected":false},"author":1,"featured_media":0,"parent":0,"menu_order":0,"comment_status":"closed","ping_status":"open","template":"","meta":{"_seopress_robots_primary_cat":"","_seopress_titles_title":"","_seopress_titles_desc":"","_seopress_robots_index":"","footnotes":""},"class_list":["post-3","page","type-page","status-publish","hentry"],"_links":{"self":[{"href":"https:\/\/pgvape.com\/sv\/wp-json\/wp\/v2\/pages\/3","targetHints":{"allow":["GET"]}}],"collection":[{"href":"https:\/\/pgvape.com\/sv\/wp-json\/wp\/v2\/pages"}],"about":[{"href":"https:\/\/pgvape.com\/sv\/wp-json\/wp\/v2\/types\/page"}],"author":[{"embeddable":true,"href":"https:\/\/pgvape.com\/sv\/wp-json\/wp\/v2\/users\/1"}],"replies":[{"embeddable":true,"href":"https:\/\/pgvape.com\/sv\/wp-json\/wp\/v2\/comments?post=3"}],"version-history":[{"count":0,"href":"https:\/\/pgvape.com\/sv\/wp-json\/wp\/v2\/pages\/3\/revisions"}],"wp:attachment":[{"href":"https:\/\/pgvape.com\/sv\/wp-json\/wp\/v2\/media?parent=3"}],"curies":[{"name":"wp","href":"https:\/\/api.w.org\/{rel}","templated":true}]}}