{"id":18,"date":"2025-07-11T13:22:06","date_gmt":"2025-07-11T13:22:06","guid":{"rendered":"https:\/\/pgvape.com\/?page_id=18"},"modified":"2025-11-19T07:58:14","modified_gmt":"2025-11-19T07:58:14","slug":"refund_returns","status":"publish","type":"page","link":"https:\/\/pgvape.com\/sv\/refund_returns\/","title":{"rendered":"\u00c5terbetalnings- och returpolicy"},"content":{"rendered":"<div id=\"text-725995793\" class=\"text\">\n\t\t\n\n<h1 data-sourcepos=\"5:1-5:34\">\ud83d\udcdd\u00c5terbetalnings- och returpolicy<\/h1>\n\t\t\n<style>\n#text-725995793 {\n  text-align: center;\n}\n<\/style>\n\t<\/div>\n\t\n<div class=\"is-divider divider clearfix\" style=\"margin-top:15px;margin-bottom:15px;max-width:1000px;background-color:rgb(179, 179, 179);\"><\/div>\n\n\t<div id=\"text-2177779712\" class=\"text\">\n\t\t\n\n<h3>P\u00e5 pgvape.com \u00e4r kundn\u00f6jdhet v\u00e5r h\u00f6gsta prioritet. .<\/h3>\n\t\t\n<style>\n#text-2177779712 {\n  font-size: 0.9rem;\n}\n@media (min-width:550px) {\n  #text-2177779712 {\n    font-size: 1rem;\n  }\n}\n<\/style>\n\t<\/div>\n\t\n<div class=\"is-divider divider clearfix\" style=\"margin-top:15px;margin-bottom:15px;max-width:1000px;background-color:rgb(179, 179, 179);\"><\/div>\n\n\t<div id=\"text-2417495369\" class=\"text\">\n\t\t\n\n<h2>\ud83d\udea8 Avbokning av best\u00e4llning<\/h2>\n\t\t\n<style>\n#text-2417495369 {\n  font-size: 0.9rem;\n  color: rgb(0, 0, 0);\n}\n#text-2417495369 > * {\n  color: rgb(0, 0, 0);\n}\n@media (min-width:550px) {\n  #text-2417495369 {\n    font-size: 1rem;\n  }\n}\n<\/style>\n\t<\/div>\n\t\n\t<div id=\"text-719591082\" class=\"text\">\n\t\t\n\n<h3><strong data-sourcepos=\"15:4-15:27\">Avbokningsregler<\/strong>:<\/h3>\n<p>Du kan avbest\u00e4lla din best\u00e4llning inom\u00a0<strong data-sourcepos=\"16:39-16:51\">24 timmar<\/strong>\u00a0av k\u00f6p och f\u00e5 en\u00a0<strong data-sourcepos=\"16:78-16:93\">full \u00e5terbetalning<\/strong>.<\/p>\n<p>Om best\u00e4llningen redan har behandlats eller skickats kommer avbokning inte att vara m\u00f6jlig.<\/p>\n\t\t\n<style>\n#text-719591082 {\n  font-size: 0.9rem;\n  color: rgb(0, 0, 0);\n}\n#text-719591082 > * {\n  color: rgb(0, 0, 0);\n}\n@media (min-width:550px) {\n  #text-719591082 {\n    font-size: 1rem;\n  }\n}\n<\/style>\n\t<\/div>\n\t\n\t<div id=\"text-1071678221\" class=\"text\">\n\t\t\n\n<h3><strong data-sourcepos=\"19:4-19:28\">Avbokningsprocessen<\/strong>:<\/h3>\n<p>Kontakta v\u00e5rt kundsupportteam s\u00e5 snart som m\u00f6jligt f\u00f6r att skicka in din beg\u00e4ran om avbokning:<\/p>\n<p><strong data-sourcepos=\"21:8-21:17\">E-post<\/strong>: support@pgvape.com<\/p>\n<p><strong data-sourcepos=\"22:8-22:20\">WhatsApp<\/strong>: +8613480381755<\/p>\n\t\t\n<style>\n#text-1071678221 {\n  font-size: 0.9rem;\n}\n@media (min-width:550px) {\n  #text-1071678221 {\n    font-size: 1rem;\n  }\n}\n<\/style>\n\t<\/div>\n\t\n<div class=\"is-divider divider clearfix\" style=\"margin-top:15px;margin-bottom:15px;max-width:1000px;background-color:rgb(179, 179, 179);\"><\/div>\n\n\t<div id=\"text-238780652\" class=\"text\">\n\t\t\n\n<h2 data-sourcepos=\"26:1-26:40\">\ud83d\udce6\u00a0<strong data-sourcepos=\"26:7-26:40\">\u00c5terbetalning och returber\u00e4ttigande<\/strong><\/h2>\n\t\t\n<style>\n#text-238780652 {\n  font-size: 0.9rem;\n  color: rgb(0, 0, 0);\n}\n#text-238780652 > * {\n  color: rgb(0, 0, 0);\n}\n@media (min-width:550px) {\n  #text-238780652 {\n    font-size: 1rem;\n  }\n}\n<\/style>\n\t<\/div>\n\t\n\t<div id=\"text-541282401\" class=\"text\">\n\t\t\n\n<h3><strong data-sourcepos=\"28:4-28:30\">1. Beh\u00f6righetsvillkor<\/strong>:<\/h3>\n<p>Om de mottagna varorna \u00e4r\u00a0<strong data-sourcepos=\"29:32-29:43\">skadad<\/strong>\u00a0eller\u00a0<strong data-sourcepos=\"29:47-29:60\">defekt<\/strong>, kan du ans\u00f6ka om \u00e5terbetalning eller utbyte.<\/p>\n<p>Returer omfattas av f\u00f6ljande krav:<\/p>\n<p>Produkten m\u00e5ste vara\u00a0<strong data-sourcepos=\"31:28-31:38\">oanv\u00e4nd<\/strong>\u00a0och i sin originalf\u00f6rpackning.<\/p>\n<p>Ett k\u00f6pbevis (ordernummer eller kvitto etc.) m\u00e5ste tillhandah\u00e5llas.<\/p>\n<p>Returf\u00f6rfr\u00e5gningar m\u00e5ste g\u00f6ras inom\u00a0<strong data-sourcepos=\"33:44-33:56\">48 timmar<\/strong>\u00a0att ta emot produkten.<\/p>\n\t\t\n<style>\n#text-541282401 {\n  font-size: 0.9rem;\n  color: rgb(0, 0, 0);\n}\n#text-541282401 > * {\n  color: rgb(0, 0, 0);\n}\n@media (min-width:550px) {\n  #text-541282401 {\n    font-size: 1rem;\n  }\n}\n<\/style>\n\t<\/div>\n\t\n\t<div id=\"text-945291993\" class=\"text\">\n\t\t\n\n<h3><strong data-sourcepos=\"35:4-35:28\">2.Icke-\u00e5terbetalningsbara f\u00f6rem\u00e5l<\/strong>:<\/h3>\n<p>Presentkort.<\/p>\n<p>Objekt markerade som \u201cSlutf\u00f6rs\u00e4ljning\u201d.<\/p>\n<p>Produkter returneras mer \u00e4n 48 timmar efter leverans.<\/p>\n<p>Fraktavgifter: Fraktkostnader f\u00f6r returer \u00e5terbetalas inte och dras av fr\u00e5n \u00e5terbetalningsbeloppet.<\/p>\n\t\t\n<style>\n#text-945291993 {\n  font-size: 0.9rem;\n  color: rgb(0, 0, 0);\n}\n#text-945291993 > * {\n  color: rgb(0, 0, 0);\n}\n@media (min-width:550px) {\n  #text-945291993 {\n    font-size: 1rem;\n  }\n}\n<\/style>\n\t<\/div>\n\t\n<div class=\"is-divider divider clearfix\" style=\"margin-top:15px;margin-bottom:15px;max-width:1000px;background-color:rgb(179, 179, 179);\"><\/div>\n\n\t<div id=\"text-2325605673\" class=\"text\">\n\t\t\n\n<h2 data-sourcepos=\"43:1-43:25\">\ud83d\udd0d\u00a0<strong data-sourcepos=\"43:7-43:25\">Returprocess<\/strong><\/h2>\n\t\t\n<style>\n#text-2325605673 {\n  font-size: 0.9rem;\n  color: rgb(0, 0, 0);\n}\n#text-2325605673 > * {\n  color: rgb(0, 0, 0);\n}\n@media (min-width:550px) {\n  #text-2325605673 {\n    font-size: 1rem;\n  }\n}\n<\/style>\n\t<\/div>\n\t\n\t<div id=\"text-3434962221\" class=\"text\">\n\t\t\n\n<h3><strong data-sourcepos=\"45:4-45:32\">1.Kontakta kundsupport<\/strong>:<\/h3>\n<p>Skicka din returf\u00f6rfr\u00e5gan till: support@pgvape.com<\/p>\n<p>Ange ordernummer, en beskrivning av problemet och relevanta foton eller videor.<\/p>\n\t\t\n<style>\n#text-3434962221 {\n  font-size: 0.9rem;\n  color: rgb(0, 0, 0);\n}\n#text-3434962221 > * {\n  color: rgb(0, 0, 0);\n}\n@media (min-width:550px) {\n  #text-3434962221 {\n    font-size: 1rem;\n  }\n}\n<\/style>\n\t<\/div>\n\t\n\t<div id=\"text-3490214506\" class=\"text\">\n\t\t\n\n<h3><strong data-sourcepos=\"49:4-49:21\">2.Auktorisering<\/strong>:<\/h3>\n<p>V\u00e5rt supportteam kommer att utv\u00e4rdera din beg\u00e4ran och ge returauktorisering tillsammans med detaljerade instruktioner.<\/p>\n<p><strong data-sourcepos=\"51:6-51:14\">Notera<\/strong>: Ej godk\u00e4nda returer kommer inte att behandlas.<\/p>\n\t\t\n<style>\n#text-3490214506 {\n  font-size: 0.9rem;\n  color: rgb(0, 0, 0);\n}\n#text-3490214506 > * {\n  color: rgb(0, 0, 0);\n}\n@media (min-width:550px) {\n  #text-3490214506 {\n    font-size: 1rem;\n  }\n}\n<\/style>\n\t<\/div>\n\t\n\t<div id=\"text-1869928657\" class=\"text\">\n\t\t\n\n<h3><strong data-sourcepos=\"53:4-53:33\">3.Skicka den returnerade produkten<\/strong>:<\/h3>\n<p>Anv\u00e4nd en sp\u00e5rbar leveransmetod f\u00f6r att skicka produkten till den angivna adressen.<\/p>\n<p>Se till att produkten \u00e4r s\u00e4kert f\u00f6rpackad.<\/p>\n\t\t\n<style>\n#text-1869928657 {\n  font-size: 0.9rem;\n  color: rgb(0, 0, 0);\n}\n#text-1869928657 > * {\n  color: rgb(0, 0, 0);\n}\n@media (min-width:550px) {\n  #text-1869928657 {\n    font-size: 1rem;\n  }\n}\n<\/style>\n\t<\/div>\n\t\n\t<div id=\"text-3611687748\" class=\"text\">\n\t\t\n\n<h3><strong data-sourcepos=\"57:4-57:33\">4. Inspektion och bearbetning<\/strong>:<\/h3>\n<p>Efter att ha mottagit den returnerade produkten kommer vi att inspektera den och meddela dig om godk\u00e4nnande eller avslag p\u00e5 din \u00e5terbetalning eller byte.<\/p>\n\t\t\n<style>\n#text-3611687748 {\n  font-size: 0.9rem;\n  color: rgb(0, 0, 0);\n}\n#text-3611687748 > * {\n  color: rgb(0, 0, 0);\n}\n@media (min-width:550px) {\n  #text-3611687748 {\n    font-size: 1rem;\n  }\n}\n<\/style>\n\t<\/div>\n\t\n<div class=\"is-divider divider clearfix\" style=\"margin-top:15px;margin-bottom:15px;max-width:1000px;background-color:rgb(179, 179, 179);\"><\/div>\n\n\t<div id=\"text-733571291\" class=\"text\">\n\t\t\n\n<h2 data-sourcepos=\"62:1-62:32\">\ud83d\udcb3\u00a0<strong data-sourcepos=\"62:7-62:32\">\u00c5terbetalningar och utbyten<\/strong><\/h2>\n\t\t\n<style>\n#text-733571291 {\n  font-size: 0.9rem;\n  color: rgb(0, 0, 0);\n}\n#text-733571291 > * {\n  color: rgb(0, 0, 0);\n}\n@media (min-width:550px) {\n  #text-733571291 {\n    font-size: 1rem;\n  }\n}\n<\/style>\n\t<\/div>\n\t\n\t<div id=\"text-4287776748\" class=\"text\">\n\t\t\n\n<h3><strong data-sourcepos=\"64:4-64:15\">1.\u00c5terbetalningar<\/strong>:<\/h3>\n<p>Om din retur godk\u00e4nns kommer \u00e5terbetalningen att behandlas tillbaka till den ursprungliga betalningsmetoden.<\/p>\n<p>Banker eller kreditkortsf\u00f6retag kan beh\u00f6va ytterligare tid f\u00f6r att behandla \u00e5terbetalningen.<\/p>\n\t\t\n<style>\n#text-4287776748 {\n  font-size: 0.9rem;\n  color: rgb(8, 3, 3);\n}\n#text-4287776748 > * {\n  color: rgb(8, 3, 3);\n}\n@media (min-width:550px) {\n  #text-4287776748 {\n    font-size: 1rem;\n  }\n}\n<\/style>\n\t<\/div>\n\t\n\t<div id=\"text-927785636\" class=\"text\">\n\t\t\n\n<h3><strong data-sourcepos=\"68:4-68:17\">2.Utbyten<\/strong>:<\/h3>\n<p>Om du blir godk\u00e4nd f\u00f6r byte skickar vi en ers\u00e4ttningsprodukt utan kostnad.<\/p>\n\t\t\n<style>\n#text-927785636 {\n  font-size: 0.9rem;\n  color: rgb(0, 0, 0);\n}\n#text-927785636 > * {\n  color: rgb(0, 0, 0);\n}\n@media (min-width:550px) {\n  #text-927785636 {\n    font-size: 1rem;\n  }\n}\n<\/style>\n\t<\/div>\n\t\n<div class=\"is-divider divider clearfix\" style=\"margin-top:15px;margin-bottom:15px;max-width:1000px;background-color:rgb(179, 179, 179);\"><\/div>\n\n\t<div id=\"text-2884698072\" class=\"text\">\n\t\t\n\n<h2 data-sourcepos=\"73:1-73:21\">\ud83d\udce8\u00a0<strong data-sourcepos=\"73:7-73:21\">Kontakta oss<\/strong><\/h2>\n\t\t\n<style>\n#text-2884698072 {\n  font-size: 0.9rem;\n  color: rgb(0, 0, 0);\n}\n#text-2884698072 > * {\n  color: rgb(0, 0, 0);\n}\n@media (min-width:550px) {\n  #text-2884698072 {\n    font-size: 1rem;\n  }\n}\n<\/style>\n\t<\/div>\n\t\n\t<div id=\"text-1401143048\" class=\"text\">\n\t\t\n\n<h3><strong data-sourcepos=\"75:3-75:12\">E-post<\/strong>:<span style=\"color: #0000ff;\"><a style=\"color: #0000ff;\" href=\"\/sv\/support@pgvape.com\/\">support@pgvape.com<\/a><\/span><\/h3>\n<h3><strong data-sourcepos=\"76:3-76:15\">WhatsApp<\/strong>: <span style=\"color: #00ff00;\"><a style=\"color: #00ff00;\" href=\"https:\/\/wa.me\/+8618128481258\">+8618128481258<\/a><\/span><br \/>(Svara inom 24 timmar p\u00e5 arbetsdagar)<\/h3>\n<p>\u00a0<\/p>\n\t\t\n<style>\n#text-1401143048 {\n  font-size: 0.9rem;\n  color: rgb(0, 0, 0);\n}\n#text-1401143048 > * {\n  color: rgb(0, 0, 0);\n}\n@media (min-width:550px) {\n  #text-1401143048 {\n    font-size: 1rem;\n  }\n}\n<\/style>\n\t<\/div>\n\t\n\t<div id=\"text-2984756473\" class=\"text\">\n\t\t\n\n<h3><strong>Tack f\u00f6r att du valde pgvape.com! .<\/strong><\/h3>\n\t\t\n<style>\n#text-2984756473 {\n  font-size: 0.9rem;\n  color: rgb(0, 0, 0);\n}\n#text-2984756473 > * {\n  color: rgb(0, 0, 0);\n}\n@media (min-width:550px) {\n  #text-2984756473 {\n    font-size: 1rem;\n  }\n}\n<\/style>\n\t<\/div>","protected":false},"excerpt":{"rendered":"","protected":false},"author":1,"featured_media":0,"parent":0,"menu_order":0,"comment_status":"closed","ping_status":"closed","template":"","meta":{"_seopress_robots_primary_cat":"","_seopress_titles_title":"","_seopress_titles_desc":"","_seopress_robots_index":"","footnotes":""},"class_list":["post-18","page","type-page","status-publish","hentry"],"_links":{"self":[{"href":"https:\/\/pgvape.com\/sv\/wp-json\/wp\/v2\/pages\/18","targetHints":{"allow":["GET"]}}],"collection":[{"href":"https:\/\/pgvape.com\/sv\/wp-json\/wp\/v2\/pages"}],"about":[{"href":"https:\/\/pgvape.com\/sv\/wp-json\/wp\/v2\/types\/page"}],"author":[{"embeddable":true,"href":"https:\/\/pgvape.com\/sv\/wp-json\/wp\/v2\/users\/1"}],"replies":[{"embeddable":true,"href":"https:\/\/pgvape.com\/sv\/wp-json\/wp\/v2\/comments?post=18"}],"version-history":[{"count":0,"href":"https:\/\/pgvape.com\/sv\/wp-json\/wp\/v2\/pages\/18\/revisions"}],"wp:attachment":[{"href":"https:\/\/pgvape.com\/sv\/wp-json\/wp\/v2\/media?parent=18"}],"curies":[{"name":"wp","href":"https:\/\/api.w.org\/{rel}","templated":true}]}}