{"id":105,"date":"2025-07-12T08:18:42","date_gmt":"2025-07-12T08:18:42","guid":{"rendered":"https:\/\/pgvape.com\/?page_id=105"},"modified":"2025-11-19T07:55:16","modified_gmt":"2025-11-19T07:55:16","slug":"om-oss","status":"publish","type":"page","link":"https:\/\/pgvape.com\/sv\/om-oss\/","title":{"rendered":"Om oss"},"content":{"rendered":"<div id=\"text-322909507\" class=\"text\">\n\t\t\n\n<h1 data-sourcepos=\"5:1-5:28\">\ud83d\ude80\u00a0<strong data-sourcepos=\"5:6-5:26\">Om pgvape<\/strong><\/h1>\n\t\t\n<style>\n#text-322909507 {\n  text-align: center;\n  color: rgb(0,0,0);\n}\n#text-322909507 > * {\n  color: rgb(0,0,0);\n}\n<\/style>\n\t<\/div>\n\t\n<div class=\"is-divider divider clearfix\" style=\"margin-top:20px;margin-bottom:20px;max-width:1000px;background-color:rgb(209, 209, 209);\"><\/div>\n\n\t<div id=\"text-543962528\" class=\"text\">\n\t\t\n\n<h3><strong data-sourcepos=\"6:1-6:54\">Din betrodda partner f\u00f6r premium eng\u00e5ngsvapes<\/strong><\/h3>\n<p data-sourcepos=\"8:1-8:255\">V\u00e4lkommen till <strong data-sourcepos=\"8:12-8:26\">pgvape.com<\/strong>, din ultimata destination f\u00f6r h\u00f6gkvalitativa eng\u00e5ngs-e-cigaretter och skr\u00e4ddarsydda vapingl\u00f6sningar. <strong data-sourcepos=\"8:204-8:224\">premiumprodukter<\/strong> och <strong data-sourcepos=\"8:229-8:252\">exceptionell service<\/strong>.<\/p>\n<p data-sourcepos=\"10:1-10:236\">V\u00e5rt uppdrag \u00e4r att g\u00f6ra varje puff <strong data-sourcepos=\"10:35-10:78\">bekv\u00e4m, njutbar och p\u00e5litlig<\/strong>. <strong data-sourcepos=\"10:186-10:200\">innovation<\/strong> och <strong data-sourcepos=\"10:205-10:216\">kvalitet<\/strong> f\u00f6r att m\u00f6ta dina behov.<\/p>\n\t\t\n<style>\n#text-543962528 {\n  font-size: 0.85rem;\n  line-height: 1.75;\n  color: rgb(0,0,0);\n}\n#text-543962528 > * {\n  color: rgb(0,0,0);\n}\n@media (min-width:550px) {\n  #text-543962528 {\n    font-size: 0.9rem;\n  }\n}\n@media (min-width:850px) {\n  #text-543962528 {\n    font-size: 1rem;\n  }\n}\n<\/style>\n\t<\/div>\n\t\n<div class=\"is-divider divider clearfix\" style=\"margin-top:15px;margin-bottom:15px;max-width:1000px;background-color:rgb(209, 209, 209);\"><\/div>\n\n\t<div id=\"text-2001189130\" class=\"text\">\n\t\t\n\n<h2 data-sourcepos=\"14:1-14:35\">\ud83c\udf1f\u00a0<strong data-sourcepos=\"14:7-14:33\">V\u00e5r mission och vision<\/strong><\/h2>\n<h5 data-sourcepos=\"15:1-15:95\">P\u00e5 pgvape.com tror vi att vaping inte bara \u00e4r ett val, utan en livsstil.<\/h5>\n<p><strong data-sourcepos=\"16:3-16:25\">F\u00f6renkla vaping<\/strong>: Erbjuder h\u00f6gkvalitativa produkter som g\u00f6r dina val enkla.<\/p>\n<p><strong data-sourcepos=\"17:3-17:31\">F\u00f6rb\u00e4ttra upplevelsen<\/strong>: Innoverande teknologier f\u00f6r att optimera din vaping-tillfredsst\u00e4llelse.<\/p>\n<p><strong data-sourcepos=\"18:3-18:31\">Bygga l\u00e5ngsiktigt f\u00f6rtroende<\/strong>: Leverera transparenta tj\u00e4nster f\u00f6r att skapa varaktiga relationer.<\/p>\n<p data-sourcepos=\"20:1-20:367\">\u00a0<\/p>\n\t\t\n<style>\n#text-2001189130 {\n  font-size: 0.9rem;\n  line-height: 1.75;\n  color: rgb(0,0,0);\n}\n#text-2001189130 > * {\n  color: rgb(0,0,0);\n}\n@media (min-width:550px) {\n  #text-2001189130 {\n    font-size: 0.9rem;\n  }\n}\n@media (min-width:850px) {\n  #text-2001189130 {\n    font-size: 1rem;\n  }\n}\n<\/style>\n\t<\/div>\n\t\n\t<div id=\"text-3529583452\" class=\"text\">\n\t\t\n\n<h4>Grundat av vaping-entusiaster och branschfolk, identifierade vi en lucka p\u00e5 marknaden f\u00f6r verkligt h\u00f6gkvalitativa och noggrant testade produkter. .<\/h4>\n\t\t\n<style>\n#text-3529583452 {\n  font-size: 0.9rem;\n  line-height: 1.75;\n  color: rgb(0,0,0);\n}\n#text-3529583452 > * {\n  color: rgb(0,0,0);\n}\n@media (min-width:550px) {\n  #text-3529583452 {\n    font-size: 0.9rem;\n  }\n}\n@media (min-width:850px) {\n  #text-3529583452 {\n    font-size: 1rem;\n  }\n}\n<\/style>\n\t<\/div>\n\t\n<div class=\"is-divider divider clearfix\" style=\"margin-top:15px;margin-bottom:15px;max-width:1000px;background-color:rgb(209, 209, 209);\"><\/div>\n\n\t<div id=\"text-3651503458\" class=\"text\">\n\t\t\n\n<h2 data-sourcepos=\"24:1-24:27\">\ud83d\udecd\ufe0f\u00a0<strong data-sourcepos=\"24:8-24:25\">Vad vi erbjuder<\/strong><\/h2>\n\t\t\n<style>\n#text-3651503458 {\n  color: rgb(0,0,0);\n}\n#text-3651503458 > * {\n  color: rgb(0,0,0);\n}\n<\/style>\n\t<\/div>\n\t\n\t<div id=\"text-2714416648\" class=\"text\">\n\t\t\n\n<h3 data-sourcepos=\"26:1-26:37\">\u2705\u00a0<strong data-sourcepos=\"26:7-26:35\">Premium eng\u00e5ngsvapor<\/strong><\/h3>\n<p data-sourcepos=\"27:1-27:306\">V\u00e5r utvalda eng\u00e5ngsvapekollektion kombinerar <strong data-sourcepos=\"27:49-27:76\">banbrytande teknik<\/strong> med <strong data-sourcepos=\"27:82-27:112\">autentiska och dj\u00e4rva smaker<\/strong>\u2014 allt fr\u00e5n klassisk tobak till exotiska fruktblandningar. <strong data-sourcepos=\"27:190-27:210\">rigor\u00f6sa tester<\/strong> att m\u00f6ta internationella s\u00e4kerhetsstandarder, vilket s\u00e4kerst\u00e4ller smidig och njutbar prestanda varje g\u00e5ng.<\/p>\n\t\t\n<style>\n#text-2714416648 {\n  font-size: 0.9rem;\n  line-height: 1.75;\n  color: rgb(0, 0, 0);\n}\n#text-2714416648 > * {\n  color: rgb(0, 0, 0);\n}\n@media (min-width:850px) {\n  #text-2714416648 {\n    font-size: 1rem;\n  }\n}\n<\/style>\n\t<\/div>\n\t\n\t<div id=\"text-92857181\" class=\"text\">\n\t\t\n\n<h3 data-sourcepos=\"29:1-29:37\">\u2705\u00a0<strong data-sourcepos=\"29:7-29:35\">OEM &amp; grossisttj\u00e4nster<\/strong><\/h3>\n<p data-sourcepos=\"30:1-30:310\">F\u00f6r f\u00f6retagskunder tillhandah\u00e5ller vi skr\u00e4ddarsydda <strong data-sourcepos=\"30:43-30:81\">skr\u00e4ddarsydda tillverkningsl\u00f6sningar<\/strong> f\u00f6r att hj\u00e4lpa dig skapa unika vape-produkter. <strong data-sourcepos=\"30:181-30:212\">toppmoderna anl\u00e4ggningar<\/strong> och <strong data-sourcepos=\"30:217-30:250\">flexibla produktionsprocesser<\/strong> g\u00f6r oss till den idealiska partnern f\u00f6r att skala upp din vape-verksamhet.<\/p>\n\t\t\n<style>\n#text-92857181 {\n  font-size: 0.9rem;\n  line-height: 1.75;\n  color: rgb(0,0,0);\n}\n#text-92857181 > * {\n  color: rgb(0,0,0);\n}\n<\/style>\n\t<\/div>\n\t\n\t<div id=\"text-69222741\" class=\"text\">\n\t\t\n\n<h3 data-sourcepos=\"32:1-32:42\">\u2705\u00a0<strong data-sourcepos=\"32:7-32:40\">Snabb och s\u00e4ker global frakt<\/strong><\/h3>\n<p data-sourcepos=\"33:1-33:233\">Best\u00e4llningar behandlas inom <strong data-sourcepos=\"33:29-33:50\">1-3 arbetsdagar<\/strong> och skickas via betrodda transport\u00f6rer som t.ex <strong data-sourcepos=\"33:92-33:109\">DHL, UPS, DPD<\/strong>, och lokala posttj\u00e4nster. .<\/p>\n\t\t\n<style>\n#text-69222741 {\n  font-size: 0.9rem;\n  line-height: 1.75;\n  color: rgb(0,0,0);\n}\n#text-69222741 > * {\n  color: rgb(0,0,0);\n}\n<\/style>\n\t<\/div>\n\t\n\t<div id=\"text-2958150451\" class=\"text\">\n\t\t\n\n<h3 data-sourcepos=\"35:1-35:35\">\u2705\u00a0<strong data-sourcepos=\"35:7-35:33\">S\u00e4kra betalningsalternativ<\/strong><\/h3>\n<p data-sourcepos=\"36:1-36:45\">V\u00e4lj bland f\u00f6ljande betalningsmetoder:<\/p>\n<ul data-sourcepos=\"37:1-40:32\">\n<li data-sourcepos=\"37:1-37:15\"><strong data-sourcepos=\"37:3-37:13\">PayPal<\/strong><\/li>\n<li data-sourcepos=\"38:1-38:58\"><strong data-sourcepos=\"38:3-38:19\">Kreditkort<\/strong>\u00a0(Visa, MasterCard, American Express)<\/li>\n<li data-sourcepos=\"39:1-39:40\"><strong data-sourcepos=\"39:3-39:21\">Bank\u00f6verf\u00f6ringar<\/strong>\u00a0(SEPA st\u00f6ds)<\/li>\n<li data-sourcepos=\"40:1-40:32\"><strong data-sourcepos=\"40:3-40:30\">Betalningar i kryptovaluta<\/strong><\/li>\n<\/ul>\n<p data-sourcepos=\"42:1-42:80\">Alla transaktioner skyddas av <strong data-sourcepos=\"42:35-42:53\">SSL-kryptering<\/strong> f\u00f6r att s\u00e4kerst\u00e4lla datas\u00e4kerhet.<\/p>\n\t\t\n<style>\n#text-2958150451 {\n  font-size: 0.9rem;\n  line-height: 1.75;\n  color: rgb(0,0,0);\n}\n#text-2958150451 > * {\n  color: rgb(0,0,0);\n}\n<\/style>\n\t<\/div>\n\t\n<div class=\"is-divider divider clearfix\" style=\"margin-top:15px;margin-bottom:15px;max-width:1000px;background-color:rgb(209, 209, 209);\"><\/div>\n\n\t<div id=\"text-3230680517\" class=\"text\">\n\t\t\n\n<h2 data-sourcepos=\"46:1-46:35\">\ud83c\udf0d\u00a0<strong data-sourcepos=\"46:7-46:33\">Varf\u00f6r v\u00e4lja pgvape.com?<\/strong><\/h2>\n\t\t\n<style>\n#text-3230680517 {\n  color: rgb(0,0,0);\n}\n#text-3230680517 > * {\n  color: rgb(0,0,0);\n}\n<\/style>\n\t<\/div>\n\t\n\t<div id=\"text-2817678524\" class=\"text\">\n\t\t\n\n<h3><strong data-sourcepos=\"48:3-48:22\">P\u00e5litlig kvalitet<\/strong>:\u00a0<\/h3>\n<p>Varje produkt \u00e4r noggrant testad f\u00f6r s\u00e4kerhet, prestanda och smaknoggrannhet.\u00a0<strong data-sourcepos=\"48:130-48:161\">ISO-certifierade tillverkare<\/strong>\u00a0anv\u00e4nder\u00a0<strong data-sourcepos=\"48:168-48:195\">material av medicinsk kvalitet<\/strong>.<\/p>\n\t\t\n<style>\n#text-2817678524 {\n  font-size: 0.9rem;\n  line-height: 1.75;\n  color: rgb(0,0,0);\n}\n#text-2817678524 > * {\n  color: rgb(0,0,0);\n}\n<\/style>\n\t<\/div>\n\t\n\t<div id=\"text-1174517\" class=\"text\">\n\t\t\n\n<h3><strong data-sourcepos=\"49:3-49:31\">Kundcentrerad service<\/strong>:\u00a0<\/h3>\n<p>V\u00e5rt dedikerade supportteam \u00e4r tillg\u00e4ngligt 24\/7 via e-post och WhatsApp f\u00f6r att l\u00f6sa dina fr\u00e5gor, l\u00f6sa problem och s\u00e4kerst\u00e4lla en o\u00f6vertr\u00e4ffad upplevelse.<\/p>\n\t\t\n<style>\n#text-1174517 {\n  font-size: 0.9rem;\n  line-height: 1.75;\n  color: rgb(0,0,0);\n}\n#text-1174517 > * {\n  color: rgb(0,0,0);\n}\n<\/style>\n\t<\/div>\n\t\n\t<div id=\"text-1727256795\" class=\"text\">\n\t\t\n\n<h3><strong data-sourcepos=\"50:3-50:28\">Kontinuerlig innovation<\/strong>:\u00a0<\/h3>\n<p>Vi ligger f\u00f6re industritrenderna genom att introducera nya smaker, design och teknologier f\u00f6r att f\u00f6rb\u00e4ttra din vapingresa.<\/p>\n\t\t\n<style>\n#text-1727256795 {\n  font-size: 0.9rem;\n  line-height: 1.75;\n  color: rgb(0,0,0);\n}\n#text-1727256795 > * {\n  color: rgb(0,0,0);\n}\n<\/style>\n\t<\/div>\n\t\n<div class=\"is-divider divider clearfix\" style=\"margin-top:15px;margin-bottom:15px;max-width:1000px;background-color:rgb(209, 209, 209);\"><\/div>\n\n\t<div id=\"text-1860440075\" class=\"text\">\n\t\t\n\n<h2 data-sourcepos=\"54:1-54:31\">\ud83d\udce2\u00a0<strong data-sourcepos=\"54:7-54:29\">G\u00e5 med i v\u00e5r community<\/strong><\/h2>\n\t\t\n<style>\n#text-1860440075 {\n  color: rgb(0,0,0);\n}\n#text-1860440075 > * {\n  color: rgb(0,0,0);\n}\n<\/style>\n\t<\/div>\n\t\n\t<div id=\"text-461073399\" class=\"text\">\n\t\t\n\n<h3 data-sourcepos=\"56:1-56:103\">Vi \u00e4r mer \u00e4n bara ett varum\u00e4rke \u2013 vi \u00e4r en gemenskap av vapers, kreat\u00f6rer och partners.<\/h3>\n\t\t\n<style>\n#text-461073399 {\n  font-size: 0.9rem;\n  line-height: 1.75;\n}\n<\/style>\n\t<\/div>\n\t\n\t<div id=\"text-2634717088\" class=\"text\">\n\t\t\n\n<p><strong data-sourcepos=\"57:3-57:27\">Exklusiva kampanjer<\/strong>\u00a0och nya produktlanseringar.<\/p>\n\t\t\n<style>\n#text-2634717088 {\n  font-size: 0.9rem;\n  line-height: 1.75;\n  color: rgb(0,0,0);\n}\n#text-2634717088 > * {\n  color: rgb(0,0,0);\n}\n<\/style>\n\t<\/div>\n\t\n\t<div id=\"text-3173156795\" class=\"text\">\n\t\t\n\n<p><strong data-sourcepos=\"58:3-58:28\">Utbildningsresurser<\/strong>\u00a0f\u00f6r att optimera din vapingupplevelse.<\/p>\n\t\t\n<style>\n#text-3173156795 {\n  line-height: 1.75;\n  color: rgb(0,0,0);\n}\n#text-3173156795 > * {\n  color: rgb(0,0,0);\n}\n<\/style>\n\t<\/div>\n\t\n\t<div id=\"text-3620011577\" class=\"text\">\n\t\t\n\n<p><strong data-sourcepos=\"59:3-59:36\">Initiativ f\u00f6r kundfeedback<\/strong>\u00a0f\u00f6r att forma framtiden f\u00f6r pgvape.com.<\/p>\n\t\t\n<style>\n#text-3620011577 {\n  font-size: 0.9rem;\n  line-height: 1.75;\n  color: rgb(0,0,0);\n}\n#text-3620011577 > * {\n  color: rgb(0,0,0);\n}\n<\/style>\n\t<\/div>\n\t\n\t<div id=\"text-2105436968\" class=\"text\">\n\t\t\n\n<h4 data-sourcepos=\"61:1-61:90\">Prenumerera p\u00e5 v\u00e5rt nyhetsbrev eller f\u00f6lj oss p\u00e5 sociala medier f\u00f6r att delta i konversationen!<\/h4>\n\t\t\n<style>\n#text-2105436968 {\n  font-size: 0.9rem;\n  line-height: 1.75;\n  color: rgb(0,0,0);\n}\n#text-2105436968 > * {\n  color: rgb(0,0,0);\n}\n<\/style>\n\t<\/div>\n\t\n<div class=\"is-divider divider clearfix\" style=\"margin-top:15px;margin-bottom:15px;max-width:1000px;background-color:rgb(209, 209, 209);\"><\/div>\n\n\t<div id=\"text-1814932352\" class=\"text\">\n\t\t\n\n<h2 data-sourcepos=\"65:1-65:25\">\ud83e\udd1d\u00a0<strong data-sourcepos=\"65:7-65:23\">H\u00f6r av dig<\/strong><\/h2>\n\t\t\n<style>\n#text-1814932352 {\n  color: rgb(0,0,0);\n}\n#text-1814932352 > * {\n  color: rgb(0,0,0);\n}\n<\/style>\n\t<\/div>\n\t\n\t<div id=\"text-970709596\" class=\"text\">\n\t\t\n\n<h3 data-sourcepos=\"67:1-67:114\">Om du har n\u00e5gra fr\u00e5gor eller vill veta mer om v\u00e5ra produkter och tj\u00e4nster \u00e4r du v\u00e4lkommen att kontakta oss:<\/h3>\n\t\t\n<style>\n#text-970709596 {\n  font-size: 0.9rem;\n  line-height: 1.75;\n  color: rgb(0,0,0);\n}\n#text-970709596 > * {\n  color: rgb(0,0,0);\n}\n<\/style>\n\t<\/div>\n\t\n\t<div id=\"text-2367334681\" class=\"text\">\n\t\t\n\n<h3><strong data-sourcepos=\"68:3-68:12\">E-post<\/strong>:\u00a0<span style=\"background-color: #ffffff; color: #0000ff;\"><a style=\"background-color: #ffffff; color: #0000ff;\" href=\"\/sv\/support@pgvape.com\/\" data-sentry-component=\"CustomLink\" data-sentry-source-file=\"index.tsx\">support@pgvape.com<\/a><\/span><\/h3>\n\t\t\n<style>\n#text-2367334681 {\n  font-size: 0.9rem;\n  line-height: 1.75;\n  color: rgb(0,0,0);\n}\n#text-2367334681 > * {\n  color: rgb(0,0,0);\n}\n<\/style>\n\t<\/div>\n\t\n\t<div id=\"text-3650341454\" class=\"text\">\n\t\t\n\n<h3><strong data-sourcepos=\"69:3-69:15\">WhatsApp<\/strong>:<span style=\"background-color: #ffffff; color: #00ff00;\"> <a style=\"background-color: #ffffff; color: #00ff00;\" href=\"https:\/\/wa.me\/+8618128481258\">+8618128481258<\/a><\/span><br \/>(Svar inom 24 timmar, 7 dagar i veckan)<\/h3>\n\t\t\n<style>\n#text-3650341454 {\n  font-size: 0.9rem;\n  line-height: 1.75;\n  color: rgb(0,0,0);\n}\n#text-3650341454 > * {\n  color: rgb(0,0,0);\n}\n<\/style>\n\t<\/div>\n\t\n\t<div id=\"text-1450887577\" class=\"text\">\n\t\t\n\n<h4><strong data-sourcepos=\"73:1-73:38\">Tack f\u00f6r att du valde pgvape.com<\/strong>\u2014 d\u00e4r varje bloss \u00e4r ett steg mot en b\u00e4ttre vapingupplevelse.<\/h4>\n\t\t\n<style>\n#text-1450887577 {\n  font-size: 0.9rem;\n  line-height: 1.75;\n  color: rgb(0, 0, 0);\n}\n#text-1450887577 > * {\n  color: rgb(0, 0, 0);\n}\n<\/style>\n\t<\/div>\n\t\n<div class=\"is-divider divider clearfix\" style=\"margin-top:15px;margin-bottom:15px;max-width:1000px;background-color:rgb(209, 209, 209);\"><\/div>","protected":false},"excerpt":{"rendered":"","protected":false},"author":2,"featured_media":0,"parent":0,"menu_order":0,"comment_status":"closed","ping_status":"closed","template":"","meta":{"_seopress_robots_primary_cat":"","_seopress_titles_title":"","_seopress_titles_desc":"","_seopress_robots_index":"","footnotes":""},"class_list":["post-105","page","type-page","status-publish","hentry"],"_links":{"self":[{"href":"https:\/\/pgvape.com\/sv\/wp-json\/wp\/v2\/pages\/105","targetHints":{"allow":["GET"]}}],"collection":[{"href":"https:\/\/pgvape.com\/sv\/wp-json\/wp\/v2\/pages"}],"about":[{"href":"https:\/\/pgvape.com\/sv\/wp-json\/wp\/v2\/types\/page"}],"author":[{"embeddable":true,"href":"https:\/\/pgvape.com\/sv\/wp-json\/wp\/v2\/users\/2"}],"replies":[{"embeddable":true,"href":"https:\/\/pgvape.com\/sv\/wp-json\/wp\/v2\/comments?post=105"}],"version-history":[{"count":0,"href":"https:\/\/pgvape.com\/sv\/wp-json\/wp\/v2\/pages\/105\/revisions"}],"wp:attachment":[{"href":"https:\/\/pgvape.com\/sv\/wp-json\/wp\/v2\/media?parent=105"}],"curies":[{"name":"wp","href":"https:\/\/api.w.org\/{rel}","templated":true}]}}