{"id":9689,"date":"2026-03-26T10:17:44","date_gmt":"2026-03-26T10:17:44","guid":{"rendered":"https:\/\/pgvape.com\/?post_type=product&#038;p=9689"},"modified":"2026-03-26T10:17:44","modified_gmt":"2026-03-26T10:17:44","slug":"bang-lider-stoll-350000-350k-puffs-8-em-1-sabores-vape-descartavel-0-5-nicotina-12-gostos-display-inteligente-vape-fabrica-atacado","status":"publish","type":"product","link":"https:\/\/pgvape.com\/pt\/produto\/bang-lider-stoll-350000-350k-puffs-8-em-1-sabores-vape-descartavel-0-5-nicotina-12-gostos-display-inteligente-vape-fabrica-atacado\/","title":{"rendered":"Bang Leader Stoll 350000 350K Puffs 8 em 1 Sabores Vape Descart\u00e1vel 0%-5% Nicotina 12Tastes Smart Display Vape Factory Wholesale"},"content":{"rendered":"<p><strong class=\"\">Bang L\u00edder Stoll 350K<\/strong> entrega <strong class=\"\">350.000 baforadas<\/strong> atrav\u00e9s de um <strong>inovador sistema de c\u00e2mara de sabor central 4 em 1<\/strong>, apresentando <strong class=\"\">quatro sabores base independentes<\/strong> que criam <strong class=\"\">at\u00e9 8 experi\u00eancias de sabores \u00fanicos<\/strong> atrav\u00e9s <strong>tecnologia de mistura de fluxo de ar<\/strong>.<br \/>\nUM <strong>bateria tipo C recarreg\u00e1vel de alto desempenho<\/strong>, <strong class=\"\">sistema de bobina avan\u00e7ado<\/strong> e <strong class=\"\">design ergon\u00f4mico premium<\/strong> give you <strong class=\"\">longevidade extrema, variedade din\u00e2mica e satisfa\u00e7\u00e3o a longo prazo<\/strong>\u2014o dispositivo mais poderoso da s\u00e9rie Bang.<\/p>\n<p>&nbsp;<\/p>\n<h2><span style=\"font-size: 90%;\">Bang Leader Stoll 350000 350K Puffs 8 em 1 Sabores Especifica\u00e7\u00e3o Vape Descart\u00e1vel<\/span><\/h2>\n<p><strong>Sopros<\/strong>: At\u00e9 <strong class=\"\">350,000<\/strong> \u2013 desempenho ultra duradouro<\/p>\n<p><strong>Sistema de sabores<\/strong>: <strong class=\"\">C\u00e2maras centrais 4 em 1<\/strong> \u2013 4 sabores base, 8 combina\u00e7\u00f5es h\u00edbridas<\/p>\n<p><strong>Tecnologia<\/strong>: <strong class=\"\">Mistura de fluxo de ar com equil\u00edbrio de sabor<\/strong> \u2013 perfis h\u00edbridos suaves e equilibrados<\/p>\n<p><strong>Bateria<\/strong>: <strong>Recarreg\u00e1vel<\/strong>, <strong class=\"\">Tipo-C<\/strong> carregamento \u2013 suporta vida \u00fatil completa<\/p>\n<p><strong>Vapor<\/strong>: <strong class=\"\">Sistema avan\u00e7ado de bobina<\/strong> \u2013 produ\u00e7\u00e3o est\u00e1vel, sabor rico<\/p>\n<p><strong>Projeto<\/strong>: <strong class=\"\">Ergonomia premium<\/strong> \u2013 ader\u00eancia confort\u00e1vel, estrutura moderna e dur\u00e1vel<\/p>\n<p><strong>Ativa\u00e7\u00e3o<\/strong>: <strong class=\"\">Ativado por sorteio<\/strong> \u2013 sem bot\u00f5es, inspire para disparar<\/p>\n<p><strong>Manuten\u00e7\u00e3o<\/strong>: <strong class=\"\">Zero<\/strong> \u2013 descart\u00e1vel, selado, pr\u00e9-cheio<\/p>\n<p><strong>Recarreg\u00e1vel<\/strong>: <strong>N\u00e3o<\/strong> \u2013 substituir quando esgotado<\/p>\n<p>&nbsp;<\/p>\n<h3><strong><span style=\"font-size: 90%;\">Bang Leader Stoll 350000 350K Puffs 8 em 1 Sabores Lista de Sabores Vape Descart\u00e1veis<\/span><\/strong><\/h3>\n<p><strong>1. Gelo Razz Azul e Gelo de Melancia e Gelo de Morango e Lim\u00e3o<\/strong><\/p>\n<p><strong>2. Gelo de mirtilo e frutas tropicais e gelo de ma\u00e7\u00e3, kiwi e cereja azul Razz<\/strong><\/p>\n<p><strong>3.Cherry Cola e Lim\u00e3o P\u00eassego e Limonada Rosa e Manga Maracuj\u00e1<\/strong><\/p>\n<p><strong>4. Morango, Kiwi, Mirtilo, Menta, Manga Azeda, Abacaxi e Morango, Melancia, Gelo<\/strong><\/p>\n<p><strong>5. Kiwi Dragon Berry e Blueberry, Melancia, Morango, Banana e Cereja Ice<\/strong><\/p>\n<p><strong>6. Morango, melancia e abacaxi, coco, gelo e kiwi, maracuj\u00e1, goiaba e explos\u00e3o de uva<\/strong><\/p>\n<p><strong>7. Red Bull e cereja, rom\u00e3, framboesa, melancia e lim\u00e3o<\/strong><\/p>\n<p><strong>8. Gelo de melancia e fabuloso e morango, framboesa e gelo de ma\u00e7\u00e3 e kiwi<\/strong><\/p>\n<p><strong>9. Grape Ice &amp; Love 66 &amp; Blueberry One Ice &amp; Dragonfruit Ice<\/strong><\/p>\n<p><strong>10. Melancia, Gelo e Morango, Melancia e Framboesa, Melancia e Mirtilo, Framboesa<\/strong><\/p>\n<p><strong>11.P\u00eassego, manga, melancia e mirtilo, cereja e melancia, fruta do drag\u00e3o e beijo de paix\u00e3o<\/strong><\/p>\n<p><strong>12. Morango, Framboesa, Morango, Kiwi, Morango, Gelo e P\u00eassego, Manga, Melancia<img loading=\"lazy\" decoding=\"async\" class=\"alignnone wp-image-9693 size-full\" src=\"https:\/\/pgvape.com\/wp-content\/uploads\/2026\/03\/Bang-Leader-Stoll-350000-350K-Puffs-8-in-1-Flavors-Disposable-Vape-0-5-Nicotin-12Tastes-Smart-Display-Vape-Factory-Wholesale-2.jpg\" alt=\"Fileira de garrafas coloridas com patos de desenho animado nos r\u00f3tulos, cada garrafa com uma tampa colorida e tiras de sabor embaixo contra um fundo azul.\" width=\"1900\" height=\"1500\" srcset=\"https:\/\/pgvape.com\/wp-content\/uploads\/2026\/03\/Bang-Leader-Stoll-350000-350K-Puffs-8-in-1-Flavors-Disposable-Vape-0-5-Nicotin-12Tastes-Smart-Display-Vape-Factory-Wholesale-2.jpg 1900w, https:\/\/pgvape.com\/wp-content\/uploads\/2026\/03\/Bang-Leader-Stoll-350000-350K-Puffs-8-in-1-Flavors-Disposable-Vape-0-5-Nicotin-12Tastes-Smart-Display-Vape-Factory-Wholesale-2-456x360.jpg 456w, https:\/\/pgvape.com\/wp-content\/uploads\/2026\/03\/Bang-Leader-Stoll-350000-350K-Puffs-8-in-1-Flavors-Disposable-Vape-0-5-Nicotin-12Tastes-Smart-Display-Vape-Factory-Wholesale-2-595x470.jpg 595w, https:\/\/pgvape.com\/wp-content\/uploads\/2026\/03\/Bang-Leader-Stoll-350000-350K-Puffs-8-in-1-Flavors-Disposable-Vape-0-5-Nicotin-12Tastes-Smart-Display-Vape-Factory-Wholesale-2-400x316.jpg 400w, https:\/\/pgvape.com\/wp-content\/uploads\/2026\/03\/Bang-Leader-Stoll-350000-350K-Puffs-8-in-1-Flavors-Disposable-Vape-0-5-Nicotin-12Tastes-Smart-Display-Vape-Factory-Wholesale-2-768x606.jpg 768w, https:\/\/pgvape.com\/wp-content\/uploads\/2026\/03\/Bang-Leader-Stoll-350000-350K-Puffs-8-in-1-Flavors-Disposable-Vape-0-5-Nicotin-12Tastes-Smart-Display-Vape-Factory-Wholesale-2-1536x1213.jpg 1536w, https:\/\/pgvape.com\/wp-content\/uploads\/2026\/03\/Bang-Leader-Stoll-350000-350K-Puffs-8-in-1-Flavors-Disposable-Vape-0-5-Nicotin-12Tastes-Smart-Display-Vape-Factory-Wholesale-2-15x12.jpg 15w, https:\/\/pgvape.com\/wp-content\/uploads\/2026\/03\/Bang-Leader-Stoll-350000-350K-Puffs-8-in-1-Flavors-Disposable-Vape-0-5-Nicotin-12Tastes-Smart-Display-Vape-Factory-Wholesale-2-600x474.jpg 600w\" sizes=\"auto, (max-width: 1900px) 100vw, 1900px\" \/><\/strong><\/p>\n<h3><\/h3>\n<h2 class=\"header-vfC6AV auto-hide-last-sibling-br\">Perguntas frequentes sobre Bang Leader Stoll 350000 350K Puffs 8 em 1 sabores Vape descart\u00e1vel<\/h2>\n<p>\u2753 <strong>O que \u00e9 Bang Leader Stoll 350K?<\/strong><br \/>\n\u2705 <strong>Descart\u00e1vel de ultra-alta capacidade<\/strong> \u2013 sistema multi-sabor, grande n\u00famero de tragadas, m\u00faltiplas combina\u00e7\u00f5es em um \u00fanico dispositivo.<\/p>\n<p>\u2753 <strong>Quantas baforadas?<\/strong><br \/>\n\u2705 <strong class=\"\">At\u00e9 350.000<\/strong> \u2013 varia de acordo com h\u00e1bitos, dura\u00e7\u00e3o do sorteio, frequ\u00eancia.<\/p>\n<p>\u2753 <strong>O que \u00e9 o sistema de c\u00e2mara de sabores 4 em 1?<\/strong><br \/>\n\u2705 <strong>Quatro c\u00e2maras de sabor independentes<\/strong> \u2013 use individualmente ou misture para <strong>at\u00e9 8 experi\u00eancias de sabores<\/strong>.<\/p>\n<p>\u2753 <strong>Os sabores se misturar\u00e3o por dentro?<\/strong><br \/>\n\u2705 <strong>N\u00e3o<\/strong> \u2013 cada sabor <strong>selado em c\u00e2mara pr\u00f3pria<\/strong> \u2013 limpo, consistente, sem mistura indesejada.<\/p>\n<p>\u2753 <strong>Como trocar sabores?<\/strong><br \/>\n\u2705 <strong>Ajuste o seletor de sabor ou canal de fluxo de ar<\/strong> \u2013 ativar c\u00e2maras diferentes ou misturar.<\/p>\n<p>\u2753 <strong>\u00c9 recarreg\u00e1vel?<\/strong><br \/>\n\u2705 <strong>Sim<\/strong> \u2013 <strong>Porta de carregamento tipo C<\/strong> suporta design de alta capacidade.<\/p>\n<p>\u2753 <strong>Adequado para usu\u00e1rios pesados?<\/strong><br \/>\n\u2705 <strong>Absolutamente<\/strong> \u2013 capacidade extrema de sopro + sabor m\u00faltiplo = ideal para usu\u00e1rios duradouros que buscam variedade.<\/p>\n<p>\u2753 <strong>Manuten\u00e7\u00e3o necess\u00e1ria?<\/strong><br \/>\n\u2705 <strong>Nenhum<\/strong> \u2013 descart\u00e1vel, sem substitui\u00e7\u00e3o de bobina, sem manuten\u00e7\u00e3o complexa.<\/p>\n<p>\u2753 <strong>Pode ser recarregado?<\/strong><br \/>\n\u2705 <strong>N\u00e3o<\/strong> \u2013 <strong>pr\u00e9-cheio, selado<\/strong> \u2013 substitua quando vazio.<\/p>\n<p>\u2753 <strong>O que o torna \u00fanico?<\/strong><br \/>\n\u2705 <strong>350K puffs + sistema de sabores de 4 bases e 8 experi\u00eancias + recarreg\u00e1vel + vida \u00fatil ultralonga<\/strong> = descart\u00e1vel mais vers\u00e1til dispon\u00edvel.<\/p>\n<p>&nbsp;<\/p>\n<h3 id=\"brxe-najhln\" class=\"brxe-heading\">Perguntas frequentes (FAQ)<\/h3>\n<div id=\"brxe-rajiac\" class=\"brxe-text\">\n<p><strong>P: Quais m\u00e9todos de pagamento voc\u00ea aceita?<\/strong><br \/>\nR: Aceitamos PayPal, Stripe, transfer\u00eancias banc\u00e1rias (com suporte SEPA), os principais cart\u00f5es de cr\u00e9dito (Visa, MasterCard, American Express) e pagamentos em criptomoedas.<\/p>\n<p><strong>P: Quanto tempo leva a prepara\u00e7\u00e3o do pedido?<\/strong><br \/>\nR: A prepara\u00e7\u00e3o do pedido leva de 1 a 3 dias \u00fateis.<\/p>\n<p><strong>P: Qual \u00e9 o tempo de envio?<\/strong><br \/>\nR: O tempo de envio \u00e9 de 7 a 14 dias \u00fateis, dependendo da sua localiza\u00e7\u00e3o.<\/p>\n<p><strong>P: Como posso rastrear meu pedido?<\/strong><br \/>\nR: Ap\u00f3s o envio, voc\u00ea receber\u00e1 um e-mail de confirma\u00e7\u00e3o com um n\u00famero de rastreamento para rastreamento em tempo real.<\/p>\n<p><strong>P: Qual \u00e9 a sua pol\u00edtica de devolu\u00e7\u00e3o?<\/strong><br \/>\nR: Oferecemos uma pol\u00edtica de devolu\u00e7\u00e3o de 30 dias para reembolsos ou trocas. .<\/p>\n<p><strong>P: Haver\u00e1 algum problema alfandeg\u00e1rio?<br \/>\n<\/strong>Lidamos com todos os procedimentos de desembara\u00e7o aduaneiro para garantir uma experi\u00eancia descomplicada para voc\u00ea. .<\/p>\n<p><strong>P: Quais m\u00e9todos de envio s\u00e3o usados?<\/strong><br \/>\nCooperamos com UPS\/DHL\/FEDEX\/DPD, etc. Escolheremos a op\u00e7\u00e3o de envio apropriada dependendo do pa\u00eds de entrega para garantir que voc\u00ea receba seus produtos o mais r\u00e1pido poss\u00edvel.<\/p>\n<p><a href=\"https:\/\/pgvape.com\/pt\/perguntas-frequentes\/\">Clique aqui para mais perguntas frequentes<\/a><\/p>\n<p>Prezados clientes, Se voc\u00ea tiver alguma d\u00favida sobre seu pedido ou a chegada de mercadorias, entre em contato com nosso atendimento ao cliente. Obrigado!<\/p>\n<h3 data-sourcepos=\"73:1-73:21\"><strong data-sourcepos=\"73:7-73:21\">Contate-nos<\/strong><\/h3>\n<div id=\"text-2419739398\" class=\"text\">\n<p><strong data-sourcepos=\"75:3-75:12\">E-mail<\/strong>:\u00a0<a href=\"mailto:support@pgvape.com\"><strong>support@pgvape.com<\/strong><\/a><\/p>\n<p><strong data-sourcepos=\"76:3-76:15\">WhatsApp<\/strong>:\u00a0<a href=\"https:\/\/wa.me\/+8618128481258\"><strong>+86 18128481258<\/strong><\/a><br \/>\n<strong>(Resposta em at\u00e9 24 horas em dias \u00fateis)<\/strong><\/p>\n<\/div>\n<h3><strong>Obrigado por escolher pgvape.com! .<\/strong><\/h3>\n<\/div>","protected":false},"excerpt":{"rendered":"<p><strong>Bang L\u00edder Stoll 350000<\/strong>\u00a0<strong>350 mil baforadas<\/strong>, <strong>C\u00e2maras 4 em 1<\/strong>, <strong>Mistura de 8 sabores<\/strong>, <strong>Tipo C recarreg\u00e1vel<\/strong>, <strong>manuten\u00e7\u00e3o zero<\/strong>.<strong>Quatro bases, oito sabores, uma lenda, nuvens sem fim.<\/strong><\/p>","protected":false},"featured_media":9692,"comment_status":"open","ping_status":"closed","template":"","meta":{"_seopress_robots_primary_cat":"","_seopress_titles_title":"","_seopress_titles_desc":"","_seopress_robots_index":""},"product_brand":[54,516],"product_cat":[612,32,515],"product_tag":[614,616,617,615,613,90],"class_list":{"0":"post-9689","1":"product","2":"type-product","3":"status-publish","4":"has-post-thumbnail","6":"product_brand-bang-leader-vape","7":"product_brand-disposable-vape","8":"product_cat-350k-puffs-vape","9":"product_cat-bang-leader-vape","10":"product_cat-disposable-vape","11":"product_tag-350k-puffs-vape","12":"product_tag-4-in-1-core-chambers","13":"product_tag-8-hybrid-combinations","14":"product_tag-8-in-1-flavors","15":"product_tag-bang-leader-stoll-350000","16":"product_tag-disposable-vape","18":"first","19":"instock","20":"sale","21":"shipping-taxable","22":"purchasable","23":"product-type-variable"},"_links":{"self":[{"href":"https:\/\/pgvape.com\/pt\/wp-json\/wp\/v2\/product\/9689","targetHints":{"allow":["GET"]}}],"collection":[{"href":"https:\/\/pgvape.com\/pt\/wp-json\/wp\/v2\/product"}],"about":[{"href":"https:\/\/pgvape.com\/pt\/wp-json\/wp\/v2\/types\/product"}],"replies":[{"embeddable":true,"href":"https:\/\/pgvape.com\/pt\/wp-json\/wp\/v2\/comments?post=9689"}],"wp:featuredmedia":[{"embeddable":true,"href":"https:\/\/pgvape.com\/pt\/wp-json\/wp\/v2\/media\/9692"}],"wp:attachment":[{"href":"https:\/\/pgvape.com\/pt\/wp-json\/wp\/v2\/media?parent=9689"}],"wp:term":[{"taxonomy":"product_brand","embeddable":true,"href":"https:\/\/pgvape.com\/pt\/wp-json\/wp\/v2\/product_brand?post=9689"},{"taxonomy":"product_cat","embeddable":true,"href":"https:\/\/pgvape.com\/pt\/wp-json\/wp\/v2\/product_cat?post=9689"},{"taxonomy":"product_tag","embeddable":true,"href":"https:\/\/pgvape.com\/pt\/wp-json\/wp\/v2\/product_tag?post=9689"}],"curies":[{"name":"wp","href":"https:\/\/api.w.org\/{rel}","templated":true}]}}