{"id":9504,"date":"2026-03-22T06:35:56","date_gmt":"2026-03-22T06:35:56","guid":{"rendered":"https:\/\/pgvape.com\/?post_type=product&#038;p=9504"},"modified":"2026-03-29T13:35:36","modified_gmt":"2026-03-29T13:35:36","slug":"vopk-cool-bar-20000-20k-puffs-vape-descartavel-fluxo-de-ar-ajustavel-5-nicotina-10-gosto-display-inteligente-vape-fabrica-atacado","status":"publish","type":"product","link":"https:\/\/pgvape.com\/pt\/produto\/vopk-cool-bar-20000-20k-puffs-vape-descartavel-fluxo-de-ar-ajustavel-5-nicotina-10-gosto-display-inteligente-vape-fabrica-atacado\/","title":{"rendered":"VOPK Cool Bar 20000 20k Puffs Vape Descart\u00e1vel Fluxo de Ar Ajust\u00e1vel 5%Nicotina 10Taste Smart Display Vape F\u00e1brica Atacado"},"content":{"rendered":"<p><strong class=\"\">Barra fresca VOPK 20K<\/strong> entrega <strong>20.000 baforadas<\/strong> de <strong class=\"\">5 nicotina %<\/strong> satisfa\u00e7\u00e3o, alimentada por um <strong>550 mAh Tipo-C<\/strong> bateria e <strong>tecnologia avan\u00e7ada de bobina de malha<\/strong>.<br \/>\n<strong>Fluxo de ar ajust\u00e1vel<\/strong>, <strong>display inteligente<\/strong> e <strong>10 sabores gelados\/frutas<\/strong> give you <strong>sorteios personaliz\u00e1veis \u200b\u200bde MTL para abrir<\/strong>, <strong>monitoramento em tempo real<\/strong> e <strong>confiabilidade o dia todo<\/strong>-enviado de <strong>China (7-14d)<\/strong> ou <strong>Armaz\u00e9m da UE (3-6d)<\/strong>.<\/p>\n<p>&nbsp;<\/p>\n<h2><span style=\"font-size: 90%;\">VOPK Cool Bar 20000 20k sopra Vape descart\u00e1vel <strong>Especifica\u00e7\u00f5es:<\/strong><\/span><\/h2>\n<p><strong>Sopros<\/strong>: At\u00e9 <strong>20,000<\/strong> \u2013 desempenho duradouro durante todo o dia<\/p>\n<p><strong>Nicotina<\/strong>: <strong>5 %<\/strong> \u2013 golpe suave e satisfat\u00f3rio na garganta<\/p>\n<p><strong>Bateria<\/strong>: <strong>550mAh<\/strong>, <strong>recarreg\u00e1vel<\/strong> \u2013 pot\u00eancia estendida confi\u00e1vel<\/p>\n<p><strong>Carregando<\/strong>: <strong>Tipo-C<\/strong> \u2013 recargas r\u00e1pidas e convenientes<\/p>\n<p><strong>Bobina<\/strong>: <strong>Sistema de bobina de malha<\/strong> \u2013 sabor rico, aquecimento r\u00e1pido, vapor consistente<\/p>\n<p><strong>Fluxo de ar<\/strong>: <strong>Ajust\u00e1vel<\/strong> \u2013 personalize MTL ou inspire aberta<\/p>\n<p><strong>Mostrar<\/strong>: <strong>Tela inteligente<\/strong> \u2013 Resumo dos n\u00edveis de e-l\u00edquido e bateria<\/p>\n<p><strong>Sabores<\/strong>: <strong class=\"\">10 op\u00e7\u00f5es<\/strong> \u2013 grande variedade para todos os gostos<\/p>\n<p>&nbsp;<\/p>\n<h3><span style=\"font-size: 90%;\">VOPK Cool Bar 20000 20k sopra Vape descart\u00e1vel <strong>Lista de sabores:<\/strong><\/span><\/h3>\n<p><strong>1. Gelo de melancia<\/strong><\/p>\n<p><strong>2.Cola Gelado<\/strong><\/p>\n<p><strong class=\"\">3. Gelo de Morango<\/strong><\/p>\n<p><strong>4.Gelo de banana<\/strong><\/p>\n<p><strong class=\"\">5. Gelo de manga<\/strong><\/p>\n<p><strong>6. Goiaba de Maracuj\u00e1<\/strong><\/p>\n<p><strong>7. Groselha Preta<\/strong><\/p>\n<p><strong>8. Gelo de abacaxi e coco<\/strong><\/p>\n<p><strong>9. Melancia Morango<\/strong><\/p>\n<p><strong>10. Uva Baga<img loading=\"lazy\" decoding=\"async\" class=\"alignnone wp-image-9739 size-full\" src=\"https:\/\/pgvape.com\/wp-content\/uploads\/2026\/03\/VOPK-Cool-Bar-20000-20k-Puffs-Disposable-Vape-Adjustable-Airflow-5Nicotine-10Taste-Smart-Display-Vape-Factory-Wholesale-3.jpg\" alt=\"Duas fileiras de bolsas de bebidas coloridas com sabores Gelo de Melancia, Gelo de Cola, Gelo de Morango, Gelo de Banana, Gelo de Manga, Goiaba de Maracuj\u00e1, Groselha Preta, Gelo de Abacaxi e Coco, Melancia de Morango, Uva Berry\" width=\"1500\" height=\"1298\" srcset=\"https:\/\/pgvape.com\/wp-content\/uploads\/2026\/03\/VOPK-Cool-Bar-20000-20k-Puffs-Disposable-Vape-Adjustable-Airflow-5Nicotine-10Taste-Smart-Display-Vape-Factory-Wholesale-3.jpg 1500w, https:\/\/pgvape.com\/wp-content\/uploads\/2026\/03\/VOPK-Cool-Bar-20000-20k-Puffs-Disposable-Vape-Adjustable-Airflow-5Nicotine-10Taste-Smart-Display-Vape-Factory-Wholesale-3-416x360.jpg 416w, https:\/\/pgvape.com\/wp-content\/uploads\/2026\/03\/VOPK-Cool-Bar-20000-20k-Puffs-Disposable-Vape-Adjustable-Airflow-5Nicotine-10Taste-Smart-Display-Vape-Factory-Wholesale-3-595x515.jpg 595w, https:\/\/pgvape.com\/wp-content\/uploads\/2026\/03\/VOPK-Cool-Bar-20000-20k-Puffs-Disposable-Vape-Adjustable-Airflow-5Nicotine-10Taste-Smart-Display-Vape-Factory-Wholesale-3-400x346.jpg 400w, https:\/\/pgvape.com\/wp-content\/uploads\/2026\/03\/VOPK-Cool-Bar-20000-20k-Puffs-Disposable-Vape-Adjustable-Airflow-5Nicotine-10Taste-Smart-Display-Vape-Factory-Wholesale-3-768x665.jpg 768w, https:\/\/pgvape.com\/wp-content\/uploads\/2026\/03\/VOPK-Cool-Bar-20000-20k-Puffs-Disposable-Vape-Adjustable-Airflow-5Nicotine-10Taste-Smart-Display-Vape-Factory-Wholesale-3-14x12.jpg 14w, https:\/\/pgvape.com\/wp-content\/uploads\/2026\/03\/VOPK-Cool-Bar-20000-20k-Puffs-Disposable-Vape-Adjustable-Airflow-5Nicotine-10Taste-Smart-Display-Vape-Factory-Wholesale-3-600x519.jpg 600w\" sizes=\"auto, (max-width: 1500px) 100vw, 1500px\" \/><\/strong><\/p>\n<p>&nbsp;<\/p>\n<h3><span style=\"font-size: 90%;\">VOPK Cool Bar 20000 20k Puffs Vape Descart\u00e1vel V\u00eddeo:<\/span><\/h3>\n<p><iframe loading=\"lazy\" title=\"VOPK Cool Bar 20000 Puffs Disposable Vape Adjustable Airflow Smart Display Vape Factory Wholesale\" width=\"563\" height=\"1000\" src=\"https:\/\/www.youtube.com\/embed\/ivKsBaHnGAI?feature=oembed\" frameborder=\"0\" allow=\"accelerometer; autoplay; clipboard-write; encrypted-media; gyroscope; picture-in-picture; web-share\" referrerpolicy=\"strict-origin-when-cross-origin\" allowfullscreen><\/iframe><\/p>\n<p>&nbsp;<\/p>\n<h2>Perguntas frequentes sobre VOPK Cool Bar 20000 20k Puffs Vape descart\u00e1vel<\/h2>\n<p>\u2753 <strong class=\"\">M\u00e9todos de pagamento?<\/strong><br \/>\n\u2705 <strong>VISA, MasterCard, PayPal, American Express<\/strong>, e muito mais.<\/p>\n<p>\u2753 <strong>Como rastrear?<\/strong><br \/>\n\u2705 <strong>N\u00famero de rastreamento enviado por e-mail<\/strong> uma vez enviado.<\/p>\n<p>\u2753 <strong>Tempo de envio?<\/strong><br \/>\n\u2705 <strong>China<\/strong>: 7 a 14 dias \u00fateis | <strong>Armaz\u00e9m da UE<\/strong>: 3-6 dias \u00fateis.<\/p>\n<p>\u2753 <strong>Entrega mais r\u00e1pida?<\/strong><br \/>\n\u2705 Escolha <strong>Estoque em armaz\u00e9m da UE<\/strong> para uma chegada mais r\u00e1pida.<\/p>\n<p>\u2753 <strong>Pol\u00edtica de devolu\u00e7\u00e3o?<\/strong><br \/>\n\u2705 <strong>Retorno de 30 dias<\/strong> \u2013 os itens devem estar em condi\u00e7\u00f5es originais.<\/p>\n<p>\u2753 <strong>Pedidos de sabores para produtos aleat\u00f3rios?<\/strong><br \/>\n\u2705 <strong>Arranjo aleat\u00f3rio<\/strong>, mas deixe <strong>nota de finaliza\u00e7\u00e3o da compra<\/strong> para solicita\u00e7\u00f5es espec\u00edficas \u2013 tentaremos acomodar.<\/p>\n<p>\u2753 <strong>Envio internacional?<\/strong><br \/>\n\u2705 <strong>Sim<\/strong> \u2013 a maioria dos pa\u00edses, <strong>desembara\u00e7o aduaneiro tratado<\/strong>.<\/p>\n<p>\u2753 <strong>Itens danificados\/defeituosos?<\/strong><br \/>\n\u2705 Contato <strong>atendimento ao Cliente<\/strong> para substitui\u00e7\u00e3o ou reembolso.<\/p>\n<p>\u2753 <strong>Como obter suporte?<\/strong><br \/>\n\u2705 <strong>E-mail, WhatsApp, chat ao vivo<\/strong> no site.<\/p>\n<p>\u2753 <strong>Confian\u00e7a e autenticidade?<\/strong><br \/>\n\u2705 Verifique <strong>Avalia\u00e7\u00f5es do TrustPilot<\/strong> + <strong>Prote\u00e7\u00e3o ao comprador do PayPal<\/strong> suportado.<\/p>\n<p>&nbsp;<\/p>\n<h3 id=\"brxe-najhln\" class=\"brxe-heading\">Perguntas frequentes (FAQ)<\/h3>\n<div id=\"brxe-rajiac\" class=\"brxe-text\">\n<p><strong>P: Quais m\u00e9todos de pagamento voc\u00ea aceita?<\/strong><br \/>\nR: Aceitamos PayPal, Stripe, transfer\u00eancias banc\u00e1rias (com suporte SEPA), os principais cart\u00f5es de cr\u00e9dito (Visa, MasterCard, American Express) e pagamentos em criptomoedas.<\/p>\n<p><strong>P: Quanto tempo leva a prepara\u00e7\u00e3o do pedido?<\/strong><br \/>\nR: A prepara\u00e7\u00e3o do pedido leva de 1 a 3 dias \u00fateis.<\/p>\n<p><strong>P: Qual \u00e9 o tempo de envio?<\/strong><br \/>\nR: O tempo de envio \u00e9 de 7 a 14 dias \u00fateis, dependendo da sua localiza\u00e7\u00e3o.<\/p>\n<p><strong>P: Como posso rastrear meu pedido?<\/strong><br \/>\nR: Ap\u00f3s o envio, voc\u00ea receber\u00e1 um e-mail de confirma\u00e7\u00e3o com um n\u00famero de rastreamento para rastreamento em tempo real.<\/p>\n<p><strong>P: Qual \u00e9 a sua pol\u00edtica de devolu\u00e7\u00e3o?<\/strong><br \/>\nR: Oferecemos uma pol\u00edtica de devolu\u00e7\u00e3o de 30 dias para reembolsos ou trocas. .<\/p>\n<p><strong>P: Haver\u00e1 algum problema alfandeg\u00e1rio?<br \/>\n<\/strong>Lidamos com todos os procedimentos de desembara\u00e7o aduaneiro para garantir uma experi\u00eancia descomplicada para voc\u00ea. .<\/p>\n<p><strong>P: Quais m\u00e9todos de envio s\u00e3o usados?<\/strong><br \/>\nCooperamos com UPS\/DHL\/FEDEX\/DPD, etc. Escolheremos a op\u00e7\u00e3o de envio apropriada dependendo do pa\u00eds de entrega para garantir que voc\u00ea receba seus produtos o mais r\u00e1pido poss\u00edvel.<\/p>\n<p><a href=\"https:\/\/pgvape.com\/pt\/perguntas-frequentes\/\">Clique aqui para mais perguntas frequentes<\/a><\/p>\n<p>Prezados clientes, Se voc\u00ea tiver alguma d\u00favida sobre seu pedido ou a chegada de mercadorias, entre em contato com nosso atendimento ao cliente. Obrigado!<\/p>\n<h3 data-sourcepos=\"73:1-73:21\"><strong data-sourcepos=\"73:7-73:21\">Contate-nos<\/strong><\/h3>\n<div id=\"text-2419739398\" class=\"text\">\n<p><strong data-sourcepos=\"75:3-75:12\">E-mail<\/strong>:\u00a0<a href=\"mailto:support@pgvape.com\"><strong>support@pgvape.com<\/strong><\/a><\/p>\n<p><strong data-sourcepos=\"76:3-76:15\">WhatsApp<\/strong>:\u00a0<a href=\"https:\/\/wa.me\/+8618128481258\"><strong>+86 18128481258<\/strong><\/a><br \/>\n<strong>(Resposta em at\u00e9 24 horas em dias \u00fateis)<\/strong><\/p>\n<\/div>\n<h3><strong>Obrigado por escolher pgvape.com! .<\/strong><\/h3>\n<\/div>","protected":false},"excerpt":{"rendered":"<p><strong>Barra fresca VOPK 20000<\/strong>\u00a0<strong>20 mil baforadas<\/strong>, <strong>5%<\/strong>, <strong>bobina de malha<\/strong>, <strong>fluxo de ar ajust\u00e1vel<\/strong>, <strong>display inteligente<\/strong>, <strong>Tipo-C<\/strong>.<strong>Sabores legais, tecnologia inteligente, do seu jeito.<\/strong><\/p>","protected":false},"featured_media":9737,"comment_status":"open","ping_status":"closed","template":"","meta":{"_seopress_robots_primary_cat":"none","_seopress_titles_title":"","_seopress_titles_desc":"","_seopress_robots_index":""},"product_brand":[516,218],"product_cat":[84,515,31],"product_tag":[367,135,90,608],"class_list":{"0":"post-9504","1":"product","2":"type-product","3":"status-publish","4":"has-post-thumbnail","6":"product_brand-disposable-vape","7":"product_brand-vopk-vape","8":"product_cat-20k-puffs-vape","9":"product_cat-disposable-vape","10":"product_cat-vopk-vape","11":"product_tag-20k-puffs-vape","12":"product_tag-adjustable-airflow","13":"product_tag-disposable-vape","14":"product_tag-vopk-cool-bar-20000","16":"first","17":"instock","18":"sale","19":"shipping-taxable","20":"purchasable","21":"product-type-variable"},"_links":{"self":[{"href":"https:\/\/pgvape.com\/pt\/wp-json\/wp\/v2\/product\/9504","targetHints":{"allow":["GET"]}}],"collection":[{"href":"https:\/\/pgvape.com\/pt\/wp-json\/wp\/v2\/product"}],"about":[{"href":"https:\/\/pgvape.com\/pt\/wp-json\/wp\/v2\/types\/product"}],"replies":[{"embeddable":true,"href":"https:\/\/pgvape.com\/pt\/wp-json\/wp\/v2\/comments?post=9504"}],"wp:featuredmedia":[{"embeddable":true,"href":"https:\/\/pgvape.com\/pt\/wp-json\/wp\/v2\/media\/9737"}],"wp:attachment":[{"href":"https:\/\/pgvape.com\/pt\/wp-json\/wp\/v2\/media?parent=9504"}],"wp:term":[{"taxonomy":"product_brand","embeddable":true,"href":"https:\/\/pgvape.com\/pt\/wp-json\/wp\/v2\/product_brand?post=9504"},{"taxonomy":"product_cat","embeddable":true,"href":"https:\/\/pgvape.com\/pt\/wp-json\/wp\/v2\/product_cat?post=9504"},{"taxonomy":"product_tag","embeddable":true,"href":"https:\/\/pgvape.com\/pt\/wp-json\/wp\/v2\/product_tag?post=9504"}],"curies":[{"name":"wp","href":"https:\/\/api.w.org\/{rel}","templated":true}]}}