{"id":9431,"date":"2026-03-13T07:43:36","date_gmt":"2026-03-13T07:43:36","guid":{"rendered":"https:\/\/pgvape.com\/?post_type=product&#038;p=9431"},"modified":"2026-03-19T15:37:41","modified_gmt":"2026-03-19T15:37:41","slug":"bang-king-100000-100k-puffs-3-em-1-sabor-vape-descartavel-2-3-5-nicotina-12-gosto-tela-led-vape-fabrica-atacado","status":"publish","type":"product","link":"https:\/\/pgvape.com\/pt\/produto\/bang-king-100000-100k-puffs-3-em-1-sabor-vape-descartavel-2-3-5-nicotina-12-gosto-tela-led-vape-fabrica-atacado\/","title":{"rendered":"Bang King 100000 100k Puffs 3 em 1 Sabor Vape Descart\u00e1vel % 2% 3% 5%Nicotina 12Taste Tela LED Vape F\u00e1brica Atacado"},"content":{"rendered":"<p><strong>Bang Rei 100K<\/strong> entrega <strong>100.000 baforadas<\/strong> atrav\u00e9s de <strong>Tecnologia de tanque triplo 3 em 1<\/strong>, alimentado por um <strong>850mAh recarreg\u00e1vel<\/strong> bateria e <strong>1.2*3 Configura\u00e7\u00e3o da bobina de malha \u03a9<\/strong>.<br \/>\n<strong>Carregamento r\u00e1pido tipo C<\/strong>, <strong>12 combina\u00e7\u00f5es de sabores com tr\u00eas op\u00e7\u00f5es<\/strong> e <strong>embalagens prontas para atacado<\/strong> give you <strong>triplique a divers\u00e3o, resist\u00eancia m\u00e1xima, economia em massa<\/strong>-perfeito para <strong>Compradores atacadistas VapeXYZ<\/strong>.<\/p>\n<p>&nbsp;<\/p>\n<h2><span style=\"font-size: 100%;\">Bang King 100000 100k Puffs 3 em 1 Sabor Vape Descart\u00e1vel <strong>Especifica\u00e7\u00f5es:<\/strong><\/span><\/h2>\n<p><strong>Sopros<\/strong>: At\u00e9 <strong>100,000<\/strong><\/p>\n<p><strong>Bateria<\/strong>: <strong>850mAh<\/strong> \u2013 recarreg\u00e1vel, forte pot\u00eancia<\/p>\n<p><strong>Sistema<\/strong>: <strong>Tanque triplo 3 em 1<\/strong> \u2013 tr\u00eas sensa\u00e7\u00f5es, um dispositivo<\/p>\n<p><strong>Bobina<\/strong>: <strong>Bobina de malha (1.2*3 \u03a9)<\/strong> \u2013 sa\u00edda suave e consistente<\/p>\n<p><strong>Carregando<\/strong>: <strong>Tipo-C<\/strong> \u2013 tempo de inatividade r\u00e1pido, moderno e m\u00ednimo<\/p>\n<p><strong>Embalagem<\/strong>: Pronto para atacado \u2013 op\u00e7\u00f5es individuais, m\u00e9dias e em massa<\/p>\n<p>&nbsp;<\/p>\n<h3><span style=\"font-size: 100%;\">Bang King 100000 100k Puffs 3 em 1 Sabor Vape Descart\u00e1vel <strong>Lista de sabores:<\/strong><\/span><\/h3>\n<p><strong>1. Morango e melancia e melancia com morango<\/strong><\/p>\n<p><strong>2. Mirtilos e melancia e mirtilos e melancia<\/strong><\/p>\n<p><strong>3. P\u00eassegos e Manga e Manga P\u00eassego<\/strong><\/p>\n<p><strong>4. Abacaxi e Manga e Manga Abacaxi<\/strong><\/p>\n<p><strong>5.Morangos Manga e Manga P\u00eassego e Manga P\u00eassego Melancia<\/strong><\/p>\n<p><strong>6. Gelo de uva e uva de mirtilo e uva em flor de cerejeira<\/strong><\/p>\n<p><strong>7. Bebidas Funcionais e Amor 66 e Frutas Mistas<\/strong><\/p>\n<p><strong>8. Mirtilo Hortel\u00e3 e Mirtilo Framboesa e Molde Triplo<\/strong><\/p>\n<p><strong>9. Morango Kiwi e Kiwi Goiaba e Black Dragon Ice<\/strong><\/p>\n<p><strong>10. Coca-Cola Gelo e Morango, Coca-Cola, Baunilha e Cereja Cacau<\/strong><\/p>\n<p><strong>11. Chiclete de melancia e chiclete de mirtilo e melancia de mirtilo<\/strong><\/p>\n<p><strong>12.Gelado de banana e morango Sorvete de banana e morango<img loading=\"lazy\" decoding=\"async\" class=\"alignnone wp-image-9436 size-full\" src=\"https:\/\/pgvape.com\/wp-content\/uploads\/2026\/03\/Bang-King-100000-100k-Puffs-3-in-1-Flavor-Disposable-Vape-2-3-5Nicotine-12Taste-LED-Screen-Vape-Factory-Wholesale-3.png\" alt=\"\" width=\"1342\" height=\"2000\" srcset=\"https:\/\/pgvape.com\/wp-content\/uploads\/2026\/03\/Bang-King-100000-100k-Puffs-3-in-1-Flavor-Disposable-Vape-2-3-5Nicotine-12Taste-LED-Screen-Vape-Factory-Wholesale-3.png 1342w, https:\/\/pgvape.com\/wp-content\/uploads\/2026\/03\/Bang-King-100000-100k-Puffs-3-in-1-Flavor-Disposable-Vape-2-3-5Nicotine-12Taste-LED-Screen-Vape-Factory-Wholesale-3-242x360.png 242w, https:\/\/pgvape.com\/wp-content\/uploads\/2026\/03\/Bang-King-100000-100k-Puffs-3-in-1-Flavor-Disposable-Vape-2-3-5Nicotine-12Taste-LED-Screen-Vape-Factory-Wholesale-3-595x887.png 595w, https:\/\/pgvape.com\/wp-content\/uploads\/2026\/03\/Bang-King-100000-100k-Puffs-3-in-1-Flavor-Disposable-Vape-2-3-5Nicotine-12Taste-LED-Screen-Vape-Factory-Wholesale-3-268x400.png 268w, https:\/\/pgvape.com\/wp-content\/uploads\/2026\/03\/Bang-King-100000-100k-Puffs-3-in-1-Flavor-Disposable-Vape-2-3-5Nicotine-12Taste-LED-Screen-Vape-Factory-Wholesale-3-768x1145.png 768w, https:\/\/pgvape.com\/wp-content\/uploads\/2026\/03\/Bang-King-100000-100k-Puffs-3-in-1-Flavor-Disposable-Vape-2-3-5Nicotine-12Taste-LED-Screen-Vape-Factory-Wholesale-3-1031x1536.png 1031w, https:\/\/pgvape.com\/wp-content\/uploads\/2026\/03\/Bang-King-100000-100k-Puffs-3-in-1-Flavor-Disposable-Vape-2-3-5Nicotine-12Taste-LED-Screen-Vape-Factory-Wholesale-3-8x12.png 8w, https:\/\/pgvape.com\/wp-content\/uploads\/2026\/03\/Bang-King-100000-100k-Puffs-3-in-1-Flavor-Disposable-Vape-2-3-5Nicotine-12Taste-LED-Screen-Vape-Factory-Wholesale-3-600x894.png 600w\" sizes=\"auto, (max-width: 1342px) 100vw, 1342px\" \/><\/strong><\/p>\n<p>&nbsp;<\/p>\n<h2>Perguntas frequentes sobre Bang King 100000 100k Puffs 3 em 1 Sabor Vape descart\u00e1vel<\/h2>\n<p>\u2753 <strong>O que significa \u201c3 em 1\u201d?<\/strong><br \/>\n\u2705 <strong>Tr\u00eas combina\u00e7\u00f5es de sabores diferentes<\/strong> em um \u00fanico dispositivo \u2013 explore a variedade sem trocar de vape.<\/p>\n<p>\u2753 <strong>Como fa\u00e7o para recarregar?<\/strong><br \/>\n\u2705 <strong>Cabo padr\u00e3o tipo C<\/strong> - conecte quando estiver baixo, continue aproveitando seu <strong>100 mil baforadas<\/strong>.<\/p>\n<p>\u2753 <strong>Dispon\u00edvel a granel?<\/strong><br \/>\n\u2705 <strong>Absolutamente<\/strong> \u2013 especialista em atacado, compra <strong>grandes quantidades<\/strong> diretamente de <strong>VapeXYZ<\/strong>.<\/p>\n<p>\u2753 <strong>F\u00e1cil de usar?<\/strong><br \/>\n\u2705 <strong>Sim<\/strong> \u2013 <strong>descompacte e v\u00e1<\/strong>, projetado para simplicidade e divers\u00e3o instant\u00e2nea.<\/p>\n<p>&nbsp;<\/p>\n<h3 id=\"brxe-najhln\" class=\"brxe-heading\">Perguntas frequentes (FAQ)<\/h3>\n<div id=\"brxe-rajiac\" class=\"brxe-text\">\n<p><strong>P: Quais m\u00e9todos de pagamento voc\u00ea aceita?<\/strong><br \/>\nR: Aceitamos PayPal, Stripe, transfer\u00eancias banc\u00e1rias (com suporte SEPA), os principais cart\u00f5es de cr\u00e9dito (Visa, MasterCard, American Express) e pagamentos em criptomoedas.<\/p>\n<p><strong>P: Quanto tempo leva a prepara\u00e7\u00e3o do pedido?<\/strong><br \/>\nR: A prepara\u00e7\u00e3o do pedido leva de 1 a 3 dias \u00fateis.<\/p>\n<p><strong>P: Qual \u00e9 o tempo de envio?<\/strong><br \/>\nR: O tempo de envio \u00e9 de 7 a 14 dias \u00fateis, dependendo da sua localiza\u00e7\u00e3o. As mercadorias enviadas de armaz\u00e9ns europeus normalmente levam de 3 a 6 dias \u00fateis para serem entregues.<\/p>\n<p><strong>P: Como posso rastrear meu pedido?<\/strong><br \/>\nR: Ap\u00f3s o envio, voc\u00ea receber\u00e1 um e-mail de confirma\u00e7\u00e3o com um n\u00famero de rastreamento para rastreamento em tempo real.<\/p>\n<p><strong>P: Qual \u00e9 a sua pol\u00edtica de devolu\u00e7\u00e3o?<\/strong><br \/>\nR: Oferecemos uma pol\u00edtica de devolu\u00e7\u00e3o de 30 dias para reembolsos ou trocas. .<\/p>\n<p><strong>P: Haver\u00e1 algum problema alfandeg\u00e1rio?<br \/>\n<\/strong>Lidamos com todos os procedimentos de desembara\u00e7o aduaneiro para garantir uma experi\u00eancia descomplicada para voc\u00ea. .<\/p>\n<p><strong>P: Quais m\u00e9todos de envio s\u00e3o usados?<\/strong><br \/>\nCooperamos com UPS\/DHL\/FEDEX\/DPD, etc. Escolheremos a op\u00e7\u00e3o de envio apropriada dependendo do pa\u00eds de entrega para garantir que voc\u00ea receba seus produtos o mais r\u00e1pido poss\u00edvel.<\/p>\n<p><a href=\"https:\/\/pgvape.com\/pt\/perguntas-frequentes\/\">Clique aqui para mais perguntas frequentes<\/a><\/p>\n<p>Prezados clientes, Se voc\u00ea tiver alguma d\u00favida sobre seu pedido ou a chegada de mercadorias, entre em contato com nosso atendimento ao cliente. Obrigado!<\/p>\n<h3 data-sourcepos=\"73:1-73:21\"><strong data-sourcepos=\"73:7-73:21\">Contate-nos<\/strong><\/h3>\n<div id=\"text-2419739398\" class=\"text\">\n<p><strong data-sourcepos=\"75:3-75:12\">E-mail<\/strong>:\u00a0<a href=\"mailto:support@pgvape.com\"><strong>support@pgvape.com<\/strong><\/a><\/p>\n<p><strong data-sourcepos=\"76:3-76:15\">WhatsApp<\/strong>:\u00a0<a href=\"https:\/\/wa.me\/+8618128481258\"><strong>+86 18128481258<\/strong><\/a><br \/>\n<strong>(Resposta em at\u00e9 24 horas em dias \u00fateis)<\/strong><\/p>\n<\/div>\n<h3><strong>Obrigado por escolher pgvape.com! .<\/strong><\/h3>\n<\/div>","protected":false},"excerpt":{"rendered":"<p><strong>Bang Rei 100000<\/strong> <strong>100 mil baforadas<\/strong>, <strong>Tanque triplo 3 em 1<\/strong>, <strong>1.2* malha de 3 \u03a9<\/strong>, <strong>850 mAh Tipo C<\/strong>, <strong>pronto para atacado<\/strong>.<strong>Triplique os sabores, triplique a divers\u00e3o, um vapor \u00e9pico.<\/strong><\/p>","protected":false},"featured_media":9435,"comment_status":"open","ping_status":"closed","template":"","meta":{"_seopress_robots_primary_cat":"none","_seopress_titles_title":"","_seopress_titles_desc":"","_seopress_robots_index":""},"product_brand":[19,516],"product_cat":[170,18,515],"product_tag":[395,605,604,607,90,490],"class_list":{"0":"post-9431","1":"product","2":"type-product","3":"status-publish","4":"has-post-thumbnail","6":"product_brand-bang-king-vape","7":"product_brand-disposable-vape","8":"product_cat-100k-puffs-vape","9":"product_cat-bang-king-vape","10":"product_cat-disposable-vape","11":"product_tag-100k-puffs-vape","12":"product_tag-3in1-flavor","13":"product_tag-bang-king-100000","14":"product_tag-bang-king-vape","15":"product_tag-disposable-vape","16":"product_tag-minimum-2-pieces","18":"first","19":"instock","20":"sale","21":"shipping-taxable","22":"purchasable","23":"product-type-variable"},"_links":{"self":[{"href":"https:\/\/pgvape.com\/pt\/wp-json\/wp\/v2\/product\/9431","targetHints":{"allow":["GET"]}}],"collection":[{"href":"https:\/\/pgvape.com\/pt\/wp-json\/wp\/v2\/product"}],"about":[{"href":"https:\/\/pgvape.com\/pt\/wp-json\/wp\/v2\/types\/product"}],"replies":[{"embeddable":true,"href":"https:\/\/pgvape.com\/pt\/wp-json\/wp\/v2\/comments?post=9431"}],"wp:featuredmedia":[{"embeddable":true,"href":"https:\/\/pgvape.com\/pt\/wp-json\/wp\/v2\/media\/9435"}],"wp:attachment":[{"href":"https:\/\/pgvape.com\/pt\/wp-json\/wp\/v2\/media?parent=9431"}],"wp:term":[{"taxonomy":"product_brand","embeddable":true,"href":"https:\/\/pgvape.com\/pt\/wp-json\/wp\/v2\/product_brand?post=9431"},{"taxonomy":"product_cat","embeddable":true,"href":"https:\/\/pgvape.com\/pt\/wp-json\/wp\/v2\/product_cat?post=9431"},{"taxonomy":"product_tag","embeddable":true,"href":"https:\/\/pgvape.com\/pt\/wp-json\/wp\/v2\/product_tag?post=9431"}],"curies":[{"name":"wp","href":"https:\/\/api.w.org\/{rel}","templated":true}]}}