{"id":9401,"date":"2026-03-13T06:10:06","date_gmt":"2026-03-13T06:10:06","guid":{"rendered":"https:\/\/pgvape.com\/?post_type=product&#038;p=9401"},"modified":"2026-03-19T15:35:10","modified_gmt":"2026-03-19T15:35:10","slug":"bang-legend-300000-300k-puffs-8-em-1-sabor-vape-descartavel-0-2-3-5-nicotina-12-gosto-tela-led-vape-fabrica-atacado","status":"publish","type":"product","link":"https:\/\/pgvape.com\/pt\/produto\/bang-legend-300000-300k-puffs-8-em-1-sabor-vape-descartavel-0-2-3-5-nicotina-12-gosto-tela-led-vape-fabrica-atacado\/","title":{"rendered":"Bang Legend 300000 300k Puffs 8 em 1 Sabor Vape Descart\u00e1vel 0% 2% 3% 5%Nicotina 12Taste Tela LED Vape F\u00e1brica Atacado"},"content":{"rendered":"<p><strong>Bang Legend 300K<\/strong> entrega <strong class=\"\">300.000 baforadas<\/strong> de <strong class=\"\">40ml<\/strong> de e-l\u00edquido, alimentado por <strong>quatro bobinas de malha 1.0 \u03a9<\/strong>, um <strong class=\"\">850 mAh Tipo C<\/strong> bateria e um <strong>Tela LED<\/strong>.<br \/>\n<strong>Sistema de sabores 8 em 1<\/strong>, <strong>0 % \/ 2 % \/ 3 % \/ 5 %<\/strong> nicotina e <strong>12 combina\u00e7\u00f5es de sabores diversos<\/strong> give you <strong>longevidade extrema, variedade m\u00e1xima, conveni\u00eancia moderna<\/strong>-o m\u00e1ximo <strong>descart\u00e1vel de alta capacidade<\/strong>.<\/p>\n<p>&nbsp;<\/p>\n<h2><span style=\"font-size: 90%;\">Bang Legend 300000 300k Puffs 8 em 1 Sabor Vape Descart\u00e1vel <strong>Especifica\u00e7\u00f5es:<\/strong><\/span><\/h2>\n<p><strong>Sopros<\/strong>: At\u00e9 <strong>300,000<\/strong> \u2013 extremamente duradouro<\/p>\n<p><strong>E-l\u00edquido<\/strong>: <strong>40ml<\/strong> \u2013 uso prolongado sem substitui\u00e7\u00e3o<\/p>\n<p><strong>Sistema de sabores<\/strong>: <strong>8 em 1<\/strong> \u2013 m\u00faltiplas combina\u00e7\u00f5es, um dispositivo<\/p>\n<p><strong>Bobinas<\/strong>: <strong>Malha 4 \u00d7 1.0 \u03a9<\/strong> \u2013 sabor mais rico, vapor mais suave<\/p>\n<p><strong>Bateria<\/strong>: <strong>850mAh<\/strong>, <strong>Tipo-C<\/strong> carga r\u00e1pida \u2013 desempenho di\u00e1rio est\u00e1vel<\/p>\n<p><strong>Mostrar<\/strong>: <strong class=\"\">Tela LED<\/strong> \u2013 resumo do status da bateria<\/p>\n<p><strong>Nicotina<\/strong>: <strong>0 %, 2 %, 3 %, 5 %<\/strong> \u2013 flex\u00edvel para todas as prefer\u00eancias<\/p>\n<p><strong>Projeto<\/strong>: Moderno, pr\u00e1tico, pronto para o dia a dia<\/p>\n<p>&nbsp;<\/p>\n<h3><span style=\"font-size: 90%;\">Bang Legend 300000 300k Puffs 8 em 1 Sabor Vape Descart\u00e1vel <strong>Lista de sabores:<\/strong><\/span><\/h3>\n<p><strong>1.Mamba e p\u00eassego, manga, melancia, bebida energ\u00e9tica e gelo de uva<\/strong><\/p>\n<p><strong>2. Maracuj\u00e1, Manga e P\u00eassego, Abacaxi, Mirtilo, Framboesa e Gelo de Melancia<\/strong><\/p>\n<p><strong>3. Lim\u00e3o, laranja azeda e manga, p\u00eassego, melancia e gelo de frutas vermelhas<\/strong><\/p>\n<p><strong>4. Ma\u00e7\u00e3, p\u00eara, morango, manga, morango, melancia e gelo de mirtilo<\/strong><\/p>\n<p><strong>5. Melancia e manga, p\u00eassego, damasco e morango, kiwi e p\u00eassego, manga e melancia<\/strong><\/p>\n<p><strong>6. Hor\u00e1rio de ver\u00e3o e manga Ice &amp; Love 66 e abacaxi com manga azeda<\/strong><\/p>\n<p><strong>7. Kiwi Maracuj\u00e1 Goiaba e Gelo de Uva e Beijos Apaixonados e P\u00eassego Azedo de Melancia<\/strong><\/p>\n<p><strong>8. Pitaya de melancia e ma\u00e7\u00e3, p\u00eara e maracuj\u00e1, kiwi, lim\u00e3o e gelo de mirtilo e p\u00eassego<\/strong><\/p>\n<p><strong>9. Morango, banana e melancia, gelo de mirtilo e gelo Fuji<\/strong><\/p>\n<p><strong>10. Ursinho de goma e frutas mistas e morango, melancia e romance de lim\u00e3o<\/strong><\/p>\n<p><strong>11. Chiclete de melancia e gelo de p\u00eassego com mirtilo e ma\u00e7\u00e3 mel\u00e3o e banana com morango<\/strong><\/p>\n<p><strong>12. Melancia, p\u00eassego azedo e gelo de mirtilo e cereja da Calif\u00f3rnia e manga de morango<img loading=\"lazy\" decoding=\"async\" class=\"alignnone wp-image-9406 size-full\" src=\"https:\/\/pgvape.com\/wp-content\/uploads\/2026\/03\/Bang-Legend-300000-300k-Puffs-8-in-1-Flavor-Disposable-Vape-0-2-3-5Nicotine-12Taste-LED-Screen-Vape-Factory-Wholesale-3.png\" alt=\"Latas sortidas de bebidas energ\u00e9ticas Bang Legend 8 em 1 com macacos de desenho animado em cores vivas, dispostas em duas fileiras em um fundo neon.\" width=\"1976\" height=\"1909\" srcset=\"https:\/\/pgvape.com\/wp-content\/uploads\/2026\/03\/Bang-Legend-300000-300k-Puffs-8-in-1-Flavor-Disposable-Vape-0-2-3-5Nicotine-12Taste-LED-Screen-Vape-Factory-Wholesale-3.png 1976w, https:\/\/pgvape.com\/wp-content\/uploads\/2026\/03\/Bang-Legend-300000-300k-Puffs-8-in-1-Flavor-Disposable-Vape-0-2-3-5Nicotine-12Taste-LED-Screen-Vape-Factory-Wholesale-3-373x360.png 373w, https:\/\/pgvape.com\/wp-content\/uploads\/2026\/03\/Bang-Legend-300000-300k-Puffs-8-in-1-Flavor-Disposable-Vape-0-2-3-5Nicotine-12Taste-LED-Screen-Vape-Factory-Wholesale-3-595x575.png 595w, https:\/\/pgvape.com\/wp-content\/uploads\/2026\/03\/Bang-Legend-300000-300k-Puffs-8-in-1-Flavor-Disposable-Vape-0-2-3-5Nicotine-12Taste-LED-Screen-Vape-Factory-Wholesale-3-400x386.png 400w, https:\/\/pgvape.com\/wp-content\/uploads\/2026\/03\/Bang-Legend-300000-300k-Puffs-8-in-1-Flavor-Disposable-Vape-0-2-3-5Nicotine-12Taste-LED-Screen-Vape-Factory-Wholesale-3-768x742.png 768w, https:\/\/pgvape.com\/wp-content\/uploads\/2026\/03\/Bang-Legend-300000-300k-Puffs-8-in-1-Flavor-Disposable-Vape-0-2-3-5Nicotine-12Taste-LED-Screen-Vape-Factory-Wholesale-3-1536x1484.png 1536w, https:\/\/pgvape.com\/wp-content\/uploads\/2026\/03\/Bang-Legend-300000-300k-Puffs-8-in-1-Flavor-Disposable-Vape-0-2-3-5Nicotine-12Taste-LED-Screen-Vape-Factory-Wholesale-3-12x12.png 12w, https:\/\/pgvape.com\/wp-content\/uploads\/2026\/03\/Bang-Legend-300000-300k-Puffs-8-in-1-Flavor-Disposable-Vape-0-2-3-5Nicotine-12Taste-LED-Screen-Vape-Factory-Wholesale-3-600x580.png 600w\" sizes=\"auto, (max-width: 1976px) 100vw, 1976px\" \/><\/strong><\/p>\n<p>&nbsp;<\/p>\n<h2>Perguntas frequentes sobre Bang Legend 300000 300k Puffs 8 em 1 Sabor Vape descart\u00e1vel<\/h2>\n<p>\u2753 <strong>Quantas baforadas?<\/strong><br \/>\n\u2705 <strong>At\u00e9 300.000<\/strong> \u2013 experi\u00eancia extremamente duradoura.<\/p>\n<p>\u2753 <strong>Dosagens de nicotina dispon\u00edveis?<\/strong><br \/>\n\u2705 <strong>0 %, 2 %, 3 %, 5 %<\/strong> \u2013 escolha o seu n\u00edvel preferido.<\/p>\n<p>\u2753 <strong>\u00c9 recarreg\u00e1vel?<\/strong><br \/>\n\u2705 <strong class=\"\">Sim<\/strong> \u2013 <strong>850mAh<\/strong> bateria com <strong>Tipo-C<\/strong> carregamento r\u00e1pido.<\/p>\n<p>\u2753 <strong>O que o torna \u00fanico?<\/strong><br \/>\n\u2705 <strong>Sabores 8 em 1<\/strong> + <strong>bobinas de malha qu\u00e1drupla<\/strong> + <strong>Visor LED<\/strong> + <strong>Capacidade de 40 ml<\/strong> = vers\u00e1til, dur\u00e1vel e de alto desempenho.<\/p>\n<p>\u2753 <strong>Onde comprar?<\/strong><br \/>\n\u2705 Dispon\u00edvel em <strong>KingApeVape<\/strong> \u2013 ampla variedade de descart\u00e1veis \u200b\u200be sabores de alta capacidade.<\/p>\n<p>&nbsp;<\/p>\n<h3 id=\"brxe-najhln\" class=\"brxe-heading\">Perguntas frequentes (FAQ)<\/h3>\n<div id=\"brxe-rajiac\" class=\"brxe-text\">\n<p><strong>P: Quais m\u00e9todos de pagamento voc\u00ea aceita?<\/strong><br \/>\nR: Aceitamos PayPal, Stripe, transfer\u00eancias banc\u00e1rias (com suporte SEPA), os principais cart\u00f5es de cr\u00e9dito (Visa, MasterCard, American Express) e pagamentos em criptomoedas.<\/p>\n<p><strong>P: Quanto tempo leva a prepara\u00e7\u00e3o do pedido?<\/strong><br \/>\nR: A prepara\u00e7\u00e3o do pedido leva de 1 a 3 dias \u00fateis.<\/p>\n<p><strong>P: Qual \u00e9 o tempo de envio?<\/strong><br \/>\nR: O tempo de envio \u00e9 de 7 a 14 dias \u00fateis, dependendo da sua localiza\u00e7\u00e3o. As mercadorias enviadas de armaz\u00e9ns europeus normalmente levam de 3 a 6 dias \u00fateis para serem entregues.<\/p>\n<p><strong>P: Como posso rastrear meu pedido?<\/strong><br \/>\nR: Ap\u00f3s o envio, voc\u00ea receber\u00e1 um e-mail de confirma\u00e7\u00e3o com um n\u00famero de rastreamento para rastreamento em tempo real.<\/p>\n<p><strong>P: Qual \u00e9 a sua pol\u00edtica de devolu\u00e7\u00e3o?<\/strong><br \/>\nR: Oferecemos uma pol\u00edtica de devolu\u00e7\u00e3o de 30 dias para reembolsos ou trocas. .<\/p>\n<p><strong>P: Haver\u00e1 algum problema alfandeg\u00e1rio?<br \/>\n<\/strong>Lidamos com todos os procedimentos de desembara\u00e7o aduaneiro para garantir uma experi\u00eancia descomplicada para voc\u00ea. .<\/p>\n<p><strong>P: Quais m\u00e9todos de envio s\u00e3o usados?<\/strong><br \/>\nCooperamos com UPS\/DHL\/FEDEX\/DPD, etc. Escolheremos a op\u00e7\u00e3o de envio apropriada dependendo do pa\u00eds de entrega para garantir que voc\u00ea receba seus produtos o mais r\u00e1pido poss\u00edvel.<\/p>\n<p><a href=\"https:\/\/pgvape.com\/pt\/perguntas-frequentes\/\">Clique aqui para mais perguntas frequentes<\/a><\/p>\n<p>Prezados clientes, Se voc\u00ea tiver alguma d\u00favida sobre seu pedido ou a chegada de mercadorias, entre em contato com nosso atendimento ao cliente. Obrigado!<\/p>\n<h3 data-sourcepos=\"73:1-73:21\"><strong data-sourcepos=\"73:7-73:21\">Contate-nos<\/strong><\/h3>\n<div id=\"text-2419739398\" class=\"text\">\n<p><strong data-sourcepos=\"75:3-75:12\">E-mail<\/strong>:\u00a0<a href=\"mailto:support@pgvape.com\"><strong>support@pgvape.com<\/strong><\/a><\/p>\n<p><strong data-sourcepos=\"76:3-76:15\">WhatsApp<\/strong>:\u00a0<a href=\"https:\/\/wa.me\/+8618128481258\"><strong>+86 18128481258<\/strong><\/a><br \/>\n<strong>(Resposta em at\u00e9 24 horas em dias \u00fateis)<\/strong><\/p>\n<\/div>\n<h3><strong>Obrigado por escolher pgvape.com! .<\/strong><\/h3>\n<\/div>","protected":false},"excerpt":{"rendered":"<p><strong>Bang Legend 300000<\/strong> <strong>300 mil baforadas<\/strong>, <strong>40ml<\/strong>, <strong>Sabores 8 em 1<\/strong>, <strong>malha qu\u00e1drupla<\/strong>, <strong>Visor LED<\/strong>, <strong>Tipo-C<\/strong>, <strong>0-5%<\/strong>.<strong>Capacidade lend\u00e1ria, oito sabores, um vapor \u00e9pico.<\/strong><\/p>","protected":false},"featured_media":9405,"comment_status":"open","ping_status":"closed","template":"","meta":{"_seopress_robots_primary_cat":"none","_seopress_titles_title":"%%post_title%%","_seopress_titles_desc":"","_seopress_robots_index":""},"product_brand":[72,516],"product_cat":[517,71,515],"product_tag":[519,601,603,606,90,490],"class_list":{"0":"post-9401","1":"product","2":"type-product","3":"status-publish","4":"has-post-thumbnail","6":"product_brand-bang-legend-vape","7":"product_brand-disposable-vape","8":"product_cat-300k-puffs-vape","9":"product_cat-bang-legend-vape","10":"product_cat-disposable-vape","11":"product_tag-300k-puffs-vape","12":"product_tag-8in1-flavor","13":"product_tag-bang-legend-300000","14":"product_tag-bang-legend-vape","15":"product_tag-disposable-vape","16":"product_tag-minimum-2-pieces","18":"first","19":"instock","20":"sale","21":"shipping-taxable","22":"purchasable","23":"product-type-variable"},"_links":{"self":[{"href":"https:\/\/pgvape.com\/pt\/wp-json\/wp\/v2\/product\/9401","targetHints":{"allow":["GET"]}}],"collection":[{"href":"https:\/\/pgvape.com\/pt\/wp-json\/wp\/v2\/product"}],"about":[{"href":"https:\/\/pgvape.com\/pt\/wp-json\/wp\/v2\/types\/product"}],"replies":[{"embeddable":true,"href":"https:\/\/pgvape.com\/pt\/wp-json\/wp\/v2\/comments?post=9401"}],"wp:featuredmedia":[{"embeddable":true,"href":"https:\/\/pgvape.com\/pt\/wp-json\/wp\/v2\/media\/9405"}],"wp:attachment":[{"href":"https:\/\/pgvape.com\/pt\/wp-json\/wp\/v2\/media?parent=9401"}],"wp:term":[{"taxonomy":"product_brand","embeddable":true,"href":"https:\/\/pgvape.com\/pt\/wp-json\/wp\/v2\/product_brand?post=9401"},{"taxonomy":"product_cat","embeddable":true,"href":"https:\/\/pgvape.com\/pt\/wp-json\/wp\/v2\/product_cat?post=9401"},{"taxonomy":"product_tag","embeddable":true,"href":"https:\/\/pgvape.com\/pt\/wp-json\/wp\/v2\/product_tag?post=9401"}],"curies":[{"name":"wp","href":"https:\/\/api.w.org\/{rel}","templated":true}]}}