{"id":9367,"date":"2026-03-10T08:25:51","date_gmt":"2026-03-10T08:25:51","guid":{"rendered":"https:\/\/pgvape.com\/?post_type=product&#038;p=9367"},"modified":"2026-03-15T13:57:34","modified_gmt":"2026-03-15T13:57:34","slug":"bang-box-200000-200k-puffs-8-em-1-sabor-vape-descartavel-0-2-3-5-nicotina-10-gosto-tela-inteligente-vape-fabrica-atacado","status":"publish","type":"product","link":"https:\/\/pgvape.com\/pt\/produto\/bang-box-200000-200k-puffs-8-em-1-sabor-vape-descartavel-0-2-3-5-nicotina-10-gosto-tela-inteligente-vape-fabrica-atacado\/","title":{"rendered":"Bang Box 200000 200k Puffs 8in1 Sabor Vape Descart\u00e1vel 0% 2% 3% 5%Nicotina 10Taste Tela Inteligente Vape F\u00e1brica Atacado"},"content":{"rendered":"<p><strong>Caixa de explos\u00e3o 200K<\/strong> entrega <strong>200.000 baforadas<\/strong> de <strong>40ml<\/strong> entre <strong>quatro tanques independentes<\/strong>, apresentando <strong>Ajuste de sabor 8 em 1<\/strong>-<strong>quatro sabores \u00fanicos + quatro misturas personalizadas<\/strong>.<br \/>\nUm <strong>850 mAh Tipo C<\/strong> bateria, <strong>bobina de malha<\/strong>, <strong>display digital inteligente<\/strong> e <strong>design legal de macaco<\/strong> give you <strong>transpar\u00eancia total, variedade m\u00e1xima, longevidade extrema<\/strong>-<strong>0 % \/ 2 % \/ 3 % \/ 5 %<\/strong> nicotina.<\/p>\n<p>&nbsp;<\/p>\n<h2><strong><span style=\"font-size: 90%;\">Bang Box 200000 200k Puffs 8 em 1 Sabor Vape Descart\u00e1vel Especifica\u00e7\u00f5es:<\/span><\/strong><\/h2>\n<p><strong>Sopros<\/strong>: At\u00e9 <strong>200,000<\/strong> \u2013 capacidade l\u00edder do setor<\/p>\n<p><strong>E-l\u00edquido<\/strong>: <strong>40ml<\/strong> \u2013 reservat\u00f3rio substancial<\/p>\n<p><strong>Sistema de sabores<\/strong>: <strong>Ajuste 8 em 1<\/strong> \u2013 4 sabores \u00fanicos + 4 misturas personalizadas, alterne perfeitamente<\/p>\n<p><strong>Tanques<\/strong>: <strong>C\u00e2mara qu\u00e1drupla<\/strong> - independente, selado com integridade de sabor<\/p>\n<p><strong>Nicotina<\/strong>: <strong>0 %, 2 %, 3 %, 5 %<\/strong> \u2013 op\u00e7\u00f5es inclusivas, sem nicotina dispon\u00edveis<\/p>\n<p><strong>Bateria<\/strong>: <strong>850mAh<\/strong>, <strong class=\"\">Tipo-C<\/strong> carga r\u00e1pida<\/p>\n<p><strong>Bobina<\/strong>: <strong>Bobina de malha<\/strong> \u2013 aquecimento uniforme, vapor mais rico, sabor mais puro<\/p>\n<p><strong>Mostrar<\/strong>: <strong>Tela digital inteligente<\/strong> \u2013 bateria em tempo real + n\u00edveis de tanque individuais<\/p>\n<p><strong>Projeto<\/strong>: <strong>Port\u00e1til<\/strong> com <strong>est\u00e9tica de macaco atraente<\/strong><\/p>\n<p><strong>Alvo<\/strong>: Usu\u00e1rios pesados, exploradores de sabores, entusiastas de vaporiza\u00e7\u00e3o inteligente<\/p>\n<p>&nbsp;<\/p>\n<h3><strong><span style=\"font-size: 90%;\">Bang Box 200000 200k Puffs 8 em 1 Lista de sabores descart\u00e1veis \u200b\u200bde Vape:<\/span><\/strong><\/h3>\n<p><strong class=\"\">1.Gelo de mirtilo \u2022 Melancia de mirtilo \u2022 Framboesa \u2022 Lim\u00e3o e lim\u00e3o<\/strong><\/p>\n<p><strong>2. Gelo de melancia \u2022 Chiclete de melancia \u2022 Gelo de cereja \u2022 Chiclete<\/strong><\/p>\n<p><strong class=\"\">3.Gelo de menta \u2022 Gelo de mirtilo e framboesa \u2022 Gelo de uva \u2022 Doce Nerdz<\/strong><\/p>\n<p><strong>4. Mel Triplo \u2022 Amor 66 \u2022 Maracuj\u00e1 \u2022 Gelo de Abacaxi e Coco<\/strong><\/p>\n<p><strong class=\"\">5. Ma\u00e7\u00e3 Dupla \u2022 Ma\u00e7\u00e3 Azeda Framboesa \u2022 Gelo de Amora \u2022 P\u00eassego Abacaxi<\/strong><\/p>\n<p><strong>6. Gelo de Morango \u2022 Kiwi de Morango \u2022 Gelo de Framboesa Azul \u2022 Limonada Rosa<\/strong><\/p>\n<p><strong>7.Cherry Cola \u2022 Mirtilo Cereja \u2022 Cranberry \u2022 Morango Framboesa<\/strong><\/p>\n<p><strong class=\"\">8.Gelo de abacaxi \u2022 Abacaxi com manga azeda \u2022 Gelo de p\u00eassego \u2022 Limonada de abacaxi<\/strong><\/p>\n<p><strong>9. Black Dragon Ice \u2022 Morango Pitaya \u2022 Triple Berry \u2022 Cereja Cranberry<\/strong><\/p>\n<p><strong>10. Manga Tripla \u2022 Manga Maracuj\u00e1 \u2022 Gelo de Abacaxi \u2022 Manga Morango<img loading=\"lazy\" decoding=\"async\" class=\"alignnone wp-image-9382 size-full\" src=\"https:\/\/pgvape.com\/wp-content\/uploads\/2026\/03\/Bang-Box-200k-8-in-1-Flavor-Disposable-Vape-0-2-3-5-Nicotine-10Taste-Smart-Screen-Vape-Factory-Wholesale-13.png\" alt=\"Dez garrafas coloridas de vaporizador Bang Box dispostas em duas fileiras em um fundo laranja brilhante, com dois \u00edcones de modo circular \u00e0 esquerda.\" width=\"2000\" height=\"1363\" srcset=\"https:\/\/pgvape.com\/wp-content\/uploads\/2026\/03\/Bang-Box-200k-8-in-1-Flavor-Disposable-Vape-0-2-3-5-Nicotine-10Taste-Smart-Screen-Vape-Factory-Wholesale-13.png 2000w, https:\/\/pgvape.com\/wp-content\/uploads\/2026\/03\/Bang-Box-200k-8-in-1-Flavor-Disposable-Vape-0-2-3-5-Nicotine-10Taste-Smart-Screen-Vape-Factory-Wholesale-13-528x360.png 528w, https:\/\/pgvape.com\/wp-content\/uploads\/2026\/03\/Bang-Box-200k-8-in-1-Flavor-Disposable-Vape-0-2-3-5-Nicotine-10Taste-Smart-Screen-Vape-Factory-Wholesale-13-595x405.png 595w, https:\/\/pgvape.com\/wp-content\/uploads\/2026\/03\/Bang-Box-200k-8-in-1-Flavor-Disposable-Vape-0-2-3-5-Nicotine-10Taste-Smart-Screen-Vape-Factory-Wholesale-13-400x273.png 400w, https:\/\/pgvape.com\/wp-content\/uploads\/2026\/03\/Bang-Box-200k-8-in-1-Flavor-Disposable-Vape-0-2-3-5-Nicotine-10Taste-Smart-Screen-Vape-Factory-Wholesale-13-768x523.png 768w, https:\/\/pgvape.com\/wp-content\/uploads\/2026\/03\/Bang-Box-200k-8-in-1-Flavor-Disposable-Vape-0-2-3-5-Nicotine-10Taste-Smart-Screen-Vape-Factory-Wholesale-13-1536x1047.png 1536w, https:\/\/pgvape.com\/wp-content\/uploads\/2026\/03\/Bang-Box-200k-8-in-1-Flavor-Disposable-Vape-0-2-3-5-Nicotine-10Taste-Smart-Screen-Vape-Factory-Wholesale-13-18x12.png 18w, https:\/\/pgvape.com\/wp-content\/uploads\/2026\/03\/Bang-Box-200k-8-in-1-Flavor-Disposable-Vape-0-2-3-5-Nicotine-10Taste-Smart-Screen-Vape-Factory-Wholesale-13-600x409.png 600w\" sizes=\"auto, (max-width: 2000px) 100vw, 2000px\" \/><\/strong><\/p>\n<p>&nbsp;<\/p>\n<h3><span style=\"font-size: 90%;\">Bang Box 200000 200k Puffs 8 em 1 Sabor Vape Descart\u00e1vel V\u00eddeo:<\/span><\/h3>\n<p><iframe loading=\"lazy\" title=\"Bang Box 200k Puffs 8 em 1 Sabor Vape Descart\u00e1vel 10Taste Tela Inteligente Vape F\u00e1brica Atacado pgvape\" width=\"563\" height=\"1000\" src=\"https:\/\/www.youtube.com\/embed\/thIWK5uQgmw?feature=oembed\" frameborder=\"0\" allow=\"accelerometer; autoplay; clipboard-write; encrypted-media; gyroscope; picture-in-picture; web-share\" referrerpolicy=\"strict-origin-when-cross-origin\" allowfullscreen><\/iframe><\/p>\n<p>&nbsp;<\/p>\n<h2>Perguntas frequentes sobre Bang Box 200000 200k Puffs 8 em 1 Sabor Vape descart\u00e1vel<\/h2>\n<p>\u2753 <strong>Quantas baforadas?<\/strong><br \/>\n\u2705 <strong>At\u00e9 200.000<\/strong> \u2013 projetado para extrema resist\u00eancia.<\/p>\n<p>\u2753 <strong>O que \u00e9 o sistema de sabores 8 em 1?<\/strong><br \/>\n\u2705 <strong>8 op\u00e7\u00f5es em um dispositivo<\/strong> \u2013 alternar entre <strong>4 sabores \u00fanicos<\/strong> e <strong>4 misturas pr\u00e9-programadas<\/strong>.<\/p>\n<p>\u2753 <strong>Como a tela inteligente ajuda?<\/strong><br \/>\n\u2705 <strong>Bateria em tempo real<\/strong> + <strong>n\u00edveis de tanque individuais<\/strong> \u2013 transpar\u00eancia total, sem golpes secos.<\/p>\n<p>\u2753 <strong>\u00c9 recarreg\u00e1vel?<\/strong><br \/>\n\u2705 <strong>Sim<\/strong> \u2013 <strong>850mAh<\/strong> com <strong>Tipo-C<\/strong> carregamento r\u00e1pido.<\/p>\n<p>\u2753 <strong>Op\u00e7\u00f5es de nicotina?<\/strong><br \/>\n\u2705 <strong>0 % (sem nicotina), 2 %, 3 %, 5 %<\/strong> \u2013 inclusivo para todas as prefer\u00eancias.<\/p>\n<p>\u2753 <strong>Para quem \u00e9 isso?<\/strong><br \/>\n\u2705 <strong>Usu\u00e1rios pesados<\/strong>, <strong>ca\u00e7adores de sabor<\/strong>, <strong>entusiastas do vape inteligente<\/strong>, <strong>compradores atacadistas<\/strong>.<\/p>\n<p>&nbsp;<\/p>\n<h3 id=\"brxe-najhln\" class=\"brxe-heading\">Perguntas frequentes (FAQ)<\/h3>\n<div id=\"brxe-rajiac\" class=\"brxe-text\">\n<p><strong>P: Quais m\u00e9todos de pagamento voc\u00ea aceita?<\/strong><br \/>\nR: Aceitamos PayPal, Stripe, transfer\u00eancias banc\u00e1rias (com suporte SEPA), os principais cart\u00f5es de cr\u00e9dito (Visa, MasterCard, American Express) e pagamentos em criptomoedas.<\/p>\n<p><strong>P: Quanto tempo leva a prepara\u00e7\u00e3o do pedido?<\/strong><br \/>\nR: A prepara\u00e7\u00e3o do pedido leva de 1 a 3 dias \u00fateis.<\/p>\n<p><strong>P: Qual \u00e9 o tempo de envio?<\/strong><br \/>\nR: O tempo de envio \u00e9 de 7 a 14 dias \u00fateis, dependendo da sua localiza\u00e7\u00e3o. As mercadorias enviadas de armaz\u00e9ns europeus normalmente levam de 3 a 6 dias \u00fateis para serem entregues.<\/p>\n<p><strong>P: Como posso rastrear meu pedido?<\/strong><br \/>\nR: Ap\u00f3s o envio, voc\u00ea receber\u00e1 um e-mail de confirma\u00e7\u00e3o com um n\u00famero de rastreamento para rastreamento em tempo real.<\/p>\n<p><strong>P: Qual \u00e9 a sua pol\u00edtica de devolu\u00e7\u00e3o?<\/strong><br \/>\nR: Oferecemos uma pol\u00edtica de devolu\u00e7\u00e3o de 30 dias para reembolsos ou trocas. .<\/p>\n<p><strong>P: Haver\u00e1 algum problema alfandeg\u00e1rio?<br \/>\n<\/strong>Lidamos com todos os procedimentos de desembara\u00e7o aduaneiro para garantir uma experi\u00eancia descomplicada para voc\u00ea. .<\/p>\n<p><strong>P: Quais m\u00e9todos de envio s\u00e3o usados?<\/strong><br \/>\nCooperamos com UPS\/DHL\/FEDEX\/DPD, etc. Escolheremos a op\u00e7\u00e3o de envio apropriada dependendo do pa\u00eds de entrega para garantir que voc\u00ea receba seus produtos o mais r\u00e1pido poss\u00edvel.<\/p>\n<p><a href=\"https:\/\/pgvape.com\/pt\/perguntas-frequentes\/\">Clique aqui para mais perguntas frequentes<\/a><\/p>\n<p>Prezados clientes, Se voc\u00ea tiver alguma d\u00favida sobre seu pedido ou a chegada de mercadorias, entre em contato com nosso atendimento ao cliente. Obrigado!<\/p>\n<h3 data-sourcepos=\"73:1-73:21\"><strong data-sourcepos=\"73:7-73:21\">Contate-nos<\/strong><\/h3>\n<div id=\"text-2419739398\" class=\"text\">\n<p><strong data-sourcepos=\"75:3-75:12\">E-mail<\/strong>:\u00a0<a href=\"mailto:support@pgvape.com\"><strong>support@pgvape.com<\/strong><\/a><\/p>\n<p><strong data-sourcepos=\"76:3-76:15\">WhatsApp<\/strong>:\u00a0<a href=\"https:\/\/wa.me\/+8618128481258\"><strong>+86 18128481258<\/strong><\/a><br \/>\n<strong>(Resposta em at\u00e9 24 horas em dias \u00fateis)<\/strong><\/p>\n<\/div>\n<h3><strong>Obrigado por escolher pgvape.com! .<\/strong><\/h3>\n<\/div>","protected":false},"excerpt":{"rendered":"<p><strong>Bang Box 200K baforadas 8 em 1<\/strong> , <strong>40ml<\/strong>, <strong>c\u00e2mara qu\u00e1drupla<\/strong>, <strong>8 modos de sabor<\/strong>, <strong>tela inteligente<\/strong>, <strong>macaco legal<\/strong>, <strong>0-5%<\/strong>.<strong class=\"\">Oito sabores, quatro tanques, um macaco, nuvens sem fim.<\/strong><\/p>","protected":false},"featured_media":9371,"comment_status":"open","ping_status":"closed","template":"","meta":{"_seopress_robots_primary_cat":"","_seopress_titles_title":"","_seopress_titles_desc":"","_seopress_robots_index":""},"product_brand":[577,516],"product_cat":[548,576,515],"product_tag":[552,601,600,90,602],"class_list":{"0":"post-9367","1":"product","2":"type-product","3":"status-publish","4":"has-post-thumbnail","6":"product_brand-bang-box-vape","7":"product_brand-disposable-vape","8":"product_cat-200k-puffs-vape","9":"product_cat-bang-box-vape","10":"product_cat-disposable-vape","11":"product_tag-200k-puffs-vape","12":"product_tag-8in1-flavor","13":"product_tag-bang-box-200000","14":"product_tag-disposable-vape","15":"product_tag-quad-chamber","17":"first","18":"instock","19":"sale","20":"shipping-taxable","21":"purchasable","22":"product-type-variable"},"_links":{"self":[{"href":"https:\/\/pgvape.com\/pt\/wp-json\/wp\/v2\/product\/9367","targetHints":{"allow":["GET"]}}],"collection":[{"href":"https:\/\/pgvape.com\/pt\/wp-json\/wp\/v2\/product"}],"about":[{"href":"https:\/\/pgvape.com\/pt\/wp-json\/wp\/v2\/types\/product"}],"replies":[{"embeddable":true,"href":"https:\/\/pgvape.com\/pt\/wp-json\/wp\/v2\/comments?post=9367"}],"wp:featuredmedia":[{"embeddable":true,"href":"https:\/\/pgvape.com\/pt\/wp-json\/wp\/v2\/media\/9371"}],"wp:attachment":[{"href":"https:\/\/pgvape.com\/pt\/wp-json\/wp\/v2\/media?parent=9367"}],"wp:term":[{"taxonomy":"product_brand","embeddable":true,"href":"https:\/\/pgvape.com\/pt\/wp-json\/wp\/v2\/product_brand?post=9367"},{"taxonomy":"product_cat","embeddable":true,"href":"https:\/\/pgvape.com\/pt\/wp-json\/wp\/v2\/product_cat?post=9367"},{"taxonomy":"product_tag","embeddable":true,"href":"https:\/\/pgvape.com\/pt\/wp-json\/wp\/v2\/product_tag?post=9367"}],"curies":[{"name":"wp","href":"https:\/\/api.w.org\/{rel}","templated":true}]}}