{"id":9340,"date":"2026-03-10T07:52:45","date_gmt":"2026-03-10T07:52:45","guid":{"rendered":"https:\/\/pgvape.com\/?post_type=product&#038;p=9340"},"modified":"2026-03-15T13:57:34","modified_gmt":"2026-03-15T13:57:34","slug":"bang-box-160000-160k-puffs-4-em-1-quad-sabor-vape-descartavel-0-2-3-5-nicotina-10-gosto-display-lcd-vape-fabrica-atacado","status":"publish","type":"product","link":"https:\/\/pgvape.com\/pt\/produto\/bang-box-160000-160k-puffs-4-em-1-quad-sabor-vape-descartavel-0-2-3-5-nicotina-10-gosto-display-lcd-vape-fabrica-atacado\/","title":{"rendered":"Bang Box 160000 160k Puffs 4in1 Quad Sabor Vape Descart\u00e1vel 0% 2% 3% 5%Nicotina 10Taste Display LCD Vape F\u00e1brica Atacado"},"content":{"rendered":"<p><strong class=\"\">Caixa de explos\u00e3o 160K<\/strong> entrega <strong class=\"\">160.000 baforadas<\/strong> atrav\u00e9s de um <strong>4-in-1 multi-flavor system<\/strong>, alimentado por um <strong>650 mAh Tipo C<\/strong> bateria e <strong>Bobina de malha de 1,0 \u03a9<\/strong>.<br \/>\nUm <strong>Visor LCD inteligente<\/strong>, <strong>0 % \/ 2 % \/ 3 % \/ 5 %<\/strong> op\u00e7\u00f5es de nicotina e <strong>10 edi\u00e7\u00f5es com sabores qu\u00e1druplos<\/strong> give you <strong>longevidade extrema, variedade m\u00e1xima, apelo comercial<\/strong>-perfeito para <strong>usu\u00e1rios pesados, lojas de vapor, distribuidores, compradores em massa<\/strong>.<\/p>\n<p>&nbsp;<\/p>\n<h2><strong><span style=\"font-size: 90%;\">Bang Box 160000 160k Puffs 4 em 1 Quad Flavor Vape Descart\u00e1vel Especifica\u00e7\u00f5es:<\/span><\/strong><\/h2>\n<p><strong>Sopros<\/strong>: At\u00e9 <strong>160,000<\/strong><\/p>\n<p><strong>Sistema de sabores<\/strong>: <strong>4 em 1<\/strong> \u2013 quatro sabores integrados, troca instant\u00e2nea<\/p>\n<p><strong>Nicotina<\/strong>: <strong class=\"\">0 %, 2 %, 3 %, 5 %<\/strong> \u2013 m\u00faltiplas op\u00e7\u00f5es de mercado<\/p>\n<p><strong>Bateria<\/strong>: <strong>650mAh<\/strong>, <strong class=\"\">Tipo-C<\/strong> carga r\u00e1pida<\/p>\n<p><strong>Bobina<\/strong>: <strong>Malha de 1,0 \u03a9<\/strong> \u2013 vapor suave e denso<\/p>\n<p><strong>Mostrar<\/strong>: <strong>Tela LCD<\/strong> \u2013 monitoramento de bateria e uso<\/p>\n<p><strong>Alvo<\/strong>: Usu\u00e1rios pesados, varejo, atacado, vendas com margens altas<\/p>\n<p>&nbsp;<\/p>\n<h3><strong><span style=\"font-size: 90%;\">Bang Box 160000 160k Puffs 4 em 1 Quad Flavor Lista de sabores Vape descart\u00e1veis:<\/span><\/strong><\/h3>\n<p><strong>1. Lim\u00e3o, lim\u00e3o e melancia, gelo e gelo preto, fruta do drag\u00e3o, morango e amor 66<\/strong><\/p>\n<p><strong>2. Baunilha, cola, lim\u00e3o, p\u00eassego, morango, framboesa, cereja, gelo e uva<\/strong><\/p>\n<p><strong>3. Gelo de uva e gelo de lichia e frutas de p\u00eassego e kiwi maracuj\u00e1 goiaba<\/strong><\/p>\n<p><strong>4. Gelo de melancia e manga de morango e gelo de mirtilo e cereja efervescente<\/strong><\/p>\n<p><strong>5. Melancia de morango e Red Bull e gelo suculento de p\u00eassego e refrescante de toranja<\/strong><\/p>\n<p><strong>6. Lim\u00e3o, lim\u00e3o e gelo de morango e framboesa, melancia e manga, p\u00eassego<\/strong><\/p>\n<p><strong>7.Sour Manga Abacaxi e Lim\u00e3o Cola Refrigerante e P\u00eassego e Banana Morango<\/strong><\/p>\n<p><strong>8. Morango Manga e Morango Baunilha Cola e Blue Razz Ice e Morango Kiwi<\/strong><\/p>\n<p><strong>9.Cherry Cranberry e Triple Berry e Morango Pitaya e Bubblegum de Melancia<\/strong><\/p>\n<p><strong>10. Melancia com morango e limonada rosa e melada tripla e gelo de drag\u00e3o preto<img loading=\"lazy\" decoding=\"async\" class=\"alignnone wp-image-9355 size-full\" src=\"https:\/\/pgvape.com\/wp-content\/uploads\/2026\/03\/Bang-Box-160000-160k-4-in-1-Quad-Flavor-Disposable-Vape-0-2-3-5-Nicotine-10Taste-LCD-Display-Vape-Factory-Wholesale-13.png\" alt=\"Dez frascos de sabores Bang Box com cores gradientes dispostos em duas fileiras sobre um fundo azul, cada um rotulado com um sabor de fruta.\" width=\"1780\" height=\"1582\" srcset=\"https:\/\/pgvape.com\/wp-content\/uploads\/2026\/03\/Bang-Box-160000-160k-4-in-1-Quad-Flavor-Disposable-Vape-0-2-3-5-Nicotine-10Taste-LCD-Display-Vape-Factory-Wholesale-13.png 1780w, https:\/\/pgvape.com\/wp-content\/uploads\/2026\/03\/Bang-Box-160000-160k-4-in-1-Quad-Flavor-Disposable-Vape-0-2-3-5-Nicotine-10Taste-LCD-Display-Vape-Factory-Wholesale-13-405x360.png 405w, https:\/\/pgvape.com\/wp-content\/uploads\/2026\/03\/Bang-Box-160000-160k-4-in-1-Quad-Flavor-Disposable-Vape-0-2-3-5-Nicotine-10Taste-LCD-Display-Vape-Factory-Wholesale-13-595x529.png 595w, https:\/\/pgvape.com\/wp-content\/uploads\/2026\/03\/Bang-Box-160000-160k-4-in-1-Quad-Flavor-Disposable-Vape-0-2-3-5-Nicotine-10Taste-LCD-Display-Vape-Factory-Wholesale-13-400x356.png 400w, https:\/\/pgvape.com\/wp-content\/uploads\/2026\/03\/Bang-Box-160000-160k-4-in-1-Quad-Flavor-Disposable-Vape-0-2-3-5-Nicotine-10Taste-LCD-Display-Vape-Factory-Wholesale-13-768x683.png 768w, https:\/\/pgvape.com\/wp-content\/uploads\/2026\/03\/Bang-Box-160000-160k-4-in-1-Quad-Flavor-Disposable-Vape-0-2-3-5-Nicotine-10Taste-LCD-Display-Vape-Factory-Wholesale-13-1536x1365.png 1536w, https:\/\/pgvape.com\/wp-content\/uploads\/2026\/03\/Bang-Box-160000-160k-4-in-1-Quad-Flavor-Disposable-Vape-0-2-3-5-Nicotine-10Taste-LCD-Display-Vape-Factory-Wholesale-13-14x12.png 14w, https:\/\/pgvape.com\/wp-content\/uploads\/2026\/03\/Bang-Box-160000-160k-4-in-1-Quad-Flavor-Disposable-Vape-0-2-3-5-Nicotine-10Taste-LCD-Display-Vape-Factory-Wholesale-13-600x533.png 600w\" sizes=\"auto, (max-width: 1780px) 100vw, 1780px\" \/><\/strong><\/p>\n<p>&nbsp;<\/p>\n<h2>Perguntas frequentes sobre Bang Box 160000 160k Puffs 4 em 1 Quad Flavor Vape descart\u00e1vel<\/h2>\n<p>\u2753 <strong class=\"\">Quanto tempo dura?<\/strong><br \/>\n\u2705 At\u00e9 <strong class=\"\">160.000 baforadas<\/strong> \u2013 varia de acordo com os h\u00e1bitos e a intensidade da nicotina.<\/p>\n<p>\u2753 <strong>\u00c9 recarreg\u00e1vel?<\/strong><br \/>\n\u2705 <strong class=\"\">Sim<\/strong> \u2013 <strong>650mAh<\/strong> bateria com <strong>Tipo-C<\/strong> suporte de carregamento.<\/p>\n<p>\u2753 <strong class=\"\">Os usu\u00e1rios podem trocar de sabores?<\/strong><br \/>\n\u2705 <strong class=\"\">Sim<\/strong> \u2013 <strong>quatro sabores integrados<\/strong> em uma unidade, variedade instant\u00e2nea.<\/p>\n<p>\u2753 <strong>Quais s\u00e3o os pontos fortes da nicotina?<\/strong><br \/>\n\u2705 <strong>0 %, 2 %, 3 %, 5 %<\/strong> \u2013 gama completa para todas as prefer\u00eancias.<\/p>\n<p>\u2753 <strong>Adequado para atacado?<\/strong><br \/>\n\u2705 <strong>Absolutamente<\/strong> \u2013 projetado para <strong>compradores a granel, distribuidores, varejistas<\/strong> buscando <strong class=\"\">alta capacidade, alta demanda<\/strong> dispositivos.<\/p>\n<p>&nbsp;<\/p>\n<h3 id=\"brxe-najhln\" class=\"brxe-heading\">Perguntas frequentes (FAQ)<\/h3>\n<div id=\"brxe-rajiac\" class=\"brxe-text\">\n<p><strong>P: Quais m\u00e9todos de pagamento voc\u00ea aceita?<\/strong><br \/>\nR: Aceitamos PayPal, Stripe, transfer\u00eancias banc\u00e1rias (com suporte SEPA), os principais cart\u00f5es de cr\u00e9dito (Visa, MasterCard, American Express) e pagamentos em criptomoedas.<\/p>\n<p><strong>P: Quanto tempo leva a prepara\u00e7\u00e3o do pedido?<\/strong><br \/>\nR: A prepara\u00e7\u00e3o do pedido leva de 1 a 3 dias \u00fateis.<\/p>\n<p><strong>P: Qual \u00e9 o tempo de envio?<\/strong><br \/>\nR: O tempo de envio \u00e9 de 7 a 14 dias \u00fateis, dependendo da sua localiza\u00e7\u00e3o. As mercadorias enviadas de armaz\u00e9ns europeus normalmente levam de 3 a 6 dias \u00fateis para serem entregues.<\/p>\n<p><strong>P: Como posso rastrear meu pedido?<\/strong><br \/>\nR: Ap\u00f3s o envio, voc\u00ea receber\u00e1 um e-mail de confirma\u00e7\u00e3o com um n\u00famero de rastreamento para rastreamento em tempo real.<\/p>\n<p><strong>P: Qual \u00e9 a sua pol\u00edtica de devolu\u00e7\u00e3o?<\/strong><br \/>\nR: Oferecemos uma pol\u00edtica de devolu\u00e7\u00e3o de 30 dias para reembolsos ou trocas. .<\/p>\n<p><strong>P: Haver\u00e1 algum problema alfandeg\u00e1rio?<br \/>\n<\/strong>Lidamos com todos os procedimentos de desembara\u00e7o aduaneiro para garantir uma experi\u00eancia descomplicada para voc\u00ea. .<\/p>\n<p><strong>P: Quais m\u00e9todos de envio s\u00e3o usados?<\/strong><br \/>\nCooperamos com UPS\/DHL\/FEDEX\/DPD, etc. Escolheremos a op\u00e7\u00e3o de envio apropriada dependendo do pa\u00eds de entrega para garantir que voc\u00ea receba seus produtos o mais r\u00e1pido poss\u00edvel.<\/p>\n<p><a href=\"https:\/\/pgvape.com\/pt\/perguntas-frequentes\/\">Clique aqui para mais perguntas frequentes<\/a><\/p>\n<p>Prezados clientes, Se voc\u00ea tiver alguma d\u00favida sobre seu pedido ou a chegada de mercadorias, entre em contato com nosso atendimento ao cliente. Obrigado!<\/p>\n<h3 data-sourcepos=\"73:1-73:21\"><strong data-sourcepos=\"73:7-73:21\">Contate-nos<\/strong><\/h3>\n<div id=\"text-2419739398\" class=\"text\">\n<p><strong data-sourcepos=\"75:3-75:12\">E-mail<\/strong>:\u00a0<a href=\"mailto:support@pgvape.com\"><strong>support@pgvape.com<\/strong><\/a><\/p>\n<p><strong data-sourcepos=\"76:3-76:15\">WhatsApp<\/strong>:\u00a0<a href=\"https:\/\/wa.me\/+8618128481258\"><strong>+86 18128481258<\/strong><\/a><br \/>\n<strong>(Resposta em at\u00e9 24 horas em dias \u00fateis)<\/strong><\/p>\n<\/div>\n<h3><strong>Obrigado por escolher pgvape.com! .<\/strong><\/h3>\n<\/div>","protected":false},"excerpt":{"rendered":"<p><strong>Caixa de explos\u00e3o 160K<\/strong> <strong>baforadas<\/strong>, <strong>Sabor qu\u00e1druplo 4 em 1<\/strong>, <strong>Visor LCD<\/strong>, <strong>Malha de 1,0 \u03a9<\/strong>, <strong>Tipo-C<\/strong>, <strong>0-5%<\/strong>.<br \/>\n<strong class=\"\">Quatro sabores, uma pot\u00eancia, dom\u00ednio no atacado.<\/strong><\/p>","protected":false},"featured_media":9343,"comment_status":"open","ping_status":"closed","template":"","meta":{"_seopress_robots_primary_cat":"","_seopress_titles_title":"","_seopress_titles_desc":"","_seopress_robots_index":""},"product_brand":[577,516],"product_cat":[595,576,515],"product_tag":[597,598,596,90,599],"class_list":{"0":"post-9340","1":"product","2":"type-product","3":"status-publish","4":"has-post-thumbnail","6":"product_brand-bang-box-vape","7":"product_brand-disposable-vape","8":"product_cat-160k-puffs-vape","9":"product_cat-bang-box-vape","10":"product_cat-disposable-vape","11":"product_tag-160k-puffs-vape","12":"product_tag-4in1","13":"product_tag-bang-box-160000","14":"product_tag-disposable-vape","15":"product_tag-quad-flavor","17":"first","18":"instock","19":"sale","20":"shipping-taxable","21":"purchasable","22":"product-type-variable"},"_links":{"self":[{"href":"https:\/\/pgvape.com\/pt\/wp-json\/wp\/v2\/product\/9340","targetHints":{"allow":["GET"]}}],"collection":[{"href":"https:\/\/pgvape.com\/pt\/wp-json\/wp\/v2\/product"}],"about":[{"href":"https:\/\/pgvape.com\/pt\/wp-json\/wp\/v2\/types\/product"}],"replies":[{"embeddable":true,"href":"https:\/\/pgvape.com\/pt\/wp-json\/wp\/v2\/comments?post=9340"}],"wp:featuredmedia":[{"embeddable":true,"href":"https:\/\/pgvape.com\/pt\/wp-json\/wp\/v2\/media\/9343"}],"wp:attachment":[{"href":"https:\/\/pgvape.com\/pt\/wp-json\/wp\/v2\/media?parent=9340"}],"wp:term":[{"taxonomy":"product_brand","embeddable":true,"href":"https:\/\/pgvape.com\/pt\/wp-json\/wp\/v2\/product_brand?post=9340"},{"taxonomy":"product_cat","embeddable":true,"href":"https:\/\/pgvape.com\/pt\/wp-json\/wp\/v2\/product_cat?post=9340"},{"taxonomy":"product_tag","embeddable":true,"href":"https:\/\/pgvape.com\/pt\/wp-json\/wp\/v2\/product_tag?post=9340"}],"curies":[{"name":"wp","href":"https:\/\/api.w.org\/{rel}","templated":true}]}}