{"id":9309,"date":"2026-03-10T07:34:47","date_gmt":"2026-03-10T07:34:47","guid":{"rendered":"https:\/\/pgvape.com\/?post_type=product&#038;p=9309"},"modified":"2026-03-15T13:57:34","modified_gmt":"2026-03-15T13:57:34","slug":"bang-box-80000-80k-puffs-3-em-1-sistema-de-sabor-descartavel-vape-0-2-3-5-nicotina-12-gosto-tela-inteligente-vape-fabrica-atacado","status":"publish","type":"product","link":"https:\/\/pgvape.com\/pt\/produto\/bang-box-80000-80k-puffs-3-em-1-sistema-de-sabor-descartavel-vape-0-2-3-5-nicotina-12-gosto-tela-inteligente-vape-fabrica-atacado\/","title":{"rendered":"Bang Box 80000 80k Puffs 3 em 1 Sistema de Sabor Vape Descart\u00e1vel 0% 2% 3% 5%Nicotina 12Taste Tela Inteligente Vape F\u00e1brica Atacado"},"content":{"rendered":"<p><strong>Caixa de estrondo 80K<\/strong> entrega <strong>80.000 baforadas<\/strong> atrav\u00e9s de um <strong>inovador sistema de c\u00e2mara de sabor 3 em 1<\/strong>, deixando voc\u00ea <strong class=\"\">alternar entre tr\u00eas sabores distintos<\/strong> em um <strong>estilo caixa compacta<\/strong> dispositivo.<br \/>\nUM <strong>bateria recarreg\u00e1vel tipo C<\/strong>, <strong class=\"\">tecnologia avan\u00e7ada de bobina<\/strong> e <strong class=\"\">ativado por sorteio<\/strong> projeto garantir <strong class=\"\">consist\u00eancia premium de longa dura\u00e7\u00e3o<\/strong>\u2014sem v\u00e1rios dispositivos, apenas <strong>pura variedade e resist\u00eancia<\/strong>.<\/p>\n<p>&nbsp;<\/p>\n<h2><span style=\"font-size: 90%;\">Bang Box 80000 80k Puffs 3in1 Flavor System Vape Descart\u00e1vel Especifica\u00e7\u00f5es:<\/span><\/h2>\n<p><strong>Sopros<\/strong>: At\u00e9 <strong class=\"\">80,000<\/strong> (varia de acordo com h\u00e1bitos e dura\u00e7\u00e3o)<\/p>\n<p><strong>Sistema de sabores<\/strong>: <strong>C\u00e2mara de sabores 3 em 1<\/strong> \u2013 tr\u00eas sabores, um dispositivo<\/p>\n<p><strong>Bateria<\/strong>: <strong>Recarreg\u00e1vel<\/strong>, <strong>Tipo-C<\/strong> carregamento \u2013 suporte total ao uso<\/p>\n<p><strong>Bobina<\/strong>: <strong class=\"\">Tecnologia avan\u00e7ada<\/strong> \u2013 entrega de sabor aprimorada<\/p>\n<p><strong>Vapor<\/strong>: Sa\u00edda suave, consistente e rica<\/p>\n<p><strong>Ativa\u00e7\u00e3o<\/strong>: <strong>Ativado por sorteio<\/strong> \u2013 sem bot\u00f5es, sem configura\u00e7\u00f5es<\/p>\n<p><strong>Projeto<\/strong>: <strong>Formato de caixa compacta<\/strong> \u2013 pega port\u00e1til e confort\u00e1vel<\/p>\n<p><strong>Recarreg\u00e1vel<\/strong>: <strong class=\"\">N\u00e3o<\/strong> \u2013 descart\u00e1vel quando esgotado<\/p>\n<p><strong>Tipo<\/strong>: <strong class=\"\">Vaporizador descart\u00e1vel<\/strong><\/p>\n<p>&nbsp;<\/p>\n<h3><strong><span style=\"font-size: 90%;\">Bang Box 80000 80k Puffs 3in1 Flavor System Lista de sabores Vape descart\u00e1veis:<\/span><\/strong><\/h3>\n<p><strong>1.Morango, Banana\u00a0e\u00a0Melancia com Framboesa\u00a0e Amor 666<\/strong><\/p>\n<p><strong>2. Frutas Tropicais\u00a0e\u00a0Melancia Morango\u00a0e\u00a0P\u00eassego Lim\u00e3o<\/strong><\/p>\n<p><strong>3. Morango, Baunilha, Cola\u00a0e\u00a0Ma\u00e7\u00e3 Azeda, Framboesa\u00a0e\u00a0Lim\u00e3o Lim\u00e3o<\/strong><\/p>\n<p><strong>4. Uva Dupla\u00a0e\u00a0Manga Morango\u00a0e\u00a0Gelo de Framboesa Azeda de Mirtilo<\/strong><\/p>\n<p><strong>5. Sorvete de melancia\u00a0e\u00a0sorvete de morango\u00a0e\u00a0mel\u00e3o triplo<\/strong><\/p>\n<p><strong>6.Lemon Cola Soda\u00a0e\u00a0goma de melancia\u00a0e\u00a0Black Dragon Ice<\/strong><\/p>\n<p><strong>7. Gelo Triple Berry\u00a0e\u00a0Manga P\u00eassego\u00a0e\u00a0Morango Kiwi<\/strong><\/p>\n<p><strong>8. Gelo de Morango\u00a0e\u00a0Melancia Morango\u00a0e\u00a0Abacaxi Manga P\u00eassego<\/strong><\/p>\n<p><strong>9. Abacaxi, Coco\u00a0e\u00a0Gelo de Morango\u00a0e\u00a0Gelo Razz Azul<\/strong><\/p>\n<p><strong>10. Lim\u00e3o, lim\u00e3o e melancia, manga e p\u00eassego e gelo de mirtilo<\/strong><\/p>\n<p><strong>11.Gelo de melancia\u00a0e\u00a0Red Bull\u00a0e\u00a0kiwi de morango<\/strong><\/p>\n<p><strong>12.Morango Kiwi\u00a0e\u00a0Sour Mango Abacaxi\u00a0e\u00a0Morango Red Bull<img loading=\"lazy\" decoding=\"async\" class=\"alignnone wp-image-9314 size-full\" src=\"https:\/\/pgvape.com\/wp-content\/uploads\/2026\/03\/Bang-Box-80k-3-in-1-Flavor-System-Disposable-Vape-0-2-3-5-Nicotine-12Taste-Vape-Factory-Wholesale-3.png\" alt=\"Linha de vapes descart\u00e1veis \u200b\u200bBang Box em cores gradientes com r\u00f3tulos de sabores; o lado direito mostra 80K puffs, 60 mL, 850 mAh, 3 em 1.\" width=\"2000\" height=\"1125\" srcset=\"https:\/\/pgvape.com\/wp-content\/uploads\/2026\/03\/Bang-Box-80k-3-in-1-Flavor-System-Disposable-Vape-0-2-3-5-Nicotine-12Taste-Vape-Factory-Wholesale-3.png 2000w, https:\/\/pgvape.com\/wp-content\/uploads\/2026\/03\/Bang-Box-80k-3-in-1-Flavor-System-Disposable-Vape-0-2-3-5-Nicotine-12Taste-Vape-Factory-Wholesale-3-555x312.png 555w, https:\/\/pgvape.com\/wp-content\/uploads\/2026\/03\/Bang-Box-80k-3-in-1-Flavor-System-Disposable-Vape-0-2-3-5-Nicotine-12Taste-Vape-Factory-Wholesale-3-595x335.png 595w, https:\/\/pgvape.com\/wp-content\/uploads\/2026\/03\/Bang-Box-80k-3-in-1-Flavor-System-Disposable-Vape-0-2-3-5-Nicotine-12Taste-Vape-Factory-Wholesale-3-400x225.png 400w, https:\/\/pgvape.com\/wp-content\/uploads\/2026\/03\/Bang-Box-80k-3-in-1-Flavor-System-Disposable-Vape-0-2-3-5-Nicotine-12Taste-Vape-Factory-Wholesale-3-768x432.png 768w, https:\/\/pgvape.com\/wp-content\/uploads\/2026\/03\/Bang-Box-80k-3-in-1-Flavor-System-Disposable-Vape-0-2-3-5-Nicotine-12Taste-Vape-Factory-Wholesale-3-1536x864.png 1536w, https:\/\/pgvape.com\/wp-content\/uploads\/2026\/03\/Bang-Box-80k-3-in-1-Flavor-System-Disposable-Vape-0-2-3-5-Nicotine-12Taste-Vape-Factory-Wholesale-3-18x10.png 18w, https:\/\/pgvape.com\/wp-content\/uploads\/2026\/03\/Bang-Box-80k-3-in-1-Flavor-System-Disposable-Vape-0-2-3-5-Nicotine-12Taste-Vape-Factory-Wholesale-3-600x338.png 600w\" sizes=\"auto, (max-width: 2000px) 100vw, 2000px\" \/><\/strong><\/p>\n<p>&nbsp;<\/p>\n<h2>Perguntas frequentes sobre Bang Box 80000 80k Puffs 3in1 Flavor System Vape descart\u00e1vel<\/h2>\n<p>\u2753 <strong class=\"\">Quantas baforadas?<\/strong><br \/>\n\u2705 At\u00e9 <strong>80,000<\/strong> \u2013 depende dos h\u00e1bitos de vaporiza\u00e7\u00e3o e da dura\u00e7\u00e3o da inala\u00e7\u00e3o.<\/p>\n<p>\u2753 <strong class=\"\">\u00c9 recarreg\u00e1vel?<\/strong><br \/>\n\u2705 <strong class=\"\">Sim<\/strong> \u2013 <strong class=\"\">Tipo-C<\/strong> porta de carregamento suporta vida \u00fatil completa do dispositivo.<\/p>\n<p>\u2753 <strong class=\"\">Como funciona o sabor 3 em 1?<\/strong><br \/>\n\u2705 <strong>Tr\u00eas c\u00e2maras separadas de e-l\u00edquido<\/strong> \u2013 alterne facilmente entre sabores.<\/p>\n<p>\u2753 <strong class=\"\">Recarreg\u00e1vel?<\/strong><br \/>\n\u2705 <strong class=\"\">N\u00e3o<\/strong> \u2013 <strong>descart\u00e1vel<\/strong> quando o e-l\u00edquido terminar.<\/p>\n<p>\u2753 <strong class=\"\">Adequado para iniciantes?<\/strong><br \/>\n\u2705 <strong>Sim<\/strong> \u2013 <strong class=\"\">ativado por sorteio<\/strong> opera\u00e7\u00e3o, simples para todos os n\u00edveis de experi\u00eancia.<\/p>\n<p>&nbsp;<\/p>\n<h3 id=\"brxe-najhln\" class=\"brxe-heading\">Perguntas frequentes (FAQ)<\/h3>\n<div id=\"brxe-rajiac\" class=\"brxe-text\">\n<p><strong>P: Quais m\u00e9todos de pagamento voc\u00ea aceita?<\/strong><br \/>\nR: Aceitamos PayPal, Stripe, transfer\u00eancias banc\u00e1rias (com suporte SEPA), os principais cart\u00f5es de cr\u00e9dito (Visa, MasterCard, American Express) e pagamentos em criptomoedas.<\/p>\n<p><strong>P: Quanto tempo leva a prepara\u00e7\u00e3o do pedido?<\/strong><br \/>\nR: A prepara\u00e7\u00e3o do pedido leva de 1 a 3 dias \u00fateis.<\/p>\n<p><strong>P: Qual \u00e9 o tempo de envio?<\/strong><br \/>\nR: O tempo de envio \u00e9 de 7 a 14 dias \u00fateis, dependendo da sua localiza\u00e7\u00e3o. As mercadorias enviadas de armaz\u00e9ns europeus normalmente levam de 3 a 6 dias \u00fateis para serem entregues.<\/p>\n<p><strong>P: Como posso rastrear meu pedido?<\/strong><br \/>\nR: Ap\u00f3s o envio, voc\u00ea receber\u00e1 um e-mail de confirma\u00e7\u00e3o com um n\u00famero de rastreamento para rastreamento em tempo real.<\/p>\n<p><strong>P: Qual \u00e9 a sua pol\u00edtica de devolu\u00e7\u00e3o?<\/strong><br \/>\nR: Oferecemos uma pol\u00edtica de devolu\u00e7\u00e3o de 30 dias para reembolsos ou trocas. .<\/p>\n<p><strong>P: Haver\u00e1 algum problema alfandeg\u00e1rio?<br \/>\n<\/strong>Lidamos com todos os procedimentos de desembara\u00e7o aduaneiro para garantir uma experi\u00eancia descomplicada para voc\u00ea. .<\/p>\n<p><strong>P: Quais m\u00e9todos de envio s\u00e3o usados?<\/strong><br \/>\nCooperamos com UPS\/DHL\/FEDEX\/DPD, etc. Escolheremos a op\u00e7\u00e3o de envio apropriada dependendo do pa\u00eds de entrega para garantir que voc\u00ea receba seus produtos o mais r\u00e1pido poss\u00edvel.<\/p>\n<p><a href=\"https:\/\/pgvape.com\/pt\/perguntas-frequentes\/\">Clique aqui para mais perguntas frequentes<\/a><\/p>\n<p>Prezados clientes, Se voc\u00ea tiver alguma d\u00favida sobre seu pedido ou a chegada de mercadorias, entre em contato com nosso atendimento ao cliente. Obrigado!<\/p>\n<h3 data-sourcepos=\"73:1-73:21\"><strong data-sourcepos=\"73:7-73:21\">Contate-nos<\/strong><\/h3>\n<div id=\"text-2419739398\" class=\"text\">\n<p><strong data-sourcepos=\"75:3-75:12\">E-mail<\/strong>:\u00a0<a href=\"mailto:support@pgvape.com\"><strong>support@pgvape.com<\/strong><\/a><\/p>\n<p><strong data-sourcepos=\"76:3-76:15\">WhatsApp<\/strong>:\u00a0<a href=\"https:\/\/wa.me\/+8618128481258\"><strong>+86 18128481258<\/strong><\/a><br \/>\n<strong>(Resposta em at\u00e9 24 horas em dias \u00fateis)<\/strong><\/p>\n<\/div>\n<h3><strong>Obrigado por escolher pgvape.com! .<\/strong><\/h3>\n<\/div>","protected":false},"excerpt":{"rendered":"<p><strong>Caixa de estrondo 80K<\/strong> <strong>\u00a0baforadas<\/strong>, <strong>Sistema de sabores 3 em 1<\/strong>, <strong>Tipo C recarreg\u00e1vel<\/strong>, <strong>ativado por sorteio<\/strong>.<strong class=\"\">Tr\u00eas sabores, uma caixa, oitenta mil nuvens.<\/strong><\/p>","protected":false},"featured_media":9312,"comment_status":"open","ping_status":"closed","template":"","meta":{"_seopress_robots_primary_cat":"","_seopress_titles_title":"","_seopress_titles_desc":"","_seopress_robots_index":""},"product_brand":[577,516],"product_cat":[41,576,515],"product_tag":[594,465,593,90],"class_list":{"0":"post-9309","1":"product","2":"type-product","3":"status-publish","4":"has-post-thumbnail","6":"product_brand-bang-box-vape","7":"product_brand-disposable-vape","8":"product_cat-80k-puffs-vape","9":"product_cat-bang-box-vape","10":"product_cat-disposable-vape","11":"product_tag-3in1-flavor-system","12":"product_tag-80k-puffs-vape","13":"product_tag-bang-box-80000","14":"product_tag-disposable-vape","16":"first","17":"instock","18":"sale","19":"shipping-taxable","20":"purchasable","21":"product-type-variable"},"_links":{"self":[{"href":"https:\/\/pgvape.com\/pt\/wp-json\/wp\/v2\/product\/9309","targetHints":{"allow":["GET"]}}],"collection":[{"href":"https:\/\/pgvape.com\/pt\/wp-json\/wp\/v2\/product"}],"about":[{"href":"https:\/\/pgvape.com\/pt\/wp-json\/wp\/v2\/types\/product"}],"replies":[{"embeddable":true,"href":"https:\/\/pgvape.com\/pt\/wp-json\/wp\/v2\/comments?post=9309"}],"wp:featuredmedia":[{"embeddable":true,"href":"https:\/\/pgvape.com\/pt\/wp-json\/wp\/v2\/media\/9312"}],"wp:attachment":[{"href":"https:\/\/pgvape.com\/pt\/wp-json\/wp\/v2\/media?parent=9309"}],"wp:term":[{"taxonomy":"product_brand","embeddable":true,"href":"https:\/\/pgvape.com\/pt\/wp-json\/wp\/v2\/product_brand?post=9309"},{"taxonomy":"product_cat","embeddable":true,"href":"https:\/\/pgvape.com\/pt\/wp-json\/wp\/v2\/product_cat?post=9309"},{"taxonomy":"product_tag","embeddable":true,"href":"https:\/\/pgvape.com\/pt\/wp-json\/wp\/v2\/product_tag?post=9309"}],"curies":[{"name":"wp","href":"https:\/\/api.w.org\/{rel}","templated":true}]}}