{"id":9277,"date":"2026-03-10T07:20:36","date_gmt":"2026-03-10T07:20:36","guid":{"rendered":"https:\/\/pgvape.com\/?post_type=product&#038;p=9277"},"modified":"2026-03-15T13:57:34","modified_gmt":"2026-03-15T13:57:34","slug":"bang-box-50000-50k-puffs-2-em-1-vape-descartavel-de-sabor-duplo-0-2-3-5-nicotina-12-gosto-tela-digital-vape-fabrica-atacado","status":"publish","type":"product","link":"https:\/\/pgvape.com\/pt\/produto\/bang-box-50000-50k-puffs-2-em-1-vape-descartavel-de-sabor-duplo-0-2-3-5-nicotina-12-gosto-tela-digital-vape-fabrica-atacado\/","title":{"rendered":"Bang Box 50000 50k Puffs 2 em 1 Vape Descart\u00e1vel de Sabor Duplo 0% 2% 3% 5%Nicotina 12Taste Tela Digital Vape F\u00e1brica Atacado"},"content":{"rendered":"<p><strong class=\"\">Caixa de estrondo 50K<\/strong> entrega <strong class=\"\">50.000 baforadas<\/strong> atrav\u00e9s de um <strong>inovador sistema de c\u00e1psulas de sabor duplo 2 em 1<\/strong>, habita\u00e7\u00e3o <strong>dois perfis distintos de e-l\u00edquido<\/strong> em um <strong>elegante estilo caixa<\/strong> dispositivo.<br \/>\nUM <strong>reservat\u00f3rio de alta capacidade<\/strong>, <strong>bateria recarreg\u00e1vel<\/strong> e <strong>ativado por sorteio<\/strong> projeto garantir <strong>vaping duradouro e com variedade de sabores<\/strong>\u2014n\u00e3o s\u00e3o necess\u00e1rios v\u00e1rios dispositivos, apenas <strong>troque e saboreie<\/strong>.<\/p>\n<p>&nbsp;<\/p>\n<h2><span style=\"font-size: 90%;\">Especifica\u00e7\u00f5es do Vape descart\u00e1vel de sabor duplo Bang Box 50k 2 em 1:<\/span><\/h2>\n<p><strong>Sopros<\/strong>: At\u00e9 <strong>50,000<\/strong><\/p>\n<p><strong>Sistema de sabores<\/strong>: <strong>C\u00e2mara de sabor duplo 2 em 1<\/strong> \u2013 dois perfis, um dispositivo<\/p>\n<p><strong>E-l\u00edquido<\/strong>: <strong>Reservat\u00f3rio de alta capacidade<\/strong> \u2013 sess\u00f5es prolongadas, sem interrup\u00e7\u00e3o<\/p>\n<p><strong>Bateria<\/strong>: <strong class=\"\">Recarreg\u00e1vel<\/strong> \u2013 utiliza\u00e7\u00e3o total do e-l\u00edquido, energia confi\u00e1vel<\/p>\n<p><strong>Vapor<\/strong>: Suave, consistente e est\u00e1vel do primeiro ao \u00faltimo sorteio<\/p>\n<p><strong>Projeto<\/strong>: <strong>Estilo caixa compacta<\/strong> \u2013 est\u00e9tica moderna, portabilidade ergon\u00f4mica<\/p>\n<p><strong>Ativa\u00e7\u00e3o<\/strong>: <strong>Ativado por sorteio<\/strong> \u2013 opera\u00e7\u00e3o intuitiva e sem bot\u00f5es<\/p>\n<p><strong>Estabilidade de sabor<\/strong>: Otimizado \u2013 mant\u00e9m a integridade do sabor ao longo da vida<\/p>\n<p><strong>Recarreg\u00e1vel<\/strong>: <strong>N\u00e3o<\/strong> \u2013 descart\u00e1vel quando esgotado<\/p>\n<p>&nbsp;<\/p>\n<h3><span style=\"font-size: 90%;\">Bang Box 50k 2 em 1 Lista de sabores Vape descart\u00e1veis \u200b\u200bde sabor duplo:<\/span><\/h3>\n<p><strong>1.Morango Kiwi e Uva Dupla<\/strong><\/p>\n<p><strong>2. Abacaxi, manga, p\u00eassego e morango, cereja<\/strong><\/p>\n<p><strong>3. Suco de p\u00eassego e limonada Blue Razz<\/strong><\/p>\n<p><strong class=\"\">4. Gelo de mirtilo e refrigerante de cola com lim\u00e3o<\/strong><\/p>\n<p><strong>5. Gelo de framboesa azeda de mirtilo e frutas mistas<\/strong><\/p>\n<p><strong>6. Gelo Razz Azul e Lim\u00e3o Lim\u00e3o<\/strong><\/p>\n<p><strong>7. Chiclete de melancia e melancia de morango<\/strong><\/p>\n<p><strong>8.Red Bull e gelo de melancia<\/strong><\/p>\n<p><strong>9. Ma\u00e7\u00e3 P\u00eara e Kiwi Maracuj\u00e1 Goiaba<\/strong><\/p>\n<p><strong class=\"\">10. Black Dragon Ice e Manga P\u00eassego Melancia<\/strong><\/p>\n<p><strong>11. Doces e Amor de Framboesa e Morango 66<\/strong><\/p>\n<p><strong>12.Gelado de morango e maracuj\u00e1<img loading=\"lazy\" decoding=\"async\" class=\"alignnone wp-image-9295 size-full\" src=\"https:\/\/pgvape.com\/wp-content\/uploads\/2026\/03\/Bang-Box-500000-50k-2-in-1-Dual-Flavor-Disposable-Vape-0-2-3-5-Nicotine-12Taste-Digital-Screen-Vape-Factory-Wholesale-pgvape-5.png\" alt=\"Doze dispositivos vaporizadores Bang Box em cores gradientes brilhantes, cada um mostrando uma arte de zumbi de desenho animado e um r\u00f3tulo de sabor contra um fundo escuro e estrelado.\" width=\"2000\" height=\"1221\" srcset=\"https:\/\/pgvape.com\/wp-content\/uploads\/2026\/03\/Bang-Box-500000-50k-2-in-1-Dual-Flavor-Disposable-Vape-0-2-3-5-Nicotine-12Taste-Digital-Screen-Vape-Factory-Wholesale-pgvape-5.png 2000w, https:\/\/pgvape.com\/wp-content\/uploads\/2026\/03\/Bang-Box-500000-50k-2-in-1-Dual-Flavor-Disposable-Vape-0-2-3-5-Nicotine-12Taste-Digital-Screen-Vape-Factory-Wholesale-pgvape-5-555x339.png 555w, https:\/\/pgvape.com\/wp-content\/uploads\/2026\/03\/Bang-Box-500000-50k-2-in-1-Dual-Flavor-Disposable-Vape-0-2-3-5-Nicotine-12Taste-Digital-Screen-Vape-Factory-Wholesale-pgvape-5-595x363.png 595w, https:\/\/pgvape.com\/wp-content\/uploads\/2026\/03\/Bang-Box-500000-50k-2-in-1-Dual-Flavor-Disposable-Vape-0-2-3-5-Nicotine-12Taste-Digital-Screen-Vape-Factory-Wholesale-pgvape-5-400x244.png 400w, https:\/\/pgvape.com\/wp-content\/uploads\/2026\/03\/Bang-Box-500000-50k-2-in-1-Dual-Flavor-Disposable-Vape-0-2-3-5-Nicotine-12Taste-Digital-Screen-Vape-Factory-Wholesale-pgvape-5-768x469.png 768w, https:\/\/pgvape.com\/wp-content\/uploads\/2026\/03\/Bang-Box-500000-50k-2-in-1-Dual-Flavor-Disposable-Vape-0-2-3-5-Nicotine-12Taste-Digital-Screen-Vape-Factory-Wholesale-pgvape-5-1536x938.png 1536w, https:\/\/pgvape.com\/wp-content\/uploads\/2026\/03\/Bang-Box-500000-50k-2-in-1-Dual-Flavor-Disposable-Vape-0-2-3-5-Nicotine-12Taste-Digital-Screen-Vape-Factory-Wholesale-pgvape-5-18x12.png 18w, https:\/\/pgvape.com\/wp-content\/uploads\/2026\/03\/Bang-Box-500000-50k-2-in-1-Dual-Flavor-Disposable-Vape-0-2-3-5-Nicotine-12Taste-Digital-Screen-Vape-Factory-Wholesale-pgvape-5-600x366.png 600w\" sizes=\"auto, (max-width: 2000px) 100vw, 2000px\" \/><\/strong><\/p>\n<p>&nbsp;<\/p>\n<h2>Perguntas frequentes sobre Bang Box 50k 2 em 1 Vape descart\u00e1vel de sabor duplo<\/h2>\n<p>\u2753 <strong class=\"\">Quantas baforadas?<\/strong><br \/>\n\u2705 At\u00e9 <strong>50,000<\/strong> \u2013 depende de h\u00e1bitos e frequ\u00eancia individuais.<\/p>\n<p>\u2753 <strong class=\"\">O que \u00e9 a c\u00e2mara 2 em 1?<\/strong><br \/>\n\u2705 <strong class=\"\">Duas c\u00e2maras de sabor separadas<\/strong> em uma unidade \u2013 aproveite <strong class=\"\">sabores duplos<\/strong> sem troca de dispositivo.<\/p>\n<p>\u2753 <strong class=\"\">Posso mudar de sabor facilmente?<\/strong><br \/>\n\u2705 <strong class=\"\">Sim<\/strong> \u2013 <strong class=\"\">troca r\u00e1pida<\/strong> design para variedade instant\u00e2nea durante as sess\u00f5es.<\/p>\n<p>\u2753 <strong class=\"\">\u00c9 recarreg\u00e1vel?<\/strong><br \/>\n\u2705 <strong class=\"\">Sim<\/strong> \u2013 bateria recarreg\u00e1vel garante <strong>desempenho est\u00e1vel<\/strong> em toda a capacidade total do e-l\u00edquido.<\/p>\n<p>\u2753 <strong class=\"\">Precisa de algum bot\u00e3o?<\/strong><br \/>\n\u2705 <strong class=\"\">N\u00e3o<\/strong> \u2013 <strong>ativado por sorteio<\/strong>, dispara automaticamente ao inspirar.<\/p>\n<p>\u2753 <strong class=\"\">O sabor permanecer\u00e1 consistente?<\/strong><br \/>\n\u2705 <strong>Sim<\/strong> \u2013 o design interno otimizado mant\u00e9m <strong>vapor est\u00e1vel<\/strong> e <strong class=\"\">sabor consistente<\/strong> toda a vida.<\/p>\n<p>\u2753 <strong class=\"\">Recarreg\u00e1vel?<\/strong><br \/>\n\u2705 <strong class=\"\">N\u00e3o<\/strong> \u2013 <strong class=\"\">descart\u00e1vel<\/strong> quando o e-l\u00edquido estiver esgotado.<\/p>\n<p>\u2753 <strong class=\"\">Para quem \u00e9 isso?<\/strong><br \/>\n\u2705 <strong class=\"\">Usu\u00e1rios adultos<\/strong> buscando <strong>duradouro<\/strong>, <strong class=\"\">conveni\u00eancia de dois sabores<\/strong> em um dispositivo.<\/p>\n<p>\u2753 <strong class=\"\">Conte\u00fado de nicotina?<\/strong><br \/>\n\u2705 <strong class=\"\">Varia de acordo com a vers\u00e3o\/mercado<\/strong> \u2013 verifique na embalagem ou na lista do produto.<\/p>\n<p>\u2753 <strong class=\"\">O que o torna diferente dos descart\u00e1veis \u200b\u200bpadr\u00e3o?<\/strong><br \/>\n\u2705 <strong>50.000 baforadas<\/strong> + <strong>Sabor duplo 2 em 1<\/strong> = <strong>uso mais longo<\/strong>, <strong>maior flexibilidade<\/strong> versus op\u00e7\u00f5es padr\u00e3o.<\/p>\n<p>&nbsp;<\/p>\n<h3 id=\"brxe-najhln\" class=\"brxe-heading\">Perguntas frequentes (FAQ)<\/h3>\n<div id=\"brxe-rajiac\" class=\"brxe-text\">\n<p><strong>P: Quais m\u00e9todos de pagamento voc\u00ea aceita?<\/strong><br \/>\nR: Aceitamos PayPal, Stripe, transfer\u00eancias banc\u00e1rias (com suporte SEPA), os principais cart\u00f5es de cr\u00e9dito (Visa, MasterCard, American Express) e pagamentos em criptomoedas.<\/p>\n<p><strong>P: Quanto tempo leva a prepara\u00e7\u00e3o do pedido?<\/strong><br \/>\nR: A prepara\u00e7\u00e3o do pedido leva de 1 a 3 dias \u00fateis.<\/p>\n<p><strong>P: Qual \u00e9 o tempo de envio?<\/strong><br \/>\nR: O tempo de envio \u00e9 de 7 a 14 dias \u00fateis, dependendo da sua localiza\u00e7\u00e3o. As mercadorias enviadas de armaz\u00e9ns europeus normalmente levam de 3 a 6 dias \u00fateis para serem entregues.<\/p>\n<p><strong>P: Como posso rastrear meu pedido?<\/strong><br \/>\nR: Ap\u00f3s o envio, voc\u00ea receber\u00e1 um e-mail de confirma\u00e7\u00e3o com um n\u00famero de rastreamento para rastreamento em tempo real.<\/p>\n<p><strong>P: Qual \u00e9 a sua pol\u00edtica de devolu\u00e7\u00e3o?<\/strong><br \/>\nR: Oferecemos uma pol\u00edtica de devolu\u00e7\u00e3o de 30 dias para reembolsos ou trocas. .<\/p>\n<p><strong>P: Haver\u00e1 algum problema alfandeg\u00e1rio?<br \/>\n<\/strong>Lidamos com todos os procedimentos de desembara\u00e7o aduaneiro para garantir uma experi\u00eancia descomplicada para voc\u00ea. .<\/p>\n<p><strong>P: Quais m\u00e9todos de envio s\u00e3o usados?<\/strong><br \/>\nCooperamos com UPS\/DHL\/FEDEX\/DPD, etc. Escolheremos a op\u00e7\u00e3o de envio apropriada dependendo do pa\u00eds de entrega para garantir que voc\u00ea receba seus produtos o mais r\u00e1pido poss\u00edvel.<\/p>\n<p><a href=\"https:\/\/pgvape.com\/pt\/perguntas-frequentes\/\">Clique aqui para mais perguntas frequentes<\/a><\/p>\n<p>Prezados clientes, Se voc\u00ea tiver alguma d\u00favida sobre seu pedido ou a chegada de mercadorias, entre em contato com nosso atendimento ao cliente. Obrigado!<\/p>\n<h3 data-sourcepos=\"73:1-73:21\"><strong data-sourcepos=\"73:7-73:21\">Contate-nos<\/strong><\/h3>\n<div id=\"text-2419739398\" class=\"text\">\n<p><strong data-sourcepos=\"75:3-75:12\">E-mail<\/strong>:\u00a0<a href=\"mailto:support@pgvape.com\"><strong>support@pgvape.com<\/strong><\/a><\/p>\n<p><strong data-sourcepos=\"76:3-76:15\">WhatsApp<\/strong>:\u00a0<a href=\"https:\/\/wa.me\/+8618128481258\"><strong>+86 18128481258<\/strong><\/a><br \/>\n<strong>(Resposta em at\u00e9 24 horas em dias \u00fateis)<\/strong><\/p>\n<\/div>\n<h3><strong>Obrigado por escolher pgvape.com! .<\/strong><\/h3>\n<\/div>","protected":false},"excerpt":{"rendered":"<p><strong>Caixa de estrondo 50K<\/strong> <strong>baforadas<\/strong>, <strong>Sabor duplo 2 em 1<\/strong>, <strong>recarreg\u00e1vel<\/strong>, <strong>ativado por sorteio<\/strong>, <strong>estilo caixa<\/strong>.<strong>Troque de sabor, continue vaporizando, nunca se acomode.<\/strong><\/p>","protected":false},"featured_media":9291,"comment_status":"open","ping_status":"closed","template":"","meta":{"_seopress_robots_primary_cat":"","_seopress_titles_title":"","_seopress_titles_desc":"","_seopress_robots_index":""},"product_brand":[577,516],"product_cat":[61,576,515],"product_tag":[545,318,592,90,39],"class_list":{"0":"post-9277","1":"product","2":"type-product","3":"status-publish","4":"has-post-thumbnail","6":"product_brand-bang-box-vape","7":"product_brand-disposable-vape","8":"product_cat-50k-puffs-vape","9":"product_cat-bang-box-vape","10":"product_cat-disposable-vape","11":"product_tag-2in1","12":"product_tag-50k-puffs-vape","13":"product_tag-bang-box-50000","14":"product_tag-disposable-vape","15":"product_tag-dual-flavor","17":"first","18":"instock","19":"sale","20":"shipping-taxable","21":"purchasable","22":"product-type-variable"},"_links":{"self":[{"href":"https:\/\/pgvape.com\/pt\/wp-json\/wp\/v2\/product\/9277","targetHints":{"allow":["GET"]}}],"collection":[{"href":"https:\/\/pgvape.com\/pt\/wp-json\/wp\/v2\/product"}],"about":[{"href":"https:\/\/pgvape.com\/pt\/wp-json\/wp\/v2\/types\/product"}],"replies":[{"embeddable":true,"href":"https:\/\/pgvape.com\/pt\/wp-json\/wp\/v2\/comments?post=9277"}],"wp:featuredmedia":[{"embeddable":true,"href":"https:\/\/pgvape.com\/pt\/wp-json\/wp\/v2\/media\/9291"}],"wp:attachment":[{"href":"https:\/\/pgvape.com\/pt\/wp-json\/wp\/v2\/media?parent=9277"}],"wp:term":[{"taxonomy":"product_brand","embeddable":true,"href":"https:\/\/pgvape.com\/pt\/wp-json\/wp\/v2\/product_brand?post=9277"},{"taxonomy":"product_cat","embeddable":true,"href":"https:\/\/pgvape.com\/pt\/wp-json\/wp\/v2\/product_cat?post=9277"},{"taxonomy":"product_tag","embeddable":true,"href":"https:\/\/pgvape.com\/pt\/wp-json\/wp\/v2\/product_tag?post=9277"}],"curies":[{"name":"wp","href":"https:\/\/api.w.org\/{rel}","templated":true}]}}