{"id":9212,"date":"2026-03-09T07:15:53","date_gmt":"2026-03-09T07:15:53","guid":{"rendered":"https:\/\/pgvape.com\/?post_type=product&#038;p=9212"},"modified":"2026-03-15T13:57:34","modified_gmt":"2026-03-15T13:57:34","slug":"bang-box-35000-35k-puffs-vape-descartavel-potencia-de-fluxo-de-ar-ajustavel-0-2-3-5-nicotina-12-gosto-led-touchscreen-vape-fabrica-atacado","status":"publish","type":"product","link":"https:\/\/pgvape.com\/pt\/produto\/bang-box-35000-35k-puffs-vape-descartavel-potencia-de-fluxo-de-ar-ajustavel-0-2-3-5-nicotina-12-gosto-led-touchscreen-vape-fabrica-atacado\/","title":{"rendered":"Bang Box 35000 35k Puffs Vape Descart\u00e1vel Fluxo de Ar Ajust\u00e1vel e Pot\u00eancia 0% 2% 3% 5%Nicotina 12Taste LED Touchscreen Vape F\u00e1brica Atacado"},"content":{"rendered":"<p><strong>Caixa de explos\u00e3o 35K<\/strong> entrega <strong>35.000 baforadas<\/strong> de <strong>puro sabor \u00fanico<\/strong> satisfa\u00e7\u00e3o, alimentada por um <strong>bateria recarreg\u00e1vel<\/strong> e controlado atrav\u00e9s <strong>tecnologia de interface de toque<\/strong>.<br \/>\n<strong>Display auxiliar de tela dupla<\/strong>, <strong>Fluxo de ar de toque de 3 modos<\/strong>, <strong>Controle de energia de 2 modos<\/strong> e <strong>12 sabores selecionados<\/strong> give you <strong>comando completo<\/strong>\u2014densidade de vapor personalizada, golpe na garganta e estilo de desenho em um <strong>elegante estilo caixa<\/strong> concha.<\/p>\n<p>&nbsp;<\/p>\n<h2><span style=\"font-size: 90%;\">Especifica\u00e7\u00f5es do Vape Descart\u00e1vel Bang Box 35000 35k Puffs:<\/span><\/h2>\n<p><strong>Sopros<\/strong>: At\u00e9 <strong>35,000<\/strong><\/p>\n<p><strong>Sistema de sabores<\/strong>: <strong>Vagem de sabor \u00fanico<\/strong> \u2013 sabor puro e consistente<\/p>\n<p><strong>Bateria<\/strong>: <strong>Recarreg\u00e1vel<\/strong> \u2013 sustenta o desempenho at\u00e9 a \u00faltima gota<\/p>\n<p><strong>Mostrar<\/strong>: <strong>Assist\u00eancia de tela dupla<\/strong> \u2013 bateria em tempo real, energia, uso<\/p>\n<p><strong>Fluxo de ar<\/strong>: <strong>Toque em 3 modos<\/strong> \u2013 personalizar intensidade<\/p>\n<p><strong>Poder<\/strong>: <strong>Controle de toque de 2 modos<\/strong> \u2013 mudar os n\u00edveis de sa\u00edda<\/p>\n<p><strong>Vapor<\/strong>: <strong>Sa\u00edda ajust\u00e1vel<\/strong> \u2013 densidade e sabor sob demanda<\/p>\n<p><strong>Ativa\u00e7\u00e3o<\/strong>: <strong>Ativado por sorteio<\/strong> \u2013 sem bot\u00f5es, uso intuitivo<\/p>\n<p><strong>Projeto<\/strong>: <strong>Estilo caixa elegante<\/strong> \u2013 punho moderno e ergon\u00f4mico<\/p>\n<p><strong>Recarreg\u00e1vel<\/strong>: <strong>N\u00e3o<\/strong> \u2013 descart\u00e1vel quando esgotado<\/p>\n<p>&nbsp;<\/p>\n<h3><span style=\"font-size: 90%;\">Lista de sabores descart\u00e1veis \u200b\u200b\u200b\u200bde Vape Bang Box 35000 35k Puffs:<\/span><\/h3>\n<p><strong>1. Kiwi de morango<\/strong><\/p>\n<p><strong>2. Gelo Razz Azul<\/strong><\/p>\n<p><strong>3. Melancia Morango<\/strong><\/p>\n<p><strong>4.Maracuj\u00e1<\/strong><\/p>\n<p><strong>5. Refrigerante de lim\u00e3o e cola<\/strong><\/p>\n<p><strong>6. Gelo de melancia<\/strong><\/p>\n<p><strong>7. Chiclete de melancia<\/strong><\/p>\n<p><strong>8. Goiaba Kiwi Maracuj\u00e1<\/strong><\/p>\n<p><strong class=\"\">9. Gelo de mirtilo<\/strong><\/p>\n<p><strong class=\"\">10. Cereja Melancia<\/strong><\/p>\n<p><strong class=\"\">11.Red Bull<\/strong><\/p>\n<p><strong>12.Toranja Menta<img loading=\"lazy\" decoding=\"async\" class=\"alignnone wp-image-9229 size-full\" src=\"https:\/\/pgvape.com\/wp-content\/uploads\/2026\/03\/Bang-Box-35k-Puffs-Disposable-Vape-Adjustable-Airflow-0-2-3-5Nicotine-12Taste-LED-Touchscreen-pgvape-3.png\" alt=\"Grade quatro por quatro de dispositivos vaporizadores coloridos Bang Box em um fundo escuro, cada um com r\u00f3tulos de sabores como Strawberry Kiwi e Blue Razz Ice.\" width=\"1500\" height=\"1607\" srcset=\"https:\/\/pgvape.com\/wp-content\/uploads\/2026\/03\/Bang-Box-35k-Puffs-Disposable-Vape-Adjustable-Airflow-0-2-3-5Nicotine-12Taste-LED-Touchscreen-pgvape-3.png 1500w, https:\/\/pgvape.com\/wp-content\/uploads\/2026\/03\/Bang-Box-35k-Puffs-Disposable-Vape-Adjustable-Airflow-0-2-3-5Nicotine-12Taste-LED-Touchscreen-pgvape-3-336x360.png 336w, https:\/\/pgvape.com\/wp-content\/uploads\/2026\/03\/Bang-Box-35k-Puffs-Disposable-Vape-Adjustable-Airflow-0-2-3-5Nicotine-12Taste-LED-Touchscreen-pgvape-3-595x637.png 595w, https:\/\/pgvape.com\/wp-content\/uploads\/2026\/03\/Bang-Box-35k-Puffs-Disposable-Vape-Adjustable-Airflow-0-2-3-5Nicotine-12Taste-LED-Touchscreen-pgvape-3-373x400.png 373w, https:\/\/pgvape.com\/wp-content\/uploads\/2026\/03\/Bang-Box-35k-Puffs-Disposable-Vape-Adjustable-Airflow-0-2-3-5Nicotine-12Taste-LED-Touchscreen-pgvape-3-768x823.png 768w, https:\/\/pgvape.com\/wp-content\/uploads\/2026\/03\/Bang-Box-35k-Puffs-Disposable-Vape-Adjustable-Airflow-0-2-3-5Nicotine-12Taste-LED-Touchscreen-pgvape-3-1434x1536.png 1434w, https:\/\/pgvape.com\/wp-content\/uploads\/2026\/03\/Bang-Box-35k-Puffs-Disposable-Vape-Adjustable-Airflow-0-2-3-5Nicotine-12Taste-LED-Touchscreen-pgvape-3-11x12.png 11w, https:\/\/pgvape.com\/wp-content\/uploads\/2026\/03\/Bang-Box-35k-Puffs-Disposable-Vape-Adjustable-Airflow-0-2-3-5Nicotine-12Taste-LED-Touchscreen-pgvape-3-600x643.png 600w\" sizes=\"auto, (max-width: 1500px) 100vw, 1500px\" \/><\/strong><\/p>\n<p>&nbsp;<\/p>\n<h2>Perguntas frequentes sobre Bang Box 35000 35k Puffs Vape descart\u00e1vel<\/h2>\n<p data-sourcepos=\"51:1-52:68\">\u2753 <strong data-sourcepos=\"51:3-51:46\">Como funciona o sistema de controle por toque?<\/strong><br \/>\n\u2705 <strong data-sourcepos=\"52:3-52:29\">Ajustes de toque \u00fanico<\/strong> para fluxo de ar\/pot\u00eancia \u2013 sem menus complexos<\/p>\n<p data-sourcepos=\"54:1-55:69\">\u2753 <strong data-sourcepos=\"54:3-54:50\">O que torna a tela dupla especial?<\/strong><br \/>\n\u2705 <strong data-sourcepos=\"55:3-55:30\">Monitoramento simult\u00e2neo<\/strong> de bateria + modo de energia + contagem de baforadas<\/p>\n<p data-sourcepos=\"57:1-58:58\">\u2753 <strong data-sourcepos=\"57:3-57:52\">Isso \u00e9 adequado para vaporiza\u00e7\u00e3o MTL e DTL?<\/strong><br \/>\n\u2705 <strong data-sourcepos=\"58:3-58:10\">Sim<\/strong> \u2013 Fluxo de ar ajust\u00e1vel acomoda ambos os estilos<\/p>\n<p data-sourcepos=\"60:1-61:70\">\u2753 <strong data-sourcepos=\"60:3-60:48\">Como ele se compara aos descart\u00e1veis \u200b\u200bb\u00e1sicos?<\/strong><br \/>\n\u2705 <strong data-sourcepos=\"61:3-61:23\">Controle superior<\/strong> com <strong data-sourcepos=\"61:29-61:48\">3x a vida \u00fatil<\/strong> de dispositivos padr\u00e3o<\/p>\n<p>&nbsp;<\/p>\n<h3 id=\"brxe-najhln\" class=\"brxe-heading\">Perguntas frequentes (FAQ)<\/h3>\n<div id=\"brxe-rajiac\" class=\"brxe-text\">\n<p><strong>P: Quais m\u00e9todos de pagamento voc\u00ea aceita?<\/strong><br \/>\nR: Aceitamos PayPal, Stripe, transfer\u00eancias banc\u00e1rias (com suporte SEPA), os principais cart\u00f5es de cr\u00e9dito (Visa, MasterCard, American Express) e pagamentos em criptomoedas.<\/p>\n<p><strong>P: Quanto tempo leva a prepara\u00e7\u00e3o do pedido?<\/strong><br \/>\nR: A prepara\u00e7\u00e3o do pedido leva de 1 a 3 dias \u00fateis.<\/p>\n<p><strong>P: Qual \u00e9 o tempo de envio?<\/strong><br \/>\nR: O tempo de envio \u00e9 de 7 a 14 dias \u00fateis, dependendo da sua localiza\u00e7\u00e3o. As mercadorias enviadas de armaz\u00e9ns europeus normalmente levam de 3 a 6 dias \u00fateis para serem entregues.<\/p>\n<p><strong>P: Como posso rastrear meu pedido?<\/strong><br \/>\nR: Ap\u00f3s o envio, voc\u00ea receber\u00e1 um e-mail de confirma\u00e7\u00e3o com um n\u00famero de rastreamento para rastreamento em tempo real.<\/p>\n<p><strong>P: Qual \u00e9 a sua pol\u00edtica de devolu\u00e7\u00e3o?<\/strong><br \/>\nR: Oferecemos uma pol\u00edtica de devolu\u00e7\u00e3o de 30 dias para reembolsos ou trocas. .<\/p>\n<p><strong>P: Haver\u00e1 algum problema alfandeg\u00e1rio?<br \/>\n<\/strong>Lidamos com todos os procedimentos de desembara\u00e7o aduaneiro para garantir uma experi\u00eancia descomplicada para voc\u00ea. .<\/p>\n<p><strong>P: Quais m\u00e9todos de envio s\u00e3o usados?<\/strong><br \/>\nCooperamos com UPS\/DHL\/FEDEX\/DPD, etc. Escolheremos a op\u00e7\u00e3o de envio apropriada dependendo do pa\u00eds de entrega para garantir que voc\u00ea receba seus produtos o mais r\u00e1pido poss\u00edvel.<\/p>\n<p><a href=\"https:\/\/pgvape.com\/pt\/perguntas-frequentes\/\">Clique aqui para mais perguntas frequentes<\/a><\/p>\n<p>Prezados clientes, Se voc\u00ea tiver alguma d\u00favida sobre seu pedido ou a chegada de mercadorias, entre em contato com nosso atendimento ao cliente. Obrigado!<\/p>\n<h3 data-sourcepos=\"73:1-73:21\"><strong data-sourcepos=\"73:7-73:21\">Contate-nos<\/strong><\/h3>\n<div id=\"text-2419739398\" class=\"text\">\n<p><strong data-sourcepos=\"75:3-75:12\">E-mail<\/strong>:\u00a0<a href=\"mailto:support@pgvape.com\"><strong>support@pgvape.com<\/strong><\/a><\/p>\n<p><strong data-sourcepos=\"76:3-76:15\">WhatsApp<\/strong>:\u00a0<a href=\"https:\/\/wa.me\/+8618128481258\"><strong>+86 18128481258<\/strong><\/a><br \/>\n<strong>(Resposta em at\u00e9 24 horas em dias \u00fateis)<\/strong><\/p>\n<\/div>\n<h3><strong>Obrigado por escolher pgvape.com! .<\/strong><\/h3>\n<\/div>","protected":false},"excerpt":{"rendered":"<p><strong>Caixa de explos\u00e3o 35K<\/strong><strong>\u00a0baforadas<\/strong>, <strong>fluxo de ar e pot\u00eancia com controle de toque<\/strong>, <strong>exibi\u00e7\u00e3o de tela dupla<\/strong>, <strong>pureza de sabor \u00fanico<\/strong>, <strong>recarreg\u00e1vel<\/strong>.<strong>Toque, ajuste, saboreie \u2013 precis\u00e3o em cada tragada.<\/strong><\/p>","protected":false},"featured_media":9227,"comment_status":"open","ping_status":"closed","template":"","meta":{"_seopress_robots_primary_cat":"","_seopress_titles_title":"","_seopress_titles_desc":"","_seopress_robots_index":""},"product_brand":[577,516],"product_cat":[197,576,515],"product_tag":[342,135,589,588,90],"class_list":{"0":"post-9212","1":"product","2":"type-product","3":"status-publish","4":"has-post-thumbnail","6":"product_brand-bang-box-vape","7":"product_brand-disposable-vape","8":"product_cat-35k-puffs-vape","9":"product_cat-bang-box-vape","10":"product_cat-disposable-vape","11":"product_tag-35k-puffs-vape","12":"product_tag-adjustable-airflow","13":"product_tag-adjustable-power","14":"product_tag-bang-box-35000","15":"product_tag-disposable-vape","17":"first","18":"instock","19":"sale","20":"shipping-taxable","21":"purchasable","22":"product-type-variable"},"_links":{"self":[{"href":"https:\/\/pgvape.com\/pt\/wp-json\/wp\/v2\/product\/9212","targetHints":{"allow":["GET"]}}],"collection":[{"href":"https:\/\/pgvape.com\/pt\/wp-json\/wp\/v2\/product"}],"about":[{"href":"https:\/\/pgvape.com\/pt\/wp-json\/wp\/v2\/types\/product"}],"replies":[{"embeddable":true,"href":"https:\/\/pgvape.com\/pt\/wp-json\/wp\/v2\/comments?post=9212"}],"wp:featuredmedia":[{"embeddable":true,"href":"https:\/\/pgvape.com\/pt\/wp-json\/wp\/v2\/media\/9227"}],"wp:attachment":[{"href":"https:\/\/pgvape.com\/pt\/wp-json\/wp\/v2\/media?parent=9212"}],"wp:term":[{"taxonomy":"product_brand","embeddable":true,"href":"https:\/\/pgvape.com\/pt\/wp-json\/wp\/v2\/product_brand?post=9212"},{"taxonomy":"product_cat","embeddable":true,"href":"https:\/\/pgvape.com\/pt\/wp-json\/wp\/v2\/product_cat?post=9212"},{"taxonomy":"product_tag","embeddable":true,"href":"https:\/\/pgvape.com\/pt\/wp-json\/wp\/v2\/product_tag?post=9212"}],"curies":[{"name":"wp","href":"https:\/\/api.w.org\/{rel}","templated":true}]}}