{"id":9152,"date":"2026-03-07T09:09:35","date_gmt":"2026-03-07T09:09:35","guid":{"rendered":"https:\/\/pgvape.com\/?post_type=product&#038;p=9152"},"modified":"2026-03-15T14:05:19","modified_gmt":"2026-03-15T14:05:19","slug":"uwin-caixa-digital-68000-68k-puffs-vape-descartavel-0-2-3-5-nicotina-10-gosto-display-digital-led","status":"publish","type":"product","link":"https:\/\/pgvape.com\/pt\/produto\/uwin-caixa-digital-68000-68k-puffs-vape-descartavel-0-2-3-5-nicotina-10-gosto-display-digital-led\/","title":{"rendered":"Uwin Caixa Digital 68000 68k Puffs Vape Descart\u00e1vel 0% 2% 3% 5%Nicotina 10Taste LED Display Digital"},"content":{"rendered":"<p><strong>Caixa Digital Uwin 68K<\/strong> entrega <strong>68.000 baforadas<\/strong> de <strong>20ml<\/strong> de e-l\u00edquido, alimentado por um <strong>650 mAh Tipo C<\/strong> bateria e <strong>0.6 \u03a9 bobinas de malha dupla<\/strong>.<br \/>\n<strong>Visor inteligente de l\u00edquido e bateria<\/strong>, <strong>0 % \/ 2 % \/ 3 % \/ 5 %<\/strong> op\u00e7\u00f5es de nicotina e <strong>10 sabores premium<\/strong> give you <strong class=\"\">capacidade m\u00e1xima, controle m\u00e1ximo<\/strong>-<strong>10 unidades\/caixa<\/strong>, pronto para varejo\/atacado.<\/p>\n<p>&nbsp;<\/p>\n<h2><span style=\"font-size: 90%;\">Uwin Digital Box 68000 68k Puffs Especifica\u00e7\u00e3o de Vape descart\u00e1vel<\/span><\/h2>\n<p><strong>Sopros<\/strong>: At\u00e9 <strong>68,000<\/strong><\/p>\n<p><strong>E-l\u00edquido<\/strong>: <strong>20ml<\/strong> pr\u00e9-preenchido<\/p>\n<p><strong>Nicotina<\/strong>: <strong>0 %, 2 %, 3 %, 5 %<\/strong> \u2013 quatro op\u00e7\u00f5es de for\u00e7a<\/p>\n<p><strong>Bateria<\/strong>: <strong>650mAh<\/strong>, <strong>Tipo-C<\/strong> carga r\u00e1pida<\/p>\n<p><strong>Bobina<\/strong>: <strong>0.6 \u03a9 malha dupla<\/strong> \u2013 aquecimento mais r\u00e1pido, vapor mais denso, sabor mais rico<\/p>\n<p><strong>Mostrar<\/strong>: <strong>Digital inteligente<\/strong> \u2013 n\u00edveis de l\u00edquido e bateria em tempo real<\/p>\n<p><strong>Pacote<\/strong>: <strong class=\"\">10 unidades\/caixa<\/strong> \u2013 ideal para varejo e granel<\/p>\n<p><strong>Projeto<\/strong>: Elegante, moderno e otimizado para usu\u00e1rios pesados<\/p>\n<p>&nbsp;<\/p>\n<h3><span style=\"font-size: 90%;\">Uwin Digital Box 68000 68k Puffs Lista de sabores descart\u00e1veis \u200b\u200bde Vape<\/span><\/h3>\n<p><strong>1. Mirtilo Framboesa<\/strong><\/p>\n<p><strong>2. Melancia Morango<\/strong><\/p>\n<p><strong>3. Gelo de melancia<\/strong><\/p>\n<p><strong>4. Gelo de cereja<\/strong><\/p>\n<p><strong>5. Goiaba Kiwi Maracuj\u00e1<\/strong><\/p>\n<p><strong>6. Gelo de p\u00eassego de ver\u00e3o<\/strong><\/p>\n<p><strong class=\"\">7. Morango Kiwi<\/strong><\/p>\n<p><strong>8. Frutas Mistas<\/strong><\/p>\n<p><strong class=\"\">9.Sr. Azul<\/strong><\/p>\n<p><strong>10.Red Bull<img loading=\"lazy\" decoding=\"async\" class=\"alignnone wp-image-9162 size-full\" src=\"https:\/\/pgvape.com\/wp-content\/uploads\/2026\/03\/Uwin-Digital-Box-68k-Puffs-Disposable-Vape-0-2-3-5Nicotine-10Taste-LED-Digital-Display-pgvape-3.png\" alt=\"Grade colorida de dispositivos vape descart\u00e1veis \u200b\u200bUWIN em caixas brilhantes, cada um mostrando nomes de sabores como Blueberry Raspberry, Watermelon Ice, Strawberry Kiwi, Cherry Ice.\" width=\"1500\" height=\"1500\" srcset=\"https:\/\/pgvape.com\/wp-content\/uploads\/2026\/03\/Uwin-Digital-Box-68k-Puffs-Disposable-Vape-0-2-3-5Nicotine-10Taste-LED-Digital-Display-pgvape-3.png 1500w, https:\/\/pgvape.com\/wp-content\/uploads\/2026\/03\/Uwin-Digital-Box-68k-Puffs-Disposable-Vape-0-2-3-5Nicotine-10Taste-LED-Digital-Display-pgvape-3-360x360.png 360w, https:\/\/pgvape.com\/wp-content\/uploads\/2026\/03\/Uwin-Digital-Box-68k-Puffs-Disposable-Vape-0-2-3-5Nicotine-10Taste-LED-Digital-Display-pgvape-3-595x595.png 595w, https:\/\/pgvape.com\/wp-content\/uploads\/2026\/03\/Uwin-Digital-Box-68k-Puffs-Disposable-Vape-0-2-3-5Nicotine-10Taste-LED-Digital-Display-pgvape-3-400x400.png 400w, https:\/\/pgvape.com\/wp-content\/uploads\/2026\/03\/Uwin-Digital-Box-68k-Puffs-Disposable-Vape-0-2-3-5Nicotine-10Taste-LED-Digital-Display-pgvape-3-768x768.png 768w, https:\/\/pgvape.com\/wp-content\/uploads\/2026\/03\/Uwin-Digital-Box-68k-Puffs-Disposable-Vape-0-2-3-5Nicotine-10Taste-LED-Digital-Display-pgvape-3-12x12.png 12w, https:\/\/pgvape.com\/wp-content\/uploads\/2026\/03\/Uwin-Digital-Box-68k-Puffs-Disposable-Vape-0-2-3-5Nicotine-10Taste-LED-Digital-Display-pgvape-3-300x300.png 300w, https:\/\/pgvape.com\/wp-content\/uploads\/2026\/03\/Uwin-Digital-Box-68k-Puffs-Disposable-Vape-0-2-3-5Nicotine-10Taste-LED-Digital-Display-pgvape-3-600x600.png 600w, https:\/\/pgvape.com\/wp-content\/uploads\/2026\/03\/Uwin-Digital-Box-68k-Puffs-Disposable-Vape-0-2-3-5Nicotine-10Taste-LED-Digital-Display-pgvape-3-100x100.png 100w\" sizes=\"auto, (max-width: 1500px) 100vw, 1500px\" \/><\/strong><\/p>\n<p>&nbsp;<\/p>\n<h2 class=\"header-vfC6AV auto-hide-last-sibling-br\">Perguntas frequentes sobre Uwin Digital Box 68000 68k Puffs Vape descart\u00e1vel<\/h2>\n<p>\u2753 <strong class=\"\">O que faz com que ele se destaque?<\/strong><br \/>\n\u2705 <strong>68.000 baforadas<\/strong> + <strong>display digital inteligente<\/strong> \u2013 capacidade ultra-alta atende tecnologia avan\u00e7ada.<\/p>\n<p>\u2753 <strong>Quanto tempo duram 68 mil baforadas?<\/strong><br \/>\n\u2705 <strong>Uso prolongado<\/strong> \u2013 significativamente menos substitui\u00e7\u00f5es em compara\u00e7\u00e3o com descart\u00e1veis \u200b\u200bpadr\u00e3o.<\/p>\n<p>\u2753 <strong>Personaliza\u00e7\u00e3o da nicotina?<\/strong><br \/>\n\u2705 <strong>Quatro op\u00e7\u00f5es<\/strong>: <strong>0 %<\/strong> (sem nicotina), <strong>2 %<\/strong>, <strong>3 %<\/strong>, <strong>5 %<\/strong> \u2013 escolha sua satisfa\u00e7\u00e3o.<\/p>\n<p>\u2753 <strong>Tecnologia de bobina?<\/strong><br \/>\n\u2705 <strong>0.6 \u03a9 malha dupla<\/strong> \u2013 calor r\u00e1pido, desenhos suaves, camadas de sabor rico, nuvens densas.<\/p>\n<p>\u2753 <strong class=\"\">\u00c9 recarreg\u00e1vel?<\/strong><br \/>\n\u2705 <strong>650mAh<\/strong> + <strong>Tipo-C<\/strong> \u2013 pot\u00eancia est\u00e1vel, recarga r\u00e1pida e conveniente.<\/p>\n<p>\u2753 <strong>Como monitorar os n\u00edveis?<\/strong><br \/>\n\u2705 <strong>Tela inteligente<\/strong> \u2013 em tempo real <strong class=\"\">bateria %<\/strong> e <strong>status de e-l\u00edquido<\/strong> \u2013 sem surpresas.<\/p>\n<p>\u2753 <strong>Varejo\/atacado adequado?<\/strong><br \/>\n\u2705 <strong>10 unidades\/caixa<\/strong> \u2013 perfeito para <strong>lojas de vapor, distribuidores, compradores a granel<\/strong>.<\/p>\n<p>\u2753 <strong>Para quem \u00e9 isso?<\/strong><br \/>\n\u2705 <strong>Usu\u00e1rios pesados<\/strong> buscando <strong>alta capacidade<\/strong>, <strong>recarreg\u00e1vel<\/strong>, <strong class=\"\">display inteligente<\/strong> desempenho premium.<\/p>\n<p>&nbsp;<\/p>\n<h3 id=\"brxe-najhln\" class=\"brxe-heading\">Perguntas frequentes (FAQ)<\/h3>\n<div id=\"brxe-rajiac\" class=\"brxe-text\">\n<p><strong>P: Quais m\u00e9todos de pagamento voc\u00ea aceita?<\/strong><br \/>\nR: Aceitamos PayPal, Stripe, transfer\u00eancias banc\u00e1rias (com suporte SEPA), os principais cart\u00f5es de cr\u00e9dito (Visa, MasterCard, American Express) e pagamentos em criptomoedas.<\/p>\n<p><strong>P: Quanto tempo leva a prepara\u00e7\u00e3o do pedido?<\/strong><br \/>\nR: A prepara\u00e7\u00e3o do pedido leva de 1 a 3 dias \u00fateis.<\/p>\n<p><strong>P: Qual \u00e9 o tempo de envio?<\/strong><br \/>\nR: O tempo de envio \u00e9 de 7 a 14 dias \u00fateis, dependendo da sua localiza\u00e7\u00e3o.<\/p>\n<p><strong>P: Como posso rastrear meu pedido?<\/strong><br \/>\nR: Ap\u00f3s o envio, voc\u00ea receber\u00e1 um e-mail de confirma\u00e7\u00e3o com um n\u00famero de rastreamento para rastreamento em tempo real.<\/p>\n<p><strong>P: Qual \u00e9 a sua pol\u00edtica de devolu\u00e7\u00e3o?<\/strong><br \/>\nR: Oferecemos uma pol\u00edtica de devolu\u00e7\u00e3o de 30 dias para reembolsos ou trocas. .<\/p>\n<p><strong>P: Haver\u00e1 algum problema alfandeg\u00e1rio?<br \/>\n<\/strong>Lidamos com todos os procedimentos de desembara\u00e7o aduaneiro para garantir uma experi\u00eancia descomplicada para voc\u00ea. .<\/p>\n<p><strong>P: Quais m\u00e9todos de envio s\u00e3o usados?<\/strong><br \/>\nCooperamos com UPS\/DHL\/FEDEX\/DPD, etc. Escolheremos a op\u00e7\u00e3o de envio apropriada dependendo do pa\u00eds de entrega para garantir que voc\u00ea receba seus produtos o mais r\u00e1pido poss\u00edvel.<\/p>\n<p><a href=\"https:\/\/pgvape.com\/pt\/perguntas-frequentes\/\">Clique aqui para mais perguntas frequentes<\/a><\/p>\n<p>Prezados clientes, Se voc\u00ea tiver alguma d\u00favida sobre seu pedido ou a chegada de mercadorias, entre em contato com nosso atendimento ao cliente. Obrigado!<\/p>\n<h3 data-sourcepos=\"73:1-73:21\"><strong data-sourcepos=\"73:7-73:21\">Contate-nos<\/strong><\/h3>\n<div id=\"text-2419739398\" class=\"text\">\n<p><strong data-sourcepos=\"75:3-75:12\">E-mail<\/strong>:\u00a0<a href=\"mailto:support@pgvape.com\"><strong>support@pgvape.com<\/strong><\/a><\/p>\n<p><strong data-sourcepos=\"76:3-76:15\">WhatsApp<\/strong>:\u00a0<a href=\"https:\/\/wa.me\/+8618128481258\"><strong>+86 18128481258<\/strong><\/a><br \/>\n<strong>(Resposta em at\u00e9 24 horas em dias \u00fateis)<\/strong><\/p>\n<\/div>\n<h3><strong>Obrigado por escolher pgvape.com! .<\/strong><\/h3>\n<\/div>","protected":false},"excerpt":{"rendered":"<p><strong>Caixa Digital Uwin 68000<\/strong> \u2013 <strong>68 mil baforadas<\/strong>, <strong>20ml<\/strong>, <strong>0.6 \u03a9 malha dupla<\/strong>, <strong>display inteligente<\/strong>, <strong>quatro n\u00edveis de nicotina<\/strong>, <strong>Tipo-C<\/strong>.<strong class=\"\">Precis\u00e3o digital, resist\u00eancia m\u00e1xima, sua for\u00e7a.<\/strong><\/p>","protected":false},"featured_media":9160,"comment_status":"open","ping_status":"closed","template":"","meta":{"_seopress_robots_primary_cat":"none","_seopress_titles_title":"","_seopress_titles_desc":"","_seopress_robots_index":""},"product_brand":[516,207],"product_cat":[584,515,205],"product_tag":[586,90,250,585],"class_list":{"0":"post-9152","1":"product","2":"type-product","3":"status-publish","4":"has-post-thumbnail","6":"product_brand-disposable-vape","7":"product_brand-uwin-vape","8":"product_cat-68k-puffs-vape","9":"product_cat-disposable-vape","10":"product_cat-uwin-vape","11":"product_tag-68k-puffs-vape","12":"product_tag-disposable-vape","13":"product_tag-led-digital-display","14":"product_tag-uwin-digital-box-68000","16":"first","17":"instock","18":"sale","19":"shipping-taxable","20":"purchasable","21":"product-type-variable"},"_links":{"self":[{"href":"https:\/\/pgvape.com\/pt\/wp-json\/wp\/v2\/product\/9152","targetHints":{"allow":["GET"]}}],"collection":[{"href":"https:\/\/pgvape.com\/pt\/wp-json\/wp\/v2\/product"}],"about":[{"href":"https:\/\/pgvape.com\/pt\/wp-json\/wp\/v2\/types\/product"}],"replies":[{"embeddable":true,"href":"https:\/\/pgvape.com\/pt\/wp-json\/wp\/v2\/comments?post=9152"}],"wp:featuredmedia":[{"embeddable":true,"href":"https:\/\/pgvape.com\/pt\/wp-json\/wp\/v2\/media\/9160"}],"wp:attachment":[{"href":"https:\/\/pgvape.com\/pt\/wp-json\/wp\/v2\/media?parent=9152"}],"wp:term":[{"taxonomy":"product_brand","embeddable":true,"href":"https:\/\/pgvape.com\/pt\/wp-json\/wp\/v2\/product_brand?post=9152"},{"taxonomy":"product_cat","embeddable":true,"href":"https:\/\/pgvape.com\/pt\/wp-json\/wp\/v2\/product_cat?post=9152"},{"taxonomy":"product_tag","embeddable":true,"href":"https:\/\/pgvape.com\/pt\/wp-json\/wp\/v2\/product_tag?post=9152"}],"curies":[{"name":"wp","href":"https:\/\/api.w.org\/{rel}","templated":true}]}}