{"id":9072,"date":"2026-03-06T11:11:43","date_gmt":"2026-03-06T11:11:43","guid":{"rendered":"https:\/\/pgvape.com\/?post_type=product&#038;p=9072"},"modified":"2026-03-15T14:05:19","modified_gmt":"2026-03-15T14:05:19","slug":"uor-gemeos-80k-puffs-2-em-1-sabor-vape-descartavel-2-5-nicotina-10-gosto-display-led","status":"publish","type":"product","link":"https:\/\/pgvape.com\/pt\/produto\/uor-gemeos-80k-puffs-2-em-1-sabor-vape-descartavel-2-5-nicotina-10-gosto-display-led\/","title":{"rendered":"UOR Twins 80K Puffs 2 em 1 Sabor Vape Descart\u00e1vel 2% 5%Nicotina 10Taste Display LED"},"content":{"rendered":"<p><strong>UOR G\u00eameos 80K<\/strong> entrega <strong>80.000 baforadas<\/strong> de <strong>tanques duplos de 20 ml<\/strong> (40 ml no total), alimentado por um <strong>650 mAh Tipo C<\/strong> bateria e <strong>Bobinas de malha dupla de 0,9 \u03a9<\/strong>.<br \/>\n<strong>Sistema de sabor deslizante<\/strong>, <strong>Visor inteligente LED<\/strong>, <strong>2 % \/ 5 %<\/strong> nicotina e <strong>10 combina\u00e7\u00f5es de sabores<\/strong> give you <strong class=\"\">dobre o sabor, duplique a vida<\/strong>- pronto para atacado <strong>10 unidades\/caixa<\/strong>.<\/p>\n<p>&nbsp;<\/p>\n<h2><span style=\"font-size: 90%;\">Especifica\u00e7\u00f5es do Vape descart\u00e1vel com sabor UOR Twins 80K Puffs 2 em 1:<\/span><\/h2>\n<p><strong>Sopros<\/strong>: At\u00e9 <strong class=\"\">80,000<\/strong><\/p>\n<p><strong>E-l\u00edquido<\/strong>: <strong>20ml \u00d7 2<\/strong> tanques duplos = <strong>40ml<\/strong> total<\/p>\n<p><strong>Nicotina<\/strong>: <strong class=\"\">2 %, 5 %<\/strong> op\u00e7\u00f5es de sal<\/p>\n<p><strong>Bateria<\/strong>: <strong>650mAh<\/strong>, <strong>Tipo-C<\/strong> carga r\u00e1pida<\/p>\n<p><strong>Bobinas<\/strong>: <strong>Malha dupla de 0,9 \u03a9<\/strong> \u2013 vapor mais suave, sabor mais rico<\/p>\n<p><strong>Trocar<\/strong>: <strong>Deslize para mudar<\/strong> \u2013 mudan\u00e7a instant\u00e2nea de sabor<\/p>\n<p><strong>Mostrar<\/strong>: <strong>LIDERADO<\/strong> \u2013 bateria e status de uso<\/p>\n<p><strong>Envio<\/strong>: UPS\/DHL\/FEDEX\/DPD \u2013 <strong>7 a 15 dias \u00fateis<\/strong>, desembara\u00e7ado na alf\u00e2ndega, <strong>Garantia 100 %<\/strong><\/p>\n<p>&nbsp;<\/p>\n<h3><span style=\"font-size: 90%;\">Lista de sabores descart\u00e1veis \u200b\u200b\u200b\u200bde Vape UOR Twins 80K Puffs 2 em 1:<\/span><\/h3>\n<p><strong class=\"\">1. Mirtilo, Framboesa e Amor 66<\/strong><\/p>\n<p><strong class=\"\">2. Blue Razz Ice e Kiwi Maracuj\u00e1 Goiaba<\/strong><\/p>\n<p><strong class=\"\">3. Gelo de mirtilo e Lady Killa<\/strong><\/p>\n<p><strong class=\"\">4. Gelo de uva e gelo de frutas triplas<\/strong><\/p>\n<p><strong>5.Refrigerante de laranja e frutas tropicais<\/strong><\/p>\n<p><strong>6. Manga de p\u00eassego e gelo de morango<\/strong><\/p>\n<p><strong class=\"\">7. Morango, Kiwi e Frutas Mistas<\/strong><\/p>\n<p><strong class=\"\">8. Melancia Morango e Red Bull<\/strong><\/p>\n<p><strong>9. Banana com morango e manga com morango<\/strong><\/p>\n<p><strong class=\"\">10. Gelo de melancia e ma\u00e7\u00e3 dupla<img loading=\"lazy\" decoding=\"async\" class=\"alignnone wp-image-9077 size-full\" src=\"https:\/\/pgvape.com\/wp-content\/uploads\/2026\/03\/UOR-Twins-80K-Puffs-2in1-Flavor-Disposable-Vape-0-2-3-5Nicotine-10Taste-LED-Display-pgvape-3.png\" alt=\"Promo\u00e7\u00e3o UJR Twins 80K Double Flavour mostrando dez pares de sabores, cada um com duas embalagens de suco e imagens de frutas em um fundo gradiente azul.\" width=\"1079\" height=\"1500\" srcset=\"https:\/\/pgvape.com\/wp-content\/uploads\/2026\/03\/UOR-Twins-80K-Puffs-2in1-Flavor-Disposable-Vape-0-2-3-5Nicotine-10Taste-LED-Display-pgvape-3.png 1079w, https:\/\/pgvape.com\/wp-content\/uploads\/2026\/03\/UOR-Twins-80K-Puffs-2in1-Flavor-Disposable-Vape-0-2-3-5Nicotine-10Taste-LED-Display-pgvape-3-259x360.png 259w, https:\/\/pgvape.com\/wp-content\/uploads\/2026\/03\/UOR-Twins-80K-Puffs-2in1-Flavor-Disposable-Vape-0-2-3-5Nicotine-10Taste-LED-Display-pgvape-3-595x827.png 595w, https:\/\/pgvape.com\/wp-content\/uploads\/2026\/03\/UOR-Twins-80K-Puffs-2in1-Flavor-Disposable-Vape-0-2-3-5Nicotine-10Taste-LED-Display-pgvape-3-288x400.png 288w, https:\/\/pgvape.com\/wp-content\/uploads\/2026\/03\/UOR-Twins-80K-Puffs-2in1-Flavor-Disposable-Vape-0-2-3-5Nicotine-10Taste-LED-Display-pgvape-3-768x1068.png 768w, https:\/\/pgvape.com\/wp-content\/uploads\/2026\/03\/UOR-Twins-80K-Puffs-2in1-Flavor-Disposable-Vape-0-2-3-5Nicotine-10Taste-LED-Display-pgvape-3-9x12.png 9w, https:\/\/pgvape.com\/wp-content\/uploads\/2026\/03\/UOR-Twins-80K-Puffs-2in1-Flavor-Disposable-Vape-0-2-3-5Nicotine-10Taste-LED-Display-pgvape-3-600x834.png 600w\" sizes=\"auto, (max-width: 1079px) 100vw, 1079px\" \/><\/strong><\/p>\n<p>&nbsp;<\/p>\n<h3><span style=\"font-size: 90%;\">UOR Twins 80K Puffs 2 em 1 Sabor Vape Descart\u00e1vel <\/span>V\u00eddeo<span style=\"font-size: 90%;\">:<\/span><\/h3>\n<p><iframe loading=\"lazy\" title=\"UOR Twins 80K Puffs 2 em 1 Sabor Vape Descart\u00e1vel 10Taste Display LED Vape F\u00e1brica Atacado pgvape\" width=\"563\" height=\"1000\" src=\"https:\/\/www.youtube.com\/embed\/GzVo1VLCeSc?feature=oembed\" frameborder=\"0\" allow=\"accelerometer; autoplay; clipboard-write; encrypted-media; gyroscope; picture-in-picture; web-share\" referrerpolicy=\"strict-origin-when-cross-origin\" allowfullscreen><\/iframe><\/p>\n<p>&nbsp;<\/p>\n<h2>Perguntas frequentes sobre UOR Twins 80K Puffs 2 em 1 Sabor Vape descart\u00e1vel<\/h2>\n<p>\u2753 <strong>Quantas baforadas por dispositivo?<\/strong><br \/>\n\u2705 Classifica\u00e7\u00e3o de f\u00e1brica <strong>80.000 baforadas<\/strong>\u2014meses de uso di\u00e1rio.<\/p>\n<p>\u2753 <strong>Como fa\u00e7o para trocar sabores?<\/strong><br \/>\n\u2705 <strong>Mecanismo deslizante para alternar<\/strong>\u2014troca instantaneamente entre <strong>dois tanques de 20 ml<\/strong>.<\/p>\n<p>\u2753 <strong>\u00c9 recarreg\u00e1vel?<\/strong><br \/>\n\u2705 <strong>650mAh<\/strong> bateria + <strong>Tipo-C<\/strong> port; carga completa em aproximadamente 30 min.<\/p>\n<p>\u2753 <strong>Qual tecnologia de bobina \u00e9 usada?<\/strong><br \/>\n\u2705 <strong>Bobinas de malha dupla de 0,9 \u03a9<\/strong>\u2014produ\u00e7\u00e3o de vapor aprimorada, sabor mais rico.<\/p>\n<p>\u2753 <strong>Quais dosagens de nicotina s\u00e3o oferecidas?<\/strong><br \/>\n\u2705 <strong>2 %<\/strong> suave ou <strong class=\"\">5 %<\/strong> forte \u2013 escolha na finaliza\u00e7\u00e3o da compra.<\/p>\n<p>\u2753 <strong>Como monitoro o status?<\/strong><br \/>\n\u2705 <strong>Visor LED<\/strong> mostra <strong>bateria %<\/strong> e <strong>informa\u00e7\u00f5es de uso<\/strong> de relance.<\/p>\n<p>\u2753 <strong>M\u00e9todos de envio e tempo?<\/strong><br \/>\n\u2705 <strong>UPS\/DHL\/FEDEX\/DPD<\/strong>-<strong class=\"\">7 a 15 dias \u00fateis<\/strong> (at\u00e9 20 em feriados\/mau tempo).<\/p>\n<p>\u2753 <strong>Passar\u00e1 pela alf\u00e2ndega?<\/strong><br \/>\n\u2705 <strong>100 garantia de desembara\u00e7o aduaneiro %<\/strong>\u2014sem impostos, sem taxas, n\u00f3s cuidamos da papelada.<\/p>\n<p>\u2753 <strong>O pagamento \u00e9 seguro?<\/strong><br \/>\n\u2705 <strong>PayPal suportado<\/strong> com <strong>prote\u00e7\u00e3o ao comprador<\/strong>-verificar <strong>Avalia\u00e7\u00f5es do TrustPilot<\/strong> para verifica\u00e7\u00e3o.<\/p>\n<p>&nbsp;<\/p>\n<h3 id=\"brxe-najhln\" class=\"brxe-heading\">Perguntas frequentes (FAQ)<\/h3>\n<div id=\"brxe-rajiac\" class=\"brxe-text\">\n<p><strong>P: Quais m\u00e9todos de pagamento voc\u00ea aceita?<\/strong><br \/>\nR: Aceitamos PayPal, Stripe, transfer\u00eancias banc\u00e1rias (com suporte SEPA), os principais cart\u00f5es de cr\u00e9dito (Visa, MasterCard, American Express) e pagamentos em criptomoedas.<\/p>\n<p><strong>P: Quanto tempo leva a prepara\u00e7\u00e3o do pedido?<\/strong><br \/>\nR: A prepara\u00e7\u00e3o do pedido leva de 1 a 3 dias \u00fateis.<\/p>\n<p><strong>P: Qual \u00e9 o tempo de envio?<\/strong><br \/>\nR: O tempo de envio \u00e9 de 7 a 14 dias \u00fateis, dependendo da sua localiza\u00e7\u00e3o. As mercadorias enviadas de armaz\u00e9ns europeus normalmente levam de 3 a 6 dias \u00fateis para serem entregues.<\/p>\n<p><strong>P: Como posso rastrear meu pedido?<\/strong><br \/>\nR: Ap\u00f3s o envio, voc\u00ea receber\u00e1 um e-mail de confirma\u00e7\u00e3o com um n\u00famero de rastreamento para rastreamento em tempo real.<\/p>\n<p><strong>P: Qual \u00e9 a sua pol\u00edtica de devolu\u00e7\u00e3o?<\/strong><br \/>\nR: Oferecemos uma pol\u00edtica de devolu\u00e7\u00e3o de 30 dias para reembolsos ou trocas. .<\/p>\n<p><strong>P: Haver\u00e1 algum problema alfandeg\u00e1rio?<br \/>\n<\/strong>Lidamos com todos os procedimentos de desembara\u00e7o aduaneiro para garantir uma experi\u00eancia descomplicada para voc\u00ea. .<\/p>\n<p><strong>P: Quais m\u00e9todos de envio s\u00e3o usados?<\/strong><br \/>\nCooperamos com UPS\/DHL\/FEDEX\/DPD, etc. Escolheremos a op\u00e7\u00e3o de envio apropriada dependendo do pa\u00eds de entrega para garantir que voc\u00ea receba seus produtos o mais r\u00e1pido poss\u00edvel.<\/p>\n<p><a href=\"https:\/\/pgvape.com\/pt\/perguntas-frequentes\/\">Clique aqui para mais perguntas frequentes<\/a><\/p>\n<p>Prezados clientes, Se voc\u00ea tiver alguma d\u00favida sobre seu pedido ou a chegada de mercadorias, entre em contato com nosso atendimento ao cliente. Obrigado!<\/p>\n<h3 data-sourcepos=\"73:1-73:21\"><strong data-sourcepos=\"73:7-73:21\">Contate-nos<\/strong><\/h3>\n<div id=\"text-2419739398\" class=\"text\">\n<p><strong data-sourcepos=\"75:3-75:12\">E-mail<\/strong>:\u00a0<a href=\"mailto:support@pgvape.com\"><strong>support@pgvape.com<\/strong><\/a><\/p>\n<p><strong data-sourcepos=\"76:3-76:15\">WhatsApp<\/strong>:\u00a0<a href=\"https:\/\/wa.me\/+8618128481258\"><strong>+86 18128481258<\/strong><\/a><br \/>\n<strong>(Resposta em at\u00e9 24 horas em dias \u00fateis)<\/strong><\/p>\n<\/div>\n<h3><strong>Obrigado por escolher pgvape.com! .<\/strong><\/h3>\n<\/div>","protected":false},"excerpt":{"rendered":"<p><strong data-sourcepos=\"64:1-64:188\">\u201cUOR TWINS 80K: O melhor descart\u00e1vel de sabor duplo com 80.000 baforadas, tecnologia de interruptor deslizante e display LED inteligente. Perfeito para varejistas que buscam produtos inovadores e de alta margem.\u201d<\/strong><\/p>","protected":false},"featured_media":9075,"comment_status":"open","ping_status":"closed","template":"","meta":{"_seopress_robots_primary_cat":"none","_seopress_titles_title":"","_seopress_titles_desc":"","_seopress_robots_index":""},"product_brand":[516,345],"product_cat":[41,515,344],"product_tag":[581,465,90,490,580],"class_list":{"0":"post-9072","1":"product","2":"type-product","3":"status-publish","4":"has-post-thumbnail","6":"product_brand-disposable-vape","7":"product_brand-uor-vape","8":"product_cat-80k-puffs-vape","9":"product_cat-disposable-vape","10":"product_cat-uor-vape","11":"product_tag-2in1-flavor","12":"product_tag-80k-puffs-vape","13":"product_tag-disposable-vape","14":"product_tag-minimum-2-pieces","15":"product_tag-uor-twins-80k","17":"first","18":"instock","19":"sale","20":"shipping-taxable","21":"purchasable","22":"product-type-variable"},"_links":{"self":[{"href":"https:\/\/pgvape.com\/pt\/wp-json\/wp\/v2\/product\/9072","targetHints":{"allow":["GET"]}}],"collection":[{"href":"https:\/\/pgvape.com\/pt\/wp-json\/wp\/v2\/product"}],"about":[{"href":"https:\/\/pgvape.com\/pt\/wp-json\/wp\/v2\/types\/product"}],"replies":[{"embeddable":true,"href":"https:\/\/pgvape.com\/pt\/wp-json\/wp\/v2\/comments?post=9072"}],"wp:featuredmedia":[{"embeddable":true,"href":"https:\/\/pgvape.com\/pt\/wp-json\/wp\/v2\/media\/9075"}],"wp:attachment":[{"href":"https:\/\/pgvape.com\/pt\/wp-json\/wp\/v2\/media?parent=9072"}],"wp:term":[{"taxonomy":"product_brand","embeddable":true,"href":"https:\/\/pgvape.com\/pt\/wp-json\/wp\/v2\/product_brand?post=9072"},{"taxonomy":"product_cat","embeddable":true,"href":"https:\/\/pgvape.com\/pt\/wp-json\/wp\/v2\/product_cat?post=9072"},{"taxonomy":"product_tag","embeddable":true,"href":"https:\/\/pgvape.com\/pt\/wp-json\/wp\/v2\/product_tag?post=9072"}],"curies":[{"name":"wp","href":"https:\/\/api.w.org\/{rel}","templated":true}]}}